{"id":1849,"date":"2025-06-26T18:08:03","date_gmt":"2025-06-26T16:08:03","guid":{"rendered":"https:\/\/lezamaasesores.com\/traduxpress\/?page_id=1849"},"modified":"2025-08-20T18:02:40","modified_gmt":"2025-08-20T16:02:40","slug":"nacionalidad-espanola","status":"publish","type":"page","link":"https:\/\/lezamaasesores.com\/traduxpress\/nacionalidad-espanola\/","title":{"rendered":"Nacionalidad Espa\u00f1ola"},"content":{"rendered":"\t\t<div data-elementor-type=\"wp-page\" data-elementor-id=\"1849\" class=\"elementor elementor-1849\" data-elementor-post-type=\"page\">\n\t\t\t\t<div class=\"elementor-element elementor-element-8e29908 e-flex e-con-boxed e-con e-parent\" data-id=\"8e29908\" data-element_type=\"container\">\n\t\t\t\t\t<div class=\"e-con-inner\">\n\t\t<div class=\"elementor-element elementor-element-204d789 e-con-full e-flex e-con e-child\" data-id=\"204d789\" data-element_type=\"container\" data-settings=\"{&quot;background_background&quot;:&quot;classic&quot;}\">\n\t\t\t\t<div class=\"elementor-element elementor-element-cc159bb elementor-widget elementor-widget-text-editor\" data-id=\"cc159bb\" data-element_type=\"widget\" data-widget_type=\"text-editor.default\">\n\t\t\t\t<div class=\"elementor-widget-container\">\n\t\t\t\t\t\t\t\t\t<p>\u00a1 Hazte ciudadano Espa\u00f1ol!<\/p>\t\t\t\t\t\t\t\t<\/div>\n\t\t\t\t<\/div>\n\t\t\t\t<div class=\"elementor-element elementor-element-e800d78 elementor-widget__width-initial elementor-widget elementor-widget-text-editor\" data-id=\"e800d78\" data-element_type=\"widget\" data-widget_type=\"text-editor.default\">\n\t\t\t\t<div class=\"elementor-widget-container\">\n\t\t\t\t\t\t\t\t\t<p>\u00bfQuieres establecerte definitivamente es Espa\u00f1a, y disfrutar de todos los derechos como cualquier otro ciudadano?<\/p><p>Existen varias formas para obtener la nacionalidad espa\u00f1ola, y en TraduXpress te ayudamos a elegir la adecuada para ti.<\/p>\t\t\t\t\t\t\t\t<\/div>\n\t\t\t\t<\/div>\n\t\t\t\t<div class=\"elementor-element elementor-element-f4a13e8 elementor-widget elementor-widget-text-editor\" data-id=\"f4a13e8\" data-element_type=\"widget\" data-widget_type=\"text-editor.default\">\n\t\t\t\t<div class=\"elementor-widget-container\">\n\t\t\t\t\t\t\t\t\t<p>Modalidades principales<\/p>\t\t\t\t\t\t\t\t<\/div>\n\t\t\t\t<\/div>\n\t\t\t\t<div class=\"elementor-element elementor-element-d16ac39 elementor-icon-list--layout-traditional elementor-list-item-link-full_width elementor-widget elementor-widget-icon-list\" data-id=\"d16ac39\" data-element_type=\"widget\" data-widget_type=\"icon-list.default\">\n\t\t\t\t<div class=\"elementor-widget-container\">\n\t\t\t\t\t\t\t<ul class=\"elementor-icon-list-items\">\n\t\t\t\t\t\t\t<li class=\"elementor-icon-list-item\">\n\t\t\t\t\t\t\t\t\t\t\t<span class=\"elementor-icon-list-icon\">\n\t\t\t\t\t\t\t<svg aria-hidden=\"true\" class=\"e-font-icon-svg e-fas-greater-than\" viewBox=\"0 0 384 512\" xmlns=\"http:\/\/www.w3.org\/2000\/svg\"><path d=\"M365.52 209.85L59.22 67.01c-16.06-7.49-35.15-.54-42.64 15.52L3.01 111.61c-7.49 16.06-.54 35.15 15.52 42.64L236.96 256.1 18.49 357.99C2.47 365.46-4.46 384.5 3.01 400.52l13.52 29C24 445.54 43.04 452.47 59.06 445l306.47-142.91a32.003 32.003 0 0 0 18.48-29v-34.23c-.01-12.45-7.21-23.76-18.49-29.01z\"><\/path><\/svg>\t\t\t\t\t\t<\/span>\n\t\t\t\t\t\t\t\t\t\t<span class=\"elementor-icon-list-text\">Por residencia: Desde 1 hasta 10 a\u00f1os seg\u00fan tu caso<\/span>\n\t\t\t\t\t\t\t\t\t<\/li>\n\t\t\t\t\t\t\t\t<li class=\"elementor-icon-list-item\">\n\t\t\t\t\t\t\t\t\t\t\t<span class=\"elementor-icon-list-icon\">\n\t\t\t\t\t\t\t<svg aria-hidden=\"true\" class=\"e-font-icon-svg e-fas-greater-than\" viewBox=\"0 0 384 512\" xmlns=\"http:\/\/www.w3.org\/2000\/svg\"><path d=\"M365.52 209.85L59.22 67.01c-16.06-7.49-35.15-.54-42.64 15.52L3.01 111.61c-7.49 16.06-.54 35.15 15.52 42.64L236.96 256.1 18.49 357.99C2.47 365.46-4.46 384.5 3.01 400.52l13.52 29C24 445.54 43.04 452.47 59.06 445l306.47-142.91a32.003 32.003 0 0 0 18.48-29v-34.23c-.01-12.45-7.21-23.76-18.49-29.01z\"><\/path><\/svg>\t\t\t\t\t\t<\/span>\n\t\t\t\t\t\t\t\t\t\t<span class=\"elementor-icon-list-text\">Por opci\u00f3n: Si tienes v\u00ednculos familiares con espa\u00f1oles<\/span>\n\t\t\t\t\t\t\t\t\t<\/li>\n\t\t\t\t\t\t\t\t<li class=\"elementor-icon-list-item\">\n\t\t\t\t\t\t\t\t\t\t\t<span class=\"elementor-icon-list-icon\">\n\t\t\t\t\t\t\t<svg aria-hidden=\"true\" class=\"e-font-icon-svg e-fas-greater-than\" viewBox=\"0 0 384 512\" xmlns=\"http:\/\/www.w3.org\/2000\/svg\"><path d=\"M365.52 209.85L59.22 67.01c-16.06-7.49-35.15-.54-42.64 15.52L3.01 111.61c-7.49 16.06-.54 35.15 15.52 42.64L236.96 256.1 18.49 357.99C2.47 365.46-4.46 384.5 3.01 400.52l13.52 29C24 445.54 43.04 452.47 59.06 445l306.47-142.91a32.003 32.003 0 0 0 18.48-29v-34.23c-.01-12.45-7.21-23.76-18.49-29.01z\"><\/path><\/svg>\t\t\t\t\t\t<\/span>\n\t\t\t\t\t\t\t\t\t\t<span class=\"elementor-icon-list-text\">Por carta de naturaleza: Via excepcional otorgada por el gobierno.<\/span>\n\t\t\t\t\t\t\t\t\t<\/li>\n\t\t\t\t\t\t\t\t<li class=\"elementor-icon-list-item\">\n\t\t\t\t\t\t\t\t\t\t\t<span class=\"elementor-icon-list-icon\">\n\t\t\t\t\t\t\t<svg aria-hidden=\"true\" class=\"e-font-icon-svg e-fas-greater-than\" viewBox=\"0 0 384 512\" xmlns=\"http:\/\/www.w3.org\/2000\/svg\"><path d=\"M365.52 209.85L59.22 67.01c-16.06-7.49-35.15-.54-42.64 15.52L3.01 111.61c-7.49 16.06-.54 35.15 15.52 42.64L236.96 256.1 18.49 357.99C2.47 365.46-4.46 384.5 3.01 400.52l13.52 29C24 445.54 43.04 452.47 59.06 445l306.47-142.91a32.003 32.003 0 0 0 18.48-29v-34.23c-.01-12.45-7.21-23.76-18.49-29.01z\"><\/path><\/svg>\t\t\t\t\t\t<\/span>\n\t\t\t\t\t\t\t\t\t\t<span class=\"elementor-icon-list-text\">Para espa\u00f1oles de origen: Hijos, nacidos o adoptados en Espa\u00f1a.<\/span>\n\t\t\t\t\t\t\t\t\t<\/li>\n\t\t\t\t\t\t\t\t<li class=\"elementor-icon-list-item\">\n\t\t\t\t\t\t\t\t\t\t\t<span class=\"elementor-icon-list-icon\">\n\t\t\t\t\t\t\t<svg aria-hidden=\"true\" class=\"e-font-icon-svg e-fas-greater-than\" viewBox=\"0 0 384 512\" xmlns=\"http:\/\/www.w3.org\/2000\/svg\"><path d=\"M365.52 209.85L59.22 67.01c-16.06-7.49-35.15-.54-42.64 15.52L3.01 111.61c-7.49 16.06-.54 35.15 15.52 42.64L236.96 256.1 18.49 357.99C2.47 365.46-4.46 384.5 3.01 400.52l13.52 29C24 445.54 43.04 452.47 59.06 445l306.47-142.91a32.003 32.003 0 0 0 18.48-29v-34.23c-.01-12.45-7.21-23.76-18.49-29.01z\"><\/path><\/svg>\t\t\t\t\t\t<\/span>\n\t\t\t\t\t\t\t\t\t\t<span class=\"elementor-icon-list-text\">Por posesi\u00f3n de estado: Tras 10 a\u00f1os actuando como espa\u00f1ol\/la de buena fe<\/span>\n\t\t\t\t\t\t\t\t\t<\/li>\n\t\t\t\t\t\t<\/ul>\n\t\t\t\t\t\t<\/div>\n\t\t\t\t<\/div>\n\t\t\t\t<div class=\"elementor-element elementor-element-10ec654 elementor-align-center elementor-widget elementor-widget-elementskit-button\" data-id=\"10ec654\" data-element_type=\"widget\" data-widget_type=\"elementskit-button.default\">\n\t\t\t\t<div class=\"elementor-widget-container\">\n\t\t\t\t\t<div class=\"ekit-wid-con\" >\t\t<div class=\"ekit-btn-wraper\">\n\t\t\t\t\t\t\t<a href=\"https:\/\/lezamaasesores.com\/traduxpress\/contacto\/\" class=\"elementskit-btn  whitespace--normal\" id=\"\">\n\t\t\t\t\tSolicitar presupuesto\t\t\t\t<\/a>\n\t\t\t\t\t<\/div>\n        <\/div>\t\t\t\t<\/div>\n\t\t\t\t<\/div>\n\t\t\t\t<\/div>\n\t\t<div class=\"elementor-element elementor-element-d6a6238 e-con-full elementor-hidden-tablet e-flex e-con e-child\" data-id=\"d6a6238\" data-element_type=\"container\" data-settings=\"{&quot;background_background&quot;:&quot;classic&quot;}\">\n\t\t\t\t<\/div>\n\t\t\t\t\t<\/div>\n\t\t\t\t<\/div>\n\t\t<div class=\"elementor-element elementor-element-e6eef42 e-flex e-con-boxed e-con e-parent\" data-id=\"e6eef42\" data-element_type=\"container\">\n\t\t\t\t\t<div class=\"e-con-inner\">\n\t\t<div class=\"elementor-element elementor-element-310c777 e-con-full e-flex e-con e-child\" data-id=\"310c777\" data-element_type=\"container\">\n\t\t<div class=\"elementor-element elementor-element-65626d6 e-con-full e-flex e-con e-child\" data-id=\"65626d6\" data-element_type=\"container\">\n\t\t\t\t<div class=\"elementor-element elementor-element-df72ff6 elementor-widget elementor-widget-text-editor\" data-id=\"df72ff6\" data-element_type=\"widget\" data-widget_type=\"text-editor.default\">\n\t\t\t\t<div class=\"elementor-widget-container\">\n\t\t\t\t\t\t\t\t\t<p>Todo en el mismo lugar<\/p>\t\t\t\t\t\t\t\t<\/div>\n\t\t\t\t<\/div>\n\t\t\t\t<div class=\"elementor-element elementor-element-0e3266b elementor-widget__width-inherit elementor-widget elementor-widget-text-editor\" data-id=\"0e3266b\" data-element_type=\"widget\" data-widget_type=\"text-editor.default\">\n\t\t\t\t<div class=\"elementor-widget-container\">\n\t\t\t\t\t\t\t\t\t<p>\u00bfQue ofrecemos?<\/p>\t\t\t\t\t\t\t\t<\/div>\n\t\t\t\t<\/div>\n\t\t\t\t<\/div>\n\t\t<div class=\"elementor-element elementor-element-26b76be e-con-full e-flex e-con e-child\" data-id=\"26b76be\" data-element_type=\"container\">\n\t\t<div class=\"elementor-element elementor-element-3445059 e-con-full e-flex e-con e-child\" data-id=\"3445059\" data-element_type=\"container\">\n\t\t<div class=\"elementor-element elementor-element-7b03f0d e-con-full e-flex e-con e-child\" data-id=\"7b03f0d\" data-element_type=\"container\">\n\t\t\t\t<div class=\"elementor-element elementor-element-83ddeb9 elementor-widget elementor-widget-image\" data-id=\"83ddeb9\" data-element_type=\"widget\" data-widget_type=\"image.default\">\n\t\t\t\t<div class=\"elementor-widget-container\">\n\t\t\t\t\t\t\t\t\t\t\t\t\t\t\t<img fetchpriority=\"high\" decoding=\"async\" width=\"512\" height=\"512\" src=\"https:\/\/lezamaasesores.com\/traduxpress\/wp-content\/uploads\/2025\/07\/consejo-legal.svg\" class=\"attachment-full size-full wp-image-3057\" alt=\"\" \/>\t\t\t\t\t\t\t\t\t\t\t\t\t\t\t<\/div>\n\t\t\t\t<\/div>\n\t\t\t\t<\/div>\n\t\t<div class=\"elementor-element elementor-element-3e58758 e-con-full e-flex e-con e-child\" data-id=\"3e58758\" data-element_type=\"container\">\n\t\t\t\t<div class=\"elementor-element elementor-element-524793d elementor-widget elementor-widget-text-editor\" data-id=\"524793d\" data-element_type=\"widget\" data-widget_type=\"text-editor.default\">\n\t\t\t\t<div class=\"elementor-widget-container\">\n\t\t\t\t\t\t\t\t\t<p>Asesoramiento experto<\/p>\t\t\t\t\t\t\t\t<\/div>\n\t\t\t\t<\/div>\n\t\t\t\t<div class=\"elementor-element elementor-element-8c5df1c elementor-widget elementor-widget-text-editor\" data-id=\"8c5df1c\" data-element_type=\"widget\" data-widget_type=\"text-editor.default\">\n\t\t\t\t<div class=\"elementor-widget-container\">\n\t\t\t\t\t\t\t\t\t<p>Te explicamos plazos, requisitos y posibles atajos para que evites errores y retrasos.<\/p>\t\t\t\t\t\t\t\t<\/div>\n\t\t\t\t<\/div>\n\t\t\t\t<\/div>\n\t\t\t\t<\/div>\n\t\t<div class=\"elementor-element elementor-element-3f640dc e-con-full e-flex e-con e-child\" data-id=\"3f640dc\" data-element_type=\"container\">\n\t\t<div class=\"elementor-element elementor-element-3492a10 e-con-full e-flex e-con e-child\" data-id=\"3492a10\" data-element_type=\"container\">\n\t\t\t\t<div class=\"elementor-element elementor-element-cb4d378 elementor-widget elementor-widget-image\" data-id=\"cb4d378\" data-element_type=\"widget\" data-widget_type=\"image.default\">\n\t\t\t\t<div class=\"elementor-widget-container\">\n\t\t\t\t\t\t\t\t\t\t\t\t\t\t\t<img decoding=\"async\" width=\"512\" height=\"512\" src=\"https:\/\/lezamaasesores.com\/traduxpress\/wp-content\/uploads\/2025\/07\/expediente.svg\" class=\"attachment-full size-full wp-image-3056\" alt=\"\" \/>\t\t\t\t\t\t\t\t\t\t\t\t\t\t\t<\/div>\n\t\t\t\t<\/div>\n\t\t\t\t<\/div>\n\t\t<div class=\"elementor-element elementor-element-5cd5814 e-con-full e-flex e-con e-child\" data-id=\"5cd5814\" data-element_type=\"container\">\n\t\t\t\t<div class=\"elementor-element elementor-element-df327c9 elementor-widget elementor-widget-text-editor\" data-id=\"df327c9\" data-element_type=\"widget\" data-widget_type=\"text-editor.default\">\n\t\t\t\t<div class=\"elementor-widget-container\">\n\t\t\t\t\t\t\t\t\t<p>Gesti\u00f3n integral de tu expediente<\/p>\t\t\t\t\t\t\t\t<\/div>\n\t\t\t\t<\/div>\n\t\t\t\t<div class=\"elementor-element elementor-element-e5045ec elementor-widget elementor-widget-text-editor\" data-id=\"e5045ec\" data-element_type=\"widget\" data-widget_type=\"text-editor.default\">\n\t\t\t\t<div class=\"elementor-widget-container\">\n\t\t\t\t\t\t\t\t\t<p>Nos encargamos de reunir certificados, tasas y traducciones, presentamos la solicitud telem\u00e1tica y realizamos el seguimiento continuo hasta la resoluci\u00f3n.<\/p>\t\t\t\t\t\t\t\t<\/div>\n\t\t\t\t<\/div>\n\t\t\t\t<\/div>\n\t\t\t\t<\/div>\n\t\t<div class=\"elementor-element elementor-element-19f5484 e-con-full e-flex e-con e-child\" data-id=\"19f5484\" data-element_type=\"container\">\n\t\t<div class=\"elementor-element elementor-element-6022693 e-con-full e-flex e-con e-child\" data-id=\"6022693\" data-element_type=\"container\">\n\t\t\t\t<div class=\"elementor-element elementor-element-e27a453 elementor-widget elementor-widget-image\" data-id=\"e27a453\" data-element_type=\"widget\" data-widget_type=\"image.default\">\n\t\t\t\t<div class=\"elementor-widget-container\">\n\t\t\t\t\t\t\t\t\t\t\t\t\t\t\t<img decoding=\"async\" width=\"512\" height=\"512\" src=\"https:\/\/lezamaasesores.com\/traduxpress\/wp-content\/uploads\/2025\/07\/analisis.svg\" class=\"attachment-full size-full wp-image-3055\" alt=\"\" \/>\t\t\t\t\t\t\t\t\t\t\t\t\t\t\t<\/div>\n\t\t\t\t<\/div>\n\t\t\t\t<\/div>\n\t\t<div class=\"elementor-element elementor-element-ad7b7a5 e-con-full e-flex e-con e-child\" data-id=\"ad7b7a5\" data-element_type=\"container\">\n\t\t\t\t<div class=\"elementor-element elementor-element-2d3108c elementor-widget elementor-widget-text-editor\" data-id=\"2d3108c\" data-element_type=\"widget\" data-widget_type=\"text-editor.default\">\n\t\t\t\t<div class=\"elementor-widget-container\">\n\t\t\t\t\t\t\t\t\t<p>Revisi\u00f3n de documentos<\/p>\t\t\t\t\t\t\t\t<\/div>\n\t\t\t\t<\/div>\n\t\t\t\t<div class=\"elementor-element elementor-element-790939f elementor-widget elementor-widget-text-editor\" data-id=\"790939f\" data-element_type=\"widget\" data-widget_type=\"text-editor.default\">\n\t\t\t\t<div class=\"elementor-widget-container\">\n\t\t\t\t\t\t\t\t\t<p>Verificamos que cada partida, certificado o antecedente est\u00e9 vigente, sin errores y con los apostillados o legalizaciones correctos, para que tu expediente sea aceptado a la primera.<\/p>\t\t\t\t\t\t\t\t<\/div>\n\t\t\t\t<\/div>\n\t\t\t\t<\/div>\n\t\t\t\t<\/div>\n\t\t\t\t<\/div>\n\t\t\t\t<\/div>\n\t\t\t\t\t<\/div>\n\t\t\t\t<\/div>\n\t\t<div class=\"elementor-element elementor-element-ca99558 elementor-hidden-tablet elementor-hidden-mobile e-flex e-con-boxed e-con e-parent\" data-id=\"ca99558\" data-element_type=\"container\">\n\t\t\t\t\t<div class=\"e-con-inner\">\n\t\t<div class=\"elementor-element elementor-element-a57c333 e-con-full e-flex e-con e-child\" data-id=\"a57c333\" data-element_type=\"container\" data-settings=\"{&quot;background_background&quot;:&quot;classic&quot;}\">\n\t\t\t\t<div class=\"elementor-element elementor-element-8644b4a elementor-widget elementor-widget-image\" data-id=\"8644b4a\" data-element_type=\"widget\" data-widget_type=\"image.default\">\n\t\t\t\t<div class=\"elementor-widget-container\">\n\t\t\t\t\t\t\t\t\t\t\t\t\t\t\t<img loading=\"lazy\" decoding=\"async\" width=\"400\" height=\"400\" src=\"https:\/\/lezamaasesores.com\/traduxpress\/wp-content\/uploads\/2025\/08\/chica.png\" class=\"attachment-full size-full wp-image-3466\" alt=\"\" srcset=\"https:\/\/lezamaasesores.com\/traduxpress\/wp-content\/uploads\/2025\/08\/chica.png 400w, https:\/\/lezamaasesores.com\/traduxpress\/wp-content\/uploads\/2025\/08\/chica-300x300.png 300w, https:\/\/lezamaasesores.com\/traduxpress\/wp-content\/uploads\/2025\/08\/chica-150x150.png 150w\" sizes=\"(max-width: 400px) 100vw, 400px\" \/>\t\t\t\t\t\t\t\t\t\t\t\t\t\t\t<\/div>\n\t\t\t\t<\/div>\n\t\t\t\t<\/div>\n\t\t<div class=\"elementor-element elementor-element-e51db41 e-con-full e-flex e-con e-child\" data-id=\"e51db41\" data-element_type=\"container\" data-settings=\"{&quot;background_background&quot;:&quot;classic&quot;}\">\n\t\t\t\t<div class=\"elementor-element elementor-element-4d3445c elementor-widget elementor-widget-image\" data-id=\"4d3445c\" data-element_type=\"widget\" data-widget_type=\"image.default\">\n\t\t\t\t<div class=\"elementor-widget-container\">\n\t\t\t\t\t\t\t\t\t\t\t\t\t\t\t<img loading=\"lazy\" decoding=\"async\" width=\"552\" height=\"141\" src=\"https:\/\/lezamaasesores.com\/traduxpress\/wp-content\/uploads\/2025\/06\/sello-oficial-traductores.webp\" class=\"attachment-full size-full wp-image-1819\" alt=\"\" srcset=\"https:\/\/lezamaasesores.com\/traduxpress\/wp-content\/uploads\/2025\/06\/sello-oficial-traductores.webp 552w, https:\/\/lezamaasesores.com\/traduxpress\/wp-content\/uploads\/2025\/06\/sello-oficial-traductores-300x77.webp 300w\" sizes=\"(max-width: 552px) 100vw, 552px\" \/>\t\t\t\t\t\t\t\t\t\t\t\t\t\t\t<\/div>\n\t\t\t\t<\/div>\n\t\t\t\t<div class=\"elementor-element elementor-element-8bd94e4 elementor-widget elementor-widget-text-editor\" data-id=\"8bd94e4\" data-element_type=\"widget\" data-widget_type=\"text-editor.default\">\n\t\t\t\t<div class=\"elementor-widget-container\">\n\t\t\t\t\t\t\t\t\t<p>Tu nacionalidad espa\u00f1ola est\u00e1 m\u00e1s cerca de lo que crees<\/p>\t\t\t\t\t\t\t\t<\/div>\n\t\t\t\t<\/div>\n\t\t\t\t<div class=\"elementor-element elementor-element-697ec95 elementor-widget elementor-widget-text-editor\" data-id=\"697ec95\" data-element_type=\"widget\" data-widget_type=\"text-editor.default\">\n\t\t\t\t<div class=\"elementor-widget-container\">\n\t\t\t\t\t\t\t\t\t<p>Vis\u00edtanos en Avenida Valencia 134 , Castell\u00f3n de la Plana<\/p><p>O solicita informaci\u00f3n\u00a0<\/p>\t\t\t\t\t\t\t\t<\/div>\n\t\t\t\t<\/div>\n\t\t\t\t<div class=\"elementor-element elementor-element-7a62b13 elementor-align-left elementor-widget elementor-widget-elementskit-button\" data-id=\"7a62b13\" data-element_type=\"widget\" data-widget_type=\"elementskit-button.default\">\n\t\t\t\t<div class=\"elementor-widget-container\">\n\t\t\t\t\t<div class=\"ekit-wid-con\" >\t\t<div class=\"ekit-btn-wraper\">\n\t\t\t\t\t\t\t<a href=\"https:\/\/lezamaasesores.com\/traduxpress\/prespuesto\/\" class=\"elementskit-btn  whitespace--normal\" id=\"\">\n\t\t\t\t\tSolicitar informaci\u00f3n\t\t\t\t<\/a>\n\t\t\t\t\t<\/div>\n        <\/div>\t\t\t\t<\/div>\n\t\t\t\t<\/div>\n\t\t\t\t<\/div>\n\t\t\t\t\t<\/div>\n\t\t\t\t<\/div>\n\t\t<div class=\"elementor-element elementor-element-4e71446 elementor-hidden-desktop e-flex e-con-boxed e-con e-parent\" data-id=\"4e71446\" data-element_type=\"container\">\n\t\t\t\t\t<div class=\"e-con-inner\">\n\t\t<div class=\"elementor-element elementor-element-878387c e-con-full e-flex e-con e-child\" data-id=\"878387c\" data-element_type=\"container\" data-settings=\"{&quot;background_background&quot;:&quot;classic&quot;}\">\n\t\t\t\t<div class=\"elementor-element elementor-element-33f977d elementor-widget elementor-widget-image\" data-id=\"33f977d\" data-element_type=\"widget\" data-widget_type=\"image.default\">\n\t\t\t\t<div class=\"elementor-widget-container\">\n\t\t\t\t\t\t\t\t\t\t\t\t\t\t\t<img loading=\"lazy\" decoding=\"async\" width=\"400\" height=\"400\" src=\"https:\/\/lezamaasesores.com\/traduxpress\/wp-content\/uploads\/2025\/08\/chica.png\" class=\"attachment-full size-full wp-image-3466\" alt=\"\" srcset=\"https:\/\/lezamaasesores.com\/traduxpress\/wp-content\/uploads\/2025\/08\/chica.png 400w, https:\/\/lezamaasesores.com\/traduxpress\/wp-content\/uploads\/2025\/08\/chica-300x300.png 300w, https:\/\/lezamaasesores.com\/traduxpress\/wp-content\/uploads\/2025\/08\/chica-150x150.png 150w\" sizes=\"(max-width: 400px) 100vw, 400px\" \/>\t\t\t\t\t\t\t\t\t\t\t\t\t\t\t<\/div>\n\t\t\t\t<\/div>\n\t\t\t\t<div class=\"elementor-element elementor-element-8497b94 elementor-widget elementor-widget-text-editor\" data-id=\"8497b94\" data-element_type=\"widget\" data-widget_type=\"text-editor.default\">\n\t\t\t\t<div class=\"elementor-widget-container\">\n\t\t\t\t\t\t\t\t\t<p>Tu nacionalidad espa\u00f1ola est\u00e1 m\u00e1s cerca de lo que crees<\/p>\t\t\t\t\t\t\t\t<\/div>\n\t\t\t\t<\/div>\n\t\t\t\t<div class=\"elementor-element elementor-element-6ad0219 elementor-widget elementor-widget-text-editor\" data-id=\"6ad0219\" data-element_type=\"widget\" data-widget_type=\"text-editor.default\">\n\t\t\t\t<div class=\"elementor-widget-container\">\n\t\t\t\t\t\t\t\t\t<p>Vis\u00edtanos en Avenida Valencia 134 , Castell\u00f3n de la Plana<\/p><p>O solicita informaci\u00f3n\u00a0<\/p>\t\t\t\t\t\t\t\t<\/div>\n\t\t\t\t<\/div>\n\t\t\t\t<div class=\"elementor-element elementor-element-47ee241 elementor-align-left elementor-align--mobilecenter elementor-align--tabletcenter elementor-widget elementor-widget-elementskit-button\" data-id=\"47ee241\" data-element_type=\"widget\" data-widget_type=\"elementskit-button.default\">\n\t\t\t\t<div class=\"elementor-widget-container\">\n\t\t\t\t\t<div class=\"ekit-wid-con\" >\t\t<div class=\"ekit-btn-wraper\">\n\t\t\t\t\t\t\t<a href=\"https:\/\/lezamaasesores.com\/traduxpress\/prespuesto\/\" class=\"elementskit-btn  whitespace--normal\" id=\"\">\n\t\t\t\t\tSolicitar informaci\u00f3n\t\t\t\t<\/a>\n\t\t\t\t\t<\/div>\n        <\/div>\t\t\t\t<\/div>\n\t\t\t\t<\/div>\n\t\t\t\t<\/div>\n\t\t\t\t\t<\/div>\n\t\t\t\t<\/div>\n\t\t\t\t<\/div>\n\t\t","protected":false},"excerpt":{"rendered":"<p>\u00a1 Hazte ciudadano Espa\u00f1ol! \u00bfQuieres establecerte definitivamente es Espa\u00f1a, y disfrutar de todos los derechos como cualquier otro ciudadano? Existen varias formas para obtener la nacionalidad espa\u00f1ola, y en TraduXpress te ayudamos a elegir la adecuada para ti. Modalidades principales Por residencia: Desde 1 hasta 10 a\u00f1os seg\u00fan tu caso Por opci\u00f3n: Si tienes v\u00ednculos [&hellip;]<\/p>\n","protected":false},"author":1,"featured_media":0,"parent":0,"menu_order":0,"comment_status":"closed","ping_status":"closed","template":"","meta":{"footnotes":""},"class_list":["post-1849","page","type-page","status-publish","hentry"],"_links":{"self":[{"href":"https:\/\/lezamaasesores.com\/traduxpress\/wp-json\/wp\/v2\/pages\/1849","targetHints":{"allow":["GET"]}}],"collection":[{"href":"https:\/\/lezamaasesores.com\/traduxpress\/wp-json\/wp\/v2\/pages"}],"about":[{"href":"https:\/\/lezamaasesores.com\/traduxpress\/wp-json\/wp\/v2\/types\/page"}],"author":[{"embeddable":true,"href":"https:\/\/lezamaasesores.com\/traduxpress\/wp-json\/wp\/v2\/users\/1"}],"replies":[{"embeddable":true,"href":"https:\/\/lezamaasesores.com\/traduxpress\/wp-json\/wp\/v2\/comments?post=1849"}],"version-history":[{"count":0,"href":"https:\/\/lezamaasesores.com\/traduxpress\/wp-json\/wp\/v2\/pages\/1849\/revisions"}],"wp:attachment":[{"href":"https:\/\/lezamaasesores.com\/traduxpress\/wp-json\/wp\/v2\/media?parent=1849"}],"curies":[{"name":"wp","href":"https:\/\/api.w.org\/{rel}","templated":true}]}}