{"id":448,"date":"2025-03-06T18:54:24","date_gmt":"2025-03-06T17:54:24","guid":{"rendered":"http:\/\/lezamaasesores.com\/grafitech\/?page_id=448"},"modified":"2025-09-19T16:11:37","modified_gmt":"2025-09-19T14:11:37","slug":"aviso-legal","status":"publish","type":"page","link":"https:\/\/lezamaasesores.com\/studiococina\/aviso-legal\/","title":{"rendered":"AVISO LEGAL"},"content":{"rendered":"\t\t<div data-elementor-type=\"wp-page\" data-elementor-id=\"448\" class=\"elementor elementor-448\" data-elementor-post-type=\"page\">\n\t\t\t\t<div class=\"elementor-element elementor-element-776f26d e-flex e-con-boxed e-con e-parent\" data-id=\"776f26d\" data-element_type=\"container\">\n\t\t\t\t\t<div class=\"e-con-inner\">\n\t\t\t\t<div class=\"elementor-element elementor-element-85fedc9 elementor-widget elementor-widget-text-editor\" data-id=\"85fedc9\" data-element_type=\"widget\" data-widget_type=\"text-editor.default\">\n\t\t\t\t<div class=\"elementor-widget-container\">\n\t\t\t\t\t\t\t\t\t<p><br \/><br \/><br \/><br \/><\/p><h1>AVISO LEGAL<\/h1><p><strong>Titular del sitio web:<\/strong><br \/>WWW.STUDIOCOCINA, C.B.\u00a0<\/p><p><strong>Responsable y denominaci\u00f3n social:<\/strong><br \/>WWW.STUDIOCOCINA, C.B.<\/p><p><strong>CIF:<\/strong> E12783429<\/p><p><strong>Domicilio:<\/strong><br \/>Avenida Casalduch, 47, 12005 Castell\u00f3n, Espa\u00f1a<\/p><p><strong>Tel\u00e9fono:<\/strong> (+34) 964 051 488<\/p><p><strong>Email:<\/strong> studiococinacastellon arroba gmail punto com<\/p><p><strong>Sitio web:<\/strong> studiococina punto com<\/p><h2>1. OBJETO Y ACEPTACI\u00d3N<\/h2><p>El presente Aviso Legal regula el acceso, navegaci\u00f3n y uso del sitio web titularidad de WWW.STUDIOCOCINA, C.B. El acceso y\/o uso del sitio implica la aceptaci\u00f3n \u00edntegra y sin reservas de todas las condiciones aqu\u00ed expuestas. Si el usuario no est\u00e1 de acuerdo con alguna de ellas, se recomienda abstenerse de utilizar el sitio.<\/p><h2>2. PROPIEDAD INTELECTUAL E INDUSTRIAL<\/h2><p>Todos los contenidos del sitio web, incluyendo, sin car\u00e1cter limitativo, textos, im\u00e1genes, gr\u00e1ficos, logotipos, iconos, dise\u00f1os, c\u00f3digos fuente, software y cualquier otro elemento susceptible de protecci\u00f3n, son propiedad exclusiva de WWW.STUDIOCOCINA, C.B. o de terceros que han autorizado su uso. Queda expresamente prohibida la reproducci\u00f3n, distribuci\u00f3n, modificaci\u00f3n, transformaci\u00f3n, publicaci\u00f3n o cualquier otro uso sin el consentimiento previo y por escrito de WWW.STUDIOCOCINA, C.B., salvo que la ley disponga lo contrario.<\/p><h2>3. EXENCI\u00d3N DE RESPONSABILIDAD<\/h2><p>WWW.STUDIOCOCINA, C.B. se compromete a realizar esfuerzos razonables para mantener la actualizaci\u00f3n y el correcto funcionamiento del sitio web, pero no garantiza la total ausencia de errores, interrupciones o imprecisiones en la informaci\u00f3n proporcionada. Por tanto, WWW.STUDIOCOCINA, C.B. no se hace responsable de los da\u00f1os o perjuicios que pudieran derivarse del uso o la imposibilidad de uso del sitio, ni de la exactitud, veracidad o integridad de los contenidos.<\/p><h2>4. MODIFICACIONES Y ACTUALIZACI\u00d3N<\/h2><p>WWW.STUDIOCOCINA, C.B. se reserva el derecho de modificar, actualizar o eliminar, parcial o totalmente, el contenido de este Aviso Legal en cualquier momento y sin previo aviso. Se recomienda a los usuarios revisar peri\u00f3dicamente este documento para estar al tanto de posibles cambios que afecten al uso del sitio web.<\/p><h2>5. LEGISLACI\u00d3N Y JURISDICCI\u00d3N APLICABLE<\/h2><p>El presente Aviso Legal se rige e interpreta de conformidad con la legislaci\u00f3n espa\u00f1ola. Para la resoluci\u00f3n de cualquier controversia o conflicto que pudiera derivarse del acceso o uso del sitio web, las partes se someten a los Juzgados y Tribunales de Castell\u00f3n, renunciando expresamente a cualquier otro fuero que pudiera corresponderles.<\/p><p>\u00a0<\/p>\t\t\t\t\t\t\t\t<\/div>\n\t\t\t\t<\/div>\n\t\t\t\t\t<\/div>\n\t\t\t\t<\/div>\n\t\t\t\t<\/div>\n\t\t","protected":false},"excerpt":{"rendered":"<p>AVISO LEGAL Titular del sitio web:WWW.STUDIOCOCINA, C.B.\u00a0 Responsable y denominaci\u00f3n social:WWW.STUDIOCOCINA, C.B. CIF: E12783429 Domicilio:Avenida Casalduch, 47, 12005 Castell\u00f3n, Espa\u00f1a Tel\u00e9fono: (+34) 964 051 488 Email: studiococinacastellon arroba gmail punto com Sitio web: studiococina punto com 1. OBJETO Y ACEPTACI\u00d3N El presente Aviso Legal regula el acceso, navegaci\u00f3n y uso del sitio web titularidad de [&hellip;]<\/p>\n","protected":false},"author":1,"featured_media":0,"parent":0,"menu_order":0,"comment_status":"closed","ping_status":"closed","template":"","meta":{"footnotes":""},"class_list":["post-448","page","type-page","status-publish","hentry"],"_links":{"self":[{"href":"https:\/\/lezamaasesores.com\/studiococina\/wp-json\/wp\/v2\/pages\/448","targetHints":{"allow":["GET"]}}],"collection":[{"href":"https:\/\/lezamaasesores.com\/studiococina\/wp-json\/wp\/v2\/pages"}],"about":[{"href":"https:\/\/lezamaasesores.com\/studiococina\/wp-json\/wp\/v2\/types\/page"}],"author":[{"embeddable":true,"href":"https:\/\/lezamaasesores.com\/studiococina\/wp-json\/wp\/v2\/users\/1"}],"replies":[{"embeddable":true,"href":"https:\/\/lezamaasesores.com\/studiococina\/wp-json\/wp\/v2\/comments?post=448"}],"version-history":[{"count":9,"href":"https:\/\/lezamaasesores.com\/studiococina\/wp-json\/wp\/v2\/pages\/448\/revisions"}],"predecessor-version":[{"id":4423,"href":"https:\/\/lezamaasesores.com\/studiococina\/wp-json\/wp\/v2\/pages\/448\/revisions\/4423"}],"wp:attachment":[{"href":"https:\/\/lezamaasesores.com\/studiococina\/wp-json\/wp\/v2\/media?parent=448"}],"curies":[{"name":"wp","href":"https:\/\/api.w.org\/{rel}","templated":true}]}}