{"id":4430,"date":"2025-09-19T16:16:48","date_gmt":"2025-09-19T14:16:48","guid":{"rendered":"https:\/\/lezamaasesores.com\/studiococina\/?page_id=4430"},"modified":"2025-09-19T16:21:59","modified_gmt":"2025-09-19T14:21:59","slug":"accesibilidad","status":"publish","type":"page","link":"https:\/\/lezamaasesores.com\/studiococina\/accesibilidad\/","title":{"rendered":"Accesibilidad"},"content":{"rendered":"\t\t<div data-elementor-type=\"wp-page\" data-elementor-id=\"4430\" class=\"elementor elementor-4430\" data-elementor-post-type=\"page\">\n\t\t\t\t<div class=\"elementor-element elementor-element-42123f6 e-flex e-con-boxed e-con e-parent\" data-id=\"42123f6\" data-element_type=\"container\">\n\t\t\t\t\t<div class=\"e-con-inner\">\n\t\t\t\t<div class=\"elementor-element elementor-element-3d04e82 elementor-widget elementor-widget-text-editor\" data-id=\"3d04e82\" data-element_type=\"widget\" data-widget_type=\"text-editor.default\">\n\t\t\t\t<div class=\"elementor-widget-container\">\n\t\t\t\t\t\t\t\t\t<h1>Declaraci\u00f3n de Accesibilidad<\/h1><p>La presente declaraci\u00f3n de accesibilidad se aplica al sitio web: studiococina.com<\/p><p>(Los subdominios de este sitio web tendr\u00e1n sus propias declaraciones de accesibilidad).<\/p><h2>Situaci\u00f3n de Cumplimiento<\/h2><p>Este sitio web es parcialmente conforme con el Real Decreto 1112\/2018, de 7 de septiembre, debido a la falta de conformidad en los aspectos que se indican a continuaci\u00f3n.<\/p><h2>Contenido No Accesible<\/h2><p>El contenido que se recoge a continuaci\u00f3n no es accesible por las siguientes razones:<\/p><h3>Falta de conformidad con el Real Decreto 1112\/2018, de 7 de septiembre<\/h3><p>Podr\u00edan existir fallos puntuales de edici\u00f3n en algunas p\u00e1ginas web, tanto en contenidos HTML como en documentos finales, publicados despu\u00e9s del 20 de septiembre de 2018. Concretamente, pueden darse errores en documentos que contengan gr\u00e1ficos, tablas complejas o est\u00e9n firmados electr\u00f3nicamente sin revisi\u00f3n posterior de accesibilidad.<\/p><h3>Carga desproporcionada<\/h3><p>No aplica.<\/p><h3>Contenido fuera del \u00e1mbito de la legislaci\u00f3n aplicable<\/h3><p>Existen archivos ofim\u00e1ticos en PDF u otros formatos publicados antes del 20 de septiembre de 2018 que no cumplen en su totalidad los requisitos de accesibilidad. Tambi\u00e9n puede haber contenidos elaborados por terceros que no est\u00e9n financiados ni desarrollados por WWW.STUDIOCOCINA, C.B. ni bajo su control.<\/p><h2>Preparaci\u00f3n de la Presente Declaraci\u00f3n de Accesibilidad<\/h2><p><strong>Fecha de preparaci\u00f3n:<\/strong> 10 de febrero de 2025<\/p><p><strong>M\u00e9todo empleado:<\/strong> Autoevaluaci\u00f3n realizada por el propio organismo<\/p><p><strong>\u00daltima revisi\u00f3n de la declaraci\u00f3n:<\/strong> 19 de junio de 2025<\/p><h2>Observaciones y Datos de Contacto<\/h2><p>Puede realizar comunicaciones sobre requisitos de accesibilidad (art. 10.2.a del Real Decreto 1112\/2018), tales como:<\/p><ul><li>Informar sobre posibles incumplimientos de accesibilidad.<\/li><li>Transmitir dificultades de acceso al contenido.<\/li><li>Formular sugerencias de mejora relacionadas con la accesibilidad del sitio web.<\/li><\/ul><p>Para ello, puede contactar con:<\/p><p><strong>Responsable:<\/strong> WWW.STUDIOCOCINA, C.B.<br \/><strong>CIF:<\/strong> E12783429<br \/><strong>Direcci\u00f3n:<\/strong> Avenida Casalduch, 47 \u2013 12005 Castell\u00f3n, Espa\u00f1a<br \/><strong>Tel\u00e9fono:<\/strong> (+34) 964 051 488<br \/><strong>Correo electr\u00f3nico:<\/strong> studiococinacastello@gmail.com<br \/><strong>P\u00e1gina web:<\/strong> studiococina.com<\/p><p>Asimismo, podr\u00e1 solicitar informaci\u00f3n en formato accesible si alguna versi\u00f3n publicada no cumple con los requisitos de accesibilidad o si desea formular una queja por incumplimiento. Todas las solicitudes deben dirigirse a WWW.STUDIOCOCINA, C.B., como unidad responsable de los contenidos de este sitio web.<\/p><p><br \/><br \/><\/p>\t\t\t\t\t\t\t\t<\/div>\n\t\t\t\t<\/div>\n\t\t\t\t\t<\/div>\n\t\t\t\t<\/div>\n\t\t\t\t<\/div>\n\t\t","protected":false},"excerpt":{"rendered":"<p>Declaraci\u00f3n de Accesibilidad La presente declaraci\u00f3n de accesibilidad se aplica al sitio web: studiococina.com (Los subdominios de este sitio web tendr\u00e1n sus propias declaraciones de accesibilidad). Situaci\u00f3n de Cumplimiento Este sitio web es parcialmente conforme con el Real Decreto 1112\/2018, de 7 de septiembre, debido a la falta de conformidad en los aspectos que se [&hellip;]<\/p>\n","protected":false},"author":1,"featured_media":0,"parent":0,"menu_order":0,"comment_status":"closed","ping_status":"closed","template":"","meta":{"footnotes":""},"class_list":["post-4430","page","type-page","status-publish","hentry"],"_links":{"self":[{"href":"https:\/\/lezamaasesores.com\/studiococina\/wp-json\/wp\/v2\/pages\/4430","targetHints":{"allow":["GET"]}}],"collection":[{"href":"https:\/\/lezamaasesores.com\/studiococina\/wp-json\/wp\/v2\/pages"}],"about":[{"href":"https:\/\/lezamaasesores.com\/studiococina\/wp-json\/wp\/v2\/types\/page"}],"author":[{"embeddable":true,"href":"https:\/\/lezamaasesores.com\/studiococina\/wp-json\/wp\/v2\/users\/1"}],"replies":[{"embeddable":true,"href":"https:\/\/lezamaasesores.com\/studiococina\/wp-json\/wp\/v2\/comments?post=4430"}],"version-history":[{"count":4,"href":"https:\/\/lezamaasesores.com\/studiococina\/wp-json\/wp\/v2\/pages\/4430\/revisions"}],"predecessor-version":[{"id":4435,"href":"https:\/\/lezamaasesores.com\/studiococina\/wp-json\/wp\/v2\/pages\/4430\/revisions\/4435"}],"wp:attachment":[{"href":"https:\/\/lezamaasesores.com\/studiococina\/wp-json\/wp\/v2\/media?parent=4430"}],"curies":[{"name":"wp","href":"https:\/\/api.w.org\/{rel}","templated":true}]}}