{"id":4053,"date":"2025-09-18T17:38:10","date_gmt":"2025-09-18T15:38:10","guid":{"rendered":"https:\/\/lezamaasesores.com\/studiococina\/?page_id=4053"},"modified":"2025-09-18T17:52:09","modified_gmt":"2025-09-18T15:52:09","slug":"quienes-somos-2","status":"publish","type":"page","link":"https:\/\/lezamaasesores.com\/studiococina\/quienes-somos-2\/","title":{"rendered":"Quienes somos"},"content":{"rendered":"\t\t<div data-elementor-type=\"wp-page\" data-elementor-id=\"4053\" class=\"elementor elementor-4053\" data-elementor-post-type=\"page\">\n\t\t\t\t<div class=\"elementor-element elementor-element-10b2ba56 e-flex e-con-boxed e-con e-parent\" data-id=\"10b2ba56\" data-element_type=\"container\">\n\t\t\t\t\t<div class=\"e-con-inner\">\n\t\t<div class=\"elementor-element elementor-element-26f3debb e-con-full e-flex e-con e-child\" data-id=\"26f3debb\" data-element_type=\"container\" data-settings=\"{&quot;background_background&quot;:&quot;slideshow&quot;,&quot;background_slideshow_gallery&quot;:[{&quot;id&quot;:1571,&quot;url&quot;:&quot;https:\\\/\\\/lezamaasesores.com\\\/studiococina\\\/wp-content\\\/uploads\\\/2025\\\/06\\\/1902-delta-dakota-11.jpg&quot;},{&quot;id&quot;:1730,&quot;url&quot;:&quot;https:\\\/\\\/lezamaasesores.com\\\/studiococina\\\/wp-content\\\/uploads\\\/2025\\\/07\\\/1902-delta-dakota-11.jpg&quot;},{&quot;id&quot;:1769,&quot;url&quot;:&quot;https:\\\/\\\/lezamaasesores.com\\\/studiococina\\\/wp-content\\\/uploads\\\/2025\\\/07\\\/2004-delta-vermont-07.jpg&quot;}],&quot;background_slideshow_loop&quot;:&quot;yes&quot;,&quot;background_slideshow_slide_duration&quot;:5000,&quot;background_slideshow_slide_transition&quot;:&quot;fade&quot;,&quot;background_slideshow_transition_duration&quot;:500}\">\n\t\t\t\t<\/div>\n\t\t<div class=\"elementor-element elementor-element-45a29191 e-con-full e-flex e-con e-child\" data-id=\"45a29191\" data-element_type=\"container\">\n\t\t<div class=\"elementor-element elementor-element-3fc54311 e-con-full e-flex e-con e-child\" data-id=\"3fc54311\" data-element_type=\"container\" data-settings=\"{&quot;background_background&quot;:&quot;classic&quot;}\">\n\t\t\t\t<div class=\"elementor-element elementor-element-55f694b5 elementor-widget elementor-widget-text-editor\" data-id=\"55f694b5\" data-element_type=\"widget\" data-widget_type=\"text-editor.default\">\n\t\t\t\t<div class=\"elementor-widget-container\">\n\t\t\t\t\t\t\t\t\t<p>Quienes somos<\/p>\t\t\t\t\t\t\t\t<\/div>\n\t\t\t\t<\/div>\n\t\t\t\t<div class=\"elementor-element elementor-element-578889ea elementor-widget elementor-widget-text-editor\" data-id=\"578889ea\" data-element_type=\"widget\" data-widget_type=\"text-editor.default\">\n\t\t\t\t<div class=\"elementor-widget-container\">\n\t\t\t\t\t\t\t\t\t<p data-start=\"170\" data-end=\"477\">En <strong data-start=\"173\" data-end=\"190\">STUDIO COCINA<\/strong> somos una empresa familiar fundada en 2008 en Castell\u00f3n. Con el paso del tiempo hemos evolucionado hasta convertirnos en un referente en <strong data-start=\"328\" data-end=\"384\">dise\u00f1o de cocinas y reformas integrales de viviendas<\/strong>, siempre con la misma filosof\u00eda que nos vio nacer: honestidad, profesionalismo y cercan\u00eda.<\/p><p data-start=\"479\" data-end=\"689\">La cocina, coraz\u00f3n del hogar, fue nuestro punto de partida. Desde ah\u00ed hemos crecido de forma natural hacia todos los espacios de la vivienda, ofreciendo proyectos que combinan funcionalidad, dise\u00f1o y calidad.<\/p>\t\t\t\t\t\t\t\t<\/div>\n\t\t\t\t<\/div>\n\t\t\t\t<\/div>\n\t\t\t\t<\/div>\n\t\t\t\t\t<\/div>\n\t\t\t\t<\/div>\n\t\t<div class=\"elementor-element elementor-element-5ec238ca e-flex e-con-boxed e-con e-parent\" data-id=\"5ec238ca\" data-element_type=\"container\">\n\t\t\t\t\t<div class=\"e-con-inner\">\n\t\t<div class=\"elementor-element elementor-element-7059f182 e-con-full e-flex e-con e-child\" data-id=\"7059f182\" data-element_type=\"container\">\n\t\t<div class=\"elementor-element elementor-element-516232ce e-con-full e-flex e-con e-child\" data-id=\"516232ce\" data-element_type=\"container\" data-settings=\"{&quot;background_background&quot;:&quot;classic&quot;}\">\n\t\t\t\t<div class=\"elementor-element elementor-element-45de9100 elementor-widget elementor-widget-text-editor\" data-id=\"45de9100\" data-element_type=\"widget\" data-widget_type=\"text-editor.default\">\n\t\t\t\t<div class=\"elementor-widget-container\">\n\t\t\t\t\t\t\t\t\t<p>Equipo multidisciplinar:<\/p>\t\t\t\t\t\t\t\t<\/div>\n\t\t\t\t<\/div>\n\t\t\t\t<div class=\"elementor-element elementor-element-4154e116 elementor-widget elementor-widget-text-editor\" data-id=\"4154e116\" data-element_type=\"widget\" data-widget_type=\"text-editor.default\">\n\t\t\t\t<div class=\"elementor-widget-container\">\n\t\t\t\t\t\t\t\t\t<p data-start=\"691\" data-end=\"1017\">Para lograrlo contamos con un <strong data-start=\"721\" data-end=\"748\">equipo multidisciplinar<\/strong> de profesionales en alba\u00f1iler\u00eda, fontaner\u00eda, electricidad, carpinter\u00eda y dise\u00f1o de interiores. Esta estructura nos permite gestionar cada proyecto de principio a fin, garantizando una ejecuci\u00f3n fluida, sin interrupciones y cumpliendo siempre los plazos establecidos.<\/p><p data-start=\"1019\" data-end=\"1285\">Nuestro compromiso es ofrecer <strong data-start=\"1049\" data-end=\"1096\">soluciones personalizadas y de alta calidad<\/strong>, con total transparencia y atenci\u00f3n al detalle. Por eso, quienes conf\u00edan en nosotros saben que est\u00e1n en manos de una opci\u00f3n segura y confiable para transformar su hogar con tranquilidad.<\/p>\t\t\t\t\t\t\t\t<\/div>\n\t\t\t\t<\/div>\n\t\t\t\t<\/div>\n\t\t\t\t<\/div>\n\t\t<div class=\"elementor-element elementor-element-3f4696f2 e-con-full e-flex e-con e-child\" data-id=\"3f4696f2\" data-element_type=\"container\" data-settings=\"{&quot;background_background&quot;:&quot;slideshow&quot;,&quot;background_slideshow_gallery&quot;:[{&quot;id&quot;:2537,&quot;url&quot;:&quot;https:\\\/\\\/lezamaasesores.com\\\/studiococina\\\/wp-content\\\/uploads\\\/2025\\\/09\\\/q2.jpg&quot;},{&quot;id&quot;:2212,&quot;url&quot;:&quot;https:\\\/\\\/lezamaasesores.com\\\/studiococina\\\/wp-content\\\/uploads\\\/2025\\\/07\\\/4.jpg&quot;},{&quot;id&quot;:2103,&quot;url&quot;:&quot;https:\\\/\\\/lezamaasesores.com\\\/studiococina\\\/wp-content\\\/uploads\\\/2025\\\/07\\\/1610-armario6-delta-03.jpg&quot;}],&quot;background_slideshow_loop&quot;:&quot;yes&quot;,&quot;background_slideshow_slide_duration&quot;:5000,&quot;background_slideshow_slide_transition&quot;:&quot;fade&quot;,&quot;background_slideshow_transition_duration&quot;:500}\">\n\t\t\t\t<\/div>\n\t\t\t\t\t<\/div>\n\t\t\t\t<\/div>\n\t\t<div class=\"elementor-element elementor-element-7024f7a e-flex e-con-boxed e-con e-parent\" data-id=\"7024f7a\" data-element_type=\"container\">\n\t\t\t\t\t<div class=\"e-con-inner\">\n\t\t<div class=\"elementor-element elementor-element-7e068f0 e-con-full e-flex e-con e-child\" data-id=\"7e068f0\" data-element_type=\"container\" data-settings=\"{&quot;background_background&quot;:&quot;slideshow&quot;,&quot;background_slideshow_gallery&quot;:[{&quot;id&quot;:1899,&quot;url&quot;:&quot;https:\\\/\\\/lezamaasesores.com\\\/studiococina\\\/wp-content\\\/uploads\\\/2025\\\/07\\\/cocina-lujo-isla-central-madera-natural-nogal-puerta-ondulada-vitrina-iluminada-2-edited-scaled-1.jpg&quot;},{&quot;id&quot;:1789,&quot;url&quot;:&quot;https:\\\/\\\/lezamaasesores.com\\\/studiococina\\\/wp-content\\\/uploads\\\/2025\\\/07\\\/2002-delta-atemporal-01.jpg&quot;},{&quot;id&quot;:1892,&quot;url&quot;:&quot;https:\\\/\\\/lezamaasesores.com\\\/studiococina\\\/wp-content\\\/uploads\\\/2025\\\/07\\\/cocina-lujo-madera-natural-nogal-encimera-acero-puerta-ondulada-vitrina-recorte-scaled-1.jpg&quot;},{&quot;id&quot;:1863,&quot;url&quot;:&quot;https:\\\/\\\/lezamaasesores.com\\\/studiococina\\\/wp-content\\\/uploads\\\/2025\\\/07\\\/detalle-isla-cocina-roble-palilleria-roble-1-scaled-1.jpg&quot;}],&quot;background_slideshow_loop&quot;:&quot;yes&quot;,&quot;background_slideshow_slide_duration&quot;:5000,&quot;background_slideshow_slide_transition&quot;:&quot;fade&quot;,&quot;background_slideshow_transition_duration&quot;:500}\">\n\t\t\t\t<\/div>\n\t\t<div class=\"elementor-element elementor-element-a2ca435 e-con-full e-flex e-con e-child\" data-id=\"a2ca435\" data-element_type=\"container\">\n\t\t<div class=\"elementor-element elementor-element-5468eb1 e-con-full e-flex e-con e-child\" data-id=\"5468eb1\" data-element_type=\"container\" data-settings=\"{&quot;background_background&quot;:&quot;classic&quot;}\">\n\t\t\t\t<div class=\"elementor-element elementor-element-a5d178a elementor-widget elementor-widget-text-editor\" data-id=\"a5d178a\" data-element_type=\"widget\" data-widget_type=\"text-editor.default\">\n\t\t\t\t<div class=\"elementor-widget-container\">\n\t\t\t\t\t\t\t\t\t<p>M\u00e1s que una empresa<\/p>\t\t\t\t\t\t\t\t<\/div>\n\t\t\t\t<\/div>\n\t\t\t\t<div class=\"elementor-element elementor-element-cdb0767 elementor-widget elementor-widget-text-editor\" data-id=\"cdb0767\" data-element_type=\"widget\" data-widget_type=\"text-editor.default\">\n\t\t\t\t<div class=\"elementor-widget-container\">\n\t\t\t\t\t\t\t\t\t<p data-start=\"170\" data-end=\"477\">Adem\u00e1s, <strong data-start=\"1295\" data-end=\"1364\">STUDIO COCINA es m\u00e1s que una empresa: es un espacio para imaginar<\/strong>.<\/p><p data-start=\"170\" data-end=\"477\"><strong>Nuestro showroom en Castell\u00f3n<\/strong> es un lugar donde podr\u00e1s tocar y sentir los materiales, explorar ideas, charlar con nuestro equipo y empezar a dar forma al proyecto de tus sue\u00f1os.<\/p>\t\t\t\t\t\t\t\t<\/div>\n\t\t\t\t<\/div>\n\t\t\t\t<\/div>\n\t\t\t\t<\/div>\n\t\t\t\t\t<\/div>\n\t\t\t\t<\/div>\n\t\t\t\t<\/div>\n\t\t","protected":false},"excerpt":{"rendered":"<p>Quienes somos En STUDIO COCINA somos una empresa familiar fundada en 2008 en Castell\u00f3n. Con el paso del tiempo hemos evolucionado hasta convertirnos en un referente en dise\u00f1o de cocinas y reformas integrales de viviendas, siempre con la misma filosof\u00eda que nos vio nacer: honestidad, profesionalismo y cercan\u00eda. La cocina, coraz\u00f3n del hogar, fue nuestro [&hellip;]<\/p>\n","protected":false},"author":1,"featured_media":0,"parent":0,"menu_order":0,"comment_status":"closed","ping_status":"closed","template":"","meta":{"footnotes":""},"class_list":["post-4053","page","type-page","status-publish","hentry"],"_links":{"self":[{"href":"https:\/\/lezamaasesores.com\/studiococina\/wp-json\/wp\/v2\/pages\/4053","targetHints":{"allow":["GET"]}}],"collection":[{"href":"https:\/\/lezamaasesores.com\/studiococina\/wp-json\/wp\/v2\/pages"}],"about":[{"href":"https:\/\/lezamaasesores.com\/studiococina\/wp-json\/wp\/v2\/types\/page"}],"author":[{"embeddable":true,"href":"https:\/\/lezamaasesores.com\/studiococina\/wp-json\/wp\/v2\/users\/1"}],"replies":[{"embeddable":true,"href":"https:\/\/lezamaasesores.com\/studiococina\/wp-json\/wp\/v2\/comments?post=4053"}],"version-history":[{"count":0,"href":"https:\/\/lezamaasesores.com\/studiococina\/wp-json\/wp\/v2\/pages\/4053\/revisions"}],"wp:attachment":[{"href":"https:\/\/lezamaasesores.com\/studiococina\/wp-json\/wp\/v2\/media?parent=4053"}],"curies":[{"name":"wp","href":"https:\/\/api.w.org\/{rel}","templated":true}]}}