{"id":2562,"date":"2025-09-12T18:32:24","date_gmt":"2025-09-12T16:32:24","guid":{"rendered":"https:\/\/lezamaasesores.com\/studiococina\/?page_id=2562"},"modified":"2025-10-01T21:09:52","modified_gmt":"2025-10-01T19:09:52","slug":"bano-roy","status":"publish","type":"page","link":"https:\/\/lezamaasesores.com\/studiococina\/bano-roy\/","title":{"rendered":"Ba\u00f1o Roy"},"content":{"rendered":"\t\t<div data-elementor-type=\"wp-page\" data-elementor-id=\"2562\" class=\"elementor elementor-2562\" data-elementor-post-type=\"page\">\n\t\t\t\t<div class=\"elementor-element elementor-element-34a6c0e9 e-flex e-con-boxed e-con e-parent\" data-id=\"34a6c0e9\" data-element_type=\"container\" data-settings=\"{&quot;background_background&quot;:&quot;classic&quot;}\">\n\t\t\t\t\t<div class=\"e-con-inner\">\n\t\t\t\t<div class=\"elementor-element elementor-element-25120b9c elementor-arrows-position-inside elementor-widget elementor-widget-image-carousel\" data-id=\"25120b9c\" data-element_type=\"widget\" data-settings=\"{&quot;slides_to_show&quot;:&quot;1&quot;,&quot;navigation&quot;:&quot;arrows&quot;,&quot;autoplay&quot;:&quot;yes&quot;,&quot;pause_on_hover&quot;:&quot;yes&quot;,&quot;pause_on_interaction&quot;:&quot;yes&quot;,&quot;autoplay_speed&quot;:5000,&quot;infinite&quot;:&quot;yes&quot;,&quot;effect&quot;:&quot;slide&quot;,&quot;speed&quot;:500}\" data-widget_type=\"image-carousel.default\">\n\t\t\t\t<div class=\"elementor-widget-container\">\n\t\t\t\t\t\t\t<div class=\"elementor-image-carousel-wrapper swiper\" role=\"region\" aria-roledescription=\"carousel\" aria-label=\"Carrusel de im\u00e1genes\" dir=\"ltr\">\n\t\t\t<div class=\"elementor-image-carousel swiper-wrapper\" aria-live=\"off\">\n\t\t\t\t\t\t\t\t<div class=\"swiper-slide\" role=\"group\" aria-roledescription=\"slide\" aria-label=\"1 de 3\"><figure class=\"swiper-slide-inner\"><img decoding=\"async\" class=\"swiper-slide-image\" src=\"https:\/\/lezamaasesores.com\/studiococina\/wp-content\/uploads\/2025\/09\/r1-1.jpg\" alt=\"r1\" \/><\/figure><\/div><div class=\"swiper-slide\" role=\"group\" aria-roledescription=\"slide\" aria-label=\"2 de 3\"><figure class=\"swiper-slide-inner\"><img decoding=\"async\" class=\"swiper-slide-image\" src=\"https:\/\/lezamaasesores.com\/studiococina\/wp-content\/uploads\/2025\/09\/r2-1.jpg\" alt=\"r2\" \/><\/figure><\/div><div class=\"swiper-slide\" role=\"group\" aria-roledescription=\"slide\" aria-label=\"3 de 3\"><figure class=\"swiper-slide-inner\"><img decoding=\"async\" class=\"swiper-slide-image\" src=\"https:\/\/lezamaasesores.com\/studiococina\/wp-content\/uploads\/2025\/09\/r3-1.jpg\" alt=\"r3\" \/><\/figure><\/div>\t\t\t<\/div>\n\t\t\t\t\t\t\t\t\t\t\t\t<div class=\"elementor-swiper-button elementor-swiper-button-prev\" role=\"button\" tabindex=\"0\">\n\t\t\t\t\t\t<svg aria-hidden=\"true\" class=\"e-font-icon-svg e-eicon-chevron-left\" viewBox=\"0 0 1000 1000\" xmlns=\"http:\/\/www.w3.org\/2000\/svg\"><path d=\"M646 125C629 125 613 133 604 142L308 442C296 454 292 471 292 487 292 504 296 521 308 533L604 854C617 867 629 875 646 875 663 875 679 871 692 858 704 846 713 829 713 812 713 796 708 779 692 767L438 487 692 225C700 217 708 204 708 187 708 171 704 154 692 142 675 129 663 125 646 125Z\"><\/path><\/svg>\t\t\t\t\t<\/div>\n\t\t\t\t\t<div class=\"elementor-swiper-button elementor-swiper-button-next\" role=\"button\" tabindex=\"0\">\n\t\t\t\t\t\t<svg aria-hidden=\"true\" class=\"e-font-icon-svg e-eicon-chevron-right\" viewBox=\"0 0 1000 1000\" xmlns=\"http:\/\/www.w3.org\/2000\/svg\"><path d=\"M696 533C708 521 713 504 713 487 713 471 708 454 696 446L400 146C388 133 375 125 354 125 338 125 325 129 313 142 300 154 292 171 292 187 292 204 296 221 308 233L563 492 304 771C292 783 288 800 288 817 288 833 296 850 308 863 321 871 338 875 354 875 371 875 388 867 400 854L696 533Z\"><\/path><\/svg>\t\t\t\t\t<\/div>\n\t\t\t\t\n\t\t\t\t\t\t\t\t\t<\/div>\n\t\t\t\t\t\t<\/div>\n\t\t\t\t<\/div>\n\t\t\t\t\t<\/div>\n\t\t\t\t<\/div>\n\t\t<div class=\"elementor-element elementor-element-2c834d48 e-flex e-con-boxed e-con e-parent\" data-id=\"2c834d48\" data-element_type=\"container\" data-settings=\"{&quot;background_background&quot;:&quot;classic&quot;}\">\n\t\t\t\t\t<div class=\"e-con-inner\">\n\t\t<div class=\"elementor-element elementor-element-5ea6b5eb e-con-full e-flex e-con e-child\" data-id=\"5ea6b5eb\" data-element_type=\"container\">\n\t\t\t\t<div class=\"elementor-element elementor-element-f2478bd elementor-widget__width-initial elementor-widget elementor-widget-text-editor\" data-id=\"f2478bd\" data-element_type=\"widget\" data-widget_type=\"text-editor.default\">\n\t\t\t\t<div class=\"elementor-widget-container\">\n\t\t\t\t\t\t\t\t\t<p>Ba\u00f1o Roy<\/p>\t\t\t\t\t\t\t\t<\/div>\n\t\t\t\t<\/div>\n\t\t\t\t<div class=\"elementor-element elementor-element-46056155 elementor-widget elementor-widget-text-editor\" data-id=\"46056155\" data-element_type=\"widget\" data-widget_type=\"text-editor.default\">\n\t\t\t\t<div class=\"elementor-widget-container\">\n\t\t\t\t\t\t\t\t\t<p>La serie Roy se presenta como una pieza de dise\u00f1o sofisticado y contempor\u00e1neo, pensada para aquellos que valoran la est\u00e9tica, la funcionalidad y la durabilidad. Los frentes de caj\u00f3n, acabados en \u00e1ngulo redondo, se destacan por su transici\u00f3n suave y fluida en las esquinas, evitando la rigidez de los \u00e1ngulos rectos tradicionales. Esta curvatura no solo aporta un aspecto visualmente atractivo, sino que tambi\u00e9n crea una atm\u00f3sfera de calma y equilibrio, perfecta para un ba\u00f1o que inspire bienestar.<\/p>\t\t\t\t\t\t\t\t<\/div>\n\t\t\t\t<\/div>\n\t\t\t\t<\/div>\n\t\t<div class=\"elementor-element elementor-element-25fd4ccd e-con-full e-flex e-con e-child\" data-id=\"25fd4ccd\" data-element_type=\"container\">\n\t\t<div class=\"elementor-element elementor-element-1d9b524 e-con-full e-flex e-con e-child\" data-id=\"1d9b524\" data-element_type=\"container\">\n\t\t<div class=\"elementor-element elementor-element-b7fac7e e-con-full e-flex e-con e-child\" data-id=\"b7fac7e\" data-element_type=\"container\">\n\t\t\t\t<\/div>\n\t\t<div class=\"elementor-element elementor-element-0d62dd4 e-con-full e-flex e-con e-child\" data-id=\"0d62dd4\" data-element_type=\"container\">\n\t\t\t\t<div class=\"elementor-element elementor-element-4a7bf1e elementor-view-default elementor-widget elementor-widget-icon\" data-id=\"4a7bf1e\" data-element_type=\"widget\" data-widget_type=\"icon.default\">\n\t\t\t\t<div class=\"elementor-widget-container\">\n\t\t\t\t\t\t\t<div class=\"elementor-icon-wrapper\">\n\t\t\t<a class=\"elementor-icon\" href=\"https:\/\/lezamaasesores.com\/studiococina\/contacto\/\">\n\t\t\t<svg xmlns=\"http:\/\/www.w3.org\/2000\/svg\" height=\"512pt\" viewBox=\"0 0 512 512\" width=\"512pt\"><path d=\"m256 0c-141.484375 0-256 114.496094-256 256 0 141.484375 114.496094 256 256 256 141.484375 0 256-114.496094 256-256 0-141.484375-114.496094-256-256-256zm0 472c-119.378906 0-216-96.609375-216-216 0-119.378906 96.609375-216 216-216 119.378906 0 216 96.609375 216 216 0 119.378906-96.609375 216-216 216zm59.332031-98c0 11.046875-8.953125 20-20 20h-78.664062c-11.046875 0-20-8.953125-20-20s8.953125-20 20-20h19.332031v-117.332031h-19.332031c-11.046875 0-20-8.953125-20-20s8.953125-20 20-20h39.332031c11.046875 0 20 8.953125 20 20v137.332031h19.332031c11.046875 0 20 8.953125 20 20zm-84.332031-250.332031c0-13.808594 11.191406-25 25-25s25 11.191406 25 25c0 13.804687-11.191406 25-25 25s-25-11.195313-25-25zm0 0\"><\/path><\/svg>\t\t\t<\/a>\n\t\t<\/div>\n\t\t\t\t\t\t<\/div>\n\t\t\t\t<\/div>\n\t\t\t\t<\/div>\n\t\t<div class=\"elementor-element elementor-element-05c6568 e-con-full e-flex e-con e-child\" data-id=\"05c6568\" data-element_type=\"container\">\n\t\t\t\t<div class=\"elementor-element elementor-element-dd918b2 elementor-widget elementor-widget-text-editor\" data-id=\"dd918b2\" data-element_type=\"widget\" data-widget_type=\"text-editor.default\">\n\t\t\t\t<div class=\"elementor-widget-container\">\n\t\t\t\t\t\t\t\t\t<p><strong>\u00bfTe gusta?<\/strong><\/p><p>Solicita informaci\u00f3n sin compromiso<\/p>\t\t\t\t\t\t\t\t<\/div>\n\t\t\t\t<\/div>\n\t\t\t\t<\/div>\n\t\t\t\t<\/div>\n\t\t\t\t<\/div>\n\t\t\t\t\t<\/div>\n\t\t\t\t<\/div>\n\t\t\t\t<\/div>\n\t\t","protected":false},"excerpt":{"rendered":"<p>Ba\u00f1o Roy La serie Roy se presenta como una pieza de dise\u00f1o sofisticado y contempor\u00e1neo, pensada para aquellos que valoran la est\u00e9tica, la funcionalidad y la durabilidad. Los frentes de caj\u00f3n, acabados en \u00e1ngulo redondo, se destacan por su transici\u00f3n suave y fluida en las esquinas, evitando la rigidez de los \u00e1ngulos rectos tradicionales. Esta [&hellip;]<\/p>\n","protected":false},"author":1,"featured_media":0,"parent":0,"menu_order":0,"comment_status":"closed","ping_status":"closed","template":"","meta":{"footnotes":""},"class_list":["post-2562","page","type-page","status-publish","hentry"],"_links":{"self":[{"href":"https:\/\/lezamaasesores.com\/studiococina\/wp-json\/wp\/v2\/pages\/2562","targetHints":{"allow":["GET"]}}],"collection":[{"href":"https:\/\/lezamaasesores.com\/studiococina\/wp-json\/wp\/v2\/pages"}],"about":[{"href":"https:\/\/lezamaasesores.com\/studiococina\/wp-json\/wp\/v2\/types\/page"}],"author":[{"embeddable":true,"href":"https:\/\/lezamaasesores.com\/studiococina\/wp-json\/wp\/v2\/users\/1"}],"replies":[{"embeddable":true,"href":"https:\/\/lezamaasesores.com\/studiococina\/wp-json\/wp\/v2\/comments?post=2562"}],"version-history":[{"count":3,"href":"https:\/\/lezamaasesores.com\/studiococina\/wp-json\/wp\/v2\/pages\/2562\/revisions"}],"predecessor-version":[{"id":4907,"href":"https:\/\/lezamaasesores.com\/studiococina\/wp-json\/wp\/v2\/pages\/2562\/revisions\/4907"}],"wp:attachment":[{"href":"https:\/\/lezamaasesores.com\/studiococina\/wp-json\/wp\/v2\/media?parent=2562"}],"curies":[{"name":"wp","href":"https:\/\/api.w.org\/{rel}","templated":true}]}}