{"id":2451,"date":"2025-09-12T17:05:45","date_gmt":"2025-09-12T15:05:45","guid":{"rendered":"https:\/\/lezamaasesores.com\/studiococina\/?page_id=2451"},"modified":"2025-10-01T20:51:04","modified_gmt":"2025-10-01T18:51:04","slug":"bano-cube","status":"publish","type":"page","link":"https:\/\/lezamaasesores.com\/studiococina\/bano-cube\/","title":{"rendered":"Ba\u00f1o Cube"},"content":{"rendered":"\t\t<div data-elementor-type=\"wp-page\" data-elementor-id=\"2451\" class=\"elementor elementor-2451\" data-elementor-post-type=\"page\">\n\t\t\t\t<div class=\"elementor-element elementor-element-2ee45ba2 e-flex e-con-boxed e-con e-parent\" data-id=\"2ee45ba2\" data-element_type=\"container\" data-settings=\"{&quot;background_background&quot;:&quot;classic&quot;}\">\n\t\t\t\t\t<div class=\"e-con-inner\">\n\t\t\t\t<div class=\"elementor-element elementor-element-6e2a3cf2 elementor-arrows-position-inside elementor-widget elementor-widget-image-carousel\" data-id=\"6e2a3cf2\" data-element_type=\"widget\" data-settings=\"{&quot;slides_to_show&quot;:&quot;1&quot;,&quot;navigation&quot;:&quot;arrows&quot;,&quot;autoplay&quot;:&quot;yes&quot;,&quot;pause_on_hover&quot;:&quot;yes&quot;,&quot;pause_on_interaction&quot;:&quot;yes&quot;,&quot;autoplay_speed&quot;:5000,&quot;infinite&quot;:&quot;yes&quot;,&quot;effect&quot;:&quot;slide&quot;,&quot;speed&quot;:500}\" data-widget_type=\"image-carousel.default\">\n\t\t\t\t<div class=\"elementor-widget-container\">\n\t\t\t\t\t\t\t<div class=\"elementor-image-carousel-wrapper swiper\" role=\"region\" aria-roledescription=\"carousel\" aria-label=\"Carrusel de im\u00e1genes\" dir=\"ltr\">\n\t\t\t<div class=\"elementor-image-carousel swiper-wrapper\" aria-live=\"off\">\n\t\t\t\t\t\t\t\t<div class=\"swiper-slide\" role=\"group\" aria-roledescription=\"slide\" aria-label=\"1 de 1\"><figure class=\"swiper-slide-inner\"><img decoding=\"async\" class=\"swiper-slide-image\" src=\"https:\/\/lezamaasesores.com\/studiococina\/wp-content\/uploads\/2025\/09\/cb1.jpg\" alt=\"cb1\" \/><\/figure><\/div>\t\t\t<\/div>\n\t\t\t\t\t<\/div>\n\t\t\t\t\t\t<\/div>\n\t\t\t\t<\/div>\n\t\t\t\t\t<\/div>\n\t\t\t\t<\/div>\n\t\t<div class=\"elementor-element elementor-element-6e91ad72 e-flex e-con-boxed e-con e-parent\" data-id=\"6e91ad72\" data-element_type=\"container\" data-settings=\"{&quot;background_background&quot;:&quot;classic&quot;}\">\n\t\t\t\t\t<div class=\"e-con-inner\">\n\t\t<div class=\"elementor-element elementor-element-3b01ec99 e-con-full e-flex e-con e-child\" data-id=\"3b01ec99\" data-element_type=\"container\">\n\t\t\t\t<div class=\"elementor-element elementor-element-3a851f18 elementor-widget__width-initial elementor-widget elementor-widget-text-editor\" data-id=\"3a851f18\" data-element_type=\"widget\" data-widget_type=\"text-editor.default\">\n\t\t\t\t<div class=\"elementor-widget-container\">\n\t\t\t\t\t\t\t\t\t<p>Ba\u00f1o Cube<\/p>\t\t\t\t\t\t\t\t<\/div>\n\t\t\t\t<\/div>\n\t\t\t\t<div class=\"elementor-element elementor-element-6c473386 elementor-widget elementor-widget-text-editor\" data-id=\"6c473386\" data-element_type=\"widget\" data-widget_type=\"text-editor.default\">\n\t\t\t\t<div class=\"elementor-widget-container\">\n\t\t\t\t\t\t\t\t\t<p>Una soluci\u00f3n perfecta para aquellos que buscan maximizar el espacio sin sacrificar estilo ni funcionalidad. Ideal para ba\u00f1os de tama\u00f1o reducido, el modelo Cube est\u00e1 dise\u00f1ado para ofrecer una organizaci\u00f3n dficiente y un dise\u00f1o elegante en espacios compactos.<\/p>\t\t\t\t\t\t\t\t<\/div>\n\t\t\t\t<\/div>\n\t\t\t\t<\/div>\n\t\t<div class=\"elementor-element elementor-element-67abf01b e-con-full e-flex e-con e-child\" data-id=\"67abf01b\" data-element_type=\"container\">\n\t\t<div class=\"elementor-element elementor-element-d6e0edd e-con-full e-flex e-con e-child\" data-id=\"d6e0edd\" data-element_type=\"container\">\n\t\t<div class=\"elementor-element elementor-element-77235dd e-con-full e-flex e-con e-child\" data-id=\"77235dd\" data-element_type=\"container\">\n\t\t\t\t<\/div>\n\t\t<div class=\"elementor-element elementor-element-54955fe e-con-full e-flex e-con e-child\" data-id=\"54955fe\" data-element_type=\"container\">\n\t\t\t\t<div class=\"elementor-element elementor-element-f18ce5a elementor-view-default elementor-widget elementor-widget-icon\" data-id=\"f18ce5a\" data-element_type=\"widget\" data-widget_type=\"icon.default\">\n\t\t\t\t<div class=\"elementor-widget-container\">\n\t\t\t\t\t\t\t<div class=\"elementor-icon-wrapper\">\n\t\t\t<a class=\"elementor-icon\" href=\"https:\/\/lezamaasesores.com\/studiococina\/contacto\/\">\n\t\t\t<svg xmlns=\"http:\/\/www.w3.org\/2000\/svg\" height=\"512pt\" viewBox=\"0 0 512 512\" width=\"512pt\"><path d=\"m256 0c-141.484375 0-256 114.496094-256 256 0 141.484375 114.496094 256 256 256 141.484375 0 256-114.496094 256-256 0-141.484375-114.496094-256-256-256zm0 472c-119.378906 0-216-96.609375-216-216 0-119.378906 96.609375-216 216-216 119.378906 0 216 96.609375 216 216 0 119.378906-96.609375 216-216 216zm59.332031-98c0 11.046875-8.953125 20-20 20h-78.664062c-11.046875 0-20-8.953125-20-20s8.953125-20 20-20h19.332031v-117.332031h-19.332031c-11.046875 0-20-8.953125-20-20s8.953125-20 20-20h39.332031c11.046875 0 20 8.953125 20 20v137.332031h19.332031c11.046875 0 20 8.953125 20 20zm-84.332031-250.332031c0-13.808594 11.191406-25 25-25s25 11.191406 25 25c0 13.804687-11.191406 25-25 25s-25-11.195313-25-25zm0 0\"><\/path><\/svg>\t\t\t<\/a>\n\t\t<\/div>\n\t\t\t\t\t\t<\/div>\n\t\t\t\t<\/div>\n\t\t\t\t<\/div>\n\t\t<div class=\"elementor-element elementor-element-e8df429 e-con-full e-flex e-con e-child\" data-id=\"e8df429\" data-element_type=\"container\">\n\t\t\t\t<div class=\"elementor-element elementor-element-78ddf4c elementor-widget elementor-widget-text-editor\" data-id=\"78ddf4c\" data-element_type=\"widget\" data-widget_type=\"text-editor.default\">\n\t\t\t\t<div class=\"elementor-widget-container\">\n\t\t\t\t\t\t\t\t\t<p><strong>\u00bfTe gusta?<\/strong><\/p><p>Solicita informaci\u00f3n sin compromiso<\/p>\t\t\t\t\t\t\t\t<\/div>\n\t\t\t\t<\/div>\n\t\t\t\t<\/div>\n\t\t\t\t<\/div>\n\t\t\t\t<\/div>\n\t\t\t\t\t<\/div>\n\t\t\t\t<\/div>\n\t\t\t\t<\/div>\n\t\t","protected":false},"excerpt":{"rendered":"<p>Ba\u00f1o Cube Una soluci\u00f3n perfecta para aquellos que buscan maximizar el espacio sin sacrificar estilo ni funcionalidad. Ideal para ba\u00f1os de tama\u00f1o reducido, el modelo Cube est\u00e1 dise\u00f1ado para ofrecer una organizaci\u00f3n dficiente y un dise\u00f1o elegante en espacios compactos. \u00bfTe gusta? Solicita informaci\u00f3n sin compromiso<\/p>\n","protected":false},"author":1,"featured_media":0,"parent":0,"menu_order":0,"comment_status":"closed","ping_status":"closed","template":"","meta":{"footnotes":""},"class_list":["post-2451","page","type-page","status-publish","hentry"],"_links":{"self":[{"href":"https:\/\/lezamaasesores.com\/studiococina\/wp-json\/wp\/v2\/pages\/2451","targetHints":{"allow":["GET"]}}],"collection":[{"href":"https:\/\/lezamaasesores.com\/studiococina\/wp-json\/wp\/v2\/pages"}],"about":[{"href":"https:\/\/lezamaasesores.com\/studiococina\/wp-json\/wp\/v2\/types\/page"}],"author":[{"embeddable":true,"href":"https:\/\/lezamaasesores.com\/studiococina\/wp-json\/wp\/v2\/users\/1"}],"replies":[{"embeddable":true,"href":"https:\/\/lezamaasesores.com\/studiococina\/wp-json\/wp\/v2\/comments?post=2451"}],"version-history":[{"count":3,"href":"https:\/\/lezamaasesores.com\/studiococina\/wp-json\/wp\/v2\/pages\/2451\/revisions"}],"predecessor-version":[{"id":4835,"href":"https:\/\/lezamaasesores.com\/studiococina\/wp-json\/wp\/v2\/pages\/2451\/revisions\/4835"}],"wp:attachment":[{"href":"https:\/\/lezamaasesores.com\/studiococina\/wp-json\/wp\/v2\/media?parent=2451"}],"curies":[{"name":"wp","href":"https:\/\/api.w.org\/{rel}","templated":true}]}}