{"id":2308,"date":"2025-09-12T15:31:42","date_gmt":"2025-09-12T13:31:42","guid":{"rendered":"https:\/\/lezamaasesores.com\/studiococina\/?page_id=2308"},"modified":"2025-10-01T20:56:10","modified_gmt":"2025-10-01T18:56:10","slug":"bano-hana","status":"publish","type":"page","link":"https:\/\/lezamaasesores.com\/studiococina\/bano-hana\/","title":{"rendered":"Ba\u00f1o Hana"},"content":{"rendered":"\t\t<div data-elementor-type=\"wp-page\" data-elementor-id=\"2308\" class=\"elementor elementor-2308\" data-elementor-post-type=\"page\">\n\t\t\t\t<div class=\"elementor-element elementor-element-6daad967 e-flex e-con-boxed e-con e-parent\" data-id=\"6daad967\" data-element_type=\"container\" data-settings=\"{&quot;background_background&quot;:&quot;classic&quot;}\">\n\t\t\t\t\t<div class=\"e-con-inner\">\n\t\t\t\t<div class=\"elementor-element elementor-element-246f7781 elementor-arrows-position-inside elementor-widget elementor-widget-image-carousel\" data-id=\"246f7781\" data-element_type=\"widget\" data-settings=\"{&quot;slides_to_show&quot;:&quot;1&quot;,&quot;navigation&quot;:&quot;arrows&quot;,&quot;autoplay&quot;:&quot;yes&quot;,&quot;pause_on_hover&quot;:&quot;yes&quot;,&quot;pause_on_interaction&quot;:&quot;yes&quot;,&quot;autoplay_speed&quot;:5000,&quot;infinite&quot;:&quot;yes&quot;,&quot;effect&quot;:&quot;slide&quot;,&quot;speed&quot;:500}\" data-widget_type=\"image-carousel.default\">\n\t\t\t\t<div class=\"elementor-widget-container\">\n\t\t\t\t\t\t\t<div class=\"elementor-image-carousel-wrapper swiper\" role=\"region\" aria-roledescription=\"carousel\" aria-label=\"Carrusel de im\u00e1genes\" dir=\"ltr\">\n\t\t\t<div class=\"elementor-image-carousel swiper-wrapper\" aria-live=\"off\">\n\t\t\t\t\t\t\t\t<div class=\"swiper-slide\" role=\"group\" aria-roledescription=\"slide\" aria-label=\"1 de 2\"><figure class=\"swiper-slide-inner\"><img decoding=\"async\" class=\"swiper-slide-image\" src=\"https:\/\/lezamaasesores.com\/studiococina\/wp-content\/uploads\/2025\/09\/HANA_80-Encimera-copia.jpg\" alt=\"HANA_80-Encimera-copia\" \/><\/figure><\/div><div class=\"swiper-slide\" role=\"group\" aria-roledescription=\"slide\" aria-label=\"2 de 2\"><figure class=\"swiper-slide-inner\"><img decoding=\"async\" class=\"swiper-slide-image\" src=\"https:\/\/lezamaasesores.com\/studiococina\/wp-content\/uploads\/2025\/09\/HANA_100-Nogal-Encimera-copia.jpg\" alt=\"HANA_100-Nogal-Encimera-copia\" \/><\/figure><\/div>\t\t\t<\/div>\n\t\t\t\t\t\t\t\t\t\t\t\t<div class=\"elementor-swiper-button elementor-swiper-button-prev\" role=\"button\" tabindex=\"0\">\n\t\t\t\t\t\t<svg aria-hidden=\"true\" class=\"e-font-icon-svg e-eicon-chevron-left\" viewBox=\"0 0 1000 1000\" xmlns=\"http:\/\/www.w3.org\/2000\/svg\"><path d=\"M646 125C629 125 613 133 604 142L308 442C296 454 292 471 292 487 292 504 296 521 308 533L604 854C617 867 629 875 646 875 663 875 679 871 692 858 704 846 713 829 713 812 713 796 708 779 692 767L438 487 692 225C700 217 708 204 708 187 708 171 704 154 692 142 675 129 663 125 646 125Z\"><\/path><\/svg>\t\t\t\t\t<\/div>\n\t\t\t\t\t<div class=\"elementor-swiper-button elementor-swiper-button-next\" role=\"button\" tabindex=\"0\">\n\t\t\t\t\t\t<svg aria-hidden=\"true\" class=\"e-font-icon-svg e-eicon-chevron-right\" viewBox=\"0 0 1000 1000\" xmlns=\"http:\/\/www.w3.org\/2000\/svg\"><path d=\"M696 533C708 521 713 504 713 487 713 471 708 454 696 446L400 146C388 133 375 125 354 125 338 125 325 129 313 142 300 154 292 171 292 187 292 204 296 221 308 233L563 492 304 771C292 783 288 800 288 817 288 833 296 850 308 863 321 871 338 875 354 875 371 875 388 867 400 854L696 533Z\"><\/path><\/svg>\t\t\t\t\t<\/div>\n\t\t\t\t\n\t\t\t\t\t\t\t\t\t<\/div>\n\t\t\t\t\t\t<\/div>\n\t\t\t\t<\/div>\n\t\t\t\t\t<\/div>\n\t\t\t\t<\/div>\n\t\t<div class=\"elementor-element elementor-element-53818709 e-flex e-con-boxed e-con e-parent\" data-id=\"53818709\" data-element_type=\"container\" data-settings=\"{&quot;background_background&quot;:&quot;classic&quot;}\">\n\t\t\t\t\t<div class=\"e-con-inner\">\n\t\t<div class=\"elementor-element elementor-element-4a26bf0c e-con-full e-flex e-con e-child\" data-id=\"4a26bf0c\" data-element_type=\"container\">\n\t\t\t\t<div class=\"elementor-element elementor-element-7dabe5de elementor-widget__width-initial elementor-widget elementor-widget-text-editor\" data-id=\"7dabe5de\" data-element_type=\"widget\" data-widget_type=\"text-editor.default\">\n\t\t\t\t<div class=\"elementor-widget-container\">\n\t\t\t\t\t\t\t\t\t<p>Ba\u00f1o Hana<\/p>\t\t\t\t\t\t\t\t<\/div>\n\t\t\t\t<\/div>\n\t\t\t\t<div class=\"elementor-element elementor-element-1c0aef07 elementor-widget elementor-widget-text-editor\" data-id=\"1c0aef07\" data-element_type=\"widget\" data-widget_type=\"text-editor.default\">\n\t\t\t\t<div class=\"elementor-widget-container\">\n\t\t\t\t\t\t\t\t\t<p>Una colecci\u00f3n atemporal caracterizada por el dise\u00f1o de l\u00edneas depuradas que buscan la autenticidad.<\/p><p>Accesibilidad compacta o m\u00faltiples posibilidades modulares ya sea en textura o laca, con tiradores met\u00e1licos en negro mate o cromo para ofrecer una personalizaci\u00f3n al detalle.<\/p>\t\t\t\t\t\t\t\t<\/div>\n\t\t\t\t<\/div>\n\t\t\t\t<\/div>\n\t\t<div class=\"elementor-element elementor-element-49facd11 e-con-full e-flex e-con e-child\" data-id=\"49facd11\" data-element_type=\"container\">\n\t\t<div class=\"elementor-element elementor-element-4338a83 e-con-full e-flex e-con e-child\" data-id=\"4338a83\" data-element_type=\"container\">\n\t\t<div class=\"elementor-element elementor-element-015ea52 e-con-full e-flex e-con e-child\" data-id=\"015ea52\" data-element_type=\"container\">\n\t\t\t\t<\/div>\n\t\t<div class=\"elementor-element elementor-element-8d01fb9 e-con-full e-flex e-con e-child\" data-id=\"8d01fb9\" data-element_type=\"container\">\n\t\t\t\t<div class=\"elementor-element elementor-element-b89c2a6 elementor-view-default elementor-widget elementor-widget-icon\" data-id=\"b89c2a6\" data-element_type=\"widget\" data-widget_type=\"icon.default\">\n\t\t\t\t<div class=\"elementor-widget-container\">\n\t\t\t\t\t\t\t<div class=\"elementor-icon-wrapper\">\n\t\t\t<a class=\"elementor-icon\" href=\"https:\/\/lezamaasesores.com\/studiococina\/contacto\/\">\n\t\t\t<svg xmlns=\"http:\/\/www.w3.org\/2000\/svg\" height=\"512pt\" viewBox=\"0 0 512 512\" width=\"512pt\"><path d=\"m256 0c-141.484375 0-256 114.496094-256 256 0 141.484375 114.496094 256 256 256 141.484375 0 256-114.496094 256-256 0-141.484375-114.496094-256-256-256zm0 472c-119.378906 0-216-96.609375-216-216 0-119.378906 96.609375-216 216-216 119.378906 0 216 96.609375 216 216 0 119.378906-96.609375 216-216 216zm59.332031-98c0 11.046875-8.953125 20-20 20h-78.664062c-11.046875 0-20-8.953125-20-20s8.953125-20 20-20h19.332031v-117.332031h-19.332031c-11.046875 0-20-8.953125-20-20s8.953125-20 20-20h39.332031c11.046875 0 20 8.953125 20 20v137.332031h19.332031c11.046875 0 20 8.953125 20 20zm-84.332031-250.332031c0-13.808594 11.191406-25 25-25s25 11.191406 25 25c0 13.804687-11.191406 25-25 25s-25-11.195313-25-25zm0 0\"><\/path><\/svg>\t\t\t<\/a>\n\t\t<\/div>\n\t\t\t\t\t\t<\/div>\n\t\t\t\t<\/div>\n\t\t\t\t<\/div>\n\t\t<div class=\"elementor-element elementor-element-5a7c6ed e-con-full e-flex e-con e-child\" data-id=\"5a7c6ed\" data-element_type=\"container\">\n\t\t\t\t<div class=\"elementor-element elementor-element-76501b2 elementor-widget elementor-widget-text-editor\" data-id=\"76501b2\" data-element_type=\"widget\" data-widget_type=\"text-editor.default\">\n\t\t\t\t<div class=\"elementor-widget-container\">\n\t\t\t\t\t\t\t\t\t<p><strong>\u00bfTe gusta?<\/strong><\/p><p>Solicita informaci\u00f3n sin compromiso<\/p>\t\t\t\t\t\t\t\t<\/div>\n\t\t\t\t<\/div>\n\t\t\t\t<\/div>\n\t\t\t\t<\/div>\n\t\t\t\t<\/div>\n\t\t\t\t\t<\/div>\n\t\t\t\t<\/div>\n\t\t\t\t<\/div>\n\t\t","protected":false},"excerpt":{"rendered":"<p>Ba\u00f1o Hana Una colecci\u00f3n atemporal caracterizada por el dise\u00f1o de l\u00edneas depuradas que buscan la autenticidad. Accesibilidad compacta o m\u00faltiples posibilidades modulares ya sea en textura o laca, con tiradores met\u00e1licos en negro mate o cromo para ofrecer una personalizaci\u00f3n al detalle. \u00bfTe gusta? Solicita informaci\u00f3n sin compromiso<\/p>\n","protected":false},"author":1,"featured_media":0,"parent":0,"menu_order":0,"comment_status":"closed","ping_status":"closed","template":"","meta":{"footnotes":""},"class_list":["post-2308","page","type-page","status-publish","hentry"],"_links":{"self":[{"href":"https:\/\/lezamaasesores.com\/studiococina\/wp-json\/wp\/v2\/pages\/2308","targetHints":{"allow":["GET"]}}],"collection":[{"href":"https:\/\/lezamaasesores.com\/studiococina\/wp-json\/wp\/v2\/pages"}],"about":[{"href":"https:\/\/lezamaasesores.com\/studiococina\/wp-json\/wp\/v2\/types\/page"}],"author":[{"embeddable":true,"href":"https:\/\/lezamaasesores.com\/studiococina\/wp-json\/wp\/v2\/users\/1"}],"replies":[{"embeddable":true,"href":"https:\/\/lezamaasesores.com\/studiococina\/wp-json\/wp\/v2\/comments?post=2308"}],"version-history":[{"count":3,"href":"https:\/\/lezamaasesores.com\/studiococina\/wp-json\/wp\/v2\/pages\/2308\/revisions"}],"predecessor-version":[{"id":4859,"href":"https:\/\/lezamaasesores.com\/studiococina\/wp-json\/wp\/v2\/pages\/2308\/revisions\/4859"}],"wp:attachment":[{"href":"https:\/\/lezamaasesores.com\/studiococina\/wp-json\/wp\/v2\/media?parent=2308"}],"curies":[{"name":"wp","href":"https:\/\/api.w.org\/{rel}","templated":true}]}}