{"id":2052,"date":"2025-07-16T16:11:12","date_gmt":"2025-07-16T14:11:12","guid":{"rendered":"https:\/\/lezamaasesores.com\/studiococina\/?page_id=2052"},"modified":"2025-10-01T19:49:31","modified_gmt":"2025-10-01T17:49:31","slug":"cocina-tirador-inverso","status":"publish","type":"page","link":"https:\/\/lezamaasesores.com\/studiococina\/cocina-tirador-inverso\/","title":{"rendered":"Cocina tirador inverso"},"content":{"rendered":"\t\t<div data-elementor-type=\"wp-page\" data-elementor-id=\"2052\" class=\"elementor elementor-2052\" data-elementor-post-type=\"page\">\n\t\t\t\t<div class=\"elementor-element elementor-element-40427c9 e-flex e-con-boxed e-con e-parent\" data-id=\"40427c9\" data-element_type=\"container\" data-settings=\"{&quot;background_motion_fx_motion_fx_mouse&quot;:&quot;yes&quot;,&quot;background_background&quot;:&quot;classic&quot;}\">\n\t\t\t\t\t<div class=\"e-con-inner\">\n\t\t<div class=\"elementor-element elementor-element-5bb8588 e-con-full e-flex e-con e-child\" data-id=\"5bb8588\" data-element_type=\"container\" data-settings=\"{&quot;background_motion_fx_translateY_effect&quot;:&quot;yes&quot;,&quot;background_motion_fx_translateY_direction&quot;:&quot;negative&quot;,&quot;background_motion_fx_translateY_speed&quot;:{&quot;unit&quot;:&quot;px&quot;,&quot;size&quot;:8.9000000000000003552713678800500929355621337890625,&quot;sizes&quot;:[]},&quot;background_motion_fx_translateY_affectedRange&quot;:{&quot;unit&quot;:&quot;%&quot;,&quot;size&quot;:&quot;&quot;,&quot;sizes&quot;:{&quot;start&quot;:0,&quot;end&quot;:100}},&quot;background_motion_fx_devices&quot;:[&quot;desktop&quot;,&quot;tablet&quot;,&quot;mobile&quot;]}\">\n\t\t\t\t<div class=\"elementor-element elementor-element-e3936bf elementor-widget elementor-widget-text-editor\" data-id=\"e3936bf\" data-element_type=\"widget\" data-widget_type=\"text-editor.default\">\n\t\t\t\t<div class=\"elementor-widget-container\">\n\t\t\t\t\t\t\t\t\t<p>Modelo<\/p>\t\t\t\t\t\t\t\t<\/div>\n\t\t\t\t<\/div>\n\t\t\t\t<div class=\"elementor-element elementor-element-15748f5 elementor-widget elementor-widget-text-editor\" data-id=\"15748f5\" data-element_type=\"widget\" data-widget_type=\"text-editor.default\">\n\t\t\t\t<div class=\"elementor-widget-container\">\n\t\t\t\t\t\t\t\t\t<p>Tirador inverso<\/p>\t\t\t\t\t\t\t\t<\/div>\n\t\t\t\t<\/div>\n\t\t<div class=\"elementor-element elementor-element-74075b0 e-con-full e-flex e-con e-child\" data-id=\"74075b0\" data-element_type=\"container\">\n\t\t<div class=\"elementor-element elementor-element-b3c795a e-con-full e-flex e-con e-child\" data-id=\"b3c795a\" data-element_type=\"container\">\n\t\t\t\t<div class=\"elementor-element elementor-element-69bbb15 e-transform elementor-view-default elementor-widget elementor-widget-icon\" data-id=\"69bbb15\" data-element_type=\"widget\" data-settings=\"{&quot;_transform_scale_effect_hover&quot;:{&quot;unit&quot;:&quot;px&quot;,&quot;size&quot;:1.100000000000000088817841970012523233890533447265625,&quot;sizes&quot;:[]},&quot;_transform_scale_effect_hover_tablet&quot;:{&quot;unit&quot;:&quot;px&quot;,&quot;size&quot;:&quot;&quot;,&quot;sizes&quot;:[]},&quot;_transform_scale_effect_hover_mobile&quot;:{&quot;unit&quot;:&quot;px&quot;,&quot;size&quot;:&quot;&quot;,&quot;sizes&quot;:[]}}\" data-widget_type=\"icon.default\">\n\t\t\t\t<div class=\"elementor-widget-container\">\n\t\t\t\t\t\t\t<div class=\"elementor-icon-wrapper\">\n\t\t\t<a class=\"elementor-icon\" href=\"#imagen\">\n\t\t\t<svg xmlns=\"http:\/\/www.w3.org\/2000\/svg\" viewBox=\"0 0 48 48\" width=\"512\" height=\"512\"><g id=\"Ikon\"><path d=\"M24,46A22,22,0,1,1,46,24,22.02489,22.02489,0,0,1,24,46ZM24,4A20,20,0,1,0,44,24,20.0226,20.0226,0,0,0,24,4ZM35,18H34a2.996,2.996,0,0,0-3-3H30a2.996,2.996,0,0,0-3-3H13a2.996,2.996,0,0,0-3,3V27a2.996,2.996,0,0,0,3,3h1a2.996,2.996,0,0,0,3,3h1a3.00883,3.00883,0,0,0,3,3H35a3.00883,3.00883,0,0,0,3-3V21A3.00879,3.00879,0,0,0,35,18ZM13,28a1.003,1.003,0,0,1-1-1V15a1.003,1.003,0,0,1,1-1H27a1.003,1.003,0,0,1,1,1H17a2.996,2.996,0,0,0-3,3V28Zm4,3a1.003,1.003,0,0,1-1-1V18a1.003,1.003,0,0,1,1-1H31a1.003,1.003,0,0,1,1,1H21a2.996,2.996,0,0,0-3,3V31Zm7.24512,3H21a.99285.99285,0,0,1-.95776-.79205l2.63647-2.83a1.00742,1.00742,0,0,1,1.43945-.02588l1.67676,1.67725ZM36,33a1.003,1.003,0,0,1-1,1H26.9l4.74-6.15a1.00106,1.00106,0,0,1,1.49-.1L36,30.56Zm-1.46-6.68a3.02016,3.02016,0,0,0-4.48.31l-2.97827,3.85761-1.5495-1.55011a3.01453,3.01453,0,0,0-4.31641.07715L20,30.3197V21a1.003,1.003,0,0,1,1-1H35a1.003,1.003,0,0,1,1,1v6.75ZM25.5,21A2.5,2.5,0,1,0,28,23.5,2.50263,2.50263,0,0,0,25.5,21Zm0,3a.5.5,0,1,1,.5-.5A.50065.50065,0,0,1,25.5,24Z\"><\/path><\/g><\/svg>\t\t\t<\/a>\n\t\t<\/div>\n\t\t\t\t\t\t<\/div>\n\t\t\t\t<\/div>\n\t\t\t\t<\/div>\n\t\t<div class=\"elementor-element elementor-element-2ccce5e e-con-full e-flex e-con e-child\" data-id=\"2ccce5e\" data-element_type=\"container\">\n\t\t\t\t<div class=\"elementor-element elementor-element-38e31af e-transform elementor-view-default elementor-widget elementor-widget-icon\" data-id=\"38e31af\" data-element_type=\"widget\" data-settings=\"{&quot;_transform_scale_effect_hover&quot;:{&quot;unit&quot;:&quot;px&quot;,&quot;size&quot;:1.100000000000000088817841970012523233890533447265625,&quot;sizes&quot;:[]},&quot;_transform_scale_effect_hover_tablet&quot;:{&quot;unit&quot;:&quot;px&quot;,&quot;size&quot;:&quot;&quot;,&quot;sizes&quot;:[]},&quot;_transform_scale_effect_hover_mobile&quot;:{&quot;unit&quot;:&quot;px&quot;,&quot;size&quot;:&quot;&quot;,&quot;sizes&quot;:[]}}\" data-widget_type=\"icon.default\">\n\t\t\t\t<div class=\"elementor-widget-container\">\n\t\t\t\t\t\t\t<div class=\"elementor-icon-wrapper\">\n\t\t\t<a class=\"elementor-icon\" href=\"#texto\">\n\t\t\t<svg xmlns=\"http:\/\/www.w3.org\/2000\/svg\" height=\"512pt\" viewBox=\"0 0 512 512\" width=\"512pt\"><path d=\"m256 0c-141.484375 0-256 114.496094-256 256 0 141.484375 114.496094 256 256 256 141.484375 0 256-114.496094 256-256 0-141.484375-114.496094-256-256-256zm0 472c-119.378906 0-216-96.609375-216-216 0-119.378906 96.609375-216 216-216 119.378906 0 216 96.609375 216 216 0 119.378906-96.609375 216-216 216zm59.332031-98c0 11.046875-8.953125 20-20 20h-78.664062c-11.046875 0-20-8.953125-20-20s8.953125-20 20-20h19.332031v-117.332031h-19.332031c-11.046875 0-20-8.953125-20-20s8.953125-20 20-20h39.332031c11.046875 0 20 8.953125 20 20v137.332031h19.332031c11.046875 0 20 8.953125 20 20zm-84.332031-250.332031c0-13.808594 11.191406-25 25-25s25 11.191406 25 25c0 13.804687-11.191406 25-25 25s-25-11.195313-25-25zm0 0\"><\/path><\/svg>\t\t\t<\/a>\n\t\t<\/div>\n\t\t\t\t\t\t<\/div>\n\t\t\t\t<\/div>\n\t\t\t\t<\/div>\n\t\t\t\t<\/div>\n\t\t\t\t<\/div>\n\t\t<div class=\"elementor-element elementor-element-a861957 e-con-full e-flex e-con e-child\" data-id=\"a861957\" data-element_type=\"container\">\n\t\t\t\t<\/div>\n\t\t\t\t\t<\/div>\n\t\t\t\t<\/div>\n\t\t<div class=\"elementor-element elementor-element-889c230 e-flex e-con-boxed e-con e-parent\" data-id=\"889c230\" data-element_type=\"container\" id=\"texto\" data-settings=\"{&quot;background_background&quot;:&quot;classic&quot;}\">\n\t\t\t\t\t<div class=\"e-con-inner\">\n\t\t<div class=\"elementor-element elementor-element-74783a1 e-con-full e-flex e-con e-child\" data-id=\"74783a1\" data-element_type=\"container\">\n\t\t\t\t<div class=\"elementor-element elementor-element-a73610b elementor-widget__width-initial elementor-widget elementor-widget-text-editor\" data-id=\"a73610b\" data-element_type=\"widget\" data-widget_type=\"text-editor.default\">\n\t\t\t\t<div class=\"elementor-widget-container\">\n\t\t\t\t\t\t\t\t\t<p>La atracci\u00f3n de lo diferente<\/p>\t\t\t\t\t\t\t\t<\/div>\n\t\t\t\t<\/div>\n\t\t\t\t<div class=\"elementor-element elementor-element-cf2e383 elementor-widget elementor-widget-text-editor\" data-id=\"cf2e383\" data-element_type=\"widget\" data-widget_type=\"text-editor.default\">\n\t\t\t\t<div class=\"elementor-widget-container\">\n\t\t\t\t\t\t\t\t\t<p>La decoraci\u00f3n de estilo n\u00f3rdico aporta espacios llenos de luz y claridad, gracias al color blanco y a la madera natural.<\/p>\t\t\t\t\t\t\t\t<\/div>\n\t\t\t\t<\/div>\n\t\t\t\t<\/div>\n\t\t<div class=\"elementor-element elementor-element-ca10bb4 e-con-full e-flex e-con e-child\" data-id=\"ca10bb4\" data-element_type=\"container\">\n\t\t<div class=\"elementor-element elementor-element-47a4c63 e-con-full e-flex e-con e-child\" data-id=\"47a4c63\" data-element_type=\"container\">\n\t\t<div class=\"elementor-element elementor-element-5e1598f e-con-full e-flex e-con e-child\" data-id=\"5e1598f\" data-element_type=\"container\">\n\t\t\t\t<\/div>\n\t\t<div class=\"elementor-element elementor-element-e4caf5f e-con-full e-flex e-con e-child\" data-id=\"e4caf5f\" data-element_type=\"container\">\n\t\t\t\t<div class=\"elementor-element elementor-element-6827d1a elementor-view-default elementor-widget elementor-widget-icon\" data-id=\"6827d1a\" data-element_type=\"widget\" data-widget_type=\"icon.default\">\n\t\t\t\t<div class=\"elementor-widget-container\">\n\t\t\t\t\t\t\t<div class=\"elementor-icon-wrapper\">\n\t\t\t<a class=\"elementor-icon\" href=\"https:\/\/lezamaasesores.com\/studiococina\/contacto\/\">\n\t\t\t<svg xmlns=\"http:\/\/www.w3.org\/2000\/svg\" height=\"512pt\" viewBox=\"0 0 512 512\" width=\"512pt\"><path d=\"m256 0c-141.484375 0-256 114.496094-256 256 0 141.484375 114.496094 256 256 256 141.484375 0 256-114.496094 256-256 0-141.484375-114.496094-256-256-256zm0 472c-119.378906 0-216-96.609375-216-216 0-119.378906 96.609375-216 216-216 119.378906 0 216 96.609375 216 216 0 119.378906-96.609375 216-216 216zm59.332031-98c0 11.046875-8.953125 20-20 20h-78.664062c-11.046875 0-20-8.953125-20-20s8.953125-20 20-20h19.332031v-117.332031h-19.332031c-11.046875 0-20-8.953125-20-20s8.953125-20 20-20h39.332031c11.046875 0 20 8.953125 20 20v137.332031h19.332031c11.046875 0 20 8.953125 20 20zm-84.332031-250.332031c0-13.808594 11.191406-25 25-25s25 11.191406 25 25c0 13.804687-11.191406 25-25 25s-25-11.195313-25-25zm0 0\"><\/path><\/svg>\t\t\t<\/a>\n\t\t<\/div>\n\t\t\t\t\t\t<\/div>\n\t\t\t\t<\/div>\n\t\t\t\t<\/div>\n\t\t<div class=\"elementor-element elementor-element-fb8fd2e e-con-full e-flex e-con e-child\" data-id=\"fb8fd2e\" data-element_type=\"container\">\n\t\t\t\t<div class=\"elementor-element elementor-element-458ac9a elementor-widget elementor-widget-text-editor\" data-id=\"458ac9a\" data-element_type=\"widget\" data-widget_type=\"text-editor.default\">\n\t\t\t\t<div class=\"elementor-widget-container\">\n\t\t\t\t\t\t\t\t\t<p><strong>\u00bfTe gusta?<\/strong><\/p><p>Solicita informaci\u00f3n sin compromiso<\/p>\t\t\t\t\t\t\t\t<\/div>\n\t\t\t\t<\/div>\n\t\t\t\t<\/div>\n\t\t\t\t<\/div>\n\t\t\t\t<\/div>\n\t\t\t\t\t<\/div>\n\t\t\t\t<\/div>\n\t\t<div class=\"elementor-element elementor-element-6eabf35 e-flex e-con-boxed e-con e-parent\" data-id=\"6eabf35\" data-element_type=\"container\" id=\"imagen\" data-settings=\"{&quot;background_background&quot;:&quot;classic&quot;}\">\n\t\t\t\t\t<div class=\"e-con-inner\">\n\t\t<div class=\"elementor-element elementor-element-649f2cf e-con-full e-flex e-con e-child\" data-id=\"649f2cf\" data-element_type=\"container\">\n\t\t\t\t<div class=\"elementor-element elementor-element-321c3a7 elementor-widget elementor-widget-image\" data-id=\"321c3a7\" data-element_type=\"widget\" data-widget_type=\"image.default\">\n\t\t\t\t<div class=\"elementor-widget-container\">\n\t\t\t\t\t\t\t\t\t\t\t\t\t\t\t\t<a href=\"https:\/\/lezamaasesores.com\/studiococina\/wp-content\/uploads\/2025\/07\/inverso_inspiracion1.jpg\" data-elementor-open-lightbox=\"yes\" data-elementor-lightbox-title=\"inverso_inspiracion1\" data-e-action-hash=\"#elementor-action%3Aaction%3Dlightbox%26settings%3DeyJpZCI6MjA2MCwidXJsIjoiaHR0cHM6XC9cL2xlemFtYWFzZXNvcmVzLmNvbVwvc3R1ZGlvY29jaW5hXC93cC1jb250ZW50XC91cGxvYWRzXC8yMDI1XC8wN1wvaW52ZXJzb19pbnNwaXJhY2lvbjEuanBnIn0%3D\">\n\t\t\t\t\t\t\t<img fetchpriority=\"high\" decoding=\"async\" width=\"1200\" height=\"800\" src=\"https:\/\/lezamaasesores.com\/studiococina\/wp-content\/uploads\/2025\/07\/inverso_inspiracion1.jpg\" class=\"attachment-full size-full wp-image-2060\" alt=\"\" srcset=\"https:\/\/lezamaasesores.com\/studiococina\/wp-content\/uploads\/2025\/07\/inverso_inspiracion1.jpg 1200w, https:\/\/lezamaasesores.com\/studiococina\/wp-content\/uploads\/2025\/07\/inverso_inspiracion1-300x200.jpg 300w, https:\/\/lezamaasesores.com\/studiococina\/wp-content\/uploads\/2025\/07\/inverso_inspiracion1-1024x683.jpg 1024w, https:\/\/lezamaasesores.com\/studiococina\/wp-content\/uploads\/2025\/07\/inverso_inspiracion1-768x512.jpg 768w\" sizes=\"(max-width: 1200px) 100vw, 1200px\" \/>\t\t\t\t\t\t\t\t<\/a>\n\t\t\t\t\t\t\t\t\t\t\t\t\t\t\t<\/div>\n\t\t\t\t<\/div>\n\t\t\t\t<div class=\"elementor-element elementor-element-6ae5f9c elementor-widget elementor-widget-text-editor\" data-id=\"6ae5f9c\" data-element_type=\"widget\" data-widget_type=\"text-editor.default\">\n\t\t\t\t<div class=\"elementor-widget-container\">\n\t\t\t\t\t\t\t\t\t<p><strong>Modelo Tirador Inverso:<\/strong><\/p><p>Siguiendo las nuevas tendencias de vida y estilo Hygge, un concepto que viene a definir un estado donde te sientes comodo, relajado y libre.<\/p>\t\t\t\t\t\t\t\t<\/div>\n\t\t\t\t<\/div>\n\t\t\t\t<\/div>\n\t\t<div class=\"elementor-element elementor-element-6a9a8ab e-con-full e-flex e-con e-child\" data-id=\"6a9a8ab\" data-element_type=\"container\">\n\t\t\t\t<div class=\"elementor-element elementor-element-73314a3 elementor-widget elementor-widget-image\" data-id=\"73314a3\" data-element_type=\"widget\" data-widget_type=\"image.default\">\n\t\t\t\t<div class=\"elementor-widget-container\">\n\t\t\t\t\t\t\t\t\t\t\t\t\t\t\t\t<a href=\"https:\/\/lezamaasesores.com\/studiococina\/wp-content\/uploads\/2025\/07\/inverso3_inspiracion1.jpg\" data-elementor-open-lightbox=\"yes\" data-elementor-lightbox-title=\"inverso3_inspiracion1\" data-e-action-hash=\"#elementor-action%3Aaction%3Dlightbox%26settings%3DeyJpZCI6MjA2MywidXJsIjoiaHR0cHM6XC9cL2xlemFtYWFzZXNvcmVzLmNvbVwvc3R1ZGlvY29jaW5hXC93cC1jb250ZW50XC91cGxvYWRzXC8yMDI1XC8wN1wvaW52ZXJzbzNfaW5zcGlyYWNpb24xLmpwZyJ9\">\n\t\t\t\t\t\t\t<img decoding=\"async\" width=\"1200\" height=\"718\" src=\"https:\/\/lezamaasesores.com\/studiococina\/wp-content\/uploads\/2025\/07\/inverso3_inspiracion1.jpg\" class=\"attachment-full size-full wp-image-2063\" alt=\"\" srcset=\"https:\/\/lezamaasesores.com\/studiococina\/wp-content\/uploads\/2025\/07\/inverso3_inspiracion1.jpg 1200w, https:\/\/lezamaasesores.com\/studiococina\/wp-content\/uploads\/2025\/07\/inverso3_inspiracion1-300x180.jpg 300w, https:\/\/lezamaasesores.com\/studiococina\/wp-content\/uploads\/2025\/07\/inverso3_inspiracion1-1024x613.jpg 1024w, https:\/\/lezamaasesores.com\/studiococina\/wp-content\/uploads\/2025\/07\/inverso3_inspiracion1-768x460.jpg 768w\" sizes=\"(max-width: 1200px) 100vw, 1200px\" \/>\t\t\t\t\t\t\t\t<\/a>\n\t\t\t\t\t\t\t\t\t\t\t\t\t\t\t<\/div>\n\t\t\t\t<\/div>\n\t\t\t\t<div class=\"elementor-element elementor-element-9ad870a elementor-widget elementor-widget-text-editor\" data-id=\"9ad870a\" data-element_type=\"widget\" data-widget_type=\"text-editor.default\">\n\t\t\t\t<div class=\"elementor-widget-container\">\n\t\t\t\t\t\t\t\t\t<p><strong>Modelo Tirador Inverso:<\/strong><\/p><p>Comodidad de apertura, adem\u00e1s de un toque de luminosidad especial.<\/p>\t\t\t\t\t\t\t\t<\/div>\n\t\t\t\t<\/div>\n\t\t\t\t<\/div>\n\t\t\t\t\t<\/div>\n\t\t\t\t<\/div>\n\t\t<div class=\"elementor-element elementor-element-dbd1e41 e-flex e-con-boxed e-con e-parent\" data-id=\"dbd1e41\" data-element_type=\"container\" data-settings=\"{&quot;background_background&quot;:&quot;classic&quot;}\">\n\t\t\t\t\t<div class=\"e-con-inner\">\n\t\t<div class=\"elementor-element elementor-element-0f76679 e-con-full e-flex e-con e-child\" data-id=\"0f76679\" data-element_type=\"container\">\n\t\t\t\t<div class=\"elementor-element elementor-element-41eb5d2 elementor-widget elementor-widget-image\" data-id=\"41eb5d2\" data-element_type=\"widget\" data-widget_type=\"image.default\">\n\t\t\t\t<div class=\"elementor-widget-container\">\n\t\t\t\t\t\t\t\t\t\t\t\t\t\t\t\t<a href=\"https:\/\/lezamaasesores.com\/studiococina\/wp-content\/uploads\/2025\/07\/inverso3_inspiracion2.jpg\" data-elementor-open-lightbox=\"yes\" data-elementor-lightbox-title=\"inverso3_inspiracion2\" data-e-action-hash=\"#elementor-action%3Aaction%3Dlightbox%26settings%3DeyJpZCI6MjA2NCwidXJsIjoiaHR0cHM6XC9cL2xlemFtYWFzZXNvcmVzLmNvbVwvc3R1ZGlvY29jaW5hXC93cC1jb250ZW50XC91cGxvYWRzXC8yMDI1XC8wN1wvaW52ZXJzbzNfaW5zcGlyYWNpb24yLmpwZyJ9\">\n\t\t\t\t\t\t\t<img decoding=\"async\" width=\"1200\" height=\"799\" src=\"https:\/\/lezamaasesores.com\/studiococina\/wp-content\/uploads\/2025\/07\/inverso3_inspiracion2.jpg\" class=\"attachment-full size-full wp-image-2064\" alt=\"\" srcset=\"https:\/\/lezamaasesores.com\/studiococina\/wp-content\/uploads\/2025\/07\/inverso3_inspiracion2.jpg 1200w, https:\/\/lezamaasesores.com\/studiococina\/wp-content\/uploads\/2025\/07\/inverso3_inspiracion2-300x200.jpg 300w, https:\/\/lezamaasesores.com\/studiococina\/wp-content\/uploads\/2025\/07\/inverso3_inspiracion2-1024x682.jpg 1024w, https:\/\/lezamaasesores.com\/studiococina\/wp-content\/uploads\/2025\/07\/inverso3_inspiracion2-768x511.jpg 768w\" sizes=\"(max-width: 1200px) 100vw, 1200px\" \/>\t\t\t\t\t\t\t\t<\/a>\n\t\t\t\t\t\t\t\t\t\t\t\t\t\t\t<\/div>\n\t\t\t\t<\/div>\n\t\t\t\t<div class=\"elementor-element elementor-element-08c3bcb elementor-widget elementor-widget-text-editor\" data-id=\"08c3bcb\" data-element_type=\"widget\" data-widget_type=\"text-editor.default\">\n\t\t\t\t<div class=\"elementor-widget-container\">\n\t\t\t\t\t\t\t\t\t<p><strong>Modelo Tirador Inverso:<\/strong><\/p><p>Integrado en el canto, fabricado en aluminio.<\/p>\t\t\t\t\t\t\t\t<\/div>\n\t\t\t\t<\/div>\n\t\t\t\t<\/div>\n\t\t<div class=\"elementor-element elementor-element-092c3f7 e-con-full e-flex e-con e-child\" data-id=\"092c3f7\" data-element_type=\"container\">\n\t\t\t\t<div class=\"elementor-element elementor-element-37e42b9 elementor-widget elementor-widget-image\" data-id=\"37e42b9\" data-element_type=\"widget\" data-widget_type=\"image.default\">\n\t\t\t\t<div class=\"elementor-widget-container\">\n\t\t\t\t\t\t\t\t\t\t\t\t\t\t\t\t<a href=\"https:\/\/lezamaasesores.com\/studiococina\/wp-content\/uploads\/2025\/07\/inverso2_portada.jpg\" data-elementor-open-lightbox=\"yes\" data-elementor-lightbox-title=\"inverso2_portada\" data-e-action-hash=\"#elementor-action%3Aaction%3Dlightbox%26settings%3DeyJpZCI6MjA2MiwidXJsIjoiaHR0cHM6XC9cL2xlemFtYWFzZXNvcmVzLmNvbVwvc3R1ZGlvY29jaW5hXC93cC1jb250ZW50XC91cGxvYWRzXC8yMDI1XC8wN1wvaW52ZXJzbzJfcG9ydGFkYS5qcGcifQ%3D%3D\">\n\t\t\t\t\t\t\t<img loading=\"lazy\" decoding=\"async\" width=\"1200\" height=\"800\" src=\"https:\/\/lezamaasesores.com\/studiococina\/wp-content\/uploads\/2025\/07\/inverso2_portada.jpg\" class=\"attachment-full size-full wp-image-2062\" alt=\"\" srcset=\"https:\/\/lezamaasesores.com\/studiococina\/wp-content\/uploads\/2025\/07\/inverso2_portada.jpg 1200w, https:\/\/lezamaasesores.com\/studiococina\/wp-content\/uploads\/2025\/07\/inverso2_portada-300x200.jpg 300w, https:\/\/lezamaasesores.com\/studiococina\/wp-content\/uploads\/2025\/07\/inverso2_portada-1024x683.jpg 1024w, https:\/\/lezamaasesores.com\/studiococina\/wp-content\/uploads\/2025\/07\/inverso2_portada-768x512.jpg 768w\" sizes=\"(max-width: 1200px) 100vw, 1200px\" \/>\t\t\t\t\t\t\t\t<\/a>\n\t\t\t\t\t\t\t\t\t\t\t\t\t\t\t<\/div>\n\t\t\t\t<\/div>\n\t\t\t\t<div class=\"elementor-element elementor-element-d2265b5 elementor-widget elementor-widget-text-editor\" data-id=\"d2265b5\" data-element_type=\"widget\" data-widget_type=\"text-editor.default\">\n\t\t\t\t<div class=\"elementor-widget-container\">\n\t\t\t\t\t\t\t\t\t<p><strong>Modelo Tirador Inverso:<\/strong><\/p><p>El modelo Yerga de delta con tirador inversoes una gran elecci\u00f3n.<\/p>\t\t\t\t\t\t\t\t<\/div>\n\t\t\t\t<\/div>\n\t\t\t\t<\/div>\n\t\t\t\t\t<\/div>\n\t\t\t\t<\/div>\n\t\t\t\t<\/div>\n\t\t","protected":false},"excerpt":{"rendered":"<p>Modelo Tirador inverso La atracci\u00f3n de lo diferente La decoraci\u00f3n de estilo n\u00f3rdico aporta espacios llenos de luz y claridad, gracias al color blanco y a la madera natural. \u00bfTe gusta? Solicita informaci\u00f3n sin compromiso Modelo Tirador Inverso: Siguiendo las nuevas tendencias de vida y estilo Hygge, un concepto que viene a definir un estado [&hellip;]<\/p>\n","protected":false},"author":1,"featured_media":0,"parent":0,"menu_order":0,"comment_status":"closed","ping_status":"closed","template":"","meta":{"footnotes":""},"class_list":["post-2052","page","type-page","status-publish","hentry"],"_links":{"self":[{"href":"https:\/\/lezamaasesores.com\/studiococina\/wp-json\/wp\/v2\/pages\/2052","targetHints":{"allow":["GET"]}}],"collection":[{"href":"https:\/\/lezamaasesores.com\/studiococina\/wp-json\/wp\/v2\/pages"}],"about":[{"href":"https:\/\/lezamaasesores.com\/studiococina\/wp-json\/wp\/v2\/types\/page"}],"author":[{"embeddable":true,"href":"https:\/\/lezamaasesores.com\/studiococina\/wp-json\/wp\/v2\/users\/1"}],"replies":[{"embeddable":true,"href":"https:\/\/lezamaasesores.com\/studiococina\/wp-json\/wp\/v2\/comments?post=2052"}],"version-history":[{"count":3,"href":"https:\/\/lezamaasesores.com\/studiococina\/wp-json\/wp\/v2\/pages\/2052\/revisions"}],"predecessor-version":[{"id":4806,"href":"https:\/\/lezamaasesores.com\/studiococina\/wp-json\/wp\/v2\/pages\/2052\/revisions\/4806"}],"wp:attachment":[{"href":"https:\/\/lezamaasesores.com\/studiococina\/wp-json\/wp\/v2\/media?parent=2052"}],"curies":[{"name":"wp","href":"https:\/\/api.w.org\/{rel}","templated":true}]}}