{"id":2032,"date":"2025-07-16T16:05:14","date_gmt":"2025-07-16T14:05:14","guid":{"rendered":"https:\/\/lezamaasesores.com\/studiococina\/?page_id=2032"},"modified":"2025-10-01T19:51:46","modified_gmt":"2025-10-01T17:51:46","slug":"cocina-tirador-lineal","status":"publish","type":"page","link":"https:\/\/lezamaasesores.com\/studiococina\/cocina-tirador-lineal\/","title":{"rendered":"Cocina tirador lineal"},"content":{"rendered":"\t\t<div data-elementor-type=\"wp-page\" data-elementor-id=\"2032\" class=\"elementor elementor-2032\" data-elementor-post-type=\"page\">\n\t\t\t\t<div class=\"elementor-element elementor-element-5758ed4 e-flex e-con-boxed e-con e-parent\" data-id=\"5758ed4\" data-element_type=\"container\" data-settings=\"{&quot;background_motion_fx_motion_fx_mouse&quot;:&quot;yes&quot;,&quot;background_background&quot;:&quot;classic&quot;}\">\n\t\t\t\t\t<div class=\"e-con-inner\">\n\t\t<div class=\"elementor-element elementor-element-6a1bfad e-con-full e-flex e-con e-child\" data-id=\"6a1bfad\" data-element_type=\"container\" data-settings=\"{&quot;background_motion_fx_translateY_effect&quot;:&quot;yes&quot;,&quot;background_motion_fx_translateY_direction&quot;:&quot;negative&quot;,&quot;background_motion_fx_translateY_speed&quot;:{&quot;unit&quot;:&quot;px&quot;,&quot;size&quot;:8.9000000000000003552713678800500929355621337890625,&quot;sizes&quot;:[]},&quot;background_motion_fx_translateY_affectedRange&quot;:{&quot;unit&quot;:&quot;%&quot;,&quot;size&quot;:&quot;&quot;,&quot;sizes&quot;:{&quot;start&quot;:0,&quot;end&quot;:100}},&quot;background_motion_fx_devices&quot;:[&quot;desktop&quot;,&quot;tablet&quot;,&quot;mobile&quot;]}\">\n\t\t\t\t<div class=\"elementor-element elementor-element-e12f6bb elementor-widget elementor-widget-text-editor\" data-id=\"e12f6bb\" data-element_type=\"widget\" data-widget_type=\"text-editor.default\">\n\t\t\t\t<div class=\"elementor-widget-container\">\n\t\t\t\t\t\t\t\t\t<p>Modelo<\/p>\t\t\t\t\t\t\t\t<\/div>\n\t\t\t\t<\/div>\n\t\t\t\t<div class=\"elementor-element elementor-element-d38f6cb elementor-widget elementor-widget-text-editor\" data-id=\"d38f6cb\" data-element_type=\"widget\" data-widget_type=\"text-editor.default\">\n\t\t\t\t<div class=\"elementor-widget-container\">\n\t\t\t\t\t\t\t\t\t<p>Tirador lineal<\/p>\t\t\t\t\t\t\t\t<\/div>\n\t\t\t\t<\/div>\n\t\t<div class=\"elementor-element elementor-element-1646b24 e-con-full e-flex e-con e-child\" data-id=\"1646b24\" data-element_type=\"container\">\n\t\t<div class=\"elementor-element elementor-element-fbf9387 e-con-full e-flex e-con e-child\" data-id=\"fbf9387\" data-element_type=\"container\">\n\t\t\t\t<div class=\"elementor-element elementor-element-b52c06b e-transform elementor-view-default elementor-widget elementor-widget-icon\" data-id=\"b52c06b\" data-element_type=\"widget\" data-settings=\"{&quot;_transform_scale_effect_hover&quot;:{&quot;unit&quot;:&quot;px&quot;,&quot;size&quot;:1.100000000000000088817841970012523233890533447265625,&quot;sizes&quot;:[]},&quot;_transform_scale_effect_hover_tablet&quot;:{&quot;unit&quot;:&quot;px&quot;,&quot;size&quot;:&quot;&quot;,&quot;sizes&quot;:[]},&quot;_transform_scale_effect_hover_mobile&quot;:{&quot;unit&quot;:&quot;px&quot;,&quot;size&quot;:&quot;&quot;,&quot;sizes&quot;:[]}}\" data-widget_type=\"icon.default\">\n\t\t\t\t<div class=\"elementor-widget-container\">\n\t\t\t\t\t\t\t<div class=\"elementor-icon-wrapper\">\n\t\t\t<a class=\"elementor-icon\" href=\"#imagen\">\n\t\t\t<svg xmlns=\"http:\/\/www.w3.org\/2000\/svg\" viewBox=\"0 0 48 48\" width=\"512\" height=\"512\"><g id=\"Ikon\"><path d=\"M24,46A22,22,0,1,1,46,24,22.02489,22.02489,0,0,1,24,46ZM24,4A20,20,0,1,0,44,24,20.0226,20.0226,0,0,0,24,4ZM35,18H34a2.996,2.996,0,0,0-3-3H30a2.996,2.996,0,0,0-3-3H13a2.996,2.996,0,0,0-3,3V27a2.996,2.996,0,0,0,3,3h1a2.996,2.996,0,0,0,3,3h1a3.00883,3.00883,0,0,0,3,3H35a3.00883,3.00883,0,0,0,3-3V21A3.00879,3.00879,0,0,0,35,18ZM13,28a1.003,1.003,0,0,1-1-1V15a1.003,1.003,0,0,1,1-1H27a1.003,1.003,0,0,1,1,1H17a2.996,2.996,0,0,0-3,3V28Zm4,3a1.003,1.003,0,0,1-1-1V18a1.003,1.003,0,0,1,1-1H31a1.003,1.003,0,0,1,1,1H21a2.996,2.996,0,0,0-3,3V31Zm7.24512,3H21a.99285.99285,0,0,1-.95776-.79205l2.63647-2.83a1.00742,1.00742,0,0,1,1.43945-.02588l1.67676,1.67725ZM36,33a1.003,1.003,0,0,1-1,1H26.9l4.74-6.15a1.00106,1.00106,0,0,1,1.49-.1L36,30.56Zm-1.46-6.68a3.02016,3.02016,0,0,0-4.48.31l-2.97827,3.85761-1.5495-1.55011a3.01453,3.01453,0,0,0-4.31641.07715L20,30.3197V21a1.003,1.003,0,0,1,1-1H35a1.003,1.003,0,0,1,1,1v6.75ZM25.5,21A2.5,2.5,0,1,0,28,23.5,2.50263,2.50263,0,0,0,25.5,21Zm0,3a.5.5,0,1,1,.5-.5A.50065.50065,0,0,1,25.5,24Z\"><\/path><\/g><\/svg>\t\t\t<\/a>\n\t\t<\/div>\n\t\t\t\t\t\t<\/div>\n\t\t\t\t<\/div>\n\t\t\t\t<\/div>\n\t\t<div class=\"elementor-element elementor-element-b0af45f e-con-full e-flex e-con e-child\" data-id=\"b0af45f\" data-element_type=\"container\">\n\t\t\t\t<div class=\"elementor-element elementor-element-8896a71 e-transform elementor-view-default elementor-widget elementor-widget-icon\" data-id=\"8896a71\" data-element_type=\"widget\" data-settings=\"{&quot;_transform_scale_effect_hover&quot;:{&quot;unit&quot;:&quot;px&quot;,&quot;size&quot;:1.100000000000000088817841970012523233890533447265625,&quot;sizes&quot;:[]},&quot;_transform_scale_effect_hover_tablet&quot;:{&quot;unit&quot;:&quot;px&quot;,&quot;size&quot;:&quot;&quot;,&quot;sizes&quot;:[]},&quot;_transform_scale_effect_hover_mobile&quot;:{&quot;unit&quot;:&quot;px&quot;,&quot;size&quot;:&quot;&quot;,&quot;sizes&quot;:[]}}\" data-widget_type=\"icon.default\">\n\t\t\t\t<div class=\"elementor-widget-container\">\n\t\t\t\t\t\t\t<div class=\"elementor-icon-wrapper\">\n\t\t\t<a class=\"elementor-icon\" href=\"#texto\">\n\t\t\t<svg xmlns=\"http:\/\/www.w3.org\/2000\/svg\" height=\"512pt\" viewBox=\"0 0 512 512\" width=\"512pt\"><path d=\"m256 0c-141.484375 0-256 114.496094-256 256 0 141.484375 114.496094 256 256 256 141.484375 0 256-114.496094 256-256 0-141.484375-114.496094-256-256-256zm0 472c-119.378906 0-216-96.609375-216-216 0-119.378906 96.609375-216 216-216 119.378906 0 216 96.609375 216 216 0 119.378906-96.609375 216-216 216zm59.332031-98c0 11.046875-8.953125 20-20 20h-78.664062c-11.046875 0-20-8.953125-20-20s8.953125-20 20-20h19.332031v-117.332031h-19.332031c-11.046875 0-20-8.953125-20-20s8.953125-20 20-20h39.332031c11.046875 0 20 8.953125 20 20v137.332031h19.332031c11.046875 0 20 8.953125 20 20zm-84.332031-250.332031c0-13.808594 11.191406-25 25-25s25 11.191406 25 25c0 13.804687-11.191406 25-25 25s-25-11.195313-25-25zm0 0\"><\/path><\/svg>\t\t\t<\/a>\n\t\t<\/div>\n\t\t\t\t\t\t<\/div>\n\t\t\t\t<\/div>\n\t\t\t\t<\/div>\n\t\t\t\t<\/div>\n\t\t\t\t<\/div>\n\t\t<div class=\"elementor-element elementor-element-432ca6f e-con-full e-flex e-con e-child\" data-id=\"432ca6f\" data-element_type=\"container\">\n\t\t\t\t<\/div>\n\t\t\t\t\t<\/div>\n\t\t\t\t<\/div>\n\t\t<div class=\"elementor-element elementor-element-39d3825 e-flex e-con-boxed e-con e-parent\" data-id=\"39d3825\" data-element_type=\"container\" data-settings=\"{&quot;background_background&quot;:&quot;classic&quot;}\">\n\t\t\t\t\t<div class=\"e-con-inner\">\n\t\t<div class=\"elementor-element elementor-element-3167825 e-con-full e-flex e-con e-child\" data-id=\"3167825\" data-element_type=\"container\">\n\t\t\t\t<div class=\"elementor-element elementor-element-1926b22 elementor-widget__width-initial elementor-widget elementor-widget-text-editor\" data-id=\"1926b22\" data-element_type=\"widget\" data-widget_type=\"text-editor.default\">\n\t\t\t\t<div class=\"elementor-widget-container\">\n\t\t\t\t\t\t\t\t\t<p>Continuidad lineal<\/p>\t\t\t\t\t\t\t\t<\/div>\n\t\t\t\t<\/div>\n\t\t\t\t<div class=\"elementor-element elementor-element-6461241 elementor-widget elementor-widget-text-editor\" data-id=\"6461241\" data-element_type=\"widget\" data-widget_type=\"text-editor.default\">\n\t\t\t\t<div class=\"elementor-widget-container\">\n\t\t\t\t\t\t\t\t\t<p>Incorporando las \u00faltimas tendencias, nuestras l\u00edneas m\u00e1s cl\u00e1sicas se renuevan con esta propuesta de muebles de cocina con tirador lineal.<\/p>\t\t\t\t\t\t\t\t<\/div>\n\t\t\t\t<\/div>\n\t\t\t\t<\/div>\n\t\t<div class=\"elementor-element elementor-element-42d715e e-con-full e-flex e-con e-child\" data-id=\"42d715e\" data-element_type=\"container\">\n\t\t<div class=\"elementor-element elementor-element-3f0508d e-con-full e-flex e-con e-child\" data-id=\"3f0508d\" data-element_type=\"container\">\n\t\t<div class=\"elementor-element elementor-element-47a16c1 e-con-full e-flex e-con e-child\" data-id=\"47a16c1\" data-element_type=\"container\">\n\t\t\t\t<\/div>\n\t\t<div class=\"elementor-element elementor-element-b7f2c99 e-con-full e-flex e-con e-child\" data-id=\"b7f2c99\" data-element_type=\"container\">\n\t\t\t\t<div class=\"elementor-element elementor-element-90531ac elementor-view-default elementor-widget elementor-widget-icon\" data-id=\"90531ac\" data-element_type=\"widget\" data-widget_type=\"icon.default\">\n\t\t\t\t<div class=\"elementor-widget-container\">\n\t\t\t\t\t\t\t<div class=\"elementor-icon-wrapper\">\n\t\t\t<a class=\"elementor-icon\" href=\"https:\/\/lezamaasesores.com\/studiococina\/contacto\/\">\n\t\t\t<svg xmlns=\"http:\/\/www.w3.org\/2000\/svg\" height=\"512pt\" viewBox=\"0 0 512 512\" width=\"512pt\"><path d=\"m256 0c-141.484375 0-256 114.496094-256 256 0 141.484375 114.496094 256 256 256 141.484375 0 256-114.496094 256-256 0-141.484375-114.496094-256-256-256zm0 472c-119.378906 0-216-96.609375-216-216 0-119.378906 96.609375-216 216-216 119.378906 0 216 96.609375 216 216 0 119.378906-96.609375 216-216 216zm59.332031-98c0 11.046875-8.953125 20-20 20h-78.664062c-11.046875 0-20-8.953125-20-20s8.953125-20 20-20h19.332031v-117.332031h-19.332031c-11.046875 0-20-8.953125-20-20s8.953125-20 20-20h39.332031c11.046875 0 20 8.953125 20 20v137.332031h19.332031c11.046875 0 20 8.953125 20 20zm-84.332031-250.332031c0-13.808594 11.191406-25 25-25s25 11.191406 25 25c0 13.804687-11.191406 25-25 25s-25-11.195313-25-25zm0 0\"><\/path><\/svg>\t\t\t<\/a>\n\t\t<\/div>\n\t\t\t\t\t\t<\/div>\n\t\t\t\t<\/div>\n\t\t\t\t<\/div>\n\t\t<div class=\"elementor-element elementor-element-bcefdf3 e-con-full e-flex e-con e-child\" data-id=\"bcefdf3\" data-element_type=\"container\">\n\t\t\t\t<div class=\"elementor-element elementor-element-8bd6114 elementor-widget elementor-widget-text-editor\" data-id=\"8bd6114\" data-element_type=\"widget\" data-widget_type=\"text-editor.default\">\n\t\t\t\t<div class=\"elementor-widget-container\">\n\t\t\t\t\t\t\t\t\t<p><strong>\u00bfTe gusta?<\/strong><\/p><p>Solicita informaci\u00f3n sin compromiso<\/p>\t\t\t\t\t\t\t\t<\/div>\n\t\t\t\t<\/div>\n\t\t\t\t<\/div>\n\t\t\t\t<\/div>\n\t\t\t\t<\/div>\n\t\t\t\t\t<\/div>\n\t\t\t\t<\/div>\n\t\t<div class=\"elementor-element elementor-element-943abdd e-flex e-con-boxed e-con e-parent\" data-id=\"943abdd\" data-element_type=\"container\" id=\"imagen\" data-settings=\"{&quot;background_background&quot;:&quot;classic&quot;}\">\n\t\t\t\t\t<div class=\"e-con-inner\">\n\t\t<div class=\"elementor-element elementor-element-408e101 e-con-full e-flex e-con e-child\" data-id=\"408e101\" data-element_type=\"container\">\n\t\t\t\t<div class=\"elementor-element elementor-element-084b73b elementor-widget elementor-widget-image\" data-id=\"084b73b\" data-element_type=\"widget\" data-widget_type=\"image.default\">\n\t\t\t\t<div class=\"elementor-widget-container\">\n\t\t\t\t\t\t\t\t\t\t\t\t\t\t\t\t<a href=\"https:\/\/lezamaasesores.com\/studiococina\/wp-content\/uploads\/2025\/07\/lineal2_portada.jpg\" data-elementor-open-lightbox=\"yes\" data-elementor-lightbox-title=\"lineal2_portada\" data-e-action-hash=\"#elementor-action%3Aaction%3Dlightbox%26settings%3DeyJpZCI6MjA0MiwidXJsIjoiaHR0cHM6XC9cL2xlemFtYWFzZXNvcmVzLmNvbVwvc3R1ZGlvY29jaW5hXC93cC1jb250ZW50XC91cGxvYWRzXC8yMDI1XC8wN1wvbGluZWFsMl9wb3J0YWRhLmpwZyJ9\">\n\t\t\t\t\t\t\t<img fetchpriority=\"high\" decoding=\"async\" width=\"1000\" height=\"667\" src=\"https:\/\/lezamaasesores.com\/studiococina\/wp-content\/uploads\/2025\/07\/lineal2_portada.jpg\" class=\"attachment-full size-full wp-image-2042\" alt=\"\" srcset=\"https:\/\/lezamaasesores.com\/studiococina\/wp-content\/uploads\/2025\/07\/lineal2_portada.jpg 1000w, https:\/\/lezamaasesores.com\/studiococina\/wp-content\/uploads\/2025\/07\/lineal2_portada-300x200.jpg 300w, https:\/\/lezamaasesores.com\/studiococina\/wp-content\/uploads\/2025\/07\/lineal2_portada-768x512.jpg 768w\" sizes=\"(max-width: 1000px) 100vw, 1000px\" \/>\t\t\t\t\t\t\t\t<\/a>\n\t\t\t\t\t\t\t\t\t\t\t\t\t\t\t<\/div>\n\t\t\t\t<\/div>\n\t\t\t\t<div class=\"elementor-element elementor-element-9dd58d6 elementor-widget elementor-widget-text-editor\" data-id=\"9dd58d6\" data-element_type=\"widget\" data-widget_type=\"text-editor.default\">\n\t\t\t\t<div class=\"elementor-widget-container\">\n\t\t\t\t\t\t\t\t\t<p><strong>Modelo Tirador Lineal:<\/strong><\/p><p>Dise\u00f1o de cocina donde la continuidad cede el protagonismo a otros elementos del mobiliario.<\/p>\t\t\t\t\t\t\t\t<\/div>\n\t\t\t\t<\/div>\n\t\t\t\t<\/div>\n\t\t<div class=\"elementor-element elementor-element-469abff e-con-full e-flex e-con e-child\" data-id=\"469abff\" data-element_type=\"container\">\n\t\t\t\t<div class=\"elementor-element elementor-element-434fd56 elementor-widget elementor-widget-image\" data-id=\"434fd56\" data-element_type=\"widget\" data-widget_type=\"image.default\">\n\t\t\t\t<div class=\"elementor-widget-container\">\n\t\t\t\t\t\t\t\t\t\t\t\t\t\t\t\t<a href=\"https:\/\/lezamaasesores.com\/studiococina\/wp-content\/uploads\/2025\/07\/lineal2_inspiracion3.jpg\" data-elementor-open-lightbox=\"yes\" data-elementor-lightbox-title=\"lineal2_inspiracion3\" data-e-action-hash=\"#elementor-action%3Aaction%3Dlightbox%26settings%3DeyJpZCI6MjA0MSwidXJsIjoiaHR0cHM6XC9cL2xlemFtYWFzZXNvcmVzLmNvbVwvc3R1ZGlvY29jaW5hXC93cC1jb250ZW50XC91cGxvYWRzXC8yMDI1XC8wN1wvbGluZWFsMl9pbnNwaXJhY2lvbjMuanBnIn0%3D\">\n\t\t\t\t\t\t\t<img decoding=\"async\" width=\"864\" height=\"502\" src=\"https:\/\/lezamaasesores.com\/studiococina\/wp-content\/uploads\/2025\/07\/lineal2_inspiracion3.jpg\" class=\"attachment-full size-full wp-image-2041\" alt=\"\" srcset=\"https:\/\/lezamaasesores.com\/studiococina\/wp-content\/uploads\/2025\/07\/lineal2_inspiracion3.jpg 864w, https:\/\/lezamaasesores.com\/studiococina\/wp-content\/uploads\/2025\/07\/lineal2_inspiracion3-300x174.jpg 300w, https:\/\/lezamaasesores.com\/studiococina\/wp-content\/uploads\/2025\/07\/lineal2_inspiracion3-768x446.jpg 768w\" sizes=\"(max-width: 864px) 100vw, 864px\" \/>\t\t\t\t\t\t\t\t<\/a>\n\t\t\t\t\t\t\t\t\t\t\t\t\t\t\t<\/div>\n\t\t\t\t<\/div>\n\t\t\t\t<div class=\"elementor-element elementor-element-7b34ed1 elementor-widget elementor-widget-text-editor\" data-id=\"7b34ed1\" data-element_type=\"widget\" data-widget_type=\"text-editor.default\">\n\t\t\t\t<div class=\"elementor-widget-container\">\n\t\t\t\t\t\t\t\t\t<p><strong>Modelo Tirador Lineal:<\/strong><\/p><p>Tiradores en u\u00f1ero integrados\u00a0<\/p>\t\t\t\t\t\t\t\t<\/div>\n\t\t\t\t<\/div>\n\t\t\t\t<\/div>\n\t\t\t\t\t<\/div>\n\t\t\t\t<\/div>\n\t\t<div class=\"elementor-element elementor-element-c5974c4 e-flex e-con-boxed e-con e-parent\" data-id=\"c5974c4\" data-element_type=\"container\" data-settings=\"{&quot;background_background&quot;:&quot;classic&quot;}\">\n\t\t\t\t\t<div class=\"e-con-inner\">\n\t\t<div class=\"elementor-element elementor-element-cd67ffd e-con-full e-flex e-con e-child\" data-id=\"cd67ffd\" data-element_type=\"container\">\n\t\t\t\t<div class=\"elementor-element elementor-element-6f1d60c elementor-widget elementor-widget-image\" data-id=\"6f1d60c\" data-element_type=\"widget\" data-widget_type=\"image.default\">\n\t\t\t\t<div class=\"elementor-widget-container\">\n\t\t\t\t\t\t\t\t\t\t\t\t\t\t\t\t<a href=\"https:\/\/lezamaasesores.com\/studiococina\/wp-content\/uploads\/2025\/07\/lineal2_2.jpg\" data-elementor-open-lightbox=\"yes\" data-elementor-lightbox-title=\"lineal2_2\" data-e-action-hash=\"#elementor-action%3Aaction%3Dlightbox%26settings%3DeyJpZCI6MjA0MCwidXJsIjoiaHR0cHM6XC9cL2xlemFtYWFzZXNvcmVzLmNvbVwvc3R1ZGlvY29jaW5hXC93cC1jb250ZW50XC91cGxvYWRzXC8yMDI1XC8wN1wvbGluZWFsMl8yLmpwZyJ9\">\n\t\t\t\t\t\t\t<img decoding=\"async\" width=\"1000\" height=\"667\" src=\"https:\/\/lezamaasesores.com\/studiococina\/wp-content\/uploads\/2025\/07\/lineal2_2.jpg\" class=\"attachment-full size-full wp-image-2040\" alt=\"\" srcset=\"https:\/\/lezamaasesores.com\/studiococina\/wp-content\/uploads\/2025\/07\/lineal2_2.jpg 1000w, https:\/\/lezamaasesores.com\/studiococina\/wp-content\/uploads\/2025\/07\/lineal2_2-300x200.jpg 300w, https:\/\/lezamaasesores.com\/studiococina\/wp-content\/uploads\/2025\/07\/lineal2_2-768x512.jpg 768w\" sizes=\"(max-width: 1000px) 100vw, 1000px\" \/>\t\t\t\t\t\t\t\t<\/a>\n\t\t\t\t\t\t\t\t\t\t\t\t\t\t\t<\/div>\n\t\t\t\t<\/div>\n\t\t\t\t<div class=\"elementor-element elementor-element-8d4cdc8 elementor-widget elementor-widget-text-editor\" data-id=\"8d4cdc8\" data-element_type=\"widget\" data-widget_type=\"text-editor.default\">\n\t\t\t\t<div class=\"elementor-widget-container\">\n\t\t\t\t\t\t\t\t\t<p><strong>Modelo Tirador Lineal:<\/strong><\/p><p>CRea una estancia capaz de integrarse en espacios abiertos sin limitar la creatividad decorativa.<\/p>\t\t\t\t\t\t\t\t<\/div>\n\t\t\t\t<\/div>\n\t\t\t\t<\/div>\n\t\t<div class=\"elementor-element elementor-element-54e3ce3 e-con-full e-flex e-con e-child\" data-id=\"54e3ce3\" data-element_type=\"container\">\n\t\t\t\t<div class=\"elementor-element elementor-element-30e56a8 elementor-widget elementor-widget-image\" data-id=\"30e56a8\" data-element_type=\"widget\" data-widget_type=\"image.default\">\n\t\t\t\t<div class=\"elementor-widget-container\">\n\t\t\t\t\t\t\t\t\t\t\t\t\t\t\t\t<a href=\"https:\/\/lezamaasesores.com\/studiococina\/wp-content\/uploads\/2025\/07\/lineal_inspiracion2.jpg\" data-elementor-open-lightbox=\"yes\" data-elementor-lightbox-title=\"lineal_inspiracion2\" data-e-action-hash=\"#elementor-action%3Aaction%3Dlightbox%26settings%3DeyJpZCI6MjAzOCwidXJsIjoiaHR0cHM6XC9cL2xlemFtYWFzZXNvcmVzLmNvbVwvc3R1ZGlvY29jaW5hXC93cC1jb250ZW50XC91cGxvYWRzXC8yMDI1XC8wN1wvbGluZWFsX2luc3BpcmFjaW9uMi5qcGcifQ%3D%3D\">\n\t\t\t\t\t\t\t<img loading=\"lazy\" decoding=\"async\" width=\"1000\" height=\"667\" src=\"https:\/\/lezamaasesores.com\/studiococina\/wp-content\/uploads\/2025\/07\/lineal_inspiracion2.jpg\" class=\"attachment-full size-full wp-image-2038\" alt=\"\" srcset=\"https:\/\/lezamaasesores.com\/studiococina\/wp-content\/uploads\/2025\/07\/lineal_inspiracion2.jpg 1000w, https:\/\/lezamaasesores.com\/studiococina\/wp-content\/uploads\/2025\/07\/lineal_inspiracion2-300x200.jpg 300w, https:\/\/lezamaasesores.com\/studiococina\/wp-content\/uploads\/2025\/07\/lineal_inspiracion2-768x512.jpg 768w\" sizes=\"(max-width: 1000px) 100vw, 1000px\" \/>\t\t\t\t\t\t\t\t<\/a>\n\t\t\t\t\t\t\t\t\t\t\t\t\t\t\t<\/div>\n\t\t\t\t<\/div>\n\t\t\t\t<div class=\"elementor-element elementor-element-52f8b2b elementor-widget elementor-widget-text-editor\" data-id=\"52f8b2b\" data-element_type=\"widget\" data-widget_type=\"text-editor.default\">\n\t\t\t\t<div class=\"elementor-widget-container\">\n\t\t\t\t\t\t\t\t\t<p><strong>Modelo Tirador Lineal:<\/strong><\/p><p>Detalle de tirador lineal.<\/p>\t\t\t\t\t\t\t\t<\/div>\n\t\t\t\t<\/div>\n\t\t\t\t<\/div>\n\t\t\t\t\t<\/div>\n\t\t\t\t<\/div>\n\t\t\t\t<\/div>\n\t\t","protected":false},"excerpt":{"rendered":"<p>Modelo Tirador lineal Continuidad lineal Incorporando las \u00faltimas tendencias, nuestras l\u00edneas m\u00e1s cl\u00e1sicas se renuevan con esta propuesta de muebles de cocina con tirador lineal. \u00bfTe gusta? Solicita informaci\u00f3n sin compromiso Modelo Tirador Lineal: Dise\u00f1o de cocina donde la continuidad cede el protagonismo a otros elementos del mobiliario. Modelo Tirador Lineal: Tiradores en u\u00f1ero integrados\u00a0 [&hellip;]<\/p>\n","protected":false},"author":1,"featured_media":0,"parent":0,"menu_order":0,"comment_status":"closed","ping_status":"closed","template":"","meta":{"footnotes":""},"class_list":["post-2032","page","type-page","status-publish","hentry"],"_links":{"self":[{"href":"https:\/\/lezamaasesores.com\/studiococina\/wp-json\/wp\/v2\/pages\/2032","targetHints":{"allow":["GET"]}}],"collection":[{"href":"https:\/\/lezamaasesores.com\/studiococina\/wp-json\/wp\/v2\/pages"}],"about":[{"href":"https:\/\/lezamaasesores.com\/studiococina\/wp-json\/wp\/v2\/types\/page"}],"author":[{"embeddable":true,"href":"https:\/\/lezamaasesores.com\/studiococina\/wp-json\/wp\/v2\/users\/1"}],"replies":[{"embeddable":true,"href":"https:\/\/lezamaasesores.com\/studiococina\/wp-json\/wp\/v2\/comments?post=2032"}],"version-history":[{"count":3,"href":"https:\/\/lezamaasesores.com\/studiococina\/wp-json\/wp\/v2\/pages\/2032\/revisions"}],"predecessor-version":[{"id":4809,"href":"https:\/\/lezamaasesores.com\/studiococina\/wp-json\/wp\/v2\/pages\/2032\/revisions\/4809"}],"wp:attachment":[{"href":"https:\/\/lezamaasesores.com\/studiococina\/wp-json\/wp\/v2\/media?parent=2032"}],"curies":[{"name":"wp","href":"https:\/\/api.w.org\/{rel}","templated":true}]}}