{"id":1704,"date":"2025-07-15T14:07:10","date_gmt":"2025-07-15T12:07:10","guid":{"rendered":"https:\/\/lezamaasesores.com\/studiococina\/?page_id=1704"},"modified":"2025-10-01T19:28:27","modified_gmt":"2025-10-01T17:28:27","slug":"cocina-kala","status":"publish","type":"page","link":"https:\/\/lezamaasesores.com\/studiococina\/cocina-kala\/","title":{"rendered":"Cocina Kala"},"content":{"rendered":"\t\t<div data-elementor-type=\"wp-page\" data-elementor-id=\"1704\" class=\"elementor elementor-1704\" data-elementor-post-type=\"page\">\n\t\t\t\t<div class=\"elementor-element elementor-element-ac38cac e-flex e-con-boxed e-con e-parent\" data-id=\"ac38cac\" data-element_type=\"container\" data-settings=\"{&quot;background_motion_fx_motion_fx_mouse&quot;:&quot;yes&quot;,&quot;background_background&quot;:&quot;classic&quot;}\">\n\t\t\t\t\t<div class=\"e-con-inner\">\n\t\t<div class=\"elementor-element elementor-element-3efb2cf e-con-full e-flex e-con e-child\" data-id=\"3efb2cf\" data-element_type=\"container\" data-settings=\"{&quot;background_motion_fx_translateY_effect&quot;:&quot;yes&quot;,&quot;background_motion_fx_translateY_direction&quot;:&quot;negative&quot;,&quot;background_motion_fx_translateY_speed&quot;:{&quot;unit&quot;:&quot;px&quot;,&quot;size&quot;:8.9000000000000003552713678800500929355621337890625,&quot;sizes&quot;:[]},&quot;background_motion_fx_translateY_affectedRange&quot;:{&quot;unit&quot;:&quot;%&quot;,&quot;size&quot;:&quot;&quot;,&quot;sizes&quot;:{&quot;start&quot;:0,&quot;end&quot;:100}},&quot;background_motion_fx_devices&quot;:[&quot;desktop&quot;,&quot;tablet&quot;,&quot;mobile&quot;]}\">\n\t\t\t\t<div class=\"elementor-element elementor-element-c9b1c8b elementor-widget elementor-widget-text-editor\" data-id=\"c9b1c8b\" data-element_type=\"widget\" data-widget_type=\"text-editor.default\">\n\t\t\t\t<div class=\"elementor-widget-container\">\n\t\t\t\t\t\t\t\t\t<p>Modelo<\/p>\t\t\t\t\t\t\t\t<\/div>\n\t\t\t\t<\/div>\n\t\t\t\t<div class=\"elementor-element elementor-element-980c3ed elementor-widget elementor-widget-text-editor\" data-id=\"980c3ed\" data-element_type=\"widget\" data-widget_type=\"text-editor.default\">\n\t\t\t\t<div class=\"elementor-widget-container\">\n\t\t\t\t\t\t\t\t\t<p>Kala<\/p>\t\t\t\t\t\t\t\t<\/div>\n\t\t\t\t<\/div>\n\t\t<div class=\"elementor-element elementor-element-96337b8 e-con-full e-flex e-con e-child\" data-id=\"96337b8\" data-element_type=\"container\">\n\t\t<div class=\"elementor-element elementor-element-fe94f3e e-con-full e-flex e-con e-child\" data-id=\"fe94f3e\" data-element_type=\"container\">\n\t\t\t\t<div class=\"elementor-element elementor-element-5b31f66 e-transform elementor-view-default elementor-widget elementor-widget-icon\" data-id=\"5b31f66\" data-element_type=\"widget\" data-settings=\"{&quot;_transform_scale_effect_hover&quot;:{&quot;unit&quot;:&quot;px&quot;,&quot;size&quot;:1.100000000000000088817841970012523233890533447265625,&quot;sizes&quot;:[]},&quot;_transform_scale_effect_hover_tablet&quot;:{&quot;unit&quot;:&quot;px&quot;,&quot;size&quot;:&quot;&quot;,&quot;sizes&quot;:[]},&quot;_transform_scale_effect_hover_mobile&quot;:{&quot;unit&quot;:&quot;px&quot;,&quot;size&quot;:&quot;&quot;,&quot;sizes&quot;:[]}}\" data-widget_type=\"icon.default\">\n\t\t\t\t<div class=\"elementor-widget-container\">\n\t\t\t\t\t\t\t<div class=\"elementor-icon-wrapper\">\n\t\t\t<a class=\"elementor-icon\" href=\"#imagen\">\n\t\t\t<svg xmlns=\"http:\/\/www.w3.org\/2000\/svg\" viewBox=\"0 0 48 48\" width=\"512\" height=\"512\"><g id=\"Ikon\"><path d=\"M24,46A22,22,0,1,1,46,24,22.02489,22.02489,0,0,1,24,46ZM24,4A20,20,0,1,0,44,24,20.0226,20.0226,0,0,0,24,4ZM35,18H34a2.996,2.996,0,0,0-3-3H30a2.996,2.996,0,0,0-3-3H13a2.996,2.996,0,0,0-3,3V27a2.996,2.996,0,0,0,3,3h1a2.996,2.996,0,0,0,3,3h1a3.00883,3.00883,0,0,0,3,3H35a3.00883,3.00883,0,0,0,3-3V21A3.00879,3.00879,0,0,0,35,18ZM13,28a1.003,1.003,0,0,1-1-1V15a1.003,1.003,0,0,1,1-1H27a1.003,1.003,0,0,1,1,1H17a2.996,2.996,0,0,0-3,3V28Zm4,3a1.003,1.003,0,0,1-1-1V18a1.003,1.003,0,0,1,1-1H31a1.003,1.003,0,0,1,1,1H21a2.996,2.996,0,0,0-3,3V31Zm7.24512,3H21a.99285.99285,0,0,1-.95776-.79205l2.63647-2.83a1.00742,1.00742,0,0,1,1.43945-.02588l1.67676,1.67725ZM36,33a1.003,1.003,0,0,1-1,1H26.9l4.74-6.15a1.00106,1.00106,0,0,1,1.49-.1L36,30.56Zm-1.46-6.68a3.02016,3.02016,0,0,0-4.48.31l-2.97827,3.85761-1.5495-1.55011a3.01453,3.01453,0,0,0-4.31641.07715L20,30.3197V21a1.003,1.003,0,0,1,1-1H35a1.003,1.003,0,0,1,1,1v6.75ZM25.5,21A2.5,2.5,0,1,0,28,23.5,2.50263,2.50263,0,0,0,25.5,21Zm0,3a.5.5,0,1,1,.5-.5A.50065.50065,0,0,1,25.5,24Z\"><\/path><\/g><\/svg>\t\t\t<\/a>\n\t\t<\/div>\n\t\t\t\t\t\t<\/div>\n\t\t\t\t<\/div>\n\t\t\t\t<\/div>\n\t\t<div class=\"elementor-element elementor-element-d6a742e e-con-full e-flex e-con e-child\" data-id=\"d6a742e\" data-element_type=\"container\">\n\t\t\t\t<div class=\"elementor-element elementor-element-83825a1 e-transform elementor-view-default elementor-widget elementor-widget-icon\" data-id=\"83825a1\" data-element_type=\"widget\" data-settings=\"{&quot;_transform_scale_effect_hover&quot;:{&quot;unit&quot;:&quot;px&quot;,&quot;size&quot;:1.100000000000000088817841970012523233890533447265625,&quot;sizes&quot;:[]},&quot;_transform_scale_effect_hover_tablet&quot;:{&quot;unit&quot;:&quot;px&quot;,&quot;size&quot;:&quot;&quot;,&quot;sizes&quot;:[]},&quot;_transform_scale_effect_hover_mobile&quot;:{&quot;unit&quot;:&quot;px&quot;,&quot;size&quot;:&quot;&quot;,&quot;sizes&quot;:[]}}\" data-widget_type=\"icon.default\">\n\t\t\t\t<div class=\"elementor-widget-container\">\n\t\t\t\t\t\t\t<div class=\"elementor-icon-wrapper\">\n\t\t\t<a class=\"elementor-icon\" href=\"#texto\">\n\t\t\t<svg xmlns=\"http:\/\/www.w3.org\/2000\/svg\" height=\"512pt\" viewBox=\"0 0 512 512\" width=\"512pt\"><path d=\"m256 0c-141.484375 0-256 114.496094-256 256 0 141.484375 114.496094 256 256 256 141.484375 0 256-114.496094 256-256 0-141.484375-114.496094-256-256-256zm0 472c-119.378906 0-216-96.609375-216-216 0-119.378906 96.609375-216 216-216 119.378906 0 216 96.609375 216 216 0 119.378906-96.609375 216-216 216zm59.332031-98c0 11.046875-8.953125 20-20 20h-78.664062c-11.046875 0-20-8.953125-20-20s8.953125-20 20-20h19.332031v-117.332031h-19.332031c-11.046875 0-20-8.953125-20-20s8.953125-20 20-20h39.332031c11.046875 0 20 8.953125 20 20v137.332031h19.332031c11.046875 0 20 8.953125 20 20zm-84.332031-250.332031c0-13.808594 11.191406-25 25-25s25 11.191406 25 25c0 13.804687-11.191406 25-25 25s-25-11.195313-25-25zm0 0\"><\/path><\/svg>\t\t\t<\/a>\n\t\t<\/div>\n\t\t\t\t\t\t<\/div>\n\t\t\t\t<\/div>\n\t\t\t\t<\/div>\n\t\t\t\t<\/div>\n\t\t\t\t<\/div>\n\t\t<div class=\"elementor-element elementor-element-39b056d e-con-full e-flex e-con e-child\" data-id=\"39b056d\" data-element_type=\"container\">\n\t\t\t\t<\/div>\n\t\t\t\t\t<\/div>\n\t\t\t\t<\/div>\n\t\t<div class=\"elementor-element elementor-element-a549f07 e-flex e-con-boxed e-con e-parent\" data-id=\"a549f07\" data-element_type=\"container\" id=\"texto\" data-settings=\"{&quot;background_background&quot;:&quot;classic&quot;}\">\n\t\t\t\t\t<div class=\"e-con-inner\">\n\t\t<div class=\"elementor-element elementor-element-dc355f6 e-con-full e-flex e-con e-child\" data-id=\"dc355f6\" data-element_type=\"container\">\n\t\t\t\t<div class=\"elementor-element elementor-element-abda8ba elementor-widget__width-initial elementor-widget elementor-widget-text-editor\" data-id=\"abda8ba\" data-element_type=\"widget\" data-widget_type=\"text-editor.default\">\n\t\t\t\t<div class=\"elementor-widget-container\">\n\t\t\t\t\t\t\t\t\t<p>Cocina peque\u00f1a de gran inspiraci\u00f3n<\/p>\t\t\t\t\t\t\t\t<\/div>\n\t\t\t\t<\/div>\n\t\t\t\t<div class=\"elementor-element elementor-element-a5e86da elementor-widget elementor-widget-text-editor\" data-id=\"a5e86da\" data-element_type=\"widget\" data-widget_type=\"text-editor.default\">\n\t\t\t\t<div class=\"elementor-widget-container\">\n\t\t\t\t\t\t\t\t\t<p>Cuando el espacio es limitado, el dise\u00f1o lo es todo. Esta cocina abierta al sal\u00f3n est\u00e1 pensada para sacar el m\u00e1ximo partido a cada metro disponible sin renunciar a la est\u00e9tica.<\/p><p>El blanco como base aporta luminosidad y amplitud visual, mientras los toques de color \u2014como el amarillo mostaza del desayunador o el frigor\u00edfico retro\u2014 aportan un gui\u00f1o fresco y personal.<\/p>\t\t\t\t\t\t\t\t<\/div>\n\t\t\t\t<\/div>\n\t\t\t\t<\/div>\n\t\t<div class=\"elementor-element elementor-element-221cfa5 e-con-full e-flex e-con e-child\" data-id=\"221cfa5\" data-element_type=\"container\">\n\t\t<div class=\"elementor-element elementor-element-64042be e-con-full e-flex e-con e-child\" data-id=\"64042be\" data-element_type=\"container\">\n\t\t<div class=\"elementor-element elementor-element-3d8d30a e-con-full e-flex e-con e-child\" data-id=\"3d8d30a\" data-element_type=\"container\">\n\t\t\t\t<\/div>\n\t\t<div class=\"elementor-element elementor-element-1cb1ae8 e-con-full e-flex e-con e-child\" data-id=\"1cb1ae8\" data-element_type=\"container\">\n\t\t\t\t<div class=\"elementor-element elementor-element-0d80ac5 elementor-view-default elementor-widget elementor-widget-icon\" data-id=\"0d80ac5\" data-element_type=\"widget\" data-widget_type=\"icon.default\">\n\t\t\t\t<div class=\"elementor-widget-container\">\n\t\t\t\t\t\t\t<div class=\"elementor-icon-wrapper\">\n\t\t\t<a class=\"elementor-icon\" href=\"https:\/\/lezamaasesores.com\/studiococina\/contacto\/\">\n\t\t\t<svg xmlns=\"http:\/\/www.w3.org\/2000\/svg\" height=\"512pt\" viewBox=\"0 0 512 512\" width=\"512pt\"><path d=\"m256 0c-141.484375 0-256 114.496094-256 256 0 141.484375 114.496094 256 256 256 141.484375 0 256-114.496094 256-256 0-141.484375-114.496094-256-256-256zm0 472c-119.378906 0-216-96.609375-216-216 0-119.378906 96.609375-216 216-216 119.378906 0 216 96.609375 216 216 0 119.378906-96.609375 216-216 216zm59.332031-98c0 11.046875-8.953125 20-20 20h-78.664062c-11.046875 0-20-8.953125-20-20s8.953125-20 20-20h19.332031v-117.332031h-19.332031c-11.046875 0-20-8.953125-20-20s8.953125-20 20-20h39.332031c11.046875 0 20 8.953125 20 20v137.332031h19.332031c11.046875 0 20 8.953125 20 20zm-84.332031-250.332031c0-13.808594 11.191406-25 25-25s25 11.191406 25 25c0 13.804687-11.191406 25-25 25s-25-11.195313-25-25zm0 0\"><\/path><\/svg>\t\t\t<\/a>\n\t\t<\/div>\n\t\t\t\t\t\t<\/div>\n\t\t\t\t<\/div>\n\t\t\t\t<\/div>\n\t\t<div class=\"elementor-element elementor-element-1fca361 e-con-full e-flex e-con e-child\" data-id=\"1fca361\" data-element_type=\"container\">\n\t\t\t\t<div class=\"elementor-element elementor-element-5bc2529 elementor-widget elementor-widget-text-editor\" data-id=\"5bc2529\" data-element_type=\"widget\" data-widget_type=\"text-editor.default\">\n\t\t\t\t<div class=\"elementor-widget-container\">\n\t\t\t\t\t\t\t\t\t<p><strong>\u00bfTe gusta?<\/strong><\/p><p>Solicita informaci\u00f3n sin compromiso<\/p>\t\t\t\t\t\t\t\t<\/div>\n\t\t\t\t<\/div>\n\t\t\t\t<\/div>\n\t\t\t\t<\/div>\n\t\t\t\t<\/div>\n\t\t\t\t\t<\/div>\n\t\t\t\t<\/div>\n\t\t<div class=\"elementor-element elementor-element-cdfe7b1 e-flex e-con-boxed e-con e-parent\" data-id=\"cdfe7b1\" data-element_type=\"container\" id=\"imagen\" data-settings=\"{&quot;background_background&quot;:&quot;classic&quot;}\">\n\t\t\t\t\t<div class=\"e-con-inner\">\n\t\t<div class=\"elementor-element elementor-element-4291275 e-con-full e-flex e-con e-child\" data-id=\"4291275\" data-element_type=\"container\">\n\t\t\t\t<div class=\"elementor-element elementor-element-8c61c00 elementor-widget elementor-widget-image\" data-id=\"8c61c00\" data-element_type=\"widget\" data-widget_type=\"image.default\">\n\t\t\t\t<div class=\"elementor-widget-container\">\n\t\t\t\t\t\t\t\t\t\t\t\t\t\t\t\t<a href=\"https:\/\/lezamaasesores.com\/studiococina\/wp-content\/uploads\/2025\/07\/kala_detalle_3.jpg\" data-elementor-open-lightbox=\"yes\" data-elementor-lightbox-title=\"kala_detalle_3\" data-e-action-hash=\"#elementor-action%3Aaction%3Dlightbox%26settings%3DeyJpZCI6MTcxMCwidXJsIjoiaHR0cHM6XC9cL2xlemFtYWFzZXNvcmVzLmNvbVwvc3R1ZGlvY29jaW5hXC93cC1jb250ZW50XC91cGxvYWRzXC8yMDI1XC8wN1wva2FsYV9kZXRhbGxlXzMuanBnIn0%3D\">\n\t\t\t\t\t\t\t<img fetchpriority=\"high\" decoding=\"async\" width=\"1200\" height=\"800\" src=\"https:\/\/lezamaasesores.com\/studiococina\/wp-content\/uploads\/2025\/07\/kala_detalle_3.jpg\" class=\"attachment-full size-full wp-image-1710\" alt=\"\" srcset=\"https:\/\/lezamaasesores.com\/studiococina\/wp-content\/uploads\/2025\/07\/kala_detalle_3.jpg 1200w, https:\/\/lezamaasesores.com\/studiococina\/wp-content\/uploads\/2025\/07\/kala_detalle_3-300x200.jpg 300w, https:\/\/lezamaasesores.com\/studiococina\/wp-content\/uploads\/2025\/07\/kala_detalle_3-1024x683.jpg 1024w, https:\/\/lezamaasesores.com\/studiococina\/wp-content\/uploads\/2025\/07\/kala_detalle_3-768x512.jpg 768w\" sizes=\"(max-width: 1200px) 100vw, 1200px\" \/>\t\t\t\t\t\t\t\t<\/a>\n\t\t\t\t\t\t\t\t\t\t\t\t\t\t\t<\/div>\n\t\t\t\t<\/div>\n\t\t\t\t<div class=\"elementor-element elementor-element-2378cd1 elementor-widget elementor-widget-text-editor\" data-id=\"2378cd1\" data-element_type=\"widget\" data-widget_type=\"text-editor.default\">\n\t\t\t\t<div class=\"elementor-widget-container\">\n\t\t\t\t\t\t\t\t\t<p><strong>Modelo Kala:<\/strong><\/p><p>Kala es un modelo de cocina muy especial, ya que gracias al tirador mecanizado, se une dise\u00f1o y funcionalidad en la misma puerta, consiguiendo f\u00e1cil apertura y limpieza.<\/p>\t\t\t\t\t\t\t\t<\/div>\n\t\t\t\t<\/div>\n\t\t\t\t<\/div>\n\t\t<div class=\"elementor-element elementor-element-415dacc e-con-full e-flex e-con e-child\" data-id=\"415dacc\" data-element_type=\"container\">\n\t\t\t\t<div class=\"elementor-element elementor-element-358459b elementor-widget elementor-widget-image\" data-id=\"358459b\" data-element_type=\"widget\" data-widget_type=\"image.default\">\n\t\t\t\t<div class=\"elementor-widget-container\">\n\t\t\t\t\t\t\t\t\t\t\t\t\t\t\t\t<a href=\"https:\/\/lezamaasesores.com\/studiococina\/wp-content\/uploads\/2025\/07\/1607-delta-kala-expo-03.jpg\" data-elementor-open-lightbox=\"yes\" data-elementor-lightbox-title=\"1607-delta-kala-expo-03\" data-e-action-hash=\"#elementor-action%3Aaction%3Dlightbox%26settings%3DeyJpZCI6MTcwNywidXJsIjoiaHR0cHM6XC9cL2xlemFtYWFzZXNvcmVzLmNvbVwvc3R1ZGlvY29jaW5hXC93cC1jb250ZW50XC91cGxvYWRzXC8yMDI1XC8wN1wvMTYwNy1kZWx0YS1rYWxhLWV4cG8tMDMuanBnIn0%3D\">\n\t\t\t\t\t\t\t<img decoding=\"async\" width=\"1000\" height=\"667\" src=\"https:\/\/lezamaasesores.com\/studiococina\/wp-content\/uploads\/2025\/07\/1607-delta-kala-expo-03.jpg\" class=\"attachment-full size-full wp-image-1707\" alt=\"\" srcset=\"https:\/\/lezamaasesores.com\/studiococina\/wp-content\/uploads\/2025\/07\/1607-delta-kala-expo-03.jpg 1000w, https:\/\/lezamaasesores.com\/studiococina\/wp-content\/uploads\/2025\/07\/1607-delta-kala-expo-03-300x200.jpg 300w, https:\/\/lezamaasesores.com\/studiococina\/wp-content\/uploads\/2025\/07\/1607-delta-kala-expo-03-768x512.jpg 768w\" sizes=\"(max-width: 1000px) 100vw, 1000px\" \/>\t\t\t\t\t\t\t\t<\/a>\n\t\t\t\t\t\t\t\t\t\t\t\t\t\t\t<\/div>\n\t\t\t\t<\/div>\n\t\t\t\t<div class=\"elementor-element elementor-element-75bf932 elementor-widget elementor-widget-text-editor\" data-id=\"75bf932\" data-element_type=\"widget\" data-widget_type=\"text-editor.default\">\n\t\t\t\t<div class=\"elementor-widget-container\">\n\t\t\t\t\t\t\t\t\t<p><strong>Modelo Kala:<\/strong><\/p><p>Cajones y gavetas organizadores con accesorios de madera, que aportan orden y calidez al interior de la cocina.<\/p>\t\t\t\t\t\t\t\t<\/div>\n\t\t\t\t<\/div>\n\t\t\t\t<\/div>\n\t\t\t\t\t<\/div>\n\t\t\t\t<\/div>\n\t\t<div class=\"elementor-element elementor-element-d51b1d3 e-flex e-con-boxed e-con e-parent\" data-id=\"d51b1d3\" data-element_type=\"container\" data-settings=\"{&quot;background_background&quot;:&quot;classic&quot;}\">\n\t\t\t\t\t<div class=\"e-con-inner\">\n\t\t<div class=\"elementor-element elementor-element-6576213 e-con-full e-flex e-con e-child\" data-id=\"6576213\" data-element_type=\"container\">\n\t\t\t\t<div class=\"elementor-element elementor-element-49967ff elementor-widget elementor-widget-image\" data-id=\"49967ff\" data-element_type=\"widget\" data-widget_type=\"image.default\">\n\t\t\t\t<div class=\"elementor-widget-container\">\n\t\t\t\t\t\t\t\t\t\t\t\t\t\t\t\t<a href=\"https:\/\/lezamaasesores.com\/studiococina\/wp-content\/uploads\/2025\/07\/kala_inspiracion4.jpg\" data-elementor-open-lightbox=\"yes\" data-elementor-lightbox-title=\"kala_inspiracion4\" data-e-action-hash=\"#elementor-action%3Aaction%3Dlightbox%26settings%3DeyJpZCI6MTcxMSwidXJsIjoiaHR0cHM6XC9cL2xlemFtYWFzZXNvcmVzLmNvbVwvc3R1ZGlvY29jaW5hXC93cC1jb250ZW50XC91cGxvYWRzXC8yMDI1XC8wN1wva2FsYV9pbnNwaXJhY2lvbjQuanBnIn0%3D\">\n\t\t\t\t\t\t\t<img decoding=\"async\" width=\"800\" height=\"1100\" src=\"https:\/\/lezamaasesores.com\/studiococina\/wp-content\/uploads\/2025\/07\/kala_inspiracion4.jpg\" class=\"attachment-full size-full wp-image-1711\" alt=\"\" srcset=\"https:\/\/lezamaasesores.com\/studiococina\/wp-content\/uploads\/2025\/07\/kala_inspiracion4.jpg 800w, https:\/\/lezamaasesores.com\/studiococina\/wp-content\/uploads\/2025\/07\/kala_inspiracion4-218x300.jpg 218w, https:\/\/lezamaasesores.com\/studiococina\/wp-content\/uploads\/2025\/07\/kala_inspiracion4-745x1024.jpg 745w, https:\/\/lezamaasesores.com\/studiococina\/wp-content\/uploads\/2025\/07\/kala_inspiracion4-768x1056.jpg 768w\" sizes=\"(max-width: 800px) 100vw, 800px\" \/>\t\t\t\t\t\t\t\t<\/a>\n\t\t\t\t\t\t\t\t\t\t\t\t\t\t\t<\/div>\n\t\t\t\t<\/div>\n\t\t\t\t<div class=\"elementor-element elementor-element-41b814c elementor-widget elementor-widget-text-editor\" data-id=\"41b814c\" data-element_type=\"widget\" data-widget_type=\"text-editor.default\">\n\t\t\t\t<div class=\"elementor-widget-container\">\n\t\t\t\t\t\t\t\t\t<p><strong>Modelo Kala:<\/strong><\/p><p>La distribuci\u00f3n lineal concentra las zonas de trabajo, almacenaje y electrodom\u00e9sticos de manera eficiente.<\/p>\t\t\t\t\t\t\t\t<\/div>\n\t\t\t\t<\/div>\n\t\t\t\t<\/div>\n\t\t<div class=\"elementor-element elementor-element-f2f6550 e-con-full e-flex e-con e-child\" data-id=\"f2f6550\" data-element_type=\"container\">\n\t\t\t\t<div class=\"elementor-element elementor-element-4d24ad0 elementor-widget elementor-widget-image\" data-id=\"4d24ad0\" data-element_type=\"widget\" data-widget_type=\"image.default\">\n\t\t\t\t<div class=\"elementor-widget-container\">\n\t\t\t\t\t\t\t\t\t\t\t\t\t\t\t\t<a href=\"https:\/\/lezamaasesores.com\/studiococina\/wp-content\/uploads\/2025\/07\/1607-delta-kala-expo-02.jpg\" data-elementor-open-lightbox=\"yes\" data-elementor-lightbox-title=\"1607-delta-kala-expo-02\" data-e-action-hash=\"#elementor-action%3Aaction%3Dlightbox%26settings%3DeyJpZCI6MTcwNiwidXJsIjoiaHR0cHM6XC9cL2xlemFtYWFzZXNvcmVzLmNvbVwvc3R1ZGlvY29jaW5hXC93cC1jb250ZW50XC91cGxvYWRzXC8yMDI1XC8wN1wvMTYwNy1kZWx0YS1rYWxhLWV4cG8tMDIuanBnIn0%3D\">\n\t\t\t\t\t\t\t<img loading=\"lazy\" decoding=\"async\" width=\"1000\" height=\"667\" src=\"https:\/\/lezamaasesores.com\/studiococina\/wp-content\/uploads\/2025\/07\/1607-delta-kala-expo-02.jpg\" class=\"attachment-full size-full wp-image-1706\" alt=\"\" srcset=\"https:\/\/lezamaasesores.com\/studiococina\/wp-content\/uploads\/2025\/07\/1607-delta-kala-expo-02.jpg 1000w, https:\/\/lezamaasesores.com\/studiococina\/wp-content\/uploads\/2025\/07\/1607-delta-kala-expo-02-300x200.jpg 300w, https:\/\/lezamaasesores.com\/studiococina\/wp-content\/uploads\/2025\/07\/1607-delta-kala-expo-02-768x512.jpg 768w\" sizes=\"(max-width: 1000px) 100vw, 1000px\" \/>\t\t\t\t\t\t\t\t<\/a>\n\t\t\t\t\t\t\t\t\t\t\t\t\t\t\t<\/div>\n\t\t\t\t<\/div>\n\t\t\t\t<div class=\"elementor-element elementor-element-19b0af4 elementor-widget elementor-widget-text-editor\" data-id=\"19b0af4\" data-element_type=\"widget\" data-widget_type=\"text-editor.default\">\n\t\t\t\t<div class=\"elementor-widget-container\">\n\t\t\t\t\t\t\t\t\t<p><strong>Modelo Kala:<\/strong><\/p><p>Cajones y gavetas organizadores con accesorios de madera, que aportan orden y calidez al interior de la cocina.<\/p>\t\t\t\t\t\t\t\t<\/div>\n\t\t\t\t<\/div>\n\t\t\t\t<\/div>\n\t\t\t\t\t<\/div>\n\t\t\t\t<\/div>\n\t\t\t\t<\/div>\n\t\t","protected":false},"excerpt":{"rendered":"<p>Modelo Kala Cocina peque\u00f1a de gran inspiraci\u00f3n Cuando el espacio es limitado, el dise\u00f1o lo es todo. Esta cocina abierta al sal\u00f3n est\u00e1 pensada para sacar el m\u00e1ximo partido a cada metro disponible sin renunciar a la est\u00e9tica. El blanco como base aporta luminosidad y amplitud visual, mientras los toques de color \u2014como el amarillo [&hellip;]<\/p>\n","protected":false},"author":1,"featured_media":0,"parent":0,"menu_order":0,"comment_status":"closed","ping_status":"closed","template":"","meta":{"footnotes":""},"class_list":["post-1704","page","type-page","status-publish","hentry"],"_links":{"self":[{"href":"https:\/\/lezamaasesores.com\/studiococina\/wp-json\/wp\/v2\/pages\/1704","targetHints":{"allow":["GET"]}}],"collection":[{"href":"https:\/\/lezamaasesores.com\/studiococina\/wp-json\/wp\/v2\/pages"}],"about":[{"href":"https:\/\/lezamaasesores.com\/studiococina\/wp-json\/wp\/v2\/types\/page"}],"author":[{"embeddable":true,"href":"https:\/\/lezamaasesores.com\/studiococina\/wp-json\/wp\/v2\/users\/1"}],"replies":[{"embeddable":true,"href":"https:\/\/lezamaasesores.com\/studiococina\/wp-json\/wp\/v2\/comments?post=1704"}],"version-history":[{"count":3,"href":"https:\/\/lezamaasesores.com\/studiococina\/wp-json\/wp\/v2\/pages\/1704\/revisions"}],"predecessor-version":[{"id":4787,"href":"https:\/\/lezamaasesores.com\/studiococina\/wp-json\/wp\/v2\/pages\/1704\/revisions\/4787"}],"wp:attachment":[{"href":"https:\/\/lezamaasesores.com\/studiococina\/wp-json\/wp\/v2\/media?parent=1704"}],"curies":[{"name":"wp","href":"https:\/\/api.w.org\/{rel}","templated":true}]}}