{"id":3787,"date":"2025-08-20T19:17:09","date_gmt":"2025-08-20T17:17:09","guid":{"rendered":"https:\/\/lezamaasesores.com\/traduxpress\/?page_id=3787"},"modified":"2025-11-27T12:31:10","modified_gmt":"2025-11-27T11:31:10","slug":"accesibilidad","status":"publish","type":"page","link":"https:\/\/lezamaasesores.com\/sanz\/accesibilidad\/","title":{"rendered":"Accesibilidad"},"content":{"rendered":"\t\t<div data-elementor-type=\"wp-page\" data-elementor-id=\"3787\" class=\"elementor elementor-3787\" data-elementor-post-type=\"page\">\n\t\t\t\t<div class=\"elementor-element elementor-element-7bae5a1 e-flex e-con-boxed e-con e-parent\" data-id=\"7bae5a1\" data-element_type=\"container\">\n\t\t\t\t\t<div class=\"e-con-inner\">\n\t\t\t\t<div class=\"elementor-element elementor-element-ac160b2 elementor-widget elementor-widget-text-editor\" data-id=\"ac160b2\" data-element_type=\"widget\" data-widget_type=\"text-editor.default\">\n\t\t\t\t<div class=\"elementor-widget-container\">\n\t\t\t\t\t\t\t\t\t<p>JAVIER SANZ CHEF<\/p>\t\t\t\t\t\t\t\t<\/div>\n\t\t\t\t<\/div>\n\t\t\t\t<div class=\"elementor-element elementor-element-80e862a elementor-widget__width-initial elementor-widget elementor-widget-text-editor\" data-id=\"80e862a\" data-element_type=\"widget\" data-widget_type=\"text-editor.default\">\n\t\t\t\t<div class=\"elementor-widget-container\">\n\t\t\t\t\t\t\t\t\t<p>Declaraci\u00f3n de Accesibilidad<\/p>\t\t\t\t\t\t\t\t<\/div>\n\t\t\t\t<\/div>\n\t\t\t\t<div class=\"elementor-element elementor-element-9bd0b96 elementor-widget__width-initial elementor-widget elementor-widget-text-editor\" data-id=\"9bd0b96\" data-element_type=\"widget\" data-widget_type=\"text-editor.default\">\n\t\t\t\t<div class=\"elementor-widget-container\">\n\t\t\t\t\t\t\t\t\t<p>La presente declaraci\u00f3n de accesibilidad se aplica al sitio web <strong>https:\/\/chefjaviersanz.com\/<\/strong>.<\/p>\n<p>(Los subdominios asociados a este sitio web contar\u00e1n con sus propias declaraciones de accesibilidad, en caso de existir.)<\/p>\n\n<h2>Situaci\u00f3n de cumplimiento<\/h2>\n<p>Este sitio web es <strong>parcialmente conforme<\/strong> con el Real Decreto 1112\/2018, de 7 de septiembre, debido a la falta de conformidad en los aspectos que se indican a continuaci\u00f3n.<\/p>\n\n<h2>Contenido no accesible<\/h2>\n\n<h3>1. Falta de conformidad con el Real Decreto 1112\/2018<\/h3>\n<ul>\n    <li>Podr\u00edan existir fallos puntuales de edici\u00f3n en algunas p\u00e1ginas del sitio web, tanto en contenidos HTML como en documentos finales publicados despu\u00e9s del 20 de septiembre de 2018.<\/li>\n    <li>En particular, pueden producirse errores de accesibilidad en documentos que incluyan gr\u00e1ficos, tablas complejas o que hayan sido firmados electr\u00f3nicamente sin revisi\u00f3n posterior de accesibilidad.<\/li>\n<\/ul>\n\n<h3>2. Carga desproporcionada<\/h3>\n<p>No aplica.<\/p>\n\n<h3>3. Contenido fuera del \u00e1mbito de la legislaci\u00f3n aplicable<\/h3>\n<ul>\n    <li>Existen archivos ofim\u00e1ticos en PDF u otros formatos publicados antes del 20 de septiembre de 2018 que no cumplen totalmente los requisitos de accesibilidad.<\/li>\n    <li>Tambi\u00e9n pueden existir contenidos generados por terceros que no est\u00e9n financiados, desarrollados ni bajo el control de <strong>Javier Sanz P\u00e1ramo<\/strong>.<\/li>\n<\/ul>\n\n<h2>Preparaci\u00f3n de esta declaraci\u00f3n de accesibilidad<\/h2>\n<p><strong>Fecha de preparaci\u00f3n:<\/strong> 07 de septiembre de 2025<br>\n<strong>M\u00e9todo utilizado:<\/strong> Autoevaluaci\u00f3n realizada por el propio responsable del sitio web<br>\n<strong>\u00daltima revisi\u00f3n de la declaraci\u00f3n:<\/strong> 07 de noviembre de 2025<\/p>\n\n<h2>Observaciones y datos de contacto<\/h2>\n<p>Los usuarios pueden realizar comunicaciones relativas a los requisitos de accesibilidad (art. 10.2.a del Real Decreto 1112\/2018), tales como:<\/p>\n<ul>\n    <li>Informar sobre posibles incumplimientos de accesibilidad.<\/li>\n    <li>Comunicar dificultades de acceso al contenido del sitio web.<\/li>\n    <li>Formular sugerencias o propuestas de mejora relacionadas con la accesibilidad del sitio.<\/li>\n<\/ul>\n\n<p>Para ello, pueden contactar con:<\/p>\n<p><strong>Responsable:<\/strong> Javier Sanz P\u00e1ramo<br>\n<strong>Direcci\u00f3n:<\/strong> C\/ Altamira 27, 1\u00baA, 09200 Miranda de Ebro (Burgos), Espa\u00f1a<br>\n<strong>Correo electr\u00f3nico:<\/strong> info@chefjaviersanz.com<br>\n<strong>P\u00e1gina web:<\/strong> https:\/\/chefjaviersanz.com\/<\/p>\n\t\t\t\t\t\t\t\t<\/div>\n\t\t\t\t<\/div>\n\t\t\t\t\t<\/div>\n\t\t\t\t<\/div>\n\t\t\t\t<\/div>\n\t\t","protected":false},"excerpt":{"rendered":"<p>JAVIER SANZ CHEF Declaraci\u00f3n de Accesibilidad La presente declaraci\u00f3n de accesibilidad se aplica al sitio web https:\/\/chefjaviersanz.com\/. (Los subdominios asociados a este sitio web contar\u00e1n con sus propias declaraciones de accesibilidad, en caso de existir.) Situaci\u00f3n de cumplimiento Este sitio web es parcialmente conforme con el Real Decreto 1112\/2018, de 7 de septiembre, debido a [&hellip;]<\/p>\n","protected":false},"author":1,"featured_media":0,"parent":0,"menu_order":0,"comment_status":"closed","ping_status":"closed","template":"","meta":{"footnotes":""},"class_list":["post-3787","page","type-page","status-publish","hentry"],"_links":{"self":[{"href":"https:\/\/lezamaasesores.com\/sanz\/wp-json\/wp\/v2\/pages\/3787","targetHints":{"allow":["GET"]}}],"collection":[{"href":"https:\/\/lezamaasesores.com\/sanz\/wp-json\/wp\/v2\/pages"}],"about":[{"href":"https:\/\/lezamaasesores.com\/sanz\/wp-json\/wp\/v2\/types\/page"}],"author":[{"embeddable":true,"href":"https:\/\/lezamaasesores.com\/sanz\/wp-json\/wp\/v2\/users\/1"}],"replies":[{"embeddable":true,"href":"https:\/\/lezamaasesores.com\/sanz\/wp-json\/wp\/v2\/comments?post=3787"}],"version-history":[{"count":3,"href":"https:\/\/lezamaasesores.com\/sanz\/wp-json\/wp\/v2\/pages\/3787\/revisions"}],"predecessor-version":[{"id":5135,"href":"https:\/\/lezamaasesores.com\/sanz\/wp-json\/wp\/v2\/pages\/3787\/revisions\/5135"}],"wp:attachment":[{"href":"https:\/\/lezamaasesores.com\/sanz\/wp-json\/wp\/v2\/media?parent=3787"}],"curies":[{"name":"wp","href":"https:\/\/api.w.org\/{rel}","templated":true}]}}