{"id":3782,"date":"2025-08-20T19:13:54","date_gmt":"2025-08-20T17:13:54","guid":{"rendered":"https:\/\/lezamaasesores.com\/traduxpress\/?page_id=3782"},"modified":"2025-11-27T12:26:36","modified_gmt":"2025-11-27T11:26:36","slug":"politica-de-cookies","status":"publish","type":"page","link":"https:\/\/lezamaasesores.com\/sanz\/politica-de-cookies\/","title":{"rendered":"Politica de cookies"},"content":{"rendered":"\t\t<div data-elementor-type=\"wp-page\" data-elementor-id=\"3782\" class=\"elementor elementor-3782\" data-elementor-post-type=\"page\">\n\t\t\t\t<div class=\"elementor-element elementor-element-5369f87 e-flex e-con-boxed e-con e-parent\" data-id=\"5369f87\" data-element_type=\"container\">\n\t\t\t\t\t<div class=\"e-con-inner\">\n\t\t\t\t<div class=\"elementor-element elementor-element-cb6ac73 elementor-widget elementor-widget-text-editor\" data-id=\"cb6ac73\" data-element_type=\"widget\" data-widget_type=\"text-editor.default\">\n\t\t\t\t<div class=\"elementor-widget-container\">\n\t\t\t\t\t\t\t\t\t<p>JAVIER SANZ CHEF<\/p>\t\t\t\t\t\t\t\t<\/div>\n\t\t\t\t<\/div>\n\t\t\t\t<div class=\"elementor-element elementor-element-3825834 elementor-widget__width-initial elementor-widget elementor-widget-text-editor\" data-id=\"3825834\" data-element_type=\"widget\" data-widget_type=\"text-editor.default\">\n\t\t\t\t<div class=\"elementor-widget-container\">\n\t\t\t\t\t\t\t\t\t<p>Pol\u00edtica de cookies<\/p>\t\t\t\t\t\t\t\t<\/div>\n\t\t\t\t<\/div>\n\t\t\t\t<div class=\"elementor-element elementor-element-439d736 elementor-widget__width-initial elementor-widget elementor-widget-text-editor\" data-id=\"439d736\" data-element_type=\"widget\" data-widget_type=\"text-editor.default\">\n\t\t\t\t<div class=\"elementor-widget-container\">\n\t\t\t\t\t\t\t\t\t<p>La presente Pol\u00edtica de Cookies explica qu\u00e9 son las cookies, qu\u00e9 tipos se utilizan en el sitio web https:\/\/chefjaviersanz.com\/ y c\u00f3mo puede gestionarlas el usuario.<\/p>\n\n<h2>1. \u00bfQu\u00e9 son las cookies?<\/h2>\n<p>Las cookies son peque\u00f1os archivos de texto que se descargan en el dispositivo del usuario (ordenador, smartphone, tablet, etc.) al acceder a determinadas p\u00e1ginas web. Permiten almacenar y recuperar informaci\u00f3n sobre la navegaci\u00f3n que se realiza desde dicho dispositivo.<\/p>\n\n<h2>2. Tipos de cookies utilizadas<\/h2>\n<p>En este Sitio Web se pueden utilizar las siguientes categor\u00edas de cookies:<\/p>\n<ul>\n    <li><strong>Cookies t\u00e9cnicas:<\/strong> Son aquellas necesarias para el correcto funcionamiento del Sitio Web y para la prestaci\u00f3n de los servicios ofrecidos. Permiten, por ejemplo, controlar el tr\u00e1fico y la comunicaci\u00f3n de datos, identificar la sesi\u00f3n o acceder a partes de acceso restringido.<\/li>\n    <li><strong>Cookies de preferencias o personalizaci\u00f3n:<\/strong> Permiten recordar informaci\u00f3n para que el usuario acceda al servicio con determinadas caracter\u00edsticas (por ejemplo, el idioma o el tipo de navegador).<\/li>\n    <li><strong>Cookies de an\u00e1lisis o medici\u00f3n:<\/strong> Permiten cuantificar el n\u00famero de usuarios y analizar la utilizaci\u00f3n que hacen del Sitio Web, con el fin de introducir mejoras en funci\u00f3n del an\u00e1lisis de los datos de uso.<\/li>\n    <li><strong>Cookies de terceros:<\/strong> Pueden instalarse cookies de terceros cuando se utilizan herramientas externas, como contenidos incrustados, mapas, redes sociales o servicios de an\u00e1lisis.<\/li>\n<\/ul>\n\n<h2>3. Cookies concretas utilizadas<\/h2>\n<p>Dependiendo de la configuraci\u00f3n del Sitio Web y de servicios de terceros integrados (por ejemplo, herramientas de an\u00e1lisis o redes sociales), podr\u00e1n instalarse cookies propias y de terceros. Estas cookies tendr\u00e1n siempre como finalidad mejorar la experiencia de usuario y el funcionamiento del Sitio Web.<\/p>\n<p>En caso de activarse cookies de an\u00e1lisis o de terceros que requieran consentimiento, se informar\u00e1 al usuario mediante el correspondiente aviso de cookies, ofreciendo la posibilidad de aceptarlas, configurarlas o rechazarlas.<\/p>\n\n<h2>4. Gesti\u00f3n y configuraci\u00f3n de cookies<\/h2>\n<p>En el momento de acceder al Sitio Web, el usuario puede configurar la instalaci\u00f3n de cookies mediante el panel de configuraci\u00f3n habilitado en el banner o aviso de cookies (si est\u00e1 disponible).<\/p>\n<p>Adem\u00e1s, el usuario puede permitir, bloquear o eliminar las cookies instaladas en su dispositivo mediante la configuraci\u00f3n de las opciones del navegador utilizado. A continuaci\u00f3n, se indican enlaces a la gesti\u00f3n de cookies en los navegadores m\u00e1s habituales:<\/p>\n<ul>\n    <li><strong>Google Chrome:<\/strong> Configuraci\u00f3n &gt; Privacidad y seguridad &gt; Cookies y otros datos de sitios<\/li>\n    <li><strong>Mozilla Firefox:<\/strong> Opciones &gt; Privacidad y seguridad &gt; Cookies y datos del sitio<\/li>\n    <li><strong>Microsoft Edge:<\/strong> Configuraci\u00f3n &gt; Privacidad, b\u00fasqueda y servicios &gt; Cookies y datos del sitio<\/li>\n    <li><strong>Safari (Apple):<\/strong> Preferencias &gt; Privacidad<\/li>\n<\/ul>\n<p>Si el usuario deshabilita o bloquea determinadas cookies, es posible que algunas funcionalidades del Sitio Web no est\u00e9n disponibles o no funcionen correctamente.<\/p>\n\n<h2>5. Cookies en dispositivos m\u00f3viles<\/h2>\n<p>El usuario tambi\u00e9n puede gestionar el uso de cookies en dispositivos m\u00f3viles mediante las opciones de configuraci\u00f3n del navegador o del sistema operativo.<\/p>\n\n<h2>6. Actualizaci\u00f3n de la Pol\u00edtica de Cookies<\/h2>\n<p>La presente Pol\u00edtica de Cookies puede ser modificada cuando se introduzcan cambios en el uso de cookies en el Sitio Web o cuando lo exija la normativa aplicable. Se recomienda al usuario revisar esta pol\u00edtica de forma peri\u00f3dica.<\/p>\n\t\t\t\t\t\t\t\t<\/div>\n\t\t\t\t<\/div>\n\t\t\t\t\t<\/div>\n\t\t\t\t<\/div>\n\t\t\t\t<\/div>\n\t\t","protected":false},"excerpt":{"rendered":"<p>JAVIER SANZ CHEF Pol\u00edtica de cookies La presente Pol\u00edtica de Cookies explica qu\u00e9 son las cookies, qu\u00e9 tipos se utilizan en el sitio web https:\/\/chefjaviersanz.com\/ y c\u00f3mo puede gestionarlas el usuario. 1. \u00bfQu\u00e9 son las cookies? Las cookies son peque\u00f1os archivos de texto que se descargan en el dispositivo del usuario (ordenador, smartphone, tablet, etc.) [&hellip;]<\/p>\n","protected":false},"author":1,"featured_media":0,"parent":0,"menu_order":0,"comment_status":"closed","ping_status":"closed","template":"","meta":{"footnotes":""},"class_list":["post-3782","page","type-page","status-publish","hentry"],"_links":{"self":[{"href":"https:\/\/lezamaasesores.com\/sanz\/wp-json\/wp\/v2\/pages\/3782","targetHints":{"allow":["GET"]}}],"collection":[{"href":"https:\/\/lezamaasesores.com\/sanz\/wp-json\/wp\/v2\/pages"}],"about":[{"href":"https:\/\/lezamaasesores.com\/sanz\/wp-json\/wp\/v2\/types\/page"}],"author":[{"embeddable":true,"href":"https:\/\/lezamaasesores.com\/sanz\/wp-json\/wp\/v2\/users\/1"}],"replies":[{"embeddable":true,"href":"https:\/\/lezamaasesores.com\/sanz\/wp-json\/wp\/v2\/comments?post=3782"}],"version-history":[{"count":3,"href":"https:\/\/lezamaasesores.com\/sanz\/wp-json\/wp\/v2\/pages\/3782\/revisions"}],"predecessor-version":[{"id":5126,"href":"https:\/\/lezamaasesores.com\/sanz\/wp-json\/wp\/v2\/pages\/3782\/revisions\/5126"}],"wp:attachment":[{"href":"https:\/\/lezamaasesores.com\/sanz\/wp-json\/wp\/v2\/media?parent=3782"}],"curies":[{"name":"wp","href":"https:\/\/api.w.org\/{rel}","templated":true}]}}