{"id":3777,"date":"2025-08-20T19:10:27","date_gmt":"2025-08-20T17:10:27","guid":{"rendered":"https:\/\/lezamaasesores.com\/traduxpress\/?page_id=3777"},"modified":"2025-11-27T12:29:59","modified_gmt":"2025-11-27T11:29:59","slug":"aviso-de-privacidad","status":"publish","type":"page","link":"https:\/\/lezamaasesores.com\/sanz\/aviso-de-privacidad\/","title":{"rendered":"Aviso de privacidad"},"content":{"rendered":"\t\t<div data-elementor-type=\"wp-page\" data-elementor-id=\"3777\" class=\"elementor elementor-3777\" data-elementor-post-type=\"page\">\n\t\t\t\t<div class=\"elementor-element elementor-element-cdd045a e-flex e-con-boxed e-con e-parent\" data-id=\"cdd045a\" data-element_type=\"container\">\n\t\t\t\t\t<div class=\"e-con-inner\">\n\t\t\t\t<div class=\"elementor-element elementor-element-7a4d3ae elementor-widget elementor-widget-text-editor\" data-id=\"7a4d3ae\" data-element_type=\"widget\" data-widget_type=\"text-editor.default\">\n\t\t\t\t<div class=\"elementor-widget-container\">\n\t\t\t\t\t\t\t\t\t<p>JAVIER SANZ CHEF<\/p>\t\t\t\t\t\t\t\t<\/div>\n\t\t\t\t<\/div>\n\t\t\t\t<div class=\"elementor-element elementor-element-9760844 elementor-widget__width-initial elementor-widget elementor-widget-text-editor\" data-id=\"9760844\" data-element_type=\"widget\" data-widget_type=\"text-editor.default\">\n\t\t\t\t<div class=\"elementor-widget-container\">\n\t\t\t\t\t\t\t\t\t<p>Aviso legal<\/p>\t\t\t\t\t\t\t\t<\/div>\n\t\t\t\t<\/div>\n\t\t\t\t<div class=\"elementor-element elementor-element-5e9bf36 elementor-widget__width-initial elementor-widget elementor-widget-text-editor\" data-id=\"5e9bf36\" data-element_type=\"widget\" data-widget_type=\"text-editor.default\">\n\t\t\t\t<div class=\"elementor-widget-container\">\n\t\t\t\t\t\t\t\t\t<p>En cumplimiento con el deber de informaci\u00f3n recogido en el art\u00edculo 10 de la Ley 34\/2002, de Servicios de la Sociedad de la Informaci\u00f3n y del Comercio Electr\u00f3nico (LSSI-CE), se informa de los siguientes datos:<\/p>\n\n<p><strong>Titular de la web:<\/strong> Javier Sanz P\u00e1ramo<br>\n<strong>CIF:<\/strong> 71344252T<br>\n<strong>Domicilio:<\/strong> C\/ Altamira 27, 1\u00baA, 09200 Miranda de Ebro (Burgos), Espa\u00f1a<br>\n<strong>Correo electr\u00f3nico:<\/strong> info@chefjaviersanz.com<br>\n<strong>Sitio web:<\/strong> https:\/\/chefjaviersanz.com\/<\/p>\n\n<h2>1. Objeto<\/h2>\n<p>El presente Aviso Legal regula el acceso, navegaci\u00f3n y uso del sitio web https:\/\/chefjaviersanz.com\/ (en adelante, \u201cel Sitio Web\u201d), as\u00ed como las responsabilidades derivadas de la utilizaci\u00f3n de sus contenidos.<\/p>\n\n<h2>2. Condiciones de uso<\/h2>\n<p>El acceso y\/o uso del Sitio Web atribuye la condici\u00f3n de usuario, que acepta desde dicho acceso y\/o uso las presentes condiciones generales. El usuario se compromete a hacer un uso adecuado de los contenidos y servicios ofrecidos y a no emplearlos para:<\/p>\n<ul>\n    <li>Incurrir en actividades il\u00edcitas, ilegales o contrarias a la buena fe y al orden p\u00fablico.<\/li>\n    <li>Difundir contenidos o propaganda de car\u00e1cter racista, xen\u00f3fobo, pornogr\u00e1fico, de apolog\u00eda del terrorismo o atentatorio contra los derechos humanos.<\/li>\n    <li>Provocar da\u00f1os en los sistemas f\u00edsicos y l\u00f3gicos del titular, sus proveedores o terceras personas.<\/li>\n    <li>Introducir o difundir en la red virus inform\u00e1ticos o cualesquiera otros sistemas que sean susceptibles de provocar da\u00f1os.<\/li>\n<\/ul>\n\n<h2>3. Propiedad intelectual e industrial<\/h2>\n<p>Todos los contenidos del Sitio Web, entendiendo por estos a t\u00edtulo enunciativo, textos, fotograf\u00edas, gr\u00e1ficos, im\u00e1genes, iconos, tecnolog\u00eda, software, as\u00ed como su dise\u00f1o gr\u00e1fico y c\u00f3digos fuente, son propiedad del titular o de terceros, sin que puedan entenderse cedidos al usuario ninguno de los derechos de explotaci\u00f3n sobre los mismos m\u00e1s all\u00e1 de lo estrictamente necesario para el uso correcto del Sitio Web.<\/p>\n<p>Queda expresamente prohibida la reproducci\u00f3n, distribuci\u00f3n, comunicaci\u00f3n p\u00fablica, transformaci\u00f3n o cualquier otra forma de explotaci\u00f3n de la totalidad o parte de los contenidos del Sitio Web sin autorizaci\u00f3n previa y por escrito del titular.<\/p>\n\n<h2>4. Enlaces<\/h2>\n<p>El Sitio Web puede incluir enlaces a sitios web de terceros, que se consideran de inter\u00e9s para el usuario. El titular no asume ninguna responsabilidad sobre el contenido, la informaci\u00f3n o los servicios que pudieran aparecer en dichos sitios, que tendr\u00e1n exclusivamente car\u00e1cter informativo y en ning\u00fan caso implican relaci\u00f3n, aprobaci\u00f3n o respaldo alguno entre el titular y las personas o entidades titulares de los mismos.<\/p>\n\n<h2>5. Responsabilidad<\/h2>\n<p>El titular no se hace responsable de los da\u00f1os y perjuicios de cualquier naturaleza que pudieran derivarse de, a t\u00edtulo enunciativo:<\/p>\n<ul>\n    <li>La falta de disponibilidad o continuidad del funcionamiento del Sitio Web.<\/li>\n    <li>Errores u omisiones en los contenidos.<\/li>\n    <li>La transmisi\u00f3n de virus o programas maliciosos o lesivos en los contenidos, pese a haber adoptado todas las medidas tecnol\u00f3gicas necesarias para evitarlos.<\/li>\n<\/ul>\n\n<h2>6. Protecci\u00f3n de datos personales<\/h2>\n<p>La recogida y tratamiento de los datos personales del usuario, as\u00ed como el ejercicio de los derechos que le asisten, se regular\u00e1n conforme a lo establecido en la Pol\u00edtica de Privacidad del Sitio Web.<\/p>\n\n<h2>7. Uso de cookies<\/h2>\n<p>Este Sitio Web puede utilizar cookies propias y de terceros. El uso de estas tecnolog\u00edas se detalla en la Pol\u00edtica de Cookies.<\/p>\n\n<h2>8. Legislaci\u00f3n aplicable y jurisdicci\u00f3n<\/h2>\n<p>El presente Aviso Legal se rige por la legislaci\u00f3n espa\u00f1ola. Para la resoluci\u00f3n de cualquier conflicto que pudiera derivarse del acceso o uso del Sitio Web, el usuario y el titular se someten expresamente a los juzgados y tribunales de la ciudad de Burgos, salvo que la normativa aplicable disponga otra cosa.<\/p>\n\t\t\t\t\t\t\t\t<\/div>\n\t\t\t\t<\/div>\n\t\t\t\t\t<\/div>\n\t\t\t\t<\/div>\n\t\t\t\t<\/div>\n\t\t","protected":false},"excerpt":{"rendered":"<p>JAVIER SANZ CHEF Aviso legal En cumplimiento con el deber de informaci\u00f3n recogido en el art\u00edculo 10 de la Ley 34\/2002, de Servicios de la Sociedad de la Informaci\u00f3n y del Comercio Electr\u00f3nico (LSSI-CE), se informa de los siguientes datos: Titular de la web: Javier Sanz P\u00e1ramo CIF: 71344252T Domicilio: C\/ Altamira 27, 1\u00baA, 09200 [&hellip;]<\/p>\n","protected":false},"author":1,"featured_media":0,"parent":0,"menu_order":0,"comment_status":"closed","ping_status":"closed","template":"","meta":{"footnotes":""},"class_list":["post-3777","page","type-page","status-publish","hentry"],"_links":{"self":[{"href":"https:\/\/lezamaasesores.com\/sanz\/wp-json\/wp\/v2\/pages\/3777","targetHints":{"allow":["GET"]}}],"collection":[{"href":"https:\/\/lezamaasesores.com\/sanz\/wp-json\/wp\/v2\/pages"}],"about":[{"href":"https:\/\/lezamaasesores.com\/sanz\/wp-json\/wp\/v2\/types\/page"}],"author":[{"embeddable":true,"href":"https:\/\/lezamaasesores.com\/sanz\/wp-json\/wp\/v2\/users\/1"}],"replies":[{"embeddable":true,"href":"https:\/\/lezamaasesores.com\/sanz\/wp-json\/wp\/v2\/comments?post=3777"}],"version-history":[{"count":6,"href":"https:\/\/lezamaasesores.com\/sanz\/wp-json\/wp\/v2\/pages\/3777\/revisions"}],"predecessor-version":[{"id":5132,"href":"https:\/\/lezamaasesores.com\/sanz\/wp-json\/wp\/v2\/pages\/3777\/revisions\/5132"}],"wp:attachment":[{"href":"https:\/\/lezamaasesores.com\/sanz\/wp-json\/wp\/v2\/media?parent=3777"}],"curies":[{"name":"wp","href":"https:\/\/api.w.org\/{rel}","templated":true}]}}