{"id":951,"date":"2024-01-25T18:54:39","date_gmt":"2024-01-25T17:54:39","guid":{"rendered":"https:\/\/lezamaasesores.com\/rotularts\/?page_id=951"},"modified":"2024-01-25T20:29:16","modified_gmt":"2024-01-25T19:29:16","slug":"formulario-de-contacto","status":"publish","type":"page","link":"https:\/\/lezamaasesores.com\/rotularts\/formulario-de-contacto\/","title":{"rendered":"formulario de contacto"},"content":{"rendered":"\t\t<div data-elementor-type=\"wp-page\" data-elementor-id=\"951\" class=\"elementor elementor-951\" data-elementor-post-type=\"page\">\n\t\t\t\t\t\t\t<div data-gcursor=\"{&quot;cursorType&quot;:&quot;image&quot;,&quot;delay&quot;:0.01000000000000000020816681711721685132943093776702880859375,&quot;pulse&quot;:&quot;&quot;,&quot;buzz&quot;:&quot;&quot;,&quot;cursorDot&quot;:&quot;&quot;,&quot;magnet&quot;:false,&quot;elementSettings&quot;:{&quot;url&quot;:&quot;http:\\\/\\\/lezamaasesores.com\\\/rotularts\\\/wp-content\\\/uploads\\\/2023\\\/12\\\/icono-menu-01.svg&quot;,&quot;alt&quot;:&quot;icono menu-01&quot;}}\" data-pa_mobile_disabled=\"\" class=\"elementor-element elementor-element-58931f1 e-con-full premium-gCursor-yes e-flex e-con e-parent\" data-id=\"58931f1\" data-element_type=\"container\" data-settings=\"{&quot;content_width&quot;:&quot;full&quot;,&quot;background_background&quot;:&quot;classic&quot;,&quot;premium_global_cursor_switcher&quot;:&quot;yes&quot;,&quot;pa_cursor_type&quot;:&quot;image&quot;,&quot;pa_cursor_img&quot;:{&quot;url&quot;:&quot;http:\\\/\\\/lezamaasesores.com\\\/rotularts\\\/wp-content\\\/uploads\\\/2023\\\/12\\\/icono-menu-01.svg&quot;,&quot;id&quot;:791,&quot;size&quot;:&quot;&quot;,&quot;alt&quot;:&quot;&quot;,&quot;source&quot;:&quot;library&quot;},&quot;ekit_has_onepagescroll_dot&quot;:&quot;yes&quot;}\" data-core-v316-plus=\"true\">\n\t\t\t\t<div class=\"elementor-element elementor-element-7df63f5 elementor-widget elementor-widget-text-editor\" data-id=\"7df63f5\" data-element_type=\"widget\" data-settings=\"{&quot;ekit_we_effect_on&quot;:&quot;none&quot;}\" data-widget_type=\"text-editor.default\">\n\t\t\t\t<div class=\"elementor-widget-container\">\n\t\t\t<style>\/*! elementor - v3.18.0 - 20-12-2023 *\/\n.elementor-widget-text-editor.elementor-drop-cap-view-stacked .elementor-drop-cap{background-color:#69727d;color:#fff}.elementor-widget-text-editor.elementor-drop-cap-view-framed .elementor-drop-cap{color:#69727d;border:3px solid;background-color:transparent}.elementor-widget-text-editor:not(.elementor-drop-cap-view-default) .elementor-drop-cap{margin-top:8px}.elementor-widget-text-editor:not(.elementor-drop-cap-view-default) .elementor-drop-cap-letter{width:1em;height:1em}.elementor-widget-text-editor .elementor-drop-cap{float:left;text-align:center;line-height:1;font-size:50px}.elementor-widget-text-editor .elementor-drop-cap-letter{display:inline-block}<\/style>\t\t\t\t<div id=\"lfb_bootstraped\" class=\"lfb_bootstraped notranslate\"><div id=\"lfb_form\" data-usevisual=\"1\" data-progressbar=\"2\" data-qttype=\"0\" data-imgtitlesstyle=\"\" data-emaillaststep=\"0\" data-showsteps=\"true\"      data-formtitle=\"My new Form\" data-formsession=\"69e745f79593e\" data-autoclick=\"0\"  data-subs=\"\" data-form=\"8\" class=\"lfb_bootstraped  \" data-stylefields=\"glassmorphic\" data-animspeed=\"0.3\" data-sumstepsclick=\"0\" data-sumhidesteps=\"0\">\r\n                <div id=\"lfb_loader\"><div class=\"lfb_spinner\"><div class=\"double-bounce1\"><\/div><div class=\"double-bounce2\"><\/div><\/div><\/div><div id=\"lfb_passModal\" class=\"modal\" data-backdrop=\"\"><div class=\"modal-dialog\"><div class=\"modal-content\"><div class=\"modal-header\"><span class=\"fas fa-lock\"><\/span><span>Forgot your password ?<\/span><a href=\"javascript:\" class=\"close\" data-bs-dismiss=\"modal\" aria-label=\"Close\"><span class=\"fas fa-times\"><\/span><\/a><\/div> <div class=\"modal-body p-0\">An email has been sent to your email address<\/div><div class=\"modal-footer\"><a href=\"javascript:\"  data-bs-dismiss=\"modal\" class=\"btn btn-primary btn-circle\"><span class=\"fas fa-check\"><\/span><\/a><\/div><\/div><\/div><\/div><div id=\"lfb_stripeModal\" class=\"modal\" data-backdrop=\"\"><div class=\"modal-dialog\"><div class=\"modal-content\"><div class=\"modal-header\"><div><span class=\"fab fa-cc-stripe\"><\/span><span>Make a payment<\/span><\/div><a href=\"javascript:\" class=\"close\" data-bs-dismiss=\"modal\" aria-label=\"Close\"><span class=\"fas fa-times\"><\/span><\/a><\/div> <div class=\"modal-body p-0\"><div data-panel=\"form\" class=\"p-2\"><div class=\"lfb_amountTextContainer\" class=\"p-2 mb-3 \"><div class=\"m-0 lfb_amountText text-center pb-2\">Total to pay :<br\/> <strong data-info=\"amount\">$5<\/strong><\/div><\/div><form method=\"post\" id=\"lfb_stripePaymentForm\" class=\"pl-4 pr-4 pt-3\" ><div class=\"row\"><div class=\"form-group col-md-6\"><div id=\"lfb_stripe_card-element\" class=\"form-control\"><\/div><\/div><div class=\"form-group col-md-3\"><div id=\"lfb_stripe_expiration-element\" class=\"form-control\"><\/div><\/div><div class=\"form-group col-md-3\"><div id=\"lfb_stripe_cvc-element\" class=\"form-control\"><\/div><\/div><div id=\"lfb_stripe_card-error\" class=\" col-md-12\"><\/div><div class=\"form-group col-md-12\"><input placeholder=\"Card owner name\" name=\"ownerName\" class=\"form-control\" type=\"text\"\/><\/div><\/div><\/form><div class=\"text-center lfb_stripeLogoContainer\"><img decoding=\"async\" class=\"lfb_stripeLogo\" src=\"https:\/\/lezamaasesores.com\/rotularts\/wp-content\/plugins\/WP_Estimation_Form\/assets\/img\/powered_by_stripe@2x.png\" alt=\"Powered by Stripe\" \/><\/div><\/div><div data-panel=\"loading\"><div class=\" text-center\"><span class=\"fas fa-hourglass-half big\"><\/span><\/div><\/div><div data-panel=\"fail\"><div class=\"text-center\"><p><span class=\"fas fa-times big\"><\/span><\/p><div>Payment could not be made<\/div><div data-info=\"error\" class=\"text-center\"><\/div><\/div><\/div><\/div><div class=\"modal-footer\"><a href=\"javascript:\" data-action=\"pay\"  class=\"btn btn-primary\"><span class=\"fas fa-check\"><\/span>Pay now<\/a><\/div><\/div><\/div><\/div><a id=\"lfb_close_btn\" href=\"javascript:\"><span class=\"fas fa-times\"><\/span><\/a>\r\n                <div id=\"lfb_panel\">\r\n                <div class=\"container-fluid\">\r\n                    <div class=\"row\">\r\n                        <div class=\"\" ><p class=\"lfb_startBtnContainer lfb-hidden\">\r\n                                <a href=\"javascript:\"  class=\"btn btn-large btn-primary\" id=\"lfb_btnStart\"><span class=\"fa fa-check\"><\/span>GET STARTED<\/a>\r\n                            <\/p> <div id=\"genPrice\" class=\"genPrice lfb-hidden\">\r\n                                <div class=\"progress\">\r\n                                    <div class=\"progress-bar\">\r\n                                        <div class=\"progress-bar-price \">\r\n                                            <span>0$<\/span>\r\n                                            \r\n                                        <\/div>\r\n                                    <\/div>\r\n\r\n                                <\/div>\r\n                            <\/div>\r\n                            <!-- \/genPrice --><h2 id=\"finalText\" class=\"lfb_stepTitle\">Muchas gracias, contactaremos contigo en el menor tiempo posible.<\/h2>\r\n                        <\/div>\r\n                        <!-- \/col -->\r\n                    <\/div>\r\n                    <!-- \/row -->\r\n                <div id=\"lfb_mainPanel\" class=\"palette-clouds\" data-savecart=\"0\"> <input type=\"hidden\" name=\"action\" value=\"lfb_upload_form\"\/>\r\n                <input type=\"hidden\" id=\"lfb_formSession\" name=\"formSession\" value=\"69e745f79593e\"\/><div class=\"lfb_genSlide\" id=\"finalSlide\" data-stepid=\"final\" data-title=\"\">\r\n                <h2 class=\"lfb_stepTitle\"><\/h2>\r\n                <div class=\"lfb_genContent container\">\r\n                    <div class=\"row lfb_row lfb_genContentSlide active  lfb_sortable\">\r\n                        <p id=\"lfb_finalLabel\" class=\"lfb-hidden\">The final estimated price is : <\/p><h3 id=\"lfb_finalPrice\" class=\"lfb-hidden\"><span><\/span><\/h3><div id=\"lfb_subTxtValue\" class=\"lfb_dynamicHide\"><\/div><div class=\"lfb_itemBloc col-md-12  lfb_item lfb_itemContainer_318   lfb_row row\"     data-id=\"318\" data-columns=\"[{&quot;id&quot;:&quot;65b2b3e6e6a48&quot;,&quot;size&quot;:&quot;2\\\/3&quot;}]\" data-itemtype=\"row\"><div class=\"lfb_column lfb_sortable col-md-8\" data-columnid=\"65b2b3e6e6a48\"><div class=\"lfb_itemBloc lfb_richtext   lfb_item lfb_itemContainer_319  \"   data-id=\"319\" data-itemtype=\"richtext\" data-itemid=\"319\" data-title=\"Custom content\"    ><div class=\"lfb_richTextContent\"><p><img decoding=\"async\" style=\"width: 312.355px; height: 96.8px;\" src=\"http:\/\/lezamaasesores.com\/rotularts\/wp-content\/uploads\/2023\/12\/RotulartsLogoHorizontal2-01-1-1.svg\"><b><br><\/b><\/p><p><b>\u00bfEn qu\u00e9 podemos ayudarte?<\/b><\/p><p>Descubre todas nuestras soluciones en rotulaci\u00f3n y gran formato.<br><\/p><\/div><\/div><\/div><\/div><div class=\"lfb_itemBloc col-md-12  lfb_item lfb_itemContainer_271   lfb_row row\"     data-id=\"271\" data-columns=\"[{&quot;id&quot;:&quot;65b29f0d9925e&quot;,&quot;size&quot;:&quot;1\\\/3&quot;},{&quot;id&quot;:&quot;65b29f0d99267&quot;,&quot;size&quot;:&quot;1\\\/3&quot;}]\" data-itemtype=\"row\"><div class=\"lfb_column lfb_sortable col-md-4\" data-columnid=\"65b29f0d9925e\"><div class=\"lfb_itemBloc  lfb_item lfb_itemContainer_278  \" data-alignment=\"0\" data-id=\"278\" data-itemtype=\"textfield\"><div class=\"form-group\"><label>Nombre Completo<\/label>\r\n                 <div class=\"input-group\"><span class=\"input-group-addon\" id=\"basic-addon1\"><span class=\"fa-regular fa-user\"><\/span><\/span><input   data-prefill=\"\" data-urlvariable=\"1\" data-sentattribute=\"\"  data-variablename=\"\"  data-type=\"textfield\" type=\"text\" data-validation=\"fill\" data-autocomplete=\"0\" placeholder=\"\" data-fieldtype=\"\"           data-itemid=\"278\"   data-showinsummary=\"true\"  class=\"form-control\" data-required=\"true\" data-title=\"Nombre Completo\" data-originaltitle=\"Nombre Completo\"  data-originallabel=\"Nombre Completo\"  \/><\/div><\/div><\/div><\/div><div class=\"lfb_column lfb_sortable col-md-4\" data-columnid=\"65b29f0d99267\"><div class=\"lfb_itemBloc  lfb_item lfb_itemContainer_312   \" data-alignment=\"0\" data-id=\"312\" data-itemtype=\"select\">\r\n                    <div class=\"form-group\">\r\n                    <label>Servicio<\/label><select  data-prefill=\"\"  data-fieldtype=\"\"  data-prodid=\"0\"  data-woovar=\"0\" data-eddvar=\"0\" data-urlvariable=\"1\" data-sentattribute=\"price\" data-variablename=\"\" data-addtototal=\"0\" class=\"form-control  \"           data-showinsummary=\"true\"   data-operation=\"+\"  data-originaltitle=\"Servicio\"  data-originallabel=\"Servicio\"     data-itemid=\"312\"  ><option value=\"Rotulos \u2013 Letras corp\u00f3reas\"  data-price=\"0\" >Rotulos \u2013 Letras corp\u00f3reas<\/option><option value=\"R\u00f3tulos luminosos\"  data-price=\"0\" >R\u00f3tulos luminosos<\/option><option value=\"Lonas\"  data-price=\"0\" >Lonas<\/option><option value=\"Dise\u00f1o y rotulaci\u00f3n de veh\u00edculos\"  data-price=\"0\" >Dise\u00f1o y rotulaci\u00f3n de veh\u00edculos<\/option><option value=\"Se\u00f1alizaci\u00f3n vertical y horizontal\"  data-price=\"0\" >Se\u00f1alizaci\u00f3n vertical y horizontal<\/option><option value=\"Servicios de corte y fresado\"  data-price=\"0\" >Servicios de corte y fresado<\/option><\/select><\/div><\/div><\/div><\/div><div class=\"lfb_itemBloc col-md-12  lfb_item lfb_itemContainer_308   lfb_row row\"     data-id=\"308\" data-columns=\"[{&quot;id&quot;:&quot;65b2af94211e1&quot;,&quot;size&quot;:&quot;1\\\/3&quot;},{&quot;id&quot;:&quot;65b2af9421f7a&quot;,&quot;size&quot;:&quot;1\\\/3&quot;}]\" data-itemtype=\"row\"><div class=\"lfb_column lfb_sortable col-md-4\" data-columnid=\"65b2af94211e1\"><div class=\"lfb_itemBloc  lfb_item lfb_itemContainer_309  \" data-alignment=\"0\" data-id=\"309\" data-itemtype=\"textfield\"><div class=\"form-group\"><label>Email<\/label>\r\n                 <div class=\"input-group\"><span class=\"input-group-addon\" id=\"basic-addon1\"><span class=\"fas fa-envelope\"><\/span><\/span><input   data-prefill=\"\" data-urlvariable=\"1\" data-sentattribute=\"\"  data-variablename=\"\"  data-type=\"textfield\" type=\"text\" data-validation=\"fill\" data-autocomplete=\"0\" placeholder=\"\" data-fieldtype=\"\"           data-itemid=\"309\"   data-showinsummary=\"true\"  class=\"form-control\" data-required=\"true\" data-title=\"Email\" data-originaltitle=\"Email\"  data-originallabel=\"Email\"  \/><\/div><\/div><\/div><\/div><div class=\"lfb_column lfb_sortable col-md-4\" data-columnid=\"65b2af9421f7a\"><div class=\"lfb_itemBloc  lfb_item lfb_itemContainer_310  \" data-alignment=\"0\" data-id=\"310\" data-itemtype=\"textfield\"><div class=\"form-group\"><label>Tel\u00e9fono<\/label>\r\n                 <div class=\"input-group\"><span class=\"input-group-addon\" id=\"basic-addon1\"><span class=\"fas fa-phone\"><\/span><\/span><input   data-prefill=\"\" data-urlvariable=\"1\" data-sentattribute=\"\" data-mask=\"(000)-0000\"  data-variablename=\"\"  data-type=\"textfield\" type=\"text\" data-validation=\"mask\" data-autocomplete=\"0\" placeholder=\"\" data-fieldtype=\"phone\"           data-itemid=\"310\"   data-showinsummary=\"true\"  class=\"form-control\"  data-title=\"Tel\u00e9fono\" data-originaltitle=\"Tel\u00e9fono\"  data-originallabel=\"Tel\u00e9fono\"  \/><\/div><\/div><\/div><\/div><\/div><div class=\"lfb_itemBloc col-md-12  lfb_item lfb_itemContainer_313   lfb_row row\"     data-id=\"313\" data-columns=\"[{&quot;id&quot;:&quot;65b2b1b2c7e37&quot;,&quot;size&quot;:&quot;2\\\/3&quot;}]\" data-itemtype=\"row\"><div class=\"lfb_column lfb_sortable col-md-8\" data-columnid=\"65b2b1b2c7e37\"><div class=\"lfb_itemBloc  lfb_item lfb_itemContainer_317  \" data-alignment=\"0\" data-id=\"317\" data-itemtype=\"textarea\"><div class=\"form-group\"><label>Comentarios<\/label>\r\n                 <textarea    data-prefill=\"\" data-urlvariable=\"1\" data-sentattribute=\"price\"  data-variablename=\"\" placeholder=\"\"  data-type=\"textarea\" data-itemid=\"317\"          data-showinsummary=\"true\"  class=\"form-control\"  data-title=\"Comentarios\" data-originaltitle=\"Comentarios\"  data-originallabel=\"Comentarios\" ><\/textarea><\/div><\/div><\/div><\/div>\r\n                   <div id=\"lfb_summary\" class=\"lfb_summary table-responsive lfb-hidden\">\r\n                        <h4>Summary<\/h4>\r\n                        <table class=\"table table-bordered\">\r\n                            <thead>\r\n                                <th>Description<\/th>\r\n                                <th class=\"lfb_valueTh\">Information<\/th>\r\n                                <th class=\"lfb_quantityTh \">Quantity<\/th>\r\n                                <th class=\"lfb_priceTh \">Price<\/th>\r\n                            <\/thead>\r\n                            <tbody>\r\n                                <tr id=\"lfb_summaryDiscountTr\" class=\"lfb_static \"><th colspan=\"3\">Discount :<\/th><th id=\"lfb_summaryDiscount\"><span><\/span><\/th><\/tr>\r\n                                <tr id=\"lfb_summaryTotalTr\" class=\"lfb_static \"><th colspan=\"3\">Total :<\/th><th id=\"lfb_summaryTotal\"><span><\/span><\/th><\/tr>\r\n                            <\/tbody>\r\n                        <\/table>\r\n                    <\/div><div id=\"lfb_lastStepDown\"><\/div><div class=\"text-center lfb_btnNextContainer\"><a href=\"javascript:\" id=\"lfb_btnOrder\" class=\"btn btn-wide btn-primary\"><span class=\"fa fa-check\"><\/span>ENVIAR<\/a><\/div><div class=\"clearfix\" data-tldinit=\"true\"><\/div><\/div><\/div><\/div><\/div><\/div><\/div><\/div><\/div>\t\t\t\t\t\t<\/div>\n\t\t\t\t<\/div>\n\t\t\t\t<\/div>\n\t\t\t\t\t\t\t<\/div>\n\t\t","protected":false},"excerpt":{"rendered":"","protected":false},"author":1,"featured_media":0,"parent":0,"menu_order":0,"comment_status":"closed","ping_status":"closed","template":"","meta":{"footnotes":""},"class_list":["post-951","page","type-page","status-publish","hentry"],"_links":{"self":[{"href":"https:\/\/lezamaasesores.com\/rotularts\/wp-json\/wp\/v2\/pages\/951","targetHints":{"allow":["GET"]}}],"collection":[{"href":"https:\/\/lezamaasesores.com\/rotularts\/wp-json\/wp\/v2\/pages"}],"about":[{"href":"https:\/\/lezamaasesores.com\/rotularts\/wp-json\/wp\/v2\/types\/page"}],"author":[{"embeddable":true,"href":"https:\/\/lezamaasesores.com\/rotularts\/wp-json\/wp\/v2\/users\/1"}],"replies":[{"embeddable":true,"href":"https:\/\/lezamaasesores.com\/rotularts\/wp-json\/wp\/v2\/comments?post=951"}],"version-history":[{"count":25,"href":"https:\/\/lezamaasesores.com\/rotularts\/wp-json\/wp\/v2\/pages\/951\/revisions"}],"predecessor-version":[{"id":985,"href":"https:\/\/lezamaasesores.com\/rotularts\/wp-json\/wp\/v2\/pages\/951\/revisions\/985"}],"wp:attachment":[{"href":"https:\/\/lezamaasesores.com\/rotularts\/wp-json\/wp\/v2\/media?parent=951"}],"curies":[{"name":"wp","href":"https:\/\/api.w.org\/{rel}","templated":true}]}}