{"id":4190,"date":"2026-02-04T20:09:26","date_gmt":"2026-02-04T19:09:26","guid":{"rendered":"https:\/\/lezamaasesores.com\/creativaa\/?page_id=4190"},"modified":"2026-02-04T20:53:28","modified_gmt":"2026-02-04T19:53:28","slug":"posicionamiento-en-google-castellon","status":"publish","type":"page","link":"https:\/\/lezamaasesores.com\/creativaa\/posicionamiento-en-google-castellon\/","title":{"rendered":"Posicionamiento en google castellon"},"content":{"rendered":"\t\t<div data-elementor-type=\"wp-page\" data-elementor-id=\"4190\" class=\"elementor elementor-4190\" data-elementor-post-type=\"page\">\n\t\t\t\t<div class=\"elementor-element elementor-element-5c93897 e-flex e-con-boxed e-con e-parent\" data-id=\"5c93897\" data-element_type=\"container\">\n\t\t\t\t\t<div class=\"e-con-inner\">\n\t\t<div class=\"elementor-element elementor-element-f62f1d4 e-flex e-con-boxed e-con e-child\" data-id=\"f62f1d4\" data-element_type=\"container\">\n\t\t\t\t\t<div class=\"e-con-inner\">\n\t\t\t\t<div class=\"elementor-element elementor-element-6be8318 aleft elementor-widget elementor-widget-wgl-double-heading\" data-id=\"6be8318\" data-element_type=\"widget\" data-widget_type=\"wgl-double-heading.default\">\n\t\t\t\t<div class=\"elementor-widget-container\">\n\t\t\t\t\t<div class=\"wgl-double-heading\"><h5 class=\"dblh__subtitle\">(no solo posicionamiento)<\/h5><h3 class=\"dblh__title-wrapper\"><span class=\"dblh__title dblh__title-1\">Servicios SEM<\/span><\/h3><\/div>\t\t\t\t<\/div>\n\t\t\t\t<\/div>\n\t\t\t\t\t<\/div>\n\t\t\t\t<\/div>\n\t\t<div class=\"elementor-element elementor-element-ac7f646 e-flex e-con-boxed e-con e-child\" data-id=\"ac7f646\" data-element_type=\"container\">\n\t\t\t\t\t<div class=\"e-con-inner\">\n\t\t\t\t<div class=\"elementor-element elementor-element-eee0ac5 elementor-widget elementor-widget-spacer\" data-id=\"eee0ac5\" data-element_type=\"widget\" data-widget_type=\"spacer.default\">\n\t\t\t\t\t\t\t<div class=\"elementor-spacer\">\n\t\t\t<div class=\"elementor-spacer-inner\"><\/div>\n\t\t<\/div>\n\t\t\t\t\t\t<\/div>\n\t\t\t\t<div class=\"elementor-element elementor-element-9e3ef1b aright a-mobileleft has-icon_size_animation elementor-widget-icon-box wgl-icon-box elementor-widget elementor-widget-wgl-button\" data-id=\"9e3ef1b\" data-element_type=\"widget\" data-widget_type=\"wgl-button.default\">\n\t\t\t\t<div class=\"elementor-widget-container\">\n\t\t\t\t\t<a class=\"wgl-button btn-size-xl \" role=\"button\" href=\"https:\/\/lezamaasesores.com\/creativaa\/contacts\/\"><div class=\"button__content align-icon-right\"><div class=\"media-wrapper icon-wrapper\"><span class=\"wgl-icon\" ><i class=\"icon elementor-icon flaticon flaticon-down-right-arrow\" aria-hidden=\"true\"><\/i><\/span><\/div><span class=\"button__text\">view all capabilities<\/span><\/div><\/a>\t\t\t\t<\/div>\n\t\t\t\t<\/div>\n\t\t\t\t\t<\/div>\n\t\t\t\t<\/div>\n\t\t\t\t\t<\/div>\n\t\t\t\t<\/div>\n\t\t<div class=\"elementor-element elementor-element-1e33104 e-flex e-con-boxed e-con e-parent\" data-id=\"1e33104\" data-element_type=\"container\">\n\t\t\t\t\t<div class=\"e-con-inner\">\n\t\t\t\t<div class=\"elementor-element elementor-element-4c397ea elementor-widget elementor-widget-spacer\" data-id=\"4c397ea\" data-element_type=\"widget\" data-widget_type=\"spacer.default\">\n\t\t\t\t\t\t\t<div class=\"elementor-spacer\">\n\t\t\t<div class=\"elementor-spacer-inner\"><\/div>\n\t\t<\/div>\n\t\t\t\t\t\t<\/div>\n\t\t<div class=\"elementor-element elementor-element-61f0f06 e-con-full e-flex e-con e-child\" data-id=\"61f0f06\" data-element_type=\"container\">\n\t\t\t\t<div class=\"elementor-element elementor-element-532a82f elementor-widget elementor-widget-wgl-carousel\" data-id=\"532a82f\" data-element_type=\"widget\" data-widget_type=\"wgl-carousel.default\">\n\t\t\t\t<div class=\"elementor-widget-container\">\n\t\t\t\t\t<div class=\"wgl-carousel_wrapper\"><div class=\"wgl-carousel swiper wgl-carousel_swiper swiper-container pagination_progress animated-by-mouse-wheel \" data-swiper='{\"speed\":\"\",\"mousewheel\":true,\"infinite\":false,\"variableWidth\":false,\"autoplay\":false,\"autoplaySpeed\":null,\"autoplayPause\":false,\"autoplayReverse\":false,\"watchOverflow\":true,\"arrows\":false,\"dots\":true,\"dynamicBullets\":false,\"adaptiveHeight\":false,\"direction\":\"horizontal\",\"responsive\":[{\"breakpoint\":1601,\"slidesToShow\":\"3\",\"slidesToScroll\":1},{\"breakpoint\":1201,\"slidesToShow\":\"3\",\"slidesToScroll\":1},{\"breakpoint\":768,\"slidesToShow\":\"2\",\"slidesToScroll\":1},{\"breakpoint\":280,\"slidesToShow\":\"1\",\"slidesToScroll\":1}]}' data-item-carousel='wgl_carousel_69eaeaab9f926'><div class=\"swiper-wrapper\"><div class=\"item swiper-slide\">\t\t<div data-elementor-type=\"section\" data-elementor-id=\"4215\" class=\"elementor elementor-4215\" data-elementor-post-type=\"elementor_library\">\n\t\t\t<div class=\"elementor-element elementor-element-12f411e6 e-flex e-con-boxed e-con e-parent\" data-id=\"12f411e6\" data-element_type=\"container\">\n\t\t\t\t\t<div class=\"e-con-inner\">\n\t\t\t\t<div class=\"elementor-element elementor-element-5e1caf7 rm_has-icon_size_animation elementor-widget__width-initial aleft elementor-widget-image-box wgl-image-box elementor-view-default elementor-widget elementor-widget-wgl-info-box\" data-id=\"5e1caf7\" data-element_type=\"widget\" data-widget_type=\"wgl-info-box.default\">\n\t\t\t\t<div class=\"elementor-widget-container\">\n\t\t\t\t\t<div class=\"wgl-infobox_bg_wrapper\"><\/div><div class=\"wgl-infobox\"><div class=\"wgl-infobox_wrapper wgl-layout-top\"><div class=\"media-wrapper img-wrapper\"><figure class=\"wgl-image-box_img\"><span ><img decoding=\"async\" width=\"100\" height=\"100\" src=\"https:\/\/lezamaasesores.com\/creativaa\/wp-content\/uploads\/2026\/02\/ads.png\" class=\"attachment-full size-full wp-image-4255\" alt=\"\" \/><\/span><\/figure><\/div><div class=\"content_wrapper\"><div class=\"wgl-infobox-title_wrapper\"><h3 class=\"wgl-infobox_title\"><span class=\"wgl-infobox_title-idle\">Visibilidad <br>Inmediata<\/span><\/h3><\/div><div class=\"wgl-infobox_content\"><p><span>Tus anuncios sean mostrados de manera instant\u00e1nea a tu audiencia objetivo en plataformas publicitarias, como Google Ads o Facebook Ads.<\/span><\/p><\/div><\/div><\/div><\/div>\t\t\t\t<\/div>\n\t\t\t\t<\/div>\n\t\t\t\t\t<\/div>\n\t\t\t\t<\/div>\n\t\t\t\t<\/div>\n\t\t<\/div><div class=\"item swiper-slide\">\t\t<div data-elementor-type=\"section\" data-elementor-id=\"4222\" class=\"elementor elementor-4222\" data-elementor-post-type=\"elementor_library\">\n\t\t\t<div class=\"elementor-element elementor-element-2092475a e-flex e-con-boxed e-con e-parent\" data-id=\"2092475a\" data-element_type=\"container\">\n\t\t\t\t\t<div class=\"e-con-inner\">\n\t\t\t\t<div class=\"elementor-element elementor-element-5d6ed030 rm_has-icon_size_animation elementor-widget__width-initial aleft elementor-widget-image-box wgl-image-box elementor-view-default elementor-widget elementor-widget-wgl-info-box\" data-id=\"5d6ed030\" data-element_type=\"widget\" data-widget_type=\"wgl-info-box.default\">\n\t\t\t\t<div class=\"elementor-widget-container\">\n\t\t\t\t\t<div class=\"wgl-infobox_bg_wrapper\"><\/div><div class=\"wgl-infobox\"><div class=\"wgl-infobox_wrapper wgl-layout-top\"><div class=\"media-wrapper img-wrapper\"><figure class=\"wgl-image-box_img\"><span ><img fetchpriority=\"high\" decoding=\"async\" width=\"512\" height=\"512\" src=\"https:\/\/lezamaasesores.com\/creativaa\/wp-content\/uploads\/2026\/02\/espana.svg\" class=\"attachment-full size-full wp-image-4243\" alt=\"\" \/><\/span><\/figure><\/div><div class=\"content_wrapper\"><div class=\"wgl-infobox-title_wrapper\"><h3 class=\"wgl-infobox_title\"><span class=\"wgl-infobox_title-idle\">Tr\u00e1fico <br>sectorizado<\/span><\/h3><\/div><div class=\"wgl-infobox_content\"><p><span>Dirigiremos tus anuncios espec\u00edficamente a una audiencia segmentada en funci\u00f3n de ciertos criterios demogr\u00e1ficos, geogr\u00e1ficos, de intereses u otros factores relevantes para tu negocio.<\/span><\/p><\/div><\/div><\/div><\/div>\t\t\t\t<\/div>\n\t\t\t\t<\/div>\n\t\t\t\t\t<\/div>\n\t\t\t\t<\/div>\n\t\t\t\t<\/div>\n\t\t<\/div><div class=\"item swiper-slide\">\t\t<div data-elementor-type=\"section\" data-elementor-id=\"4225\" class=\"elementor elementor-4225\" data-elementor-post-type=\"elementor_library\">\n\t\t\t<div class=\"elementor-element elementor-element-4290966c e-flex e-con-boxed e-con e-parent\" data-id=\"4290966c\" data-element_type=\"container\">\n\t\t\t\t\t<div class=\"e-con-inner\">\n\t\t\t\t<div class=\"elementor-element elementor-element-532b30f2 rm_has-icon_size_animation elementor-widget__width-initial aleft elementor-widget-image-box wgl-image-box elementor-view-default elementor-widget elementor-widget-wgl-info-box\" data-id=\"532b30f2\" data-element_type=\"widget\" data-widget_type=\"wgl-info-box.default\">\n\t\t\t\t<div class=\"elementor-widget-container\">\n\t\t\t\t\t<div class=\"wgl-infobox_bg_wrapper\"><\/div><div class=\"wgl-infobox\"><div class=\"wgl-infobox_wrapper wgl-layout-top\"><div class=\"media-wrapper img-wrapper\"><figure class=\"wgl-image-box_img\"><span ><img decoding=\"async\" width=\"512\" height=\"512\" src=\"https:\/\/lezamaasesores.com\/creativaa\/wp-content\/uploads\/2026\/02\/google-ads-logo.png\" class=\"attachment-full size-full wp-image-4244\" alt=\"\" srcset=\"https:\/\/lezamaasesores.com\/creativaa\/wp-content\/uploads\/2026\/02\/google-ads-logo.png 512w, https:\/\/lezamaasesores.com\/creativaa\/wp-content\/uploads\/2026\/02\/google-ads-logo-300x300.png 300w, https:\/\/lezamaasesores.com\/creativaa\/wp-content\/uploads\/2026\/02\/google-ads-logo-150x150.png 150w\" sizes=\"(max-width: 512px) 100vw, 512px\" \/><\/span><\/figure><\/div><div class=\"content_wrapper\"><div class=\"wgl-infobox-title_wrapper\"><h3 class=\"wgl-infobox_title\"><span class=\"wgl-infobox_title-idle\">Campa\u00f1as en Google ADS<\/span><\/h3><\/div><div class=\"wgl-infobox_content\"><p><span>Google Ads es una herramienta poderosa para aumentar la visibilidad de una empresa, generar tr\u00e1fico calificado y alcanzar objetivos de marketing espec\u00edficos.<\/span><\/p><\/div><\/div><\/div><\/div>\t\t\t\t<\/div>\n\t\t\t\t<\/div>\n\t\t\t\t\t<\/div>\n\t\t\t\t<\/div>\n\t\t\t\t<\/div>\n\t\t<\/div><div class=\"item swiper-slide\">\t\t<div data-elementor-type=\"section\" data-elementor-id=\"4228\" class=\"elementor elementor-4228\" data-elementor-post-type=\"elementor_library\">\n\t\t\t<div class=\"elementor-element elementor-element-3ab7f4df e-flex e-con-boxed e-con e-parent\" data-id=\"3ab7f4df\" data-element_type=\"container\">\n\t\t\t\t\t<div class=\"e-con-inner\">\n\t\t\t\t<div class=\"elementor-element elementor-element-206470ef rm_has-icon_size_animation elementor-widget__width-initial aleft elementor-widget-image-box wgl-image-box elementor-view-default elementor-widget elementor-widget-wgl-info-box\" data-id=\"206470ef\" data-element_type=\"widget\" data-widget_type=\"wgl-info-box.default\">\n\t\t\t\t<div class=\"elementor-widget-container\">\n\t\t\t\t\t<div class=\"wgl-infobox_bg_wrapper\"><\/div><div class=\"wgl-infobox\"><div class=\"wgl-infobox_wrapper wgl-layout-top\"><div class=\"media-wrapper img-wrapper\"><figure class=\"wgl-image-box_img\"><span ><img loading=\"lazy\" decoding=\"async\" width=\"512\" height=\"512\" src=\"https:\/\/lezamaasesores.com\/creativaa\/wp-content\/uploads\/2026\/02\/ms-advertising_logo.png\" class=\"attachment-full size-full wp-image-4245\" alt=\"\" srcset=\"https:\/\/lezamaasesores.com\/creativaa\/wp-content\/uploads\/2026\/02\/ms-advertising_logo.png 512w, https:\/\/lezamaasesores.com\/creativaa\/wp-content\/uploads\/2026\/02\/ms-advertising_logo-300x300.png 300w, https:\/\/lezamaasesores.com\/creativaa\/wp-content\/uploads\/2026\/02\/ms-advertising_logo-150x150.png 150w\" sizes=\"(max-width: 512px) 100vw, 512px\" \/><\/span><\/figure><\/div><div class=\"content_wrapper\"><div class=\"wgl-infobox-title_wrapper\"><h3 class=\"wgl-infobox_title\"><span class=\"wgl-infobox_title-idle\">Campa\u00f1as en <br>Microsoft Ads<\/span><\/h3><\/div><div class=\"wgl-infobox_content\"><p><span>Con Microsoft Advertising, los anunciantes pueden aumentar la visibilidad de su marca, generar tr\u00e1fico de calidad y alcanzar sus objetivos de marketing en el ecosistema de b\u00fasqueda de Microsoft<\/span><\/p><\/div><\/div><\/div><\/div>\t\t\t\t<\/div>\n\t\t\t\t<\/div>\n\t\t\t\t\t<\/div>\n\t\t\t\t<\/div>\n\t\t\t\t<\/div>\n\t\t<\/div><div class=\"item swiper-slide\">\t\t<div data-elementor-type=\"section\" data-elementor-id=\"4231\" class=\"elementor elementor-4231\" data-elementor-post-type=\"elementor_library\">\n\t\t\t<div class=\"elementor-element elementor-element-12337061 e-flex e-con-boxed e-con e-parent\" data-id=\"12337061\" data-element_type=\"container\">\n\t\t\t\t\t<div class=\"e-con-inner\">\n\t\t\t\t<div class=\"elementor-element elementor-element-895e485 rm_has-icon_size_animation elementor-widget__width-initial aleft elementor-widget-image-box wgl-image-box elementor-view-default elementor-widget elementor-widget-wgl-info-box\" data-id=\"895e485\" data-element_type=\"widget\" data-widget_type=\"wgl-info-box.default\">\n\t\t\t\t<div class=\"elementor-widget-container\">\n\t\t\t\t\t<div class=\"wgl-infobox_bg_wrapper\"><\/div><div class=\"wgl-infobox\"><div class=\"wgl-infobox_wrapper wgl-layout-top\"><div class=\"media-wrapper img-wrapper\"><figure class=\"wgl-image-box_img\"><span ><img loading=\"lazy\" decoding=\"async\" width=\"512\" height=\"512\" src=\"https:\/\/lezamaasesores.com\/creativaa\/wp-content\/uploads\/2026\/02\/alta-visibilidad.svg\" class=\"attachment-full size-full wp-image-4242\" alt=\"\" \/><\/span><\/figure><\/div><div class=\"content_wrapper\"><div class=\"wgl-infobox-title_wrapper\"><h3 class=\"wgl-infobox_title\"><span class=\"wgl-infobox_title-idle\">An\u00e1lisis de posicionamiento<\/span><\/h3><\/div><div class=\"wgl-infobox_content\"><p>Evaluamos el estado actual de tu web en buscadores mediante el an\u00e1lisis de palabras clave, visibilidad org\u00e1nica, arquitectura, rendimiento y autoridad.\u00a0<\/p><\/div><\/div><\/div><\/div>\t\t\t\t<\/div>\n\t\t\t\t<\/div>\n\t\t\t\t\t<\/div>\n\t\t\t\t<\/div>\n\t\t\t\t<\/div>\n\t\t<\/div><div class=\"item swiper-slide\">\t\t<div data-elementor-type=\"section\" data-elementor-id=\"4234\" class=\"elementor elementor-4234\" data-elementor-post-type=\"elementor_library\">\n\t\t\t<div class=\"elementor-element elementor-element-92627de e-flex e-con-boxed e-con e-parent\" data-id=\"92627de\" data-element_type=\"container\">\n\t\t\t\t\t<div class=\"e-con-inner\">\n\t\t\t\t<div class=\"elementor-element elementor-element-617b693f rm_has-icon_size_animation elementor-widget__width-initial aleft elementor-widget-image-box wgl-image-box elementor-view-default elementor-widget elementor-widget-wgl-info-box\" data-id=\"617b693f\" data-element_type=\"widget\" data-widget_type=\"wgl-info-box.default\">\n\t\t\t\t<div class=\"elementor-widget-container\">\n\t\t\t\t\t<div class=\"wgl-infobox_bg_wrapper\"><\/div><div class=\"wgl-infobox\"><div class=\"wgl-infobox_wrapper wgl-layout-top\"><div class=\"media-wrapper img-wrapper\"><figure class=\"wgl-image-box_img\"><span ><img loading=\"lazy\" decoding=\"async\" width=\"512\" height=\"512\" src=\"https:\/\/lezamaasesores.com\/creativaa\/wp-content\/uploads\/2026\/02\/ms-advertising_logo-1.png\" class=\"attachment-full size-full wp-image-4246\" alt=\"\" srcset=\"https:\/\/lezamaasesores.com\/creativaa\/wp-content\/uploads\/2026\/02\/ms-advertising_logo-1.png 512w, https:\/\/lezamaasesores.com\/creativaa\/wp-content\/uploads\/2026\/02\/ms-advertising_logo-1-300x300.png 300w, https:\/\/lezamaasesores.com\/creativaa\/wp-content\/uploads\/2026\/02\/ms-advertising_logo-1-150x150.png 150w\" sizes=\"(max-width: 512px) 100vw, 512px\" \/><\/span><\/figure><\/div><div class=\"content_wrapper\"><div class=\"wgl-infobox-title_wrapper\"><h3 class=\"wgl-infobox_title\"><span class=\"wgl-infobox_title-idle\">An\u00e1lisis de competencia<\/span><\/h3><\/div><div class=\"wgl-infobox_content\"><p>Estudiamos a tus principales competidores para detectar oportunidades reales de posicionamiento, identificar brechas de contenido y definir una estrategia SEO basada en datos y objetivos de negocio.<\/p><\/div><\/div><\/div><\/div>\t\t\t\t<\/div>\n\t\t\t\t<\/div>\n\t\t\t\t\t<\/div>\n\t\t\t\t<\/div>\n\t\t\t\t<\/div>\n\t\t<\/div><div class=\"item swiper-slide\">\t\t<div data-elementor-type=\"section\" data-elementor-id=\"4237\" class=\"elementor elementor-4237\" data-elementor-post-type=\"elementor_library\">\n\t\t\t<div class=\"elementor-element elementor-element-11dd0961 e-flex e-con-boxed e-con e-parent\" data-id=\"11dd0961\" data-element_type=\"container\">\n\t\t\t\t\t<div class=\"e-con-inner\">\n\t\t\t\t<div class=\"elementor-element elementor-element-68fe9043 rm_has-icon_size_animation elementor-widget__width-initial aleft elementor-widget-image-box wgl-image-box elementor-view-default elementor-widget elementor-widget-wgl-info-box\" data-id=\"68fe9043\" data-element_type=\"widget\" data-widget_type=\"wgl-info-box.default\">\n\t\t\t\t<div class=\"elementor-widget-container\">\n\t\t\t\t\t<div class=\"wgl-infobox_bg_wrapper\"><\/div><div class=\"wgl-infobox\"><div class=\"wgl-infobox_wrapper wgl-layout-top\"><div class=\"media-wrapper img-wrapper\"><figure class=\"wgl-image-box_img\"><span ><img loading=\"lazy\" decoding=\"async\" width=\"2500\" height=\"2500\" src=\"https:\/\/lezamaasesores.com\/creativaa\/wp-content\/uploads\/2026\/02\/google-merchant-center.svg\" class=\"attachment-full size-full wp-image-4238\" alt=\"\" \/><\/span><\/figure><\/div><div class=\"content_wrapper\"><div class=\"wgl-infobox-title_wrapper\"><h3 class=\"wgl-infobox_title\"><span class=\"wgl-infobox_title-idle\">Google Merchant Center &amp; Shopping Ads<\/span><\/h3><\/div><div class=\"wgl-infobox_content\"><p>Configuramos y optimizamos Google Merchant Center para la correcta sincronizaci\u00f3n de tu cat\u00e1logo de productos con Google. Gestionamos feeds, atributos, pol\u00edticas y campa\u00f1as de anuncios de Shopping para maximizar la visibilidad de tus productos, mejorar el rendimiento publicitario y aumentar las conversiones.<\/p><\/div><\/div><\/div><\/div>\t\t\t\t<\/div>\n\t\t\t\t<\/div>\n\t\t\t\t\t<\/div>\n\t\t\t\t<\/div>\n\t\t\t\t<\/div>\n\t\t<\/div><div class=\"item swiper-slide\">\t\t<div data-elementor-type=\"section\" data-elementor-id=\"4241\" class=\"elementor elementor-4241\" data-elementor-post-type=\"elementor_library\">\n\t\t\t<div class=\"elementor-element elementor-element-12cfd9bf e-flex e-con-boxed e-con e-parent\" data-id=\"12cfd9bf\" data-element_type=\"container\">\n\t\t\t\t\t<div class=\"e-con-inner\">\n\t\t\t\t<div class=\"elementor-element elementor-element-25a45012 rm_has-icon_size_animation elementor-widget__width-initial aleft elementor-widget-image-box wgl-image-box elementor-view-default elementor-widget elementor-widget-wgl-info-box\" data-id=\"25a45012\" data-element_type=\"widget\" data-widget_type=\"wgl-info-box.default\">\n\t\t\t\t<div class=\"elementor-widget-container\">\n\t\t\t\t\t<div class=\"wgl-infobox_bg_wrapper\"><\/div><div class=\"wgl-infobox\"><div class=\"wgl-infobox_wrapper wgl-layout-top\"><div class=\"media-wrapper img-wrapper\"><figure class=\"wgl-image-box_img\"><span ><img loading=\"lazy\" decoding=\"async\" width=\"512\" height=\"512\" src=\"https:\/\/lezamaasesores.com\/creativaa\/wp-content\/uploads\/2026\/02\/online-advertising.svg\" class=\"attachment-full size-full wp-image-4247\" alt=\"\" \/><\/span><\/figure><\/div><div class=\"content_wrapper\"><div class=\"wgl-infobox-title_wrapper\"><h3 class=\"wgl-infobox_title\"><span class=\"wgl-infobox_title-idle\">Campa\u00f1as Avanzadas en plataformas<\/span><\/h3><\/div><div class=\"wgl-infobox_content\"><p><span>Generamos campa\u00f1as avanzadas en Google, Youtube, Gmail y Redes Sociales para llegar de multiples formas a tus clientes.<\/span><\/p><\/div><\/div><\/div><\/div>\t\t\t\t<\/div>\n\t\t\t\t<\/div>\n\t\t\t\t\t<\/div>\n\t\t\t\t<\/div>\n\t\t\t\t<\/div>\n\t\t<\/div><\/div><\/div><div class=\"wgl-swiper-pagination-wrapper pagination_progress\"><ul class=\"swiper-pagination\" role=\"tablist\" data-carousel=\"wgl_carousel_69eaeaab9f926\"><\/ul><\/div><\/div>\t\t\t\t<\/div>\n\t\t\t\t<\/div>\n\t\t\t\t<\/div>\n\t\t\t\t\t<\/div>\n\t\t\t\t<\/div>\n\t\t\t\t<\/div>\n\t\t","protected":false},"excerpt":{"rendered":"<p>(no solo posicionamiento) Servicios SEM view all capabilities Visibilidad Inmediata Tus anuncios sean mostrados de manera instant\u00e1nea a tu audiencia objetivo en plataformas publicitarias, como Google Ads o Facebook Ads. Tr\u00e1fico sectorizado Dirigiremos tus anuncios espec\u00edficamente a una audiencia segmentada en funci\u00f3n de ciertos criterios demogr\u00e1ficos, geogr\u00e1ficos, de intereses u otros factores relevantes para tu [&hellip;]<\/p>\n","protected":false},"author":1,"featured_media":0,"parent":0,"menu_order":0,"comment_status":"closed","ping_status":"closed","template":"","meta":{"footnotes":""},"class_list":["post-4190","page","type-page","status-publish","hentry"],"_links":{"self":[{"href":"https:\/\/lezamaasesores.com\/creativaa\/wp-json\/wp\/v2\/pages\/4190","targetHints":{"allow":["GET"]}}],"collection":[{"href":"https:\/\/lezamaasesores.com\/creativaa\/wp-json\/wp\/v2\/pages"}],"about":[{"href":"https:\/\/lezamaasesores.com\/creativaa\/wp-json\/wp\/v2\/types\/page"}],"author":[{"embeddable":true,"href":"https:\/\/lezamaasesores.com\/creativaa\/wp-json\/wp\/v2\/users\/1"}],"replies":[{"embeddable":true,"href":"https:\/\/lezamaasesores.com\/creativaa\/wp-json\/wp\/v2\/comments?post=4190"}],"version-history":[{"count":13,"href":"https:\/\/lezamaasesores.com\/creativaa\/wp-json\/wp\/v2\/pages\/4190\/revisions"}],"predecessor-version":[{"id":4259,"href":"https:\/\/lezamaasesores.com\/creativaa\/wp-json\/wp\/v2\/pages\/4190\/revisions\/4259"}],"wp:attachment":[{"href":"https:\/\/lezamaasesores.com\/creativaa\/wp-json\/wp\/v2\/media?parent=4190"}],"curies":[{"name":"wp","href":"https:\/\/api.w.org\/{rel}","templated":true}]}}