{"id":3873,"date":"2026-01-29T20:44:14","date_gmt":"2026-01-29T19:44:14","guid":{"rendered":"https:\/\/lezamaasesores.com\/creativaa\/?page_id=3873"},"modified":"2026-02-02T18:13:07","modified_gmt":"2026-02-02T17:13:07","slug":"diseno-grafico-en-castellon","status":"publish","type":"page","link":"https:\/\/lezamaasesores.com\/creativaa\/diseno-grafico-en-castellon\/","title":{"rendered":"Dise\u00f1o gr\u00e1fico en Castell\u00f3n"},"content":{"rendered":"\t\t<div data-elementor-type=\"wp-page\" data-elementor-id=\"3873\" class=\"elementor elementor-3873\" data-elementor-post-type=\"page\">\n\t\t\t\t<div class=\"elementor-element elementor-element-3438e4a e-con-full e-flex e-con e-parent\" data-id=\"3438e4a\" data-element_type=\"container\">\n\t\t<div class=\"elementor-element elementor-element-b83b6fb e-con-full e-flex e-con e-child\" data-id=\"b83b6fb\" data-element_type=\"container\">\n\t\t\t\t<div class=\"elementor-element elementor-element-3364a17 elementor-widget elementor-widget-spacer\" data-id=\"3364a17\" data-element_type=\"widget\" data-widget_type=\"spacer.default\">\n\t\t\t\t\t\t\t<div class=\"elementor-spacer\">\n\t\t\t<div class=\"elementor-spacer-inner\"><\/div>\n\t\t<\/div>\n\t\t\t\t\t\t<\/div>\n\t\t\t\t<div class=\"elementor-element elementor-element-b63af27 aleft elementor-widget elementor-widget-wgl-text-editor\" data-id=\"b63af27\" data-element_type=\"widget\" data-widget_type=\"wgl-text-editor.default\">\n\t\t\t\t<div class=\"elementor-widget-container\">\n\t\t\t\t\t<div class=\"wgl-text-editor loop_animation\"><h3 class=\"text-editor_wrapper\"><span class=\" wgl-cursor-text elementor-repeater-item-5f1fe1d\" data-cursor-class=\"wgl-element-5f1fe1d cursor-global elementor-repeater-item-5f1fe1d tooltip_bg cursor_center\" data-cursor-text=\"&lt;h6&gt;about our studio&lt;\/h6&gt;\" data-cursor-prop=\"none\">dise\u00f1o gr\u00e1fico<\/span><\/h3><div class=\"text-editor_wrapper text-editor_wrapper-clone\"><span class=\" wgl-cursor-text elementor-repeater-item-5f1fe1d\" data-cursor-class=\"wgl-element-5f1fe1d cursor-global elementor-repeater-item-5f1fe1d tooltip_bg cursor_center\" data-cursor-text=\"&lt;h6&gt;about our studio&lt;\/h6&gt;\" data-cursor-prop=\"none\">dise\u00f1o gr\u00e1fico<\/span><span class=\" wgl-cursor-text elementor-repeater-item-5f1fe1d\" data-cursor-class=\"wgl-element-5f1fe1d cursor-global elementor-repeater-item-5f1fe1d tooltip_bg cursor_center\" data-cursor-text=\"&lt;h6&gt;about our studio&lt;\/h6&gt;\" data-cursor-prop=\"none\">dise\u00f1o gr\u00e1fico<\/span><\/div><div class=\"text-editor_wrapper text-editor_wrapper-clone\"><span class=\" wgl-cursor-text elementor-repeater-item-5f1fe1d\" data-cursor-class=\"wgl-element-5f1fe1d cursor-global elementor-repeater-item-5f1fe1d tooltip_bg cursor_center\" data-cursor-text=\"&lt;h6&gt;about our studio&lt;\/h6&gt;\" data-cursor-prop=\"none\">dise\u00f1o gr\u00e1fico<\/span><span class=\" wgl-cursor-text elementor-repeater-item-5f1fe1d\" data-cursor-class=\"wgl-element-5f1fe1d cursor-global elementor-repeater-item-5f1fe1d tooltip_bg cursor_center\" data-cursor-text=\"&lt;h6&gt;about our studio&lt;\/h6&gt;\" data-cursor-prop=\"none\">dise\u00f1o gr\u00e1fico<\/span><\/div><\/div>\t\t\t\t<\/div>\n\t\t\t\t<\/div>\n\t\t\t\t<div class=\"elementor-element elementor-element-1f653b3 elementor-widget elementor-widget-spacer\" data-id=\"1f653b3\" data-element_type=\"widget\" data-widget_type=\"spacer.default\">\n\t\t\t\t\t\t\t<div class=\"elementor-spacer\">\n\t\t\t<div class=\"elementor-spacer-inner\"><\/div>\n\t\t<\/div>\n\t\t\t\t\t\t<\/div>\n\t\t\t\t<\/div>\n\t\t<div class=\"elementor-element elementor-element-ebe4108 e-con-full e-flex e-con e-child\" data-id=\"ebe4108\" data-element_type=\"container\">\n\t\t<div class=\"elementor-element elementor-element-9bff86d e-con-full e-flex e-con e-child\" data-id=\"9bff86d\" data-element_type=\"container\">\n\t\t\t\t<div class=\"elementor-element elementor-element-0ad058f aleft elementor-widget elementor-widget-wgl-button\" data-id=\"0ad058f\" data-element_type=\"widget\" data-widget_type=\"wgl-button.default\">\n\t\t\t\t<div class=\"elementor-widget-container\">\n\t\t\t\t\t<a class=\"wgl-button btn-size-xl \" role=\"button\" href=\"https:\/\/www.instagram.com\/\"><div class=\"button__content \"><span class=\"button__text\">instagram<\/span><\/div><\/a>\t\t\t\t<\/div>\n\t\t\t\t<\/div>\n\t\t\t\t<div class=\"elementor-element elementor-element-4b9153b aleft elementor-widget elementor-widget-wgl-button\" data-id=\"4b9153b\" data-element_type=\"widget\" data-widget_type=\"wgl-button.default\">\n\t\t\t\t<div class=\"elementor-widget-container\">\n\t\t\t\t\t<a class=\"wgl-button btn-size-xl \" role=\"button\" href=\"https:\/\/www.facebook.com\/\"><div class=\"button__content \"><span class=\"button__text\">facebook<\/span><\/div><\/a>\t\t\t\t<\/div>\n\t\t\t\t<\/div>\n\t\t\t\t<div class=\"elementor-element elementor-element-170ccea aleft elementor-widget elementor-widget-wgl-button\" data-id=\"170ccea\" data-element_type=\"widget\" data-widget_type=\"wgl-button.default\">\n\t\t\t\t<div class=\"elementor-widget-container\">\n\t\t\t\t\t<a class=\"wgl-button btn-size-xl \" role=\"button\" href=\"https:\/\/twitter.com\/\"><div class=\"button__content \"><span class=\"button__text\">twitter<\/span><\/div><\/a>\t\t\t\t<\/div>\n\t\t\t\t<\/div>\n\t\t\t\t<\/div>\n\t\t\t\t<div class=\"elementor-element elementor-element-6a055e6 elementor-widget elementor-widget-spacer\" data-id=\"6a055e6\" data-element_type=\"widget\" data-widget_type=\"spacer.default\">\n\t\t\t\t\t\t\t<div class=\"elementor-spacer\">\n\t\t\t<div class=\"elementor-spacer-inner\"><\/div>\n\t\t<\/div>\n\t\t\t\t\t\t<\/div>\n\t\t\t\t<\/div>\n\t\t<div class=\"elementor-element elementor-element-7b4f1a0 e-con-full e-flex e-con e-child\" data-id=\"7b4f1a0\" data-element_type=\"container\">\n\t\t\t\t<div class=\"elementor-element elementor-element-23db006 elementor-widget__width-initial elementor-widget elementor-widget-text-editor\" data-id=\"23db006\" data-element_type=\"widget\" data-widget_type=\"text-editor.default\">\n\t\t\t\t\t\t\t\t\t<p>Our agency is a creative and technology-driven firm that specializes in providing a wide range of digital design services to clients.<\/p>\t\t\t\t\t\t\t\t<\/div>\n\t\t\t\t<\/div>\n\t\t\t\t<\/div>\n\t\t<div class=\"elementor-element elementor-element-1c6cfe0 e-flex e-con-boxed e-con e-parent\" data-id=\"1c6cfe0\" data-element_type=\"container\">\n\t\t\t\t\t<div class=\"e-con-inner\">\n\t\t<div class=\"elementor-element elementor-element-426c749 e-con-full e-flex e-con e-child\" data-id=\"426c749\" data-element_type=\"container\">\n\t\t<div class=\"elementor-element elementor-element-57ae781 e-con-full e-flex e-con e-child\" data-id=\"57ae781\" data-element_type=\"container\">\n\t\t\t\t<div class=\"elementor-element elementor-element-570d4c8 elementor-widget elementor-widget-spacer\" data-id=\"570d4c8\" data-element_type=\"widget\" data-widget_type=\"spacer.default\">\n\t\t\t\t\t\t\t<div class=\"elementor-spacer\">\n\t\t\t<div class=\"elementor-spacer-inner\"><\/div>\n\t\t<\/div>\n\t\t\t\t\t\t<\/div>\n\t\t\t\t<div class=\"elementor-element elementor-element-4678be8 aleft elementor-widget elementor-widget-wgl-double-heading\" data-id=\"4678be8\" data-element_type=\"widget\" data-widget_type=\"wgl-double-heading.default\">\n\t\t\t\t<div class=\"elementor-widget-container\">\n\t\t\t\t\t<div class=\"wgl-double-heading\"><h5 class=\"dblh__subtitle\">(what we offer)<\/h5><h3 class=\"dblh__title-wrapper\"><span class=\"dblh__title dblh__title-1\">Que hacemos<\/span><\/h3><div class=\"dblh__content\"><p>Que sabemos hacer<\/p><\/div><\/div>\t\t\t\t<\/div>\n\t\t\t\t<\/div>\n\t\t\t\t<\/div>\n\t\t<div class=\"elementor-element elementor-element-9198850 e-con-full e-flex e-con e-child\" data-id=\"9198850\" data-element_type=\"container\">\n\t\t\t\t<div class=\"elementor-element elementor-element-514e630 elementor-widget elementor-widget-spacer\" data-id=\"514e630\" data-element_type=\"widget\" data-widget_type=\"spacer.default\">\n\t\t\t\t\t\t\t<div class=\"elementor-spacer\">\n\t\t\t<div class=\"elementor-spacer-inner\"><\/div>\n\t\t<\/div>\n\t\t\t\t\t\t<\/div>\n\t\t\t\t<div class=\"elementor-element elementor-element-c0f89a0 aright a-mobileleft has-icon_size_animation elementor-widget-icon-box wgl-icon-box elementor-widget elementor-widget-wgl-button\" data-id=\"c0f89a0\" data-element_type=\"widget\" data-widget_type=\"wgl-button.default\">\n\t\t\t\t<div class=\"elementor-widget-container\">\n\t\t\t\t\t<a class=\"wgl-button btn-size-xl \" role=\"button\" href=\"https:\/\/lezamaasesores.com\/creativaa\/services\/\"><div class=\"button__content align-icon-right\"><div class=\"media-wrapper icon-wrapper\"><span class=\"wgl-icon\" ><i class=\"icon elementor-icon flaticon flaticon-down-right-arrow\" aria-hidden=\"true\"><\/i><\/span><\/div><span class=\"button__text\">view all capabilities<\/span><\/div><\/a>\t\t\t\t<\/div>\n\t\t\t\t<\/div>\n\t\t\t\t<\/div>\n\t\t\t\t<\/div>\n\t\t<div class=\"elementor-element elementor-element-9d0bb41 e-con-full e-flex e-con e-child\" data-id=\"9d0bb41\" data-element_type=\"container\">\n\t\t\t\t<div class=\"elementor-element elementor-element-456a1e3 elementor-widget elementor-widget-spacer\" data-id=\"456a1e3\" data-element_type=\"widget\" data-widget_type=\"spacer.default\">\n\t\t\t\t\t\t\t<div class=\"elementor-spacer\">\n\t\t\t<div class=\"elementor-spacer-inner\"><\/div>\n\t\t<\/div>\n\t\t\t\t\t\t<\/div>\n\t\t\t\t<div class=\"elementor-element elementor-element-85599cb breakpoint_on-tablet elementor-widget elementor-widget-wgl-showcase\" data-id=\"85599cb\" data-element_type=\"widget\" data-widget_type=\"wgl-showcase.default\">\n\t\t\t\t<div class=\"elementor-widget-container\">\n\t\t\t\t\t<div class=\"wgl-showcase interactive-showcase\"><div class=\"showcase__item active  wgl-cursor-text\"><a class=\"showcase__link\" href=\"https:\/\/lezamaasesores.com\/creativaa\/about-us\/\"><\/a><h3 class=\"showcase__title\"><span class=\"showcase__subtitle\">001<\/span><span class=\"title\">Equipo multidisciplinar<\/span><\/h3><div class=\"showcase__content\"><p>They possess a keen eye for aesthetics and user-centered design principles, ensuring that the final deliverables.<\/p><\/div><div class=\"showcase__image interactive\" style=\"background-image:url(https:\/\/lezamaasesores.com\/creativaa\/wp-content\/uploads\/2026\/01\/c11-800x769.png)\"><img decoding=\"async\" class=\"image\" src=\"https:\/\/lezamaasesores.com\/creativaa\/wp-content\/uploads\/2026\/01\/c11-800x769.png\" alt=\"\"><\/div><\/div><div class=\"showcase__item   wgl-cursor-text\"><a class=\"showcase__link\" href=\"https:\/\/lezamaasesores.com\/creativaa\/about-us\/\"><\/a><h3 class=\"showcase__title\"><span class=\"showcase__subtitle\">002<\/span><span class=\"title\">UI\/UX Design from Professionals <\/span><\/h3><div class=\"showcase__content\"><p>They seek to understand their clients' goals, target audience, and unique requirements to create customized and impactful digital solutions.<\/p><\/div><div class=\"showcase__image interactive\" style=\"background-image:url(https:\/\/lezamaasesores.com\/creativaa\/wp-content\/uploads\/2024\/01\/scase-2-206x144.jpg)\"><img decoding=\"async\" class=\"image\" src=\"https:\/\/lezamaasesores.com\/creativaa\/wp-content\/uploads\/2024\/01\/scase-2-206x144.jpg\" alt=\"\"><\/div><\/div><div class=\"showcase__item   wgl-cursor-text\"><a class=\"showcase__link\" href=\"https:\/\/lezamaasesores.com\/creativaa\/about-us\/\"><\/a><h3 class=\"showcase__title\"><span class=\"showcase__subtitle\">003<\/span><span class=\"title\">Mobile &amp; Web Development<\/span><\/h3><div class=\"showcase__content\"><p>Regular communication and feedback loops are integral to delivering projects that meet or exceed client expectations.<\/p><\/div><div class=\"showcase__image interactive\" style=\"background-image:url(https:\/\/lezamaasesores.com\/creativaa\/wp-content\/uploads\/2024\/01\/scase-4-206x144.jpg)\"><img decoding=\"async\" class=\"image\" src=\"https:\/\/lezamaasesores.com\/creativaa\/wp-content\/uploads\/2024\/01\/scase-4-206x144.jpg\" alt=\"\"><\/div><\/div><div class=\"showcase__item   wgl-cursor-text\"><a class=\"showcase__link\" href=\"https:\/\/lezamaasesores.com\/creativaa\/about-us\/\"><\/a><h3 class=\"showcase__title\"><span class=\"showcase__subtitle\">004<\/span><span class=\"title\">Provide SEO &amp; SMM Services<\/span><\/h3><div class=\"showcase__content\"><p>Being at the forefront of technology, digital design agencies stay updated with the latest design tools.<\/p><\/div><div class=\"showcase__image interactive\" style=\"background-image:url(https:\/\/lezamaasesores.com\/creativaa\/wp-content\/uploads\/2024\/01\/scase-3-206x144.jpg)\"><img decoding=\"async\" class=\"image\" src=\"https:\/\/lezamaasesores.com\/creativaa\/wp-content\/uploads\/2024\/01\/scase-3-206x144.jpg\" alt=\"\"><\/div><\/div><\/div>\t\t\t\t<\/div>\n\t\t\t\t<\/div>\n\t\t\t\t<div class=\"elementor-element elementor-element-0c7b399 elementor-widget elementor-widget-spacer\" data-id=\"0c7b399\" data-element_type=\"widget\" data-widget_type=\"spacer.default\">\n\t\t\t\t\t\t\t<div class=\"elementor-spacer\">\n\t\t\t<div class=\"elementor-spacer-inner\"><\/div>\n\t\t<\/div>\n\t\t\t\t\t\t<\/div>\n\t\t\t\t<\/div>\n\t\t\t\t\t<\/div>\n\t\t\t\t<\/div>\n\t\t<div class=\"elementor-element elementor-element-8e2ed6a e-flex e-con-boxed e-con e-parent\" data-id=\"8e2ed6a\" data-element_type=\"container\">\n\t\t\t\t\t<div class=\"e-con-inner\">\n\t\t<div class=\"elementor-element elementor-element-e414b47 e-con-full e-flex e-con e-child\" data-id=\"e414b47\" data-element_type=\"container\">\n\t\t\t\t<div class=\"elementor-element elementor-element-0ad34ec button_center has-icon_visibility aleft icon-visibility-default elementor-widget elementor-widget-wgl-info-box\" data-id=\"0ad34ec\" data-element_type=\"widget\" data-widget_type=\"wgl-info-box.default\">\n\t\t\t\t<div class=\"elementor-widget-container\">\n\t\t\t\t\t<div class=\"wgl-infobox_bg_wrapper\"><\/div><div class=\"wgl-infobox\"><a class=\"wgl-infobox__link\" href=\"https:\/\/lezamaasesores.com\/creativaa\/contacts\/\"><\/a><div class=\"wgl-infobox_wrapper\"><div class=\"content_wrapper\"><div class=\"wgl-infobox-title_wrapper\"><\/div><div class=\"wgl-infobox-button_wrapper\"><div  class=\"wgl-infobox_button wgl-button \"><div class=\"button__content\"><div class=\"icon-wrapper\"><span class=\"wgl-icon\"> <i class=\"read-more-icon flaticon flaticon-down-arrow-1\" aria-hidden=\"true\"><\/i><\/span><\/div><span class=\"button__text\">Cat\u00e1logos y Revistas<\/span><\/div><\/div><\/div><\/div><\/div><\/div>\t\t\t\t<\/div>\n\t\t\t\t<\/div>\n\t\t\t\t<\/div>\n\t\t<div class=\"elementor-element elementor-element-30b871b e-con-full e-flex e-con e-child\" data-id=\"30b871b\" data-element_type=\"container\">\n\t\t\t\t<div class=\"elementor-element elementor-element-3ce8980 button_center has-icon_visibility aleft icon-visibility-default elementor-widget elementor-widget-wgl-info-box\" data-id=\"3ce8980\" data-element_type=\"widget\" data-widget_type=\"wgl-info-box.default\">\n\t\t\t\t<div class=\"elementor-widget-container\">\n\t\t\t\t\t<div class=\"wgl-infobox_bg_wrapper\"><\/div><div class=\"wgl-infobox\"><a class=\"wgl-infobox__link\" href=\"https:\/\/lezamaasesores.com\/creativaa\/contacts\/\"><\/a><div class=\"wgl-infobox_wrapper\"><div class=\"content_wrapper\"><div class=\"wgl-infobox-title_wrapper\"><\/div><div class=\"wgl-infobox-button_wrapper\"><div  class=\"wgl-infobox_button wgl-button \"><div class=\"button__content\"><div class=\"icon-wrapper\"><span class=\"wgl-icon\"> <i class=\"read-more-icon flaticon flaticon-down-arrow-1\" aria-hidden=\"true\"><\/i><\/span><\/div><span class=\"button__text\">Corporativo<\/span><\/div><\/div><\/div><\/div><\/div><\/div>\t\t\t\t<\/div>\n\t\t\t\t<\/div>\n\t\t\t\t<\/div>\n\t\t<div class=\"elementor-element elementor-element-82c9df1 e-con-full e-flex e-con e-child\" data-id=\"82c9df1\" data-element_type=\"container\">\n\t\t\t\t<div class=\"elementor-element elementor-element-3f90a10 button_center has-icon_visibility aleft icon-visibility-default elementor-widget elementor-widget-wgl-info-box\" data-id=\"3f90a10\" data-element_type=\"widget\" data-widget_type=\"wgl-info-box.default\">\n\t\t\t\t<div class=\"elementor-widget-container\">\n\t\t\t\t\t<div class=\"wgl-infobox_bg_wrapper\"><\/div><div class=\"wgl-infobox\"><a class=\"wgl-infobox__link\" href=\"https:\/\/lezamaasesores.com\/creativaa\/contacts\/\"><\/a><div class=\"wgl-infobox_wrapper\"><div class=\"content_wrapper\"><div class=\"wgl-infobox-title_wrapper\"><\/div><div class=\"wgl-infobox-button_wrapper\"><div  class=\"wgl-infobox_button wgl-button \"><div class=\"button__content\"><div class=\"icon-wrapper\"><span class=\"wgl-icon\"> <i class=\"read-more-icon flaticon flaticon-down-arrow-1\" aria-hidden=\"true\"><\/i><\/span><\/div><span class=\"button__text\">Publicitario<\/span><\/div><\/div><\/div><\/div><\/div><\/div>\t\t\t\t<\/div>\n\t\t\t\t<\/div>\n\t\t\t\t<\/div>\n\t\t<div class=\"elementor-element elementor-element-8326927 e-con-full e-flex e-con e-child\" data-id=\"8326927\" data-element_type=\"container\">\n\t\t\t\t<div class=\"elementor-element elementor-element-647735b button_center has-icon_visibility aleft icon-visibility-default elementor-widget elementor-widget-wgl-info-box\" data-id=\"647735b\" data-element_type=\"widget\" data-widget_type=\"wgl-info-box.default\">\n\t\t\t\t<div class=\"elementor-widget-container\">\n\t\t\t\t\t<div class=\"wgl-infobox_bg_wrapper\"><\/div><div class=\"wgl-infobox\"><a class=\"wgl-infobox__link\" href=\"https:\/\/lezamaasesores.com\/creativaa\/contacts\/\"><\/a><div class=\"wgl-infobox_wrapper\"><div class=\"content_wrapper\"><div class=\"wgl-infobox-title_wrapper\"><\/div><div class=\"wgl-infobox-button_wrapper\"><div  class=\"wgl-infobox_button wgl-button \"><div class=\"button__content\"><div class=\"icon-wrapper\"><span class=\"wgl-icon\"> <i class=\"read-more-icon flaticon flaticon-down-arrow-1\" aria-hidden=\"true\"><\/i><\/span><\/div><span class=\"button__text\">Digital<\/span><\/div><\/div><\/div><\/div><\/div><\/div>\t\t\t\t<\/div>\n\t\t\t\t<\/div>\n\t\t\t\t<\/div>\n\t\t\t\t\t<\/div>\n\t\t\t\t<\/div>\n\t\t\t\t<\/div>\n\t\t","protected":false},"excerpt":{"rendered":"<p>dise\u00f1o gr\u00e1fico dise\u00f1o gr\u00e1ficodise\u00f1o gr\u00e1ficodise\u00f1o gr\u00e1ficodise\u00f1o gr\u00e1fico instagram facebook twitter Our agency is a creative and technology-driven firm that specializes in providing a wide range of digital design services to clients. (what we offer) Que hacemos Que sabemos hacer view all capabilities 001Equipo multidisciplinar They possess a keen eye for aesthetics and user-centered design principles, [&hellip;]<\/p>\n","protected":false},"author":1,"featured_media":0,"parent":0,"menu_order":0,"comment_status":"closed","ping_status":"closed","template":"","meta":{"footnotes":""},"class_list":["post-3873","page","type-page","status-publish","hentry"],"_links":{"self":[{"href":"https:\/\/lezamaasesores.com\/creativaa\/wp-json\/wp\/v2\/pages\/3873","targetHints":{"allow":["GET"]}}],"collection":[{"href":"https:\/\/lezamaasesores.com\/creativaa\/wp-json\/wp\/v2\/pages"}],"about":[{"href":"https:\/\/lezamaasesores.com\/creativaa\/wp-json\/wp\/v2\/types\/page"}],"author":[{"embeddable":true,"href":"https:\/\/lezamaasesores.com\/creativaa\/wp-json\/wp\/v2\/users\/1"}],"replies":[{"embeddable":true,"href":"https:\/\/lezamaasesores.com\/creativaa\/wp-json\/wp\/v2\/comments?post=3873"}],"version-history":[{"count":40,"href":"https:\/\/lezamaasesores.com\/creativaa\/wp-json\/wp\/v2\/pages\/3873\/revisions"}],"predecessor-version":[{"id":4159,"href":"https:\/\/lezamaasesores.com\/creativaa\/wp-json\/wp\/v2\/pages\/3873\/revisions\/4159"}],"wp:attachment":[{"href":"https:\/\/lezamaasesores.com\/creativaa\/wp-json\/wp\/v2\/media?parent=3873"}],"curies":[{"name":"wp","href":"https:\/\/api.w.org\/{rel}","templated":true}]}}