{"id":6056,"date":"2025-05-06T17:32:26","date_gmt":"2025-05-06T15:32:26","guid":{"rendered":"http:\/\/lezamaasesores.com\/colorin\/?page_id=6056"},"modified":"2025-06-15T15:03:20","modified_gmt":"2025-06-15T13:03:20","slug":"quienes-somos","status":"publish","type":"page","link":"https:\/\/lezamaasesores.com\/colorin\/quienes-somos\/","title":{"rendered":"Quienes somos"},"content":{"rendered":"\t\t<div data-elementor-type=\"wp-page\" data-elementor-id=\"6056\" class=\"elementor elementor-6056\" data-elementor-post-type=\"page\">\n\t\t\t\t<div class=\"elementor-element elementor-element-b341703 e-flex e-con-boxed e-con e-parent\" data-id=\"b341703\" data-element_type=\"container\" data-settings=\"{&quot;shape_divider_top&quot;:&quot;waves&quot;}\">\n\t\t\t\t\t<div class=\"e-con-inner\">\n\t\t\t\t<div class=\"elementor-shape elementor-shape-top\" data-negative=\"false\">\n\t\t\t<svg xmlns=\"http:\/\/www.w3.org\/2000\/svg\" viewBox=\"0 0 1000 100\" preserveAspectRatio=\"none\">\n\t<path class=\"elementor-shape-fill\" d=\"M421.9,6.5c22.6-2.5,51.5,0.4,75.5,5.3c23.6,4.9,70.9,23.5,100.5,35.7c75.8,32.2,133.7,44.5,192.6,49.7\n\tc23.6,2.1,48.7,3.5,103.4-2.5c54.7-6,106.2-25.6,106.2-25.6V0H0v30.3c0,0,72,32.6,158.4,30.5c39.2-0.7,92.8-6.7,134-22.4\n\tc21.2-8.1,52.2-18.2,79.7-24.2C399.3,7.9,411.6,7.5,421.9,6.5z\"\/>\n<\/svg>\t\t<\/div>\n\t\t<div class=\"elementor-element elementor-element-5c94dd9 e-con-full e-flex e-con e-child\" data-id=\"5c94dd9\" data-element_type=\"container\">\n\t\t\t\t<div class=\"elementor-element elementor-element-c78b96b elementor-widget elementor-widget-text-editor\" data-id=\"c78b96b\" data-element_type=\"widget\" data-widget_type=\"text-editor.default\">\n\t\t\t\t<div class=\"elementor-widget-container\">\n\t\t\t\t\t\t\t\t\t<p>Quienes somos<\/p>\t\t\t\t\t\t\t\t<\/div>\n\t\t\t\t<\/div>\n\t\t\t\t<div class=\"elementor-element elementor-element-33cd66c elementor-widget elementor-widget-text-editor\" data-id=\"33cd66c\" data-element_type=\"widget\" data-widget_type=\"text-editor.default\">\n\t\t\t\t<div class=\"elementor-widget-container\">\n\t\t\t\t\t\t\t\t\t<p>Con el objetivo de recuperar la alegr\u00eda y la sonrisa, tras unos a\u00f1os de pandemia, empezamos a so\u00f1ar en traer algo diferente y totalmente innovador.<br \/>En 2021, en un viaje de vacaciones los socios y fundadores de la empresa tuvieron la oportunidad de conocer esta tecnolog\u00eda que ya estaba empezando en otros pa\u00edses y les motiv\u00f3 a trasladar esta novedad a Espa\u00f1a. Con un producto dulce, colorido y lleno de sabor, ofrecemos momentos m\u00e1gicos para personas de todas las edades.<\/p>\t\t\t\t\t\t\t\t<\/div>\n\t\t\t\t<\/div>\n\t\t\t\t<\/div>\n\t\t<div class=\"elementor-element elementor-element-6fa078c e-con-full e-flex e-con e-child\" data-id=\"6fa078c\" data-element_type=\"container\">\n\t\t\t\t<div class=\"elementor-element elementor-element-9f860a9 elementor-widget elementor-widget-image\" data-id=\"9f860a9\" data-element_type=\"widget\" data-widget_type=\"image.default\">\n\t\t\t\t<div class=\"elementor-widget-container\">\n\t\t\t\t\t\t\t\t\t\t\t\t\t\t\t<img fetchpriority=\"high\" decoding=\"async\" width=\"1000\" height=\"1250\" src=\"https:\/\/lezamaasesores.com\/colorin\/wp-content\/uploads\/2025\/04\/DSC05762.jpg\" class=\"attachment-full size-full wp-image-5133\" alt=\"\" srcset=\"https:\/\/lezamaasesores.com\/colorin\/wp-content\/uploads\/2025\/04\/DSC05762.jpg 1000w, https:\/\/lezamaasesores.com\/colorin\/wp-content\/uploads\/2025\/04\/DSC05762-600x750.jpg 600w, https:\/\/lezamaasesores.com\/colorin\/wp-content\/uploads\/2025\/04\/DSC05762-240x300.jpg 240w, https:\/\/lezamaasesores.com\/colorin\/wp-content\/uploads\/2025\/04\/DSC05762-819x1024.jpg 819w, https:\/\/lezamaasesores.com\/colorin\/wp-content\/uploads\/2025\/04\/DSC05762-768x960.jpg 768w\" sizes=\"(max-width: 1000px) 100vw, 1000px\" \/>\t\t\t\t\t\t\t\t\t\t\t\t\t\t\t<\/div>\n\t\t\t\t<\/div>\n\t\t\t\t<\/div>\n\t\t\t\t\t<\/div>\n\t\t\t\t<\/div>\n\t\t<div class=\"elementor-element elementor-element-d1b74e9 e-flex e-con-boxed e-con e-parent\" data-id=\"d1b74e9\" data-element_type=\"container\" data-settings=\"{&quot;background_background&quot;:&quot;classic&quot;,&quot;shape_divider_top&quot;:&quot;waves&quot;}\">\n\t\t\t\t\t<div class=\"e-con-inner\">\n\t\t\t\t<div class=\"elementor-shape elementor-shape-top\" data-negative=\"false\">\n\t\t\t<svg xmlns=\"http:\/\/www.w3.org\/2000\/svg\" viewBox=\"0 0 1000 100\" preserveAspectRatio=\"none\">\n\t<path class=\"elementor-shape-fill\" d=\"M421.9,6.5c22.6-2.5,51.5,0.4,75.5,5.3c23.6,4.9,70.9,23.5,100.5,35.7c75.8,32.2,133.7,44.5,192.6,49.7\n\tc23.6,2.1,48.7,3.5,103.4-2.5c54.7-6,106.2-25.6,106.2-25.6V0H0v30.3c0,0,72,32.6,158.4,30.5c39.2-0.7,92.8-6.7,134-22.4\n\tc21.2-8.1,52.2-18.2,79.7-24.2C399.3,7.9,411.6,7.5,421.9,6.5z\"\/>\n<\/svg>\t\t<\/div>\n\t\t<div class=\"elementor-element elementor-element-2d709f3 e-con-full e-flex e-con e-child\" data-id=\"2d709f3\" data-element_type=\"container\">\n\t\t\t\t<div class=\"elementor-element elementor-element-973af5d elementor-widget elementor-widget-image\" data-id=\"973af5d\" data-element_type=\"widget\" data-widget_type=\"image.default\">\n\t\t\t\t<div class=\"elementor-widget-container\">\n\t\t\t\t\t\t\t\t\t\t\t\t\t\t\t<img decoding=\"async\" width=\"1000\" height=\"1250\" src=\"https:\/\/lezamaasesores.com\/colorin\/wp-content\/uploads\/2025\/04\/DSC05843-2.jpg\" class=\"attachment-full size-full wp-image-5125\" alt=\"\" srcset=\"https:\/\/lezamaasesores.com\/colorin\/wp-content\/uploads\/2025\/04\/DSC05843-2.jpg 1000w, https:\/\/lezamaasesores.com\/colorin\/wp-content\/uploads\/2025\/04\/DSC05843-2-600x750.jpg 600w, https:\/\/lezamaasesores.com\/colorin\/wp-content\/uploads\/2025\/04\/DSC05843-2-240x300.jpg 240w, https:\/\/lezamaasesores.com\/colorin\/wp-content\/uploads\/2025\/04\/DSC05843-2-819x1024.jpg 819w, https:\/\/lezamaasesores.com\/colorin\/wp-content\/uploads\/2025\/04\/DSC05843-2-768x960.jpg 768w\" sizes=\"(max-width: 1000px) 100vw, 1000px\" \/>\t\t\t\t\t\t\t\t\t\t\t\t\t\t\t<\/div>\n\t\t\t\t<\/div>\n\t\t\t\t<\/div>\n\t\t<div class=\"elementor-element elementor-element-e23e1c4 e-con-full e-flex e-con e-child\" data-id=\"e23e1c4\" data-element_type=\"container\">\n\t\t\t\t<div class=\"elementor-element elementor-element-659523c elementor-widget elementor-widget-text-editor\" data-id=\"659523c\" data-element_type=\"widget\" data-widget_type=\"text-editor.default\">\n\t\t\t\t<div class=\"elementor-widget-container\">\n\t\t\t\t\t\t\t\t\t<p>Creamos el Dulce Color\u00edn, una empresa que se dedica a venta de algod\u00f3n de az\u00facar de una forma innovadora y personalizada. A partir de una m\u00e1quina de vending que fabrica el algod\u00f3n dulce en tan s\u00f3lo 2 minutos, capaz de recrear el algod\u00f3n de az\u00facar tradicional ofreciendo gran variedad de nuevas formas, colores y sabores.<\/p>\t\t\t\t\t\t\t\t<\/div>\n\t\t\t\t<\/div>\n\t\t\t\t<\/div>\n\t\t\t\t\t<\/div>\n\t\t\t\t<\/div>\n\t\t<div class=\"elementor-element elementor-element-617e57f e-flex e-con-boxed e-con e-parent\" data-id=\"617e57f\" data-element_type=\"container\" data-settings=\"{&quot;background_background&quot;:&quot;classic&quot;}\">\n\t\t\t\t\t<div class=\"e-con-inner\">\n\t\t\t\t<div class=\"elementor-element elementor-element-924921d elementor-arrows-position-inside elementor-pagination-position-outside elementor-widget elementor-widget-image-carousel\" data-id=\"924921d\" data-element_type=\"widget\" data-settings=\"{&quot;slides_to_show&quot;:&quot;3&quot;,&quot;slides_to_scroll&quot;:&quot;1&quot;,&quot;navigation&quot;:&quot;both&quot;,&quot;autoplay&quot;:&quot;yes&quot;,&quot;pause_on_hover&quot;:&quot;yes&quot;,&quot;pause_on_interaction&quot;:&quot;yes&quot;,&quot;autoplay_speed&quot;:5000,&quot;infinite&quot;:&quot;yes&quot;,&quot;speed&quot;:500,&quot;image_spacing_custom&quot;:{&quot;unit&quot;:&quot;px&quot;,&quot;size&quot;:20,&quot;sizes&quot;:[]},&quot;image_spacing_custom_tablet&quot;:{&quot;unit&quot;:&quot;px&quot;,&quot;size&quot;:&quot;&quot;,&quot;sizes&quot;:[]},&quot;image_spacing_custom_mobile&quot;:{&quot;unit&quot;:&quot;px&quot;,&quot;size&quot;:&quot;&quot;,&quot;sizes&quot;:[]}}\" data-widget_type=\"image-carousel.default\">\n\t\t\t\t<div class=\"elementor-widget-container\">\n\t\t\t\t\t\t\t<div class=\"elementor-image-carousel-wrapper swiper\" role=\"region\" aria-roledescription=\"carousel\" aria-label=\"Carrusel de im\u00e1genes\" dir=\"ltr\">\n\t\t\t<div class=\"elementor-image-carousel swiper-wrapper\" aria-live=\"off\">\n\t\t\t\t\t\t\t\t<div class=\"swiper-slide\" role=\"group\" aria-roledescription=\"slide\" aria-label=\"1 de 8\"><a data-elementor-open-lightbox=\"yes\" data-elementor-lightbox-slideshow=\"924921d\" data-elementor-lightbox-title=\"a1\" data-e-action-hash=\"#elementor-action%3Aaction%3Dlightbox%26settings%3DeyJpZCI6NjA2NCwidXJsIjoiaHR0cHM6XC9cL2xlemFtYWFzZXNvcmVzLmNvbVwvY29sb3Jpblwvd3AtY29udGVudFwvdXBsb2Fkc1wvMjAyNVwvMDVcL2ExLmpwZyIsInNsaWRlc2hvdyI6IjkyNDkyMWQifQ%3D%3D\" href=\"https:\/\/lezamaasesores.com\/colorin\/wp-content\/uploads\/2025\/05\/a1.jpg\"><figure class=\"swiper-slide-inner\"><img decoding=\"async\" class=\"swiper-slide-image\" src=\"https:\/\/lezamaasesores.com\/colorin\/wp-content\/uploads\/2025\/05\/a1.jpg\" alt=\"a1\" \/><\/figure><\/a><\/div><div class=\"swiper-slide\" role=\"group\" aria-roledescription=\"slide\" aria-label=\"2 de 8\"><a data-elementor-open-lightbox=\"yes\" data-elementor-lightbox-slideshow=\"924921d\" data-elementor-lightbox-title=\"a8\" data-e-action-hash=\"#elementor-action%3Aaction%3Dlightbox%26settings%3DeyJpZCI6NjA2NSwidXJsIjoiaHR0cHM6XC9cL2xlemFtYWFzZXNvcmVzLmNvbVwvY29sb3Jpblwvd3AtY29udGVudFwvdXBsb2Fkc1wvMjAyNVwvMDVcL2E4LmpwZyIsInNsaWRlc2hvdyI6IjkyNDkyMWQifQ%3D%3D\" href=\"https:\/\/lezamaasesores.com\/colorin\/wp-content\/uploads\/2025\/05\/a8.jpg\"><figure class=\"swiper-slide-inner\"><img decoding=\"async\" class=\"swiper-slide-image\" src=\"https:\/\/lezamaasesores.com\/colorin\/wp-content\/uploads\/2025\/05\/a8.jpg\" alt=\"a8\" \/><\/figure><\/a><\/div><div class=\"swiper-slide\" role=\"group\" aria-roledescription=\"slide\" aria-label=\"3 de 8\"><a data-elementor-open-lightbox=\"yes\" data-elementor-lightbox-slideshow=\"924921d\" data-elementor-lightbox-title=\"a7\" data-e-action-hash=\"#elementor-action%3Aaction%3Dlightbox%26settings%3DeyJpZCI6NjA2NiwidXJsIjoiaHR0cHM6XC9cL2xlemFtYWFzZXNvcmVzLmNvbVwvY29sb3Jpblwvd3AtY29udGVudFwvdXBsb2Fkc1wvMjAyNVwvMDVcL2E3LmpwZyIsInNsaWRlc2hvdyI6IjkyNDkyMWQifQ%3D%3D\" href=\"https:\/\/lezamaasesores.com\/colorin\/wp-content\/uploads\/2025\/05\/a7.jpg\"><figure class=\"swiper-slide-inner\"><img decoding=\"async\" class=\"swiper-slide-image\" src=\"https:\/\/lezamaasesores.com\/colorin\/wp-content\/uploads\/2025\/05\/a7.jpg\" alt=\"a7\" \/><\/figure><\/a><\/div><div class=\"swiper-slide\" role=\"group\" aria-roledescription=\"slide\" aria-label=\"4 de 8\"><a data-elementor-open-lightbox=\"yes\" data-elementor-lightbox-slideshow=\"924921d\" data-elementor-lightbox-title=\"a6\" data-e-action-hash=\"#elementor-action%3Aaction%3Dlightbox%26settings%3DeyJpZCI6NjA2NywidXJsIjoiaHR0cHM6XC9cL2xlemFtYWFzZXNvcmVzLmNvbVwvY29sb3Jpblwvd3AtY29udGVudFwvdXBsb2Fkc1wvMjAyNVwvMDVcL2E2LmpwZyIsInNsaWRlc2hvdyI6IjkyNDkyMWQifQ%3D%3D\" href=\"https:\/\/lezamaasesores.com\/colorin\/wp-content\/uploads\/2025\/05\/a6.jpg\"><figure class=\"swiper-slide-inner\"><img decoding=\"async\" class=\"swiper-slide-image\" src=\"https:\/\/lezamaasesores.com\/colorin\/wp-content\/uploads\/2025\/05\/a6.jpg\" alt=\"a6\" \/><\/figure><\/a><\/div><div class=\"swiper-slide\" role=\"group\" aria-roledescription=\"slide\" aria-label=\"5 de 8\"><a data-elementor-open-lightbox=\"yes\" data-elementor-lightbox-slideshow=\"924921d\" data-elementor-lightbox-title=\"a5\" data-e-action-hash=\"#elementor-action%3Aaction%3Dlightbox%26settings%3DeyJpZCI6NjA2OCwidXJsIjoiaHR0cHM6XC9cL2xlemFtYWFzZXNvcmVzLmNvbVwvY29sb3Jpblwvd3AtY29udGVudFwvdXBsb2Fkc1wvMjAyNVwvMDVcL2E1LmpwZyIsInNsaWRlc2hvdyI6IjkyNDkyMWQifQ%3D%3D\" href=\"https:\/\/lezamaasesores.com\/colorin\/wp-content\/uploads\/2025\/05\/a5.jpg\"><figure class=\"swiper-slide-inner\"><img decoding=\"async\" class=\"swiper-slide-image\" src=\"https:\/\/lezamaasesores.com\/colorin\/wp-content\/uploads\/2025\/05\/a5.jpg\" alt=\"a5\" \/><\/figure><\/a><\/div><div class=\"swiper-slide\" role=\"group\" aria-roledescription=\"slide\" aria-label=\"6 de 8\"><a data-elementor-open-lightbox=\"yes\" data-elementor-lightbox-slideshow=\"924921d\" data-elementor-lightbox-title=\"a4\" data-e-action-hash=\"#elementor-action%3Aaction%3Dlightbox%26settings%3DeyJpZCI6NjA2OSwidXJsIjoiaHR0cHM6XC9cL2xlemFtYWFzZXNvcmVzLmNvbVwvY29sb3Jpblwvd3AtY29udGVudFwvdXBsb2Fkc1wvMjAyNVwvMDVcL2E0LmpwZyIsInNsaWRlc2hvdyI6IjkyNDkyMWQifQ%3D%3D\" href=\"https:\/\/lezamaasesores.com\/colorin\/wp-content\/uploads\/2025\/05\/a4.jpg\"><figure class=\"swiper-slide-inner\"><img decoding=\"async\" class=\"swiper-slide-image\" src=\"https:\/\/lezamaasesores.com\/colorin\/wp-content\/uploads\/2025\/05\/a4.jpg\" alt=\"a4\" \/><\/figure><\/a><\/div><div class=\"swiper-slide\" role=\"group\" aria-roledescription=\"slide\" aria-label=\"7 de 8\"><a data-elementor-open-lightbox=\"yes\" data-elementor-lightbox-slideshow=\"924921d\" data-elementor-lightbox-title=\"a3\" data-e-action-hash=\"#elementor-action%3Aaction%3Dlightbox%26settings%3DeyJpZCI6NjA3MCwidXJsIjoiaHR0cHM6XC9cL2xlemFtYWFzZXNvcmVzLmNvbVwvY29sb3Jpblwvd3AtY29udGVudFwvdXBsb2Fkc1wvMjAyNVwvMDVcL2EzLmpwZyIsInNsaWRlc2hvdyI6IjkyNDkyMWQifQ%3D%3D\" href=\"https:\/\/lezamaasesores.com\/colorin\/wp-content\/uploads\/2025\/05\/a3.jpg\"><figure class=\"swiper-slide-inner\"><img decoding=\"async\" class=\"swiper-slide-image\" src=\"https:\/\/lezamaasesores.com\/colorin\/wp-content\/uploads\/2025\/05\/a3.jpg\" alt=\"a3\" \/><\/figure><\/a><\/div><div class=\"swiper-slide\" role=\"group\" aria-roledescription=\"slide\" aria-label=\"8 de 8\"><a data-elementor-open-lightbox=\"yes\" data-elementor-lightbox-slideshow=\"924921d\" data-elementor-lightbox-title=\"a2\" data-e-action-hash=\"#elementor-action%3Aaction%3Dlightbox%26settings%3DeyJpZCI6NjA3MSwidXJsIjoiaHR0cHM6XC9cL2xlemFtYWFzZXNvcmVzLmNvbVwvY29sb3Jpblwvd3AtY29udGVudFwvdXBsb2Fkc1wvMjAyNVwvMDVcL2EyLmpwZyIsInNsaWRlc2hvdyI6IjkyNDkyMWQifQ%3D%3D\" href=\"https:\/\/lezamaasesores.com\/colorin\/wp-content\/uploads\/2025\/05\/a2.jpg\"><figure class=\"swiper-slide-inner\"><img decoding=\"async\" class=\"swiper-slide-image\" src=\"https:\/\/lezamaasesores.com\/colorin\/wp-content\/uploads\/2025\/05\/a2.jpg\" alt=\"a2\" \/><\/figure><\/a><\/div>\t\t\t<\/div>\n\t\t\t\t\t\t\t\t\t\t\t\t<div class=\"elementor-swiper-button elementor-swiper-button-prev\" role=\"button\" tabindex=\"0\">\n\t\t\t\t\t\t<svg aria-hidden=\"true\" class=\"e-font-icon-svg e-eicon-chevron-left\" viewBox=\"0 0 1000 1000\" xmlns=\"http:\/\/www.w3.org\/2000\/svg\"><path d=\"M646 125C629 125 613 133 604 142L308 442C296 454 292 471 292 487 292 504 296 521 308 533L604 854C617 867 629 875 646 875 663 875 679 871 692 858 704 846 713 829 713 812 713 796 708 779 692 767L438 487 692 225C700 217 708 204 708 187 708 171 704 154 692 142 675 129 663 125 646 125Z\"><\/path><\/svg>\t\t\t\t\t<\/div>\n\t\t\t\t\t<div class=\"elementor-swiper-button elementor-swiper-button-next\" role=\"button\" tabindex=\"0\">\n\t\t\t\t\t\t<svg aria-hidden=\"true\" class=\"e-font-icon-svg e-eicon-chevron-right\" viewBox=\"0 0 1000 1000\" xmlns=\"http:\/\/www.w3.org\/2000\/svg\"><path d=\"M696 533C708 521 713 504 713 487 713 471 708 454 696 446L400 146C388 133 375 125 354 125 338 125 325 129 313 142 300 154 292 171 292 187 292 204 296 221 308 233L563 492 304 771C292 783 288 800 288 817 288 833 296 850 308 863 321 871 338 875 354 875 371 875 388 867 400 854L696 533Z\"><\/path><\/svg>\t\t\t\t\t<\/div>\n\t\t\t\t\n\t\t\t\t\t\t\t\t\t<div class=\"swiper-pagination\"><\/div>\n\t\t\t\t\t\t\t\t\t<\/div>\n\t\t\t\t\t\t<\/div>\n\t\t\t\t<\/div>\n\t\t\t\t\t<\/div>\n\t\t\t\t<\/div>\n\t\t\t\t<\/div>\n\t\t","protected":false},"excerpt":{"rendered":"<p>Quienes somos Con el objetivo de recuperar la alegr\u00eda y la sonrisa, tras unos a\u00f1os de pandemia, empezamos a so\u00f1ar en traer algo diferente y totalmente innovador.En 2021, en un viaje de vacaciones los socios y fundadores de la empresa tuvieron la oportunidad de conocer esta tecnolog\u00eda que ya estaba empezando en otros pa\u00edses y [&hellip;]<\/p>\n","protected":false},"author":1,"featured_media":0,"parent":0,"menu_order":0,"comment_status":"closed","ping_status":"closed","template":"","meta":{"footnotes":""},"class_list":["post-6056","page","type-page","status-publish","hentry"],"_links":{"self":[{"href":"https:\/\/lezamaasesores.com\/colorin\/wp-json\/wp\/v2\/pages\/6056","targetHints":{"allow":["GET"]}}],"collection":[{"href":"https:\/\/lezamaasesores.com\/colorin\/wp-json\/wp\/v2\/pages"}],"about":[{"href":"https:\/\/lezamaasesores.com\/colorin\/wp-json\/wp\/v2\/types\/page"}],"author":[{"embeddable":true,"href":"https:\/\/lezamaasesores.com\/colorin\/wp-json\/wp\/v2\/users\/1"}],"replies":[{"embeddable":true,"href":"https:\/\/lezamaasesores.com\/colorin\/wp-json\/wp\/v2\/comments?post=6056"}],"version-history":[{"count":34,"href":"https:\/\/lezamaasesores.com\/colorin\/wp-json\/wp\/v2\/pages\/6056\/revisions"}],"predecessor-version":[{"id":6571,"href":"https:\/\/lezamaasesores.com\/colorin\/wp-json\/wp\/v2\/pages\/6056\/revisions\/6571"}],"wp:attachment":[{"href":"https:\/\/lezamaasesores.com\/colorin\/wp-json\/wp\/v2\/media?parent=6056"}],"curies":[{"name":"wp","href":"https:\/\/api.w.org\/{rel}","templated":true}]}}