{"id":1526,"date":"2024-05-01T19:29:44","date_gmt":"2024-05-01T17:29:44","guid":{"rendered":"https:\/\/cafebarsolutions.com\/?page_id=1526"},"modified":"2024-05-01T19:33:19","modified_gmt":"2024-05-01T17:33:19","slug":"politica-de-coookies","status":"publish","type":"page","link":"https:\/\/lezamaasesores.com\/chefsolutions\/politica-de-coookies\/","title":{"rendered":"Politica de Coookies"},"content":{"rendered":"\t\t<div data-elementor-type=\"wp-page\" data-elementor-id=\"1526\" class=\"elementor elementor-1526\" data-elementor-post-type=\"page\">\n\t\t\t\t\t\t\t<div class=\"elementor-element elementor-element-7caec42 e-flex e-con-boxed e-con e-parent\" data-id=\"7caec42\" data-element_type=\"container\" data-settings=\"{&quot;content_width&quot;:&quot;boxed&quot;,&quot;ekit_has_onepagescroll_dot&quot;:&quot;yes&quot;}\" data-core-v316-plus=\"true\">\n\t\t\t\t\t<div class=\"e-con-inner\">\n\t\t\t\t<div class=\"elementor-element elementor-element-afe1d8b elementor-widget elementor-widget-heading\" data-id=\"afe1d8b\" data-element_type=\"widget\" data-settings=\"{&quot;ekit_we_effect_on&quot;:&quot;none&quot;}\" data-widget_type=\"heading.default\">\n\t\t\t\t<div class=\"elementor-widget-container\">\n\t\t\t<style>\/*! elementor - v3.18.0 - 20-12-2023 *\/\n.elementor-heading-title{padding:0;margin:0;line-height:1}.elementor-widget-heading .elementor-heading-title[class*=elementor-size-]>a{color:inherit;font-size:inherit;line-height:inherit}.elementor-widget-heading .elementor-heading-title.elementor-size-small{font-size:15px}.elementor-widget-heading .elementor-heading-title.elementor-size-medium{font-size:19px}.elementor-widget-heading .elementor-heading-title.elementor-size-large{font-size:29px}.elementor-widget-heading .elementor-heading-title.elementor-size-xl{font-size:39px}.elementor-widget-heading .elementor-heading-title.elementor-size-xxl{font-size:59px}<\/style><h2 class=\"elementor-heading-title elementor-size-default\">_Pol\u00edtica de cookies<\/h2>\t\t<\/div>\n\t\t\t\t<\/div>\n\t\t\t\t<div class=\"elementor-element elementor-element-1ae7167 elementor-widget elementor-widget-text-editor\" data-id=\"1ae7167\" data-element_type=\"widget\" data-settings=\"{&quot;ekit_we_effect_on&quot;:&quot;none&quot;}\" data-widget_type=\"text-editor.default\">\n\t\t\t\t<div class=\"elementor-widget-container\">\n\t\t\t<style>\/*! elementor - v3.18.0 - 20-12-2023 *\/\n.elementor-widget-text-editor.elementor-drop-cap-view-stacked .elementor-drop-cap{background-color:#69727d;color:#fff}.elementor-widget-text-editor.elementor-drop-cap-view-framed .elementor-drop-cap{color:#69727d;border:3px solid;background-color:transparent}.elementor-widget-text-editor:not(.elementor-drop-cap-view-default) .elementor-drop-cap{margin-top:8px}.elementor-widget-text-editor:not(.elementor-drop-cap-view-default) .elementor-drop-cap-letter{width:1em;height:1em}.elementor-widget-text-editor .elementor-drop-cap{float:left;text-align:center;line-height:1;font-size:50px}.elementor-widget-text-editor .elementor-drop-cap-letter{display:inline-block}<\/style>\t\t\t\t<div class=\"elementor-element elementor-element-a475c91 elementor-widget elementor-widget-text-editor\" data-id=\"a475c91\" data-element_type=\"widget\" data-settings=\"{&quot;ekit_we_effect_on&quot;:&quot;none&quot;}\" data-widget_type=\"text-editor.default\"><div class=\"elementor-widget-container\"><div class=\"elementor-element elementor-element-46df619 elementor-widget elementor-widget-text-editor\" data-id=\"46df619\" data-element_type=\"widget\" data-settings=\"{&quot;ekit_we_effect_on&quot;:&quot;none&quot;}\" data-widget_type=\"text-editor.default\"><div class=\"elementor-widget-container\"><p>En cumplimiento con lo establecido en la Ley 34\/2002 de 11 de Julio, de Servicios de la Sociedad de la Informaci\u00f3n y el Comercio Electr\u00f3nico (LSSICE), se informa de los siguientes aspectos legales:<\/p><h4>PROPIEDAD DEL SITIO WEB<\/h4><table><tbody><tr><th scope=\"col\"><strong>Responsable:<\/strong><\/th><td>Lopez Barbosa SC<\/td><\/tr><tr><th scope=\"col\"><strong>Nombre comercial:<\/strong><\/th><td>Cafebarsolutions<\/td><\/tr><tr><th scope=\"col\"><strong>Nif:<\/strong><\/th><td>NIF\/DNI <\/td><\/tr><tr><th scope=\"col\"><strong>Direcci\u00f3n:\u00a0<\/strong><\/th><td><p>Estaci\u00f3n 32, Miranda de ebro, 09200, Burgos<\/p><\/td><\/tr><tr><th scope=\"col\"><strong>Contacto:<\/strong><\/th><td><p>Tel. <a href=\"tel:641518770\">641 518 770<\/a><\/p><p>Email: hola@cafebarsolutions.com<\/p><\/td><\/tr><tr><th scope=\"col\"><strong>Registro mercantil:<\/strong><\/th><td>\u00a0<\/td><\/tr><tr><th scope=\"col\"><strong>Actividad:<\/strong><\/th><td>\u00a0<\/td><\/tr><\/tbody><\/table><h4>INFORMACI\u00d3N Y\u00a0 TERMINOLOG\u00cdAS<\/h4><p>Las cookies son archivos peque\u00f1os que las p\u00e1ginas web, tiendas online, intranets, plataformas online o similares, almacenan en el navegador del usuario que las visita y resultan necesarios para aportar a la navegaci\u00f3n web innumerables ventajas en la prestaci\u00f3n de servicios interactivos.<\/p><p>La siguiente informaci\u00f3n de los tipos posibles de cookies ayuda a comprender mejor las funciones que hacen posible:<\/p><p><strong>Cookies de sesi\u00f3n:\u00a0<br \/><\/strong>Son aquellas dise\u00f1adas para recabar y almacenar datos mientras el usuario accede a una p\u00e1gina web. Se suelen emplear para almacenar informaci\u00f3n que solo interesa conservar para la prestaci\u00f3n del servicio solicitado por el usuario en una sola ocasi\u00f3n (por ejemplo, una lista de productos adquiridos) y desaparecen al terminar la sesi\u00f3n.<\/p><p><strong>Cookies persistentes:<\/strong>\u00a0<br \/>Son aquellas en las que los datos siguen almacenados en el terminal y pueden ser accedidos y tratados durante un periodo definido por el responsable de la cookie, y que puede ir de unos minutos a varios a\u00f1os.<\/p><p>Las cookies intercambiadas al navegar por una p\u00e1gina web pueden ser:<\/p><p><strong>Cookies propias:<\/strong>\u00a0<br \/>Son aquellas de las que es responsable el propio editor y que, general- mente, se envi\u0301an al equipo terminal del usuario desde un equipo o dominio gestionado por el propio editor y desde el que se presta el ser- vicio solicitado por el usuario.<\/p><p><strong>Cookies de terceros:\u00a0<br \/><\/strong>Son aquellas de las que es responsable una entidad distinta del editor y que, generalmente, se envi\u0301an al equipo terminal del usuario desde un equipo o dominio que no es gestionado por el editor, sino por otra entidad que trata los datos obtenidos a trave\u0301s de las cookies.<\/p><p><strong>Cookies t\u00e9cnicas:\u00a0<br \/><\/strong>Son aquellas que permiten al usuario la navegacio\u0301n a trave\u0301s de una pa\u0301gina web, plataforma o aplicacio\u0301n y la utilizacio\u0301n de las diferentes opciones o servicios que en ella existan, incluyendo aquellas que el editor utiliza para permitir la gestio\u0301n y operativa de la p\u00e1gina web y habilitar sus funciones y servicios, como, por ejemplo, controlar el tr\u00e1fico y la comunicacio\u0301n de datos, identificar la sesi\u00f3n, acceder a partes de acceso restringido, recordar los elementos que integran un pedido, realizar el proceso de compra de un pedido, gestionar el pago, controlar el fraude vinculado a la seguridad del servicio, realizar la solicitud de inscripcio\u0301n o participacio\u0301n en un evento, contar visitas a efectos de la facturacio\u0301n de licencias del software con el que funciona el servicio (sitio web, plataforma o aplicacio\u0301n), utilizar elementos de seguridad durante la navegacio\u0301n, almacenar contenidos para la difusio\u0301n de vi\u0301deos o sonido, habilitar contenidos din\u00e1micos (por ejemplo, anima- cio\u0301n de carga de un texto o imagen) o compartir contenidos a trav\u00e9s de redes sociales. Tambi\u00e9n pertenecen a esta categori\u0301a, por su naturaleza t\u00e9cnica, aquellas cookies que permi- ten la gestio\u0301n, de la forma m\u00e1s eficaz posible, de los espacios publicitarios que, como un elemento m\u00e1s de disen\u0303o o \u201cmaquetaci\u00f3n\u201d del servicio ofrecido al usuario, el editor haya incluido en una p\u00e1gina web, aplicaci\u00f3n o plataforma en base a criterios como el contenido editado, sin que se recopile informacio\u0301n de los usuarios con fines distintos, como puede ser personalizar esecontenido publicitario u otros contenidos.<\/p><p><strong>Cookies de preferencias o personalizaci\u00f3n:\u00a0<br \/><\/strong>Son aquellas que permiten recordar informaci\u00f3n para que el usuario acceda al servicio con determinadas caracteri\u0301sticas que pueden diferenciar su experiencia de la de otros usuarios, como, por ejemplo, el idioma, el n\u00famero de resultados a mostrar cuando el usuario realiza una bu\u0301squeda, el aspecto o contenido del servicio en funci\u00f3n del tipo de navegador a trav\u00e9s del cual el usuario accede al servicio o de la regi\u00f3n desde la que accede al servicio, etc.<\/p><p>Si es el propio usuario quien elige esas caracteri\u0301sticas (por ejemplo, si selecciona el idioma de un sitio web clicando en el icono de la bandera del pai\u0301s correspondiente, la moneda que desea utilizar en las transacciones, el tama\u00f1o de fuente o el contraste de color entre el fondo y el contenido para mejorar la legibilidad), las cookies estar\u00e1n exceptuadas de las obligaciones del arti\u0301culo 22.2 de la LSSI por considerarse un servicio expresamente solicitado por el usuario, y ello siempre y cuando las cookies obedezcan exclusivamente a la finalidad seleccionada. Estas cookies de preferencias que afectan a la interfaz de usuario no necesariamente tendr\u00e1n que ser de sesi\u00f3n, ya que solcitar que el usuario determine sus preferencias a estos efectos cada vez que se visita un sitio web o se accede a una aplicacio\u0301n puede resultar molesto y provocarle fatiga. Ahora bien, para que estas cookies se consideren exentas, su uso deber\u00e1 limitarse al necesario para su propo\u0301sito, y la informacio\u0301n que pueda desprenderse de la selecci\u00f3n del usuario no podr\u00e1 emplearse para otros fines (por ejemplo, para la personalizacio\u0301n de contenidos publicitarios) ni para elaborar un perfil del usuario.<\/p><p><strong>Cookies de an\u00e1lisis o medici\u00f3n:\u00a0<br \/><\/strong>Son aquellas que permiten al responsable de las mismas el seguimiento y an\u00e1lisis del comportamiento de los usuarios de los sitios web a los que est\u00e1n vinculadas, incluida la cuantificaci\u00f3n de los impactos de los anuncios. La informacio\u0301n recogida mediante este tipo de cookies se utiliza en la medicio\u0301n de la actividad de los sitios web, aplicaci\u00f3n o plataforma, con el fin de introducir mejoras en funci\u00f3n del an\u00e1lisis de los datos de uso que hacen los usuarios del servicio.<\/p><p><strong>Cookies de publicidad comportamental:\u00a0<br \/><\/strong>son aquellas que almacenan informaci\u00f3n del comportamiento de los usuarios obtenida a trav\u00e9s de la observaci\u00f3n continuada de sus h\u00e1bitos de navegaci\u00f3n, lo que permite desarrollar un perfil espec\u00edfico para mostrar publicidad en funci\u00f3n del mismo. En todo caso, debe tenerse en cuenta que estas tipolog\u00edas se ofrecen a t\u00edtulo orientativo por ser las m\u00e1s habituales. Los editores y los terceros podr\u00e1n realizar las categorizaciones que consideren que mejor se ajustan a las finalidades de las cookies que utilizan, de forma que se respete el principio de transparencia frente a los usuarios..<\/p><h4>SERVICIOS DE TERCEROS<\/h4><p>Adicionalmente, Lopez Barbosa SC tiene presencia en portales y servicios de terceros para los que, si desea conocer las condiciones de privacidad y uso de cookies, deber\u00e1n consultarse las pol\u00edticas proporcionadas por los mismos:<\/p><p><strong>Facebook:\u00a0<\/strong><a href=\"https:\/\/es-es.facebook.com\/help\/cookies\">https:\/\/es-es.facebook.com\/help\/cookies<br \/><\/a><strong>X: <\/strong><a href=\"https:\/\/twitter.com\/privacy\">https:\/\/twitter.com\/privacy<\/a><br \/><strong>Youtube:\u00a0<\/strong><a href=\"https:\/\/www.google.es\/intl\/es\/policies\/technologies\/cookies\/\">https:\/\/www.google.es\/intl\/es\/policies\/technologies\/cookies\/\u00a0<\/a><br \/><strong>Linkedin:\u00a0<\/strong><a href=\"http:\/\/www.linkedin.com\/legal\/privacy-policy\">http:\/\/www.linkedin.com\/legal\/privacy-policy<\/a><br \/><strong>Tiktok: <\/strong><a href=\"https:\/\/www.tiktok.com\/legal\/tiktok-website-cookies-policy?lang=es\">https:\/\/www.tiktok.com\/legal\/tiktok-website-cookies-policy?lang=es<br \/><\/a><strong>Instagram:<\/strong>\u00a0<a href=\"https:\/\/www.facebook.com\/policies\/cookies\/\">https:\/\/www.facebook.com\/policies\/cookies\/<\/a><\/p><h4>ACEPTACI\u00d3N DE LA POL\u00cdTICA DE COOKIES<\/h4><p>Lopez Barbosa SC muestra informaci\u00f3n sobre su Pol\u00edtica de Cookie en la parte inferior de cualquier p\u00e1gina del sitio Web con cada inicio de sesi\u00f3n con el objeto de que usted sea consciente.<\/p><p>Ante esta informaci\u00f3n es posible llevar a cabo las siguientes acciones:<\/p><ul><li><strong>Aceptar las cookies:\u00a0<\/strong>No se volver\u00e1 a visualizar este aviso al acceder a cualquier p\u00e1gina del portal durante la presente sesi\u00f3n<\/li><li><strong>Modificar la configuraci\u00f3n:\u00a0<\/strong>Podr\u00e1 obtener m\u00e1s informaci\u00f3n sobre c\u00f3mo son las cookies, conocer la Pol\u00edtica de Cookies de Lopez Barbosa SC y modificar la configuraci\u00f3n de su navegador para restringir o bloquear las cookies de Lopez Barbosa SC en cualquier momento. En el caso de restringir o bloquear las cookies puede ver reducidas las funcionalidades de la Web.<\/li><\/ul><h4>C\u00d3MO MODIFICAR LA CONFIGURACI\u00d3N DE LAS COOKIES o REVOCAR SU CONSENTIMIENTO<\/h4><p>Usted puede restringir, bloquear o retirar el consentimiento (borrar) las cookies de Lopez Barbosa SC o cualquier otra p\u00e1gina web, utilizando su navegador. En cada navegador la operativa es diferente, la funci\u00f3n de \u201cAyuda\u201d le mostrar\u00e1 c\u00f3mo hacerlo:<\/p><p><strong>Internet Explorer:<\/strong>\u00a0<a href=\"https:\/\/support.microsoft.com\/es-es\/help\/17442\/windows-internet-explorer-delete-manage-cookies#ie=\">https:\/\/support.microsoft.com\/es-es\/help\/17442\/windows-internet-explorer-delete-manage-cookies#ie=<\/a><br \/><strong>Microsoft Edge:<\/strong>\u00a0<a href=\"https:\/\/support.microsoft.com\/es-es\/help\/10607\/microsoft-edge-view-delete-browser-history\">https:\/\/support.microsoft.com\/es-es\/help\/10607\/microsoft-edge-view-delete-browser-history<\/a><br \/><strong>FireFox:<\/strong>\u00a0<a href=\"https:\/\/support.mozilla.org\/es\/kb\/Borrar%20cookies\">https:\/\/support.mozilla.org\/es\/kb\/Borrar%20cookies<\/a><br \/><strong>Chrome:\u00a0<\/strong><a href=\"https:\/\/support.google.com\/chrome\/answer\/95647?hl=\">support.google.com\/chrome\/answer\/95647?hl=\u201des\u201d\u00a0<\/a><br \/><strong>Safari:<\/strong>\u00a0<a href=\"http:\/\/www.apple.com\/es\/privacy\/use-of-cookies\/\">www.apple.com\/es\/privacy\/use-of-cookies\/<\/a><br \/><strong>Opera<\/strong> <a href=\"https:\/\/help.opera.com\/en\/latest\/web-preferences\/#cookies\">https:\/\/help.opera.com\/en\/latest\/web-preferences\/#cookies<\/a><br \/><strong>Android<\/strong> -&gt;Ajustes del navegador utilizado-&gt;Privacidad del navegador utilizado<\/p><p><strong>Complemento de inhabilitaci\u00f3n para navegadores de Google Analytics y otros:<\/strong>\u00a0 En ellos podr\u00e1 bloquear\u00a0 las cookies anal\u00edticas de terceros de varios servicios en funci\u00f3n del navegador utilizado por el usuario<\/p><ul><li><a href=\"https:\/\/tools.google.com\/dlpage\/gaoptout?hl=None\" target=\"blank\">Google Analytics<\/a><\/li><li><a href=\"https:\/\/www.google.com\/settings\/ads\/plugin\" target=\"_blank\" rel=\"noopener\">DoubleClick<\/a><\/li><li><a href=\"https:\/\/www.google.com\/settings\/ads\" target=\"_blank\" rel=\"noopener\">Google<\/a><\/li><li><a href=\"http:\/\/www.macromedia.com\/support\/documentation\/es\/flashplayer\/help\/settings_manager07.html\" target=\"_blank\" rel=\"noopener\">Flash Cookies YouTube<\/a><\/li><\/ul><h4>Cookies de reCAPTCHA<\/h4><p>Cada vez sufrimos m\u00e1s el spam y el abuso por parte de robots abutomatizados tambi\u00e9n denominados bots, esto nos obliga a utilizar una programaci\u00f3n especial que nos ofrece Google a trav\u00e9s de una cookie de seguridad ya que a trav\u00e9s del correo electr\u00f3nico entran gran cantidad de intentos de phishing y de fraudes. Esta medida nos permite cumplir con la proactividad que nos exige el Reglamento General de Protecci\u00f3n de Datos. M\u00e1s informaci\u00f3n en <a href=\"https:\/\/policies.google.com\/technologies\/cookies\">https:\/\/policies.google.com\/technologies\/cookies<\/a><\/p><h4>Gestores de Cookies<\/h4><p>Adem\u00e1s, tambi\u00e9n puede gestionar el almac\u00e9n de cookies en su navegador a trav\u00e9s de herramientas como las siguientes:<\/p><p><strong>Ghostery:\u00a0<\/strong><a href=\"http:\/\/www.ghostery.com\/\">www.ghostery.com\/<\/a><br \/><strong>Your online choices:\u00a0<\/strong><a href=\"http:\/\/www.youronlinechoices.com\/es\/\">www.youronlinechoices.com\/es\/<\/a><br \/><strong>All about cookies: <\/strong><a href=\"https:\/\/www.allaboutcookies.org\/es\/\">www.allaboutcookies.com\/<\/a><br \/><strong>Disconnect.me: <\/strong><a href=\"https:\/\/disconnect.me\/\">https:\/\/disconnect.me\/<\/a><br \/><strong>Aboutads.info: <\/strong><a href=\"http:\/\/optout.aboutads.info\/?c=2&amp;lang=ES\/\">http:\/\/www.aboutads.info\/choices\/\/<\/a><\/p><p>En el siguiente enlace se incluyen tutoriales en los que se explican c\u00f3mo configurar las opciones de privacidad de los navegadores, redes sociales y sistemas operativos m\u00f3viles m\u00e1s comunes: <a href=\"https:\/\/www.aepd.es\/areas\/internet\/protege-tu-privacidad.html\" target=\"_blank\" rel=\"noopener\"><strong>https:\/\/www.aepd.es\/areas\/internet\/protege-tu-privacidad.html<\/strong><\/a>.<\/p><\/div><\/div><\/div><\/div>\t\t\t\t\t\t<\/div>\n\t\t\t\t<\/div>\n\t\t\t\t\t<\/div>\n\t\t\t\t<\/div>\n\t\t\t\t\t\t\t<\/div>\n\t\t","protected":false},"excerpt":{"rendered":"<p>_Pol\u00edtica de cookies En cumplimiento con lo establecido en la Ley 34\/2002 de 11 de Julio, de Servicios de la Sociedad de la Informaci\u00f3n y el Comercio Electr\u00f3nico (LSSICE), se informa de los siguientes aspectos legales: PROPIEDAD DEL SITIO WEB Responsable: Lopez Barbosa SC Nombre comercial: Cafebarsolutions Nif: NIF\/DNI Direcci\u00f3n:\u00a0 Estaci\u00f3n 32, Miranda de ebro, [&hellip;]<\/p>\n","protected":false},"author":1,"featured_media":0,"parent":0,"menu_order":0,"comment_status":"closed","ping_status":"closed","template":"","meta":{"footnotes":""},"class_list":["post-1526","page","type-page","status-publish","hentry"],"_links":{"self":[{"href":"https:\/\/lezamaasesores.com\/chefsolutions\/wp-json\/wp\/v2\/pages\/1526","targetHints":{"allow":["GET"]}}],"collection":[{"href":"https:\/\/lezamaasesores.com\/chefsolutions\/wp-json\/wp\/v2\/pages"}],"about":[{"href":"https:\/\/lezamaasesores.com\/chefsolutions\/wp-json\/wp\/v2\/types\/page"}],"author":[{"embeddable":true,"href":"https:\/\/lezamaasesores.com\/chefsolutions\/wp-json\/wp\/v2\/users\/1"}],"replies":[{"embeddable":true,"href":"https:\/\/lezamaasesores.com\/chefsolutions\/wp-json\/wp\/v2\/comments?post=1526"}],"version-history":[{"count":0,"href":"https:\/\/lezamaasesores.com\/chefsolutions\/wp-json\/wp\/v2\/pages\/1526\/revisions"}],"wp:attachment":[{"href":"https:\/\/lezamaasesores.com\/chefsolutions\/wp-json\/wp\/v2\/media?parent=1526"}],"curies":[{"name":"wp","href":"https:\/\/api.w.org\/{rel}","templated":true}]}}