{"id":4131,"date":"2025-07-29T20:38:54","date_gmt":"2025-07-29T18:38:54","guid":{"rendered":"https:\/\/lezamaasesores.com\/cdre25\/?page_id=4131"},"modified":"2025-07-29T20:39:51","modified_gmt":"2025-07-29T18:39:51","slug":"accesibildad","status":"publish","type":"page","link":"https:\/\/lezamaasesores.com\/cdre25\/accesibildad\/","title":{"rendered":"Accesibildad"},"content":{"rendered":"\t\t<div data-elementor-type=\"wp-page\" data-elementor-id=\"4131\" class=\"elementor elementor-4131\" data-elementor-post-type=\"page\">\n\t\t\t\t<div class=\"elementor-element elementor-element-ba24929 e-flex e-con-boxed e-con e-parent\" data-id=\"ba24929\" data-element_type=\"container\">\n\t\t\t\t\t<div class=\"e-con-inner\">\n\t\t\t\t<div class=\"elementor-element elementor-element-845d07a elementor-widget__width-initial elementor-widget elementor-widget-text-editor\" data-id=\"845d07a\" data-element_type=\"widget\" data-widget_type=\"text-editor.default\">\n\t\t\t\t<div class=\"elementor-widget-container\">\n\t\t\t\t\t\t\t\t\t<p>Accesibilidad<\/p>\t\t\t\t\t\t\t\t<\/div>\n\t\t\t\t<\/div>\n\t\t\t\t<div class=\"elementor-element elementor-element-25e7683 elementor-widget elementor-widget-text-editor\" data-id=\"25e7683\" data-element_type=\"widget\" data-widget_type=\"text-editor.default\">\n\t\t\t\t<div class=\"elementor-widget-container\">\n\t\t\t\t\t\t\t\t\t<p data-start=\"360\" data-end=\"558\">La presente declaraci\u00f3n de accesibilidad se aplica al sitio web <a class=\"\" href=\"https:\/\/cdre.es\" target=\"_new\" rel=\"noopener\" data-start=\"424\" data-end=\"458\">https:\/\/cdre.es<\/a> (los subdominios de este sitio web tendr\u00e1n sus propias declaraciones de accesibilidad, en su caso).<\/p><hr data-start=\"560\" data-end=\"563\" \/><h2 data-section-id=\"4kbcs3\" data-start=\"565\" data-end=\"593\">Situaci\u00f3n de cumplimiento<\/h2><p data-start=\"595\" data-end=\"773\">Este sitio web es <strong data-start=\"613\" data-end=\"638\">parcialmente conforme<\/strong> con el <strong data-start=\"646\" data-end=\"692\">Real Decreto 1112\/2018, de 7 de septiembre<\/strong>, debido a la falta de conformidad en los aspectos que se indican a continuaci\u00f3n.<\/p><hr data-start=\"775\" data-end=\"778\" \/><h2 data-section-id=\"wtx52m\" data-start=\"780\" data-end=\"805\">Contenido no accesible<\/h2><p data-start=\"807\" data-end=\"892\">El contenido que se recoge a continuaci\u00f3n no es accesible por las siguientes razones:<\/p><p data-start=\"894\" data-end=\"972\"><strong data-start=\"894\" data-end=\"972\">a) Falta de conformidad con el Real Decreto 1112\/2018, de 7 de septiembre:<\/strong><\/p><ul data-start=\"974\" data-end=\"1371\"><li data-start=\"974\" data-end=\"1196\"><p data-start=\"976\" data-end=\"1196\">Podr\u00edan existir fallos puntuales de edici\u00f3n en alguna p\u00e1gina web, tanto en contenidos HTML como en documentos finales publicados con posterioridad al 20 de septiembre de 2018 (fecha de entrada en vigor del Real Decreto).<\/p><\/li><li data-start=\"1197\" data-end=\"1371\"><p data-start=\"1199\" data-end=\"1371\">Concretamente, pueden darse errores en aquellos documentos que contengan gr\u00e1ficos, tablas complejas o est\u00e9n firmados electr\u00f3nicamente antes de su revisi\u00f3n de accesibilidad.<\/p><\/li><\/ul><p data-start=\"1373\" data-end=\"1416\"><strong data-start=\"1373\" data-end=\"1403\">b) Carga desproporcionada:<\/strong><br data-start=\"1403\" data-end=\"1406\" \/>No aplica.<\/p><p data-start=\"1418\" data-end=\"1493\"><strong data-start=\"1418\" data-end=\"1493\">c) El contenido no entra dentro del \u00e1mbito de la legislaci\u00f3n aplicable:<\/strong><\/p><ul data-start=\"1495\" data-end=\"1841\"><li data-start=\"1495\" data-end=\"1658\"><p data-start=\"1497\" data-end=\"1658\">Existen archivos ofim\u00e1ticos en PDF u otros formatos publicados antes del 20 de septiembre de 2018 que no cumplen en su totalidad los requisitos de accesibilidad.<\/p><\/li><li data-start=\"1659\" data-end=\"1841\"><p data-start=\"1661\" data-end=\"1841\">Asimismo, pueden estar en esta situaci\u00f3n contenidos elaborados por terceros que no hayan sido financiados, desarrollados ni est\u00e9n bajo el control del responsable de este sitio web.<\/p><\/li><\/ul><hr data-start=\"1843\" data-end=\"1846\" \/><h2 data-section-id=\"1ec19ny\" data-start=\"1848\" data-end=\"1906\">Preparaci\u00f3n de la presente declaraci\u00f3n de accesibilidad<\/h2><ul data-start=\"1908\" data-end=\"2155\"><li data-start=\"1908\" data-end=\"1959\"><p data-start=\"1910\" data-end=\"1959\"><strong data-start=\"1910\" data-end=\"1935\">Fecha de preparaci\u00f3n:<\/strong> 10 de febrero de 2025<\/p><\/li><li data-start=\"1960\" data-end=\"2092\"><p data-start=\"1962\" data-end=\"2092\"><strong data-start=\"1962\" data-end=\"1982\">M\u00e9todo empleado:<\/strong> La presente declaraci\u00f3n se ha preparado mediante una autoevaluaci\u00f3n llevada a cabo por el propio organismo.<\/p><\/li><li data-start=\"2093\" data-end=\"2155\"><p data-start=\"2095\" data-end=\"2155\"><strong data-start=\"2095\" data-end=\"2133\">\u00daltima revisi\u00f3n de la declaraci\u00f3n:<\/strong> 25 de julio de 2025<\/p><\/li><\/ul><hr data-start=\"2157\" data-end=\"2160\" \/><h2 data-section-id=\"1m9lpks\" data-start=\"2162\" data-end=\"2198\">Observaciones y datos de contacto<\/h2><p data-start=\"2200\" data-end=\"2341\">Puede realizar comunicaciones sobre requisitos de accesibilidad (art\u00edculo 10.2.a del Real Decreto 1112\/2018, de 7 de septiembre), tales como:<\/p><ul data-start=\"2343\" data-end=\"2576\"><li data-start=\"2343\" data-end=\"2423\"><p data-start=\"2345\" data-end=\"2423\">Informar sobre cualquier posible incumplimiento por parte de este sitio web.<\/p><\/li><li data-start=\"2424\" data-end=\"2475\"><p data-start=\"2426\" data-end=\"2475\">Transmitir dificultades de acceso al contenido.<\/p><\/li><li data-start=\"2476\" data-end=\"2576\"><p data-start=\"2478\" data-end=\"2576\">Formular cualquier otra consulta o sugerencia de mejora relativa a la accesibilidad del sitio web.<\/p><\/li><\/ul><p data-start=\"2578\" data-end=\"2607\">Para ello, puede contactar a:<\/p><ul data-start=\"2609\" data-end=\"2903\"><li data-start=\"2609\" data-end=\"2681\"><p data-start=\"2611\" data-end=\"2681\"><strong data-start=\"2611\" data-end=\"2637\">Titular del sitio web:<\/strong> CONSULTORA DE REGENERACI\u00d3N EMPRESARIAL SL<\/p><\/li><li data-start=\"2682\" data-end=\"2704\"><p data-start=\"2684\" data-end=\"2704\"><strong data-start=\"2684\" data-end=\"2692\">NIF:<\/strong> B44521458<\/p><\/li><li data-start=\"2705\" data-end=\"2799\"><p data-start=\"2707\" data-end=\"2799\"><strong data-start=\"2707\" data-end=\"2721\">Domicilio:<\/strong> Calle Almenara, 10, 3\u00ba, Puerta 5, 12006 \u2013 La Vall d\u2019Uix\u00f3, Castell\u00f3n, Espa\u00f1a<\/p><\/li><li data-start=\"2800\" data-end=\"2850\"><p data-start=\"2802\" data-end=\"2850\"><strong data-start=\"2802\" data-end=\"2812\">Email:<\/strong> <a class=\"cursor-pointer\" rel=\"noopener\" data-start=\"2813\" data-end=\"2848\">info@cdre.es<\/a><\/p><\/li><li data-start=\"2851\" data-end=\"2903\"><p data-start=\"2853\" data-end=\"2903\"><strong data-start=\"2853\" data-end=\"2868\">P\u00e1gina web:<\/strong> <a class=\"\" href=\"https:\/\/cdre.es\" target=\"_new\" rel=\"noopener\" data-start=\"2869\" data-end=\"2903\">https:\/\/cdre.es<\/a><\/p><\/li><\/ul><p data-start=\"2905\" data-end=\"3285\">Asimismo, puede solicitar la informaci\u00f3n en un formato accesible (si la versi\u00f3n publicada no cumple con los requisitos o por estar excluida), o formular una queja por incumplimiento de los requisitos de accesibilidad. Todas las comunicaciones, solicitudes de informaci\u00f3n accesible y quejas deben dirigirse a la empresa, como unidad responsable de los contenidos de este sitio web.<\/p>\t\t\t\t\t\t\t\t<\/div>\n\t\t\t\t<\/div>\n\t\t\t\t\t<\/div>\n\t\t\t\t<\/div>\n\t\t\t\t<\/div>\n\t\t","protected":false},"excerpt":{"rendered":"<p>Accesibilidad La presente declaraci\u00f3n de accesibilidad se aplica al sitio web https:\/\/cdre.es (los subdominios de este sitio web tendr\u00e1n sus propias declaraciones de accesibilidad, en su caso). Situaci\u00f3n de cumplimiento Este sitio web es parcialmente conforme con el Real Decreto 1112\/2018, de 7 de septiembre, debido a la falta de conformidad en los aspectos que [&hellip;]<\/p>\n","protected":false},"author":1,"featured_media":0,"parent":0,"menu_order":0,"comment_status":"closed","ping_status":"closed","template":"","meta":{"footnotes":""},"class_list":["post-4131","page","type-page","status-publish","hentry"],"_links":{"self":[{"href":"https:\/\/lezamaasesores.com\/cdre25\/wp-json\/wp\/v2\/pages\/4131","targetHints":{"allow":["GET"]}}],"collection":[{"href":"https:\/\/lezamaasesores.com\/cdre25\/wp-json\/wp\/v2\/pages"}],"about":[{"href":"https:\/\/lezamaasesores.com\/cdre25\/wp-json\/wp\/v2\/types\/page"}],"author":[{"embeddable":true,"href":"https:\/\/lezamaasesores.com\/cdre25\/wp-json\/wp\/v2\/users\/1"}],"replies":[{"embeddable":true,"href":"https:\/\/lezamaasesores.com\/cdre25\/wp-json\/wp\/v2\/comments?post=4131"}],"version-history":[{"count":4,"href":"https:\/\/lezamaasesores.com\/cdre25\/wp-json\/wp\/v2\/pages\/4131\/revisions"}],"predecessor-version":[{"id":4135,"href":"https:\/\/lezamaasesores.com\/cdre25\/wp-json\/wp\/v2\/pages\/4131\/revisions\/4135"}],"wp:attachment":[{"href":"https:\/\/lezamaasesores.com\/cdre25\/wp-json\/wp\/v2\/media?parent=4131"}],"curies":[{"name":"wp","href":"https:\/\/api.w.org\/{rel}","templated":true}]}}