{"id":4122,"date":"2025-07-29T20:36:41","date_gmt":"2025-07-29T18:36:41","guid":{"rendered":"https:\/\/lezamaasesores.com\/cdre25\/?page_id=4122"},"modified":"2025-07-29T20:38:37","modified_gmt":"2025-07-29T18:38:37","slug":"politica-de-cookies","status":"publish","type":"page","link":"https:\/\/lezamaasesores.com\/cdre25\/politica-de-cookies\/","title":{"rendered":"Politica de cookies"},"content":{"rendered":"\t\t<div data-elementor-type=\"wp-page\" data-elementor-id=\"4122\" class=\"elementor elementor-4122\" data-elementor-post-type=\"page\">\n\t\t\t\t<div class=\"elementor-element elementor-element-1938b21 e-flex e-con-boxed e-con e-parent\" data-id=\"1938b21\" data-element_type=\"container\">\n\t\t\t\t\t<div class=\"e-con-inner\">\n\t\t\t\t<div class=\"elementor-element elementor-element-cedc4cb elementor-widget__width-initial elementor-widget elementor-widget-text-editor\" data-id=\"cedc4cb\" data-element_type=\"widget\" data-widget_type=\"text-editor.default\">\n\t\t\t\t<div class=\"elementor-widget-container\">\n\t\t\t\t\t\t\t\t\t<p>Pol\u00edtica de Cookies<\/p>\t\t\t\t\t\t\t\t<\/div>\n\t\t\t\t<\/div>\n\t\t\t\t<div class=\"elementor-element elementor-element-427cf52 elementor-widget elementor-widget-text-editor\" data-id=\"427cf52\" data-element_type=\"widget\" data-widget_type=\"text-editor.default\">\n\t\t\t\t<div class=\"elementor-widget-container\">\n\t\t\t\t\t\t\t\t\t<p data-start=\"224\" data-end=\"552\"><strong data-start=\"224\" data-end=\"272\">1. IDENTIDAD DEL RESPONSABLE DEL TRATAMIENTO<\/strong><br data-start=\"272\" data-end=\"275\" \/>En cumplimiento del Reglamento (UE) 2016\/679 (RGPD), la Ley Org\u00e1nica 3\/2018 (LOPDGDD) y dem\u00e1s normativa aplicable en materia de protecci\u00f3n de datos personales, se informa al usuario que los datos facilitados a trav\u00e9s de este sitio web ser\u00e1n tratados bajo la responsabilidad de:<\/p><ul data-start=\"554\" data-end=\"849\"><li data-start=\"554\" data-end=\"616\"><p data-start=\"556\" data-end=\"616\"><strong data-start=\"556\" data-end=\"571\">Responsable<\/strong>: CONSULTORA DE REGENERACI\u00d3N EMPRESARIAL SL<\/p><\/li><li data-start=\"617\" data-end=\"639\"><p data-start=\"619\" data-end=\"639\"><strong data-start=\"619\" data-end=\"626\">NIF<\/strong>: B44521458<\/p><\/li><li data-start=\"640\" data-end=\"734\"><p data-start=\"642\" data-end=\"734\"><strong data-start=\"642\" data-end=\"655\">Domicilio<\/strong>: Calle Almenara, 10, 3\u00ba, Puerta 5, 12006 \u2013 La Vall d\u2019Uix\u00f3, Castell\u00f3n, Espa\u00f1a<\/p><\/li><li data-start=\"735\" data-end=\"797\"><p data-start=\"737\" data-end=\"797\"><strong data-start=\"737\" data-end=\"758\">Email de contacto<\/strong>: <a class=\"cursor-pointer\" rel=\"noopener\" data-start=\"760\" data-end=\"795\">info@cdre.es<\/a><\/p><\/li><li data-start=\"798\" data-end=\"849\"><p data-start=\"800\" data-end=\"849\"><strong data-start=\"800\" data-end=\"813\">Sitio web<\/strong>: <a class=\"\" href=\"https:\/\/cdre.es\" target=\"_new\" rel=\"noopener\" data-start=\"815\" data-end=\"849\">https:\/\/cdre.es<\/a><\/p><\/li><\/ul><hr data-start=\"851\" data-end=\"854\" \/><p data-start=\"856\" data-end=\"993\"><strong data-start=\"856\" data-end=\"888\">2. FINALIDAD DEL TRATAMIENTO<\/strong><br data-start=\"888\" data-end=\"891\" \/>Los datos personales recabados a trav\u00e9s del sitio web ser\u00e1n utilizados con las siguientes finalidades:<\/p><ul data-start=\"995\" data-end=\"1288\"><li data-start=\"995\" data-end=\"1079\"><p data-start=\"997\" data-end=\"1079\">Gestionar consultas y solicitudes recibidas a trav\u00e9s de formularios de contacto.<\/p><\/li><li data-start=\"1080\" data-end=\"1198\"><p data-start=\"1082\" data-end=\"1198\">Enviar informaci\u00f3n relacionada con los servicios ofrecidos por la empresa (solo en caso de consentimiento previo).<\/p><\/li><li data-start=\"1199\" data-end=\"1247\"><p data-start=\"1201\" data-end=\"1247\">Cumplir con obligaciones legales aplicables.<\/p><\/li><li data-start=\"1248\" data-end=\"1288\"><p data-start=\"1250\" data-end=\"1288\">Garantizar la seguridad del sitio web.<\/p><\/li><\/ul><hr data-start=\"1290\" data-end=\"1293\" \/><p data-start=\"1295\" data-end=\"1403\"><strong data-start=\"1295\" data-end=\"1334\">3. LEGITIMACI\u00d3N PARA EL TRATAMIENTO<\/strong><br data-start=\"1334\" data-end=\"1337\" \/>Las bases jur\u00eddicas que legitiman el tratamiento de sus datos son:<\/p><ul data-start=\"1405\" data-end=\"1644\"><li data-start=\"1405\" data-end=\"1513\"><p data-start=\"1407\" data-end=\"1513\">El consentimiento del usuario mediante la marcaci\u00f3n de las casillas correspondientes en los formularios.<\/p><\/li><li data-start=\"1514\" data-end=\"1569\"><p data-start=\"1516\" data-end=\"1569\">El cumplimiento de obligaciones legales aplicables.<\/p><\/li><li data-start=\"1570\" data-end=\"1644\"><p data-start=\"1572\" data-end=\"1644\">La ejecuci\u00f3n de un contrato o la aplicaci\u00f3n de medidas precontractuales.<\/p><\/li><\/ul><hr data-start=\"1646\" data-end=\"1649\" \/><p data-start=\"1651\" data-end=\"1905\"><strong data-start=\"1651\" data-end=\"1692\">4. PLAZO DE CONSERVACI\u00d3N DE LOS DATOS<\/strong><br data-start=\"1692\" data-end=\"1695\" \/>Los datos ser\u00e1n conservados durante el tiempo necesario para cumplir con la finalidad para la que fueron recabados y, posteriormente, durante los plazos exigidos por ley para atender posibles responsabilidades.<\/p><hr data-start=\"1907\" data-end=\"1910\" \/><p data-start=\"1912\" data-end=\"2177\"><strong data-start=\"1912\" data-end=\"1945\">5. DESTINATARIOS DE LOS DATOS<\/strong><br data-start=\"1945\" data-end=\"1948\" \/>No se ceder\u00e1n datos personales a terceros, salvo obligaci\u00f3n legal o que sea necesario para la prestaci\u00f3n del servicio. En este caso, se garantizar\u00e1 que los encargados de tratamiento cumplan con las garant\u00edas exigidas por el RGPD.<\/p><hr data-start=\"2179\" data-end=\"2182\" \/><p data-start=\"2184\" data-end=\"2244\"><strong data-start=\"2184\" data-end=\"2211\">6. DERECHOS DEL USUARIO<\/strong><br data-start=\"2211\" data-end=\"2214\" \/>Como usuario, tiene derecho a:<\/p><ul data-start=\"2246\" data-end=\"2690\"><li data-start=\"2246\" data-end=\"2281\"><p data-start=\"2248\" data-end=\"2281\">Acceder a sus datos personales.<\/p><\/li><li data-start=\"2282\" data-end=\"2332\"><p data-start=\"2284\" data-end=\"2332\">Solicitar la rectificaci\u00f3n de datos inexactos.<\/p><\/li><li data-start=\"2333\" data-end=\"2402\"><p data-start=\"2335\" data-end=\"2402\">Solicitar la supresi\u00f3n de sus datos cuando ya no sean necesarios.<\/p><\/li><li data-start=\"2403\" data-end=\"2447\"><p data-start=\"2405\" data-end=\"2447\">Solicitar la limitaci\u00f3n del tratamiento.<\/p><\/li><li data-start=\"2448\" data-end=\"2489\"><p data-start=\"2450\" data-end=\"2489\">Oponerse al tratamiento de sus datos.<\/p><\/li><li data-start=\"2490\" data-end=\"2567\"><p data-start=\"2492\" data-end=\"2567\">Solicitar la portabilidad de los datos en los casos previstos por la ley.<\/p><\/li><li data-start=\"2568\" data-end=\"2690\"><p data-start=\"2570\" data-end=\"2690\">Retirar el consentimiento en cualquier momento, sin que ello afecte a la licitud del tratamiento previo a su retirada.<\/p><\/li><\/ul><p data-start=\"2692\" data-end=\"2890\">Puede ejercer sus derechos enviando una solicitud escrita y firmada, junto con una copia de su DNI, a la direcci\u00f3n postal arriba indicada o al correo electr\u00f3nico <a class=\"cursor-pointer\" rel=\"noopener\" data-start=\"2854\" data-end=\"2889\">info@cdre.es<\/a>.<\/p><p data-start=\"2892\" data-end=\"3052\">Asimismo, puede presentar una reclamaci\u00f3n ante la Agencia Espa\u00f1ola de Protecci\u00f3n de Datos (<a class=\"cursor-pointer\" target=\"_new\" rel=\"noopener\" data-start=\"2983\" data-end=\"2994\">www.aepd.es<\/a>) si considera que se ha vulnerado alguno de sus derechos.<\/p><hr data-start=\"3054\" data-end=\"3057\" \/><p data-start=\"3059\" data-end=\"3274\"><strong data-start=\"3059\" data-end=\"3088\">7. SEGURIDAD DE LOS DATOS<\/strong><br data-start=\"3088\" data-end=\"3091\" \/><strong data-start=\"3091\" data-end=\"3136\">CONSULTORA DE REGENERACI\u00d3N EMPRESARIAL SL<\/strong> aplica las medidas t\u00e9cnicas y organizativas adecuadas para garantizar un nivel de seguridad adecuado al riesgo, en cumplimiento del RGPD.<\/p><hr data-start=\"3276\" data-end=\"3279\" \/><p data-start=\"3281\" data-end=\"3515\"><strong data-start=\"3281\" data-end=\"3324\">8. CAMBIOS EN LA POL\u00cdTICA DE PRIVACIDAD<\/strong><br data-start=\"3324\" data-end=\"3327\" \/>La presente Pol\u00edtica de Privacidad podr\u00e1 ser modificada para adaptarla a posibles cambios legislativos o de funcionamiento del sitio web. Se recomienda al usuario revisarla peri\u00f3dicamente.<\/p>\t\t\t\t\t\t\t\t<\/div>\n\t\t\t\t<\/div>\n\t\t\t\t\t<\/div>\n\t\t\t\t<\/div>\n\t\t\t\t<\/div>\n\t\t","protected":false},"excerpt":{"rendered":"<p>Pol\u00edtica de Cookies 1. IDENTIDAD DEL RESPONSABLE DEL TRATAMIENTOEn cumplimiento del Reglamento (UE) 2016\/679 (RGPD), la Ley Org\u00e1nica 3\/2018 (LOPDGDD) y dem\u00e1s normativa aplicable en materia de protecci\u00f3n de datos personales, se informa al usuario que los datos facilitados a trav\u00e9s de este sitio web ser\u00e1n tratados bajo la responsabilidad de: Responsable: CONSULTORA DE REGENERACI\u00d3N [&hellip;]<\/p>\n","protected":false},"author":1,"featured_media":0,"parent":0,"menu_order":0,"comment_status":"closed","ping_status":"closed","template":"","meta":{"footnotes":""},"class_list":["post-4122","page","type-page","status-publish","hentry"],"_links":{"self":[{"href":"https:\/\/lezamaasesores.com\/cdre25\/wp-json\/wp\/v2\/pages\/4122","targetHints":{"allow":["GET"]}}],"collection":[{"href":"https:\/\/lezamaasesores.com\/cdre25\/wp-json\/wp\/v2\/pages"}],"about":[{"href":"https:\/\/lezamaasesores.com\/cdre25\/wp-json\/wp\/v2\/types\/page"}],"author":[{"embeddable":true,"href":"https:\/\/lezamaasesores.com\/cdre25\/wp-json\/wp\/v2\/users\/1"}],"replies":[{"embeddable":true,"href":"https:\/\/lezamaasesores.com\/cdre25\/wp-json\/wp\/v2\/comments?post=4122"}],"version-history":[{"count":4,"href":"https:\/\/lezamaasesores.com\/cdre25\/wp-json\/wp\/v2\/pages\/4122\/revisions"}],"predecessor-version":[{"id":4130,"href":"https:\/\/lezamaasesores.com\/cdre25\/wp-json\/wp\/v2\/pages\/4122\/revisions\/4130"}],"wp:attachment":[{"href":"https:\/\/lezamaasesores.com\/cdre25\/wp-json\/wp\/v2\/media?parent=4122"}],"curies":[{"name":"wp","href":"https:\/\/api.w.org\/{rel}","templated":true}]}}