{"id":4114,"date":"2025-07-29T20:35:03","date_gmt":"2025-07-29T18:35:03","guid":{"rendered":"https:\/\/lezamaasesores.com\/cdre25\/?page_id=4114"},"modified":"2025-07-29T20:37:48","modified_gmt":"2025-07-29T18:37:48","slug":"politica-de-privacidad","status":"publish","type":"page","link":"https:\/\/lezamaasesores.com\/cdre25\/politica-de-privacidad\/","title":{"rendered":"POLITICA DE PRIVACIDAD"},"content":{"rendered":"\t\t<div data-elementor-type=\"wp-page\" data-elementor-id=\"4114\" class=\"elementor elementor-4114\" data-elementor-post-type=\"page\">\n\t\t\t\t<div class=\"elementor-element elementor-element-c7849cb e-flex e-con-boxed e-con e-parent\" data-id=\"c7849cb\" data-element_type=\"container\">\n\t\t\t\t\t<div class=\"e-con-inner\">\n\t\t\t\t<div class=\"elementor-element elementor-element-15284a4 elementor-widget__width-initial elementor-widget elementor-widget-text-editor\" data-id=\"15284a4\" data-element_type=\"widget\" data-widget_type=\"text-editor.default\">\n\t\t\t\t<div class=\"elementor-widget-container\">\n\t\t\t\t\t\t\t\t\t<p>POL\u00cdTICA DE PRIVACIDAD<\/p>\t\t\t\t\t\t\t\t<\/div>\n\t\t\t\t<\/div>\n\t\t\t\t<div class=\"elementor-element elementor-element-1103958 elementor-widget elementor-widget-text-editor\" data-id=\"1103958\" data-element_type=\"widget\" data-widget_type=\"text-editor.default\">\n\t\t\t\t<div class=\"elementor-widget-container\">\n\t\t\t\t\t\t\t\t\t<p data-start=\"254\" data-end=\"503\"><strong data-start=\"254\" data-end=\"282\">1. \u00bfQU\u00c9 SON LAS COOKIES?<\/strong><br data-start=\"282\" data-end=\"285\" \/>Las cookies son peque\u00f1os archivos de texto que se almacenan en tu dispositivo cuando visitas un sitio web. Sirven para reconocer tu navegador, recordar informaci\u00f3n sobre tu visita y mejorar tu experiencia como usuario.<\/p><hr data-start=\"505\" data-end=\"508\" \/><p data-start=\"510\" data-end=\"614\"><strong data-start=\"510\" data-end=\"544\">2. TIPOS DE COOKIES UTILIZADAS<\/strong><br data-start=\"544\" data-end=\"547\" \/>Este sitio web puede utilizar las siguientes categor\u00edas de cookies:<\/p><ul data-start=\"616\" data-end=\"1053\"><li data-start=\"616\" data-end=\"702\"><p data-start=\"618\" data-end=\"702\"><strong data-start=\"618\" data-end=\"638\">Cookies t\u00e9cnicas<\/strong>: necesarias para el funcionamiento de la web y la navegaci\u00f3n.<\/p><\/li><li data-start=\"703\" data-end=\"774\"><p data-start=\"705\" data-end=\"774\"><strong data-start=\"705\" data-end=\"735\">Cookies de personalizaci\u00f3n<\/strong>: permiten recordar tus preferencias.<\/p><\/li><li data-start=\"775\" data-end=\"903\"><p data-start=\"777\" data-end=\"903\"><strong data-start=\"777\" data-end=\"800\">Cookies de an\u00e1lisis<\/strong>: nos permiten obtener estad\u00edsticas del uso del sitio para mejorarlo (por ejemplo, Google Analytics).<\/p><\/li><li data-start=\"904\" data-end=\"1053\"><p data-start=\"906\" data-end=\"1053\"><strong data-start=\"906\" data-end=\"929\">Cookies de terceros<\/strong>: como servicios de mapas, redes sociales o reproducci\u00f3n de v\u00eddeo, que pueden recopilar datos desde sus propias plataformas.<\/p><\/li><\/ul><hr data-start=\"1055\" data-end=\"1058\" \/><p data-start=\"1060\" data-end=\"1337\"><strong data-start=\"1060\" data-end=\"1101\">3. GESTI\u00d3N Y CONFIGURACI\u00d3N DE COOKIES<\/strong><br data-start=\"1101\" data-end=\"1104\" \/>Puedes aceptar, rechazar o configurar el uso de cookies a trav\u00e9s del banner de configuraci\u00f3n al acceder al sitio. Asimismo, puedes cambiar la configuraci\u00f3n desde tu navegador para permitir, bloquear o eliminar las cookies instaladas.<\/p><blockquote data-start=\"1339\" data-end=\"1441\"><p data-start=\"1341\" data-end=\"1441\">Ten en cuenta que desactivar ciertas cookies puede afectar el correcto funcionamiento del sitio web.<\/p><\/blockquote><hr data-start=\"1443\" data-end=\"1446\" \/><p data-start=\"1448\" data-end=\"1484\"><strong data-start=\"1448\" data-end=\"1482\">4. RESPONSABLE DEL TRATAMIENTO<\/strong><\/p><ul data-start=\"1485\" data-end=\"1689\"><li data-start=\"1485\" data-end=\"1534\"><p data-start=\"1487\" data-end=\"1534\"><strong data-start=\"1487\" data-end=\"1532\">CONSULTORA DE REGENERACI\u00d3N EMPRESARIAL SL<\/strong><\/p><\/li><li data-start=\"1535\" data-end=\"1553\"><p data-start=\"1537\" data-end=\"1553\">NIF: B44521458<\/p><\/li><li data-start=\"1554\" data-end=\"1644\"><p data-start=\"1556\" data-end=\"1644\">Domicilio: Calle Almenara, 10, 3\u00ba, Puerta 5, 12006 \u2013 La Vall d\u2019Uix\u00f3, Castell\u00f3n, Espa\u00f1a<\/p><\/li><li data-start=\"1645\" data-end=\"1689\"><p data-start=\"1647\" data-end=\"1689\">Email: <a class=\"cursor-pointer\" rel=\"noopener\" data-start=\"1654\" data-end=\"1689\">info@cdre.es<\/a><\/p><\/li><\/ul><hr data-start=\"1691\" data-end=\"1694\" \/><p data-start=\"1696\" data-end=\"1834\"><strong data-start=\"1696\" data-end=\"1736\">5. CAMBIOS EN LA POL\u00cdTICA DE COOKIES<\/strong><br data-start=\"1736\" data-end=\"1739\" \/>Podemos actualizar esta Pol\u00edtica de Cookies, por lo que te recomendamos revisarla regularmente.<\/p><hr data-start=\"1836\" data-end=\"1839\" \/>\t\t\t\t\t\t\t\t<\/div>\n\t\t\t\t<\/div>\n\t\t\t\t\t<\/div>\n\t\t\t\t<\/div>\n\t\t\t\t<\/div>\n\t\t","protected":false},"excerpt":{"rendered":"<p>POL\u00cdTICA DE PRIVACIDAD 1. \u00bfQU\u00c9 SON LAS COOKIES?Las cookies son peque\u00f1os archivos de texto que se almacenan en tu dispositivo cuando visitas un sitio web. Sirven para reconocer tu navegador, recordar informaci\u00f3n sobre tu visita y mejorar tu experiencia como usuario. 2. TIPOS DE COOKIES UTILIZADASEste sitio web puede utilizar las siguientes categor\u00edas de cookies: [&hellip;]<\/p>\n","protected":false},"author":1,"featured_media":0,"parent":0,"menu_order":0,"comment_status":"closed","ping_status":"closed","template":"","meta":{"footnotes":""},"class_list":["post-4114","page","type-page","status-publish","hentry"],"_links":{"self":[{"href":"https:\/\/lezamaasesores.com\/cdre25\/wp-json\/wp\/v2\/pages\/4114","targetHints":{"allow":["GET"]}}],"collection":[{"href":"https:\/\/lezamaasesores.com\/cdre25\/wp-json\/wp\/v2\/pages"}],"about":[{"href":"https:\/\/lezamaasesores.com\/cdre25\/wp-json\/wp\/v2\/types\/page"}],"author":[{"embeddable":true,"href":"https:\/\/lezamaasesores.com\/cdre25\/wp-json\/wp\/v2\/users\/1"}],"replies":[{"embeddable":true,"href":"https:\/\/lezamaasesores.com\/cdre25\/wp-json\/wp\/v2\/comments?post=4114"}],"version-history":[{"count":10,"href":"https:\/\/lezamaasesores.com\/cdre25\/wp-json\/wp\/v2\/pages\/4114\/revisions"}],"predecessor-version":[{"id":4126,"href":"https:\/\/lezamaasesores.com\/cdre25\/wp-json\/wp\/v2\/pages\/4114\/revisions\/4126"}],"wp:attachment":[{"href":"https:\/\/lezamaasesores.com\/cdre25\/wp-json\/wp\/v2\/media?parent=4114"}],"curies":[{"name":"wp","href":"https:\/\/api.w.org\/{rel}","templated":true}]}}