{"id":4105,"date":"2025-07-29T20:27:05","date_gmt":"2025-07-29T18:27:05","guid":{"rendered":"https:\/\/lezamaasesores.com\/cdre25\/?page_id=4105"},"modified":"2025-07-29T20:34:41","modified_gmt":"2025-07-29T18:34:41","slug":"aviso-legal","status":"publish","type":"page","link":"https:\/\/lezamaasesores.com\/cdre25\/aviso-legal\/","title":{"rendered":"Aviso legal"},"content":{"rendered":"\t\t<div data-elementor-type=\"wp-page\" data-elementor-id=\"4105\" class=\"elementor elementor-4105\" data-elementor-post-type=\"page\">\n\t\t\t\t<div class=\"elementor-element elementor-element-fe034ce e-flex e-con-boxed e-con e-parent\" data-id=\"fe034ce\" data-element_type=\"container\">\n\t\t\t\t\t<div class=\"e-con-inner\">\n\t\t\t\t<div class=\"elementor-element elementor-element-1425ff3 elementor-widget__width-initial elementor-widget elementor-widget-text-editor\" data-id=\"1425ff3\" data-element_type=\"widget\" data-widget_type=\"text-editor.default\">\n\t\t\t\t<div class=\"elementor-widget-container\">\n\t\t\t\t\t\t\t\t\t<p>AVISO LEGAL<\/p>\t\t\t\t\t\t\t\t<\/div>\n\t\t\t\t<\/div>\n\t\t\t\t<div class=\"elementor-element elementor-element-b657966 elementor-widget elementor-widget-text-editor\" data-id=\"b657966\" data-element_type=\"widget\" data-widget_type=\"text-editor.default\">\n\t\t\t\t<div class=\"elementor-widget-container\">\n\t\t\t\t\t\t\t\t\t<p data-start=\"359\" data-end=\"632\"><strong data-start=\"359\" data-end=\"385\">Titular del sitio web:<\/strong><br data-start=\"385\" data-end=\"388\" \/><strong data-start=\"388\" data-end=\"433\">CONSULTORA DE REGENERACI\u00d3N EMPRESARIAL SL<\/strong><br data-start=\"433\" data-end=\"436\" \/>NIF: B44521458<br data-start=\"450\" data-end=\"453\" \/>Domicilio: Calle Almenara, 10, 3\u00ba, Puerta 5, 12006 \u2013 La Vall d\u2019Uix\u00f3, Castell\u00f3n, Espa\u00f1a<br data-start=\"539\" data-end=\"542\" \/>Email: <a class=\"cursor-pointer\" rel=\"noopener\" data-start=\"549\" data-end=\"584\">info@cdre.es<\/a><br data-start=\"584\" data-end=\"587\" \/>Sitio web: <a class=\"\" href=\"https:\/\/cdre.es\" target=\"_new\" rel=\"noopener\" data-start=\"598\" data-end=\"632\">https:\/\/cdre.es<\/a><\/p><hr data-start=\"634\" data-end=\"637\" \/><h3 data-section-id=\"1kt4sbw\" data-start=\"639\" data-end=\"667\">1. OBJETO Y ACEPTACI\u00d3N<\/h3><p data-start=\"668\" data-end=\"1065\">El presente Aviso Legal regula el acceso, navegaci\u00f3n y uso del sitio web <a class=\"\" href=\"https:\/\/cdre.es\" target=\"_new\" rel=\"noopener\" data-start=\"741\" data-end=\"775\">https:\/\/cdre.es<\/a>, el cual es propiedad de <strong data-start=\"801\" data-end=\"846\">CONSULTORA DE REGENERACI\u00d3N EMPRESARIAL SL<\/strong>. El acceso y\/o uso del sitio implica la aceptaci\u00f3n \u00edntegra y sin reservas de todas las condiciones aqu\u00ed expuestas. Si el usuario no est\u00e1 de acuerdo con alguna de ellas, se le recomienda abstenerse de utilizar el sitio.<\/p><hr data-start=\"1067\" data-end=\"1070\" \/><h3 data-section-id=\"1fggx2w\" data-start=\"1072\" data-end=\"1115\">2. PROPIEDAD INTELECTUAL E INDUSTRIAL<\/h3><p data-start=\"1116\" data-end=\"1664\">Todos los contenidos del sitio web, incluyendo, sin car\u00e1cter limitativo, textos, im\u00e1genes, gr\u00e1ficos, logotipos, iconos, dise\u00f1os, c\u00f3digo fuente, software y cualquier otro elemento susceptible de protecci\u00f3n, son propiedad exclusiva de <strong data-start=\"1349\" data-end=\"1394\">CONSULTORA DE REGENERACI\u00d3N EMPRESARIAL SL<\/strong> o de terceros que han autorizado su uso. Queda expresamente prohibida la reproducci\u00f3n, distribuci\u00f3n, modificaci\u00f3n, transformaci\u00f3n, publicaci\u00f3n o cualquier otro uso sin el consentimiento previo y por escrito de la empresa titular, salvo que la ley disponga lo contrario.<\/p><hr data-start=\"1666\" data-end=\"1669\" \/><h3 data-section-id=\"us7y1f\" data-start=\"1671\" data-end=\"1707\">3. EXENCI\u00d3N DE RESPONSABILIDAD<\/h3><p data-start=\"1708\" data-end=\"2176\"><strong data-start=\"1708\" data-end=\"1753\">CONSULTORA DE REGENERACI\u00d3N EMPRESARIAL SL<\/strong> se compromete a realizar esfuerzos razonables para mantener la actualizaci\u00f3n y el correcto funcionamiento del sitio web, pero no garantiza la total ausencia de errores, interrupciones o imprecisiones en la informaci\u00f3n proporcionada. Por tanto, no se hace responsable de los da\u00f1os o perjuicios que pudieran derivarse del uso o la imposibilidad de uso del sitio, ni de la exactitud, veracidad o integridad de los contenidos.<\/p><hr data-start=\"2178\" data-end=\"2181\" \/><h3 data-section-id=\"1hndpu9\" data-start=\"2183\" data-end=\"2222\">4. MODIFICACIONES Y ACTUALIZACI\u00d3N<\/h3><p data-start=\"2223\" data-end=\"2564\"><strong data-start=\"2223\" data-end=\"2268\">CONSULTORA DE REGENERACI\u00d3N EMPRESARIAL SL<\/strong> se reserva el derecho de modificar, actualizar o eliminar, parcial o totalmente, el contenido de este Aviso Legal en cualquier momento y sin previo aviso. Se recomienda a los usuarios revisar peri\u00f3dicamente este documento para estar al tanto de posibles cambios que afecten al uso del sitio web.<\/p><hr data-start=\"2566\" data-end=\"2569\" \/><h3 data-section-id=\"1tu7i0p\" data-start=\"2571\" data-end=\"2616\">5. LEGISLACI\u00d3N Y JURISDICCI\u00d3N APLICABLE<\/h3><p data-start=\"2617\" data-end=\"2973\">El presente Aviso Legal se rige e interpreta de conformidad con la legislaci\u00f3n espa\u00f1ola. Para la resoluci\u00f3n de cualquier controversia o conflicto que pudiera derivarse del acceso o uso del sitio web, las partes se someten a los Juzgados y Tribunales de la provincia de Castell\u00f3n, renunciando expresamente a cualquier otro fuero que pudiera corresponderles.<\/p>\t\t\t\t\t\t\t\t<\/div>\n\t\t\t\t<\/div>\n\t\t\t\t\t<\/div>\n\t\t\t\t<\/div>\n\t\t\t\t<\/div>\n\t\t","protected":false},"excerpt":{"rendered":"<p>AVISO LEGAL Titular del sitio web:CONSULTORA DE REGENERACI\u00d3N EMPRESARIAL SLNIF: B44521458Domicilio: Calle Almenara, 10, 3\u00ba, Puerta 5, 12006 \u2013 La Vall d\u2019Uix\u00f3, Castell\u00f3n, Espa\u00f1aEmail: info@cdre.esSitio web: https:\/\/cdre.es 1. OBJETO Y ACEPTACI\u00d3N El presente Aviso Legal regula el acceso, navegaci\u00f3n y uso del sitio web https:\/\/cdre.es, el cual es propiedad de CONSULTORA DE REGENERACI\u00d3N EMPRESARIAL SL. [&hellip;]<\/p>\n","protected":false},"author":1,"featured_media":0,"parent":0,"menu_order":0,"comment_status":"closed","ping_status":"closed","template":"","meta":{"footnotes":""},"class_list":["post-4105","page","type-page","status-publish","hentry"],"_links":{"self":[{"href":"https:\/\/lezamaasesores.com\/cdre25\/wp-json\/wp\/v2\/pages\/4105","targetHints":{"allow":["GET"]}}],"collection":[{"href":"https:\/\/lezamaasesores.com\/cdre25\/wp-json\/wp\/v2\/pages"}],"about":[{"href":"https:\/\/lezamaasesores.com\/cdre25\/wp-json\/wp\/v2\/types\/page"}],"author":[{"embeddable":true,"href":"https:\/\/lezamaasesores.com\/cdre25\/wp-json\/wp\/v2\/users\/1"}],"replies":[{"embeddable":true,"href":"https:\/\/lezamaasesores.com\/cdre25\/wp-json\/wp\/v2\/comments?post=4105"}],"version-history":[{"count":7,"href":"https:\/\/lezamaasesores.com\/cdre25\/wp-json\/wp\/v2\/pages\/4105\/revisions"}],"predecessor-version":[{"id":4113,"href":"https:\/\/lezamaasesores.com\/cdre25\/wp-json\/wp\/v2\/pages\/4105\/revisions\/4113"}],"wp:attachment":[{"href":"https:\/\/lezamaasesores.com\/cdre25\/wp-json\/wp\/v2\/media?parent=4105"}],"curies":[{"name":"wp","href":"https:\/\/api.w.org\/{rel}","templated":true}]}}