{"id":3370,"date":"2025-07-10T21:15:07","date_gmt":"2025-07-10T19:15:07","guid":{"rendered":"https:\/\/lezamaasesores.com\/cdre25\/?page_id=3370"},"modified":"2025-08-14T10:36:24","modified_gmt":"2025-08-14T08:36:24","slug":"comunicacion-y-marketing-digital","status":"publish","type":"page","link":"https:\/\/lezamaasesores.com\/cdre25\/comunicacion-y-marketing-digital\/","title":{"rendered":"Comunicaci\u00f3n y Marketing digital"},"content":{"rendered":"\t\t<div data-elementor-type=\"wp-page\" data-elementor-id=\"3370\" class=\"elementor elementor-3370\" data-elementor-post-type=\"page\">\n\t\t\t\t<div class=\"elementor-element elementor-element-96f92c2 e-flex e-con-boxed e-con e-parent\" data-id=\"96f92c2\" data-element_type=\"container\" data-settings=\"{&quot;background_background&quot;:&quot;classic&quot;}\">\n\t\t\t\t\t<div class=\"e-con-inner\">\n\t\t<div class=\"elementor-element elementor-element-7ecd95c e-con-full e-flex e-con e-child\" data-id=\"7ecd95c\" data-element_type=\"container\">\n\t\t\t\t<div class=\"elementor-element elementor-element-ece2d60 elementor-widget elementor-widget-text-editor\" data-id=\"ece2d60\" data-element_type=\"widget\" data-widget_type=\"text-editor.default\">\n\t\t\t\t<div class=\"elementor-widget-container\">\n\t\t\t\t\t\t\t\t\t<p>Una empresa del sector industrial ten\u00eda presencia online, pero no generaba oportunidades.<\/p><p><strong>Redise\u00f1amos su estrategia digital, potenciamos LinkedIn y lanzamos campa\u00f1as de captaci\u00f3n.<\/strong><\/p><p>En tres meses, cerraron sus primeros contratos desde el canal digital.<\/p>\t\t\t\t\t\t\t\t<\/div>\n\t\t\t\t<\/div>\n\t\t\t\t<div class=\"elementor-element elementor-element-1493b70 elementor-widget elementor-widget-text-editor\" data-id=\"1493b70\" data-element_type=\"widget\" data-widget_type=\"text-editor.default\">\n\t\t\t\t<div class=\"elementor-widget-container\">\n\t\t\t\t\t\t\t\t\t<p>Juan Gaspar Garc\u00eda | <strong>CEO CDRE<\/strong><\/p>\t\t\t\t\t\t\t\t<\/div>\n\t\t\t\t<\/div>\n\t\t\t\t<\/div>\n\t\t<div class=\"elementor-element elementor-element-382dc38 e-con-full elementor-hidden-mobile e-flex e-con e-child\" data-id=\"382dc38\" data-element_type=\"container\">\n\t\t\t\t<\/div>\n\t\t\t\t\t<\/div>\n\t\t\t\t<\/div>\n\t\t<div class=\"elementor-element elementor-element-f28f219 e-flex e-con-boxed e-con e-parent\" data-id=\"f28f219\" data-element_type=\"container\">\n\t\t\t\t\t<div class=\"e-con-inner\">\n\t\t\t\t<div class=\"elementor-element elementor-element-1c43f14 elementor-widget elementor-widget-text-editor\" data-id=\"1c43f14\" data-element_type=\"widget\" data-widget_type=\"text-editor.default\">\n\t\t\t\t<div class=\"elementor-widget-container\">\n\t\t\t\t\t\t\t\t\t<p>Consultora de regeneraci\u00f3n empresarial<\/p>\t\t\t\t\t\t\t\t<\/div>\n\t\t\t\t<\/div>\n\t\t\t\t<div class=\"elementor-element elementor-element-37e3dbb elementor-widget__width-initial elementor-widget elementor-widget-text-editor\" data-id=\"37e3dbb\" data-element_type=\"widget\" data-widget_type=\"text-editor.default\">\n\t\t\t\t<div class=\"elementor-widget-container\">\n\t\t\t\t\t\t\t\t\t<p>Comunicaci\u00f3n Digital y<\/p><p>Redes Sociales.<\/p>\t\t\t\t\t\t\t\t<\/div>\n\t\t\t\t<\/div>\n\t\t\t\t<div class=\"elementor-element elementor-element-61847e9 elementor-widget__width-initial elementor-widget elementor-widget-text-editor\" data-id=\"61847e9\" data-element_type=\"widget\" data-widget_type=\"text-editor.default\">\n\t\t\t\t<div class=\"elementor-widget-container\">\n\t\t\t\t\t\t\t\t\t<p>Conectamos tu marca con tus objetivos de negocio.<\/p><p><strong>Desde redes sociales hasta campa\u00f1as de publicidad o reputaci\u00f3n online.<\/strong><\/p><p>Todo lo digital debe tener un sentido&#8230; y un retorno.<\/p>\t\t\t\t\t\t\t\t<\/div>\n\t\t\t\t<\/div>\n\t\t\t\t\t<\/div>\n\t\t\t\t<\/div>\n\t\t<div class=\"elementor-element elementor-element-badef2f e-con-full e-flex e-con e-parent\" data-id=\"badef2f\" data-element_type=\"container\">\n\t\t<div class=\"elementor-element elementor-element-750cd04 e-flex e-con-boxed e-con e-child\" data-id=\"750cd04\" data-element_type=\"container\" data-settings=\"{&quot;background_background&quot;:&quot;classic&quot;,&quot;motion_fx_motion_fx_scrolling&quot;:&quot;yes&quot;,&quot;motion_fx_translateX_effect&quot;:&quot;yes&quot;,&quot;motion_fx_translateX_direction&quot;:&quot;negative&quot;,&quot;motion_fx_translateX_speed&quot;:{&quot;unit&quot;:&quot;px&quot;,&quot;size&quot;:2.600000000000000088817841970012523233890533447265625,&quot;sizes&quot;:[]},&quot;motion_fx_translateX_affectedRange&quot;:{&quot;unit&quot;:&quot;%&quot;,&quot;size&quot;:&quot;&quot;,&quot;sizes&quot;:{&quot;start&quot;:0,&quot;end&quot;:63}},&quot;motion_fx_devices&quot;:[&quot;desktop&quot;,&quot;tablet&quot;,&quot;mobile&quot;]}\">\n\t\t\t\t\t<div class=\"e-con-inner\">\n\t\t<div class=\"elementor-element elementor-element-4eaaab0 e-con-full e-flex e-con e-child\" data-id=\"4eaaab0\" data-element_type=\"container\">\n\t\t\t\t<div class=\"elementor-element elementor-element-b35f951 elementor-widget elementor-widget-text-editor\" data-id=\"b35f951\" data-element_type=\"widget\" data-settings=\"{&quot;motion_fx_motion_fx_scrolling&quot;:&quot;yes&quot;,&quot;motion_fx_translateX_effect&quot;:&quot;yes&quot;,&quot;motion_fx_translateX_affectedRange&quot;:{&quot;unit&quot;:&quot;%&quot;,&quot;size&quot;:&quot;&quot;,&quot;sizes&quot;:{&quot;start&quot;:0,&quot;end&quot;:53}},&quot;motion_fx_translateX_speed&quot;:{&quot;unit&quot;:&quot;px&quot;,&quot;size&quot;:4,&quot;sizes&quot;:[]},&quot;motion_fx_devices&quot;:[&quot;desktop&quot;,&quot;tablet&quot;,&quot;mobile&quot;]}\" data-widget_type=\"text-editor.default\">\n\t\t\t\t<div class=\"elementor-widget-container\">\n\t\t\t\t\t\t\t\t\t<p>Estar en internet,<\/p><p>no es lo mismo que<\/p><p>tener presencia.<\/p>\t\t\t\t\t\t\t\t<\/div>\n\t\t\t\t<\/div>\n\t\t\t\t<div class=\"elementor-element elementor-element-8e10dee elementor-widget elementor-widget-text-editor\" data-id=\"8e10dee\" data-element_type=\"widget\" data-widget_type=\"text-editor.default\">\n\t\t\t\t<div class=\"elementor-widget-container\">\n\t\t\t\t\t\t\t\t\t<p>Hacemos que lo digital, tenga un impacto real en tu negocio.<\/p>\t\t\t\t\t\t\t\t<\/div>\n\t\t\t\t<\/div>\n\t\t\t\t<\/div>\n\t\t<div class=\"elementor-element elementor-element-f4db7f9 e-con-full e-flex e-con e-child\" data-id=\"f4db7f9\" data-element_type=\"container\">\n\t\t\t\t<\/div>\n\t\t\t\t\t<\/div>\n\t\t\t\t<\/div>\n\t\t<div class=\"elementor-element elementor-element-77408c1 e-flex e-con-boxed e-con e-child\" data-id=\"77408c1\" data-element_type=\"container\">\n\t\t\t\t\t<div class=\"e-con-inner\">\n\t\t\t\t<div class=\"elementor-element elementor-element-03c7cf0 elementor-widget__width-initial elementor-widget elementor-widget-text-editor\" data-id=\"03c7cf0\" data-element_type=\"widget\" data-widget_type=\"text-editor.default\">\n\t\t\t\t<div class=\"elementor-widget-container\">\n\t\t\t\t\t\t\t\t\t<p>\u00bfQue aportamos?<\/p>\t\t\t\t\t\t\t\t<\/div>\n\t\t\t\t<\/div>\n\t\t\t\t\t<\/div>\n\t\t\t\t<\/div>\n\t\t\t\t<\/div>\n\t\t<div class=\"elementor-element elementor-element-af6210b e-flex e-con-boxed e-con e-parent\" data-id=\"af6210b\" data-element_type=\"container\">\n\t\t\t\t\t<div class=\"e-con-inner\">\n\t\t<div class=\"elementor-element elementor-element-47c6ac4 e-con-full e-flex e-con e-child\" data-id=\"47c6ac4\" data-element_type=\"container\">\n\t\t<div class=\"elementor-element elementor-element-114167f e-con-full e-flex e-con e-child\" data-id=\"114167f\" data-element_type=\"container\">\n\t\t<div class=\"elementor-element elementor-element-2db29af e-con-full e-flex e-con e-child\" data-id=\"2db29af\" data-element_type=\"container\">\n\t\t<div class=\"elementor-element elementor-element-6c8d38a e-con-full e-flex e-con e-child\" data-id=\"6c8d38a\" data-element_type=\"container\">\n\t\t\t\t<div class=\"elementor-element elementor-element-01fbf08 elementor-widget elementor-widget-image\" data-id=\"01fbf08\" data-element_type=\"widget\" data-widget_type=\"image.default\">\n\t\t\t\t<div class=\"elementor-widget-container\">\n\t\t\t\t\t\t\t\t\t\t\t\t\t\t\t<img fetchpriority=\"high\" decoding=\"async\" width=\"500\" height=\"500\" src=\"https:\/\/lezamaasesores.com\/cdre25\/wp-content\/uploads\/2025\/07\/posicionamiento-en-el-mercado.svg\" class=\"attachment-full size-full wp-image-3809\" alt=\"\" \/>\t\t\t\t\t\t\t\t\t\t\t\t\t\t\t<\/div>\n\t\t\t\t<\/div>\n\t\t\t\t<\/div>\n\t\t<div class=\"elementor-element elementor-element-a4d60f9 e-con-full e-flex e-con e-child\" data-id=\"a4d60f9\" data-element_type=\"container\">\n\t\t\t\t<div class=\"elementor-element elementor-element-82a2844 elementor-widget elementor-widget-text-editor\" data-id=\"82a2844\" data-element_type=\"widget\" data-widget_type=\"text-editor.default\">\n\t\t\t\t<div class=\"elementor-widget-container\">\n\t\t\t\t\t\t\t\t\t<p>Posicionamiento digital y estrategia de marca<\/p>\t\t\t\t\t\t\t\t<\/div>\n\t\t\t\t<\/div>\n\t\t\t\t<div class=\"elementor-element elementor-element-a336210 elementor-widget elementor-widget-text-editor\" data-id=\"a336210\" data-element_type=\"widget\" data-widget_type=\"text-editor.default\">\n\t\t\t\t<div class=\"elementor-widget-container\">\n\t\t\t\t\t\t\t\t\t<p>Creamos una presencia coherente que atrae al cliente correcto.<\/p>\t\t\t\t\t\t\t\t<\/div>\n\t\t\t\t<\/div>\n\t\t\t\t<\/div>\n\t\t\t\t<\/div>\n\t\t<div class=\"elementor-element elementor-element-1430886 e-con-full e-flex e-con e-child\" data-id=\"1430886\" data-element_type=\"container\">\n\t\t<div class=\"elementor-element elementor-element-b5585e0 e-con-full e-flex e-con e-child\" data-id=\"b5585e0\" data-element_type=\"container\">\n\t\t\t\t<div class=\"elementor-element elementor-element-71fa21a elementor-widget elementor-widget-image\" data-id=\"71fa21a\" data-element_type=\"widget\" data-widget_type=\"image.default\">\n\t\t\t\t<div class=\"elementor-widget-container\">\n\t\t\t\t\t\t\t\t\t\t\t\t\t\t\t<img decoding=\"async\" width=\"512\" height=\"512\" src=\"https:\/\/lezamaasesores.com\/cdre25\/wp-content\/uploads\/2025\/07\/redes-sociales.svg\" class=\"attachment-full size-full wp-image-3812\" alt=\"\" \/>\t\t\t\t\t\t\t\t\t\t\t\t\t\t\t<\/div>\n\t\t\t\t<\/div>\n\t\t\t\t<\/div>\n\t\t<div class=\"elementor-element elementor-element-eda9285 e-con-full e-flex e-con e-child\" data-id=\"eda9285\" data-element_type=\"container\">\n\t\t\t\t<div class=\"elementor-element elementor-element-a041087 elementor-widget elementor-widget-text-editor\" data-id=\"a041087\" data-element_type=\"widget\" data-widget_type=\"text-editor.default\">\n\t\t\t\t<div class=\"elementor-widget-container\">\n\t\t\t\t\t\t\t\t\t<p>Gesti\u00f3n de redes sociales y contenidos<\/p>\t\t\t\t\t\t\t\t<\/div>\n\t\t\t\t<\/div>\n\t\t\t\t<div class=\"elementor-element elementor-element-64d3205 elementor-widget elementor-widget-text-editor\" data-id=\"64d3205\" data-element_type=\"widget\" data-widget_type=\"text-editor.default\">\n\t\t\t\t<div class=\"elementor-widget-container\">\n\t\t\t\t\t\t\t\t\t<p>Mantenemos tus canales activos y alineados con tu estrategia<\/p>\t\t\t\t\t\t\t\t<\/div>\n\t\t\t\t<\/div>\n\t\t\t\t<\/div>\n\t\t\t\t<\/div>\n\t\t<div class=\"elementor-element elementor-element-2a3499d e-con-full e-flex e-con e-child\" data-id=\"2a3499d\" data-element_type=\"container\">\n\t\t<div class=\"elementor-element elementor-element-e695c55 e-con-full e-flex e-con e-child\" data-id=\"e695c55\" data-element_type=\"container\">\n\t\t\t\t<div class=\"elementor-element elementor-element-790c736 elementor-widget elementor-widget-image\" data-id=\"790c736\" data-element_type=\"widget\" data-widget_type=\"image.default\">\n\t\t\t\t<div class=\"elementor-widget-container\">\n\t\t\t\t\t\t\t\t\t\t\t\t\t\t\t<img decoding=\"async\" width=\"512\" height=\"512\" src=\"https:\/\/lezamaasesores.com\/cdre25\/wp-content\/uploads\/2025\/07\/marketing-de-medios-sociales.svg\" class=\"attachment-full size-full wp-image-3811\" alt=\"\" \/>\t\t\t\t\t\t\t\t\t\t\t\t\t\t\t<\/div>\n\t\t\t\t<\/div>\n\t\t\t\t<\/div>\n\t\t<div class=\"elementor-element elementor-element-693e5fe e-con-full e-flex e-con e-child\" data-id=\"693e5fe\" data-element_type=\"container\">\n\t\t\t\t<div class=\"elementor-element elementor-element-c08121a elementor-widget elementor-widget-text-editor\" data-id=\"c08121a\" data-element_type=\"widget\" data-widget_type=\"text-editor.default\">\n\t\t\t\t<div class=\"elementor-widget-container\">\n\t\t\t\t\t\t\t\t\t<p>Publicidad online con orientaci\u00f3n a resultados<\/p>\t\t\t\t\t\t\t\t<\/div>\n\t\t\t\t<\/div>\n\t\t\t\t<div class=\"elementor-element elementor-element-01dcc55 elementor-widget elementor-widget-text-editor\" data-id=\"01dcc55\" data-element_type=\"widget\" data-widget_type=\"text-editor.default\">\n\t\t\t\t<div class=\"elementor-widget-container\">\n\t\t\t\t\t\t\t\t\t<p>Invertimos para captar clientes, no solo para dar visibilidad.<\/p>\t\t\t\t\t\t\t\t<\/div>\n\t\t\t\t<\/div>\n\t\t\t\t<\/div>\n\t\t\t\t<\/div>\n\t\t\t\t<\/div>\n\t\t<div class=\"elementor-element elementor-element-32f821e e-con-full e-flex e-con e-child\" data-id=\"32f821e\" data-element_type=\"container\">\n\t\t<div class=\"elementor-element elementor-element-b5f5790 e-con-full e-flex e-con e-child\" data-id=\"b5f5790\" data-element_type=\"container\">\n\t\t<div class=\"elementor-element elementor-element-5a1485b e-con-full e-flex e-con e-child\" data-id=\"5a1485b\" data-element_type=\"container\">\n\t\t\t\t<div class=\"elementor-element elementor-element-495f154 elementor-widget elementor-widget-image\" data-id=\"495f154\" data-element_type=\"widget\" data-widget_type=\"image.default\">\n\t\t\t\t<div class=\"elementor-widget-container\">\n\t\t\t\t\t\t\t\t\t\t\t\t\t\t\t<img loading=\"lazy\" decoding=\"async\" width=\"512\" height=\"512\" src=\"https:\/\/lezamaasesores.com\/cdre25\/wp-content\/uploads\/2025\/07\/rededs-sociales.svg\" class=\"attachment-full size-full wp-image-3810\" alt=\"\" \/>\t\t\t\t\t\t\t\t\t\t\t\t\t\t\t<\/div>\n\t\t\t\t<\/div>\n\t\t\t\t<\/div>\n\t\t<div class=\"elementor-element elementor-element-8e996b3 e-con-full e-flex e-con e-child\" data-id=\"8e996b3\" data-element_type=\"container\">\n\t\t\t\t<div class=\"elementor-element elementor-element-52a1f12 elementor-widget elementor-widget-text-editor\" data-id=\"52a1f12\" data-element_type=\"widget\" data-widget_type=\"text-editor.default\">\n\t\t\t\t<div class=\"elementor-widget-container\">\n\t\t\t\t\t\t\t\t\t<p>Reputaci\u00f3n online y comunicaci\u00f3n de crisis<\/p>\t\t\t\t\t\t\t\t<\/div>\n\t\t\t\t<\/div>\n\t\t\t\t<div class=\"elementor-element elementor-element-a31966f elementor-widget elementor-widget-text-editor\" data-id=\"a31966f\" data-element_type=\"widget\" data-widget_type=\"text-editor.default\">\n\t\t\t\t<div class=\"elementor-widget-container\">\n\t\t\t\t\t\t\t\t\t<p>Protegemos tu imagen ante crisis o comentarios negativos.<\/p>\t\t\t\t\t\t\t\t<\/div>\n\t\t\t\t<\/div>\n\t\t\t\t<\/div>\n\t\t\t\t<\/div>\n\t\t<div class=\"elementor-element elementor-element-81034b7 e-con-full e-flex e-con e-child\" data-id=\"81034b7\" data-element_type=\"container\">\n\t\t<div class=\"elementor-element elementor-element-a145750 e-con-full e-flex e-con e-child\" data-id=\"a145750\" data-element_type=\"container\">\n\t\t\t\t<div class=\"elementor-element elementor-element-944a1f6 elementor-widget elementor-widget-image\" data-id=\"944a1f6\" data-element_type=\"widget\" data-widget_type=\"image.default\">\n\t\t\t\t<div class=\"elementor-widget-container\">\n\t\t\t\t\t\t\t\t\t\t\t\t\t\t\t<img loading=\"lazy\" decoding=\"async\" width=\"512\" height=\"512\" src=\"https:\/\/lezamaasesores.com\/cdre25\/wp-content\/uploads\/2025\/07\/digital.svg\" class=\"attachment-full size-full wp-image-3776\" alt=\"\" \/>\t\t\t\t\t\t\t\t\t\t\t\t\t\t\t<\/div>\n\t\t\t\t<\/div>\n\t\t\t\t<\/div>\n\t\t<div class=\"elementor-element elementor-element-7f16389 e-con-full e-flex e-con e-child\" data-id=\"7f16389\" data-element_type=\"container\">\n\t\t\t\t<div class=\"elementor-element elementor-element-59227f6 elementor-widget elementor-widget-text-editor\" data-id=\"59227f6\" data-element_type=\"widget\" data-widget_type=\"text-editor.default\">\n\t\t\t\t<div class=\"elementor-widget-container\">\n\t\t\t\t\t\t\t\t\t<p>Auditor\u00eda de canales digitales<\/p>\t\t\t\t\t\t\t\t<\/div>\n\t\t\t\t<\/div>\n\t\t\t\t<div class=\"elementor-element elementor-element-832a814 elementor-widget elementor-widget-text-editor\" data-id=\"832a814\" data-element_type=\"widget\" data-widget_type=\"text-editor.default\">\n\t\t\t\t<div class=\"elementor-widget-container\">\n\t\t\t\t\t\t\t\t\t<p>Revisamos lo que haces y te decimos como mejorarlo.<\/p>\t\t\t\t\t\t\t\t<\/div>\n\t\t\t\t<\/div>\n\t\t\t\t<\/div>\n\t\t\t\t<\/div>\n\t\t\t\t<\/div>\n\t\t\t\t<\/div>\n\t\t\t\t\t<\/div>\n\t\t\t\t<\/div>\n\t\t<div class=\"elementor-element elementor-element-d824ba4 e-flex e-con-boxed e-con e-parent\" data-id=\"d824ba4\" data-element_type=\"container\" data-settings=\"{&quot;background_background&quot;:&quot;classic&quot;}\">\n\t\t\t\t\t<div class=\"e-con-inner\">\n\t\t<div class=\"elementor-element elementor-element-e90cacf e-con-full e-flex e-con e-child\" data-id=\"e90cacf\" data-element_type=\"container\">\n\t\t<div class=\"elementor-element elementor-element-fec7a59 e-con-full e-flex e-con e-child\" data-id=\"fec7a59\" data-element_type=\"container\">\n\t\t\t\t<div class=\"elementor-element elementor-element-1696c60 elementor-widget elementor-widget-image\" data-id=\"1696c60\" data-element_type=\"widget\" data-widget_type=\"image.default\">\n\t\t\t\t<div class=\"elementor-widget-container\">\n\t\t\t\t\t\t\t\t\t\t\t\t\t\t\t<img loading=\"lazy\" decoding=\"async\" width=\"400\" height=\"606\" src=\"https:\/\/lezamaasesores.com\/cdre25\/wp-content\/uploads\/2025\/07\/xaa.png\" class=\"attachment-full size-full wp-image-3643\" alt=\"\" srcset=\"https:\/\/lezamaasesores.com\/cdre25\/wp-content\/uploads\/2025\/07\/xaa.png 400w, https:\/\/lezamaasesores.com\/cdre25\/wp-content\/uploads\/2025\/07\/xaa-198x300.png 198w\" sizes=\"(max-width: 400px) 100vw, 400px\" \/>\t\t\t\t\t\t\t\t\t\t\t\t\t\t\t<\/div>\n\t\t\t\t<\/div>\n\t\t\t\t<\/div>\n\t\t<div class=\"elementor-element elementor-element-c7dc0c5 e-con-full e-flex e-con e-child\" data-id=\"c7dc0c5\" data-element_type=\"container\">\n\t\t\t\t<div class=\"elementor-element elementor-element-fead8e5 elementor-widget-mobile__width-inherit elementor-widget elementor-widget-text-editor\" data-id=\"fead8e5\" data-element_type=\"widget\" data-widget_type=\"text-editor.default\">\n\t\t\t\t<div class=\"elementor-widget-container\">\n\t\t\t\t\t\t\t\t\t<p>No somos un gran firma de consultor\u00eda.<\/p>\t\t\t\t\t\t\t\t<\/div>\n\t\t\t\t<\/div>\n\t\t\t\t<div class=\"elementor-element elementor-element-d59039d elementor-widget elementor-widget-text-editor\" data-id=\"d59039d\" data-element_type=\"widget\" data-widget_type=\"text-editor.default\">\n\t\t\t\t<div class=\"elementor-widget-container\">\n\t\t\t\t\t\t\t\t\t<p>Somos personas que se implican<\/p>\t\t\t\t\t\t\t\t<\/div>\n\t\t\t\t<\/div>\n\t\t\t\t<div class=\"elementor-element elementor-element-f32125b elementor-widget elementor-widget-text-editor\" data-id=\"f32125b\" data-element_type=\"widget\" data-widget_type=\"text-editor.default\">\n\t\t\t\t<div class=\"elementor-widget-container\">\n\t\t\t\t\t\t\t\t\t<p>CDRE nace con una idea clara: <strong>la cercan\u00eda marca la diferencia.<\/strong><\/p><p>Trabajamos desde dentro de tu empresa, codo con codo contigo, como parte de tu equipo.<\/p><p><strong>Adaptamos cada servicio a tus recursos, tus objetivos y tu momento.<\/strong><\/p><p>Nuestro trabajo tiene un proposito: mejorar tu empresa de forma real.<\/p>\t\t\t\t\t\t\t\t<\/div>\n\t\t\t\t<\/div>\n\t\t\t\t<\/div>\n\t\t\t\t<\/div>\n\t\t\t\t\t<\/div>\n\t\t\t\t<\/div>\n\t\t<div class=\"elementor-element elementor-element-d5c7181 e-con-full e-flex e-con e-parent\" data-id=\"d5c7181\" data-element_type=\"container\">\n\t\t<div class=\"elementor-element elementor-element-4f7c636 e-flex e-con-boxed e-con e-child\" data-id=\"4f7c636\" data-element_type=\"container\" data-settings=\"{&quot;background_background&quot;:&quot;classic&quot;}\">\n\t\t\t\t\t<div class=\"e-con-inner\">\n\t\t<div class=\"elementor-element elementor-element-a0f2627 e-con-full e-flex e-con e-child\" data-id=\"a0f2627\" data-element_type=\"container\">\n\t\t\t\t<div class=\"elementor-element elementor-element-9365dcf elementor-widget elementor-widget-text-editor\" data-id=\"9365dcf\" data-element_type=\"widget\" data-settings=\"{&quot;motion_fx_motion_fx_scrolling&quot;:&quot;yes&quot;,&quot;motion_fx_translateX_effect&quot;:&quot;yes&quot;,&quot;motion_fx_translateX_affectedRange&quot;:{&quot;unit&quot;:&quot;%&quot;,&quot;size&quot;:&quot;&quot;,&quot;sizes&quot;:{&quot;start&quot;:0,&quot;end&quot;:53}},&quot;motion_fx_translateX_speed&quot;:{&quot;unit&quot;:&quot;px&quot;,&quot;size&quot;:4,&quot;sizes&quot;:[]},&quot;motion_fx_devices&quot;:[&quot;desktop&quot;,&quot;tablet&quot;,&quot;mobile&quot;]}\" data-widget_type=\"text-editor.default\">\n\t\t\t\t<div class=\"elementor-widget-container\">\n\t\t\t\t\t\t\t\t\t<p>En CDRE estamos aqu\u00ed<\/p><p>para ayudarte,<\/p><p>sin rodeos<\/p><p>ni complicaciones.<\/p>\t\t\t\t\t\t\t\t<\/div>\n\t\t\t\t<\/div>\n\t\t\t\t<div class=\"elementor-element elementor-element-2246ba2 elementor-widget elementor-widget-text-editor\" data-id=\"2246ba2\" data-element_type=\"widget\" data-widget_type=\"text-editor.default\">\n\t\t\t\t<div class=\"elementor-widget-container\">\n\t\t\t\t\t\t\t\t\t<p>Si tienes una duda, un proyecto que no sabes c\u00f3mo arrancar, o simplemente quieres saber si podemos aportar valor a tu empresa, cont\u00e1ctanos.<\/p>\t\t\t\t\t\t\t\t<\/div>\n\t\t\t\t<\/div>\n\t\t\t\t<div class=\"elementor-element elementor-element-fa94ce9 elementor-align-center elementor-widget elementor-widget-elementskit-button\" data-id=\"fa94ce9\" data-element_type=\"widget\" data-widget_type=\"elementskit-button.default\">\n\t\t\t\t<div class=\"elementor-widget-container\">\n\t\t\t\t\t<div class=\"ekit-wid-con\" >\t\t<div class=\"ekit-btn-wraper\">\n\t\t\t\t\t\t\t<a href=\"https:\/\/lezamaasesores.com\/cdre25\/contacto\/\" class=\"elementskit-btn  whitespace--normal\" id=\"\">\n\t\t\t\t\tContactar\t\t\t\t<\/a>\n\t\t\t\t\t<\/div>\n        <\/div>\t\t\t\t<\/div>\n\t\t\t\t<\/div>\n\t\t\t\t<\/div>\n\t\t<div class=\"elementor-element elementor-element-e679147 e-con-full elementor-hidden-mobile e-flex e-con e-child\" data-id=\"e679147\" data-element_type=\"container\">\n\t\t\t\t<\/div>\n\t\t\t\t\t<\/div>\n\t\t\t\t<\/div>\n\t\t\t\t<\/div>\n\t\t\t\t<\/div>\n\t\t","protected":false},"excerpt":{"rendered":"<p>Una empresa del sector industrial ten\u00eda presencia online, pero no generaba oportunidades. Redise\u00f1amos su estrategia digital, potenciamos LinkedIn y lanzamos campa\u00f1as de captaci\u00f3n. En tres meses, cerraron sus primeros contratos desde el canal digital. Juan Gaspar Garc\u00eda | CEO CDRE Consultora de regeneraci\u00f3n empresarial Comunicaci\u00f3n Digital y Redes Sociales. Conectamos tu marca con tus objetivos [&hellip;]<\/p>\n","protected":false},"author":1,"featured_media":0,"parent":0,"menu_order":0,"comment_status":"closed","ping_status":"closed","template":"","meta":{"footnotes":""},"class_list":["post-3370","page","type-page","status-publish","hentry"],"_links":{"self":[{"href":"https:\/\/lezamaasesores.com\/cdre25\/wp-json\/wp\/v2\/pages\/3370","targetHints":{"allow":["GET"]}}],"collection":[{"href":"https:\/\/lezamaasesores.com\/cdre25\/wp-json\/wp\/v2\/pages"}],"about":[{"href":"https:\/\/lezamaasesores.com\/cdre25\/wp-json\/wp\/v2\/types\/page"}],"author":[{"embeddable":true,"href":"https:\/\/lezamaasesores.com\/cdre25\/wp-json\/wp\/v2\/users\/1"}],"replies":[{"embeddable":true,"href":"https:\/\/lezamaasesores.com\/cdre25\/wp-json\/wp\/v2\/comments?post=3370"}],"version-history":[{"count":100,"href":"https:\/\/lezamaasesores.com\/cdre25\/wp-json\/wp\/v2\/pages\/3370\/revisions"}],"predecessor-version":[{"id":4161,"href":"https:\/\/lezamaasesores.com\/cdre25\/wp-json\/wp\/v2\/pages\/3370\/revisions\/4161"}],"wp:attachment":[{"href":"https:\/\/lezamaasesores.com\/cdre25\/wp-json\/wp\/v2\/media?parent=3370"}],"curies":[{"name":"wp","href":"https:\/\/api.w.org\/{rel}","templated":true}]}}