{"id":3362,"date":"2025-07-10T21:03:36","date_gmt":"2025-07-10T19:03:36","guid":{"rendered":"https:\/\/lezamaasesores.com\/cdre25\/?page_id=3362"},"modified":"2025-08-14T10:34:01","modified_gmt":"2025-08-14T08:34:01","slug":"estrategia-y-comunicacion","status":"publish","type":"page","link":"https:\/\/lezamaasesores.com\/cdre25\/estrategia-y-comunicacion\/","title":{"rendered":"Estrategia y comunicaci\u00f3n"},"content":{"rendered":"\t\t<div data-elementor-type=\"wp-page\" data-elementor-id=\"3362\" class=\"elementor elementor-3362\" data-elementor-post-type=\"page\">\n\t\t\t\t<div class=\"elementor-element elementor-element-3d3c1ba e-flex e-con-boxed e-con e-parent\" data-id=\"3d3c1ba\" data-element_type=\"container\" data-settings=\"{&quot;background_background&quot;:&quot;classic&quot;}\">\n\t\t\t\t\t<div class=\"e-con-inner\">\n\t\t<div class=\"elementor-element elementor-element-e612e78 e-con-full elementor-hidden-mobile e-flex e-con e-child\" data-id=\"e612e78\" data-element_type=\"container\">\n\t\t\t\t<\/div>\n\t\t<div class=\"elementor-element elementor-element-f4fe185 e-con-full e-flex e-con e-child\" data-id=\"f4fe185\" data-element_type=\"container\">\n\t\t\t\t<div class=\"elementor-element elementor-element-59df649 elementor-widget elementor-widget-text-editor\" data-id=\"59df649\" data-element_type=\"widget\" data-widget_type=\"text-editor.default\">\n\t\t\t\t<div class=\"elementor-widget-container\">\n\t\t\t\t\t\t\t\t\t<p>Una empresa tecnol\u00f3gica en pleno crecimiento sufr\u00eda caos operativo.<\/p><p><strong>Redise\u00f1amos su estructura organizativa, creamos un mapa de procesos y formamos a los responsables de \u00e1rea. <\/strong><\/p><p>En 6 meses, el equipo ganaba agilidad, el CEO pudo delegar y la productividad aument\u00f3 un 20%.<\/p>\t\t\t\t\t\t\t\t<\/div>\n\t\t\t\t<\/div>\n\t\t\t\t<div class=\"elementor-element elementor-element-cb7c4ec elementor-widget elementor-widget-text-editor\" data-id=\"cb7c4ec\" data-element_type=\"widget\" data-widget_type=\"text-editor.default\">\n\t\t\t\t<div class=\"elementor-widget-container\">\n\t\t\t\t\t\t\t\t\t<p>Juan Gaspar Garc\u00eda | <strong>CEO CDRE<\/strong><\/p>\t\t\t\t\t\t\t\t<\/div>\n\t\t\t\t<\/div>\n\t\t\t\t<\/div>\n\t\t\t\t\t<\/div>\n\t\t\t\t<\/div>\n\t\t<div class=\"elementor-element elementor-element-fa11f5b e-flex e-con-boxed e-con e-parent\" data-id=\"fa11f5b\" data-element_type=\"container\">\n\t\t\t\t\t<div class=\"e-con-inner\">\n\t\t\t\t<div class=\"elementor-element elementor-element-c851dac elementor-widget elementor-widget-text-editor\" data-id=\"c851dac\" data-element_type=\"widget\" data-widget_type=\"text-editor.default\">\n\t\t\t\t<div class=\"elementor-widget-container\">\n\t\t\t\t\t\t\t\t\t<p>Consultora de regeneraci\u00f3n empresarial<\/p>\t\t\t\t\t\t\t\t<\/div>\n\t\t\t\t<\/div>\n\t\t\t\t<div class=\"elementor-element elementor-element-a6f6e32 elementor-widget__width-initial elementor-widget elementor-widget-text-editor\" data-id=\"a6f6e32\" data-element_type=\"widget\" data-widget_type=\"text-editor.default\">\n\t\t\t\t<div class=\"elementor-widget-container\">\n\t\t\t\t\t\t\t\t\t<p>Estrategia y Organizaci\u00f3n.<\/p>\t\t\t\t\t\t\t\t<\/div>\n\t\t\t\t<\/div>\n\t\t\t\t<div class=\"elementor-element elementor-element-cd55274 elementor-widget__width-initial elementor-widget elementor-widget-text-editor\" data-id=\"cd55274\" data-element_type=\"widget\" data-widget_type=\"text-editor.default\">\n\t\t\t\t<div class=\"elementor-widget-container\">\n\t\t\t\t\t\t\t\t\t<p>Te ayudamos a crecer sin perder el control. Reestructuramos tu empresa desde dentro: organizaci\u00f3n, personas, procesos y relaciones internas para que todo fluya con sentido.<\/p>\t\t\t\t\t\t\t\t<\/div>\n\t\t\t\t<\/div>\n\t\t\t\t\t<\/div>\n\t\t\t\t<\/div>\n\t\t<div class=\"elementor-element elementor-element-9d7c912 e-con-full e-flex e-con e-parent\" data-id=\"9d7c912\" data-element_type=\"container\">\n\t\t<div class=\"elementor-element elementor-element-d5df795 e-flex e-con-boxed e-con e-child\" data-id=\"d5df795\" data-element_type=\"container\" data-settings=\"{&quot;background_background&quot;:&quot;classic&quot;,&quot;motion_fx_motion_fx_scrolling&quot;:&quot;yes&quot;,&quot;motion_fx_translateX_effect&quot;:&quot;yes&quot;,&quot;motion_fx_translateX_direction&quot;:&quot;negative&quot;,&quot;motion_fx_translateX_speed&quot;:{&quot;unit&quot;:&quot;px&quot;,&quot;size&quot;:2.600000000000000088817841970012523233890533447265625,&quot;sizes&quot;:[]},&quot;motion_fx_translateX_affectedRange&quot;:{&quot;unit&quot;:&quot;%&quot;,&quot;size&quot;:&quot;&quot;,&quot;sizes&quot;:{&quot;start&quot;:0,&quot;end&quot;:63}},&quot;motion_fx_devices&quot;:[&quot;desktop&quot;,&quot;tablet&quot;,&quot;mobile&quot;]}\">\n\t\t\t\t\t<div class=\"e-con-inner\">\n\t\t<div class=\"elementor-element elementor-element-602ac05 e-con-full e-flex e-con e-child\" data-id=\"602ac05\" data-element_type=\"container\">\n\t\t\t\t<div class=\"elementor-element elementor-element-d234d0c elementor-widget elementor-widget-text-editor\" data-id=\"d234d0c\" data-element_type=\"widget\" data-settings=\"{&quot;motion_fx_motion_fx_scrolling&quot;:&quot;yes&quot;,&quot;motion_fx_translateX_effect&quot;:&quot;yes&quot;,&quot;motion_fx_translateX_affectedRange&quot;:{&quot;unit&quot;:&quot;%&quot;,&quot;size&quot;:&quot;&quot;,&quot;sizes&quot;:{&quot;start&quot;:0,&quot;end&quot;:53}},&quot;motion_fx_translateX_speed&quot;:{&quot;unit&quot;:&quot;px&quot;,&quot;size&quot;:4,&quot;sizes&quot;:[]},&quot;motion_fx_devices&quot;:[&quot;desktop&quot;,&quot;tablet&quot;,&quot;mobile&quot;]}\" data-widget_type=\"text-editor.default\">\n\t\t\t\t<div class=\"elementor-widget-container\">\n\t\t\t\t\t\t\t\t\t<p>No se puede crecer<\/p><p>sin orden.<\/p>\t\t\t\t\t\t\t\t<\/div>\n\t\t\t\t<\/div>\n\t\t\t\t<div class=\"elementor-element elementor-element-7b47c59 elementor-widget elementor-widget-text-editor\" data-id=\"7b47c59\" data-element_type=\"widget\" data-widget_type=\"text-editor.default\">\n\t\t\t\t<div class=\"elementor-widget-container\">\n\t\t\t\t\t\t\t\t\t<p>Nosotros te ayudamos a crear la estructura, para que el crecimiento funcione.<\/p>\t\t\t\t\t\t\t\t<\/div>\n\t\t\t\t<\/div>\n\t\t\t\t<\/div>\n\t\t<div class=\"elementor-element elementor-element-cca938c e-con-full e-flex e-con e-child\" data-id=\"cca938c\" data-element_type=\"container\">\n\t\t\t\t<\/div>\n\t\t\t\t\t<\/div>\n\t\t\t\t<\/div>\n\t\t<div class=\"elementor-element elementor-element-5908d3d e-flex e-con-boxed e-con e-child\" data-id=\"5908d3d\" data-element_type=\"container\">\n\t\t\t\t\t<div class=\"e-con-inner\">\n\t\t\t\t<div class=\"elementor-element elementor-element-65f3c3e elementor-widget__width-initial elementor-widget elementor-widget-text-editor\" data-id=\"65f3c3e\" data-element_type=\"widget\" data-widget_type=\"text-editor.default\">\n\t\t\t\t<div class=\"elementor-widget-container\">\n\t\t\t\t\t\t\t\t\t<p>\u00bfQue aportamos?<\/p>\t\t\t\t\t\t\t\t<\/div>\n\t\t\t\t<\/div>\n\t\t\t\t\t<\/div>\n\t\t\t\t<\/div>\n\t\t\t\t<\/div>\n\t\t<div class=\"elementor-element elementor-element-e38d75b e-flex e-con-boxed e-con e-parent\" data-id=\"e38d75b\" data-element_type=\"container\">\n\t\t\t\t\t<div class=\"e-con-inner\">\n\t\t<div class=\"elementor-element elementor-element-bbd9af7 e-con-full e-flex e-con e-child\" data-id=\"bbd9af7\" data-element_type=\"container\">\n\t\t<div class=\"elementor-element elementor-element-48a7b62 e-con-full e-flex e-con e-child\" data-id=\"48a7b62\" data-element_type=\"container\">\n\t\t<div class=\"elementor-element elementor-element-efe8503 e-con-full e-flex e-con e-child\" data-id=\"efe8503\" data-element_type=\"container\">\n\t\t<div class=\"elementor-element elementor-element-ec746e9 e-con-full e-flex e-con e-child\" data-id=\"ec746e9\" data-element_type=\"container\">\n\t\t\t\t<div class=\"elementor-element elementor-element-e37a0fc elementor-widget elementor-widget-image\" data-id=\"e37a0fc\" data-element_type=\"widget\" data-widget_type=\"image.default\">\n\t\t\t\t<div class=\"elementor-widget-container\">\n\t\t\t\t\t\t\t\t\t\t\t\t\t\t\t<img fetchpriority=\"high\" decoding=\"async\" width=\"512\" height=\"512\" src=\"https:\/\/lezamaasesores.com\/cdre25\/wp-content\/uploads\/2025\/07\/trabajadores-por-cuenta-propia.svg\" class=\"attachment-full size-full wp-image-3765\" alt=\"\" \/>\t\t\t\t\t\t\t\t\t\t\t\t\t\t\t<\/div>\n\t\t\t\t<\/div>\n\t\t\t\t<\/div>\n\t\t<div class=\"elementor-element elementor-element-4979f68 e-con-full e-flex e-con e-child\" data-id=\"4979f68\" data-element_type=\"container\">\n\t\t\t\t<div class=\"elementor-element elementor-element-476ca5d elementor-widget elementor-widget-text-editor\" data-id=\"476ca5d\" data-element_type=\"widget\" data-widget_type=\"text-editor.default\">\n\t\t\t\t<div class=\"elementor-widget-container\">\n\t\t\t\t\t\t\t\t\t<p>Revisi\u00f3n de procesos internos<\/p>\t\t\t\t\t\t\t\t<\/div>\n\t\t\t\t<\/div>\n\t\t\t\t<div class=\"elementor-element elementor-element-2d790a4 elementor-widget elementor-widget-text-editor\" data-id=\"2d790a4\" data-element_type=\"widget\" data-widget_type=\"text-editor.default\">\n\t\t\t\t<div class=\"elementor-widget-container\">\n\t\t\t\t\t\t\t\t\t<p>Detectamos cuellos de botella y mejoramos como se trabaja el d\u00eda a d\u00eda.<\/p>\t\t\t\t\t\t\t\t<\/div>\n\t\t\t\t<\/div>\n\t\t\t\t<\/div>\n\t\t\t\t<\/div>\n\t\t<div class=\"elementor-element elementor-element-f5f04b3 e-con-full e-flex e-con e-child\" data-id=\"f5f04b3\" data-element_type=\"container\">\n\t\t<div class=\"elementor-element elementor-element-20dbabf e-con-full e-flex e-con e-child\" data-id=\"20dbabf\" data-element_type=\"container\">\n\t\t\t\t<div class=\"elementor-element elementor-element-b9c3bcd elementor-widget elementor-widget-image\" data-id=\"b9c3bcd\" data-element_type=\"widget\" data-widget_type=\"image.default\">\n\t\t\t\t<div class=\"elementor-widget-container\">\n\t\t\t\t\t\t\t\t\t\t\t\t\t\t\t<img decoding=\"async\" width=\"512\" height=\"512\" src=\"https:\/\/lezamaasesores.com\/cdre25\/wp-content\/uploads\/2025\/07\/gestion.svg\" class=\"attachment-full size-full wp-image-3783\" alt=\"\" \/>\t\t\t\t\t\t\t\t\t\t\t\t\t\t\t<\/div>\n\t\t\t\t<\/div>\n\t\t\t\t<\/div>\n\t\t<div class=\"elementor-element elementor-element-c990fea e-con-full e-flex e-con e-child\" data-id=\"c990fea\" data-element_type=\"container\">\n\t\t\t\t<div class=\"elementor-element elementor-element-18716ed elementor-widget elementor-widget-text-editor\" data-id=\"18716ed\" data-element_type=\"widget\" data-widget_type=\"text-editor.default\">\n\t\t\t\t<div class=\"elementor-widget-container\">\n\t\t\t\t\t\t\t\t\t<p>Redise\u00f1o de estructura organizativa<\/p>\t\t\t\t\t\t\t\t<\/div>\n\t\t\t\t<\/div>\n\t\t\t\t<div class=\"elementor-element elementor-element-4522c52 elementor-widget elementor-widget-text-editor\" data-id=\"4522c52\" data-element_type=\"widget\" data-widget_type=\"text-editor.default\">\n\t\t\t\t<div class=\"elementor-widget-container\">\n\t\t\t\t\t\t\t\t\t<p>Clarificamos funciones, responsabilidades y jerarqu\u00edas.<\/p>\t\t\t\t\t\t\t\t<\/div>\n\t\t\t\t<\/div>\n\t\t\t\t<\/div>\n\t\t\t\t<\/div>\n\t\t<div class=\"elementor-element elementor-element-08d024a e-con-full e-flex e-con e-child\" data-id=\"08d024a\" data-element_type=\"container\">\n\t\t<div class=\"elementor-element elementor-element-a34641d e-con-full e-flex e-con e-child\" data-id=\"a34641d\" data-element_type=\"container\">\n\t\t\t\t<div class=\"elementor-element elementor-element-ef19ba8 elementor-widget elementor-widget-image\" data-id=\"ef19ba8\" data-element_type=\"widget\" data-widget_type=\"image.default\">\n\t\t\t\t<div class=\"elementor-widget-container\">\n\t\t\t\t\t\t\t\t\t\t\t\t\t\t\t<img decoding=\"async\" width=\"512\" height=\"512\" src=\"https:\/\/lezamaasesores.com\/cdre25\/wp-content\/uploads\/2025\/07\/grafico-dfe-negocios.svg\" class=\"attachment-full size-full wp-image-3751\" alt=\"\" \/>\t\t\t\t\t\t\t\t\t\t\t\t\t\t\t<\/div>\n\t\t\t\t<\/div>\n\t\t\t\t<\/div>\n\t\t<div class=\"elementor-element elementor-element-133836b e-con-full e-flex e-con e-child\" data-id=\"133836b\" data-element_type=\"container\">\n\t\t\t\t<div class=\"elementor-element elementor-element-0bd1dde elementor-widget elementor-widget-text-editor\" data-id=\"0bd1dde\" data-element_type=\"widget\" data-widget_type=\"text-editor.default\">\n\t\t\t\t<div class=\"elementor-widget-container\">\n\t\t\t\t\t\t\t\t\t<p>Simplificaci\u00f3n societaria<\/p>\t\t\t\t\t\t\t\t<\/div>\n\t\t\t\t<\/div>\n\t\t\t\t<div class=\"elementor-element elementor-element-a9c5116 elementor-widget elementor-widget-text-editor\" data-id=\"a9c5116\" data-element_type=\"widget\" data-widget_type=\"text-editor.default\">\n\t\t\t\t<div class=\"elementor-widget-container\">\n\t\t\t\t\t\t\t\t\t<p>Te ayudamos a tener una estructura clara, legalmente m\u00e1s eficiente y con menos costes.<\/p>\t\t\t\t\t\t\t\t<\/div>\n\t\t\t\t<\/div>\n\t\t\t\t<\/div>\n\t\t\t\t<\/div>\n\t\t\t\t<\/div>\n\t\t<div class=\"elementor-element elementor-element-168d0d6 e-con-full e-flex e-con e-child\" data-id=\"168d0d6\" data-element_type=\"container\">\n\t\t<div class=\"elementor-element elementor-element-a1466e3 e-con-full e-flex e-con e-child\" data-id=\"a1466e3\" data-element_type=\"container\">\n\t\t<div class=\"elementor-element elementor-element-ad0eae3 e-con-full e-flex e-con e-child\" data-id=\"ad0eae3\" data-element_type=\"container\">\n\t\t\t\t<div class=\"elementor-element elementor-element-a77ea95 elementor-widget elementor-widget-image\" data-id=\"a77ea95\" data-element_type=\"widget\" data-widget_type=\"image.default\">\n\t\t\t\t<div class=\"elementor-widget-container\">\n\t\t\t\t\t\t\t\t\t\t\t\t\t\t\t<img loading=\"lazy\" decoding=\"async\" width=\"512\" height=\"512\" src=\"https:\/\/lezamaasesores.com\/cdre25\/wp-content\/uploads\/2025\/07\/plaxn-de-negocios.svg\" class=\"attachment-full size-full wp-image-3758\" alt=\"\" \/>\t\t\t\t\t\t\t\t\t\t\t\t\t\t\t<\/div>\n\t\t\t\t<\/div>\n\t\t\t\t<\/div>\n\t\t<div class=\"elementor-element elementor-element-1fff322 e-con-full e-flex e-con e-child\" data-id=\"1fff322\" data-element_type=\"container\">\n\t\t\t\t<div class=\"elementor-element elementor-element-ce24b0e elementor-widget elementor-widget-text-editor\" data-id=\"ce24b0e\" data-element_type=\"widget\" data-widget_type=\"text-editor.default\">\n\t\t\t\t<div class=\"elementor-widget-container\">\n\t\t\t\t\t\t\t\t\t<p>Organizaci\u00f3n de relaciones intercompany<\/p>\t\t\t\t\t\t\t\t<\/div>\n\t\t\t\t<\/div>\n\t\t\t\t<div class=\"elementor-element elementor-element-110f7d8 elementor-widget elementor-widget-text-editor\" data-id=\"110f7d8\" data-element_type=\"widget\" data-widget_type=\"text-editor.default\">\n\t\t\t\t<div class=\"elementor-widget-container\">\n\t\t\t\t\t\t\t\t\t<p>Evitamos duplicidades o conflictos entre empresas del mismo grupo<\/p>\t\t\t\t\t\t\t\t<\/div>\n\t\t\t\t<\/div>\n\t\t\t\t<\/div>\n\t\t\t\t<\/div>\n\t\t<div class=\"elementor-element elementor-element-f0f7525 e-con-full e-flex e-con e-child\" data-id=\"f0f7525\" data-element_type=\"container\">\n\t\t<div class=\"elementor-element elementor-element-16f495e e-con-full e-flex e-con e-child\" data-id=\"16f495e\" data-element_type=\"container\">\n\t\t\t\t<div class=\"elementor-element elementor-element-7389312 elementor-widget elementor-widget-image\" data-id=\"7389312\" data-element_type=\"widget\" data-widget_type=\"image.default\">\n\t\t\t\t<div class=\"elementor-widget-container\">\n\t\t\t\t\t\t\t\t\t\t\t\t\t\t\t<img loading=\"lazy\" decoding=\"async\" width=\"512\" height=\"512\" src=\"https:\/\/lezamaasesores.com\/cdre25\/wp-content\/uploads\/2025\/07\/puesta-en-marcha.svg\" class=\"attachment-full size-full wp-image-3784\" alt=\"\" \/>\t\t\t\t\t\t\t\t\t\t\t\t\t\t\t<\/div>\n\t\t\t\t<\/div>\n\t\t\t\t<\/div>\n\t\t<div class=\"elementor-element elementor-element-1786a6e e-con-full e-flex e-con e-child\" data-id=\"1786a6e\" data-element_type=\"container\">\n\t\t\t\t<div class=\"elementor-element elementor-element-f83cb73 elementor-widget elementor-widget-text-editor\" data-id=\"f83cb73\" data-element_type=\"widget\" data-widget_type=\"text-editor.default\">\n\t\t\t\t<div class=\"elementor-widget-container\">\n\t\t\t\t\t\t\t\t\t<p>Apoyo en Internacionalizaci\u00f3n<\/p>\t\t\t\t\t\t\t\t<\/div>\n\t\t\t\t<\/div>\n\t\t\t\t<div class=\"elementor-element elementor-element-6dd61d0 elementor-widget elementor-widget-text-editor\" data-id=\"6dd61d0\" data-element_type=\"widget\" data-widget_type=\"text-editor.default\">\n\t\t\t\t<div class=\"elementor-widget-container\">\n\t\t\t\t\t\t\t\t\t<p>Te preparamos para dar el salto al exterior de forma realista<\/p>\t\t\t\t\t\t\t\t<\/div>\n\t\t\t\t<\/div>\n\t\t\t\t<\/div>\n\t\t\t\t<\/div>\n\t\t<div class=\"elementor-element elementor-element-9cfc3e1 e-con-full e-flex e-con e-child\" data-id=\"9cfc3e1\" data-element_type=\"container\">\n\t\t<div class=\"elementor-element elementor-element-a3f890a e-con-full e-flex e-con e-child\" data-id=\"a3f890a\" data-element_type=\"container\">\n\t\t\t\t<div class=\"elementor-element elementor-element-fef3f18 elementor-widget elementor-widget-image\" data-id=\"fef3f18\" data-element_type=\"widget\" data-widget_type=\"image.default\">\n\t\t\t\t<div class=\"elementor-widget-container\">\n\t\t\t\t\t\t\t\t\t\t\t\t\t\t\t<img loading=\"lazy\" decoding=\"async\" width=\"512\" height=\"512\" src=\"https:\/\/lezamaasesores.com\/cdre25\/wp-content\/uploads\/2025\/07\/carta-de-negocios.svg\" class=\"attachment-full size-full wp-image-3762\" alt=\"\" \/>\t\t\t\t\t\t\t\t\t\t\t\t\t\t\t<\/div>\n\t\t\t\t<\/div>\n\t\t\t\t<\/div>\n\t\t<div class=\"elementor-element elementor-element-ced81d2 e-con-full e-flex e-con e-child\" data-id=\"ced81d2\" data-element_type=\"container\">\n\t\t\t\t<div class=\"elementor-element elementor-element-f144858 elementor-widget elementor-widget-text-editor\" data-id=\"f144858\" data-element_type=\"widget\" data-widget_type=\"text-editor.default\">\n\t\t\t\t<div class=\"elementor-widget-container\">\n\t\t\t\t\t\t\t\t\t<p>Planes de expansi\u00f3n y crecimiento<\/p>\t\t\t\t\t\t\t\t<\/div>\n\t\t\t\t<\/div>\n\t\t\t\t<div class=\"elementor-element elementor-element-fccba18 elementor-widget elementor-widget-text-editor\" data-id=\"fccba18\" data-element_type=\"widget\" data-widget_type=\"text-editor.default\">\n\t\t\t\t<div class=\"elementor-widget-container\">\n\t\t\t\t\t\t\t\t\t<p>Dise\u00f1amos contigo un crecimiento viable, sostenible y rentable<\/p>\t\t\t\t\t\t\t\t<\/div>\n\t\t\t\t<\/div>\n\t\t\t\t<\/div>\n\t\t\t\t<\/div>\n\t\t\t\t<\/div>\n\t\t\t\t<\/div>\n\t\t\t\t\t<\/div>\n\t\t\t\t<\/div>\n\t\t<div class=\"elementor-element elementor-element-a513eee e-flex e-con-boxed e-con e-parent\" data-id=\"a513eee\" data-element_type=\"container\" data-settings=\"{&quot;background_background&quot;:&quot;classic&quot;}\">\n\t\t\t\t\t<div class=\"e-con-inner\">\n\t\t<div class=\"elementor-element elementor-element-18bbb93 e-con-full e-flex e-con e-child\" data-id=\"18bbb93\" data-element_type=\"container\">\n\t\t<div class=\"elementor-element elementor-element-ad552e2 e-con-full e-flex e-con e-child\" data-id=\"ad552e2\" data-element_type=\"container\">\n\t\t\t\t<div class=\"elementor-element elementor-element-fa87ac9 elementor-widget elementor-widget-image\" data-id=\"fa87ac9\" data-element_type=\"widget\" data-widget_type=\"image.default\">\n\t\t\t\t<div class=\"elementor-widget-container\">\n\t\t\t\t\t\t\t\t\t\t\t\t\t\t\t<img loading=\"lazy\" decoding=\"async\" width=\"400\" height=\"606\" src=\"https:\/\/lezamaasesores.com\/cdre25\/wp-content\/uploads\/2025\/07\/xaa.png\" class=\"attachment-full size-full wp-image-3643\" alt=\"\" srcset=\"https:\/\/lezamaasesores.com\/cdre25\/wp-content\/uploads\/2025\/07\/xaa.png 400w, https:\/\/lezamaasesores.com\/cdre25\/wp-content\/uploads\/2025\/07\/xaa-198x300.png 198w\" sizes=\"(max-width: 400px) 100vw, 400px\" \/>\t\t\t\t\t\t\t\t\t\t\t\t\t\t\t<\/div>\n\t\t\t\t<\/div>\n\t\t\t\t<\/div>\n\t\t<div class=\"elementor-element elementor-element-09df80b e-con-full e-flex e-con e-child\" data-id=\"09df80b\" data-element_type=\"container\">\n\t\t\t\t<div class=\"elementor-element elementor-element-ef720e3 elementor-widget-mobile__width-inherit elementor-widget elementor-widget-text-editor\" data-id=\"ef720e3\" data-element_type=\"widget\" data-widget_type=\"text-editor.default\">\n\t\t\t\t<div class=\"elementor-widget-container\">\n\t\t\t\t\t\t\t\t\t<p>No somos un gran firma de consultor\u00eda.<\/p>\t\t\t\t\t\t\t\t<\/div>\n\t\t\t\t<\/div>\n\t\t\t\t<div class=\"elementor-element elementor-element-ec0ff41 elementor-widget elementor-widget-text-editor\" data-id=\"ec0ff41\" data-element_type=\"widget\" data-widget_type=\"text-editor.default\">\n\t\t\t\t<div class=\"elementor-widget-container\">\n\t\t\t\t\t\t\t\t\t<p>Somos personas que se implican<\/p>\t\t\t\t\t\t\t\t<\/div>\n\t\t\t\t<\/div>\n\t\t\t\t<div class=\"elementor-element elementor-element-affbbd5 elementor-widget elementor-widget-text-editor\" data-id=\"affbbd5\" data-element_type=\"widget\" data-widget_type=\"text-editor.default\">\n\t\t\t\t<div class=\"elementor-widget-container\">\n\t\t\t\t\t\t\t\t\t<p>CDRE nace con una idea clara: <strong>la cercan\u00eda marca la diferencia.<\/strong><\/p><p>Trabajamos desde dentro de tu empresa, codo con codo contigo, como parte de tu equipo.<\/p><p><strong>Adaptamos cada servicio a tus recursos, tus objetivos y tu momento.<\/strong><\/p><p>Nuestro trabajo tiene un proposito: mejorar tu empresa de forma real.<\/p>\t\t\t\t\t\t\t\t<\/div>\n\t\t\t\t<\/div>\n\t\t\t\t<\/div>\n\t\t\t\t<\/div>\n\t\t\t\t\t<\/div>\n\t\t\t\t<\/div>\n\t\t<div class=\"elementor-element elementor-element-2bcd64d e-con-full e-flex e-con e-parent\" data-id=\"2bcd64d\" data-element_type=\"container\">\n\t\t<div class=\"elementor-element elementor-element-dffed43 e-flex e-con-boxed e-con e-child\" data-id=\"dffed43\" data-element_type=\"container\" data-settings=\"{&quot;background_background&quot;:&quot;classic&quot;}\">\n\t\t\t\t\t<div class=\"e-con-inner\">\n\t\t<div class=\"elementor-element elementor-element-b1c0888 e-con-full e-flex e-con e-child\" data-id=\"b1c0888\" data-element_type=\"container\">\n\t\t\t\t<div class=\"elementor-element elementor-element-3148beb elementor-widget elementor-widget-text-editor\" data-id=\"3148beb\" data-element_type=\"widget\" data-settings=\"{&quot;motion_fx_motion_fx_scrolling&quot;:&quot;yes&quot;,&quot;motion_fx_translateX_effect&quot;:&quot;yes&quot;,&quot;motion_fx_translateX_affectedRange&quot;:{&quot;unit&quot;:&quot;%&quot;,&quot;size&quot;:&quot;&quot;,&quot;sizes&quot;:{&quot;start&quot;:0,&quot;end&quot;:53}},&quot;motion_fx_translateX_speed&quot;:{&quot;unit&quot;:&quot;px&quot;,&quot;size&quot;:4,&quot;sizes&quot;:[]},&quot;motion_fx_devices&quot;:[&quot;desktop&quot;,&quot;tablet&quot;,&quot;mobile&quot;]}\" data-widget_type=\"text-editor.default\">\n\t\t\t\t<div class=\"elementor-widget-container\">\n\t\t\t\t\t\t\t\t\t<p>En CDRE estamos aqu\u00ed<\/p><p>para ayudarte,<\/p><p>sin rodeos<\/p><p>ni complicaciones.<\/p>\t\t\t\t\t\t\t\t<\/div>\n\t\t\t\t<\/div>\n\t\t\t\t<div class=\"elementor-element elementor-element-4278e98 elementor-widget elementor-widget-text-editor\" data-id=\"4278e98\" data-element_type=\"widget\" data-widget_type=\"text-editor.default\">\n\t\t\t\t<div class=\"elementor-widget-container\">\n\t\t\t\t\t\t\t\t\t<p>Si tienes una duda, un proyecto que no sabes c\u00f3mo arrancar, o simplemente quieres saber si podemos aportar valor a tu empresa, cont\u00e1ctanos.<\/p>\t\t\t\t\t\t\t\t<\/div>\n\t\t\t\t<\/div>\n\t\t\t\t<div class=\"elementor-element elementor-element-a35055a elementor-align-center elementor-widget elementor-widget-elementskit-button\" data-id=\"a35055a\" data-element_type=\"widget\" data-widget_type=\"elementskit-button.default\">\n\t\t\t\t<div class=\"elementor-widget-container\">\n\t\t\t\t\t<div class=\"ekit-wid-con\" >\t\t<div class=\"ekit-btn-wraper\">\n\t\t\t\t\t\t\t<a href=\"https:\/\/lezamaasesores.com\/cdre25\/contacto\/\" class=\"elementskit-btn  whitespace--normal\" id=\"\">\n\t\t\t\t\tContactar\t\t\t\t<\/a>\n\t\t\t\t\t<\/div>\n        <\/div>\t\t\t\t<\/div>\n\t\t\t\t<\/div>\n\t\t\t\t<\/div>\n\t\t<div class=\"elementor-element elementor-element-b07c04a e-con-full elementor-hidden-mobile e-flex e-con e-child\" data-id=\"b07c04a\" data-element_type=\"container\">\n\t\t\t\t<\/div>\n\t\t\t\t\t<\/div>\n\t\t\t\t<\/div>\n\t\t\t\t<\/div>\n\t\t\t\t<\/div>\n\t\t","protected":false},"excerpt":{"rendered":"<p>Una empresa tecnol\u00f3gica en pleno crecimiento sufr\u00eda caos operativo. Redise\u00f1amos su estructura organizativa, creamos un mapa de procesos y formamos a los responsables de \u00e1rea. En 6 meses, el equipo ganaba agilidad, el CEO pudo delegar y la productividad aument\u00f3 un 20%. Juan Gaspar Garc\u00eda | CEO CDRE Consultora de regeneraci\u00f3n empresarial Estrategia y Organizaci\u00f3n. [&hellip;]<\/p>\n","protected":false},"author":1,"featured_media":0,"parent":0,"menu_order":0,"comment_status":"closed","ping_status":"closed","template":"","meta":{"footnotes":""},"class_list":["post-3362","page","type-page","status-publish","hentry"],"_links":{"self":[{"href":"https:\/\/lezamaasesores.com\/cdre25\/wp-json\/wp\/v2\/pages\/3362","targetHints":{"allow":["GET"]}}],"collection":[{"href":"https:\/\/lezamaasesores.com\/cdre25\/wp-json\/wp\/v2\/pages"}],"about":[{"href":"https:\/\/lezamaasesores.com\/cdre25\/wp-json\/wp\/v2\/types\/page"}],"author":[{"embeddable":true,"href":"https:\/\/lezamaasesores.com\/cdre25\/wp-json\/wp\/v2\/users\/1"}],"replies":[{"embeddable":true,"href":"https:\/\/lezamaasesores.com\/cdre25\/wp-json\/wp\/v2\/comments?post=3362"}],"version-history":[{"count":52,"href":"https:\/\/lezamaasesores.com\/cdre25\/wp-json\/wp\/v2\/pages\/3362\/revisions"}],"predecessor-version":[{"id":4158,"href":"https:\/\/lezamaasesores.com\/cdre25\/wp-json\/wp\/v2\/pages\/3362\/revisions\/4158"}],"wp:attachment":[{"href":"https:\/\/lezamaasesores.com\/cdre25\/wp-json\/wp\/v2\/media?parent=3362"}],"curies":[{"name":"wp","href":"https:\/\/api.w.org\/{rel}","templated":true}]}}