{"id":3352,"date":"2025-07-10T20:53:03","date_gmt":"2025-07-10T18:53:03","guid":{"rendered":"https:\/\/lezamaasesores.com\/cdre25\/?page_id=3352"},"modified":"2025-08-14T10:30:53","modified_gmt":"2025-08-14T08:30:53","slug":"consultoria-especializada","status":"publish","type":"page","link":"https:\/\/lezamaasesores.com\/cdre25\/consultoria-especializada\/","title":{"rendered":"Consultor\u00eda especializada"},"content":{"rendered":"\t\t<div data-elementor-type=\"wp-page\" data-elementor-id=\"3352\" class=\"elementor elementor-3352\" data-elementor-post-type=\"page\">\n\t\t\t\t<div class=\"elementor-element elementor-element-6515634 e-flex e-con-boxed e-con e-parent\" data-id=\"6515634\" data-element_type=\"container\" data-settings=\"{&quot;background_background&quot;:&quot;classic&quot;}\">\n\t\t\t\t\t<div class=\"e-con-inner\">\n\t\t<div class=\"elementor-element elementor-element-2791ad7 e-con-full elementor-hidden-mobile e-flex e-con e-child\" data-id=\"2791ad7\" data-element_type=\"container\">\n\t\t\t\t<\/div>\n\t\t<div class=\"elementor-element elementor-element-b20fa9e e-con-full e-flex e-con e-child\" data-id=\"b20fa9e\" data-element_type=\"container\">\n\t\t\t\t<div class=\"elementor-element elementor-element-8d8e3e3 elementor-widget elementor-widget-text-editor\" data-id=\"8d8e3e3\" data-element_type=\"widget\" data-widget_type=\"text-editor.default\">\n\t\t\t\t<div class=\"elementor-widget-container\">\n\t\t\t\t\t\t\t\t\t<p>Un grupo de pymes con m\u00faltiples proveedores fiscales y legales sufr\u00eda problemas de coordinaci\u00f3n y retrasos.<\/p><p><strong>CDRE asumi\u00f3 la interlocuci\u00f3n \u00fanica, reorganiz\u00f3 los equipos externos y gestion\u00f3 los tiempos. <\/strong><\/p><p>Resultado: cumplimiento normativo garantizado y reducci\u00f3n del 25% en tiempos de respuesta.<\/p>\t\t\t\t\t\t\t\t<\/div>\n\t\t\t\t<\/div>\n\t\t\t\t<div class=\"elementor-element elementor-element-f836358 elementor-widget elementor-widget-text-editor\" data-id=\"f836358\" data-element_type=\"widget\" data-widget_type=\"text-editor.default\">\n\t\t\t\t<div class=\"elementor-widget-container\">\n\t\t\t\t\t\t\t\t\t<p>Juan Gaspar Garc\u00eda | <strong>CEO CDRE<\/strong><\/p>\t\t\t\t\t\t\t\t<\/div>\n\t\t\t\t<\/div>\n\t\t\t\t<\/div>\n\t\t\t\t\t<\/div>\n\t\t\t\t<\/div>\n\t\t<div class=\"elementor-element elementor-element-4c9c39a e-flex e-con-boxed e-con e-parent\" data-id=\"4c9c39a\" data-element_type=\"container\">\n\t\t\t\t\t<div class=\"e-con-inner\">\n\t\t\t\t<div class=\"elementor-element elementor-element-3106e14 elementor-widget elementor-widget-text-editor\" data-id=\"3106e14\" data-element_type=\"widget\" data-widget_type=\"text-editor.default\">\n\t\t\t\t<div class=\"elementor-widget-container\">\n\t\t\t\t\t\t\t\t\t<p>Consultora de regeneraci\u00f3n empresarial<\/p>\t\t\t\t\t\t\t\t<\/div>\n\t\t\t\t<\/div>\n\t\t\t\t<div class=\"elementor-element elementor-element-88079be elementor-widget__width-initial elementor-widget elementor-widget-text-editor\" data-id=\"88079be\" data-element_type=\"widget\" data-widget_type=\"text-editor.default\">\n\t\t\t\t<div class=\"elementor-widget-container\">\n\t\t\t\t\t\t\t\t\t<p>Consultor\u00eda Especializada.<\/p>\t\t\t\t\t\t\t\t<\/div>\n\t\t\t\t<\/div>\n\t\t\t\t<div class=\"elementor-element elementor-element-b63ac01 elementor-widget__width-initial elementor-widget elementor-widget-text-editor\" data-id=\"b63ac01\" data-element_type=\"widget\" data-widget_type=\"text-editor.default\">\n\t\t\t\t<div class=\"elementor-widget-container\">\n\t\t\t\t\t\t\t\t\t<p>Si necesitas servicios t\u00e9cnicos o especializados, los coordinamos desde CDRE. T\u00fa no tienes que buscar nada: nosotros seleccionamos, coordinamos y respondemos por todo.<\/p>\t\t\t\t\t\t\t\t<\/div>\n\t\t\t\t<\/div>\n\t\t\t\t\t<\/div>\n\t\t\t\t<\/div>\n\t\t<div class=\"elementor-element elementor-element-fdf7d6a e-con-full e-flex e-con e-parent\" data-id=\"fdf7d6a\" data-element_type=\"container\">\n\t\t<div class=\"elementor-element elementor-element-67ea393 e-flex e-con-boxed e-con e-child\" data-id=\"67ea393\" data-element_type=\"container\" data-settings=\"{&quot;background_background&quot;:&quot;classic&quot;,&quot;motion_fx_motion_fx_scrolling&quot;:&quot;yes&quot;,&quot;motion_fx_translateX_effect&quot;:&quot;yes&quot;,&quot;motion_fx_translateX_direction&quot;:&quot;negative&quot;,&quot;motion_fx_translateX_speed&quot;:{&quot;unit&quot;:&quot;px&quot;,&quot;size&quot;:2.600000000000000088817841970012523233890533447265625,&quot;sizes&quot;:[]},&quot;motion_fx_translateX_affectedRange&quot;:{&quot;unit&quot;:&quot;%&quot;,&quot;size&quot;:&quot;&quot;,&quot;sizes&quot;:{&quot;start&quot;:0,&quot;end&quot;:63}},&quot;motion_fx_devices&quot;:[&quot;desktop&quot;,&quot;tablet&quot;,&quot;mobile&quot;]}\">\n\t\t\t\t\t<div class=\"e-con-inner\">\n\t\t<div class=\"elementor-element elementor-element-00e5513 e-con-full e-flex e-con e-child\" data-id=\"00e5513\" data-element_type=\"container\">\n\t\t\t\t<div class=\"elementor-element elementor-element-dd12d57 elementor-widget elementor-widget-text-editor\" data-id=\"dd12d57\" data-element_type=\"widget\" data-settings=\"{&quot;motion_fx_motion_fx_scrolling&quot;:&quot;yes&quot;,&quot;motion_fx_translateX_effect&quot;:&quot;yes&quot;,&quot;motion_fx_translateX_affectedRange&quot;:{&quot;unit&quot;:&quot;%&quot;,&quot;size&quot;:&quot;&quot;,&quot;sizes&quot;:{&quot;start&quot;:0,&quot;end&quot;:53}},&quot;motion_fx_translateX_speed&quot;:{&quot;unit&quot;:&quot;px&quot;,&quot;size&quot;:4,&quot;sizes&quot;:[]},&quot;motion_fx_devices&quot;:[&quot;desktop&quot;,&quot;tablet&quot;,&quot;mobile&quot;]}\" data-widget_type=\"text-editor.default\">\n\t\t\t\t<div class=\"elementor-widget-container\">\n\t\t\t\t\t\t\t\t\t<p>No busques<\/p><p>m\u00e1s profesionales:<\/p><p>Ya trabajan con nosotros.<\/p>\t\t\t\t\t\t\t\t<\/div>\n\t\t\t\t<\/div>\n\t\t\t\t<div class=\"elementor-element elementor-element-c51eae3 elementor-widget elementor-widget-text-editor\" data-id=\"c51eae3\" data-element_type=\"widget\" data-widget_type=\"text-editor.default\">\n\t\t\t\t<div class=\"elementor-widget-container\">\n\t\t\t\t\t\t\t\t\t<p>Te damos soluciones completas, sin complicaciones.<\/p>\t\t\t\t\t\t\t\t<\/div>\n\t\t\t\t<\/div>\n\t\t\t\t<\/div>\n\t\t<div class=\"elementor-element elementor-element-35f9345 e-con-full e-flex e-con e-child\" data-id=\"35f9345\" data-element_type=\"container\">\n\t\t\t\t<\/div>\n\t\t\t\t\t<\/div>\n\t\t\t\t<\/div>\n\t\t<div class=\"elementor-element elementor-element-e300862 e-flex e-con-boxed e-con e-child\" data-id=\"e300862\" data-element_type=\"container\">\n\t\t\t\t\t<div class=\"e-con-inner\">\n\t\t\t\t<div class=\"elementor-element elementor-element-8f44cab elementor-widget__width-initial elementor-widget elementor-widget-text-editor\" data-id=\"8f44cab\" data-element_type=\"widget\" data-widget_type=\"text-editor.default\">\n\t\t\t\t<div class=\"elementor-widget-container\">\n\t\t\t\t\t\t\t\t\t<p>\u00bfQue aportamos?<\/p>\t\t\t\t\t\t\t\t<\/div>\n\t\t\t\t<\/div>\n\t\t\t\t\t<\/div>\n\t\t\t\t<\/div>\n\t\t\t\t<\/div>\n\t\t<div class=\"elementor-element elementor-element-ea87684 e-flex e-con-boxed e-con e-parent\" data-id=\"ea87684\" data-element_type=\"container\">\n\t\t\t\t\t<div class=\"e-con-inner\">\n\t\t<div class=\"elementor-element elementor-element-8b38f9f e-con-full e-flex e-con e-child\" data-id=\"8b38f9f\" data-element_type=\"container\">\n\t\t<div class=\"elementor-element elementor-element-92f72fe e-con-full e-flex e-con e-child\" data-id=\"92f72fe\" data-element_type=\"container\">\n\t\t<div class=\"elementor-element elementor-element-2d00846 e-con-full e-flex e-con e-child\" data-id=\"2d00846\" data-element_type=\"container\">\n\t\t<div class=\"elementor-element elementor-element-39fd6b0 e-con-full e-flex e-con e-child\" data-id=\"39fd6b0\" data-element_type=\"container\">\n\t\t\t\t<div class=\"elementor-element elementor-element-6cc84cf elementor-widget elementor-widget-image\" data-id=\"6cc84cf\" data-element_type=\"widget\" data-widget_type=\"image.default\">\n\t\t\t\t<div class=\"elementor-widget-container\">\n\t\t\t\t\t\t\t\t\t\t\t\t\t\t\t<img fetchpriority=\"high\" decoding=\"async\" width=\"512\" height=\"512\" src=\"https:\/\/lezamaasesores.com\/cdre25\/wp-content\/uploads\/2025\/07\/neggocio.svg\" class=\"attachment-full size-full wp-image-3766\" alt=\"\" \/>\t\t\t\t\t\t\t\t\t\t\t\t\t\t\t<\/div>\n\t\t\t\t<\/div>\n\t\t\t\t<\/div>\n\t\t<div class=\"elementor-element elementor-element-d6e82d0 e-con-full e-flex e-con e-child\" data-id=\"d6e82d0\" data-element_type=\"container\">\n\t\t\t\t<div class=\"elementor-element elementor-element-8241c47 elementor-widget elementor-widget-text-editor\" data-id=\"8241c47\" data-element_type=\"widget\" data-widget_type=\"text-editor.default\">\n\t\t\t\t<div class=\"elementor-widget-container\">\n\t\t\t\t\t\t\t\t\t<p>Externalizaci\u00f3n de tareas especializadas<\/p>\t\t\t\t\t\t\t\t<\/div>\n\t\t\t\t<\/div>\n\t\t\t\t<div class=\"elementor-element elementor-element-7619cb4 elementor-widget elementor-widget-text-editor\" data-id=\"7619cb4\" data-element_type=\"widget\" data-widget_type=\"text-editor.default\">\n\t\t\t\t<div class=\"elementor-widget-container\">\n\t\t\t\t\t\t\t\t\t<p>Desde laboral hasta fiscal o t\u00e9cnico. T\u00fa decides que necesitas; nosotros lo ejecutamos.<\/p>\t\t\t\t\t\t\t\t<\/div>\n\t\t\t\t<\/div>\n\t\t\t\t<\/div>\n\t\t\t\t<\/div>\n\t\t<div class=\"elementor-element elementor-element-0eac10a e-con-full e-flex e-con e-child\" data-id=\"0eac10a\" data-element_type=\"container\">\n\t\t<div class=\"elementor-element elementor-element-9c2979c e-con-full e-flex e-con e-child\" data-id=\"9c2979c\" data-element_type=\"container\">\n\t\t\t\t<div class=\"elementor-element elementor-element-3c9e5d5 elementor-widget elementor-widget-image\" data-id=\"3c9e5d5\" data-element_type=\"widget\" data-widget_type=\"image.default\">\n\t\t\t\t<div class=\"elementor-widget-container\">\n\t\t\t\t\t\t\t\t\t\t\t\t\t\t\t<img decoding=\"async\" width=\"512\" height=\"512\" src=\"https:\/\/lezamaasesores.com\/cdre25\/wp-content\/uploads\/2025\/07\/reunion.svg\" class=\"attachment-full size-full wp-image-3786\" alt=\"\" \/>\t\t\t\t\t\t\t\t\t\t\t\t\t\t\t<\/div>\n\t\t\t\t<\/div>\n\t\t\t\t<\/div>\n\t\t<div class=\"elementor-element elementor-element-b078ac2 e-con-full e-flex e-con e-child\" data-id=\"b078ac2\" data-element_type=\"container\">\n\t\t\t\t<div class=\"elementor-element elementor-element-58ae8fa elementor-widget elementor-widget-text-editor\" data-id=\"58ae8fa\" data-element_type=\"widget\" data-widget_type=\"text-editor.default\">\n\t\t\t\t<div class=\"elementor-widget-container\">\n\t\t\t\t\t\t\t\t\t<p>Coordinaci\u00f3n de despachos o t\u00e9cnicos externos<\/p>\t\t\t\t\t\t\t\t<\/div>\n\t\t\t\t<\/div>\n\t\t\t\t<div class=\"elementor-element elementor-element-5c931b6 elementor-widget elementor-widget-text-editor\" data-id=\"5c931b6\" data-element_type=\"widget\" data-widget_type=\"text-editor.default\">\n\t\t\t\t<div class=\"elementor-widget-container\">\n\t\t\t\t\t\t\t\t\t<p>Seleccionamos a los mejores profesionales y los gestionamos por ti.<\/p>\t\t\t\t\t\t\t\t<\/div>\n\t\t\t\t<\/div>\n\t\t\t\t<\/div>\n\t\t\t\t<\/div>\n\t\t\t\t<\/div>\n\t\t<div class=\"elementor-element elementor-element-350af54 e-con-full e-flex e-con e-child\" data-id=\"350af54\" data-element_type=\"container\">\n\t\t<div class=\"elementor-element elementor-element-5fc9ba7 e-con-full e-flex e-con e-child\" data-id=\"5fc9ba7\" data-element_type=\"container\">\n\t\t<div class=\"elementor-element elementor-element-beb469a e-con-full e-flex e-con e-child\" data-id=\"beb469a\" data-element_type=\"container\">\n\t\t\t\t<div class=\"elementor-element elementor-element-dc8d207 elementor-widget elementor-widget-image\" data-id=\"dc8d207\" data-element_type=\"widget\" data-widget_type=\"image.default\">\n\t\t\t\t<div class=\"elementor-widget-container\">\n\t\t\t\t\t\t\t\t\t\t\t\t\t\t\t<img decoding=\"async\" width=\"512\" height=\"512\" src=\"https:\/\/lezamaasesores.com\/cdre25\/wp-content\/uploads\/2025\/07\/reunion-de-negocios.svg\" class=\"attachment-full size-full wp-image-3767\" alt=\"\" \/>\t\t\t\t\t\t\t\t\t\t\t\t\t\t\t<\/div>\n\t\t\t\t<\/div>\n\t\t\t\t<\/div>\n\t\t<div class=\"elementor-element elementor-element-6126720 e-con-full e-flex e-con e-child\" data-id=\"6126720\" data-element_type=\"container\">\n\t\t\t\t<div class=\"elementor-element elementor-element-269c673 elementor-widget elementor-widget-text-editor\" data-id=\"269c673\" data-element_type=\"widget\" data-widget_type=\"text-editor.default\">\n\t\t\t\t<div class=\"elementor-widget-container\">\n\t\t\t\t\t\t\t\t\t<p>Interlocuci\u00f3n \u00fanica<\/p>\t\t\t\t\t\t\t\t<\/div>\n\t\t\t\t<\/div>\n\t\t\t\t<div class=\"elementor-element elementor-element-6757a24 elementor-widget elementor-widget-text-editor\" data-id=\"6757a24\" data-element_type=\"widget\" data-widget_type=\"text-editor.default\">\n\t\t\t\t<div class=\"elementor-widget-container\">\n\t\t\t\t\t\t\t\t\t<p>No te mareamos. Hablas con nosotros y delegamos todo lo dem\u00e1s.<\/p>\t\t\t\t\t\t\t\t<\/div>\n\t\t\t\t<\/div>\n\t\t\t\t<\/div>\n\t\t\t\t<\/div>\n\t\t<div class=\"elementor-element elementor-element-43e18c0 e-con-full e-flex e-con e-child\" data-id=\"43e18c0\" data-element_type=\"container\">\n\t\t<div class=\"elementor-element elementor-element-bb8cb33 e-con-full e-flex e-con e-child\" data-id=\"bb8cb33\" data-element_type=\"container\">\n\t\t\t\t<div class=\"elementor-element elementor-element-4938fb6 elementor-widget elementor-widget-image\" data-id=\"4938fb6\" data-element_type=\"widget\" data-widget_type=\"image.default\">\n\t\t\t\t<div class=\"elementor-widget-container\">\n\t\t\t\t\t\t\t\t\t\t\t\t\t\t\t<img loading=\"lazy\" decoding=\"async\" width=\"512\" height=\"512\" src=\"https:\/\/lezamaasesores.com\/cdre25\/wp-content\/uploads\/2025\/07\/analisxis.svg\" class=\"attachment-full size-full wp-image-3782\" alt=\"\" \/>\t\t\t\t\t\t\t\t\t\t\t\t\t\t\t<\/div>\n\t\t\t\t<\/div>\n\t\t\t\t<\/div>\n\t\t<div class=\"elementor-element elementor-element-e7abdc2 e-con-full e-flex e-con e-child\" data-id=\"e7abdc2\" data-element_type=\"container\">\n\t\t\t\t<div class=\"elementor-element elementor-element-d7a410f elementor-widget elementor-widget-text-editor\" data-id=\"d7a410f\" data-element_type=\"widget\" data-widget_type=\"text-editor.default\">\n\t\t\t\t<div class=\"elementor-widget-container\">\n\t\t\t\t\t\t\t\t\t<p>Supervisi\u00f3n global del proyecto<\/p>\t\t\t\t\t\t\t\t<\/div>\n\t\t\t\t<\/div>\n\t\t\t\t<div class=\"elementor-element elementor-element-fa42a19 elementor-widget elementor-widget-text-editor\" data-id=\"fa42a19\" data-element_type=\"widget\" data-widget_type=\"text-editor.default\">\n\t\t\t\t<div class=\"elementor-widget-container\">\n\t\t\t\t\t\t\t\t\t<p>Coordinamos todo para que los resultados se entreguen como deben y a tiempo.<\/p>\t\t\t\t\t\t\t\t<\/div>\n\t\t\t\t<\/div>\n\t\t\t\t<\/div>\n\t\t\t\t<\/div>\n\t\t\t\t<\/div>\n\t\t\t\t<\/div>\n\t\t\t\t\t<\/div>\n\t\t\t\t<\/div>\n\t\t<div class=\"elementor-element elementor-element-f9b2bff e-flex e-con-boxed e-con e-parent\" data-id=\"f9b2bff\" data-element_type=\"container\" data-settings=\"{&quot;background_background&quot;:&quot;classic&quot;}\">\n\t\t\t\t\t<div class=\"e-con-inner\">\n\t\t<div class=\"elementor-element elementor-element-ce0dace e-con-full e-flex e-con e-child\" data-id=\"ce0dace\" data-element_type=\"container\">\n\t\t<div class=\"elementor-element elementor-element-37d93a0 e-con-full e-flex e-con e-child\" data-id=\"37d93a0\" data-element_type=\"container\">\n\t\t\t\t<div class=\"elementor-element elementor-element-e67ea23 elementor-widget elementor-widget-image\" data-id=\"e67ea23\" data-element_type=\"widget\" data-widget_type=\"image.default\">\n\t\t\t\t<div class=\"elementor-widget-container\">\n\t\t\t\t\t\t\t\t\t\t\t\t\t\t\t<img loading=\"lazy\" decoding=\"async\" width=\"400\" height=\"606\" src=\"https:\/\/lezamaasesores.com\/cdre25\/wp-content\/uploads\/2025\/07\/xaa.png\" class=\"attachment-full size-full wp-image-3643\" alt=\"\" srcset=\"https:\/\/lezamaasesores.com\/cdre25\/wp-content\/uploads\/2025\/07\/xaa.png 400w, https:\/\/lezamaasesores.com\/cdre25\/wp-content\/uploads\/2025\/07\/xaa-198x300.png 198w\" sizes=\"(max-width: 400px) 100vw, 400px\" \/>\t\t\t\t\t\t\t\t\t\t\t\t\t\t\t<\/div>\n\t\t\t\t<\/div>\n\t\t\t\t<\/div>\n\t\t<div class=\"elementor-element elementor-element-40956b2 e-con-full e-flex e-con e-child\" data-id=\"40956b2\" data-element_type=\"container\">\n\t\t\t\t<div class=\"elementor-element elementor-element-d6affae elementor-widget-mobile__width-inherit elementor-widget elementor-widget-text-editor\" data-id=\"d6affae\" data-element_type=\"widget\" data-widget_type=\"text-editor.default\">\n\t\t\t\t<div class=\"elementor-widget-container\">\n\t\t\t\t\t\t\t\t\t<p>No somos un gran firma de consultor\u00eda.<\/p>\t\t\t\t\t\t\t\t<\/div>\n\t\t\t\t<\/div>\n\t\t\t\t<div class=\"elementor-element elementor-element-bfade45 elementor-widget elementor-widget-text-editor\" data-id=\"bfade45\" data-element_type=\"widget\" data-widget_type=\"text-editor.default\">\n\t\t\t\t<div class=\"elementor-widget-container\">\n\t\t\t\t\t\t\t\t\t<p>Somos personas que se implican<\/p>\t\t\t\t\t\t\t\t<\/div>\n\t\t\t\t<\/div>\n\t\t\t\t<div class=\"elementor-element elementor-element-992fcfe elementor-widget elementor-widget-text-editor\" data-id=\"992fcfe\" data-element_type=\"widget\" data-widget_type=\"text-editor.default\">\n\t\t\t\t<div class=\"elementor-widget-container\">\n\t\t\t\t\t\t\t\t\t<p>CDRE nace con una idea clara: <strong>la cercan\u00eda marca la diferencia.<\/strong><\/p><p>Trabajamos desde dentro de tu empresa, codo con codo contigo, como parte de tu equipo.<\/p><p><strong>Adaptamos cada servicio a tus recursos, tus objetivos y tu momento.<\/strong><\/p><p>Nuestro trabajo tiene un proposito: mejorar tu empresa de forma real.<\/p>\t\t\t\t\t\t\t\t<\/div>\n\t\t\t\t<\/div>\n\t\t\t\t<\/div>\n\t\t\t\t<\/div>\n\t\t\t\t\t<\/div>\n\t\t\t\t<\/div>\n\t\t<div class=\"elementor-element elementor-element-31710e7 e-con-full e-flex e-con e-parent\" data-id=\"31710e7\" data-element_type=\"container\">\n\t\t<div class=\"elementor-element elementor-element-46c49dc e-flex e-con-boxed e-con e-child\" data-id=\"46c49dc\" data-element_type=\"container\" data-settings=\"{&quot;background_background&quot;:&quot;classic&quot;}\">\n\t\t\t\t\t<div class=\"e-con-inner\">\n\t\t<div class=\"elementor-element elementor-element-17bba0c e-con-full e-flex e-con e-child\" data-id=\"17bba0c\" data-element_type=\"container\">\n\t\t\t\t<div class=\"elementor-element elementor-element-4cc4283 elementor-widget elementor-widget-text-editor\" data-id=\"4cc4283\" data-element_type=\"widget\" data-settings=\"{&quot;motion_fx_motion_fx_scrolling&quot;:&quot;yes&quot;,&quot;motion_fx_translateX_effect&quot;:&quot;yes&quot;,&quot;motion_fx_translateX_affectedRange&quot;:{&quot;unit&quot;:&quot;%&quot;,&quot;size&quot;:&quot;&quot;,&quot;sizes&quot;:{&quot;start&quot;:0,&quot;end&quot;:53}},&quot;motion_fx_translateX_speed&quot;:{&quot;unit&quot;:&quot;px&quot;,&quot;size&quot;:4,&quot;sizes&quot;:[]},&quot;motion_fx_devices&quot;:[&quot;desktop&quot;,&quot;tablet&quot;,&quot;mobile&quot;]}\" data-widget_type=\"text-editor.default\">\n\t\t\t\t<div class=\"elementor-widget-container\">\n\t\t\t\t\t\t\t\t\t<p>En CDRE estamos aqu\u00ed<\/p><p>para ayudarte,<\/p><p>sin rodeos<\/p><p>ni complicaciones.<\/p>\t\t\t\t\t\t\t\t<\/div>\n\t\t\t\t<\/div>\n\t\t\t\t<div class=\"elementor-element elementor-element-1b80408 elementor-widget elementor-widget-text-editor\" data-id=\"1b80408\" data-element_type=\"widget\" data-widget_type=\"text-editor.default\">\n\t\t\t\t<div class=\"elementor-widget-container\">\n\t\t\t\t\t\t\t\t\t<p>Si tienes una duda, un proyecto que no sabes c\u00f3mo arrancar, o simplemente quieres saber si podemos aportar valor a tu empresa, cont\u00e1ctanos.<\/p>\t\t\t\t\t\t\t\t<\/div>\n\t\t\t\t<\/div>\n\t\t\t\t<div class=\"elementor-element elementor-element-31a3d4c elementor-align-center elementor-widget elementor-widget-elementskit-button\" data-id=\"31a3d4c\" data-element_type=\"widget\" data-widget_type=\"elementskit-button.default\">\n\t\t\t\t<div class=\"elementor-widget-container\">\n\t\t\t\t\t<div class=\"ekit-wid-con\" >\t\t<div class=\"ekit-btn-wraper\">\n\t\t\t\t\t\t\t<a href=\"https:\/\/lezamaasesores.com\/cdre25\/contacto\/\" class=\"elementskit-btn  whitespace--normal\" id=\"\">\n\t\t\t\t\tContactar\t\t\t\t<\/a>\n\t\t\t\t\t<\/div>\n        <\/div>\t\t\t\t<\/div>\n\t\t\t\t<\/div>\n\t\t\t\t<\/div>\n\t\t<div class=\"elementor-element elementor-element-ffdc9da e-con-full elementor-hidden-mobile e-flex e-con e-child\" data-id=\"ffdc9da\" data-element_type=\"container\">\n\t\t\t\t<\/div>\n\t\t\t\t\t<\/div>\n\t\t\t\t<\/div>\n\t\t\t\t<\/div>\n\t\t\t\t<\/div>\n\t\t","protected":false},"excerpt":{"rendered":"<p>Un grupo de pymes con m\u00faltiples proveedores fiscales y legales sufr\u00eda problemas de coordinaci\u00f3n y retrasos. CDRE asumi\u00f3 la interlocuci\u00f3n \u00fanica, reorganiz\u00f3 los equipos externos y gestion\u00f3 los tiempos. Resultado: cumplimiento normativo garantizado y reducci\u00f3n del 25% en tiempos de respuesta. Juan Gaspar Garc\u00eda | CEO CDRE Consultora de regeneraci\u00f3n empresarial Consultor\u00eda Especializada. Si necesitas [&hellip;]<\/p>\n","protected":false},"author":1,"featured_media":0,"parent":0,"menu_order":0,"comment_status":"closed","ping_status":"closed","template":"","meta":{"footnotes":""},"class_list":["post-3352","page","type-page","status-publish","hentry"],"_links":{"self":[{"href":"https:\/\/lezamaasesores.com\/cdre25\/wp-json\/wp\/v2\/pages\/3352","targetHints":{"allow":["GET"]}}],"collection":[{"href":"https:\/\/lezamaasesores.com\/cdre25\/wp-json\/wp\/v2\/pages"}],"about":[{"href":"https:\/\/lezamaasesores.com\/cdre25\/wp-json\/wp\/v2\/types\/page"}],"author":[{"embeddable":true,"href":"https:\/\/lezamaasesores.com\/cdre25\/wp-json\/wp\/v2\/users\/1"}],"replies":[{"embeddable":true,"href":"https:\/\/lezamaasesores.com\/cdre25\/wp-json\/wp\/v2\/comments?post=3352"}],"version-history":[{"count":61,"href":"https:\/\/lezamaasesores.com\/cdre25\/wp-json\/wp\/v2\/pages\/3352\/revisions"}],"predecessor-version":[{"id":4154,"href":"https:\/\/lezamaasesores.com\/cdre25\/wp-json\/wp\/v2\/pages\/3352\/revisions\/4154"}],"wp:attachment":[{"href":"https:\/\/lezamaasesores.com\/cdre25\/wp-json\/wp\/v2\/media?parent=3352"}],"curies":[{"name":"wp","href":"https:\/\/api.w.org\/{rel}","templated":true}]}}