{"id":3341,"date":"2025-07-10T20:39:52","date_gmt":"2025-07-10T18:39:52","guid":{"rendered":"https:\/\/lezamaasesores.com\/cdre25\/?page_id=3341"},"modified":"2025-08-14T10:28:52","modified_gmt":"2025-08-14T08:28:52","slug":"consultoria-en-marketing-y-comunicacion","status":"publish","type":"page","link":"https:\/\/lezamaasesores.com\/cdre25\/consultoria-en-marketing-y-comunicacion\/","title":{"rendered":"Consultoria en marketing y comunicacion"},"content":{"rendered":"\t\t<div data-elementor-type=\"wp-page\" data-elementor-id=\"3341\" class=\"elementor elementor-3341\" data-elementor-post-type=\"page\">\n\t\t\t\t<div class=\"elementor-element elementor-element-9950ec8 e-flex e-con-boxed e-con e-parent\" data-id=\"9950ec8\" data-element_type=\"container\" data-settings=\"{&quot;background_background&quot;:&quot;classic&quot;}\">\n\t\t\t\t\t<div class=\"e-con-inner\">\n\t\t<div class=\"elementor-element elementor-element-a0ccdc1 e-con-full e-flex e-con e-child\" data-id=\"a0ccdc1\" data-element_type=\"container\">\n\t\t\t\t<div class=\"elementor-element elementor-element-95b2f40 elementor-widget elementor-widget-text-editor\" data-id=\"95b2f40\" data-element_type=\"widget\" data-widget_type=\"text-editor.default\">\n\t\t\t\t<div class=\"elementor-widget-container\">\n\t\t\t\t\t\t\t\t\t<p>Una empresa B2B del sector servicios invert\u00eda cada a\u00f1o en marketing sin resultados claros.<\/p><p><strong>Tras un an\u00e1lisis de su rentabilidad por cliente, redirigimos su inversi\u00f3n a sectores nicho m\u00e1s rentables y replanteamos su comunicaci\u00f3n. <\/strong><\/p><p>En un a\u00f1o, duplicaron su conversi\u00f3n con un 30% menos de presupuesto.<\/p>\t\t\t\t\t\t\t\t<\/div>\n\t\t\t\t<\/div>\n\t\t\t\t<div class=\"elementor-element elementor-element-705e888 elementor-widget elementor-widget-text-editor\" data-id=\"705e888\" data-element_type=\"widget\" data-widget_type=\"text-editor.default\">\n\t\t\t\t<div class=\"elementor-widget-container\">\n\t\t\t\t\t\t\t\t\t<p>Juan Gaspar Garc\u00eda | <strong>CEO CDRE<\/strong><\/p>\t\t\t\t\t\t\t\t<\/div>\n\t\t\t\t<\/div>\n\t\t\t\t<\/div>\n\t\t<div class=\"elementor-element elementor-element-30c9474 e-con-full elementor-hidden-mobile e-flex e-con e-child\" data-id=\"30c9474\" data-element_type=\"container\">\n\t\t\t\t<\/div>\n\t\t\t\t\t<\/div>\n\t\t\t\t<\/div>\n\t\t<div class=\"elementor-element elementor-element-8bede2c e-flex e-con-boxed e-con e-parent\" data-id=\"8bede2c\" data-element_type=\"container\">\n\t\t\t\t\t<div class=\"e-con-inner\">\n\t\t\t\t<div class=\"elementor-element elementor-element-24070e8 elementor-widget elementor-widget-text-editor\" data-id=\"24070e8\" data-element_type=\"widget\" data-widget_type=\"text-editor.default\">\n\t\t\t\t<div class=\"elementor-widget-container\">\n\t\t\t\t\t\t\t\t\t<p>Consultora de regeneraci\u00f3n empresarial<\/p>\t\t\t\t\t\t\t\t<\/div>\n\t\t\t\t<\/div>\n\t\t\t\t<div class=\"elementor-element elementor-element-20ce4b1 elementor-widget__width-initial elementor-widget elementor-widget-text-editor\" data-id=\"20ce4b1\" data-element_type=\"widget\" data-widget_type=\"text-editor.default\">\n\t\t\t\t<div class=\"elementor-widget-container\">\n\t\t\t\t\t\t\t\t\t<p>Marketing Estrat\u00e9gico<\/p><p>y Ventas.<\/p>\t\t\t\t\t\t\t\t<\/div>\n\t\t\t\t<\/div>\n\t\t\t\t<div class=\"elementor-element elementor-element-45d7828 elementor-widget__width-initial elementor-widget elementor-widget-text-editor\" data-id=\"45d7828\" data-element_type=\"widget\" data-widget_type=\"text-editor.default\">\n\t\t\t\t<div class=\"elementor-widget-container\">\n\t\t\t\t\t\t\t\t\t<p>Te ayudamos a vender m\u00e1s, pero sobre todo a vender mejor. Estudiamos tus clientes, tu competencia, tu inversi\u00f3n y dise\u00f1amos estrategias que den resultados.<\/p>\t\t\t\t\t\t\t\t<\/div>\n\t\t\t\t<\/div>\n\t\t\t\t\t<\/div>\n\t\t\t\t<\/div>\n\t\t<div class=\"elementor-element elementor-element-4f6921d e-con-full e-flex e-con e-parent\" data-id=\"4f6921d\" data-element_type=\"container\">\n\t\t<div class=\"elementor-element elementor-element-36736e0 e-flex e-con-boxed e-con e-child\" data-id=\"36736e0\" data-element_type=\"container\" data-settings=\"{&quot;background_background&quot;:&quot;classic&quot;,&quot;motion_fx_motion_fx_scrolling&quot;:&quot;yes&quot;,&quot;motion_fx_translateX_effect&quot;:&quot;yes&quot;,&quot;motion_fx_translateX_direction&quot;:&quot;negative&quot;,&quot;motion_fx_translateX_speed&quot;:{&quot;unit&quot;:&quot;px&quot;,&quot;size&quot;:2.600000000000000088817841970012523233890533447265625,&quot;sizes&quot;:[]},&quot;motion_fx_translateX_affectedRange&quot;:{&quot;unit&quot;:&quot;%&quot;,&quot;size&quot;:&quot;&quot;,&quot;sizes&quot;:{&quot;start&quot;:0,&quot;end&quot;:63}},&quot;motion_fx_devices&quot;:[&quot;desktop&quot;,&quot;tablet&quot;,&quot;mobile&quot;]}\">\n\t\t\t\t\t<div class=\"e-con-inner\">\n\t\t<div class=\"elementor-element elementor-element-521b006 e-con-full e-flex e-con e-child\" data-id=\"521b006\" data-element_type=\"container\">\n\t\t\t\t<div class=\"elementor-element elementor-element-d80a15b elementor-widget elementor-widget-text-editor\" data-id=\"d80a15b\" data-element_type=\"widget\" data-settings=\"{&quot;motion_fx_motion_fx_scrolling&quot;:&quot;yes&quot;,&quot;motion_fx_translateX_effect&quot;:&quot;yes&quot;,&quot;motion_fx_translateX_affectedRange&quot;:{&quot;unit&quot;:&quot;%&quot;,&quot;size&quot;:&quot;&quot;,&quot;sizes&quot;:{&quot;start&quot;:0,&quot;end&quot;:53}},&quot;motion_fx_translateX_speed&quot;:{&quot;unit&quot;:&quot;px&quot;,&quot;size&quot;:4,&quot;sizes&quot;:[]},&quot;motion_fx_devices&quot;:[&quot;desktop&quot;,&quot;tablet&quot;,&quot;mobile&quot;]}\" data-widget_type=\"text-editor.default\">\n\t\t\t\t<div class=\"elementor-widget-container\">\n\t\t\t\t\t\t\t\t\t<p>No se trata<\/p><p>de gastar m\u00e1s,<\/p><p>si no, de\u00a0<\/p><p>invertir mejor.<\/p>\t\t\t\t\t\t\t\t<\/div>\n\t\t\t\t<\/div>\n\t\t\t\t<div class=\"elementor-element elementor-element-2c4b634 elementor-widget elementor-widget-text-editor\" data-id=\"2c4b634\" data-element_type=\"widget\" data-widget_type=\"text-editor.default\">\n\t\t\t\t<div class=\"elementor-widget-container\">\n\t\t\t\t\t\t\t\t\t<p>Si el marketing no te est\u00e1 generando retorno, lo cambiamos.<\/p>\t\t\t\t\t\t\t\t<\/div>\n\t\t\t\t<\/div>\n\t\t\t\t<\/div>\n\t\t<div class=\"elementor-element elementor-element-5013d05 e-con-full e-flex e-con e-child\" data-id=\"5013d05\" data-element_type=\"container\">\n\t\t\t\t<\/div>\n\t\t\t\t\t<\/div>\n\t\t\t\t<\/div>\n\t\t<div class=\"elementor-element elementor-element-55c2e34 e-flex e-con-boxed e-con e-child\" data-id=\"55c2e34\" data-element_type=\"container\">\n\t\t\t\t\t<div class=\"e-con-inner\">\n\t\t\t\t<div class=\"elementor-element elementor-element-fe7dcb0 elementor-widget__width-initial elementor-widget elementor-widget-text-editor\" data-id=\"fe7dcb0\" data-element_type=\"widget\" data-widget_type=\"text-editor.default\">\n\t\t\t\t<div class=\"elementor-widget-container\">\n\t\t\t\t\t\t\t\t\t<p>\u00bfQue aportamos?<\/p>\t\t\t\t\t\t\t\t<\/div>\n\t\t\t\t<\/div>\n\t\t\t\t\t<\/div>\n\t\t\t\t<\/div>\n\t\t\t\t<\/div>\n\t\t<div class=\"elementor-element elementor-element-7815104 e-flex e-con-boxed e-con e-parent\" data-id=\"7815104\" data-element_type=\"container\">\n\t\t\t\t\t<div class=\"e-con-inner\">\n\t\t<div class=\"elementor-element elementor-element-7f086d4 e-con-full e-flex e-con e-child\" data-id=\"7f086d4\" data-element_type=\"container\">\n\t\t<div class=\"elementor-element elementor-element-fcbcc1f e-con-full e-flex e-con e-child\" data-id=\"fcbcc1f\" data-element_type=\"container\">\n\t\t<div class=\"elementor-element elementor-element-049e5b0 e-con-full e-flex e-con e-child\" data-id=\"049e5b0\" data-element_type=\"container\">\n\t\t<div class=\"elementor-element elementor-element-8c39dee e-con-full e-flex e-con e-child\" data-id=\"8c39dee\" data-element_type=\"container\">\n\t\t\t\t<div class=\"elementor-element elementor-element-531f91b elementor-widget elementor-widget-image\" data-id=\"531f91b\" data-element_type=\"widget\" data-widget_type=\"image.default\">\n\t\t\t\t<div class=\"elementor-widget-container\">\n\t\t\t\t\t\t\t\t\t\t\t\t\t\t\t<img fetchpriority=\"high\" decoding=\"async\" width=\"512\" height=\"512\" src=\"https:\/\/lezamaasesores.com\/cdre25\/wp-content\/uploads\/2025\/07\/presdentacion.svg\" class=\"attachment-full size-full wp-image-3769\" alt=\"\" \/>\t\t\t\t\t\t\t\t\t\t\t\t\t\t\t<\/div>\n\t\t\t\t<\/div>\n\t\t\t\t<\/div>\n\t\t<div class=\"elementor-element elementor-element-aa764ce e-con-full e-flex e-con e-child\" data-id=\"aa764ce\" data-element_type=\"container\">\n\t\t\t\t<div class=\"elementor-element elementor-element-ac4a24a elementor-widget elementor-widget-text-editor\" data-id=\"ac4a24a\" data-element_type=\"widget\" data-widget_type=\"text-editor.default\">\n\t\t\t\t<div class=\"elementor-widget-container\">\n\t\t\t\t\t\t\t\t\t<p>An\u00e1lisis de sectores y competencia<\/p>\t\t\t\t\t\t\t\t<\/div>\n\t\t\t\t<\/div>\n\t\t\t\t<div class=\"elementor-element elementor-element-e3919bc elementor-widget elementor-widget-text-editor\" data-id=\"e3919bc\" data-element_type=\"widget\" data-widget_type=\"text-editor.default\">\n\t\t\t\t<div class=\"elementor-widget-container\">\n\t\t\t\t\t\t\t\t\t<p>Sabemos d\u00f3nde est\u00e1s, qui\u00e9n compite contigo y c\u00f3mo diferenciarte<\/p>\t\t\t\t\t\t\t\t<\/div>\n\t\t\t\t<\/div>\n\t\t\t\t<\/div>\n\t\t\t\t<\/div>\n\t\t<div class=\"elementor-element elementor-element-c44e331 e-con-full e-flex e-con e-child\" data-id=\"c44e331\" data-element_type=\"container\">\n\t\t<div class=\"elementor-element elementor-element-4ee766d e-con-full e-flex e-con e-child\" data-id=\"4ee766d\" data-element_type=\"container\">\n\t\t\t\t<div class=\"elementor-element elementor-element-d23d6ab elementor-widget elementor-widget-image\" data-id=\"d23d6ab\" data-element_type=\"widget\" data-widget_type=\"image.default\">\n\t\t\t\t<div class=\"elementor-widget-container\">\n\t\t\t\t\t\t\t\t\t\t\t\t\t\t\t<img decoding=\"async\" width=\"512\" height=\"512\" src=\"https:\/\/lezamaasesores.com\/cdre25\/wp-content\/uploads\/2025\/07\/presentagcion-de-negocios.svg\" class=\"attachment-full size-full wp-image-3761\" alt=\"\" \/>\t\t\t\t\t\t\t\t\t\t\t\t\t\t\t<\/div>\n\t\t\t\t<\/div>\n\t\t\t\t<\/div>\n\t\t<div class=\"elementor-element elementor-element-8594063 e-con-full e-flex e-con e-child\" data-id=\"8594063\" data-element_type=\"container\">\n\t\t\t\t<div class=\"elementor-element elementor-element-5c75241 elementor-widget elementor-widget-text-editor\" data-id=\"5c75241\" data-element_type=\"widget\" data-widget_type=\"text-editor.default\">\n\t\t\t\t<div class=\"elementor-widget-container\">\n\t\t\t\t\t\t\t\t\t<p>Estudio de eficiencia comercial por cliente<\/p>\t\t\t\t\t\t\t\t<\/div>\n\t\t\t\t<\/div>\n\t\t\t\t<div class=\"elementor-element elementor-element-1ec9fd8 elementor-widget elementor-widget-text-editor\" data-id=\"1ec9fd8\" data-element_type=\"widget\" data-widget_type=\"text-editor.default\">\n\t\t\t\t<div class=\"elementor-widget-container\">\n\t\t\t\t\t\t\t\t\t<p>No todos los clientes son rentables. Te ayudamos a enfocarte en los que s\u00ed lo son<\/p>\t\t\t\t\t\t\t\t<\/div>\n\t\t\t\t<\/div>\n\t\t\t\t<\/div>\n\t\t\t\t<\/div>\n\t\t<div class=\"elementor-element elementor-element-e83f675 e-con-full e-flex e-con e-child\" data-id=\"e83f675\" data-element_type=\"container\">\n\t\t<div class=\"elementor-element elementor-element-fccdf8a e-con-full e-flex e-con e-child\" data-id=\"fccdf8a\" data-element_type=\"container\">\n\t\t\t\t<div class=\"elementor-element elementor-element-b814f9f elementor-widget elementor-widget-image\" data-id=\"b814f9f\" data-element_type=\"widget\" data-widget_type=\"image.default\">\n\t\t\t\t<div class=\"elementor-widget-container\">\n\t\t\t\t\t\t\t\t\t\t\t\t\t\t\t<img decoding=\"async\" width=\"512\" height=\"512\" src=\"https:\/\/lezamaasesores.com\/cdre25\/wp-content\/uploads\/2025\/07\/transformacion.svg\" class=\"attachment-full size-full wp-image-3777\" alt=\"\" \/>\t\t\t\t\t\t\t\t\t\t\t\t\t\t\t<\/div>\n\t\t\t\t<\/div>\n\t\t\t\t<\/div>\n\t\t<div class=\"elementor-element elementor-element-a26205c e-con-full e-flex e-con e-child\" data-id=\"a26205c\" data-element_type=\"container\">\n\t\t\t\t<div class=\"elementor-element elementor-element-9ee9d90 elementor-widget elementor-widget-text-editor\" data-id=\"9ee9d90\" data-element_type=\"widget\" data-widget_type=\"text-editor.default\">\n\t\t\t\t<div class=\"elementor-widget-container\">\n\t\t\t\t\t\t\t\t\t<p>Optimizaci\u00f3n de inversi\u00f3n en Marketing<\/p>\t\t\t\t\t\t\t\t<\/div>\n\t\t\t\t<\/div>\n\t\t\t\t<div class=\"elementor-element elementor-element-45a7def elementor-widget elementor-widget-text-editor\" data-id=\"45a7def\" data-element_type=\"widget\" data-widget_type=\"text-editor.default\">\n\t\t\t\t<div class=\"elementor-widget-container\">\n\t\t\t\t\t\t\t\t\t<p>Invertir sin retorno no tiene sentido. Ajustamos tu gasto para que sea \u00fatil.<\/p>\t\t\t\t\t\t\t\t<\/div>\n\t\t\t\t<\/div>\n\t\t\t\t<\/div>\n\t\t\t\t<\/div>\n\t\t\t\t<\/div>\n\t\t<div class=\"elementor-element elementor-element-8811f6a e-con-full e-flex e-con e-child\" data-id=\"8811f6a\" data-element_type=\"container\">\n\t\t<div class=\"elementor-element elementor-element-165d9bb e-con-full e-flex e-con e-child\" data-id=\"165d9bb\" data-element_type=\"container\">\n\t\t<div class=\"elementor-element elementor-element-9950940 e-con-full e-flex e-con e-child\" data-id=\"9950940\" data-element_type=\"container\">\n\t\t\t\t<div class=\"elementor-element elementor-element-73de7ff elementor-widget elementor-widget-image\" data-id=\"73de7ff\" data-element_type=\"widget\" data-widget_type=\"image.default\">\n\t\t\t\t<div class=\"elementor-widget-container\">\n\t\t\t\t\t\t\t\t\t\t\t\t\t\t\t<img loading=\"lazy\" decoding=\"async\" width=\"512\" height=\"512\" src=\"https:\/\/lezamaasesores.com\/cdre25\/wp-content\/uploads\/2025\/07\/estrategia.svg\" class=\"attachment-full size-full wp-image-3771\" alt=\"\" \/>\t\t\t\t\t\t\t\t\t\t\t\t\t\t\t<\/div>\n\t\t\t\t<\/div>\n\t\t\t\t<\/div>\n\t\t<div class=\"elementor-element elementor-element-29c9fb8 e-con-full e-flex e-con e-child\" data-id=\"29c9fb8\" data-element_type=\"container\">\n\t\t\t\t<div class=\"elementor-element elementor-element-e9fc1b6 elementor-widget elementor-widget-text-editor\" data-id=\"e9fc1b6\" data-element_type=\"widget\" data-widget_type=\"text-editor.default\">\n\t\t\t\t<div class=\"elementor-widget-container\">\n\t\t\t\t\t\t\t\t\t<p>Evaluaci\u00f3n de canales y costes de venta<\/p>\t\t\t\t\t\t\t\t<\/div>\n\t\t\t\t<\/div>\n\t\t\t\t<div class=\"elementor-element elementor-element-b39aa4e elementor-widget elementor-widget-text-editor\" data-id=\"b39aa4e\" data-element_type=\"widget\" data-widget_type=\"text-editor.default\">\n\t\t\t\t<div class=\"elementor-widget-container\">\n\t\t\t\t\t\t\t\t\t<p>Revisamos c\u00f3mo vendes y por d\u00f3nde podr\u00edas hacerlo mejor.<\/p>\t\t\t\t\t\t\t\t<\/div>\n\t\t\t\t<\/div>\n\t\t\t\t<\/div>\n\t\t\t\t<\/div>\n\t\t<div class=\"elementor-element elementor-element-a0a9b7f e-con-full e-flex e-con e-child\" data-id=\"a0a9b7f\" data-element_type=\"container\">\n\t\t<div class=\"elementor-element elementor-element-f73e85c e-con-full e-flex e-con e-child\" data-id=\"f73e85c\" data-element_type=\"container\">\n\t\t\t\t<div class=\"elementor-element elementor-element-96d1c18 elementor-widget elementor-widget-image\" data-id=\"96d1c18\" data-element_type=\"widget\" data-widget_type=\"image.default\">\n\t\t\t\t<div class=\"elementor-widget-container\">\n\t\t\t\t\t\t\t\t\t\t\t\t\t\t\t<img loading=\"lazy\" decoding=\"async\" width=\"512\" height=\"512\" src=\"https:\/\/lezamaasesores.com\/cdre25\/wp-content\/uploads\/2025\/07\/oportunidades-de-trabajo.svg\" class=\"attachment-full size-full wp-image-3780\" alt=\"\" \/>\t\t\t\t\t\t\t\t\t\t\t\t\t\t\t<\/div>\n\t\t\t\t<\/div>\n\t\t\t\t<\/div>\n\t\t<div class=\"elementor-element elementor-element-b7866da e-con-full e-flex e-con e-child\" data-id=\"b7866da\" data-element_type=\"container\">\n\t\t\t\t<div class=\"elementor-element elementor-element-1d239a7 elementor-widget elementor-widget-text-editor\" data-id=\"1d239a7\" data-element_type=\"widget\" data-widget_type=\"text-editor.default\">\n\t\t\t\t<div class=\"elementor-widget-container\">\n\t\t\t\t\t\t\t\t\t<p>Generaci\u00f3n de oportunidades comerciales<\/p>\t\t\t\t\t\t\t\t<\/div>\n\t\t\t\t<\/div>\n\t\t\t\t<div class=\"elementor-element elementor-element-8be08e4 elementor-widget elementor-widget-text-editor\" data-id=\"8be08e4\" data-element_type=\"widget\" data-widget_type=\"text-editor.default\">\n\t\t\t\t<div class=\"elementor-widget-container\">\n\t\t\t\t\t\t\t\t\t<p>Detectamos nuevos sectores, sinergias o enfoques de venta m\u00e1s eficaces.<\/p>\t\t\t\t\t\t\t\t<\/div>\n\t\t\t\t<\/div>\n\t\t\t\t<\/div>\n\t\t\t\t<\/div>\n\t\t<div class=\"elementor-element elementor-element-e1109ae e-con-full e-flex e-con e-child\" data-id=\"e1109ae\" data-element_type=\"container\">\n\t\t<div class=\"elementor-element elementor-element-374b60b e-con-full e-flex e-con e-child\" data-id=\"374b60b\" data-element_type=\"container\">\n\t\t\t\t<div class=\"elementor-element elementor-element-9eaae49 elementor-widget elementor-widget-image\" data-id=\"9eaae49\" data-element_type=\"widget\" data-widget_type=\"image.default\">\n\t\t\t\t<div class=\"elementor-widget-container\">\n\t\t\t\t\t\t\t\t\t\t\t\t\t\t\t<img loading=\"lazy\" decoding=\"async\" width=\"488\" height=\"488\" src=\"https:\/\/lezamaasesores.com\/cdre25\/wp-content\/uploads\/2025\/07\/reunioun.svg\" class=\"attachment-full size-full wp-image-3772\" alt=\"\" \/>\t\t\t\t\t\t\t\t\t\t\t\t\t\t\t<\/div>\n\t\t\t\t<\/div>\n\t\t\t\t<\/div>\n\t\t<div class=\"elementor-element elementor-element-7d5247a e-con-full e-flex e-con e-child\" data-id=\"7d5247a\" data-element_type=\"container\">\n\t\t\t\t<div class=\"elementor-element elementor-element-db798e7 elementor-widget elementor-widget-text-editor\" data-id=\"db798e7\" data-element_type=\"widget\" data-widget_type=\"text-editor.default\">\n\t\t\t\t<div class=\"elementor-widget-container\">\n\t\t\t\t\t\t\t\t\t<p>Comunicaci\u00f3n alineada con estrategia<\/p>\t\t\t\t\t\t\t\t<\/div>\n\t\t\t\t<\/div>\n\t\t\t\t<div class=\"elementor-element elementor-element-ad545e1 elementor-widget elementor-widget-text-editor\" data-id=\"ad545e1\" data-element_type=\"widget\" data-widget_type=\"text-editor.default\">\n\t\t\t\t<div class=\"elementor-widget-container\">\n\t\t\t\t\t\t\t\t\t<p>Aseguramos que lo que dices vaya en l\u00ednea con lo que haces.<\/p>\t\t\t\t\t\t\t\t<\/div>\n\t\t\t\t<\/div>\n\t\t\t\t<\/div>\n\t\t\t\t<\/div>\n\t\t\t\t<\/div>\n\t\t\t\t<\/div>\n\t\t\t\t\t<\/div>\n\t\t\t\t<\/div>\n\t\t<div class=\"elementor-element elementor-element-b2c44ce e-flex e-con-boxed e-con e-parent\" data-id=\"b2c44ce\" data-element_type=\"container\" data-settings=\"{&quot;background_background&quot;:&quot;classic&quot;}\">\n\t\t\t\t\t<div class=\"e-con-inner\">\n\t\t<div class=\"elementor-element elementor-element-5263a5f e-con-full e-flex e-con e-child\" data-id=\"5263a5f\" data-element_type=\"container\">\n\t\t<div class=\"elementor-element elementor-element-4654254 e-con-full e-flex e-con e-child\" data-id=\"4654254\" data-element_type=\"container\">\n\t\t\t\t<div class=\"elementor-element elementor-element-b7c03f4 elementor-widget elementor-widget-image\" data-id=\"b7c03f4\" data-element_type=\"widget\" data-widget_type=\"image.default\">\n\t\t\t\t<div class=\"elementor-widget-container\">\n\t\t\t\t\t\t\t\t\t\t\t\t\t\t\t<img loading=\"lazy\" decoding=\"async\" width=\"400\" height=\"606\" src=\"https:\/\/lezamaasesores.com\/cdre25\/wp-content\/uploads\/2025\/07\/xaa.png\" class=\"attachment-full size-full wp-image-3643\" alt=\"\" srcset=\"https:\/\/lezamaasesores.com\/cdre25\/wp-content\/uploads\/2025\/07\/xaa.png 400w, https:\/\/lezamaasesores.com\/cdre25\/wp-content\/uploads\/2025\/07\/xaa-198x300.png 198w\" sizes=\"(max-width: 400px) 100vw, 400px\" \/>\t\t\t\t\t\t\t\t\t\t\t\t\t\t\t<\/div>\n\t\t\t\t<\/div>\n\t\t\t\t<\/div>\n\t\t<div class=\"elementor-element elementor-element-3e1f979 e-con-full e-flex e-con e-child\" data-id=\"3e1f979\" data-element_type=\"container\">\n\t\t\t\t<div class=\"elementor-element elementor-element-becd506 elementor-widget-mobile__width-inherit elementor-widget elementor-widget-text-editor\" data-id=\"becd506\" data-element_type=\"widget\" data-widget_type=\"text-editor.default\">\n\t\t\t\t<div class=\"elementor-widget-container\">\n\t\t\t\t\t\t\t\t\t<p>No somos un gran firma de consultor\u00eda.<\/p>\t\t\t\t\t\t\t\t<\/div>\n\t\t\t\t<\/div>\n\t\t\t\t<div class=\"elementor-element elementor-element-37ab096 elementor-widget elementor-widget-text-editor\" data-id=\"37ab096\" data-element_type=\"widget\" data-widget_type=\"text-editor.default\">\n\t\t\t\t<div class=\"elementor-widget-container\">\n\t\t\t\t\t\t\t\t\t<p>Somos personas que se implican<\/p>\t\t\t\t\t\t\t\t<\/div>\n\t\t\t\t<\/div>\n\t\t\t\t<div class=\"elementor-element elementor-element-4111a19 elementor-widget elementor-widget-text-editor\" data-id=\"4111a19\" data-element_type=\"widget\" data-widget_type=\"text-editor.default\">\n\t\t\t\t<div class=\"elementor-widget-container\">\n\t\t\t\t\t\t\t\t\t<p>CDRE nace con una idea clara: <strong>la cercan\u00eda marca la diferencia.<\/strong><\/p><p>Trabajamos desde dentro de tu empresa, codo con codo contigo, como parte de tu equipo.<\/p><p><strong>Adaptamos cada servicio a tus recursos, tus objetivos y tu momento.<\/strong><\/p><p>Nuestro trabajo tiene un proposito: mejorar tu empresa de forma real.<\/p>\t\t\t\t\t\t\t\t<\/div>\n\t\t\t\t<\/div>\n\t\t\t\t<\/div>\n\t\t\t\t<\/div>\n\t\t\t\t\t<\/div>\n\t\t\t\t<\/div>\n\t\t<div class=\"elementor-element elementor-element-f0ef603 e-con-full e-flex e-con e-parent\" data-id=\"f0ef603\" data-element_type=\"container\">\n\t\t<div class=\"elementor-element elementor-element-413f703 e-flex e-con-boxed e-con e-child\" data-id=\"413f703\" data-element_type=\"container\" data-settings=\"{&quot;background_background&quot;:&quot;classic&quot;}\">\n\t\t\t\t\t<div class=\"e-con-inner\">\n\t\t<div class=\"elementor-element elementor-element-6acb51b e-con-full e-flex e-con e-child\" data-id=\"6acb51b\" data-element_type=\"container\">\n\t\t\t\t<div class=\"elementor-element elementor-element-f987dba elementor-widget elementor-widget-text-editor\" data-id=\"f987dba\" data-element_type=\"widget\" data-settings=\"{&quot;motion_fx_motion_fx_scrolling&quot;:&quot;yes&quot;,&quot;motion_fx_translateX_effect&quot;:&quot;yes&quot;,&quot;motion_fx_translateX_affectedRange&quot;:{&quot;unit&quot;:&quot;%&quot;,&quot;size&quot;:&quot;&quot;,&quot;sizes&quot;:{&quot;start&quot;:0,&quot;end&quot;:53}},&quot;motion_fx_translateX_speed&quot;:{&quot;unit&quot;:&quot;px&quot;,&quot;size&quot;:4,&quot;sizes&quot;:[]},&quot;motion_fx_devices&quot;:[&quot;desktop&quot;,&quot;tablet&quot;,&quot;mobile&quot;]}\" data-widget_type=\"text-editor.default\">\n\t\t\t\t<div class=\"elementor-widget-container\">\n\t\t\t\t\t\t\t\t\t<p>En CDRE estamos aqu\u00ed<\/p><p>para ayudarte,<\/p><p>sin rodeos<\/p><p>ni complicaciones.<\/p>\t\t\t\t\t\t\t\t<\/div>\n\t\t\t\t<\/div>\n\t\t\t\t<div class=\"elementor-element elementor-element-f64d6cc elementor-widget elementor-widget-text-editor\" data-id=\"f64d6cc\" data-element_type=\"widget\" data-widget_type=\"text-editor.default\">\n\t\t\t\t<div class=\"elementor-widget-container\">\n\t\t\t\t\t\t\t\t\t<p>Si tienes una duda, un proyecto que no sabes c\u00f3mo arrancar, o simplemente quieres saber si podemos aportar valor a tu empresa, cont\u00e1ctanos.<\/p>\t\t\t\t\t\t\t\t<\/div>\n\t\t\t\t<\/div>\n\t\t\t\t<div class=\"elementor-element elementor-element-1af8b02 elementor-align-center elementor-widget elementor-widget-elementskit-button\" data-id=\"1af8b02\" data-element_type=\"widget\" data-widget_type=\"elementskit-button.default\">\n\t\t\t\t<div class=\"elementor-widget-container\">\n\t\t\t\t\t<div class=\"ekit-wid-con\" >\t\t<div class=\"ekit-btn-wraper\">\n\t\t\t\t\t\t\t<a href=\"https:\/\/lezamaasesores.com\/cdre25\/contacto\/\" class=\"elementskit-btn  whitespace--normal\" id=\"\">\n\t\t\t\t\tContactar\t\t\t\t<\/a>\n\t\t\t\t\t<\/div>\n        <\/div>\t\t\t\t<\/div>\n\t\t\t\t<\/div>\n\t\t\t\t<\/div>\n\t\t<div class=\"elementor-element elementor-element-dfdcfc6 e-con-full elementor-hidden-mobile e-flex e-con e-child\" data-id=\"dfdcfc6\" data-element_type=\"container\">\n\t\t\t\t<\/div>\n\t\t\t\t\t<\/div>\n\t\t\t\t<\/div>\n\t\t\t\t<\/div>\n\t\t\t\t<\/div>\n\t\t","protected":false},"excerpt":{"rendered":"<p>Una empresa B2B del sector servicios invert\u00eda cada a\u00f1o en marketing sin resultados claros. Tras un an\u00e1lisis de su rentabilidad por cliente, redirigimos su inversi\u00f3n a sectores nicho m\u00e1s rentables y replanteamos su comunicaci\u00f3n. En un a\u00f1o, duplicaron su conversi\u00f3n con un 30% menos de presupuesto. Juan Gaspar Garc\u00eda | CEO CDRE Consultora de regeneraci\u00f3n [&hellip;]<\/p>\n","protected":false},"author":1,"featured_media":0,"parent":0,"menu_order":0,"comment_status":"closed","ping_status":"closed","template":"","meta":{"footnotes":""},"class_list":["post-3341","page","type-page","status-publish","hentry"],"_links":{"self":[{"href":"https:\/\/lezamaasesores.com\/cdre25\/wp-json\/wp\/v2\/pages\/3341","targetHints":{"allow":["GET"]}}],"collection":[{"href":"https:\/\/lezamaasesores.com\/cdre25\/wp-json\/wp\/v2\/pages"}],"about":[{"href":"https:\/\/lezamaasesores.com\/cdre25\/wp-json\/wp\/v2\/types\/page"}],"author":[{"embeddable":true,"href":"https:\/\/lezamaasesores.com\/cdre25\/wp-json\/wp\/v2\/users\/1"}],"replies":[{"embeddable":true,"href":"https:\/\/lezamaasesores.com\/cdre25\/wp-json\/wp\/v2\/comments?post=3341"}],"version-history":[{"count":67,"href":"https:\/\/lezamaasesores.com\/cdre25\/wp-json\/wp\/v2\/pages\/3341\/revisions"}],"predecessor-version":[{"id":4151,"href":"https:\/\/lezamaasesores.com\/cdre25\/wp-json\/wp\/v2\/pages\/3341\/revisions\/4151"}],"wp:attachment":[{"href":"https:\/\/lezamaasesores.com\/cdre25\/wp-json\/wp\/v2\/media?parent=3341"}],"curies":[{"name":"wp","href":"https:\/\/api.w.org\/{rel}","templated":true}]}}