{"id":3257,"date":"2025-07-09T19:55:49","date_gmt":"2025-07-09T17:55:49","guid":{"rendered":"https:\/\/lezamaasesores.com\/cdre25\/?page_id=3257"},"modified":"2025-08-14T10:25:56","modified_gmt":"2025-08-14T08:25:56","slug":"consultoria-gerencial","status":"publish","type":"page","link":"https:\/\/lezamaasesores.com\/cdre25\/consultoria-gerencial\/","title":{"rendered":"Consultor\u00eda Gerencial"},"content":{"rendered":"\t\t<div data-elementor-type=\"wp-page\" data-elementor-id=\"3257\" class=\"elementor elementor-3257\" data-elementor-post-type=\"page\">\n\t\t\t\t<div class=\"elementor-element elementor-element-b0d8454 e-flex e-con-boxed e-con e-parent\" data-id=\"b0d8454\" data-element_type=\"container\" data-settings=\"{&quot;background_background&quot;:&quot;classic&quot;}\">\n\t\t\t\t\t<div class=\"e-con-inner\">\n\t\t<div class=\"elementor-element elementor-element-5e54aa4 e-con-full elementor-hidden-mobile e-flex e-con e-child\" data-id=\"5e54aa4\" data-element_type=\"container\">\n\t\t\t\t<\/div>\n\t\t<div class=\"elementor-element elementor-element-02a4ab1 e-con-full e-flex e-con e-child\" data-id=\"02a4ab1\" data-element_type=\"container\">\n\t\t\t\t<div class=\"elementor-element elementor-element-588cb1d elementor-widget elementor-widget-text-editor\" data-id=\"588cb1d\" data-element_type=\"widget\" data-widget_type=\"text-editor.default\">\n\t\t\t\t<div class=\"elementor-widget-container\">\n\t\t\t\t\t\t\t\t\t<p>Nos incorporamos a la direcci\u00f3n general de una empresa industrial en plena fase de estancamiento.<\/p><p>Tras un an\u00e1lisis global, <strong>redise\u00f1amos el organigrama, propusimos un modelo de liderazgo por \u00e1reas y abrimos una nueva l\u00ednea de negocio online<\/strong> que multiplic\u00f3 su visibilidad y captaci\u00f3n.<\/p>\t\t\t\t\t\t\t\t<\/div>\n\t\t\t\t<\/div>\n\t\t\t\t<div class=\"elementor-element elementor-element-243c54f elementor-widget elementor-widget-text-editor\" data-id=\"243c54f\" data-element_type=\"widget\" data-widget_type=\"text-editor.default\">\n\t\t\t\t<div class=\"elementor-widget-container\">\n\t\t\t\t\t\t\t\t\t<p>Juan Gaspar Garc\u00eda | <strong>CEO CDRE<\/strong><\/p>\t\t\t\t\t\t\t\t<\/div>\n\t\t\t\t<\/div>\n\t\t\t\t<\/div>\n\t\t\t\t\t<\/div>\n\t\t\t\t<\/div>\n\t\t<div class=\"elementor-element elementor-element-30166ab e-flex e-con-boxed e-con e-parent\" data-id=\"30166ab\" data-element_type=\"container\">\n\t\t\t\t\t<div class=\"e-con-inner\">\n\t\t\t\t<div class=\"elementor-element elementor-element-405af05 elementor-widget elementor-widget-text-editor\" data-id=\"405af05\" data-element_type=\"widget\" data-widget_type=\"text-editor.default\">\n\t\t\t\t<div class=\"elementor-widget-container\">\n\t\t\t\t\t\t\t\t\t<p>Consultora de regeneraci\u00f3n empresarial<\/p>\t\t\t\t\t\t\t\t<\/div>\n\t\t\t\t<\/div>\n\t\t\t\t<div class=\"elementor-element elementor-element-a73929a elementor-widget__width-initial elementor-widget elementor-widget-text-editor\" data-id=\"a73929a\" data-element_type=\"widget\" data-widget_type=\"text-editor.default\">\n\t\t\t\t<div class=\"elementor-widget-container\">\n\t\t\t\t\t\t\t\t\t<p>Consultor\u00eda Gerencial.<\/p>\t\t\t\t\t\t\t\t<\/div>\n\t\t\t\t<\/div>\n\t\t\t\t<div class=\"elementor-element elementor-element-7e34df3 elementor-widget__width-initial elementor-widget elementor-widget-text-editor\" data-id=\"7e34df3\" data-element_type=\"widget\" data-widget_type=\"text-editor.default\">\n\t\t\t\t<div class=\"elementor-widget-container\">\n\t\t\t\t\t\t\t\t\t<p>Acompa\u00f1amos al empresario o direcci\u00f3n general en la toma de decisiones estrat\u00e9gicas, reorganizando el negocio y dise\u00f1o de nuevas l\u00edneas . <strong>Nos convertimos en tu asesor de confianza<\/strong> para pensar con perspectiva y actuar con foco.<\/p>\t\t\t\t\t\t\t\t<\/div>\n\t\t\t\t<\/div>\n\t\t\t\t\t<\/div>\n\t\t\t\t<\/div>\n\t\t<div class=\"elementor-element elementor-element-32a266d e-con-full e-flex e-con e-parent\" data-id=\"32a266d\" data-element_type=\"container\">\n\t\t<div class=\"elementor-element elementor-element-89d4da0 e-flex e-con-boxed e-con e-child\" data-id=\"89d4da0\" data-element_type=\"container\" data-settings=\"{&quot;background_background&quot;:&quot;classic&quot;,&quot;motion_fx_motion_fx_scrolling&quot;:&quot;yes&quot;,&quot;motion_fx_translateX_effect&quot;:&quot;yes&quot;,&quot;motion_fx_translateX_direction&quot;:&quot;negative&quot;,&quot;motion_fx_translateX_speed&quot;:{&quot;unit&quot;:&quot;px&quot;,&quot;size&quot;:2.600000000000000088817841970012523233890533447265625,&quot;sizes&quot;:[]},&quot;motion_fx_translateX_affectedRange&quot;:{&quot;unit&quot;:&quot;%&quot;,&quot;size&quot;:&quot;&quot;,&quot;sizes&quot;:{&quot;start&quot;:0,&quot;end&quot;:63}},&quot;motion_fx_devices&quot;:[&quot;desktop&quot;,&quot;tablet&quot;,&quot;mobile&quot;]}\">\n\t\t\t\t\t<div class=\"e-con-inner\">\n\t\t<div class=\"elementor-element elementor-element-4b2f3be e-con-full e-flex e-con e-child\" data-id=\"4b2f3be\" data-element_type=\"container\">\n\t\t\t\t<\/div>\n\t\t<div class=\"elementor-element elementor-element-15b725a e-con-full e-flex e-con e-child\" data-id=\"15b725a\" data-element_type=\"container\">\n\t\t\t\t<div class=\"elementor-element elementor-element-ad21ebe elementor-widget elementor-widget-text-editor\" data-id=\"ad21ebe\" data-element_type=\"widget\" data-settings=\"{&quot;motion_fx_motion_fx_scrolling&quot;:&quot;yes&quot;,&quot;motion_fx_translateX_effect&quot;:&quot;yes&quot;,&quot;motion_fx_translateX_affectedRange&quot;:{&quot;unit&quot;:&quot;%&quot;,&quot;size&quot;:&quot;&quot;,&quot;sizes&quot;:{&quot;start&quot;:0,&quot;end&quot;:53}},&quot;motion_fx_translateX_speed&quot;:{&quot;unit&quot;:&quot;px&quot;,&quot;size&quot;:4,&quot;sizes&quot;:[]},&quot;motion_fx_devices&quot;:[&quot;desktop&quot;,&quot;tablet&quot;,&quot;mobile&quot;]}\" data-widget_type=\"text-editor.default\">\n\t\t\t\t<div class=\"elementor-widget-container\">\n\t\t\t\t\t\t\t\t\t<p>\u00bfEl \u00e1rbol<\/p><p>no te deja ver el<\/p><p>bosque?.<\/p>\t\t\t\t\t\t\t\t<\/div>\n\t\t\t\t<\/div>\n\t\t\t\t<div class=\"elementor-element elementor-element-ce1c1ae elementor-widget elementor-widget-text-editor\" data-id=\"ce1c1ae\" data-element_type=\"widget\" data-widget_type=\"text-editor.default\">\n\t\t\t\t<div class=\"elementor-widget-container\">\n\t\t\t\t\t\t\t\t\t<p>Te ayudamos a ver el conjunto, para que tomes decisiones con m\u00e1s claridad y seguridad.<\/p>\t\t\t\t\t\t\t\t<\/div>\n\t\t\t\t<\/div>\n\t\t\t\t<\/div>\n\t\t\t\t\t<\/div>\n\t\t\t\t<\/div>\n\t\t<div class=\"elementor-element elementor-element-da43709 e-flex e-con-boxed e-con e-child\" data-id=\"da43709\" data-element_type=\"container\">\n\t\t\t\t\t<div class=\"e-con-inner\">\n\t\t\t\t<div class=\"elementor-element elementor-element-98e0320 elementor-widget__width-initial elementor-widget elementor-widget-text-editor\" data-id=\"98e0320\" data-element_type=\"widget\" data-widget_type=\"text-editor.default\">\n\t\t\t\t<div class=\"elementor-widget-container\">\n\t\t\t\t\t\t\t\t\t<p>\u00bfQue aportamos?<\/p>\t\t\t\t\t\t\t\t<\/div>\n\t\t\t\t<\/div>\n\t\t\t\t\t<\/div>\n\t\t\t\t<\/div>\n\t\t\t\t<\/div>\n\t\t<div class=\"elementor-element elementor-element-49d2b09 e-flex e-con-boxed e-con e-parent\" data-id=\"49d2b09\" data-element_type=\"container\">\n\t\t\t\t\t<div class=\"e-con-inner\">\n\t\t<div class=\"elementor-element elementor-element-da54984 e-con-full e-flex e-con e-child\" data-id=\"da54984\" data-element_type=\"container\">\n\t\t<div class=\"elementor-element elementor-element-305cd82 e-con-full e-flex e-con e-child\" data-id=\"305cd82\" data-element_type=\"container\">\n\t\t<div class=\"elementor-element elementor-element-7f9d02b e-con-full e-flex e-con e-child\" data-id=\"7f9d02b\" data-element_type=\"container\">\n\t\t<div class=\"elementor-element elementor-element-7710e07 e-con-full e-flex e-con e-child\" data-id=\"7710e07\" data-element_type=\"container\">\n\t\t\t\t<div class=\"elementor-element elementor-element-1573403 elementor-widget elementor-widget-image\" data-id=\"1573403\" data-element_type=\"widget\" data-widget_type=\"image.default\">\n\t\t\t\t<div class=\"elementor-widget-container\">\n\t\t\t\t\t\t\t\t\t\t\t\t\t\t\t<img fetchpriority=\"high\" decoding=\"async\" width=\"511\" height=\"511\" src=\"https:\/\/lezamaasesores.com\/cdre25\/wp-content\/uploads\/2025\/07\/apreton-de-manos.svg\" class=\"attachment-full size-full wp-image-3787\" alt=\"\" \/>\t\t\t\t\t\t\t\t\t\t\t\t\t\t\t<\/div>\n\t\t\t\t<\/div>\n\t\t\t\t<\/div>\n\t\t<div class=\"elementor-element elementor-element-dd519d7 e-con-full e-flex e-con e-child\" data-id=\"dd519d7\" data-element_type=\"container\">\n\t\t\t\t<div class=\"elementor-element elementor-element-8cbc388 elementor-widget elementor-widget-text-editor\" data-id=\"8cbc388\" data-element_type=\"widget\" data-widget_type=\"text-editor.default\">\n\t\t\t\t<div class=\"elementor-widget-container\">\n\t\t\t\t\t\t\t\t\t<p>Soporte al CEO, Administrador o propietario<\/p>\t\t\t\t\t\t\t\t<\/div>\n\t\t\t\t<\/div>\n\t\t\t\t<div class=\"elementor-element elementor-element-eb374f7 elementor-widget elementor-widget-text-editor\" data-id=\"eb374f7\" data-element_type=\"widget\" data-widget_type=\"text-editor.default\">\n\t\t\t\t<div class=\"elementor-widget-container\">\n\t\t\t\t\t\t\t\t\t<p>Te acompa\u00f1amos en decisiones importantes con visi\u00f3n y experiencia<\/p>\t\t\t\t\t\t\t\t<\/div>\n\t\t\t\t<\/div>\n\t\t\t\t<\/div>\n\t\t\t\t<\/div>\n\t\t<div class=\"elementor-element elementor-element-331deea e-con-full e-flex e-con e-child\" data-id=\"331deea\" data-element_type=\"container\">\n\t\t<div class=\"elementor-element elementor-element-09ea29a e-con-full e-flex e-con e-child\" data-id=\"09ea29a\" data-element_type=\"container\">\n\t\t\t\t<div class=\"elementor-element elementor-element-980ecd4 elementor-widget elementor-widget-image\" data-id=\"980ecd4\" data-element_type=\"widget\" data-widget_type=\"image.default\">\n\t\t\t\t<div class=\"elementor-widget-container\">\n\t\t\t\t\t\t\t\t\t\t\t\t\t\t\t<img decoding=\"async\" width=\"512\" height=\"512\" src=\"https:\/\/lezamaasesores.com\/cdre25\/wp-content\/uploads\/2025\/07\/gg.svg\" class=\"attachment-full size-full wp-image-3763\" alt=\"\" \/>\t\t\t\t\t\t\t\t\t\t\t\t\t\t\t<\/div>\n\t\t\t\t<\/div>\n\t\t\t\t<\/div>\n\t\t<div class=\"elementor-element elementor-element-b059ca4 e-con-full e-flex e-con e-child\" data-id=\"b059ca4\" data-element_type=\"container\">\n\t\t\t\t<div class=\"elementor-element elementor-element-8dc3db4 elementor-widget elementor-widget-text-editor\" data-id=\"8dc3db4\" data-element_type=\"widget\" data-widget_type=\"text-editor.default\">\n\t\t\t\t<div class=\"elementor-widget-container\">\n\t\t\t\t\t\t\t\t\t<p>Diagn\u00f3stico global del negocio<\/p>\t\t\t\t\t\t\t\t<\/div>\n\t\t\t\t<\/div>\n\t\t\t\t<div class=\"elementor-element elementor-element-a300a33 elementor-widget elementor-widget-text-editor\" data-id=\"a300a33\" data-element_type=\"widget\" data-widget_type=\"text-editor.default\">\n\t\t\t\t<div class=\"elementor-widget-container\">\n\t\t\t\t\t\t\t\t\t<p>Analizamos toda la empresa (procesos, personas, estructura) para detectar mejoras y riesgos.<\/p>\t\t\t\t\t\t\t\t<\/div>\n\t\t\t\t<\/div>\n\t\t\t\t<\/div>\n\t\t\t\t<\/div>\n\t\t<div class=\"elementor-element elementor-element-275d901 e-con-full e-flex e-con e-child\" data-id=\"275d901\" data-element_type=\"container\">\n\t\t<div class=\"elementor-element elementor-element-d69612a e-con-full e-flex e-con e-child\" data-id=\"d69612a\" data-element_type=\"container\">\n\t\t\t\t<div class=\"elementor-element elementor-element-d9f7024 elementor-widget elementor-widget-image\" data-id=\"d9f7024\" data-element_type=\"widget\" data-widget_type=\"image.default\">\n\t\t\t\t<div class=\"elementor-widget-container\">\n\t\t\t\t\t\t\t\t\t\t\t\t\t\t\t<img decoding=\"async\" width=\"512\" height=\"512\" src=\"https:\/\/lezamaasesores.com\/cdre25\/wp-content\/uploads\/2025\/07\/plan-de-negocios.svg\" class=\"attachment-full size-full wp-image-3781\" alt=\"\" \/>\t\t\t\t\t\t\t\t\t\t\t\t\t\t\t<\/div>\n\t\t\t\t<\/div>\n\t\t\t\t<\/div>\n\t\t<div class=\"elementor-element elementor-element-5ebbf21 e-con-full e-flex e-con e-child\" data-id=\"5ebbf21\" data-element_type=\"container\">\n\t\t\t\t<div class=\"elementor-element elementor-element-4eaf139 elementor-widget elementor-widget-text-editor\" data-id=\"4eaf139\" data-element_type=\"widget\" data-widget_type=\"text-editor.default\">\n\t\t\t\t<div class=\"elementor-widget-container\">\n\t\t\t\t\t\t\t\t\t<p>Desarrollo de nuevas l\u00edneas de negocio<\/p>\t\t\t\t\t\t\t\t<\/div>\n\t\t\t\t<\/div>\n\t\t\t\t<div class=\"elementor-element elementor-element-f9b66fd elementor-widget elementor-widget-text-editor\" data-id=\"f9b66fd\" data-element_type=\"widget\" data-widget_type=\"text-editor.default\">\n\t\t\t\t<div class=\"elementor-widget-container\">\n\t\t\t\t\t\t\t\t\t<p>Buscamos contigo nuevas v\u00edas de ingresos, productos o modelos adaptados al mercado.<\/p>\t\t\t\t\t\t\t\t<\/div>\n\t\t\t\t<\/div>\n\t\t\t\t<\/div>\n\t\t\t\t<\/div>\n\t\t\t\t<\/div>\n\t\t<div class=\"elementor-element elementor-element-c76b40f e-con-full e-flex e-con e-child\" data-id=\"c76b40f\" data-element_type=\"container\">\n\t\t<div class=\"elementor-element elementor-element-0b58e7a e-con-full e-flex e-con e-child\" data-id=\"0b58e7a\" data-element_type=\"container\">\n\t\t<div class=\"elementor-element elementor-element-d894302 e-con-full e-flex e-con e-child\" data-id=\"d894302\" data-element_type=\"container\">\n\t\t\t\t<div class=\"elementor-element elementor-element-9eac0e9 elementor-widget elementor-widget-image\" data-id=\"9eac0e9\" data-element_type=\"widget\" data-widget_type=\"image.default\">\n\t\t\t\t<div class=\"elementor-widget-container\">\n\t\t\t\t\t\t\t\t\t\t\t\t\t\t\t<img loading=\"lazy\" decoding=\"async\" width=\"512\" height=\"512\" src=\"https:\/\/lezamaasesores.com\/cdre25\/wp-content\/uploads\/2025\/07\/mesa.svg\" class=\"attachment-full size-full wp-image-3773\" alt=\"\" \/>\t\t\t\t\t\t\t\t\t\t\t\t\t\t\t<\/div>\n\t\t\t\t<\/div>\n\t\t\t\t<\/div>\n\t\t<div class=\"elementor-element elementor-element-b805bff e-con-full e-flex e-con e-child\" data-id=\"b805bff\" data-element_type=\"container\">\n\t\t\t\t<div class=\"elementor-element elementor-element-034d804 elementor-widget elementor-widget-text-editor\" data-id=\"034d804\" data-element_type=\"widget\" data-widget_type=\"text-editor.default\">\n\t\t\t\t<div class=\"elementor-widget-container\">\n\t\t\t\t\t\t\t\t\t<p>Interim CFO \/ Gesti\u00f3n externa temporal<\/p>\t\t\t\t\t\t\t\t<\/div>\n\t\t\t\t<\/div>\n\t\t\t\t<div class=\"elementor-element elementor-element-cd8856e elementor-widget elementor-widget-text-editor\" data-id=\"cd8856e\" data-element_type=\"widget\" data-widget_type=\"text-editor.default\">\n\t\t\t\t<div class=\"elementor-widget-container\">\n\t\t\t\t\t\t\t\t\t<p>Nos integramos en tu empresa como si fu\u00e9ramos parte de ella, asumiendo funciones directivas temporalmente.<\/p>\t\t\t\t\t\t\t\t<\/div>\n\t\t\t\t<\/div>\n\t\t\t\t<\/div>\n\t\t\t\t<\/div>\n\t\t<div class=\"elementor-element elementor-element-a89b1ca e-con-full e-flex e-con e-child\" data-id=\"a89b1ca\" data-element_type=\"container\">\n\t\t<div class=\"elementor-element elementor-element-0a612a4 e-con-full e-flex e-con e-child\" data-id=\"0a612a4\" data-element_type=\"container\">\n\t\t\t\t<div class=\"elementor-element elementor-element-3149472 elementor-widget elementor-widget-image\" data-id=\"3149472\" data-element_type=\"widget\" data-widget_type=\"image.default\">\n\t\t\t\t<div class=\"elementor-widget-container\">\n\t\t\t\t\t\t\t\t\t\t\t\t\t\t\t<img loading=\"lazy\" decoding=\"async\" width=\"512\" height=\"512\" src=\"https:\/\/lezamaasesores.com\/cdre25\/wp-content\/uploads\/2025\/07\/neggocio.svg\" class=\"attachment-full size-full wp-image-3766\" alt=\"\" \/>\t\t\t\t\t\t\t\t\t\t\t\t\t\t\t<\/div>\n\t\t\t\t<\/div>\n\t\t\t\t<\/div>\n\t\t<div class=\"elementor-element elementor-element-2a04842 e-con-full e-flex e-con e-child\" data-id=\"2a04842\" data-element_type=\"container\">\n\t\t\t\t<div class=\"elementor-element elementor-element-1491a01 elementor-widget elementor-widget-text-editor\" data-id=\"1491a01\" data-element_type=\"widget\" data-widget_type=\"text-editor.default\">\n\t\t\t\t<div class=\"elementor-widget-container\">\n\t\t\t\t\t\t\t\t\t<p>Revisi\u00f3n de procesos de direcci\u00f3n<\/p>\t\t\t\t\t\t\t\t<\/div>\n\t\t\t\t<\/div>\n\t\t\t\t<div class=\"elementor-element elementor-element-fbdac98 elementor-widget elementor-widget-text-editor\" data-id=\"fbdac98\" data-element_type=\"widget\" data-widget_type=\"text-editor.default\">\n\t\t\t\t<div class=\"elementor-widget-container\">\n\t\t\t\t\t\t\t\t\t<p>Evaluamos si se est\u00e1 decidiendo bien, y como mejorar la toma de decisiones.<\/p>\t\t\t\t\t\t\t\t<\/div>\n\t\t\t\t<\/div>\n\t\t\t\t<\/div>\n\t\t\t\t<\/div>\n\t\t<div class=\"elementor-element elementor-element-f105107 e-con-full e-flex e-con e-child\" data-id=\"f105107\" data-element_type=\"container\">\n\t\t<div class=\"elementor-element elementor-element-e9d155a e-con-full e-flex e-con e-child\" data-id=\"e9d155a\" data-element_type=\"container\">\n\t\t\t\t<div class=\"elementor-element elementor-element-48e12ea elementor-widget elementor-widget-image\" data-id=\"48e12ea\" data-element_type=\"widget\" data-widget_type=\"image.default\">\n\t\t\t\t<div class=\"elementor-widget-container\">\n\t\t\t\t\t\t\t\t\t\t\t\t\t\t\t<img loading=\"lazy\" decoding=\"async\" width=\"512\" height=\"512\" src=\"https:\/\/lezamaasesores.com\/cdre25\/wp-content\/uploads\/2025\/07\/gestion.svg\" class=\"attachment-full size-full wp-image-3783\" alt=\"\" \/>\t\t\t\t\t\t\t\t\t\t\t\t\t\t\t<\/div>\n\t\t\t\t<\/div>\n\t\t\t\t<\/div>\n\t\t<div class=\"elementor-element elementor-element-a709440 e-con-full e-flex e-con e-child\" data-id=\"a709440\" data-element_type=\"container\">\n\t\t\t\t<div class=\"elementor-element elementor-element-799d212 elementor-widget elementor-widget-text-editor\" data-id=\"799d212\" data-element_type=\"widget\" data-widget_type=\"text-editor.default\">\n\t\t\t\t<div class=\"elementor-widget-container\">\n\t\t\t\t\t\t\t\t\t<p>Reorganizaci\u00f3n operativa y societaria<\/p>\t\t\t\t\t\t\t\t<\/div>\n\t\t\t\t<\/div>\n\t\t\t\t<div class=\"elementor-element elementor-element-81a4e0b elementor-widget elementor-widget-text-editor\" data-id=\"81a4e0b\" data-element_type=\"widget\" data-widget_type=\"text-editor.default\">\n\t\t\t\t<div class=\"elementor-widget-container\">\n\t\t\t\t\t\t\t\t\t<p>Ordenamos la empresa para que sea m\u00e1s clara, rentable y f\u00e1cil de gestionar.<\/p>\t\t\t\t\t\t\t\t<\/div>\n\t\t\t\t<\/div>\n\t\t\t\t<\/div>\n\t\t\t\t<\/div>\n\t\t\t\t<\/div>\n\t\t\t\t<\/div>\n\t\t\t\t\t<\/div>\n\t\t\t\t<\/div>\n\t\t<div class=\"elementor-element elementor-element-6516272 e-flex e-con-boxed e-con e-parent\" data-id=\"6516272\" data-element_type=\"container\" data-settings=\"{&quot;background_background&quot;:&quot;classic&quot;}\">\n\t\t\t\t\t<div class=\"e-con-inner\">\n\t\t<div class=\"elementor-element elementor-element-7dc05b0 e-con-full e-flex e-con e-child\" data-id=\"7dc05b0\" data-element_type=\"container\">\n\t\t<div class=\"elementor-element elementor-element-6361aaf e-con-full e-flex e-con e-child\" data-id=\"6361aaf\" data-element_type=\"container\">\n\t\t\t\t<div class=\"elementor-element elementor-element-5557489 elementor-widget elementor-widget-image\" data-id=\"5557489\" data-element_type=\"widget\" data-widget_type=\"image.default\">\n\t\t\t\t<div class=\"elementor-widget-container\">\n\t\t\t\t\t\t\t\t\t\t\t\t\t\t\t<img loading=\"lazy\" decoding=\"async\" width=\"400\" height=\"606\" src=\"https:\/\/lezamaasesores.com\/cdre25\/wp-content\/uploads\/2025\/07\/xaa.png\" class=\"attachment-full size-full wp-image-3643\" alt=\"\" srcset=\"https:\/\/lezamaasesores.com\/cdre25\/wp-content\/uploads\/2025\/07\/xaa.png 400w, https:\/\/lezamaasesores.com\/cdre25\/wp-content\/uploads\/2025\/07\/xaa-198x300.png 198w\" sizes=\"(max-width: 400px) 100vw, 400px\" \/>\t\t\t\t\t\t\t\t\t\t\t\t\t\t\t<\/div>\n\t\t\t\t<\/div>\n\t\t\t\t<\/div>\n\t\t<div class=\"elementor-element elementor-element-9f40675 e-con-full e-flex e-con e-child\" data-id=\"9f40675\" data-element_type=\"container\">\n\t\t\t\t<div class=\"elementor-element elementor-element-e924944 elementor-widget-mobile__width-inherit elementor-widget elementor-widget-text-editor\" data-id=\"e924944\" data-element_type=\"widget\" data-widget_type=\"text-editor.default\">\n\t\t\t\t<div class=\"elementor-widget-container\">\n\t\t\t\t\t\t\t\t\t<p>No somos un gran firma de consultor\u00eda.<\/p>\t\t\t\t\t\t\t\t<\/div>\n\t\t\t\t<\/div>\n\t\t\t\t<div class=\"elementor-element elementor-element-e10e1d2 elementor-widget elementor-widget-text-editor\" data-id=\"e10e1d2\" data-element_type=\"widget\" data-widget_type=\"text-editor.default\">\n\t\t\t\t<div class=\"elementor-widget-container\">\n\t\t\t\t\t\t\t\t\t<p>Somos personas que se implican<\/p>\t\t\t\t\t\t\t\t<\/div>\n\t\t\t\t<\/div>\n\t\t\t\t<div class=\"elementor-element elementor-element-004a541 elementor-widget elementor-widget-text-editor\" data-id=\"004a541\" data-element_type=\"widget\" data-widget_type=\"text-editor.default\">\n\t\t\t\t<div class=\"elementor-widget-container\">\n\t\t\t\t\t\t\t\t\t<p>CDRE nace con una idea clara: <strong>la cercan\u00eda marca la diferencia.<\/strong><\/p><p>Trabajamos desde dentro de tu empresa, codo con codo contigo, como parte de tu equipo.<\/p><p><strong>Adaptamos cada servicio a tus recursos, tus objetivos y tu momento.<\/strong><\/p><p>Nuestro trabajo tiene un proposito: mejorar tu empresa de forma real.<\/p>\t\t\t\t\t\t\t\t<\/div>\n\t\t\t\t<\/div>\n\t\t\t\t<\/div>\n\t\t\t\t<\/div>\n\t\t\t\t\t<\/div>\n\t\t\t\t<\/div>\n\t\t<div class=\"elementor-element elementor-element-ae8befc e-con-full e-flex e-con e-parent\" data-id=\"ae8befc\" data-element_type=\"container\">\n\t\t<div class=\"elementor-element elementor-element-481fe3c e-flex e-con-boxed e-con e-child\" data-id=\"481fe3c\" data-element_type=\"container\" data-settings=\"{&quot;background_background&quot;:&quot;classic&quot;}\">\n\t\t\t\t\t<div class=\"e-con-inner\">\n\t\t<div class=\"elementor-element elementor-element-fba6e43 e-con-full e-flex e-con e-child\" data-id=\"fba6e43\" data-element_type=\"container\">\n\t\t\t\t<div class=\"elementor-element elementor-element-c5e4e6e elementor-widget elementor-widget-text-editor\" data-id=\"c5e4e6e\" data-element_type=\"widget\" data-settings=\"{&quot;motion_fx_motion_fx_scrolling&quot;:&quot;yes&quot;,&quot;motion_fx_translateX_effect&quot;:&quot;yes&quot;,&quot;motion_fx_translateX_affectedRange&quot;:{&quot;unit&quot;:&quot;%&quot;,&quot;size&quot;:&quot;&quot;,&quot;sizes&quot;:{&quot;start&quot;:0,&quot;end&quot;:53}},&quot;motion_fx_translateX_speed&quot;:{&quot;unit&quot;:&quot;px&quot;,&quot;size&quot;:4,&quot;sizes&quot;:[]},&quot;motion_fx_devices&quot;:[&quot;desktop&quot;,&quot;tablet&quot;,&quot;mobile&quot;]}\" data-widget_type=\"text-editor.default\">\n\t\t\t\t<div class=\"elementor-widget-container\">\n\t\t\t\t\t\t\t\t\t<p>En CDRE estamos aqu\u00ed<\/p><p>para ayudarte,<\/p><p>sin rodeos<\/p><p>ni complicaciones.<\/p>\t\t\t\t\t\t\t\t<\/div>\n\t\t\t\t<\/div>\n\t\t\t\t<div class=\"elementor-element elementor-element-a96b532 elementor-widget elementor-widget-text-editor\" data-id=\"a96b532\" data-element_type=\"widget\" data-widget_type=\"text-editor.default\">\n\t\t\t\t<div class=\"elementor-widget-container\">\n\t\t\t\t\t\t\t\t\t<p>Si tienes una duda, un proyecto que no sabes c\u00f3mo arrancar, o simplemente quieres saber si podemos aportar valor a tu empresa, cont\u00e1ctanos.<\/p>\t\t\t\t\t\t\t\t<\/div>\n\t\t\t\t<\/div>\n\t\t\t\t<div class=\"elementor-element elementor-element-974c5c3 elementor-align-center elementor-widget elementor-widget-elementskit-button\" data-id=\"974c5c3\" data-element_type=\"widget\" data-widget_type=\"elementskit-button.default\">\n\t\t\t\t<div class=\"elementor-widget-container\">\n\t\t\t\t\t<div class=\"ekit-wid-con\" >\t\t<div class=\"ekit-btn-wraper\">\n\t\t\t\t\t\t\t<a href=\"https:\/\/lezamaasesores.com\/cdre25\/contacto\/\" class=\"elementskit-btn  whitespace--normal\" id=\"\">\n\t\t\t\t\tContactar\t\t\t\t<\/a>\n\t\t\t\t\t<\/div>\n        <\/div>\t\t\t\t<\/div>\n\t\t\t\t<\/div>\n\t\t\t\t<\/div>\n\t\t<div class=\"elementor-element elementor-element-6c8d740 e-con-full elementor-hidden-mobile e-flex e-con e-child\" data-id=\"6c8d740\" data-element_type=\"container\">\n\t\t\t\t<\/div>\n\t\t\t\t\t<\/div>\n\t\t\t\t<\/div>\n\t\t\t\t<\/div>\n\t\t\t\t<\/div>\n\t\t","protected":false},"excerpt":{"rendered":"<p>Nos incorporamos a la direcci\u00f3n general de una empresa industrial en plena fase de estancamiento. Tras un an\u00e1lisis global, redise\u00f1amos el organigrama, propusimos un modelo de liderazgo por \u00e1reas y abrimos una nueva l\u00ednea de negocio online que multiplic\u00f3 su visibilidad y captaci\u00f3n. Juan Gaspar Garc\u00eda | CEO CDRE Consultora de regeneraci\u00f3n empresarial Consultor\u00eda Gerencial. [&hellip;]<\/p>\n","protected":false},"author":1,"featured_media":0,"parent":0,"menu_order":0,"comment_status":"closed","ping_status":"closed","template":"","meta":{"footnotes":""},"class_list":["post-3257","page","type-page","status-publish","hentry"],"_links":{"self":[{"href":"https:\/\/lezamaasesores.com\/cdre25\/wp-json\/wp\/v2\/pages\/3257","targetHints":{"allow":["GET"]}}],"collection":[{"href":"https:\/\/lezamaasesores.com\/cdre25\/wp-json\/wp\/v2\/pages"}],"about":[{"href":"https:\/\/lezamaasesores.com\/cdre25\/wp-json\/wp\/v2\/types\/page"}],"author":[{"embeddable":true,"href":"https:\/\/lezamaasesores.com\/cdre25\/wp-json\/wp\/v2\/users\/1"}],"replies":[{"embeddable":true,"href":"https:\/\/lezamaasesores.com\/cdre25\/wp-json\/wp\/v2\/comments?post=3257"}],"version-history":[{"count":154,"href":"https:\/\/lezamaasesores.com\/cdre25\/wp-json\/wp\/v2\/pages\/3257\/revisions"}],"predecessor-version":[{"id":4145,"href":"https:\/\/lezamaasesores.com\/cdre25\/wp-json\/wp\/v2\/pages\/3257\/revisions\/4145"}],"wp:attachment":[{"href":"https:\/\/lezamaasesores.com\/cdre25\/wp-json\/wp\/v2\/media?parent=3257"}],"curies":[{"name":"wp","href":"https:\/\/api.w.org\/{rel}","templated":true}]}}