{"id":6483,"date":"2025-01-30T20:51:53","date_gmt":"2025-01-30T19:51:53","guid":{"rendered":"https:\/\/lezamaasesores.com\/cantavella\/producto\/plantilla-desodorante\/"},"modified":"2025-01-31T12:31:56","modified_gmt":"2025-01-31T11:31:56","slug":"plantilla-desodorante","status":"publish","type":"product","link":"https:\/\/lezamaasesores.com\/cantavella\/producto\/plantilla-desodorante\/","title":{"rendered":"PLANTILLA DESODORANTE"},"content":{"rendered":"<p>Plantillas con tejido de algod\u00f3n, carb\u00f3n activado y espuma de l\u00e1tex con tratamiento antideslizante y desodorante. Se venden en paquetes de seis.<\/p>\n<p>Material: ALGOD\u00d3N Y ESPUMA DE L\u00c1TEX<\/p>\n","protected":false},"excerpt":{"rendered":"<p>Plantilla desodorante<br \/>\nMaterial: ALGOD\u00d3N Y ESPUMA DE L\u00c1TEX<\/p>\n","protected":false},"featured_media":4706,"comment_status":"closed","ping_status":"closed","template":"","meta":[],"product_brand":[],"product_cat":[771,775,15],"product_tag":[732,731,734],"class_list":{"0":"post-6483","1":"product","2":"type-product","3":"status-publish","4":"has-post-thumbnail","6":"product_cat-mujer-hombre-2","7":"product_cat-complementos","8":"product_cat-sin-categorizar","9":"product_tag-antideslizante","10":"product_tag-bactericida","11":"product_tag-desodorante","12":"pa_talla-587","13":"pa_talla-588","14":"pa_talla-589","15":"pa_talla-560","16":"pa_talla-570","17":"pa_talla-571","18":"pa_talla-572","19":"pa_talla-573","20":"pa_talla-574","21":"pa_talla-575","22":"pa_talla-576","24":"first","25":"instock","26":"taxable","27":"shipping-taxable","28":"purchasable","29":"product-type-variable"},"_links":{"self":[{"href":"https:\/\/lezamaasesores.com\/cantavella\/wp-json\/wp\/v2\/product\/6483","targetHints":{"allow":["GET"]}}],"collection":[{"href":"https:\/\/lezamaasesores.com\/cantavella\/wp-json\/wp\/v2\/product"}],"about":[{"href":"https:\/\/lezamaasesores.com\/cantavella\/wp-json\/wp\/v2\/types\/product"}],"replies":[{"embeddable":true,"href":"https:\/\/lezamaasesores.com\/cantavella\/wp-json\/wp\/v2\/comments?post=6483"}],"wp:featuredmedia":[{"embeddable":true,"href":"https:\/\/lezamaasesores.com\/cantavella\/wp-json\/wp\/v2\/media\/4706"}],"wp:attachment":[{"href":"https:\/\/lezamaasesores.com\/cantavella\/wp-json\/wp\/v2\/media?parent=6483"}],"wp:term":[{"taxonomy":"product_brand","embeddable":true,"href":"https:\/\/lezamaasesores.com\/cantavella\/wp-json\/wp\/v2\/product_brand?post=6483"},{"taxonomy":"product_cat","embeddable":true,"href":"https:\/\/lezamaasesores.com\/cantavella\/wp-json\/wp\/v2\/product_cat?post=6483"},{"taxonomy":"product_tag","embeddable":true,"href":"https:\/\/lezamaasesores.com\/cantavella\/wp-json\/wp\/v2\/product_tag?post=6483"}],"curies":[{"name":"wp","href":"https:\/\/api.w.org\/{rel}","templated":true}]}}