{"id":5926,"date":"2025-01-30T20:44:50","date_gmt":"2025-01-30T19:44:50","guid":{"rendered":"https:\/\/lezamaasesores.com\/cantavella\/producto\/14508\/"},"modified":"2025-02-04T19:32:34","modified_gmt":"2025-02-04T18:32:34","slug":"14508","status":"publish","type":"product","link":"https:\/\/lezamaasesores.com\/cantavella\/producto\/14508\/","title":{"rendered":"14508"},"content":{"rendered":"<p>Chinela para estar por casa con cu\u00f1a y abierta en la parte delantera. Adem\u00e1s de la plantilla Plumaflex para mejorar el descanso de pies y piernas cuenta con una apertura con banda el\u00e1stica en la pala para amoldarse mejor a cualquier pie.<\/p>\n<p>Material: TEJIDO<\/p>\n","protected":false},"excerpt":{"rendered":"<p>Chinela cu\u00f1a. PLUMAFLEX<br \/>\nMaterial: TEJIDO<\/p>\n","protected":false},"featured_media":4801,"comment_status":"closed","ping_status":"closed","template":"","meta":[],"product_brand":[],"product_cat":[752,756,779,15],"product_tag":[597,596,620],"class_list":{"0":"post-5926","1":"product","2":"type-product","3":"status-publish","4":"has-post-thumbnail","6":"product_cat-mujer","7":"product_cat-para-casa","8":"product_cat-para-casa-2","9":"product_cat-sin-categorizar","10":"product_tag-con-cuna","11":"product_tag-elastico","12":"product_tag-plantilla-plumaflex","13":"pa_color-marino","14":"pa_color-rosa","15":"pa_talla-579","16":"pa_talla-587","17":"pa_talla-588","18":"pa_talla-589","19":"pa_talla-560","20":"pa_talla-570","21":"pa_talla-571","23":"first","24":"instock","25":"taxable","26":"shipping-taxable","27":"purchasable","28":"product-type-variable"},"_links":{"self":[{"href":"https:\/\/lezamaasesores.com\/cantavella\/wp-json\/wp\/v2\/product\/5926","targetHints":{"allow":["GET"]}}],"collection":[{"href":"https:\/\/lezamaasesores.com\/cantavella\/wp-json\/wp\/v2\/product"}],"about":[{"href":"https:\/\/lezamaasesores.com\/cantavella\/wp-json\/wp\/v2\/types\/product"}],"replies":[{"embeddable":true,"href":"https:\/\/lezamaasesores.com\/cantavella\/wp-json\/wp\/v2\/comments?post=5926"}],"wp:featuredmedia":[{"embeddable":true,"href":"https:\/\/lezamaasesores.com\/cantavella\/wp-json\/wp\/v2\/media\/4801"}],"wp:attachment":[{"href":"https:\/\/lezamaasesores.com\/cantavella\/wp-json\/wp\/v2\/media?parent=5926"}],"wp:term":[{"taxonomy":"product_brand","embeddable":true,"href":"https:\/\/lezamaasesores.com\/cantavella\/wp-json\/wp\/v2\/product_brand?post=5926"},{"taxonomy":"product_cat","embeddable":true,"href":"https:\/\/lezamaasesores.com\/cantavella\/wp-json\/wp\/v2\/product_cat?post=5926"},{"taxonomy":"product_tag","embeddable":true,"href":"https:\/\/lezamaasesores.com\/cantavella\/wp-json\/wp\/v2\/product_tag?post=5926"}],"curies":[{"name":"wp","href":"https:\/\/api.w.org\/{rel}","templated":true}]}}