{"id":5840,"date":"2025-01-30T20:43:49","date_gmt":"2025-01-30T19:43:49","guid":{"rendered":"https:\/\/lezamaasesores.com\/cantavella\/producto\/5354\/"},"modified":"2025-02-04T19:32:38","modified_gmt":"2025-02-04T18:32:38","slug":"5354","status":"publish","type":"product","link":"https:\/\/lezamaasesores.com\/cantavella\/producto\/5354\/","title":{"rendered":"5354"},"content":{"rendered":"<p>Chinela para estar por casa de rizo y con cu\u00f1a para se\u00f1ora. Tambi\u00e9n tiene un corte en la pala para amoldarse mejor a cada pie.<\/p>\n<p>Material: RIZO<\/p>\n","protected":false},"excerpt":{"rendered":"<p>Chinela rizo. CABRERA<br \/>\nMaterial: RIZO<\/p>\n","protected":false},"featured_media":4758,"comment_status":"closed","ping_status":"closed","template":"","meta":[],"product_brand":[],"product_cat":[752,756,779,15],"product_tag":[597],"class_list":{"0":"post-5840","1":"product","2":"type-product","3":"status-publish","4":"has-post-thumbnail","6":"product_cat-mujer","7":"product_cat-para-casa","8":"product_cat-para-casa-2","9":"product_cat-sin-categorizar","10":"product_tag-con-cuna","11":"pa_color-aguamar","12":"pa_color-violeta","13":"pa_talla-579","14":"pa_talla-587","15":"pa_talla-588","16":"pa_talla-589","17":"pa_talla-560","18":"pa_talla-570","19":"pa_talla-571","21":"first","22":"instock","23":"taxable","24":"shipping-taxable","25":"purchasable","26":"product-type-variable"},"_links":{"self":[{"href":"https:\/\/lezamaasesores.com\/cantavella\/wp-json\/wp\/v2\/product\/5840","targetHints":{"allow":["GET"]}}],"collection":[{"href":"https:\/\/lezamaasesores.com\/cantavella\/wp-json\/wp\/v2\/product"}],"about":[{"href":"https:\/\/lezamaasesores.com\/cantavella\/wp-json\/wp\/v2\/types\/product"}],"replies":[{"embeddable":true,"href":"https:\/\/lezamaasesores.com\/cantavella\/wp-json\/wp\/v2\/comments?post=5840"}],"wp:featuredmedia":[{"embeddable":true,"href":"https:\/\/lezamaasesores.com\/cantavella\/wp-json\/wp\/v2\/media\/4758"}],"wp:attachment":[{"href":"https:\/\/lezamaasesores.com\/cantavella\/wp-json\/wp\/v2\/media?parent=5840"}],"wp:term":[{"taxonomy":"product_brand","embeddable":true,"href":"https:\/\/lezamaasesores.com\/cantavella\/wp-json\/wp\/v2\/product_brand?post=5840"},{"taxonomy":"product_cat","embeddable":true,"href":"https:\/\/lezamaasesores.com\/cantavella\/wp-json\/wp\/v2\/product_cat?post=5840"},{"taxonomy":"product_tag","embeddable":true,"href":"https:\/\/lezamaasesores.com\/cantavella\/wp-json\/wp\/v2\/product_tag?post=5840"}],"curies":[{"name":"wp","href":"https:\/\/api.w.org\/{rel}","templated":true}]}}