{"id":5461,"date":"2025-01-30T20:39:30","date_gmt":"2025-01-30T19:39:30","guid":{"rendered":"https:\/\/lezamaasesores.com\/cantavella\/producto\/304\/"},"modified":"2025-02-04T19:29:08","modified_gmt":"2025-02-04T18:29:08","slug":"304","status":"publish","type":"product","link":"https:\/\/lezamaasesores.com\/cantavella\/producto\/304\/","title":{"rendered":"304"},"content":{"rendered":"<p>Zapatilla de se\u00f1ora con el\u00e1stico en la pala para mayor comodidad y cu\u00f1a<\/p>\n<p>Material: ACOLCHADO<\/p>\n","protected":false},"excerpt":{"rendered":"<p>Zapatilla cu\u00f1a el\u00e1stico Classic. CALS\u00c1N<br \/>\nMaterial: ACOLCHADO<\/p>\n","protected":false},"featured_media":4776,"comment_status":"closed","ping_status":"closed","template":"","meta":[],"product_brand":[],"product_cat":[752,753,778,15],"product_tag":[610,597,596],"class_list":{"0":"post-5461","1":"product","2":"type-product","3":"status-publish","4":"has-post-thumbnail","6":"product_cat-mujer","7":"product_cat-para-calle","8":"product_cat-para-calle-2","9":"product_cat-sin-categorizar","10":"product_tag-acolchado","11":"product_tag-con-cuna","12":"product_tag-elastico","13":"pa_color-blanco","14":"pa_color-vaquero","15":"pa_talla-579","16":"pa_talla-587","17":"pa_talla-588","18":"pa_talla-589","19":"pa_talla-560","20":"pa_talla-570","21":"pa_talla-571","23":"first","24":"instock","25":"taxable","26":"shipping-taxable","27":"purchasable","28":"product-type-variable"},"_links":{"self":[{"href":"https:\/\/lezamaasesores.com\/cantavella\/wp-json\/wp\/v2\/product\/5461","targetHints":{"allow":["GET"]}}],"collection":[{"href":"https:\/\/lezamaasesores.com\/cantavella\/wp-json\/wp\/v2\/product"}],"about":[{"href":"https:\/\/lezamaasesores.com\/cantavella\/wp-json\/wp\/v2\/types\/product"}],"replies":[{"embeddable":true,"href":"https:\/\/lezamaasesores.com\/cantavella\/wp-json\/wp\/v2\/comments?post=5461"}],"wp:featuredmedia":[{"embeddable":true,"href":"https:\/\/lezamaasesores.com\/cantavella\/wp-json\/wp\/v2\/media\/4776"}],"wp:attachment":[{"href":"https:\/\/lezamaasesores.com\/cantavella\/wp-json\/wp\/v2\/media?parent=5461"}],"wp:term":[{"taxonomy":"product_brand","embeddable":true,"href":"https:\/\/lezamaasesores.com\/cantavella\/wp-json\/wp\/v2\/product_brand?post=5461"},{"taxonomy":"product_cat","embeddable":true,"href":"https:\/\/lezamaasesores.com\/cantavella\/wp-json\/wp\/v2\/product_cat?post=5461"},{"taxonomy":"product_tag","embeddable":true,"href":"https:\/\/lezamaasesores.com\/cantavella\/wp-json\/wp\/v2\/product_tag?post=5461"}],"curies":[{"name":"wp","href":"https:\/\/api.w.org\/{rel}","templated":true}]}}