{"id":5453,"date":"2025-01-30T20:39:30","date_gmt":"2025-01-30T19:39:30","guid":{"rendered":"https:\/\/lezamaasesores.com\/cantavella\/producto\/1167\/"},"modified":"2025-02-04T19:29:08","modified_gmt":"2025-02-04T18:29:08","slug":"1167","status":"publish","type":"product","link":"https:\/\/lezamaasesores.com\/cantavella\/producto\/1167\/","title":{"rendered":"1167"},"content":{"rendered":"<p>Zapatilla estilo ingl\u00e9s de se\u00f1ora con cu\u00f1a y acolchado para mayor comodidad.<\/p>\n<p>Material: ACOLCHADO<\/p>\n","protected":false},"excerpt":{"rendered":"<p>Ingl\u00e9s acolchado cu\u00f1a. SOCA<br \/>\nMaterial: ACOLCHADO<\/p>\n","protected":false},"featured_media":4819,"comment_status":"closed","ping_status":"closed","template":"","meta":[],"product_brand":[],"product_cat":[752,753,778,15],"product_tag":[610,577,597],"class_list":{"0":"post-5453","1":"product","2":"type-product","3":"status-publish","4":"has-post-thumbnail","6":"product_cat-mujer","7":"product_cat-para-calle","8":"product_cat-para-calle-2","9":"product_cat-sin-categorizar","10":"product_tag-acolchado","11":"product_tag-con-cordones","12":"product_tag-con-cuna","13":"pa_color-blanco","14":"pa_talla-579","15":"pa_talla-587","16":"pa_talla-588","17":"pa_talla-589","18":"pa_talla-560","19":"pa_talla-570","20":"pa_talla-571","22":"first","23":"instock","24":"taxable","25":"shipping-taxable","26":"purchasable","27":"product-type-variable"},"_links":{"self":[{"href":"https:\/\/lezamaasesores.com\/cantavella\/wp-json\/wp\/v2\/product\/5453","targetHints":{"allow":["GET"]}}],"collection":[{"href":"https:\/\/lezamaasesores.com\/cantavella\/wp-json\/wp\/v2\/product"}],"about":[{"href":"https:\/\/lezamaasesores.com\/cantavella\/wp-json\/wp\/v2\/types\/product"}],"replies":[{"embeddable":true,"href":"https:\/\/lezamaasesores.com\/cantavella\/wp-json\/wp\/v2\/comments?post=5453"}],"wp:featuredmedia":[{"embeddable":true,"href":"https:\/\/lezamaasesores.com\/cantavella\/wp-json\/wp\/v2\/media\/4819"}],"wp:attachment":[{"href":"https:\/\/lezamaasesores.com\/cantavella\/wp-json\/wp\/v2\/media?parent=5453"}],"wp:term":[{"taxonomy":"product_brand","embeddable":true,"href":"https:\/\/lezamaasesores.com\/cantavella\/wp-json\/wp\/v2\/product_brand?post=5453"},{"taxonomy":"product_cat","embeddable":true,"href":"https:\/\/lezamaasesores.com\/cantavella\/wp-json\/wp\/v2\/product_cat?post=5453"},{"taxonomy":"product_tag","embeddable":true,"href":"https:\/\/lezamaasesores.com\/cantavella\/wp-json\/wp\/v2\/product_tag?post=5453"}],"curies":[{"name":"wp","href":"https:\/\/api.w.org\/{rel}","templated":true}]}}