{"id":5438,"date":"2025-01-30T20:39:16","date_gmt":"2025-01-30T19:39:16","guid":{"rendered":"https:\/\/lezamaasesores.com\/cantavella\/producto\/9012\/"},"modified":"2025-02-04T19:29:09","modified_gmt":"2025-02-04T18:29:09","slug":"9012","status":"publish","type":"product","link":"https:\/\/lezamaasesores.com\/cantavella\/producto\/9012\/","title":{"rendered":"9012"},"content":{"rendered":"<p>Mercedes con velcro y cu\u00f1a para se\u00f1ora con tejido agujereado para mayor traspiraci\u00f3n en \u00e9pocas de calor.<\/p>\n<p>Material: REJILLA<\/p>\n","protected":false},"excerpt":{"rendered":"<p>Mercedes cu\u00f1a. COSDAM<br \/>\nMaterial: REJILLA<\/p>\n","protected":false},"featured_media":4730,"comment_status":"closed","ping_status":"closed","template":"","meta":[],"product_brand":[],"product_cat":[752,753,778,15],"product_tag":[597,601,607],"class_list":{"0":"post-5438","1":"product","2":"type-product","3":"status-publish","4":"has-post-thumbnail","6":"product_cat-mujer","7":"product_cat-para-calle","8":"product_cat-para-calle-2","9":"product_cat-sin-categorizar","10":"product_tag-con-cuna","11":"product_tag-con-velcro","12":"product_tag-traspirable","13":"pa_color-gamo","14":"pa_color-gris","15":"pa_talla-579","16":"pa_talla-587","17":"pa_talla-588","18":"pa_talla-589","19":"pa_talla-560","20":"pa_talla-570","21":"pa_talla-571","23":"first","24":"instock","25":"taxable","26":"shipping-taxable","27":"purchasable","28":"product-type-variable"},"_links":{"self":[{"href":"https:\/\/lezamaasesores.com\/cantavella\/wp-json\/wp\/v2\/product\/5438","targetHints":{"allow":["GET"]}}],"collection":[{"href":"https:\/\/lezamaasesores.com\/cantavella\/wp-json\/wp\/v2\/product"}],"about":[{"href":"https:\/\/lezamaasesores.com\/cantavella\/wp-json\/wp\/v2\/types\/product"}],"replies":[{"embeddable":true,"href":"https:\/\/lezamaasesores.com\/cantavella\/wp-json\/wp\/v2\/comments?post=5438"}],"wp:featuredmedia":[{"embeddable":true,"href":"https:\/\/lezamaasesores.com\/cantavella\/wp-json\/wp\/v2\/media\/4730"}],"wp:attachment":[{"href":"https:\/\/lezamaasesores.com\/cantavella\/wp-json\/wp\/v2\/media?parent=5438"}],"wp:term":[{"taxonomy":"product_brand","embeddable":true,"href":"https:\/\/lezamaasesores.com\/cantavella\/wp-json\/wp\/v2\/product_brand?post=5438"},{"taxonomy":"product_cat","embeddable":true,"href":"https:\/\/lezamaasesores.com\/cantavella\/wp-json\/wp\/v2\/product_cat?post=5438"},{"taxonomy":"product_tag","embeddable":true,"href":"https:\/\/lezamaasesores.com\/cantavella\/wp-json\/wp\/v2\/product_tag?post=5438"}],"curies":[{"name":"wp","href":"https:\/\/api.w.org\/{rel}","templated":true}]}}