{"id":5423,"date":"2025-01-30T20:38:59","date_gmt":"2025-01-30T19:38:59","guid":{"rendered":"https:\/\/lezamaasesores.com\/cantavella\/producto\/9013\/"},"modified":"2025-02-04T19:29:09","modified_gmt":"2025-02-04T18:29:09","slug":"9013","status":"publish","type":"product","link":"https:\/\/lezamaasesores.com\/cantavella\/producto\/9013\/","title":{"rendered":"9013"},"content":{"rendered":"<p>Zapatilla de se\u00f1ora con cu\u00f1a de tejido agujereado para mayor traspiraci\u00f3n en \u00e9pocas de calor. Cuenta con un velcro y un el\u00e1stico para mayor comodidad.<\/p>\n<p>Material: REJILLA<\/p>\n","protected":false},"excerpt":{"rendered":"<p>Zapatilla con el\u00e1stico y velcro cu\u00f1a. COSDAM<br \/>\nMaterial: REJILLA<\/p>\n","protected":false},"featured_media":4727,"comment_status":"closed","ping_status":"closed","template":"","meta":[],"product_brand":[],"product_cat":[752,753,778,15],"product_tag":[597,601,596,607],"class_list":{"0":"post-5423","1":"product","2":"type-product","3":"status-publish","4":"has-post-thumbnail","6":"product_cat-mujer","7":"product_cat-para-calle","8":"product_cat-para-calle-2","9":"product_cat-sin-categorizar","10":"product_tag-con-cuna","11":"product_tag-con-velcro","12":"product_tag-elastico","13":"product_tag-traspirable","14":"pa_color-gamo","15":"pa_color-gris","16":"pa_talla-579","17":"pa_talla-587","18":"pa_talla-588","19":"pa_talla-589","20":"pa_talla-560","21":"pa_talla-570","22":"pa_talla-571","24":"first","25":"instock","26":"taxable","27":"shipping-taxable","28":"purchasable","29":"product-type-variable"},"_links":{"self":[{"href":"https:\/\/lezamaasesores.com\/cantavella\/wp-json\/wp\/v2\/product\/5423","targetHints":{"allow":["GET"]}}],"collection":[{"href":"https:\/\/lezamaasesores.com\/cantavella\/wp-json\/wp\/v2\/product"}],"about":[{"href":"https:\/\/lezamaasesores.com\/cantavella\/wp-json\/wp\/v2\/types\/product"}],"replies":[{"embeddable":true,"href":"https:\/\/lezamaasesores.com\/cantavella\/wp-json\/wp\/v2\/comments?post=5423"}],"wp:featuredmedia":[{"embeddable":true,"href":"https:\/\/lezamaasesores.com\/cantavella\/wp-json\/wp\/v2\/media\/4727"}],"wp:attachment":[{"href":"https:\/\/lezamaasesores.com\/cantavella\/wp-json\/wp\/v2\/media?parent=5423"}],"wp:term":[{"taxonomy":"product_brand","embeddable":true,"href":"https:\/\/lezamaasesores.com\/cantavella\/wp-json\/wp\/v2\/product_brand?post=5423"},{"taxonomy":"product_cat","embeddable":true,"href":"https:\/\/lezamaasesores.com\/cantavella\/wp-json\/wp\/v2\/product_cat?post=5423"},{"taxonomy":"product_tag","embeddable":true,"href":"https:\/\/lezamaasesores.com\/cantavella\/wp-json\/wp\/v2\/product_tag?post=5423"}],"curies":[{"name":"wp","href":"https:\/\/api.w.org\/{rel}","templated":true}]}}