{"id":5389,"date":"2025-01-30T20:38:43","date_gmt":"2025-01-30T19:38:43","guid":{"rendered":"https:\/\/lezamaasesores.com\/cantavella\/producto\/706\/"},"modified":"2025-02-04T19:29:11","modified_gmt":"2025-02-04T18:29:11","slug":"706","status":"publish","type":"product","link":"https:\/\/lezamaasesores.com\/cantavella\/producto\/706\/","title":{"rendered":"706"},"content":{"rendered":"<p>Zapatilla de se\u00f1ora con pala de licra, con velcro y con cu\u00f1a. Zapatilla ancho especial para mayor comodidad para el d\u00eda a d\u00eda.<\/p>\n<p>Material: LICRA<\/p>\n","protected":false},"excerpt":{"rendered":"<p>Zapatilla velcro licra con cu\u00f1a. DOCTOR CUTILLAS<br \/>\nMaterial: LICRA<\/p>\n","protected":false},"featured_media":4753,"comment_status":"closed","ping_status":"closed","template":"","meta":[],"product_brand":[],"product_cat":[752,753,778,15],"product_tag":[566,595,597,601,594],"class_list":{"0":"post-5389","1":"product","2":"type-product","3":"status-publish","4":"has-post-thumbnail","6":"product_cat-mujer","7":"product_cat-para-calle","8":"product_cat-para-calle-2","9":"product_cat-sin-categorizar","10":"product_tag-ancho-especial","11":"product_tag-comodo","12":"product_tag-con-cuna","13":"product_tag-con-velcro","14":"product_tag-licra","15":"pa_color-tostado","16":"pa_talla-579","17":"pa_talla-587","18":"pa_talla-588","19":"pa_talla-589","20":"pa_talla-560","21":"pa_talla-570","22":"pa_talla-571","23":"pa_talla-572","25":"first","26":"instock","27":"taxable","28":"shipping-taxable","29":"purchasable","30":"product-type-variable"},"_links":{"self":[{"href":"https:\/\/lezamaasesores.com\/cantavella\/wp-json\/wp\/v2\/product\/5389","targetHints":{"allow":["GET"]}}],"collection":[{"href":"https:\/\/lezamaasesores.com\/cantavella\/wp-json\/wp\/v2\/product"}],"about":[{"href":"https:\/\/lezamaasesores.com\/cantavella\/wp-json\/wp\/v2\/types\/product"}],"replies":[{"embeddable":true,"href":"https:\/\/lezamaasesores.com\/cantavella\/wp-json\/wp\/v2\/comments?post=5389"}],"wp:featuredmedia":[{"embeddable":true,"href":"https:\/\/lezamaasesores.com\/cantavella\/wp-json\/wp\/v2\/media\/4753"}],"wp:attachment":[{"href":"https:\/\/lezamaasesores.com\/cantavella\/wp-json\/wp\/v2\/media?parent=5389"}],"wp:term":[{"taxonomy":"product_brand","embeddable":true,"href":"https:\/\/lezamaasesores.com\/cantavella\/wp-json\/wp\/v2\/product_brand?post=5389"},{"taxonomy":"product_cat","embeddable":true,"href":"https:\/\/lezamaasesores.com\/cantavella\/wp-json\/wp\/v2\/product_cat?post=5389"},{"taxonomy":"product_tag","embeddable":true,"href":"https:\/\/lezamaasesores.com\/cantavella\/wp-json\/wp\/v2\/product_tag?post=5389"}],"curies":[{"name":"wp","href":"https:\/\/api.w.org\/{rel}","templated":true}]}}