{"id":5342,"date":"2025-01-30T20:38:13","date_gmt":"2025-01-30T19:38:13","guid":{"rendered":"https:\/\/lezamaasesores.com\/cantavella\/producto\/414\/"},"modified":"2025-02-04T19:29:12","modified_gmt":"2025-02-04T18:29:12","slug":"414","status":"publish","type":"product","link":"https:\/\/lezamaasesores.com\/cantavella\/producto\/414\/","title":{"rendered":"414"},"content":{"rendered":"<p>Zapatilla estilo sal\u00f3n muy c\u00f3moda y abierta para mayor traspiraci\u00f3n durante \u00e9pocas de calor.<\/p>\n<p>Material: TEJIDO<\/p>\n","protected":false},"excerpt":{"rendered":"<p>Sal\u00f3n abierto velunil llano. DOCTOR CUTILLAS<br \/>\nMaterial: TEJIDO<\/p>\n","protected":false},"featured_media":4766,"comment_status":"closed","ping_status":"closed","template":"","meta":[],"product_brand":[],"product_cat":[752,753,778,15],"product_tag":[599,595,600],"class_list":{"0":"post-5342","1":"product","2":"type-product","3":"status-publish","4":"has-post-thumbnail","6":"product_cat-mujer","7":"product_cat-para-calle","8":"product_cat-para-calle-2","9":"product_cat-sin-categorizar","10":"product_tag-abierto","11":"product_tag-comodo","12":"product_tag-llano","13":"pa_color-negro","14":"pa_color-azul","15":"pa_talla-593","16":"pa_talla-579","17":"pa_talla-587","18":"pa_talla-588","19":"pa_talla-589","20":"pa_talla-560","21":"pa_talla-570","22":"pa_talla-571","23":"pa_talla-572","25":"first","26":"instock","27":"taxable","28":"shipping-taxable","29":"purchasable","30":"product-type-variable"},"_links":{"self":[{"href":"https:\/\/lezamaasesores.com\/cantavella\/wp-json\/wp\/v2\/product\/5342","targetHints":{"allow":["GET"]}}],"collection":[{"href":"https:\/\/lezamaasesores.com\/cantavella\/wp-json\/wp\/v2\/product"}],"about":[{"href":"https:\/\/lezamaasesores.com\/cantavella\/wp-json\/wp\/v2\/types\/product"}],"replies":[{"embeddable":true,"href":"https:\/\/lezamaasesores.com\/cantavella\/wp-json\/wp\/v2\/comments?post=5342"}],"wp:featuredmedia":[{"embeddable":true,"href":"https:\/\/lezamaasesores.com\/cantavella\/wp-json\/wp\/v2\/media\/4766"}],"wp:attachment":[{"href":"https:\/\/lezamaasesores.com\/cantavella\/wp-json\/wp\/v2\/media?parent=5342"}],"wp:term":[{"taxonomy":"product_brand","embeddable":true,"href":"https:\/\/lezamaasesores.com\/cantavella\/wp-json\/wp\/v2\/product_brand?post=5342"},{"taxonomy":"product_cat","embeddable":true,"href":"https:\/\/lezamaasesores.com\/cantavella\/wp-json\/wp\/v2\/product_cat?post=5342"},{"taxonomy":"product_tag","embeddable":true,"href":"https:\/\/lezamaasesores.com\/cantavella\/wp-json\/wp\/v2\/product_tag?post=5342"}],"curies":[{"name":"wp","href":"https:\/\/api.w.org\/{rel}","templated":true}]}}