{"id":5323,"date":"2025-01-30T20:37:59","date_gmt":"2025-01-30T19:37:59","guid":{"rendered":"https:\/\/lezamaasesores.com\/cantavella\/producto\/9155\/"},"modified":"2025-02-04T19:29:13","modified_gmt":"2025-02-04T18:29:13","slug":"9155","status":"publish","type":"product","link":"https:\/\/lezamaasesores.com\/cantavella\/producto\/9155\/","title":{"rendered":"9155"},"content":{"rendered":"<p>Sandalia de licra con cu\u00f1a muy el\u00e1stica, c\u00f3moda y ancho especial.<\/p>\n<p>Material: LICRA<\/p>\n","protected":false},"excerpt":{"rendered":"<p>Sandalia licra con cu\u00f1a. DOCTOR CUTILLAS<br \/>\nMaterial: LICRA<\/p>\n","protected":false},"featured_media":4724,"comment_status":"closed","ping_status":"closed","template":"","meta":[],"product_brand":[],"product_cat":[752,753,778,15],"product_tag":[566,595,597,596,594],"class_list":{"0":"post-5323","1":"product","2":"type-product","3":"status-publish","4":"has-post-thumbnail","6":"product_cat-mujer","7":"product_cat-para-calle","8":"product_cat-para-calle-2","9":"product_cat-sin-categorizar","10":"product_tag-ancho-especial","11":"product_tag-comodo","12":"product_tag-con-cuna","13":"product_tag-elastico","14":"product_tag-licra","15":"pa_color-negro","16":"pa_color-beig","17":"pa_talla-593","18":"pa_talla-579","19":"pa_talla-587","20":"pa_talla-588","21":"pa_talla-589","22":"pa_talla-560","23":"pa_talla-570","24":"pa_talla-571","25":"pa_talla-572","27":"first","28":"instock","29":"taxable","30":"shipping-taxable","31":"purchasable","32":"product-type-variable"},"_links":{"self":[{"href":"https:\/\/lezamaasesores.com\/cantavella\/wp-json\/wp\/v2\/product\/5323","targetHints":{"allow":["GET"]}}],"collection":[{"href":"https:\/\/lezamaasesores.com\/cantavella\/wp-json\/wp\/v2\/product"}],"about":[{"href":"https:\/\/lezamaasesores.com\/cantavella\/wp-json\/wp\/v2\/types\/product"}],"replies":[{"embeddable":true,"href":"https:\/\/lezamaasesores.com\/cantavella\/wp-json\/wp\/v2\/comments?post=5323"}],"wp:featuredmedia":[{"embeddable":true,"href":"https:\/\/lezamaasesores.com\/cantavella\/wp-json\/wp\/v2\/media\/4724"}],"wp:attachment":[{"href":"https:\/\/lezamaasesores.com\/cantavella\/wp-json\/wp\/v2\/media?parent=5323"}],"wp:term":[{"taxonomy":"product_brand","embeddable":true,"href":"https:\/\/lezamaasesores.com\/cantavella\/wp-json\/wp\/v2\/product_brand?post=5323"},{"taxonomy":"product_cat","embeddable":true,"href":"https:\/\/lezamaasesores.com\/cantavella\/wp-json\/wp\/v2\/product_cat?post=5323"},{"taxonomy":"product_tag","embeddable":true,"href":"https:\/\/lezamaasesores.com\/cantavella\/wp-json\/wp\/v2\/product_tag?post=5323"}],"curies":[{"name":"wp","href":"https:\/\/api.w.org\/{rel}","templated":true}]}}