{"id":998,"date":"2024-04-17T13:54:06","date_gmt":"2024-04-17T11:54:06","guid":{"rendered":"http:\/\/enolaspirit.com\/?page_id=998"},"modified":"2025-02-04T20:44:50","modified_gmt":"2025-02-04T19:44:50","slug":"contacto","status":"publish","type":"page","link":"https:\/\/lezamaasesores.com\/cantavella\/contacto\/","title":{"rendered":"Contacto"},"content":{"rendered":"\t\t<div data-elementor-type=\"wp-page\" data-elementor-id=\"998\" class=\"elementor elementor-998\" data-elementor-post-type=\"page\">\n\t\t\t\t<div class=\"elementor-element elementor-element-6f64d81 e-flex e-con-boxed e-con e-parent\" data-id=\"6f64d81\" data-element_type=\"container\" data-settings=\"{&quot;background_background&quot;:&quot;classic&quot;,&quot;shape_divider_bottom&quot;:&quot;curve&quot;,&quot;shape_divider_bottom_negative&quot;:&quot;yes&quot;}\">\n\t\t\t\t\t<div class=\"e-con-inner\">\n\t\t\t\t<div class=\"elementor-shape elementor-shape-bottom\" data-negative=\"true\">\n\t\t\t<svg xmlns=\"http:\/\/www.w3.org\/2000\/svg\" viewBox=\"0 0 1000 100\" preserveAspectRatio=\"none\">\n\t<path class=\"elementor-shape-fill\" d=\"M500,97C126.7,96.3,0.8,19.8,0,0v100l1000,0V1C1000,19.4,873.3,97.8,500,97z\"\/>\n<\/svg>\t\t<\/div>\n\t\t\t\t<div class=\"elementor-element elementor-element-f85b215 elementor-headline--style-highlight elementor-widget elementor-widget-animated-headline\" data-id=\"f85b215\" data-element_type=\"widget\" data-settings=\"{&quot;marker&quot;:&quot;underline&quot;,&quot;highlighted_text&quot;:&quot;Contacto&quot;,&quot;headline_style&quot;:&quot;highlight&quot;,&quot;loop&quot;:&quot;yes&quot;,&quot;highlight_animation_duration&quot;:1200,&quot;highlight_iteration_delay&quot;:8000}\" data-widget_type=\"animated-headline.default\">\n\t\t\t\t<div class=\"elementor-widget-container\">\n\t\t\t\t\t\t\t<h3 class=\"elementor-headline\">\n\t\t\t\t<span class=\"elementor-headline-dynamic-wrapper elementor-headline-text-wrapper\">\n\t\t\t\t\t<span class=\"elementor-headline-dynamic-text elementor-headline-text-active\">Contacto<\/span>\n\t\t\t\t<\/span>\n\t\t\t\t<\/h3>\n\t\t\t\t\t\t<\/div>\n\t\t\t\t<\/div>\n\t\t\t\t\t<\/div>\n\t\t\t\t<\/div>\n\t\t<div class=\"elementor-element elementor-element-1084273 e-con-full e-flex e-con e-parent\" data-id=\"1084273\" data-element_type=\"container\">\n\t\t<div class=\"elementor-element elementor-element-c9f4b8b e-con-full e-flex e-con e-child\" data-id=\"c9f4b8b\" data-element_type=\"container\">\n\t\t<div class=\"elementor-element elementor-element-fe0b54d e-con-full e-flex e-con e-child\" data-id=\"fe0b54d\" data-element_type=\"container\">\n\t\t<div class=\"elementor-element elementor-element-ceef320 e-con-full e-flex e-con e-child\" data-id=\"ceef320\" data-element_type=\"container\">\n\t\t<div class=\"elementor-element elementor-element-ab9ca4b e-con-full e-flex e-con e-child\" data-id=\"ab9ca4b\" data-element_type=\"container\">\n\t\t\t\t<div class=\"elementor-element elementor-element-e30e148 elementor-widget elementor-widget-image\" data-id=\"e30e148\" data-element_type=\"widget\" data-widget_type=\"image.default\">\n\t\t\t\t<div class=\"elementor-widget-container\">\n\t\t\t\t\t\t\t\t\t\t\t\t\t\t\t<img fetchpriority=\"high\" decoding=\"async\" width=\"512\" height=\"512\" src=\"https:\/\/lezamaasesores.com\/cantavella\/wp-content\/uploads\/2025\/02\/ubicacion.png\" class=\"attachment-full size-full wp-image-6749\" alt=\"\" srcset=\"https:\/\/lezamaasesores.com\/cantavella\/wp-content\/uploads\/2025\/02\/ubicacion.png 512w, https:\/\/lezamaasesores.com\/cantavella\/wp-content\/uploads\/2025\/02\/ubicacion-300x300.png 300w, https:\/\/lezamaasesores.com\/cantavella\/wp-content\/uploads\/2025\/02\/ubicacion-150x150.png 150w, https:\/\/lezamaasesores.com\/cantavella\/wp-content\/uploads\/2025\/02\/ubicacion-12x12.png 12w, https:\/\/lezamaasesores.com\/cantavella\/wp-content\/uploads\/2025\/02\/ubicacion-100x100.png 100w, https:\/\/lezamaasesores.com\/cantavella\/wp-content\/uploads\/2025\/02\/ubicacion-64x64.png 64w\" sizes=\"(max-width: 512px) 100vw, 512px\" \/>\t\t\t\t\t\t\t\t\t\t\t\t\t\t\t<\/div>\n\t\t\t\t<\/div>\n\t\t\t\t<\/div>\n\t\t<div class=\"elementor-element elementor-element-9d8a692 e-con-full e-flex e-con e-child\" data-id=\"9d8a692\" data-element_type=\"container\">\n\t\t\t\t<div class=\"elementor-element elementor-element-41fa3e8 elementor-widget elementor-widget-text-editor\" data-id=\"41fa3e8\" data-element_type=\"widget\" data-widget_type=\"text-editor.default\">\n\t\t\t\t<div class=\"elementor-widget-container\">\n\t\t\t\t\t\t\t\t\t<p>Direcci\u00f3n<\/p>\t\t\t\t\t\t\t\t<\/div>\n\t\t\t\t<\/div>\n\t\t\t\t<div class=\"elementor-element elementor-element-8d4e241 elementor-widget elementor-widget-text-editor\" data-id=\"8d4e241\" data-element_type=\"widget\" data-widget_type=\"text-editor.default\">\n\t\t\t\t<div class=\"elementor-widget-container\">\n\t\t\t\t\t\t\t\t\t<p>C\/ Arag\u00f3n 14, Castell\u00f3n de la Plana, Castell\u00f3n. Espa\u00f1a<\/p>\t\t\t\t\t\t\t\t<\/div>\n\t\t\t\t<\/div>\n\t\t\t\t<\/div>\n\t\t\t\t<\/div>\n\t\t<div class=\"elementor-element elementor-element-27d93f0 e-con-full e-flex e-con e-child\" data-id=\"27d93f0\" data-element_type=\"container\">\n\t\t<div class=\"elementor-element elementor-element-82cf133 e-con-full e-flex e-con e-child\" data-id=\"82cf133\" data-element_type=\"container\">\n\t\t\t\t<div class=\"elementor-element elementor-element-d4c7d93 elementor-widget elementor-widget-image\" data-id=\"d4c7d93\" data-element_type=\"widget\" data-widget_type=\"image.default\">\n\t\t\t\t<div class=\"elementor-widget-container\">\n\t\t\t\t\t\t\t\t\t\t\t\t\t\t\t<img decoding=\"async\" width=\"512\" height=\"512\" src=\"https:\/\/lezamaasesores.com\/cantavella\/wp-content\/uploads\/2025\/02\/telefono-inteligente.png\" class=\"attachment-full size-full wp-image-6750\" alt=\"\" srcset=\"https:\/\/lezamaasesores.com\/cantavella\/wp-content\/uploads\/2025\/02\/telefono-inteligente.png 512w, https:\/\/lezamaasesores.com\/cantavella\/wp-content\/uploads\/2025\/02\/telefono-inteligente-300x300.png 300w, https:\/\/lezamaasesores.com\/cantavella\/wp-content\/uploads\/2025\/02\/telefono-inteligente-150x150.png 150w, https:\/\/lezamaasesores.com\/cantavella\/wp-content\/uploads\/2025\/02\/telefono-inteligente-12x12.png 12w, https:\/\/lezamaasesores.com\/cantavella\/wp-content\/uploads\/2025\/02\/telefono-inteligente-100x100.png 100w, https:\/\/lezamaasesores.com\/cantavella\/wp-content\/uploads\/2025\/02\/telefono-inteligente-64x64.png 64w\" sizes=\"(max-width: 512px) 100vw, 512px\" \/>\t\t\t\t\t\t\t\t\t\t\t\t\t\t\t<\/div>\n\t\t\t\t<\/div>\n\t\t\t\t<\/div>\n\t\t<div class=\"elementor-element elementor-element-f2ae905 e-con-full e-flex e-con e-child\" data-id=\"f2ae905\" data-element_type=\"container\">\n\t\t\t\t<div class=\"elementor-element elementor-element-796273e elementor-widget elementor-widget-text-editor\" data-id=\"796273e\" data-element_type=\"widget\" data-widget_type=\"text-editor.default\">\n\t\t\t\t<div class=\"elementor-widget-container\">\n\t\t\t\t\t\t\t\t\t<p>Tel\u00e9fono<\/p>\t\t\t\t\t\t\t\t<\/div>\n\t\t\t\t<\/div>\n\t\t\t\t<div class=\"elementor-element elementor-element-499fb8c elementor-widget elementor-widget-text-editor\" data-id=\"499fb8c\" data-element_type=\"widget\" data-widget_type=\"text-editor.default\">\n\t\t\t\t<div class=\"elementor-widget-container\">\n\t\t\t\t\t\t\t\t\t<p>+34 964 24 20 85<\/p>\t\t\t\t\t\t\t\t<\/div>\n\t\t\t\t<\/div>\n\t\t\t\t<\/div>\n\t\t\t\t<\/div>\n\t\t<div class=\"elementor-element elementor-element-bdda1f3 e-con-full e-flex e-con e-child\" data-id=\"bdda1f3\" data-element_type=\"container\">\n\t\t<div class=\"elementor-element elementor-element-8d3176c e-con-full e-flex e-con e-child\" data-id=\"8d3176c\" data-element_type=\"container\">\n\t\t\t\t<div class=\"elementor-element elementor-element-6d72594 elementor-widget elementor-widget-image\" data-id=\"6d72594\" data-element_type=\"widget\" data-widget_type=\"image.default\">\n\t\t\t\t<div class=\"elementor-widget-container\">\n\t\t\t\t\t\t\t\t\t\t\t\t\t\t\t<img decoding=\"async\" width=\"512\" height=\"512\" src=\"https:\/\/lezamaasesores.com\/cantavella\/wp-content\/uploads\/2025\/02\/correo-electronico.png\" class=\"attachment-full size-full wp-image-6751\" alt=\"\" srcset=\"https:\/\/lezamaasesores.com\/cantavella\/wp-content\/uploads\/2025\/02\/correo-electronico.png 512w, https:\/\/lezamaasesores.com\/cantavella\/wp-content\/uploads\/2025\/02\/correo-electronico-300x300.png 300w, https:\/\/lezamaasesores.com\/cantavella\/wp-content\/uploads\/2025\/02\/correo-electronico-150x150.png 150w, https:\/\/lezamaasesores.com\/cantavella\/wp-content\/uploads\/2025\/02\/correo-electronico-12x12.png 12w, https:\/\/lezamaasesores.com\/cantavella\/wp-content\/uploads\/2025\/02\/correo-electronico-100x100.png 100w, https:\/\/lezamaasesores.com\/cantavella\/wp-content\/uploads\/2025\/02\/correo-electronico-64x64.png 64w\" sizes=\"(max-width: 512px) 100vw, 512px\" \/>\t\t\t\t\t\t\t\t\t\t\t\t\t\t\t<\/div>\n\t\t\t\t<\/div>\n\t\t\t\t<\/div>\n\t\t<div class=\"elementor-element elementor-element-592568e e-con-full e-flex e-con e-child\" data-id=\"592568e\" data-element_type=\"container\">\n\t\t\t\t<div class=\"elementor-element elementor-element-8e8dfe1 elementor-widget elementor-widget-text-editor\" data-id=\"8e8dfe1\" data-element_type=\"widget\" data-widget_type=\"text-editor.default\">\n\t\t\t\t<div class=\"elementor-widget-container\">\n\t\t\t\t\t\t\t\t\t<p>Mail<\/p>\t\t\t\t\t\t\t\t<\/div>\n\t\t\t\t<\/div>\n\t\t\t\t<div class=\"elementor-element elementor-element-bba9eba elementor-widget elementor-widget-text-editor\" data-id=\"bba9eba\" data-element_type=\"widget\" data-widget_type=\"text-editor.default\">\n\t\t\t\t<div class=\"elementor-widget-container\">\n\t\t\t\t\t\t\t\t\t<p><a href=\"mailto:info@calzadoscantavella.com\">info@calzadoscantavella.com<\/a><\/p>\t\t\t\t\t\t\t\t<\/div>\n\t\t\t\t<\/div>\n\t\t\t\t<\/div>\n\t\t\t\t<\/div>\n\t\t<div class=\"elementor-element elementor-element-281204d e-con-full e-flex e-con e-child\" data-id=\"281204d\" data-element_type=\"container\">\n\t\t<div class=\"elementor-element elementor-element-166835a e-con-full e-flex e-con e-child\" data-id=\"166835a\" data-element_type=\"container\">\n\t\t\t\t<div class=\"elementor-element elementor-element-5328f5d elementor-widget elementor-widget-image\" data-id=\"5328f5d\" data-element_type=\"widget\" data-widget_type=\"image.default\">\n\t\t\t\t<div class=\"elementor-widget-container\">\n\t\t\t\t\t\t\t\t\t\t\t\t\t\t\t<img loading=\"lazy\" decoding=\"async\" width=\"512\" height=\"512\" src=\"https:\/\/lezamaasesores.com\/cantavella\/wp-content\/uploads\/2025\/02\/horario-de-trabajo.png\" class=\"attachment-full size-full wp-image-6752\" alt=\"\" srcset=\"https:\/\/lezamaasesores.com\/cantavella\/wp-content\/uploads\/2025\/02\/horario-de-trabajo.png 512w, https:\/\/lezamaasesores.com\/cantavella\/wp-content\/uploads\/2025\/02\/horario-de-trabajo-300x300.png 300w, https:\/\/lezamaasesores.com\/cantavella\/wp-content\/uploads\/2025\/02\/horario-de-trabajo-150x150.png 150w, https:\/\/lezamaasesores.com\/cantavella\/wp-content\/uploads\/2025\/02\/horario-de-trabajo-12x12.png 12w, https:\/\/lezamaasesores.com\/cantavella\/wp-content\/uploads\/2025\/02\/horario-de-trabajo-100x100.png 100w, https:\/\/lezamaasesores.com\/cantavella\/wp-content\/uploads\/2025\/02\/horario-de-trabajo-64x64.png 64w\" sizes=\"(max-width: 512px) 100vw, 512px\" \/>\t\t\t\t\t\t\t\t\t\t\t\t\t\t\t<\/div>\n\t\t\t\t<\/div>\n\t\t\t\t<\/div>\n\t\t<div class=\"elementor-element elementor-element-0c2e08f e-con-full e-flex e-con e-child\" data-id=\"0c2e08f\" data-element_type=\"container\">\n\t\t\t\t<div class=\"elementor-element elementor-element-a3d25ff elementor-widget elementor-widget-text-editor\" data-id=\"a3d25ff\" data-element_type=\"widget\" data-widget_type=\"text-editor.default\">\n\t\t\t\t<div class=\"elementor-widget-container\">\n\t\t\t\t\t\t\t\t\t<p>Horario<\/p>\t\t\t\t\t\t\t\t<\/div>\n\t\t\t\t<\/div>\n\t\t\t\t<div class=\"elementor-element elementor-element-0e9f662 elementor-widget elementor-widget-text-editor\" data-id=\"0e9f662\" data-element_type=\"widget\" data-widget_type=\"text-editor.default\">\n\t\t\t\t<div class=\"elementor-widget-container\">\n\t\t\t\t\t\t\t\t\t<p>Lunes a Viernes<\/p><p>8:00 a 13:30 y\u00a0 15:30-18:00<\/p>\t\t\t\t\t\t\t\t<\/div>\n\t\t\t\t<\/div>\n\t\t\t\t<\/div>\n\t\t\t\t<\/div>\n\t\t\t\t<\/div>\n\t\t<div class=\"elementor-element elementor-element-4cca1fe e-con-full e-flex e-con e-child\" data-id=\"4cca1fe\" data-element_type=\"container\">\n\t\t\t\t<div class=\"elementor-element elementor-element-94e7538 elementor-widget__width-initial elementor-widget elementor-widget-text-editor\" data-id=\"94e7538\" data-element_type=\"widget\" data-widget_type=\"text-editor.default\">\n\t\t\t\t<div class=\"elementor-widget-container\">\n\t\t\t\t\t\t\t\t\t<p>Almac\u00e9n de Calzado Cantavella<\/p>\t\t\t\t\t\t\t\t<\/div>\n\t\t\t\t<\/div>\n\t\t\t\t<div class=\"elementor-element elementor-element-50e04cf elementor-widget__width-initial elementor-widget elementor-widget-text-editor\" data-id=\"50e04cf\" data-element_type=\"widget\" data-widget_type=\"text-editor.default\">\n\t\t\t\t<div class=\"elementor-widget-container\">\n\t\t\t\t\t\t\t\t\t<p>\u00bfNecesitas m\u00e1s informaci\u00f3n?<\/p>\t\t\t\t\t\t\t\t<\/div>\n\t\t\t\t<\/div>\n\t\t\t\t<div class=\"elementor-element elementor-element-4dc8dd1 elementor-widget elementor-widget-text-editor\" data-id=\"4dc8dd1\" data-element_type=\"widget\" data-widget_type=\"text-editor.default\">\n\t\t\t\t<div class=\"elementor-widget-container\">\n\t\t\t\t\t\t\t\t\t<p>Cons\u00faltenos sin compromiso<\/p>\t\t\t\t\t\t\t\t<\/div>\n\t\t\t\t<\/div>\n\t\t\t\t<div class=\"elementor-element elementor-element-4325d9a elementor-button-align-stretch elementor-widget elementor-widget-form\" data-id=\"4325d9a\" data-element_type=\"widget\" data-settings=\"{&quot;step_next_label&quot;:&quot;Siguiente&quot;,&quot;step_previous_label&quot;:&quot;Anterior&quot;,&quot;button_width&quot;:&quot;100&quot;,&quot;step_type&quot;:&quot;number_text&quot;,&quot;step_icon_shape&quot;:&quot;circle&quot;}\" data-widget_type=\"form.default\">\n\t\t\t\t<div class=\"elementor-widget-container\">\n\t\t\t\t\t\t\t<form class=\"elementor-form\" method=\"post\" id=\"formulario_contacto_generico\" name=\"New Form\">\n\t\t\t<input type=\"hidden\" name=\"post_id\" value=\"998\"\/>\n\t\t\t<input type=\"hidden\" name=\"form_id\" value=\"4325d9a\"\/>\n\t\t\t<input type=\"hidden\" name=\"referer_title\" value=\"\" \/>\n\n\t\t\t\n\t\t\t<div class=\"elementor-form-fields-wrapper elementor-labels-\">\n\t\t\t\t\t\t\t\t<div class=\"elementor-field-type-text elementor-field-group elementor-column elementor-field-group-name elementor-col-100\">\n\t\t\t\t\t\t\t\t\t\t\t\t<label for=\"form-field-name\" class=\"elementor-field-label elementor-screen-only\">\n\t\t\t\t\t\t\t\tNombre completo\t\t\t\t\t\t\t<\/label>\n\t\t\t\t\t\t\t\t\t\t\t\t\t\t<input size=\"1\" type=\"text\" name=\"form_fields[name]\" id=\"form-field-name\" class=\"elementor-field elementor-size-md  elementor-field-textual\" placeholder=\"Nombre completo\">\n\t\t\t\t\t\t\t\t\t\t\t<\/div>\n\t\t\t\t\t\t\t\t<div class=\"elementor-field-type-text elementor-field-group elementor-column elementor-field-group-field_8b57737 elementor-col-100\">\n\t\t\t\t\t\t\t\t\t\t\t\t<label for=\"form-field-field_8b57737\" class=\"elementor-field-label elementor-screen-only\">\n\t\t\t\t\t\t\t\tTel\u00e9fono\t\t\t\t\t\t\t<\/label>\n\t\t\t\t\t\t\t\t\t\t\t\t\t\t<input size=\"1\" type=\"text\" name=\"form_fields[field_8b57737]\" id=\"form-field-field_8b57737\" class=\"elementor-field elementor-size-md  elementor-field-textual\" placeholder=\"Tel\u00e9fono\">\n\t\t\t\t\t\t\t\t\t\t\t<\/div>\n\t\t\t\t\t\t\t\t<div class=\"elementor-field-type-email elementor-field-group elementor-column elementor-field-group-email elementor-col-100 elementor-field-required\">\n\t\t\t\t\t\t\t\t\t\t\t\t<label for=\"form-field-email\" class=\"elementor-field-label elementor-screen-only\">\n\t\t\t\t\t\t\t\tCorreo electr\u00f3nico\t\t\t\t\t\t\t<\/label>\n\t\t\t\t\t\t\t\t\t\t\t\t\t\t<input size=\"1\" type=\"email\" name=\"form_fields[email]\" id=\"form-field-email\" class=\"elementor-field elementor-size-md  elementor-field-textual\" placeholder=\"Correo electr\u00f3nico\" required=\"required\">\n\t\t\t\t\t\t\t\t\t\t\t<\/div>\n\t\t\t\t\t\t\t\t<div class=\"elementor-field-type-textarea elementor-field-group elementor-column elementor-field-group-message elementor-col-100\">\n\t\t\t\t\t<textarea class=\"elementor-field-textual elementor-field  elementor-size-md\" name=\"form_fields[message]\" id=\"form-field-message\" rows=\"4\" placeholder=\"Mensaje \/ Consulta\"><\/textarea>\t\t\t\t<\/div>\n\t\t\t\t\t\t\t\t<div class=\"elementor-field-group elementor-column elementor-field-type-submit elementor-col-100 e-form__buttons\">\n\t\t\t\t\t<button class=\"elementor-button elementor-size-sm\" type=\"submit\">\n\t\t\t\t\t\t<span class=\"elementor-button-content-wrapper\">\n\t\t\t\t\t\t\t\t\t\t\t\t\t\t\t\t\t\t\t\t\t\t<span class=\"elementor-button-text\">Enviar<\/span>\n\t\t\t\t\t\t\t\t\t\t\t\t\t<\/span>\n\t\t\t\t\t<\/button>\n\t\t\t\t<\/div>\n\t\t\t<\/div>\n\t\t<\/form>\n\t\t\t\t\t\t<\/div>\n\t\t\t\t<\/div>\n\t\t\t\t<\/div>\n\t\t\t\t<\/div>\n\t\t\t\t<\/div>\n\t\t<div class=\"elementor-element elementor-element-336fb22 e-con-full e-flex e-con e-parent\" data-id=\"336fb22\" data-element_type=\"container\">\n\t\t\t\t<div class=\"elementor-element elementor-element-394c2cd elementor-widget__width-initial elementor-widget elementor-widget-text-editor\" data-id=\"394c2cd\" data-element_type=\"widget\" data-widget_type=\"text-editor.default\">\n\t\t\t\t<div class=\"elementor-widget-container\">\n\t\t\t\t\t\t\t\t\t<p>\u00bfDonde estamos?<\/p>\t\t\t\t\t\t\t\t<\/div>\n\t\t\t\t<\/div>\n\t\t\t\t<div class=\"elementor-element elementor-element-bc804d2 elementor-widget elementor-widget-text-editor\" data-id=\"bc804d2\" data-element_type=\"widget\" data-widget_type=\"text-editor.default\">\n\t\t\t\t<div class=\"elementor-widget-container\">\n\t\t\t\t\t\t\t\t\t<iframe src=\"https:\/\/www.google.com\/maps\/embed?pb=!1m18!1m12!1m3!1d3056.878942553399!2d-0.04528282317873845!3d39.988810581571705!2m3!1f0!2f0!3f0!3m2!1i1024!2i768!4f13.1!3m3!1m2!1s0xd5ffe2e884e2d63%3A0x7a454211f8c08287!2sC.%20Arag%C3%B3n%2C%2014%2C%2012004%20Castell%C3%B3n%20de%20la%20Plana%2C%20Castell%C3%B3n!5e0!3m2!1ses!2ses!4v1738671009463!5m2!1ses!2ses\" width=\"100%\" height=\"350\" style=\"border:0;\" allowfullscreen=\"\" loading=\"lazy\" referrerpolicy=\"no-referrer-when-downgrade\"><\/iframe>\t\t\t\t\t\t\t\t<\/div>\n\t\t\t\t<\/div>\n\t\t\t\t<\/div>\n\t\t\t\t<\/div>\n\t\t","protected":false},"excerpt":{"rendered":"<p>Contacto Direcci\u00f3n C\/ Arag\u00f3n 14, Castell\u00f3n de la Plana, Castell\u00f3n. Espa\u00f1a Tel\u00e9fono +34 964 24 20 85 Mail info@calzadoscantavella.com Horario Lunes a Viernes 8:00 a 13:30 y\u00a0 15:30-18:00 Almac\u00e9n de Calzado Cantavella \u00bfNecesitas m\u00e1s informaci\u00f3n? Cons\u00faltenos sin compromiso \u00bfDonde estamos?<\/p>\n","protected":false},"author":1,"featured_media":0,"parent":0,"menu_order":0,"comment_status":"closed","ping_status":"closed","template":"","meta":{"footnotes":""},"class_list":["post-998","page","type-page","status-publish","hentry"],"_links":{"self":[{"href":"https:\/\/lezamaasesores.com\/cantavella\/wp-json\/wp\/v2\/pages\/998","targetHints":{"allow":["GET"]}}],"collection":[{"href":"https:\/\/lezamaasesores.com\/cantavella\/wp-json\/wp\/v2\/pages"}],"about":[{"href":"https:\/\/lezamaasesores.com\/cantavella\/wp-json\/wp\/v2\/types\/page"}],"author":[{"embeddable":true,"href":"https:\/\/lezamaasesores.com\/cantavella\/wp-json\/wp\/v2\/users\/1"}],"replies":[{"embeddable":true,"href":"https:\/\/lezamaasesores.com\/cantavella\/wp-json\/wp\/v2\/comments?post=998"}],"version-history":[{"count":0,"href":"https:\/\/lezamaasesores.com\/cantavella\/wp-json\/wp\/v2\/pages\/998\/revisions"}],"wp:attachment":[{"href":"https:\/\/lezamaasesores.com\/cantavella\/wp-json\/wp\/v2\/media?parent=998"}],"curies":[{"name":"wp","href":"https:\/\/api.w.org\/{rel}","templated":true}]}}