{"id":7127,"date":"2025-02-05T19:25:08","date_gmt":"2025-02-05T18:25:08","guid":{"rendered":"https:\/\/lezamaasesores.com\/cantavella\/?page_id=7127"},"modified":"2025-02-18T16:16:23","modified_gmt":"2025-02-18T15:16:23","slug":"la-empresa","status":"publish","type":"page","link":"https:\/\/lezamaasesores.com\/cantavella\/la-empresa\/","title":{"rendered":"La empresa"},"content":{"rendered":"\t\t<div data-elementor-type=\"wp-page\" data-elementor-id=\"7127\" class=\"elementor elementor-7127\" data-elementor-post-type=\"page\">\n\t\t\t\t<div class=\"elementor-element elementor-element-a9ef5d7 e-con-full e-flex e-con e-parent\" data-id=\"a9ef5d7\" data-element_type=\"container\" data-settings=\"{&quot;background_background&quot;:&quot;classic&quot;,&quot;shape_divider_bottom&quot;:&quot;curve&quot;,&quot;shape_divider_bottom_negative&quot;:&quot;yes&quot;}\">\n\t\t\t\t<div class=\"elementor-shape elementor-shape-bottom\" data-negative=\"true\">\n\t\t\t<svg xmlns=\"http:\/\/www.w3.org\/2000\/svg\" viewBox=\"0 0 1000 100\" preserveAspectRatio=\"none\">\n\t<path class=\"elementor-shape-fill\" d=\"M500,97C126.7,96.3,0.8,19.8,0,0v100l1000,0V1C1000,19.4,873.3,97.8,500,97z\"\/>\n<\/svg>\t\t<\/div>\n\t\t\t\t<div class=\"elementor-element elementor-element-56a00e0 elementor-headline--style-highlight elementor-widget elementor-widget-animated-headline\" data-id=\"56a00e0\" data-element_type=\"widget\" data-settings=\"{&quot;marker&quot;:&quot;underline&quot;,&quot;highlighted_text&quot;:&quot;Quienes somos&quot;,&quot;headline_style&quot;:&quot;highlight&quot;,&quot;loop&quot;:&quot;yes&quot;,&quot;highlight_animation_duration&quot;:1200,&quot;highlight_iteration_delay&quot;:8000}\" data-widget_type=\"animated-headline.default\">\n\t\t\t\t<div class=\"elementor-widget-container\">\n\t\t\t\t\t\t\t<h3 class=\"elementor-headline\">\n\t\t\t\t<span class=\"elementor-headline-dynamic-wrapper elementor-headline-text-wrapper\">\n\t\t\t\t\t<span class=\"elementor-headline-dynamic-text elementor-headline-text-active\">Quienes somos<\/span>\n\t\t\t\t<\/span>\n\t\t\t\t<\/h3>\n\t\t\t\t\t\t<\/div>\n\t\t\t\t<\/div>\n\t\t\t\t<\/div>\n\t\t<div class=\"elementor-element elementor-element-0b23cf6 e-flex e-con-boxed e-con e-parent\" data-id=\"0b23cf6\" data-element_type=\"container\">\n\t\t\t\t\t<div class=\"e-con-inner\">\n\t\t\t\t<div class=\"elementor-element elementor-element-60fb0aa elementor-widget elementor-widget-text-editor\" data-id=\"60fb0aa\" data-element_type=\"widget\" data-widget_type=\"text-editor.default\">\n\t\t\t\t<div class=\"elementor-widget-container\">\n\t\t\t\t\t\t\t\t\t<p>ALMAC\u00c9N DE CALZADOS CANTAVELLA<\/p>\t\t\t\t\t\t\t\t<\/div>\n\t\t\t\t<\/div>\n\t\t\t\t<div class=\"elementor-element elementor-element-5e28cb6 elementor-widget__width-initial elementor-widget elementor-widget-text-editor\" data-id=\"5e28cb6\" data-element_type=\"widget\" data-widget_type=\"text-editor.default\">\n\t\t\t\t<div class=\"elementor-widget-container\">\n\t\t\t\t\t\t\t\t\t<p>Tradici\u00f3n y\u00a0 vanguardia<\/p>\t\t\t\t\t\t\t\t<\/div>\n\t\t\t\t<\/div>\n\t\t\t\t<div class=\"elementor-element elementor-element-abde8fb elementor-widget__width-initial elementor-widget elementor-widget-text-editor\" data-id=\"abde8fb\" data-element_type=\"widget\" data-widget_type=\"text-editor.default\">\n\t\t\t\t<div class=\"elementor-widget-container\">\n\t\t\t\t\t\t\t\t\t<p style=\"text-align: justify;\">Somos una peque\u00f1a empresa familiar ubicada en Castell\u00f3n de la Plana con un largo recorrido en la venta y distribuci\u00f3n de calzado. Fundada por Manuel Cantavella Salvador, Calzados Cantavella ya cuenta con su tercera generaci\u00f3n entre su plantilla.<br \/><br \/>Siendo nuestra familia originaria de un peque\u00f1o pueblo del interior de Castell\u00f3n, esta decidi\u00f3 movilizarse hasta la ciudad en busca de mayores oportunidades para el futuro, dejando atr\u00e1s el sector primario para abrir un peque\u00f1o comercio. Actualmente Calzados Cantavella cuenta con una tienda en el centro de la ciudad (la primera infraestructura de la empresa) y con un almac\u00e9n de distribuci\u00f3n de calzado.<br \/><br \/>Tras nuestros a\u00f1os de actividad y los muchos cambios acontecidos desde los inicios, seguimos apostando por la calidad, la comodidad y el producto nacional.<\/p>\t\t\t\t\t\t\t\t<\/div>\n\t\t\t\t<\/div>\n\t\t\t\t\t<\/div>\n\t\t\t\t<\/div>\n\t\t<div class=\"elementor-element elementor-element-a7f8012 e-flex e-con-boxed e-con e-parent\" data-id=\"a7f8012\" data-element_type=\"container\" data-settings=\"{&quot;background_background&quot;:&quot;classic&quot;}\">\n\t\t\t\t\t<div class=\"e-con-inner\">\n\t\t<div class=\"elementor-element elementor-element-eecb81d e-con-full e-flex e-con e-child\" data-id=\"eecb81d\" data-element_type=\"container\">\n\t\t<div class=\"elementor-element elementor-element-d527d8e e-con-full e-flex e-con e-child\" data-id=\"d527d8e\" data-element_type=\"container\">\n\t\t\t\t<div class=\"elementor-element elementor-element-8233718 elementor-widget elementor-widget-image\" data-id=\"8233718\" data-element_type=\"widget\" data-widget_type=\"image.default\">\n\t\t\t\t<div class=\"elementor-widget-container\">\n\t\t\t\t\t\t\t\t\t\t\t\t\t\t\t<img fetchpriority=\"high\" decoding=\"async\" width=\"650\" height=\"557\" src=\"https:\/\/lezamaasesores.com\/cantavella\/wp-content\/uploads\/2025\/02\/almacen-de-calzado-castellon.jpg\" class=\"attachment-full size-full wp-image-7125\" alt=\"\" srcset=\"https:\/\/lezamaasesores.com\/cantavella\/wp-content\/uploads\/2025\/02\/almacen-de-calzado-castellon.jpg 650w, https:\/\/lezamaasesores.com\/cantavella\/wp-content\/uploads\/2025\/02\/almacen-de-calzado-castellon-300x257.jpg 300w, https:\/\/lezamaasesores.com\/cantavella\/wp-content\/uploads\/2025\/02\/almacen-de-calzado-castellon-14x12.jpg 14w, https:\/\/lezamaasesores.com\/cantavella\/wp-content\/uploads\/2025\/02\/almacen-de-calzado-castellon-600x514.jpg 600w, https:\/\/lezamaasesores.com\/cantavella\/wp-content\/uploads\/2025\/02\/almacen-de-calzado-castellon-64x55.jpg 64w\" sizes=\"(max-width: 650px) 100vw, 650px\" \/>\t\t\t\t\t\t\t\t\t\t\t\t\t\t\t<\/div>\n\t\t\t\t<\/div>\n\t\t\t\t<\/div>\n\t\t<div class=\"elementor-element elementor-element-44adc10 e-con-full e-flex e-con e-child\" data-id=\"44adc10\" data-element_type=\"container\">\n\t\t\t\t<div class=\"elementor-element elementor-element-8762bd3 elementor-widget__width-inherit elementor-widget elementor-widget-text-editor\" data-id=\"8762bd3\" data-element_type=\"widget\" data-widget_type=\"text-editor.default\">\n\t\t\t\t<div class=\"elementor-widget-container\">\n\t\t\t\t\t\t\t\t\t<p>Valores<\/p>\t\t\t\t\t\t\t\t<\/div>\n\t\t\t\t<\/div>\n\t\t\t\t<div class=\"elementor-element elementor-element-bb53393 elementor-widget__width-initial elementor-widget elementor-widget-text-editor\" data-id=\"bb53393\" data-element_type=\"widget\" data-widget_type=\"text-editor.default\">\n\t\t\t\t<div class=\"elementor-widget-container\">\n\t\t\t\t\t\t\t\t\t<p style=\"text-align: justify;\">En Calzados Cantavella sabemos lo importante que es el trato personal a la hora de trabajar o solucionar cualquier problema, por eso, destacamos por nuestra atenci\u00f3n personalizada al cliente, donde cada duda o consulta ser\u00e1 resuelta con rapidez por cualquiera de nosotros.<\/p>\t\t\t\t\t\t\t\t<\/div>\n\t\t\t\t<\/div>\n\t\t\t\t<\/div>\n\t\t\t\t<\/div>\n\t\t\t\t\t<\/div>\n\t\t\t\t<\/div>\n\t\t<div class=\"elementor-element elementor-element-712e189 e-flex e-con-boxed e-con e-parent\" data-id=\"712e189\" data-element_type=\"container\">\n\t\t\t\t\t<div class=\"e-con-inner\">\n\t\t<div class=\"elementor-element elementor-element-7e4958e e-con-full e-flex e-con e-child\" data-id=\"7e4958e\" data-element_type=\"container\">\n\t\t<div class=\"elementor-element elementor-element-babcf1f e-con-full e-flex e-con e-child\" data-id=\"babcf1f\" data-element_type=\"container\">\n\t\t\t\t<div class=\"elementor-element elementor-element-aedc7c9 elementor-widget__width-inherit elementor-widget elementor-widget-text-editor\" data-id=\"aedc7c9\" data-element_type=\"widget\" data-widget_type=\"text-editor.default\">\n\t\t\t\t<div class=\"elementor-widget-container\">\n\t\t\t\t\t\t\t\t\t<p>Stock siempre disponible<\/p>\t\t\t\t\t\t\t\t<\/div>\n\t\t\t\t<\/div>\n\t\t\t\t<div class=\"elementor-element elementor-element-f8f8e62 elementor-widget__width-initial elementor-widget elementor-widget-text-editor\" data-id=\"f8f8e62\" data-element_type=\"widget\" data-widget_type=\"text-editor.default\">\n\t\t\t\t<div class=\"elementor-widget-container\">\n\t\t\t\t\t\t\t\t\t<p style=\"text-align: justify;\">Contamos con un amplio stock de productos para diferentes necesidades, ya sea calzado de trabajo, para estar por casa, para celebrar acontecimientos importantes, o para ir tanto a la monta\u00f1a como a la playa, entre otros.<\/p>\t\t\t\t\t\t\t\t<\/div>\n\t\t\t\t<\/div>\n\t\t\t\t<\/div>\n\t\t<div class=\"elementor-element elementor-element-fd9b714 e-con-full e-flex e-con e-child\" data-id=\"fd9b714\" data-element_type=\"container\">\n\t\t\t\t<div class=\"elementor-element elementor-element-f31c072 elementor-widget elementor-widget-image\" data-id=\"f31c072\" data-element_type=\"widget\" data-widget_type=\"image.default\">\n\t\t\t\t<div class=\"elementor-widget-container\">\n\t\t\t\t\t\t\t\t\t\t\t\t\t\t\t<img decoding=\"async\" width=\"650\" height=\"557\" src=\"https:\/\/lezamaasesores.com\/cantavella\/wp-content\/uploads\/2025\/02\/almacen-de-calzado-castellon_5.jpg\" class=\"attachment-full size-full wp-image-7120\" alt=\"\" srcset=\"https:\/\/lezamaasesores.com\/cantavella\/wp-content\/uploads\/2025\/02\/almacen-de-calzado-castellon_5.jpg 650w, https:\/\/lezamaasesores.com\/cantavella\/wp-content\/uploads\/2025\/02\/almacen-de-calzado-castellon_5-300x257.jpg 300w, https:\/\/lezamaasesores.com\/cantavella\/wp-content\/uploads\/2025\/02\/almacen-de-calzado-castellon_5-14x12.jpg 14w, https:\/\/lezamaasesores.com\/cantavella\/wp-content\/uploads\/2025\/02\/almacen-de-calzado-castellon_5-600x514.jpg 600w, https:\/\/lezamaasesores.com\/cantavella\/wp-content\/uploads\/2025\/02\/almacen-de-calzado-castellon_5-64x55.jpg 64w\" sizes=\"(max-width: 650px) 100vw, 650px\" \/>\t\t\t\t\t\t\t\t\t\t\t\t\t\t\t<\/div>\n\t\t\t\t<\/div>\n\t\t\t\t<\/div>\n\t\t\t\t<\/div>\n\t\t\t\t\t<\/div>\n\t\t\t\t<\/div>\n\t\t<div class=\"elementor-element elementor-element-008b87c e-flex e-con-boxed e-con e-parent\" data-id=\"008b87c\" data-element_type=\"container\" data-settings=\"{&quot;background_background&quot;:&quot;classic&quot;}\">\n\t\t\t\t\t<div class=\"e-con-inner\">\n\t\t<div class=\"elementor-element elementor-element-b7e9fdd e-con-full e-flex e-con e-child\" data-id=\"b7e9fdd\" data-element_type=\"container\">\n\t\t<div class=\"elementor-element elementor-element-590f9f2 e-con-full e-flex e-con e-child\" data-id=\"590f9f2\" data-element_type=\"container\">\n\t\t\t\t<div class=\"elementor-element elementor-element-a8dca9b elementor-widget elementor-widget-image\" data-id=\"a8dca9b\" data-element_type=\"widget\" data-widget_type=\"image.default\">\n\t\t\t\t<div class=\"elementor-widget-container\">\n\t\t\t\t\t\t\t\t\t\t\t\t\t\t\t<img decoding=\"async\" width=\"650\" height=\"557\" src=\"https:\/\/lezamaasesores.com\/cantavella\/wp-content\/uploads\/2025\/02\/almacen-de-calzado-castellon_4.jpg\" class=\"attachment-full size-full wp-image-7121\" alt=\"\" srcset=\"https:\/\/lezamaasesores.com\/cantavella\/wp-content\/uploads\/2025\/02\/almacen-de-calzado-castellon_4.jpg 650w, https:\/\/lezamaasesores.com\/cantavella\/wp-content\/uploads\/2025\/02\/almacen-de-calzado-castellon_4-300x257.jpg 300w, https:\/\/lezamaasesores.com\/cantavella\/wp-content\/uploads\/2025\/02\/almacen-de-calzado-castellon_4-14x12.jpg 14w, https:\/\/lezamaasesores.com\/cantavella\/wp-content\/uploads\/2025\/02\/almacen-de-calzado-castellon_4-600x514.jpg 600w, https:\/\/lezamaasesores.com\/cantavella\/wp-content\/uploads\/2025\/02\/almacen-de-calzado-castellon_4-64x55.jpg 64w\" sizes=\"(max-width: 650px) 100vw, 650px\" \/>\t\t\t\t\t\t\t\t\t\t\t\t\t\t\t<\/div>\n\t\t\t\t<\/div>\n\t\t\t\t<\/div>\n\t\t<div class=\"elementor-element elementor-element-de9d1ed e-con-full e-flex e-con e-child\" data-id=\"de9d1ed\" data-element_type=\"container\">\n\t\t\t\t<div class=\"elementor-element elementor-element-1b21710 elementor-widget__width-inherit elementor-widget elementor-widget-text-editor\" data-id=\"1b21710\" data-element_type=\"widget\" data-widget_type=\"text-editor.default\">\n\t\t\t\t<div class=\"elementor-widget-container\">\n\t\t\t\t\t\t\t\t\t<p>\u00bfQu\u00e9 nos hace \u00fanicos?<\/p>\t\t\t\t\t\t\t\t<\/div>\n\t\t\t\t<\/div>\n\t\t\t\t<div class=\"elementor-element elementor-element-a9ee9c9 elementor-widget__width-initial elementor-widget elementor-widget-text-editor\" data-id=\"a9ee9c9\" data-element_type=\"widget\" data-widget_type=\"text-editor.default\">\n\t\t\t\t<div class=\"elementor-widget-container\">\n\t\t\t\t\t\t\t\t\t<p style=\"text-align: justify;\">Desde nuestros inicios en este sector, siempre hemos apostado por la calidad, la comodidad y por el producto nacional, apoyando a muchos otros negocios de nuestro territorio.<\/p>\t\t\t\t\t\t\t\t<\/div>\n\t\t\t\t<\/div>\n\t\t\t\t<\/div>\n\t\t\t\t<\/div>\n\t\t\t\t\t<\/div>\n\t\t\t\t<\/div>\n\t\t\t\t<\/div>\n\t\t","protected":false},"excerpt":{"rendered":"<p>Quienes somos ALMAC\u00c9N DE CALZADOS CANTAVELLA Tradici\u00f3n y\u00a0 vanguardia Somos una peque\u00f1a empresa familiar ubicada en Castell\u00f3n de la Plana con un largo recorrido en la venta y distribuci\u00f3n de calzado. Fundada por Manuel Cantavella Salvador, Calzados Cantavella ya cuenta con su tercera generaci\u00f3n entre su plantilla. Siendo nuestra familia originaria de un peque\u00f1o pueblo [&hellip;]<\/p>\n","protected":false},"author":1,"featured_media":0,"parent":0,"menu_order":0,"comment_status":"closed","ping_status":"closed","template":"","meta":{"footnotes":""},"class_list":["post-7127","page","type-page","status-publish","hentry"],"_links":{"self":[{"href":"https:\/\/lezamaasesores.com\/cantavella\/wp-json\/wp\/v2\/pages\/7127","targetHints":{"allow":["GET"]}}],"collection":[{"href":"https:\/\/lezamaasesores.com\/cantavella\/wp-json\/wp\/v2\/pages"}],"about":[{"href":"https:\/\/lezamaasesores.com\/cantavella\/wp-json\/wp\/v2\/types\/page"}],"author":[{"embeddable":true,"href":"https:\/\/lezamaasesores.com\/cantavella\/wp-json\/wp\/v2\/users\/1"}],"replies":[{"embeddable":true,"href":"https:\/\/lezamaasesores.com\/cantavella\/wp-json\/wp\/v2\/comments?post=7127"}],"version-history":[{"count":0,"href":"https:\/\/lezamaasesores.com\/cantavella\/wp-json\/wp\/v2\/pages\/7127\/revisions"}],"wp:attachment":[{"href":"https:\/\/lezamaasesores.com\/cantavella\/wp-json\/wp\/v2\/media?parent=7127"}],"curies":[{"name":"wp","href":"https:\/\/api.w.org\/{rel}","templated":true}]}}