{"id":1376,"date":"2025-04-09T13:55:59","date_gmt":"2025-04-09T11:55:59","guid":{"rendered":"https:\/\/lezamaasesores.com\/cabanero\/?page_id=1376"},"modified":"2025-04-15T11:31:25","modified_gmt":"2025-04-15T09:31:25","slug":"servicios-mujer","status":"publish","type":"page","link":"https:\/\/lezamaasesores.com\/cabanero\/servicios-mujer\/","title":{"rendered":"Servicios mujer"},"content":{"rendered":"\t\t<div data-elementor-type=\"wp-page\" data-elementor-id=\"1376\" class=\"elementor elementor-1376\" data-elementor-post-type=\"page\">\n\t\t\t\t<div class=\"elementor-element elementor-element-dcc8fb8 e-flex e-con-boxed e-con e-parent\" data-id=\"dcc8fb8\" data-element_type=\"container\">\n\t\t\t\t\t<div class=\"e-con-inner\">\n\t\t<div class=\"elementor-element elementor-element-84a6fcf e-con-full e-flex e-con e-child\" data-id=\"84a6fcf\" data-element_type=\"container\">\n\t\t\t\t<div class=\"elementor-element elementor-element-e77b420 elementor-widget elementor-widget-text-editor\" data-id=\"e77b420\" data-element_type=\"widget\" data-widget_type=\"text-editor.default\">\n\t\t\t\t<div class=\"elementor-widget-container\">\n\t\t\t\t\t\t\t\t\t<p>MUJER<\/p>\t\t\t\t\t\t\t\t<\/div>\n\t\t\t\t<\/div>\n\t\t\t\t<div class=\"elementor-element elementor-element-e338356 elementor-hidden-mobile elementor-widget elementor-widget-text-editor\" data-id=\"e338356\" data-element_type=\"widget\" data-widget_type=\"text-editor.default\">\n\t\t\t\t<div class=\"elementor-widget-container\">\n\t\t\t\t\t\t\t\t\t<p>SERVICIOS<\/p>\t\t\t\t\t\t\t\t<\/div>\n\t\t\t\t<\/div>\n\t\t\t\t<\/div>\n\t\t<div class=\"elementor-element elementor-element-2e031e4 e-con-full e-flex e-con e-child\" data-id=\"2e031e4\" data-element_type=\"container\">\n\t\t\t\t<div class=\"elementor-element elementor-element-7c7be29 elementor-widget elementor-widget-elementskit-tab\" data-id=\"7c7be29\" data-element_type=\"widget\" data-settings=\"{&quot;ekit_hash_change&quot;:&quot;yes&quot;}\" data-widget_type=\"elementskit-tab.default\">\n\t\t\t\t<div class=\"elementor-widget-container\">\n\t\t\t\t\t<div class=\"ekit-wid-con\" >        <div class=\"elementkit-tab-wraper   elementskit-fitcontent-tab \">\n            <ul class=\"nav nav-tabs elementkit-tab-nav \">\n                                    <li class=\"elementkit-nav-item elementor-repeater-item-c8c0a6a\">\n                        <a class=\"elementkit-nav-link  active right-pos\" id=\"content-c8c0a6a69eaeae273e8d-tab\" data-ekit-handler-id=\"corte-y-stilyng\" data-ekit-toggle=\"tab\" data-target=\"#content-c8c0a6a69eaeae273e8d\" href=\"#content-c8c0a6a69eaeae273e8d\"\n                            data-ekit-toggle-trigger=\"click\"\n                            aria-describedby=\"content-c8c0a6a69eaeae273e8d\">\n                                                        <div class=\"ekit-tab-title-group\">\n                                                                <span class=\"elementskit-tab-title\">CORTE Y STILYNG<\/span>\n                            <\/div>\n                        <\/a>\n                    <\/li>\n                                        <li class=\"elementkit-nav-item elementor-repeater-item-8a2c133\">\n                        <a class=\"elementkit-nav-link  right-pos\" id=\"content-8a2c13369eaeae273e8d-tab\" data-ekit-handler-id=\"color-bar\" data-ekit-toggle=\"tab\" data-target=\"#content-8a2c13369eaeae273e8d\" href=\"#content-8a2c13369eaeae273e8d\"\n                            data-ekit-toggle-trigger=\"click\"\n                            aria-describedby=\"content-8a2c13369eaeae273e8d\">\n                                                        <div class=\"ekit-tab-title-group\">\n                                                                <span class=\"elementskit-tab-title\">COLOR BAR<\/span>\n                            <\/div>\n                        <\/a>\n                    <\/li>\n                                        <li class=\"elementkit-nav-item elementor-repeater-item-7d03f12\">\n                        <a class=\"elementkit-nav-link  right-pos\" id=\"content-7d03f1269eaeae273e8d-tab\" data-ekit-handler-id=\"especiales\" data-ekit-toggle=\"tab\" data-target=\"#content-7d03f1269eaeae273e8d\" href=\"#content-7d03f1269eaeae273e8d\"\n                            data-ekit-toggle-trigger=\"click\"\n                            aria-describedby=\"content-7d03f1269eaeae273e8d\">\n                                                        <div class=\"ekit-tab-title-group\">\n                                                                <span class=\"elementskit-tab-title\">ESPECIALES<\/span>\n                            <\/div>\n                        <\/a>\n                    <\/li>\n                                        <li class=\"elementkit-nav-item elementor-repeater-item-b7ed3c1\">\n                        <a class=\"elementkit-nav-link  right-pos\" id=\"content-b7ed3c169eaeae273e8d-tab\" data-ekit-handler-id=\"spa\" data-ekit-toggle=\"tab\" data-target=\"#content-b7ed3c169eaeae273e8d\" href=\"#content-b7ed3c169eaeae273e8d\"\n                            data-ekit-toggle-trigger=\"click\"\n                            aria-describedby=\"content-b7ed3c169eaeae273e8d\">\n                                                        <div class=\"ekit-tab-title-group\">\n                                                                <span class=\"elementskit-tab-title\">SPA<\/span>\n                            <\/div>\n                        <\/a>\n                    <\/li>\n                                <\/ul>\n\n            <div class=\"tab-content elementkit-tab-content\">\n                                    <div class=\"tab-pane elementkit-tab-pane elementor-repeater-item-c8c0a6a  active show\" id=\"content-c8c0a6a69eaeae273e8d\" role=\"tabpanel\"\n                         aria-labelledby=\"content-c8c0a6a69eaeae273e8d-tab\">\n                        <div class=\"animated fadeIn\">\n                            \n\t\t<div class=\"widgetarea_warper widgetarea_warper_editable\" data-elementskit-widgetarea-key=\"7c7be29\"  data-elementskit-widgetarea-index=\"c8c0a6a\">\n\t\t\t<div class=\"widgetarea_warper_edit\" data-elementskit-widgetarea-key=\"7c7be29\" data-elementskit-widgetarea-index=\"c8c0a6a\">\n\t\t\t\t<i class=\"eicon-edit\" aria-hidden=\"true\"><\/i>\n\t\t\t\t<span>Editar el contenido<\/span>\n\t\t\t<\/div>\n\n\t\t\t\t\t\t\t\t<div class=\"ekit-widget-area-container\">\n\t\t\t\t\t\t\t<div data-elementor-type=\"wp-post\" data-elementor-id=\"1387\" class=\"elementor elementor-1387\" data-elementor-post-type=\"elementskit_content\">\n\t\t\t\t<div class=\"elementor-element elementor-element-cf269a9 e-con-full e-flex e-con e-parent\" data-id=\"cf269a9\" data-element_type=\"container\">\n\t\t<div class=\"elementor-element elementor-element-792356e e-con-full e-flex e-con e-child\" data-id=\"792356e\" data-element_type=\"container\">\n\t\t\t\t<div class=\"elementor-element elementor-element-68b07e7 elementor-widget elementor-widget-image\" data-id=\"68b07e7\" data-element_type=\"widget\" data-widget_type=\"image.default\">\n\t\t\t\t<div class=\"elementor-widget-container\">\n\t\t\t\t\t\t\t\t\t\t\t\t\t\t\t<img fetchpriority=\"high\" decoding=\"async\" width=\"717\" height=\"931\" src=\"https:\/\/lezamaasesores.com\/cabanero\/wp-content\/uploads\/2025\/04\/aaa.jpg\" class=\"attachment-full size-full wp-image-1355\" alt=\"\" srcset=\"https:\/\/lezamaasesores.com\/cabanero\/wp-content\/uploads\/2025\/04\/aaa.jpg 717w, https:\/\/lezamaasesores.com\/cabanero\/wp-content\/uploads\/2025\/04\/aaa-231x300.jpg 231w\" sizes=\"(max-width: 717px) 100vw, 717px\" \/>\t\t\t\t\t\t\t\t\t\t\t\t\t\t\t<\/div>\n\t\t\t\t<\/div>\n\t\t\t\t<div class=\"elementor-element elementor-element-79d4dfd elementor-widget elementor-widget-text-editor\" data-id=\"79d4dfd\" data-element_type=\"widget\" data-widget_type=\"text-editor.default\">\n\t\t\t\t<div class=\"elementor-widget-container\">\n\t\t\t\t\t\t\t\t\t<p>CORTE &amp; STYLING<\/p>\t\t\t\t\t\t\t\t<\/div>\n\t\t\t\t<\/div>\n\t\t\t\t<div class=\"elementor-element elementor-element-440305a elementor-widget elementor-widget-text-editor\" data-id=\"440305a\" data-element_type=\"widget\" data-widget_type=\"text-editor.default\">\n\t\t\t\t<div class=\"elementor-widget-container\">\n\t\t\t\t\t\t\t\t\t<p>En la Secci\u00f3n Styling, la creatividad se pone al servicio de un estilo \u00fanico y actual. Nuestros expertos estilistas dise\u00f1an peinados y cortes a la medida que resaltan tus rasgos y personalidad, adapt\u00e1ndose a las \u00faltimas tendencias y t\u00e9cnicas para ofrecerte looks frescos y sofisticados.<\/p>\t\t\t\t\t\t\t\t<\/div>\n\t\t\t\t<\/div>\n\t\t\t\t<\/div>\n\t\t<div class=\"elementor-element elementor-element-f549ea0 e-con-full e-flex e-con e-child\" data-id=\"f549ea0\" data-element_type=\"container\">\n\t\t\t\t<div class=\"elementor-element elementor-element-04c7a28 elementor-widget elementor-widget-image\" data-id=\"04c7a28\" data-element_type=\"widget\" data-widget_type=\"image.default\">\n\t\t\t\t<div class=\"elementor-widget-container\">\n\t\t\t\t\t\t\t\t\t\t\t\t\t\t\t<img decoding=\"async\" width=\"717\" height=\"931\" src=\"https:\/\/lezamaasesores.com\/cabanero\/wp-content\/uploads\/2025\/04\/DSDS.jpg\" class=\"attachment-full size-full wp-image-1390\" alt=\"\" srcset=\"https:\/\/lezamaasesores.com\/cabanero\/wp-content\/uploads\/2025\/04\/DSDS.jpg 717w, https:\/\/lezamaasesores.com\/cabanero\/wp-content\/uploads\/2025\/04\/DSDS-231x300.jpg 231w\" sizes=\"(max-width: 717px) 100vw, 717px\" \/>\t\t\t\t\t\t\t\t\t\t\t\t\t\t\t<\/div>\n\t\t\t\t<\/div>\n\t\t\t\t<\/div>\n\t\t\t\t<\/div>\n\t\t<div class=\"elementor-element elementor-element-0ecb314 e-con-full e-flex e-con e-parent\" data-id=\"0ecb314\" data-element_type=\"container\">\n\t\t\t\t<div class=\"elementor-element elementor-element-a5a6cd9 elementor-align-center elementor-widget elementor-widget-elementskit-button\" data-id=\"a5a6cd9\" data-element_type=\"widget\" data-widget_type=\"elementskit-button.default\">\n\t\t\t\t<div class=\"elementor-widget-container\">\n\t\t\t\t\t<div class=\"ekit-wid-con\" >\t\t<div class=\"ekit-btn-wraper\">\n\t\t\t\t\t\t\t<a href=\"#\" class=\"elementskit-btn  whitespace--normal\" id=\"\">\n\t\t\t\t\tSOLICITAR CITA\t\t\t\t<\/a>\n\t\t\t\t\t<\/div>\n        <\/div>\t\t\t\t<\/div>\n\t\t\t\t<\/div>\n\t\t\t\t<\/div>\n\t\t\t\t<\/div>\n\t\t\t\t\t\t\t<\/div>\n\t\t\t\t\t\t<\/div>\n\t\t                        <\/div>\n                    <\/div>\n                                    <div class=\"tab-pane elementkit-tab-pane elementor-repeater-item-8a2c133 \" id=\"content-8a2c13369eaeae273e8d\" role=\"tabpanel\"\n                         aria-labelledby=\"content-8a2c13369eaeae273e8d-tab\">\n                        <div class=\"animated fadeIn\">\n                            \n\t\t<div class=\"widgetarea_warper widgetarea_warper_editable\" data-elementskit-widgetarea-key=\"7c7be29\"  data-elementskit-widgetarea-index=\"8a2c133\">\n\t\t\t<div class=\"widgetarea_warper_edit\" data-elementskit-widgetarea-key=\"7c7be29\" data-elementskit-widgetarea-index=\"8a2c133\">\n\t\t\t\t<i class=\"eicon-edit\" aria-hidden=\"true\"><\/i>\n\t\t\t\t<span>Editar el contenido<\/span>\n\t\t\t<\/div>\n\n\t\t\t\t\t\t\t\t<div class=\"ekit-widget-area-container\">\n\t\t\t\t\t\t\t<div data-elementor-type=\"wp-post\" data-elementor-id=\"1411\" class=\"elementor elementor-1411\" data-elementor-post-type=\"elementskit_content\">\n\t\t\t\t<div class=\"elementor-element elementor-element-895e5df e-con-full e-flex e-con e-parent\" data-id=\"895e5df\" data-element_type=\"container\">\n\t\t<div class=\"elementor-element elementor-element-31dd9d4 e-con-full e-flex e-con e-child\" data-id=\"31dd9d4\" data-element_type=\"container\">\n\t\t\t\t<div class=\"elementor-element elementor-element-b1f9b93 elementor-widget elementor-widget-image\" data-id=\"b1f9b93\" data-element_type=\"widget\" data-widget_type=\"image.default\">\n\t\t\t\t<div class=\"elementor-widget-container\">\n\t\t\t\t\t\t\t\t\t\t\t\t\t\t\t<img decoding=\"async\" width=\"717\" height=\"931\" src=\"https:\/\/lezamaasesores.com\/cabanero\/wp-content\/uploads\/2025\/04\/DCD.jpg\" class=\"attachment-full size-full wp-image-1416\" alt=\"\" srcset=\"https:\/\/lezamaasesores.com\/cabanero\/wp-content\/uploads\/2025\/04\/DCD.jpg 717w, https:\/\/lezamaasesores.com\/cabanero\/wp-content\/uploads\/2025\/04\/DCD-231x300.jpg 231w\" sizes=\"(max-width: 717px) 100vw, 717px\" \/>\t\t\t\t\t\t\t\t\t\t\t\t\t\t\t<\/div>\n\t\t\t\t<\/div>\n\t\t\t\t<div class=\"elementor-element elementor-element-2177de8 elementor-widget elementor-widget-text-editor\" data-id=\"2177de8\" data-element_type=\"widget\" data-widget_type=\"text-editor.default\">\n\t\t\t\t<div class=\"elementor-widget-container\">\n\t\t\t\t\t\t\t\t\t<p>COLOR BAR<\/p>\t\t\t\t\t\t\t\t<\/div>\n\t\t\t\t<\/div>\n\t\t\t\t<div class=\"elementor-element elementor-element-15f9905 elementor-widget elementor-widget-text-editor\" data-id=\"15f9905\" data-element_type=\"widget\" data-widget_type=\"text-editor.default\">\n\t\t\t\t<div class=\"elementor-widget-container\">\n\t\t\t\t\t\t\t\t\t<p>Descubre un mundo de posibilidades con nuestra Secci\u00f3n Color Bar, dedicada a transformar tu imagen con color. Aqu\u00ed aplicamos t\u00e9cnicas avanzadas de coloraci\u00f3n\u2014desde mechas sutiles hasta transformaciones completas\u2014para realzar la belleza natural de tu cabello y ofrecerte tonos vibrantes y armoniosos.<\/p>\t\t\t\t\t\t\t\t<\/div>\n\t\t\t\t<\/div>\n\t\t\t\t<\/div>\n\t\t<div class=\"elementor-element elementor-element-b908fd2 e-con-full e-flex e-con e-child\" data-id=\"b908fd2\" data-element_type=\"container\">\n\t\t\t\t<div class=\"elementor-element elementor-element-e9073a4 elementor-widget elementor-widget-image\" data-id=\"e9073a4\" data-element_type=\"widget\" data-widget_type=\"image.default\">\n\t\t\t\t<div class=\"elementor-widget-container\">\n\t\t\t\t\t\t\t\t\t\t\t\t\t\t\t<img loading=\"lazy\" decoding=\"async\" width=\"717\" height=\"931\" src=\"https:\/\/lezamaasesores.com\/cabanero\/wp-content\/uploads\/2025\/04\/SASASA.jpg\" class=\"attachment-full size-full wp-image-1389\" alt=\"\" srcset=\"https:\/\/lezamaasesores.com\/cabanero\/wp-content\/uploads\/2025\/04\/SASASA.jpg 717w, https:\/\/lezamaasesores.com\/cabanero\/wp-content\/uploads\/2025\/04\/SASASA-231x300.jpg 231w\" sizes=\"(max-width: 717px) 100vw, 717px\" \/>\t\t\t\t\t\t\t\t\t\t\t\t\t\t\t<\/div>\n\t\t\t\t<\/div>\n\t\t\t\t<\/div>\n\t\t\t\t<\/div>\n\t\t<div class=\"elementor-element elementor-element-b356a52 e-con-full e-flex e-con e-parent\" data-id=\"b356a52\" data-element_type=\"container\">\n\t\t\t\t<div class=\"elementor-element elementor-element-9335396 elementor-align-center elementor-widget elementor-widget-elementskit-button\" data-id=\"9335396\" data-element_type=\"widget\" data-widget_type=\"elementskit-button.default\">\n\t\t\t\t<div class=\"elementor-widget-container\">\n\t\t\t\t\t<div class=\"ekit-wid-con\" >\t\t<div class=\"ekit-btn-wraper\">\n\t\t\t\t\t\t\t<a href=\"#\" class=\"elementskit-btn  whitespace--normal\" id=\"\">\n\t\t\t\t\tSOLICITAR CITA\t\t\t\t<\/a>\n\t\t\t\t\t<\/div>\n        <\/div>\t\t\t\t<\/div>\n\t\t\t\t<\/div>\n\t\t\t\t<\/div>\n\t\t\t\t<\/div>\n\t\t\t\t\t\t\t<\/div>\n\t\t\t\t\t\t<\/div>\n\t\t                        <\/div>\n                    <\/div>\n                                    <div class=\"tab-pane elementkit-tab-pane elementor-repeater-item-7d03f12 \" id=\"content-7d03f1269eaeae273e8d\" role=\"tabpanel\"\n                         aria-labelledby=\"content-7d03f1269eaeae273e8d-tab\">\n                        <div class=\"animated fadeIn\">\n                            \n\t\t<div class=\"widgetarea_warper widgetarea_warper_editable\" data-elementskit-widgetarea-key=\"7c7be29\"  data-elementskit-widgetarea-index=\"7d03f12\">\n\t\t\t<div class=\"widgetarea_warper_edit\" data-elementskit-widgetarea-key=\"7c7be29\" data-elementskit-widgetarea-index=\"7d03f12\">\n\t\t\t\t<i class=\"eicon-edit\" aria-hidden=\"true\"><\/i>\n\t\t\t\t<span>Editar el contenido<\/span>\n\t\t\t<\/div>\n\n\t\t\t\t\t\t\t\t<div class=\"ekit-widget-area-container\">\n\t\t\t\t\t\t\t<div data-elementor-type=\"wp-post\" data-elementor-id=\"1424\" class=\"elementor elementor-1424\" data-elementor-post-type=\"elementskit_content\">\n\t\t\t\t<div class=\"elementor-element elementor-element-5453086 e-con-full e-flex e-con e-parent\" data-id=\"5453086\" data-element_type=\"container\">\n\t\t<div class=\"elementor-element elementor-element-c7d5c37 e-con-full e-flex e-con e-child\" data-id=\"c7d5c37\" data-element_type=\"container\">\n\t\t\t\t<div class=\"elementor-element elementor-element-3d1ba02 elementor-widget elementor-widget-image\" data-id=\"3d1ba02\" data-element_type=\"widget\" data-widget_type=\"image.default\">\n\t\t\t\t<div class=\"elementor-widget-container\">\n\t\t\t\t\t\t\t\t\t\t\t\t\t\t\t<img loading=\"lazy\" decoding=\"async\" width=\"717\" height=\"931\" src=\"https:\/\/lezamaasesores.com\/cabanero\/wp-content\/uploads\/2025\/04\/CD.jpg\" class=\"attachment-full size-full wp-image-1417\" alt=\"\" srcset=\"https:\/\/lezamaasesores.com\/cabanero\/wp-content\/uploads\/2025\/04\/CD.jpg 717w, https:\/\/lezamaasesores.com\/cabanero\/wp-content\/uploads\/2025\/04\/CD-231x300.jpg 231w\" sizes=\"(max-width: 717px) 100vw, 717px\" \/>\t\t\t\t\t\t\t\t\t\t\t\t\t\t\t<\/div>\n\t\t\t\t<\/div>\n\t\t\t\t<div class=\"elementor-element elementor-element-3a603a7 elementor-widget elementor-widget-text-editor\" data-id=\"3a603a7\" data-element_type=\"widget\" data-widget_type=\"text-editor.default\">\n\t\t\t\t<div class=\"elementor-widget-container\">\n\t\t\t\t\t\t\t\t\t<p>ESPECIALES \/ BODAS, COMUNIONES&#8230;<\/p>\t\t\t\t\t\t\t\t<\/div>\n\t\t\t\t<\/div>\n\t\t\t\t<div class=\"elementor-element elementor-element-6f6592c elementor-widget elementor-widget-text-editor\" data-id=\"6f6592c\" data-element_type=\"widget\" data-widget_type=\"text-editor.default\">\n\t\t\t\t<div class=\"elementor-widget-container\">\n\t\t\t\t\t\t\t\t\t<p>Para esos momentos inolvidables, nuestra Secci\u00f3n Especiales est\u00e1 dise\u00f1ada para realzar tu imagen en cada celebraci\u00f3n. Contamos con un equipo de expertos en imagen que personaliza estilos exclusivos y sofisticados para bodas, comuniones y cualquier evento importante. Con atenci\u00f3n detallada y t\u00e9cnicas de vanguardia, creamos looks que combinan la elegancia cl\u00e1sica con un toque moderno, asegurando que brilles en cada ocasi\u00f3n especial.<\/p>\t\t\t\t\t\t\t\t<\/div>\n\t\t\t\t<\/div>\n\t\t\t\t<\/div>\n\t\t<div class=\"elementor-element elementor-element-5b4ff49 e-con-full e-flex e-con e-child\" data-id=\"5b4ff49\" data-element_type=\"container\">\n\t\t\t\t<div class=\"elementor-element elementor-element-4ec9216 elementor-widget elementor-widget-image\" data-id=\"4ec9216\" data-element_type=\"widget\" data-widget_type=\"image.default\">\n\t\t\t\t<div class=\"elementor-widget-container\">\n\t\t\t\t\t\t\t\t\t\t\t\t\t\t\t<img loading=\"lazy\" decoding=\"async\" width=\"717\" height=\"931\" src=\"https:\/\/lezamaasesores.com\/cabanero\/wp-content\/uploads\/2025\/04\/DFD.jpg\" class=\"attachment-full size-full wp-image-1453\" alt=\"\" srcset=\"https:\/\/lezamaasesores.com\/cabanero\/wp-content\/uploads\/2025\/04\/DFD.jpg 717w, https:\/\/lezamaasesores.com\/cabanero\/wp-content\/uploads\/2025\/04\/DFD-231x300.jpg 231w\" sizes=\"(max-width: 717px) 100vw, 717px\" \/>\t\t\t\t\t\t\t\t\t\t\t\t\t\t\t<\/div>\n\t\t\t\t<\/div>\n\t\t\t\t<\/div>\n\t\t\t\t<\/div>\n\t\t\t\t<\/div>\n\t\t\t\t\t\t\t<\/div>\n\t\t\t\t\t\t<\/div>\n\t\t                        <\/div>\n                    <\/div>\n                                    <div class=\"tab-pane elementkit-tab-pane elementor-repeater-item-b7ed3c1 \" id=\"content-b7ed3c169eaeae273e8d\" role=\"tabpanel\"\n                         aria-labelledby=\"content-b7ed3c169eaeae273e8d-tab\">\n                        <div class=\"animated fadeIn\">\n                            \n\t\t<div class=\"widgetarea_warper widgetarea_warper_editable\" data-elementskit-widgetarea-key=\"7c7be29\"  data-elementskit-widgetarea-index=\"b7ed3c1\">\n\t\t\t<div class=\"widgetarea_warper_edit\" data-elementskit-widgetarea-key=\"7c7be29\" data-elementskit-widgetarea-index=\"b7ed3c1\">\n\t\t\t\t<i class=\"eicon-edit\" aria-hidden=\"true\"><\/i>\n\t\t\t\t<span>Editar el contenido<\/span>\n\t\t\t<\/div>\n\n\t\t\t\t\t\t\t\t<div class=\"ekit-widget-area-container\">\n\t\t\t\t\t\t\t<div data-elementor-type=\"wp-post\" data-elementor-id=\"1444\" class=\"elementor elementor-1444\" data-elementor-post-type=\"elementskit_content\">\n\t\t\t\t<div class=\"elementor-element elementor-element-e0c8200 e-con-full e-flex e-con e-parent\" data-id=\"e0c8200\" data-element_type=\"container\">\n\t\t<div class=\"elementor-element elementor-element-b817d9f e-con-full e-flex e-con e-child\" data-id=\"b817d9f\" data-element_type=\"container\">\n\t\t\t\t<div class=\"elementor-element elementor-element-df78b83 elementor-widget elementor-widget-image\" data-id=\"df78b83\" data-element_type=\"widget\" data-widget_type=\"image.default\">\n\t\t\t\t<div class=\"elementor-widget-container\">\n\t\t\t\t\t\t\t\t\t\t\t\t\t\t\t<img loading=\"lazy\" decoding=\"async\" width=\"717\" height=\"931\" src=\"https:\/\/lezamaasesores.com\/cabanero\/wp-content\/uploads\/2025\/04\/XXXXX.jpg\" class=\"attachment-full size-full wp-image-1366\" alt=\"\" srcset=\"https:\/\/lezamaasesores.com\/cabanero\/wp-content\/uploads\/2025\/04\/XXXXX.jpg 717w, https:\/\/lezamaasesores.com\/cabanero\/wp-content\/uploads\/2025\/04\/XXXXX-231x300.jpg 231w\" sizes=\"(max-width: 717px) 100vw, 717px\" \/>\t\t\t\t\t\t\t\t\t\t\t\t\t\t\t<\/div>\n\t\t\t\t<\/div>\n\t\t\t\t<div class=\"elementor-element elementor-element-2acd302 elementor-widget elementor-widget-text-editor\" data-id=\"2acd302\" data-element_type=\"widget\" data-widget_type=\"text-editor.default\">\n\t\t\t\t<div class=\"elementor-widget-container\">\n\t\t\t\t\t\t\t\t\t<p>SPA<\/p>\t\t\t\t\t\t\t\t<\/div>\n\t\t\t\t<\/div>\n\t\t\t\t<div class=\"elementor-element elementor-element-68ab242 elementor-widget elementor-widget-text-editor\" data-id=\"68ab242\" data-element_type=\"widget\" data-widget_type=\"text-editor.default\">\n\t\t\t\t<div class=\"elementor-widget-container\">\n\t\t\t\t\t\t\t\t\t<p>Rel\u00e1jate en nuestra Zona Spa, un espacio dise\u00f1ado para brindar bienestar y renovaci\u00f3n. Con tratamientos capilares intensivos, masajes y terapias relajantes, cuidamos de tu cabello y de ti, creando una experiencia sensorial que equilibra belleza y salud.<\/p>\t\t\t\t\t\t\t\t<\/div>\n\t\t\t\t<\/div>\n\t\t\t\t<\/div>\n\t\t<div class=\"elementor-element elementor-element-56bbc92 e-con-full e-flex e-con e-child\" data-id=\"56bbc92\" data-element_type=\"container\">\n\t\t\t\t<div class=\"elementor-element elementor-element-0525507 elementor-widget elementor-widget-image\" data-id=\"0525507\" data-element_type=\"widget\" data-widget_type=\"image.default\">\n\t\t\t\t<div class=\"elementor-widget-container\">\n\t\t\t\t\t\t\t\t\t\t\t\t\t\t\t<img loading=\"lazy\" decoding=\"async\" width=\"717\" height=\"931\" src=\"https:\/\/lezamaasesores.com\/cabanero\/wp-content\/uploads\/2025\/04\/DEE.jpg\" class=\"attachment-full size-full wp-image-1446\" alt=\"\" srcset=\"https:\/\/lezamaasesores.com\/cabanero\/wp-content\/uploads\/2025\/04\/DEE.jpg 717w, https:\/\/lezamaasesores.com\/cabanero\/wp-content\/uploads\/2025\/04\/DEE-231x300.jpg 231w\" sizes=\"(max-width: 717px) 100vw, 717px\" \/>\t\t\t\t\t\t\t\t\t\t\t\t\t\t\t<\/div>\n\t\t\t\t<\/div>\n\t\t\t\t<\/div>\n\t\t\t\t<\/div>\n\t\t<div class=\"elementor-element elementor-element-fe3a358 e-con-full e-flex e-con e-parent\" data-id=\"fe3a358\" data-element_type=\"container\">\n\t\t\t\t<div class=\"elementor-element elementor-element-108d357 elementor-align-center elementor-widget elementor-widget-elementskit-button\" data-id=\"108d357\" data-element_type=\"widget\" data-widget_type=\"elementskit-button.default\">\n\t\t\t\t<div class=\"elementor-widget-container\">\n\t\t\t\t\t<div class=\"ekit-wid-con\" >\t\t<div class=\"ekit-btn-wraper\">\n\t\t\t\t\t\t\t<a href=\"#\" class=\"elementskit-btn  whitespace--normal\" id=\"\">\n\t\t\t\t\tSOLICITAR CITA\t\t\t\t<\/a>\n\t\t\t\t\t<\/div>\n        <\/div>\t\t\t\t<\/div>\n\t\t\t\t<\/div>\n\t\t\t\t<\/div>\n\t\t\t\t<\/div>\n\t\t\t\t\t\t\t<\/div>\n\t\t\t\t\t\t<\/div>\n\t\t                        <\/div>\n                    <\/div>\n                            <\/div>\n        <\/div>\n    <\/div>\t\t\t\t<\/div>\n\t\t\t\t<\/div>\n\t\t\t\t<\/div>\n\t\t\t\t\t<\/div>\n\t\t\t\t<\/div>\n\t\t\t\t<\/div>\n\t\t","protected":false},"excerpt":{"rendered":"<p>MUJER SERVICIOS CORTE Y STILYNG COLOR BAR ESPECIALES SPA Editar el contenido CORTE &amp; STYLING En la Secci\u00f3n Styling, la creatividad se pone al servicio de un estilo \u00fanico y actual. Nuestros expertos estilistas dise\u00f1an peinados y cortes a la medida que resaltan tus rasgos y personalidad, adapt\u00e1ndose a las \u00faltimas tendencias y t\u00e9cnicas para [&hellip;]<\/p>\n","protected":false},"author":1,"featured_media":0,"parent":0,"menu_order":0,"comment_status":"closed","ping_status":"closed","template":"","meta":{"footnotes":""},"class_list":["post-1376","page","type-page","status-publish","hentry"],"_links":{"self":[{"href":"https:\/\/lezamaasesores.com\/cabanero\/wp-json\/wp\/v2\/pages\/1376","targetHints":{"allow":["GET"]}}],"collection":[{"href":"https:\/\/lezamaasesores.com\/cabanero\/wp-json\/wp\/v2\/pages"}],"about":[{"href":"https:\/\/lezamaasesores.com\/cabanero\/wp-json\/wp\/v2\/types\/page"}],"author":[{"embeddable":true,"href":"https:\/\/lezamaasesores.com\/cabanero\/wp-json\/wp\/v2\/users\/1"}],"replies":[{"embeddable":true,"href":"https:\/\/lezamaasesores.com\/cabanero\/wp-json\/wp\/v2\/comments?post=1376"}],"version-history":[{"count":0,"href":"https:\/\/lezamaasesores.com\/cabanero\/wp-json\/wp\/v2\/pages\/1376\/revisions"}],"wp:attachment":[{"href":"https:\/\/lezamaasesores.com\/cabanero\/wp-json\/wp\/v2\/media?parent=1376"}],"curies":[{"name":"wp","href":"https:\/\/api.w.org\/{rel}","templated":true}]}}