{"id":1203,"date":"2025-04-08T18:34:40","date_gmt":"2025-04-08T16:34:40","guid":{"rendered":"https:\/\/lezamaasesores.com\/cabanero\/?page_id=1203"},"modified":"2025-04-15T11:33:39","modified_gmt":"2025-04-15T09:33:39","slug":"servicios-caballero","status":"publish","type":"page","link":"https:\/\/lezamaasesores.com\/cabanero\/servicios-caballero\/","title":{"rendered":"Servicios caballero"},"content":{"rendered":"\t\t<div data-elementor-type=\"wp-page\" data-elementor-id=\"1203\" class=\"elementor elementor-1203\" data-elementor-post-type=\"page\">\n\t\t\t\t<div class=\"elementor-element elementor-element-5228e26 e-flex e-con-boxed e-con e-parent\" data-id=\"5228e26\" data-element_type=\"container\" data-settings=\"{&quot;background_background&quot;:&quot;classic&quot;}\">\n\t\t\t\t\t<div class=\"e-con-inner\">\n\t\t<div class=\"elementor-element elementor-element-cc5ba72 e-con-full e-flex e-con e-child\" data-id=\"cc5ba72\" data-element_type=\"container\">\n\t\t\t\t<div class=\"elementor-element elementor-element-91be037 elementor-widget elementor-widget-text-editor\" data-id=\"91be037\" data-element_type=\"widget\" data-widget_type=\"text-editor.default\">\n\t\t\t\t<div class=\"elementor-widget-container\">\n\t\t\t\t\t\t\t\t\t<p>CHICO<\/p>\t\t\t\t\t\t\t\t<\/div>\n\t\t\t\t<\/div>\n\t\t\t\t<div class=\"elementor-element elementor-element-8e50195 elementor-widget elementor-widget-text-editor\" data-id=\"8e50195\" data-element_type=\"widget\" data-widget_type=\"text-editor.default\">\n\t\t\t\t<div class=\"elementor-widget-container\">\n\t\t\t\t\t\t\t\t\t<p>SERVICIOS<\/p>\t\t\t\t\t\t\t\t<\/div>\n\t\t\t\t<\/div>\n\t\t\t\t<\/div>\n\t\t<div class=\"elementor-element elementor-element-49df8e6 e-con-full e-flex e-con e-child\" data-id=\"49df8e6\" data-element_type=\"container\">\n\t\t\t\t<div class=\"elementor-element elementor-element-987a428 elementor-widget elementor-widget-elementskit-tab\" data-id=\"987a428\" data-element_type=\"widget\" data-widget_type=\"elementskit-tab.default\">\n\t\t\t\t<div class=\"elementor-widget-container\">\n\t\t\t\t\t<div class=\"ekit-wid-con\" >        <div class=\"elementkit-tab-wraper   elementskit-fitcontent-tab \">\n            <ul class=\"nav nav-tabs elementkit-tab-nav \">\n                                    <li class=\"elementkit-nav-item elementor-repeater-item-c8c0a6a\">\n                        <a class=\"elementkit-nav-link  active left-pos\" id=\"content-c8c0a6a69eaeae9efa31-tab\" data-ekit-handler-id=\"corte-y-stilyng\" data-ekit-toggle=\"tab\" data-target=\"#content-c8c0a6a69eaeae9efa31\" href=\"#content-c8c0a6a69eaeae9efa31\"\n                            data-ekit-toggle-trigger=\"click\"\n                            aria-describedby=\"content-c8c0a6a69eaeae9efa31\">\n                                                        <div class=\"ekit-tab-title-group\">\n                                                                <span class=\"elementskit-tab-title\">CORTE Y STILYNG<\/span>\n                            <\/div>\n                        <\/a>\n                    <\/li>\n                                        <li class=\"elementkit-nav-item elementor-repeater-item-7d03f12\">\n                        <a class=\"elementkit-nav-link  left-pos\" id=\"content-7d03f1269eaeae9efa31-tab\" data-ekit-handler-id=\"barber\" data-ekit-toggle=\"tab\" data-target=\"#content-7d03f1269eaeae9efa31\" href=\"#content-7d03f1269eaeae9efa31\"\n                            data-ekit-toggle-trigger=\"click\"\n                            aria-describedby=\"content-7d03f1269eaeae9efa31\">\n                                                        <div class=\"ekit-tab-title-group\">\n                                                                <span class=\"elementskit-tab-title\">BARBER<\/span>\n                            <\/div>\n                        <\/a>\n                    <\/li>\n                                        <li class=\"elementkit-nav-item elementor-repeater-item-8a2c133\">\n                        <a class=\"elementkit-nav-link  left-pos\" id=\"content-8a2c13369eaeae9efa31-tab\" data-ekit-handler-id=\"color-bar\" data-ekit-toggle=\"tab\" data-target=\"#content-8a2c13369eaeae9efa31\" href=\"#content-8a2c13369eaeae9efa31\"\n                            data-ekit-toggle-trigger=\"click\"\n                            aria-describedby=\"content-8a2c13369eaeae9efa31\">\n                                                        <div class=\"ekit-tab-title-group\">\n                                                                <span class=\"elementskit-tab-title\">COLOR BAR<\/span>\n                            <\/div>\n                        <\/a>\n                    <\/li>\n                                        <li class=\"elementkit-nav-item elementor-repeater-item-b7ed3c1\">\n                        <a class=\"elementkit-nav-link  left-pos\" id=\"content-b7ed3c169eaeae9efa31-tab\" data-ekit-handler-id=\"spa\" data-ekit-toggle=\"tab\" data-target=\"#content-b7ed3c169eaeae9efa31\" href=\"#content-b7ed3c169eaeae9efa31\"\n                            data-ekit-toggle-trigger=\"click\"\n                            aria-describedby=\"content-b7ed3c169eaeae9efa31\">\n                                                        <div class=\"ekit-tab-title-group\">\n                                                                <span class=\"elementskit-tab-title\">SPA<\/span>\n                            <\/div>\n                        <\/a>\n                    <\/li>\n                                <\/ul>\n\n            <div class=\"tab-content elementkit-tab-content\">\n                                    <div class=\"tab-pane elementkit-tab-pane elementor-repeater-item-c8c0a6a  active show\" id=\"content-c8c0a6a69eaeae9efa31\" role=\"tabpanel\"\n                         aria-labelledby=\"content-c8c0a6a69eaeae9efa31-tab\">\n                        <div class=\"animated fadeIn\">\n                            \n\t\t<div class=\"widgetarea_warper widgetarea_warper_editable\" data-elementskit-widgetarea-key=\"987a428\"  data-elementskit-widgetarea-index=\"c8c0a6a\">\n\t\t\t<div class=\"widgetarea_warper_edit\" data-elementskit-widgetarea-key=\"987a428\" data-elementskit-widgetarea-index=\"c8c0a6a\">\n\t\t\t\t<i class=\"eicon-edit\" aria-hidden=\"true\"><\/i>\n\t\t\t\t<span>Editar el contenido<\/span>\n\t\t\t<\/div>\n\n\t\t\t\t\t\t\t\t<div class=\"ekit-widget-area-container\">\n\t\t\t\t\t\t\t<div data-elementor-type=\"wp-post\" data-elementor-id=\"1223\" class=\"elementor elementor-1223\" data-elementor-post-type=\"elementskit_content\">\n\t\t\t\t<div class=\"elementor-element elementor-element-b7b1850 e-con-full e-flex e-con e-parent\" data-id=\"b7b1850\" data-element_type=\"container\">\n\t\t<div class=\"elementor-element elementor-element-a589407 e-con-full e-flex e-con e-child\" data-id=\"a589407\" data-element_type=\"container\">\n\t\t\t\t<div class=\"elementor-element elementor-element-983a145 elementor-widget elementor-widget-image\" data-id=\"983a145\" data-element_type=\"widget\" data-widget_type=\"image.default\">\n\t\t\t\t<div class=\"elementor-widget-container\">\n\t\t\t\t\t\t\t\t\t\t\t\t\t\t\t<img fetchpriority=\"high\" decoding=\"async\" width=\"717\" height=\"931\" src=\"https:\/\/lezamaasesores.com\/cabanero\/wp-content\/uploads\/2025\/04\/aaa.jpg\" class=\"attachment-full size-full wp-image-1355\" alt=\"\" srcset=\"https:\/\/lezamaasesores.com\/cabanero\/wp-content\/uploads\/2025\/04\/aaa.jpg 717w, https:\/\/lezamaasesores.com\/cabanero\/wp-content\/uploads\/2025\/04\/aaa-231x300.jpg 231w\" sizes=\"(max-width: 717px) 100vw, 717px\" \/>\t\t\t\t\t\t\t\t\t\t\t\t\t\t\t<\/div>\n\t\t\t\t<\/div>\n\t\t\t\t<div class=\"elementor-element elementor-element-1da0623 elementor-widget elementor-widget-text-editor\" data-id=\"1da0623\" data-element_type=\"widget\" data-widget_type=\"text-editor.default\">\n\t\t\t\t<div class=\"elementor-widget-container\">\n\t\t\t\t\t\t\t\t\t<p>CORTE &amp; STYLING<\/p>\t\t\t\t\t\t\t\t<\/div>\n\t\t\t\t<\/div>\n\t\t\t\t<div class=\"elementor-element elementor-element-247ca94 elementor-widget elementor-widget-text-editor\" data-id=\"247ca94\" data-element_type=\"widget\" data-widget_type=\"text-editor.default\">\n\t\t\t\t<div class=\"elementor-widget-container\">\n\t\t\t\t\t\t\t\t\t<p>En la Secci\u00f3n Styling, la creatividad se pone al servicio de un estilo \u00fanico y actual. Nuestros expertos estilistas dise\u00f1an peinados y cortes a la medida que resaltan tus rasgos y personalidad, adapt\u00e1ndose a las \u00faltimas tendencias y t\u00e9cnicas para ofrecerte looks frescos y sofisticados.<\/p>\t\t\t\t\t\t\t\t<\/div>\n\t\t\t\t<\/div>\n\t\t\t\t<\/div>\n\t\t<div class=\"elementor-element elementor-element-60a434a e-con-full e-flex e-con e-child\" data-id=\"60a434a\" data-element_type=\"container\">\n\t\t\t\t<div class=\"elementor-element elementor-element-c448629 elementor-widget elementor-widget-image\" data-id=\"c448629\" data-element_type=\"widget\" data-widget_type=\"image.default\">\n\t\t\t\t<div class=\"elementor-widget-container\">\n\t\t\t\t\t\t\t\t\t\t\t\t\t\t\t<img decoding=\"async\" width=\"717\" height=\"931\" src=\"https:\/\/lezamaasesores.com\/cabanero\/wp-content\/uploads\/2025\/04\/c2.jpg\" class=\"attachment-full size-full wp-image-1278\" alt=\"\" srcset=\"https:\/\/lezamaasesores.com\/cabanero\/wp-content\/uploads\/2025\/04\/c2.jpg 717w, https:\/\/lezamaasesores.com\/cabanero\/wp-content\/uploads\/2025\/04\/c2-231x300.jpg 231w\" sizes=\"(max-width: 717px) 100vw, 717px\" \/>\t\t\t\t\t\t\t\t\t\t\t\t\t\t\t<\/div>\n\t\t\t\t<\/div>\n\t\t\t\t<\/div>\n\t\t\t\t<\/div>\n\t\t<div class=\"elementor-element elementor-element-38d276d e-con-full e-flex e-con e-parent\" data-id=\"38d276d\" data-element_type=\"container\">\n\t\t\t\t<div class=\"elementor-element elementor-element-25249af elementor-align-center elementor-widget elementor-widget-elementskit-button\" data-id=\"25249af\" data-element_type=\"widget\" data-widget_type=\"elementskit-button.default\">\n\t\t\t\t<div class=\"elementor-widget-container\">\n\t\t\t\t\t<div class=\"ekit-wid-con\" >\t\t<div class=\"ekit-btn-wraper\">\n\t\t\t\t\t\t\t<a href=\"#\" class=\"elementskit-btn  whitespace--normal\" id=\"\">\n\t\t\t\t\tSOLICITAR CITA\t\t\t\t<\/a>\n\t\t\t\t\t<\/div>\n        <\/div>\t\t\t\t<\/div>\n\t\t\t\t<\/div>\n\t\t\t\t<\/div>\n\t\t\t\t<\/div>\n\t\t\t\t\t\t\t<\/div>\n\t\t\t\t\t\t<\/div>\n\t\t                        <\/div>\n                    <\/div>\n                                    <div class=\"tab-pane elementkit-tab-pane elementor-repeater-item-7d03f12 \" id=\"content-7d03f1269eaeae9efa31\" role=\"tabpanel\"\n                         aria-labelledby=\"content-7d03f1269eaeae9efa31-tab\">\n                        <div class=\"animated fadeIn\">\n                            \n\t\t<div class=\"widgetarea_warper widgetarea_warper_editable\" data-elementskit-widgetarea-key=\"987a428\"  data-elementskit-widgetarea-index=\"7d03f12\">\n\t\t\t<div class=\"widgetarea_warper_edit\" data-elementskit-widgetarea-key=\"987a428\" data-elementskit-widgetarea-index=\"7d03f12\">\n\t\t\t\t<i class=\"eicon-edit\" aria-hidden=\"true\"><\/i>\n\t\t\t\t<span>Editar el contenido<\/span>\n\t\t\t<\/div>\n\n\t\t\t\t\t\t\t\t<div class=\"ekit-widget-area-container\">\n\t\t\t\t\t\t\t<div data-elementor-type=\"wp-post\" data-elementor-id=\"1277\" class=\"elementor elementor-1277\" data-elementor-post-type=\"elementskit_content\">\n\t\t\t\t<div class=\"elementor-element elementor-element-269e891 e-con-full e-flex e-con e-parent\" data-id=\"269e891\" data-element_type=\"container\">\n\t\t<div class=\"elementor-element elementor-element-174600e e-con-full e-flex e-con e-child\" data-id=\"174600e\" data-element_type=\"container\">\n\t\t\t\t<div class=\"elementor-element elementor-element-62f71f3 elementor-widget elementor-widget-image\" data-id=\"62f71f3\" data-element_type=\"widget\" data-widget_type=\"image.default\">\n\t\t\t\t<div class=\"elementor-widget-container\">\n\t\t\t\t\t\t\t\t\t\t\t\t\t\t\t<img decoding=\"async\" width=\"717\" height=\"931\" src=\"https:\/\/lezamaasesores.com\/cabanero\/wp-content\/uploads\/2025\/04\/XA.jpg\" class=\"attachment-full size-full wp-image-1334\" alt=\"\" srcset=\"https:\/\/lezamaasesores.com\/cabanero\/wp-content\/uploads\/2025\/04\/XA.jpg 717w, https:\/\/lezamaasesores.com\/cabanero\/wp-content\/uploads\/2025\/04\/XA-231x300.jpg 231w\" sizes=\"(max-width: 717px) 100vw, 717px\" \/>\t\t\t\t\t\t\t\t\t\t\t\t\t\t\t<\/div>\n\t\t\t\t<\/div>\n\t\t\t\t<div class=\"elementor-element elementor-element-891c667 elementor-widget elementor-widget-text-editor\" data-id=\"891c667\" data-element_type=\"widget\" data-widget_type=\"text-editor.default\">\n\t\t\t\t<div class=\"elementor-widget-container\">\n\t\t\t\t\t\t\t\t\t<p>BARBER<\/p>\t\t\t\t\t\t\t\t<\/div>\n\t\t\t\t<\/div>\n\t\t\t\t<div class=\"elementor-element elementor-element-8d9feb2 elementor-widget elementor-widget-text-editor\" data-id=\"8d9feb2\" data-element_type=\"widget\" data-widget_type=\"text-editor.default\">\n\t\t\t\t<div class=\"elementor-widget-container\">\n\t\t\t\t\t\t\t\t\t<p>Con un ambiente que fusiona lo cl\u00e1sico y lo moderno, nuestra Secci\u00f3n Barber est\u00e1 pensada para el cuidado masculino integral. Aqu\u00ed se realizan cortes tradicionales y contempor\u00e1neos, afeitados precisos, y arreglos de barba y bigote personalizados, todo realizado con la m\u00e1xima precisi\u00f3n y atenci\u00f3n al detalle.<\/p>\t\t\t\t\t\t\t\t<\/div>\n\t\t\t\t<\/div>\n\t\t\t\t<\/div>\n\t\t<div class=\"elementor-element elementor-element-b1ab038 e-con-full e-flex e-con e-child\" data-id=\"b1ab038\" data-element_type=\"container\">\n\t\t\t\t<div class=\"elementor-element elementor-element-9583a40 elementor-widget elementor-widget-image\" data-id=\"9583a40\" data-element_type=\"widget\" data-widget_type=\"image.default\">\n\t\t\t\t<div class=\"elementor-widget-container\">\n\t\t\t\t\t\t\t\t\t\t\t\t\t\t\t<img loading=\"lazy\" decoding=\"async\" width=\"717\" height=\"931\" src=\"https:\/\/lezamaasesores.com\/cabanero\/wp-content\/uploads\/2025\/04\/c1.jpg\" class=\"attachment-full size-full wp-image-1279\" alt=\"\" srcset=\"https:\/\/lezamaasesores.com\/cabanero\/wp-content\/uploads\/2025\/04\/c1.jpg 717w, https:\/\/lezamaasesores.com\/cabanero\/wp-content\/uploads\/2025\/04\/c1-231x300.jpg 231w\" sizes=\"(max-width: 717px) 100vw, 717px\" \/>\t\t\t\t\t\t\t\t\t\t\t\t\t\t\t<\/div>\n\t\t\t\t<\/div>\n\t\t\t\t<\/div>\n\t\t\t\t<\/div>\n\t\t<div class=\"elementor-element elementor-element-468222f e-con-full e-flex e-con e-parent\" data-id=\"468222f\" data-element_type=\"container\">\n\t\t\t\t<div class=\"elementor-element elementor-element-c5a6aa7 elementor-align-center elementor-widget elementor-widget-elementskit-button\" data-id=\"c5a6aa7\" data-element_type=\"widget\" data-widget_type=\"elementskit-button.default\">\n\t\t\t\t<div class=\"elementor-widget-container\">\n\t\t\t\t\t<div class=\"ekit-wid-con\" >\t\t<div class=\"ekit-btn-wraper\">\n\t\t\t\t\t\t\t<a href=\"#\" class=\"elementskit-btn  whitespace--normal\" id=\"\">\n\t\t\t\t\tSOLICITAR CITA\t\t\t\t<\/a>\n\t\t\t\t\t<\/div>\n        <\/div>\t\t\t\t<\/div>\n\t\t\t\t<\/div>\n\t\t\t\t<\/div>\n\t\t\t\t<\/div>\n\t\t\t\t\t\t\t<\/div>\n\t\t\t\t\t\t<\/div>\n\t\t                        <\/div>\n                    <\/div>\n                                    <div class=\"tab-pane elementkit-tab-pane elementor-repeater-item-8a2c133 \" id=\"content-8a2c13369eaeae9efa31\" role=\"tabpanel\"\n                         aria-labelledby=\"content-8a2c13369eaeae9efa31-tab\">\n                        <div class=\"animated fadeIn\">\n                            \n\t\t<div class=\"widgetarea_warper widgetarea_warper_editable\" data-elementskit-widgetarea-key=\"987a428\"  data-elementskit-widgetarea-index=\"8a2c133\">\n\t\t\t<div class=\"widgetarea_warper_edit\" data-elementskit-widgetarea-key=\"987a428\" data-elementskit-widgetarea-index=\"8a2c133\">\n\t\t\t\t<i class=\"eicon-edit\" aria-hidden=\"true\"><\/i>\n\t\t\t\t<span>Editar el contenido<\/span>\n\t\t\t<\/div>\n\n\t\t\t\t\t\t\t\t<div class=\"ekit-widget-area-container\">\n\t\t\t\t\t\t\t<div data-elementor-type=\"wp-post\" data-elementor-id=\"1313\" class=\"elementor elementor-1313\" data-elementor-post-type=\"elementskit_content\">\n\t\t\t\t<div class=\"elementor-element elementor-element-83f9e5e e-con-full e-flex e-con e-parent\" data-id=\"83f9e5e\" data-element_type=\"container\">\n\t\t<div class=\"elementor-element elementor-element-7a99434 e-con-full e-flex e-con e-child\" data-id=\"7a99434\" data-element_type=\"container\">\n\t\t\t\t<div class=\"elementor-element elementor-element-ecd59fe elementor-widget elementor-widget-image\" data-id=\"ecd59fe\" data-element_type=\"widget\" data-widget_type=\"image.default\">\n\t\t\t\t<div class=\"elementor-widget-container\">\n\t\t\t\t\t\t\t\t\t\t\t\t\t\t\t<img loading=\"lazy\" decoding=\"async\" width=\"717\" height=\"931\" src=\"https:\/\/lezamaasesores.com\/cabanero\/wp-content\/uploads\/2025\/04\/C3.jpg\" class=\"attachment-full size-full wp-image-1324\" alt=\"\" srcset=\"https:\/\/lezamaasesores.com\/cabanero\/wp-content\/uploads\/2025\/04\/C3.jpg 717w, https:\/\/lezamaasesores.com\/cabanero\/wp-content\/uploads\/2025\/04\/C3-231x300.jpg 231w\" sizes=\"(max-width: 717px) 100vw, 717px\" \/>\t\t\t\t\t\t\t\t\t\t\t\t\t\t\t<\/div>\n\t\t\t\t<\/div>\n\t\t\t\t<div class=\"elementor-element elementor-element-1828245 elementor-widget elementor-widget-text-editor\" data-id=\"1828245\" data-element_type=\"widget\" data-widget_type=\"text-editor.default\">\n\t\t\t\t<div class=\"elementor-widget-container\">\n\t\t\t\t\t\t\t\t\t<p>COLOR BAR<\/p>\t\t\t\t\t\t\t\t<\/div>\n\t\t\t\t<\/div>\n\t\t\t\t<div class=\"elementor-element elementor-element-3e5e8ea elementor-widget elementor-widget-text-editor\" data-id=\"3e5e8ea\" data-element_type=\"widget\" data-widget_type=\"text-editor.default\">\n\t\t\t\t<div class=\"elementor-widget-container\">\n\t\t\t\t\t\t\t\t\t<p>Descubre un mundo de posibilidades con nuestra Secci\u00f3n Color Bar, dedicada a transformar tu imagen con color. Aqu\u00ed aplicamos t\u00e9cnicas avanzadas de coloraci\u00f3n\u2014desde mechas sutiles hasta transformaciones completas\u2014para realzar la belleza natural de tu cabello y ofrecerte tonos vibrantes y armoniosos.<\/p>\t\t\t\t\t\t\t\t<\/div>\n\t\t\t\t<\/div>\n\t\t\t\t<\/div>\n\t\t<div class=\"elementor-element elementor-element-801c94c e-con-full e-flex e-con e-child\" data-id=\"801c94c\" data-element_type=\"container\">\n\t\t\t\t<div class=\"elementor-element elementor-element-ebc4ba6 elementor-widget elementor-widget-image\" data-id=\"ebc4ba6\" data-element_type=\"widget\" data-widget_type=\"image.default\">\n\t\t\t\t<div class=\"elementor-widget-container\">\n\t\t\t\t\t\t\t\t\t\t\t\t\t\t\t<img loading=\"lazy\" decoding=\"async\" width=\"717\" height=\"931\" src=\"https:\/\/lezamaasesores.com\/cabanero\/wp-content\/uploads\/2025\/04\/C5.jpg\" class=\"attachment-full size-full wp-image-1323\" alt=\"\" srcset=\"https:\/\/lezamaasesores.com\/cabanero\/wp-content\/uploads\/2025\/04\/C5.jpg 717w, https:\/\/lezamaasesores.com\/cabanero\/wp-content\/uploads\/2025\/04\/C5-231x300.jpg 231w\" sizes=\"(max-width: 717px) 100vw, 717px\" \/>\t\t\t\t\t\t\t\t\t\t\t\t\t\t\t<\/div>\n\t\t\t\t<\/div>\n\t\t\t\t<\/div>\n\t\t\t\t<\/div>\n\t\t<div class=\"elementor-element elementor-element-cffcfa2 e-con-full e-flex e-con e-parent\" data-id=\"cffcfa2\" data-element_type=\"container\">\n\t\t\t\t<div class=\"elementor-element elementor-element-6632411 elementor-align-center elementor-widget elementor-widget-elementskit-button\" data-id=\"6632411\" data-element_type=\"widget\" data-widget_type=\"elementskit-button.default\">\n\t\t\t\t<div class=\"elementor-widget-container\">\n\t\t\t\t\t<div class=\"ekit-wid-con\" >\t\t<div class=\"ekit-btn-wraper\">\n\t\t\t\t\t\t\t<a href=\"#\" class=\"elementskit-btn  whitespace--normal\" id=\"\">\n\t\t\t\t\tSOLICITAR CITA\t\t\t\t<\/a>\n\t\t\t\t\t<\/div>\n        <\/div>\t\t\t\t<\/div>\n\t\t\t\t<\/div>\n\t\t\t\t<\/div>\n\t\t\t\t<\/div>\n\t\t\t\t\t\t\t<\/div>\n\t\t\t\t\t\t<\/div>\n\t\t                        <\/div>\n                    <\/div>\n                                    <div class=\"tab-pane elementkit-tab-pane elementor-repeater-item-b7ed3c1 \" id=\"content-b7ed3c169eaeae9efa31\" role=\"tabpanel\"\n                         aria-labelledby=\"content-b7ed3c169eaeae9efa31-tab\">\n                        <div class=\"animated fadeIn\">\n                            \n\t\t<div class=\"widgetarea_warper widgetarea_warper_editable\" data-elementskit-widgetarea-key=\"987a428\"  data-elementskit-widgetarea-index=\"b7ed3c1\">\n\t\t\t<div class=\"widgetarea_warper_edit\" data-elementskit-widgetarea-key=\"987a428\" data-elementskit-widgetarea-index=\"b7ed3c1\">\n\t\t\t\t<i class=\"eicon-edit\" aria-hidden=\"true\"><\/i>\n\t\t\t\t<span>Editar el contenido<\/span>\n\t\t\t<\/div>\n\n\t\t\t\t\t\t\t\t<div class=\"ekit-widget-area-container\">\n\t\t\t\t\t\t\t<div data-elementor-type=\"wp-post\" data-elementor-id=\"1362\" class=\"elementor elementor-1362\" data-elementor-post-type=\"elementskit_content\">\n\t\t\t\t<div class=\"elementor-element elementor-element-417a6ff e-con-full e-flex e-con e-parent\" data-id=\"417a6ff\" data-element_type=\"container\">\n\t\t<div class=\"elementor-element elementor-element-4416eee e-con-full e-flex e-con e-child\" data-id=\"4416eee\" data-element_type=\"container\">\n\t\t\t\t<div class=\"elementor-element elementor-element-03f0946 elementor-widget elementor-widget-image\" data-id=\"03f0946\" data-element_type=\"widget\" data-widget_type=\"image.default\">\n\t\t\t\t<div class=\"elementor-widget-container\">\n\t\t\t\t\t\t\t\t\t\t\t\t\t\t\t<img loading=\"lazy\" decoding=\"async\" width=\"717\" height=\"931\" src=\"https:\/\/lezamaasesores.com\/cabanero\/wp-content\/uploads\/2025\/04\/XXXXX.jpg\" class=\"attachment-full size-full wp-image-1366\" alt=\"\" srcset=\"https:\/\/lezamaasesores.com\/cabanero\/wp-content\/uploads\/2025\/04\/XXXXX.jpg 717w, https:\/\/lezamaasesores.com\/cabanero\/wp-content\/uploads\/2025\/04\/XXXXX-231x300.jpg 231w\" sizes=\"(max-width: 717px) 100vw, 717px\" \/>\t\t\t\t\t\t\t\t\t\t\t\t\t\t\t<\/div>\n\t\t\t\t<\/div>\n\t\t\t\t<div class=\"elementor-element elementor-element-5321684 elementor-widget elementor-widget-text-editor\" data-id=\"5321684\" data-element_type=\"widget\" data-widget_type=\"text-editor.default\">\n\t\t\t\t<div class=\"elementor-widget-container\">\n\t\t\t\t\t\t\t\t\t<p>SPA<\/p>\t\t\t\t\t\t\t\t<\/div>\n\t\t\t\t<\/div>\n\t\t\t\t<div class=\"elementor-element elementor-element-81007f3 elementor-widget elementor-widget-text-editor\" data-id=\"81007f3\" data-element_type=\"widget\" data-widget_type=\"text-editor.default\">\n\t\t\t\t<div class=\"elementor-widget-container\">\n\t\t\t\t\t\t\t\t\t<p>Rel\u00e1jate en nuestra Zona Spa, un espacio dise\u00f1ado para brindar bienestar y renovaci\u00f3n. Con tratamientos capilares intensivos, masajes y terapias relajantes, cuidamos de tu cabello y de ti, creando una experiencia sensorial que equilibra belleza y salud.<\/p>\t\t\t\t\t\t\t\t<\/div>\n\t\t\t\t<\/div>\n\t\t\t\t<\/div>\n\t\t<div class=\"elementor-element elementor-element-18998ea e-con-full e-flex e-con e-child\" data-id=\"18998ea\" data-element_type=\"container\">\n\t\t\t\t<div class=\"elementor-element elementor-element-e818d54 elementor-widget elementor-widget-image\" data-id=\"e818d54\" data-element_type=\"widget\" data-widget_type=\"image.default\">\n\t\t\t\t<div class=\"elementor-widget-container\">\n\t\t\t\t\t\t\t\t\t\t\t\t\t\t\t<img loading=\"lazy\" decoding=\"async\" width=\"717\" height=\"931\" src=\"https:\/\/lezamaasesores.com\/cabanero\/wp-content\/uploads\/2025\/04\/SA.jpg\" class=\"attachment-full size-full wp-image-1369\" alt=\"\" srcset=\"https:\/\/lezamaasesores.com\/cabanero\/wp-content\/uploads\/2025\/04\/SA.jpg 717w, https:\/\/lezamaasesores.com\/cabanero\/wp-content\/uploads\/2025\/04\/SA-231x300.jpg 231w\" sizes=\"(max-width: 717px) 100vw, 717px\" \/>\t\t\t\t\t\t\t\t\t\t\t\t\t\t\t<\/div>\n\t\t\t\t<\/div>\n\t\t\t\t<\/div>\n\t\t\t\t<\/div>\n\t\t<div class=\"elementor-element elementor-element-6138780 e-con-full e-flex e-con e-parent\" data-id=\"6138780\" data-element_type=\"container\">\n\t\t\t\t<div class=\"elementor-element elementor-element-3bc922c elementor-align-center elementor-widget elementor-widget-elementskit-button\" data-id=\"3bc922c\" data-element_type=\"widget\" data-widget_type=\"elementskit-button.default\">\n\t\t\t\t<div class=\"elementor-widget-container\">\n\t\t\t\t\t<div class=\"ekit-wid-con\" >\t\t<div class=\"ekit-btn-wraper\">\n\t\t\t\t\t\t\t<a href=\"#\" class=\"elementskit-btn  whitespace--normal\" id=\"\">\n\t\t\t\t\tSOLICITAR CITA\t\t\t\t<\/a>\n\t\t\t\t\t<\/div>\n        <\/div>\t\t\t\t<\/div>\n\t\t\t\t<\/div>\n\t\t\t\t<\/div>\n\t\t\t\t<\/div>\n\t\t\t\t\t\t\t<\/div>\n\t\t\t\t\t\t<\/div>\n\t\t                        <\/div>\n                    <\/div>\n                            <\/div>\n        <\/div>\n    <\/div>\t\t\t\t<\/div>\n\t\t\t\t<\/div>\n\t\t\t\t<\/div>\n\t\t\t\t\t<\/div>\n\t\t\t\t<\/div>\n\t\t\t\t<\/div>\n\t\t","protected":false},"excerpt":{"rendered":"<p>CHICO SERVICIOS CORTE Y STILYNG BARBER COLOR BAR SPA Editar el contenido CORTE &amp; STYLING En la Secci\u00f3n Styling, la creatividad se pone al servicio de un estilo \u00fanico y actual. Nuestros expertos estilistas dise\u00f1an peinados y cortes a la medida que resaltan tus rasgos y personalidad, adapt\u00e1ndose a las \u00faltimas tendencias y t\u00e9cnicas para [&hellip;]<\/p>\n","protected":false},"author":1,"featured_media":0,"parent":0,"menu_order":0,"comment_status":"closed","ping_status":"closed","template":"","meta":{"footnotes":""},"class_list":["post-1203","page","type-page","status-publish","hentry"],"_links":{"self":[{"href":"https:\/\/lezamaasesores.com\/cabanero\/wp-json\/wp\/v2\/pages\/1203","targetHints":{"allow":["GET"]}}],"collection":[{"href":"https:\/\/lezamaasesores.com\/cabanero\/wp-json\/wp\/v2\/pages"}],"about":[{"href":"https:\/\/lezamaasesores.com\/cabanero\/wp-json\/wp\/v2\/types\/page"}],"author":[{"embeddable":true,"href":"https:\/\/lezamaasesores.com\/cabanero\/wp-json\/wp\/v2\/users\/1"}],"replies":[{"embeddable":true,"href":"https:\/\/lezamaasesores.com\/cabanero\/wp-json\/wp\/v2\/comments?post=1203"}],"version-history":[{"count":0,"href":"https:\/\/lezamaasesores.com\/cabanero\/wp-json\/wp\/v2\/pages\/1203\/revisions"}],"wp:attachment":[{"href":"https:\/\/lezamaasesores.com\/cabanero\/wp-json\/wp\/v2\/media?parent=1203"}],"curies":[{"name":"wp","href":"https:\/\/api.w.org\/{rel}","templated":true}]}}