{"id":1138,"date":"2025-03-17T18:09:54","date_gmt":"2025-03-17T17:09:54","guid":{"rendered":"https:\/\/lezamaasesores.com\/cabanero\/?page_id=1138"},"modified":"2025-04-10T13:02:55","modified_gmt":"2025-04-10T11:02:55","slug":"cabanero-peluqueros","status":"publish","type":"page","link":"https:\/\/lezamaasesores.com\/cabanero\/","title":{"rendered":"Caba\u00f1ero peluqueros"},"content":{"rendered":"\t\t<div data-elementor-type=\"wp-page\" data-elementor-id=\"1138\" class=\"elementor elementor-1138\" data-elementor-post-type=\"page\">\n\t\t\t\t<div class=\"elementor-element elementor-element-2e0d1ba e-con-full e-flex e-con e-parent\" data-id=\"2e0d1ba\" data-element_type=\"container\">\n\t\t<div class=\"elementor-element elementor-element-915a83d e-con-full e-flex e-con e-child\" data-id=\"915a83d\" data-element_type=\"container\" data-settings=\"{&quot;background_background&quot;:&quot;classic&quot;}\">\n\t\t\t\t<div data-wrapper-link=\"{&quot;url&quot;:&quot;https:\\\/\\\/lezamaasesores.com\\\/cabanero\\\/servicios-mujer\\\/&quot;,&quot;is_external&quot;:&quot;&quot;,&quot;nofollow&quot;:&quot;&quot;,&quot;custom_attributes&quot;:&quot;&quot;}\" style=\"cursor: pointer\" class=\"elementor-element elementor-element-8fd7d68 e-transform elementor-widget elementor-widget-text-editor\" data-id=\"8fd7d68\" data-element_type=\"widget\" data-settings=\"{&quot;_transform_scale_effect_hover&quot;:{&quot;unit&quot;:&quot;px&quot;,&quot;size&quot;:1.100000000000000088817841970012523233890533447265625,&quot;sizes&quot;:[]},&quot;_transform_scale_effect_hover_tablet&quot;:{&quot;unit&quot;:&quot;px&quot;,&quot;size&quot;:&quot;&quot;,&quot;sizes&quot;:[]},&quot;_transform_scale_effect_hover_mobile&quot;:{&quot;unit&quot;:&quot;px&quot;,&quot;size&quot;:&quot;&quot;,&quot;sizes&quot;:[]}}\" data-widget_type=\"text-editor.default\">\n\t\t\t\t<div class=\"elementor-widget-container\">\n\t\t\t\t\t\t\t\t\t<p>MUJER<\/p>\t\t\t\t\t\t\t\t<\/div>\n\t\t\t\t<\/div>\n\t\t\t\t<\/div>\n\t\t<div class=\"elementor-element elementor-element-331fee5 e-con-full e-flex e-con e-child\" data-id=\"331fee5\" data-element_type=\"container\" data-settings=\"{&quot;background_background&quot;:&quot;classic&quot;}\">\n\t\t\t\t<div data-wrapper-link=\"{&quot;url&quot;:&quot;https:\\\/\\\/lezamaasesores.com\\\/cabanero\\\/servicios-caballero\\\/&quot;,&quot;is_external&quot;:&quot;&quot;,&quot;nofollow&quot;:&quot;&quot;,&quot;custom_attributes&quot;:&quot;&quot;}\" style=\"cursor: pointer\" class=\"elementor-element elementor-element-da73908 e-transform elementor-widget elementor-widget-text-editor\" data-id=\"da73908\" data-element_type=\"widget\" data-settings=\"{&quot;_transform_scale_effect_hover&quot;:{&quot;unit&quot;:&quot;px&quot;,&quot;size&quot;:1.100000000000000088817841970012523233890533447265625,&quot;sizes&quot;:[]},&quot;_transform_scale_effect_hover_tablet&quot;:{&quot;unit&quot;:&quot;px&quot;,&quot;size&quot;:&quot;&quot;,&quot;sizes&quot;:[]},&quot;_transform_scale_effect_hover_mobile&quot;:{&quot;unit&quot;:&quot;px&quot;,&quot;size&quot;:&quot;&quot;,&quot;sizes&quot;:[]}}\" data-widget_type=\"text-editor.default\">\n\t\t\t\t<div class=\"elementor-widget-container\">\n\t\t\t\t\t\t\t\t\t<p>HOMBRE<\/p>\t\t\t\t\t\t\t\t<\/div>\n\t\t\t\t<\/div>\n\t\t\t\t<\/div>\n\t\t\t\t<\/div>\n\t\t<div class=\"elementor-element elementor-element-966caa9 e-flex e-con-boxed e-con e-parent\" data-id=\"966caa9\" data-element_type=\"container\">\n\t\t\t\t\t<div class=\"e-con-inner\">\n\t\t<div class=\"elementor-element elementor-element-d78f0d9 e-con-full e-flex e-con e-child\" data-id=\"d78f0d9\" data-element_type=\"container\">\n\t\t\t\t<div class=\"elementor-element elementor-element-b3936c6 elementor-widget elementor-widget-text-editor\" data-id=\"b3936c6\" data-element_type=\"widget\" data-widget_type=\"text-editor.default\">\n\t\t\t\t<div class=\"elementor-widget-container\">\n\t\t\t\t\t\t\t\t\t<p>\u00a0NOSOTR@S<\/p>\t\t\t\t\t\t\t\t<\/div>\n\t\t\t\t<\/div>\n\t\t\t\t<\/div>\n\t\t<div class=\"elementor-element elementor-element-2916d0c e-con-full e-flex e-con e-child\" data-id=\"2916d0c\" data-element_type=\"container\">\n\t\t\t\t<div class=\"elementor-element elementor-element-32e48ab elementor-widget elementor-widget-image\" data-id=\"32e48ab\" data-element_type=\"widget\" data-widget_type=\"image.default\">\n\t\t\t\t<div class=\"elementor-widget-container\">\n\t\t\t\t\t\t\t\t\t\t\t\t\t\t\t<img fetchpriority=\"high\" decoding=\"async\" width=\"717\" height=\"931\" src=\"https:\/\/lezamaasesores.com\/cabanero\/wp-content\/uploads\/2025\/04\/XA-1.jpg\" class=\"attachment-full size-full wp-image-1488\" alt=\"\" srcset=\"https:\/\/lezamaasesores.com\/cabanero\/wp-content\/uploads\/2025\/04\/XA-1.jpg 717w, https:\/\/lezamaasesores.com\/cabanero\/wp-content\/uploads\/2025\/04\/XA-1-231x300.jpg 231w\" sizes=\"(max-width: 717px) 100vw, 717px\" \/>\t\t\t\t\t\t\t\t\t\t\t\t\t\t\t<\/div>\n\t\t\t\t<\/div>\n\t\t\t\t<\/div>\n\t\t<div class=\"elementor-element elementor-element-c25562e e-con-full e-flex e-con e-child\" data-id=\"c25562e\" data-element_type=\"container\">\n\t\t\t\t<div class=\"elementor-element elementor-element-33f4f01 elementor-widget elementor-widget-text-editor\" data-id=\"33f4f01\" data-element_type=\"widget\" data-widget_type=\"text-editor.default\">\n\t\t\t\t<div class=\"elementor-widget-container\">\n\t\t\t\t\t\t\t\t\t<p class=\"\" data-start=\"0\" data-end=\"312\">Desde 1966, cuando Maruja Mart\u00ednez abri\u00f3 el primer sal\u00f3n de peluquer\u00eda en Castell\u00f3n, el arte del estilismo y el cuidado de la imagen se convirtieron en su pasi\u00f3n y estilo de vida. Con t\u00e9cnicas innovadoras y un enfoque en la calidad, su visi\u00f3n marc\u00f3 un antes y un despu\u00e9s en el mundo de la peluquer\u00eda profesional.<\/p><p class=\"\" data-start=\"314\" data-end=\"675\">En 2004, Rub\u00e9n Caba\u00f1ero se uni\u00f3 al equipo y asumi\u00f3 la direcci\u00f3n de los salones, continuando con el legado familiar y reafirmando el compromiso de ofrecer servicios de peluquer\u00eda de alta calidad en Castell\u00f3n. Bajo su liderazgo, Caba\u00f1ero Peluqueros se ha convertido en la opci\u00f3n preferida para quienes buscan transformar su imagen y mejorar su bienestar personal.<\/p><p class=\"\" data-start=\"677\" data-end=\"1064\">Hoy, en Caba\u00f1ero Peluqueros trabajamos con la misma ilusi\u00f3n del primer d\u00eda, dedic\u00e1ndonos a brindar un servicio integral que combina cortes de tendencia, tratamientos capilares avanzados y asesoramiento personalizado en est\u00e9tica y bienestar. Si buscas una experiencia \u00fanica en peluquer\u00eda, donde la tradici\u00f3n se une a la innovaci\u00f3n, \u00a1descubre todo lo que Caba\u00f1ero Peluqueros tiene para ti!<\/p>\t\t\t\t\t\t\t\t<\/div>\n\t\t\t\t<\/div>\n\t\t\t\t<\/div>\n\t\t\t\t\t<\/div>\n\t\t\t\t<\/div>\n\t\t<div class=\"elementor-element elementor-element-0c421a4 e-flex e-con-boxed e-con e-parent\" data-id=\"0c421a4\" data-element_type=\"container\" data-settings=\"{&quot;background_background&quot;:&quot;classic&quot;}\">\n\t\t\t\t\t<div class=\"e-con-inner\">\n\t\t\t\t<div class=\"elementor-element elementor-element-05dca1d elementor-widget elementor-widget-text-editor\" data-id=\"05dca1d\" data-element_type=\"widget\" data-widget_type=\"text-editor.default\">\n\t\t\t\t<div class=\"elementor-widget-container\">\n\t\t\t\t\t\t\t\t\t<p>GALER\u00cdA<\/p>\t\t\t\t\t\t\t\t<\/div>\n\t\t\t\t<\/div>\n\t\t\t\t\t<\/div>\n\t\t\t\t<\/div>\n\t\t<div class=\"elementor-element elementor-element-d0a085c e-flex e-con-boxed e-con e-parent\" data-id=\"d0a085c\" data-element_type=\"container\" data-settings=\"{&quot;background_background&quot;:&quot;classic&quot;}\">\n\t\t\t\t\t<div class=\"e-con-inner\">\n\t\t<div class=\"elementor-element elementor-element-a65c2ce e-con-full e-flex e-con e-child\" data-id=\"a65c2ce\" data-element_type=\"container\">\n\t\t\t\t<div class=\"elementor-element elementor-element-da2ced8 elementor-widget elementor-widget-image\" data-id=\"da2ced8\" data-element_type=\"widget\" data-widget_type=\"image.default\">\n\t\t\t\t<div class=\"elementor-widget-container\">\n\t\t\t\t\t\t\t\t\t\t\t\t\t\t\t\t<a href=\"https:\/\/lezamaasesores.com\/cabanero\/wp-content\/uploads\/2025\/04\/DSDS.jpg\" data-elementor-open-lightbox=\"yes\" data-elementor-lightbox-title=\"DSDS\" data-e-action-hash=\"#elementor-action%3Aaction%3Dlightbox%26settings%3DeyJpZCI6MTM5MCwidXJsIjoiaHR0cHM6XC9cL2xlemFtYWFzZXNvcmVzLmNvbVwvY2FiYW5lcm9cL3dwLWNvbnRlbnRcL3VwbG9hZHNcLzIwMjVcLzA0XC9EU0RTLmpwZyJ9\">\n\t\t\t\t\t\t\t<img decoding=\"async\" width=\"717\" height=\"931\" src=\"https:\/\/lezamaasesores.com\/cabanero\/wp-content\/uploads\/2025\/04\/DSDS.jpg\" class=\"attachment-full size-full wp-image-1390\" alt=\"\" srcset=\"https:\/\/lezamaasesores.com\/cabanero\/wp-content\/uploads\/2025\/04\/DSDS.jpg 717w, https:\/\/lezamaasesores.com\/cabanero\/wp-content\/uploads\/2025\/04\/DSDS-231x300.jpg 231w\" sizes=\"(max-width: 717px) 100vw, 717px\" \/>\t\t\t\t\t\t\t\t<\/a>\n\t\t\t\t\t\t\t\t\t\t\t\t\t\t\t<\/div>\n\t\t\t\t<\/div>\n\t\t\t\t<div class=\"elementor-element elementor-element-bbe6d56 elementor-widget elementor-widget-text-editor\" data-id=\"bbe6d56\" data-element_type=\"widget\" data-widget_type=\"text-editor.default\">\n\t\t\t\t<div class=\"elementor-widget-container\">\n\t\t\t\t\t\t\t\t\t<p>Estilo 1<\/p>\t\t\t\t\t\t\t\t<\/div>\n\t\t\t\t<\/div>\n\t\t\t\t<\/div>\n\t\t<div class=\"elementor-element elementor-element-985efc2 e-con-full e-flex e-con e-child\" data-id=\"985efc2\" data-element_type=\"container\">\n\t\t\t\t<div class=\"elementor-element elementor-element-132e30d elementor-widget elementor-widget-image\" data-id=\"132e30d\" data-element_type=\"widget\" data-widget_type=\"image.default\">\n\t\t\t\t<div class=\"elementor-widget-container\">\n\t\t\t\t\t\t\t\t\t\t\t\t\t\t\t\t<a href=\"https:\/\/lezamaasesores.com\/cabanero\/wp-content\/uploads\/2025\/04\/C3.jpg\" data-elementor-open-lightbox=\"yes\" data-elementor-lightbox-title=\"C3\" data-e-action-hash=\"#elementor-action%3Aaction%3Dlightbox%26settings%3DeyJpZCI6MTMyNCwidXJsIjoiaHR0cHM6XC9cL2xlemFtYWFzZXNvcmVzLmNvbVwvY2FiYW5lcm9cL3dwLWNvbnRlbnRcL3VwbG9hZHNcLzIwMjVcLzA0XC9DMy5qcGcifQ%3D%3D\">\n\t\t\t\t\t\t\t<img decoding=\"async\" width=\"717\" height=\"931\" src=\"https:\/\/lezamaasesores.com\/cabanero\/wp-content\/uploads\/2025\/04\/C3.jpg\" class=\"attachment-full size-full wp-image-1324\" alt=\"\" srcset=\"https:\/\/lezamaasesores.com\/cabanero\/wp-content\/uploads\/2025\/04\/C3.jpg 717w, https:\/\/lezamaasesores.com\/cabanero\/wp-content\/uploads\/2025\/04\/C3-231x300.jpg 231w\" sizes=\"(max-width: 717px) 100vw, 717px\" \/>\t\t\t\t\t\t\t\t<\/a>\n\t\t\t\t\t\t\t\t\t\t\t\t\t\t\t<\/div>\n\t\t\t\t<\/div>\n\t\t\t\t<div class=\"elementor-element elementor-element-9e8e1e8 elementor-widget elementor-widget-text-editor\" data-id=\"9e8e1e8\" data-element_type=\"widget\" data-widget_type=\"text-editor.default\">\n\t\t\t\t<div class=\"elementor-widget-container\">\n\t\t\t\t\t\t\t\t\t<p>Estilo 1<\/p>\t\t\t\t\t\t\t\t<\/div>\n\t\t\t\t<\/div>\n\t\t\t\t<\/div>\n\t\t<div class=\"elementor-element elementor-element-632b88f e-con-full e-flex e-con e-child\" data-id=\"632b88f\" data-element_type=\"container\">\n\t\t\t\t<div class=\"elementor-element elementor-element-0797caf elementor-widget elementor-widget-image\" data-id=\"0797caf\" data-element_type=\"widget\" data-widget_type=\"image.default\">\n\t\t\t\t<div class=\"elementor-widget-container\">\n\t\t\t\t\t\t\t\t\t\t\t\t\t\t\t\t<a href=\"https:\/\/lezamaasesores.com\/cabanero\/wp-content\/uploads\/2025\/03\/man.jpg\" data-elementor-open-lightbox=\"yes\" data-elementor-lightbox-title=\"man\" data-e-action-hash=\"#elementor-action%3Aaction%3Dlightbox%26settings%3DeyJpZCI6MTE3MCwidXJsIjoiaHR0cHM6XC9cL2xlemFtYWFzZXNvcmVzLmNvbVwvY2FiYW5lcm9cL3dwLWNvbnRlbnRcL3VwbG9hZHNcLzIwMjVcLzAzXC9tYW4uanBnIn0%3D\">\n\t\t\t\t\t\t\t<img loading=\"lazy\" decoding=\"async\" width=\"717\" height=\"931\" src=\"https:\/\/lezamaasesores.com\/cabanero\/wp-content\/uploads\/2025\/03\/man.jpg\" class=\"attachment-full size-full wp-image-1170\" alt=\"\" srcset=\"https:\/\/lezamaasesores.com\/cabanero\/wp-content\/uploads\/2025\/03\/man.jpg 717w, https:\/\/lezamaasesores.com\/cabanero\/wp-content\/uploads\/2025\/03\/man-231x300.jpg 231w\" sizes=\"(max-width: 717px) 100vw, 717px\" \/>\t\t\t\t\t\t\t\t<\/a>\n\t\t\t\t\t\t\t\t\t\t\t\t\t\t\t<\/div>\n\t\t\t\t<\/div>\n\t\t\t\t<div class=\"elementor-element elementor-element-39d7336 elementor-widget elementor-widget-text-editor\" data-id=\"39d7336\" data-element_type=\"widget\" data-widget_type=\"text-editor.default\">\n\t\t\t\t<div class=\"elementor-widget-container\">\n\t\t\t\t\t\t\t\t\t<p>Estilo 1<\/p>\t\t\t\t\t\t\t\t<\/div>\n\t\t\t\t<\/div>\n\t\t\t\t<\/div>\n\t\t<div class=\"elementor-element elementor-element-adb00eb e-con-full e-flex e-con e-child\" data-id=\"adb00eb\" data-element_type=\"container\">\n\t\t\t\t<div class=\"elementor-element elementor-element-3cb89ec elementor-widget elementor-widget-image\" data-id=\"3cb89ec\" data-element_type=\"widget\" data-widget_type=\"image.default\">\n\t\t\t\t<div class=\"elementor-widget-container\">\n\t\t\t\t\t\t\t\t\t\t\t\t\t\t\t\t<a href=\"https:\/\/lezamaasesores.com\/cabanero\/wp-content\/uploads\/2025\/04\/SASASA.jpg\" data-elementor-open-lightbox=\"yes\" data-elementor-lightbox-title=\"SASASA\" data-e-action-hash=\"#elementor-action%3Aaction%3Dlightbox%26settings%3DeyJpZCI6MTM4OSwidXJsIjoiaHR0cHM6XC9cL2xlemFtYWFzZXNvcmVzLmNvbVwvY2FiYW5lcm9cL3dwLWNvbnRlbnRcL3VwbG9hZHNcLzIwMjVcLzA0XC9TQVNBU0EuanBnIn0%3D\">\n\t\t\t\t\t\t\t<img loading=\"lazy\" decoding=\"async\" width=\"717\" height=\"931\" src=\"https:\/\/lezamaasesores.com\/cabanero\/wp-content\/uploads\/2025\/04\/SASASA.jpg\" class=\"attachment-full size-full wp-image-1389\" alt=\"\" srcset=\"https:\/\/lezamaasesores.com\/cabanero\/wp-content\/uploads\/2025\/04\/SASASA.jpg 717w, https:\/\/lezamaasesores.com\/cabanero\/wp-content\/uploads\/2025\/04\/SASASA-231x300.jpg 231w\" sizes=\"(max-width: 717px) 100vw, 717px\" \/>\t\t\t\t\t\t\t\t<\/a>\n\t\t\t\t\t\t\t\t\t\t\t\t\t\t\t<\/div>\n\t\t\t\t<\/div>\n\t\t\t\t<div class=\"elementor-element elementor-element-b4182d4 elementor-widget elementor-widget-text-editor\" data-id=\"b4182d4\" data-element_type=\"widget\" data-widget_type=\"text-editor.default\">\n\t\t\t\t<div class=\"elementor-widget-container\">\n\t\t\t\t\t\t\t\t\t<p>Estilo 1<\/p>\t\t\t\t\t\t\t\t<\/div>\n\t\t\t\t<\/div>\n\t\t\t\t<\/div>\n\t\t\t\t\t<\/div>\n\t\t\t\t<\/div>\n\t\t<div class=\"elementor-element elementor-element-8081038 e-flex e-con-boxed e-con e-parent\" data-id=\"8081038\" data-element_type=\"container\" data-settings=\"{&quot;background_background&quot;:&quot;classic&quot;}\">\n\t\t\t\t\t<div class=\"e-con-inner\">\n\t\t<div class=\"elementor-element elementor-element-d1cd54e e-con-full e-flex e-con e-child\" data-id=\"d1cd54e\" data-element_type=\"container\">\n\t\t\t\t<div class=\"elementor-element elementor-element-0b72323 elementor-widget elementor-widget-image\" data-id=\"0b72323\" data-element_type=\"widget\" data-widget_type=\"image.default\">\n\t\t\t\t<div class=\"elementor-widget-container\">\n\t\t\t\t\t\t\t\t\t\t\t\t\t\t\t\t<a href=\"https:\/\/lezamaasesores.com\/cabanero\/wp-content\/uploads\/2025\/04\/DSDS.jpg\" data-elementor-open-lightbox=\"yes\" data-elementor-lightbox-title=\"DSDS\" data-e-action-hash=\"#elementor-action%3Aaction%3Dlightbox%26settings%3DeyJpZCI6MTM5MCwidXJsIjoiaHR0cHM6XC9cL2xlemFtYWFzZXNvcmVzLmNvbVwvY2FiYW5lcm9cL3dwLWNvbnRlbnRcL3VwbG9hZHNcLzIwMjVcLzA0XC9EU0RTLmpwZyJ9\">\n\t\t\t\t\t\t\t<img decoding=\"async\" width=\"717\" height=\"931\" src=\"https:\/\/lezamaasesores.com\/cabanero\/wp-content\/uploads\/2025\/04\/DSDS.jpg\" class=\"attachment-full size-full wp-image-1390\" alt=\"\" srcset=\"https:\/\/lezamaasesores.com\/cabanero\/wp-content\/uploads\/2025\/04\/DSDS.jpg 717w, https:\/\/lezamaasesores.com\/cabanero\/wp-content\/uploads\/2025\/04\/DSDS-231x300.jpg 231w\" sizes=\"(max-width: 717px) 100vw, 717px\" \/>\t\t\t\t\t\t\t\t<\/a>\n\t\t\t\t\t\t\t\t\t\t\t\t\t\t\t<\/div>\n\t\t\t\t<\/div>\n\t\t\t\t<div class=\"elementor-element elementor-element-ef0f962 elementor-widget elementor-widget-text-editor\" data-id=\"ef0f962\" data-element_type=\"widget\" data-widget_type=\"text-editor.default\">\n\t\t\t\t<div class=\"elementor-widget-container\">\n\t\t\t\t\t\t\t\t\t<p>Estilo 1<\/p>\t\t\t\t\t\t\t\t<\/div>\n\t\t\t\t<\/div>\n\t\t\t\t<div class=\"elementor-element elementor-element-ed5645e elementor-widget elementor-widget-image\" data-id=\"ed5645e\" data-element_type=\"widget\" data-widget_type=\"image.default\">\n\t\t\t\t<div class=\"elementor-widget-container\">\n\t\t\t\t\t\t\t\t\t\t\t\t\t\t\t\t<a href=\"https:\/\/lezamaasesores.com\/cabanero\/wp-content\/uploads\/2025\/04\/SASASA.jpg\" data-elementor-open-lightbox=\"yes\" data-elementor-lightbox-title=\"SASASA\" data-e-action-hash=\"#elementor-action%3Aaction%3Dlightbox%26settings%3DeyJpZCI6MTM4OSwidXJsIjoiaHR0cHM6XC9cL2xlemFtYWFzZXNvcmVzLmNvbVwvY2FiYW5lcm9cL3dwLWNvbnRlbnRcL3VwbG9hZHNcLzIwMjVcLzA0XC9TQVNBU0EuanBnIn0%3D\">\n\t\t\t\t\t\t\t<img loading=\"lazy\" decoding=\"async\" width=\"717\" height=\"931\" src=\"https:\/\/lezamaasesores.com\/cabanero\/wp-content\/uploads\/2025\/04\/SASASA.jpg\" class=\"attachment-full size-full wp-image-1389\" alt=\"\" srcset=\"https:\/\/lezamaasesores.com\/cabanero\/wp-content\/uploads\/2025\/04\/SASASA.jpg 717w, https:\/\/lezamaasesores.com\/cabanero\/wp-content\/uploads\/2025\/04\/SASASA-231x300.jpg 231w\" sizes=\"(max-width: 717px) 100vw, 717px\" \/>\t\t\t\t\t\t\t\t<\/a>\n\t\t\t\t\t\t\t\t\t\t\t\t\t\t\t<\/div>\n\t\t\t\t<\/div>\n\t\t\t\t<div class=\"elementor-element elementor-element-112b95e elementor-widget elementor-widget-text-editor\" data-id=\"112b95e\" data-element_type=\"widget\" data-widget_type=\"text-editor.default\">\n\t\t\t\t<div class=\"elementor-widget-container\">\n\t\t\t\t\t\t\t\t\t<p>Estilo 1<\/p>\t\t\t\t\t\t\t\t<\/div>\n\t\t\t\t<\/div>\n\t\t\t\t<\/div>\n\t\t<div class=\"elementor-element elementor-element-55a945b e-con-full e-flex e-con e-child\" data-id=\"55a945b\" data-element_type=\"container\">\n\t\t\t\t<div class=\"elementor-element elementor-element-76febc7 elementor-widget elementor-widget-image\" data-id=\"76febc7\" data-element_type=\"widget\" data-widget_type=\"image.default\">\n\t\t\t\t<div class=\"elementor-widget-container\">\n\t\t\t\t\t\t\t\t\t\t\t\t\t\t\t\t<a href=\"https:\/\/lezamaasesores.com\/cabanero\/wp-content\/uploads\/2025\/03\/wom.jpg\" data-elementor-open-lightbox=\"yes\" data-elementor-lightbox-title=\"wom\" data-e-action-hash=\"#elementor-action%3Aaction%3Dlightbox%26settings%3DeyJpZCI6MTE2OSwidXJsIjoiaHR0cHM6XC9cL2xlemFtYWFzZXNvcmVzLmNvbVwvY2FiYW5lcm9cL3dwLWNvbnRlbnRcL3VwbG9hZHNcLzIwMjVcLzAzXC93b20uanBnIn0%3D\">\n\t\t\t\t\t\t\t<img loading=\"lazy\" decoding=\"async\" width=\"717\" height=\"931\" src=\"https:\/\/lezamaasesores.com\/cabanero\/wp-content\/uploads\/2025\/03\/wom.jpg\" class=\"attachment-full size-full wp-image-1169\" alt=\"\" srcset=\"https:\/\/lezamaasesores.com\/cabanero\/wp-content\/uploads\/2025\/03\/wom.jpg 717w, https:\/\/lezamaasesores.com\/cabanero\/wp-content\/uploads\/2025\/03\/wom-231x300.jpg 231w\" sizes=\"(max-width: 717px) 100vw, 717px\" \/>\t\t\t\t\t\t\t\t<\/a>\n\t\t\t\t\t\t\t\t\t\t\t\t\t\t\t<\/div>\n\t\t\t\t<\/div>\n\t\t\t\t<div class=\"elementor-element elementor-element-098d050 elementor-widget elementor-widget-text-editor\" data-id=\"098d050\" data-element_type=\"widget\" data-widget_type=\"text-editor.default\">\n\t\t\t\t<div class=\"elementor-widget-container\">\n\t\t\t\t\t\t\t\t\t<p>Estilo 1<\/p>\t\t\t\t\t\t\t\t<\/div>\n\t\t\t\t<\/div>\n\t\t\t\t<div class=\"elementor-element elementor-element-5692b02 elementor-widget elementor-widget-text-editor\" data-id=\"5692b02\" data-element_type=\"widget\" data-widget_type=\"text-editor.default\">\n\t\t\t\t<div class=\"elementor-widget-container\">\n\t\t\t\t\t\t\t\t\t<p>En la Secci\u00f3n Styling, la creatividad se pone al servicio de un estilo \u00fanico y actual. Nuestros expertos estilistas dise\u00f1an peinados y cortes a la medida que resaltan tus rasgos y personalidad, adapt\u00e1ndose a las \u00faltimas tendencias y t\u00e9cnicas para ofrecerte looks frescos y sofisticados.<\/p>\t\t\t\t\t\t\t\t<\/div>\n\t\t\t\t<\/div>\n\t\t\t\t<\/div>\n\t\t<div class=\"elementor-element elementor-element-d00a4de e-con-full e-flex e-con e-child\" data-id=\"d00a4de\" data-element_type=\"container\">\n\t\t\t\t<div class=\"elementor-element elementor-element-0969d72 elementor-widget elementor-widget-image\" data-id=\"0969d72\" data-element_type=\"widget\" data-widget_type=\"image.default\">\n\t\t\t\t<div class=\"elementor-widget-container\">\n\t\t\t\t\t\t\t\t\t\t\t\t\t\t\t\t<a href=\"https:\/\/lezamaasesores.com\/cabanero\/wp-content\/uploads\/2025\/04\/C3.jpg\" data-elementor-open-lightbox=\"yes\" data-elementor-lightbox-title=\"C3\" data-e-action-hash=\"#elementor-action%3Aaction%3Dlightbox%26settings%3DeyJpZCI6MTMyNCwidXJsIjoiaHR0cHM6XC9cL2xlemFtYWFzZXNvcmVzLmNvbVwvY2FiYW5lcm9cL3dwLWNvbnRlbnRcL3VwbG9hZHNcLzIwMjVcLzA0XC9DMy5qcGcifQ%3D%3D\">\n\t\t\t\t\t\t\t<img decoding=\"async\" width=\"717\" height=\"931\" src=\"https:\/\/lezamaasesores.com\/cabanero\/wp-content\/uploads\/2025\/04\/C3.jpg\" class=\"attachment-full size-full wp-image-1324\" alt=\"\" srcset=\"https:\/\/lezamaasesores.com\/cabanero\/wp-content\/uploads\/2025\/04\/C3.jpg 717w, https:\/\/lezamaasesores.com\/cabanero\/wp-content\/uploads\/2025\/04\/C3-231x300.jpg 231w\" sizes=\"(max-width: 717px) 100vw, 717px\" \/>\t\t\t\t\t\t\t\t<\/a>\n\t\t\t\t\t\t\t\t\t\t\t\t\t\t\t<\/div>\n\t\t\t\t<\/div>\n\t\t\t\t<div class=\"elementor-element elementor-element-288bfdd elementor-widget elementor-widget-text-editor\" data-id=\"288bfdd\" data-element_type=\"widget\" data-widget_type=\"text-editor.default\">\n\t\t\t\t<div class=\"elementor-widget-container\">\n\t\t\t\t\t\t\t\t\t<p>Estilo 1<\/p>\t\t\t\t\t\t\t\t<\/div>\n\t\t\t\t<\/div>\n\t\t\t\t<\/div>\n\t\t\t\t\t<\/div>\n\t\t\t\t<\/div>\n\t\t<div class=\"elementor-element elementor-element-9b7e776 e-con-full e-flex e-con e-parent\" data-id=\"9b7e776\" data-element_type=\"container\">\n\t\t<div class=\"elementor-element elementor-element-b9ef8cf e-con-full e-flex e-con e-child\" data-id=\"b9ef8cf\" data-element_type=\"container\" data-settings=\"{&quot;background_background&quot;:&quot;classic&quot;}\">\n\t\t\t\t<div data-wrapper-link=\"{&quot;url&quot;:&quot;https:\\\/\\\/lezamaasesores.com\\\/cabanero\\\/contacto-cabanero-peluqueros\\\/&quot;,&quot;is_external&quot;:&quot;&quot;,&quot;nofollow&quot;:&quot;&quot;,&quot;custom_attributes&quot;:&quot;&quot;}\" style=\"cursor: pointer\" class=\"elementor-element elementor-element-1b25267 e-transform elementor-widget elementor-widget-text-editor\" data-id=\"1b25267\" data-element_type=\"widget\" data-settings=\"{&quot;_transform_scale_effect_hover&quot;:{&quot;unit&quot;:&quot;px&quot;,&quot;size&quot;:1.100000000000000088817841970012523233890533447265625,&quot;sizes&quot;:[]},&quot;_transform_scale_effect_hover_tablet&quot;:{&quot;unit&quot;:&quot;px&quot;,&quot;size&quot;:&quot;&quot;,&quot;sizes&quot;:[]},&quot;_transform_scale_effect_hover_mobile&quot;:{&quot;unit&quot;:&quot;px&quot;,&quot;size&quot;:&quot;&quot;,&quot;sizes&quot;:[]}}\" data-widget_type=\"text-editor.default\">\n\t\t\t\t<div class=\"elementor-widget-container\">\n\t\t\t\t\t\t\t\t\t<p>CASTELL\u00d3N<\/p>\t\t\t\t\t\t\t\t<\/div>\n\t\t\t\t<\/div>\n\t\t\t\t<\/div>\n\t\t<div class=\"elementor-element elementor-element-a4dc380 e-con-full e-flex e-con e-child\" data-id=\"a4dc380\" data-element_type=\"container\" data-settings=\"{&quot;background_background&quot;:&quot;classic&quot;}\">\n\t\t\t\t<div data-wrapper-link=\"{&quot;url&quot;:&quot;https:\\\/\\\/lezamaasesores.com\\\/cabanero\\\/contacto-cabanero-peluqueros-benicassim\\\/&quot;,&quot;is_external&quot;:&quot;&quot;,&quot;nofollow&quot;:&quot;&quot;,&quot;custom_attributes&quot;:&quot;&quot;}\" style=\"cursor: pointer\" class=\"elementor-element elementor-element-0433e37 e-transform elementor-widget elementor-widget-text-editor\" data-id=\"0433e37\" data-element_type=\"widget\" data-settings=\"{&quot;_transform_scale_effect_hover&quot;:{&quot;unit&quot;:&quot;px&quot;,&quot;size&quot;:1.100000000000000088817841970012523233890533447265625,&quot;sizes&quot;:[]},&quot;_transform_scale_effect_hover_tablet&quot;:{&quot;unit&quot;:&quot;px&quot;,&quot;size&quot;:&quot;&quot;,&quot;sizes&quot;:[]},&quot;_transform_scale_effect_hover_mobile&quot;:{&quot;unit&quot;:&quot;px&quot;,&quot;size&quot;:&quot;&quot;,&quot;sizes&quot;:[]}}\" data-widget_type=\"text-editor.default\">\n\t\t\t\t<div class=\"elementor-widget-container\">\n\t\t\t\t\t\t\t\t\t<p>BENIC\u00c0SSIM<\/p>\t\t\t\t\t\t\t\t<\/div>\n\t\t\t\t<\/div>\n\t\t\t\t<\/div>\n\t\t\t\t<\/div>\n\t\t\t\t<\/div>\n\t\t","protected":false},"excerpt":{"rendered":"<p>MUJER HOMBRE \u00a0NOSOTR@S Desde 1966, cuando Maruja Mart\u00ednez abri\u00f3 el primer sal\u00f3n de peluquer\u00eda en Castell\u00f3n, el arte del estilismo y el cuidado de la imagen se convirtieron en su pasi\u00f3n y estilo de vida. Con t\u00e9cnicas innovadoras y un enfoque en la calidad, su visi\u00f3n marc\u00f3 un antes y un despu\u00e9s en el mundo [&hellip;]<\/p>\n","protected":false},"author":1,"featured_media":0,"parent":0,"menu_order":0,"comment_status":"closed","ping_status":"closed","template":"","meta":{"footnotes":""},"class_list":["post-1138","page","type-page","status-publish","hentry"],"_links":{"self":[{"href":"https:\/\/lezamaasesores.com\/cabanero\/wp-json\/wp\/v2\/pages\/1138","targetHints":{"allow":["GET"]}}],"collection":[{"href":"https:\/\/lezamaasesores.com\/cabanero\/wp-json\/wp\/v2\/pages"}],"about":[{"href":"https:\/\/lezamaasesores.com\/cabanero\/wp-json\/wp\/v2\/types\/page"}],"author":[{"embeddable":true,"href":"https:\/\/lezamaasesores.com\/cabanero\/wp-json\/wp\/v2\/users\/1"}],"replies":[{"embeddable":true,"href":"https:\/\/lezamaasesores.com\/cabanero\/wp-json\/wp\/v2\/comments?post=1138"}],"version-history":[{"count":0,"href":"https:\/\/lezamaasesores.com\/cabanero\/wp-json\/wp\/v2\/pages\/1138\/revisions"}],"wp:attachment":[{"href":"https:\/\/lezamaasesores.com\/cabanero\/wp-json\/wp\/v2\/media?parent=1138"}],"curies":[{"name":"wp","href":"https:\/\/api.w.org\/{rel}","templated":true}]}}