{"id":1127,"date":"2024-02-13T09:41:14","date_gmt":"2024-02-13T08:41:14","guid":{"rendered":"http:\/\/lezamaasesores.com\/ait\/?page_id=1127"},"modified":"2024-02-13T09:42:03","modified_gmt":"2024-02-13T08:42:03","slug":"ini","status":"publish","type":"page","link":"https:\/\/lezamaasesores.com\/ait\/","title":{"rendered":"Ini"},"content":{"rendered":"\t\t<div data-elementor-type=\"wp-page\" data-elementor-id=\"1127\" class=\"elementor elementor-1127\">\n\t\t\t\t\t\t\t<div class=\"elementor-element elementor-element-556ab70 e-con-full e-flex e-con e-parent\" data-id=\"556ab70\" data-element_type=\"container\" data-settings=\"{&quot;content_width&quot;:&quot;full&quot;,&quot;ekit_has_onepagescroll_dot&quot;:&quot;yes&quot;}\" data-core-v316-plus=\"true\">\n\t\t\t\t<div class=\"elementor-element elementor-element-7c6c50b elementor-widget elementor-widget-slider_revolution\" data-id=\"7c6c50b\" data-element_type=\"widget\" data-settings=\"{&quot;ekit_we_effect_on&quot;:&quot;none&quot;}\" data-widget_type=\"slider_revolution.default\">\n\t\t\t\t<div class=\"elementor-widget-container\">\n\t\t\t\n\t\t<div class=\"wp-block-themepunch-revslider\">\n\t\t\t<!-- START AI Particle Cluster2 REVOLUTION SLIDER 6.6.16 --><p class=\"rs-p-wp-fix\"><\/p>\n\t\t\t<rs-module-wrap id=\"rev_slider_30_1_wrapper\" data-source=\"gallery\" style=\"visibility:hidden;background:transparent;padding:0;\">\n\t\t\t\t<rs-module id=\"rev_slider_30_1\" class=\"rs-respect-topbar\" style=\"\" data-version=\"6.6.16\">\n\t\t\t\t\t<rs-slides style=\"overflow: hidden; position: absolute;\">\n\t\t\t\t\t\t<rs-slide style=\"position: absolute;\" data-key=\"rs-88\" data-title=\"Slide\" data-anim=\"ms:300ms;\" data-in=\"o:0;\" data-out=\"a:false;\">\n\t\t\t\t\t\t\t<img decoding=\"async\" src=\"\/\/lezamaasesores.com\/ait\/wp-content\/plugins\/revslider\/public\/assets\/assets\/dummy.png\" alt=\"Slide\" title=\"Ini\" class=\"rev-slidebg tp-rs-img rs-lazyload\" data-lazyload=\"\/\/lezamaasesores.com\/ait\/wp-content\/plugins\/revslider\/public\/assets\/assets\/transparent.png\" data-bg=\"c:linear-gradient(rgba(107,10,10,1) 0%, rgba(127,15,19,1) 100%);\" data-parallax=\"off\" data-no-retina>\n<!--\n\t\t\t\t\t\t\t--><rs-group\n\t\t\t\t\t\t\t\tid=\"slider-30-slide-88-layer-0\" \n\t\t\t\t\t\t\t\tdata-type=\"group\"\n\t\t\t\t\t\t\t\tdata-rsp_ch=\"on\"\n\t\t\t\t\t\t\t\tdata-xy=\"y:m,m,m,t;yo:0,0,0,260px;\"\n\t\t\t\t\t\t\t\tdata-text=\"w:normal;s:20,16,12,7;l:0,20,15,9;a:left,left,left,center;\"\n\t\t\t\t\t\t\t\tdata-dim=\"w:65%,65%,65%,100%;\"\n\t\t\t\t\t\t\t\tdata-frame_0=\"o:1;\"\n\t\t\t\t\t\t\t\tdata-frame_999=\"o:0;st:w;sR:8700;sA:9000;\"\n\t\t\t\t\t\t\t\tstyle=\"z-index:11;\"\n\t\t\t\t\t\t\t><!--\n\t\t\t\t\t\t\t\t--><rs-layer\n\t\t\t\t\t\t\t\t\tid=\"slider-30-slide-88-layer-18\" \n\t\t\t\t\t\t\t\t\tdata-type=\"shape\"\n\t\t\t\t\t\t\t\t\tdata-rsp_ch=\"on\"\n\t\t\t\t\t\t\t\t\tdata-xy=\"x:l,l,l,c;xo:3px,2px,1px,0;yo:133px,109px,82px,50px;\"\n\t\t\t\t\t\t\t\t\tdata-pos=\"a\"\n\t\t\t\t\t\t\t\t\tdata-text=\"w:normal;s:20,16,12,7;l:0,20,15,9;\"\n\t\t\t\t\t\t\t\t\tdata-dim=\"w:485px,400px,303px,186px;h:10px,8px,6px,3px;\"\n\t\t\t\t\t\t\t\t\tdata-clip=\"u:true;\"\n\t\t\t\t\t\t\t\t\tdata-frame_0=\"x:0%;o:1;cp:0%;\"\n\t\t\t\t\t\t\t\t\tdata-frame_1=\"e:power4.inOut;st:300;sp:1000;sR:300;\"\n\t\t\t\t\t\t\t\t\tdata-frame_999=\"o:0;st:w;sR:7700;\"\n\t\t\t\t\t\t\t\t\tstyle=\"z-index:8;background:linear-gradient(90deg, rgba(252,180,120,1) 0%, rgba(255,124,143,1) 100%);\"\n\t\t\t\t\t\t\t\t> \n\t\t\t\t\t\t\t\t<\/rs-layer><!--\n\n\t\t\t\t\t\t\t\t--><rs-layer\n\t\t\t\t\t\t\t\t\tid=\"slider-30-slide-88-layer-5\" \n\t\t\t\t\t\t\t\t\tdata-type=\"text\"\n\t\t\t\t\t\t\t\t\tdata-rsp_ch=\"on\"\n\t\t\t\t\t\t\t\t\tdata-xy=\"y:m;\"\n\t\t\t\t\t\t\t\t\tdata-pos=\"r\"\n\t\t\t\t\t\t\t\t\tdata-text=\"w:normal;s:118,97,73,45;l:140,115,87,53;fw:700;a:left,left,left,center;\"\n\t\t\t\t\t\t\t\t\tdata-padding=\"b:20,17,13,8;\"\n\t\t\t\t\t\t\t\t\tdata-frame_0=\"o:1;\"\n\t\t\t\t\t\t\t\t\tdata-frame_0_lines=\"d:5;x:cyc(-20|20);o:0;\"\n\t\t\t\t\t\t\t\t\tdata-frame_1=\"e:power4.out;sp:1000;\"\n\t\t\t\t\t\t\t\t\tdata-frame_1_lines=\"d:10;\"\n\t\t\t\t\t\t\t\t\tdata-frame_999=\"o:0;st:w;sR:7700;\"\n\t\t\t\t\t\t\t\t\tstyle=\"z-index:7;font-family:'Archivo Narrow';\"\n\t\t\t\t\t\t\t\t>No somos<br \/>\nuna consultora<br \/>\ntradicional \n\t\t\t\t\t\t\t\t<\/rs-layer><!--\n\n\t\t\t\t\t\t\t\t--><rs-layer\n\t\t\t\t\t\t\t\t\tid=\"slider-30-slide-88-layer-1\" \n\t\t\t\t\t\t\t\t\tdata-type=\"text\"\n\t\t\t\t\t\t\t\t\tdata-color=\"rgba(255, 255, 255, 0.7)\"\n\t\t\t\t\t\t\t\t\tdata-rsp_ch=\"on\"\n\t\t\t\t\t\t\t\t\tdata-xy=\"y:m;\"\n\t\t\t\t\t\t\t\t\tdata-pos=\"r\"\n\t\t\t\t\t\t\t\t\tdata-text=\"w:normal;s:25,20,15,20;l:35,28,21,25;a:left,left,left,center;\"\n\t\t\t\t\t\t\t\t\tdata-margin=\"t:40,33,25,20;b:75,62,47,30;\"\n\t\t\t\t\t\t\t\t\tdata-padding=\"r:200,165,125,30;l:0,0,0,30;\"\n\t\t\t\t\t\t\t\t\tdata-frame_1=\"st:500;sp:1000;sR:500;\"\n\t\t\t\t\t\t\t\t\tdata-frame_999=\"o:0;st:w;sR:7500;\"\n\t\t\t\t\t\t\t\t\tstyle=\"z-index:6;font-family:'Archivo Narrow';\"\n\t\t\t\t\t\t\t\t> Buscamos alcanzar una relaci\u00f3n profesional que sobrepase los l\u00edmites empresariales: cercan\u00eda, compromiso y dedicaci\u00f3n por encima de todo. \n\t\t\t\t\t\t\t\t<\/rs-layer><!--\n\t\t\t\t\t\t\t--><\/rs-group><!--\n\n\t\t\t\t\t\t\t--><rs-layer\n\t\t\t\t\t\t\t\tid=\"slider-30-slide-88-layer-2\" \n\t\t\t\t\t\t\t\tclass=\"tp-shape tp-shapewrapper tp-thecluster\"\n\t\t\t\t\t\t\t\tdata-type=\"shape\"\n\t\t\t\t\t\t\t\tdata-rsp_ch=\"on\"\n\t\t\t\t\t\t\t\tdata-xy=\"x:r,r,r,c;xo:-200px,-165px,-125px,0;y:m,m,m,t;yo:0,0,0,-200px;\"\n\t\t\t\t\t\t\t\tdata-text=\"w:normal;s:20,16,12,7;l:0,20,15,9;\"\n\t\t\t\t\t\t\t\tdata-dim=\"w:1000px,825px,626px,500px;h:1000px,825px,626px,500px;\"\n\t\t\t\t\t\t\t\tdata-frame_0=\"sX:0;sY:0;\"\n\t\t\t\t\t\t\t\tdata-frame_1=\"e:power4.out;sp:1500;\"\n\t\t\t\t\t\t\t\tdata-frame_999=\"o:0;st:w;sR:7500;\"\n\t\t\t\t\t\t\t\t data-clusterdata='ms:10%;mi:12;mp:24;ma:2000;sf:random3D;mc:direction;mn:1;mf:109;mm:1;mm2:1;mm3:1;g1X:-20;g2X:0;g3X:20;gl:1;gv:11;t1:1;t2:;t3:1;sIX:0;sIY:0;sVX:0;sVY:4;pc:radial-gradient(ellipse at center, rgba(5,61,122,1) 0%, rgba(5,61,122,1) 50%, rgba(29,130,183,1) 75%, rgba(255,124,143,1) 90%, rgba(224,170,97,1) 100%);cim:1%;as:loop;aniY:6;mps:lifetime;ld:20;mg:1;msp:;msv:6;ifm:indivRota;ifr:100;'\n\t\t\t\t\t\t\t\tstyle=\"z-index:12;background-color:rgba(0,0,0,0.0);\"\n\t\t\t\t\t\t\t> \n\t\t\t\t\t\t\t<\/rs-layer><!--\n\n\t\t\t\t\t\t\t--><rs-layer\n\t\t\t\t\t\t\t\tid=\"slider-30-slide-88-layer-3\" \n\t\t\t\t\t\t\t\tclass=\"rs-pxl-1\"\n\t\t\t\t\t\t\t\tdata-type=\"shape\"\n\t\t\t\t\t\t\t\tdata-rsp_ch=\"on\"\n\t\t\t\t\t\t\t\tdata-xy=\"x:r;xo:-850px,-701px,-532px,-328px;y:m;yo:-50px,-41px,-31px,-19px;\"\n\t\t\t\t\t\t\t\tdata-text=\"w:normal;s:20,16,12,7;l:0,20,15,9;\"\n\t\t\t\t\t\t\t\tdata-dim=\"w:1500px,1238px,940px,579px;h:1500px,1238px,940px,579px;\"\n\t\t\t\t\t\t\t\tdata-basealign=\"slide\"\n\t\t\t\t\t\t\t\tdata-frame_0=\"x:100px,82px,62px,38px;\"\n\t\t\t\t\t\t\t\tdata-frame_1=\"sp:1000;\"\n\t\t\t\t\t\t\t\tdata-frame_999=\"o:0;st:w;sR:8000;\"\n\t\t\t\t\t\t\t\tstyle=\"z-index:9;background:radial-gradient(ellipse at center, rgba(252,180,120,1) 0%, rgba(252,180,120,0.99) 4.67%, rgba(251,180,119,0.96) 9.34%, rgba(250,179,118,0.9) 14.01%, rgba(248,178,117,0.83) 18.68%, rgba(246,178,115,0.75) 23.35%, rgba(244,177,113,0.65) 28.02%, rgba(241,176,111,0.55) 32.69%, rgba(239,175,109,0.45) 37.36%, rgba(236,174,107,0.35) 42.03%, rgba(234,173,105,0.25) 46.70%, rgba(232,173,103,0.17) 51.37%, rgba(230,172,102,0.1) 56.04%, rgba(229,171,101,0.04) 60.71%, rgba(228,171,100,0.01) 65.38%, rgba(228,171,100,0) 70%, rgba(228,171,100,0) 70.67%, rgba(228,171,100,0) 71.34%, rgba(228,171,100,0) 72.01%, rgba(227,171,99,0) 72.68%, rgba(227,171,99,0) 73.35%, rgba(227,171,99,0) 74.02%, rgba(226,171,99,0) 74.69%, rgba(226,170,98,0) 75.36%, rgba(225,170,98,0) 76.03%, rgba(225,170,98,0) 76.70%, rgba(225,170,98,0) 77.37%, rgba(224,170,97,0) 78.04%, rgba(224,170,97,0) 78.71%, rgba(224,170,97,0) 79.38%, rgba(224,170,97,0) 80%);\"\n\t\t\t\t\t\t\t> \n\t\t\t\t\t\t\t<\/rs-layer><!--\n\n\t\t\t\t\t\t\t--><rs-layer\n\t\t\t\t\t\t\t\tid=\"slider-30-slide-88-layer-4\" \n\t\t\t\t\t\t\t\tclass=\"rs-pxl-2\"\n\t\t\t\t\t\t\t\tdata-type=\"shape\"\n\t\t\t\t\t\t\t\tdata-rsp_ch=\"on\"\n\t\t\t\t\t\t\t\tdata-xy=\"x:c;y:m;yo:500px,412px,313px,193px;\"\n\t\t\t\t\t\t\t\tdata-text=\"w:normal;s:20,16,12,7;l:0,20,15,9;\"\n\t\t\t\t\t\t\t\tdata-dim=\"w:1200px,990px,752px,463px;h:1200px,990px,752px,463px;\"\n\t\t\t\t\t\t\t\tdata-frame_0=\"y:100px,82px,62px,38px;\"\n\t\t\t\t\t\t\t\tdata-frame_1=\"sp:1000;\"\n\t\t\t\t\t\t\t\tdata-frame_999=\"o:0;st:w;sR:8000;\"\n\t\t\t\t\t\t\t\tstyle=\"z-index:8;background:radial-gradient(ellipse at center, rgba(247,86,24,1) 0%, rgba(247,86,25,0.99) 4.67%, rgba(247,87,28,0.96) 9.34%, rgba(248,90,35,0.9) 14.01%, rgba(248,92,43,0.83) 18.68%, rgba(249,95,52,0.75) 23.35%, rgba(249,98,63,0.65) 28.02%, rgba(250,102,74,0.55) 32.69%, rgba(251,105,85,0.45) 37.36%, rgba(252,109,96,0.35) 42.03%, rgba(252,112,107,0.25) 46.70%, rgba(253,115,116,0.17) 51.37%, rgba(253,118,124,0.1) 56.04%, rgba(254,120,131,0.04) 60.71%, rgba(254,121,134,0.01) 65.38%, rgba(254,121,135,0) 70%, rgba(254,121,135,0) 70.33%, rgba(254,121,135,0) 70.66%, rgba(254,121,136,0) 70.99%, rgba(254,122,136,0) 71.32%, rgba(254,122,137,0) 71.65%, rgba(254,122,138,0) 71.98%, rgba(254,122,139,0) 72.31%, rgba(255,123,139,0) 72.64%, rgba(255,123,140,0) 72.97%, rgba(255,123,141,0) 73.30%, rgba(255,123,142,0) 73.63%, rgba(255,124,142,0) 73.96%, rgba(255,124,143,0) 74.29%, rgba(255,124,143,0) 74.62%, rgba(255,124,143,0) 75%);\"\n\t\t\t\t\t\t\t> \n\t\t\t\t\t\t\t<\/rs-layer><!--\n\n\t\t\t\t\t\t\t--><rs-layer\n\t\t\t\t\t\t\t\tid=\"slider-30-slide-88-layer-16\" \n\t\t\t\t\t\t\t\tdata-type=\"shape\"\n\t\t\t\t\t\t\t\tdata-rsp_ch=\"on\"\n\t\t\t\t\t\t\t\tdata-xy=\"x:c;y:m;\"\n\t\t\t\t\t\t\t\tdata-text=\"w:normal;s:20,16,12,7;l:0,20,15,9;\"\n\t\t\t\t\t\t\t\tdata-dim=\"w:100%;h:100%;\"\n\t\t\t\t\t\t\t\tdata-basealign=\"slide\"\n\t\t\t\t\t\t\t\tdata-frame_1=\"sp:1000;\"\n\t\t\t\t\t\t\t\tdata-frame_999=\"o:0;st:w;sR:8000;\"\n\t\t\t\t\t\t\t\tstyle=\"z-index:10;background:linear-gradient(330deg, rgba(12,28,59,1) 0%, rgba(14,29,60,0.99) 3.33%, rgba(21,31,62,0.96) 6.66%, rgba(34,37,67,0.9) 9.99%, rgba(50,43,72,0.83) 13.32%, rgba(67,50,78,0.75) 16.65%, rgba(89,58,86,0.65) 19.98%, rgba(111,67,93,0.55) 23.31%, rgba(134,76,101,0.45) 26.64%, rgba(156,85,108,0.35) 29.97%, rgba(178,93,116,0.25) 33.30%, rgba(195,100,122,0.17) 36.63%, rgba(211,106,127,0.1) 39.96%, rgba(224,112,132,0.04) 43.29%, rgba(231,114,134,0.01) 46.62%, rgba(233,115,135,0) 50%, rgba(233,115,135,0) 50.33%, rgba(234,115,135,0) 50.66%, rgba(235,116,136,0) 50.99%, rgba(237,117,136,0) 51.32%, rgba(239,117,137,0) 51.65%, rgba(241,118,138,0) 51.98%, rgba(243,119,139,0) 52.31%, rgba(245,120,139,0) 52.64%, rgba(247,121,140,0) 52.97%, rgba(250,122,141,0) 53.30%, rgba(251,122,142,0) 53.63%, rgba(253,123,142,0) 53.96%, rgba(254,124,143,0) 54.29%, rgba(255,124,143,0) 54.62%, rgba(255,124,143,0) 55%);\"\n\t\t\t\t\t\t\t> \n\t\t\t\t\t\t\t<\/rs-layer><!--\n\n\t\t\t\t\t\t\t--><a\n\t\t\t\t\t\t\t\tid=\"slider-30-slide-88-layer-17\" \n\t\t\t\t\t\t\t\tclass=\"rs-layer rev-btn\"\n\t\t\t\t\t\t\t\thref=\"http:\/\/lezamaasesores.com\/ait\/contacto\/\" target=\"_self\"\n\t\t\t\t\t\t\t\tdata-type=\"button\"\n\t\t\t\t\t\t\t\tdata-rsp_ch=\"on\"\n\t\t\t\t\t\t\t\tdata-xy=\"x:l,l,l,c;xo:800px,660px,501px,0;y:m,m,m,t;yo:310px,256px,194px,620px;\"\n\t\t\t\t\t\t\t\tdata-text=\"w:normal;s:35,28,21,25;l:60,49,37,35;\"\n\t\t\t\t\t\t\t\tdata-dim=\"minh:0px,none,none,none;\"\n\t\t\t\t\t\t\t\tdata-border=\"bos:solid;boc:rgba(255, 255, 255, 0.25);bow:0,0,2px,0;\"\n\t\t\t\t\t\t\t\tdata-frame_0=\"sX:2;sY:2;\"\n\t\t\t\t\t\t\t\tdata-frame_1=\"st:1500;sp:1000;sR:1500;\"\n\t\t\t\t\t\t\t\tdata-frame_999=\"o:0;st:w;sR:6500;\"\n\t\t\t\t\t\t\t\tdata-frame_hover=\"sX:1.1;sY:1.1;c:#fff;boc:#fff;bor:0px,0px,0px,0px;bos:solid;bow:0,0,2px,0;e:power1.inOut;\"\n\t\t\t\t\t\t\t\tstyle=\"z-index:13;font-family:'Archivo Narrow';\"\n\t\t\t\t\t\t\t>Hablamos? \n\t\t\t\t\t\t\t<\/a><!--\n\n\t\t\t\t\t\t\t--><rs-layer\n\t\t\t\t\t\t\t\tid=\"slider-30-slide-88-layer-19\" \n\t\t\t\t\t\t\t\tclass=\"rs-pxl-5\"\n\t\t\t\t\t\t\t\tdata-type=\"shape\"\n\t\t\t\t\t\t\t\tdata-rsp_ch=\"on\"\n\t\t\t\t\t\t\t\tdata-xy=\"xo:-650px,-536px,-407px,-251px;yo:-650px,-536px,-407px,-251px;\"\n\t\t\t\t\t\t\t\tdata-text=\"w:normal;s:20,16,12,7;l:0,20,15,9;\"\n\t\t\t\t\t\t\t\tdata-dim=\"w:1200px,990px,752px,463px;h:1200px,990px,752px,463px;\"\n\t\t\t\t\t\t\t\tdata-frame_0=\"y:100px,82px,62px,38px;\"\n\t\t\t\t\t\t\t\tdata-frame_1=\"sp:1000;\"\n\t\t\t\t\t\t\t\tdata-frame_999=\"o:0;st:w;sR:8000;\"\n\t\t\t\t\t\t\t\tstyle=\"z-index:7;background:radial-gradient(ellipse at center, rgba(29,130,183,1) 0%, rgba(29,130,183,0.99) 4.67%, rgba(29,130,183,0.96) 9.34%, rgba(29,130,183,0.9) 14.01%, rgba(29,130,183,0.83) 18.68%, rgba(29,130,183,0.75) 23.35%, rgba(29,130,183,0.65) 28.02%, rgba(29,130,183,0.55) 32.69%, rgba(29,130,183,0.45) 37.36%, rgba(29,130,183,0.35) 42.03%, rgba(29,130,183,0.25) 46.70%, rgba(29,130,183,0.17) 51.37%, rgba(29,130,183,0.1) 56.04%, rgba(29,130,183,0.04) 60.71%, rgba(29,130,183,0.01) 65.38%, rgba(29,130,183,0) 70%, rgba(29,130,183,0) 70.33%, rgba(29,130,183,0) 70.66%, rgba(29,130,183,0) 70.99%, rgba(29,130,183,0) 71.32%, rgba(29,130,183,0) 71.65%, rgba(29,130,183,0) 71.98%, rgba(29,130,183,0) 72.31%, rgba(29,130,183,0) 72.64%, rgba(29,130,183,0) 72.97%, rgba(29,130,183,0) 73.30%, rgba(29,130,183,0) 73.63%, rgba(29,130,183,0) 73.96%, rgba(29,130,183,0) 74.29%, rgba(29,130,183,0) 74.62%, rgba(29,130,183,0) 75%);\"\n\t\t\t\t\t\t\t> \n\t\t\t\t\t\t\t<\/rs-layer><!--\n\n\t\t\t\t\t\t\t--><rs-layer\n\t\t\t\t\t\t\t\tid=\"slider-30-slide-88-layer-20\" \n\t\t\t\t\t\t\t\tclass=\"tp-shape tp-shapewrapper tp-thecluster\"\n\t\t\t\t\t\t\t\tdata-type=\"shape\"\n\t\t\t\t\t\t\t\tdata-rsp_ch=\"on\"\n\t\t\t\t\t\t\t\tdata-xy=\"x:r,r,r,c;xo:-200px,-165px,-125px,0;y:m,m,m,t;yo:0,0,0,-200px;\"\n\t\t\t\t\t\t\t\tdata-text=\"w:normal;s:20,16,12,7;l:0,20,15,9;\"\n\t\t\t\t\t\t\t\tdata-dim=\"w:1000px,825px,626px,500px;h:1000px,825px,626px,500px;\"\n\t\t\t\t\t\t\t\tdata-vbility=\"t,t,f,f\"\n\t\t\t\t\t\t\t\tdata-frame_0=\"sX:0;sY:0;\"\n\t\t\t\t\t\t\t\tdata-frame_1=\"e:power4.out;sp:1500;\"\n\t\t\t\t\t\t\t\tdata-frame_999=\"o:0;st:w;sR:7500;\"\n\t\t\t\t\t\t\t\t data-clusterdata='ms:5%;mi:10;mp:24;ma:500;sf:random3D;mc:direction;mn:1;mf:109;mm:1;mm2:1;mm3:1;g1X:-20;g2X:0;g3X:20;gl:1;gv:11;t1:1;t2:;t3:1;sIX:0;sIY:0;sVX:0;sVY:4;pc:radial-gradient(ellipse at center, rgba(5,61,122,1) 0%, rgba(5,61,122,1) 50%, rgba(29,130,183,1) 75%, rgba(255,124,143,1) 90%, rgba(224,170,97,1) 100%);pax:300%;cim:1%;as:loop;aniY:6;mps:lifetime;ld:20;mg:1;msp:;msv:6;ifm:indivRota;ifr:50;vfx:bokeh;vmi:10;vma:30;'\n\t\t\t\t\t\t\t\tstyle=\"z-index:6;background-color:rgba(0,0,0,0.0);\"\n\t\t\t\t\t\t\t> \n\t\t\t\t\t\t\t<\/rs-layer><!--\n\n\t\t\t\t\t\t\t--><a\n\t\t\t\t\t\t\t\tid=\"slider-30-slide-88-layer-24\" \n\t\t\t\t\t\t\t\tclass=\"rs-layer rev-btn\"\n\t\t\t\t\t\t\t\thref=\"http:\/\/lezamaasesores.com\/ait\/servicios\/\" target=\"_self\"\n\t\t\t\t\t\t\t\tdata-type=\"button\"\n\t\t\t\t\t\t\t\tdata-rsp_ch=\"on\"\n\t\t\t\t\t\t\t\tdata-xy=\"x:l,l,l,c;xo:987px,815px,619px,0;y:m,m,m,t;yo:308px,254px,192px,620px;\"\n\t\t\t\t\t\t\t\tdata-text=\"w:normal;s:35,28,21,25;l:60,49,37,35;\"\n\t\t\t\t\t\t\t\tdata-dim=\"minh:0px,none,none,none;\"\n\t\t\t\t\t\t\t\tdata-border=\"bos:solid;boc:rgba(255, 255, 255, 0.25);bow:0,0,2px,0;\"\n\t\t\t\t\t\t\t\tdata-frame_0=\"sX:2;sY:2;\"\n\t\t\t\t\t\t\t\tdata-frame_1=\"st:1500;sp:1000;sR:1500;\"\n\t\t\t\t\t\t\t\tdata-frame_999=\"o:0;st:w;sR:6500;\"\n\t\t\t\t\t\t\t\tdata-frame_hover=\"sX:1.1;sY:1.1;c:#fff;boc:#fff;bor:0px,0px,0px,0px;bos:solid;bow:0,0,2px,0;e:power1.inOut;\"\n\t\t\t\t\t\t\t\tstyle=\"z-index:13;font-family:'Archivo Narrow';\"\n\t\t\t\t\t\t\t>Servicios \n\t\t\t\t\t\t\t<\/a><!--\n-->\t\t\t\t\t\t<\/rs-slide>\n\t\t\t\t\t<\/rs-slides>\n\t\t\t\t<\/rs-module>\n\t\t\t\t<script>\n\t\t\t\t\tsetREVStartSize({c: 'rev_slider_30_1',rl:[1240,1024,778,480],el:[900,768,960,720],gw:[1240,1024,778,480],gh:[900,768,960,720],type:'standard',justify:'',layout:'fullscreen',offsetContainer:'#masthead',offset:'',mh:\"0\"});if (window.RS_MODULES!==undefined && window.RS_MODULES.modules!==undefined && window.RS_MODULES.modules[\"revslider301\"]!==undefined) {window.RS_MODULES.modules[\"revslider301\"].once = false;window.revapi30 = undefined;if (window.RS_MODULES.checkMinimal!==undefined) window.RS_MODULES.checkMinimal()}\n\t\t\t\t<\/script>\n\t\t\t<\/rs-module-wrap>\n\t\t\t<!-- END REVOLUTION SLIDER -->\n<\/div>\n\n\t\t\t\t<\/div>\n\t\t\t\t<\/div>\n\t\t\t\t<\/div>\n\t\t\t\t\t\t\t<\/div>\n\t\t","protected":false},"excerpt":{"rendered":"","protected":false},"author":1,"featured_media":0,"parent":0,"menu_order":0,"comment_status":"closed","ping_status":"closed","template":"","meta":{"footnotes":""},"class_list":["post-1127","page","type-page","status-publish","hentry"],"_links":{"self":[{"href":"https:\/\/lezamaasesores.com\/ait\/wp-json\/wp\/v2\/pages\/1127","targetHints":{"allow":["GET"]}}],"collection":[{"href":"https:\/\/lezamaasesores.com\/ait\/wp-json\/wp\/v2\/pages"}],"about":[{"href":"https:\/\/lezamaasesores.com\/ait\/wp-json\/wp\/v2\/types\/page"}],"author":[{"embeddable":true,"href":"https:\/\/lezamaasesores.com\/ait\/wp-json\/wp\/v2\/users\/1"}],"replies":[{"embeddable":true,"href":"https:\/\/lezamaasesores.com\/ait\/wp-json\/wp\/v2\/comments?post=1127"}],"version-history":[{"count":4,"href":"https:\/\/lezamaasesores.com\/ait\/wp-json\/wp\/v2\/pages\/1127\/revisions"}],"predecessor-version":[{"id":1131,"href":"https:\/\/lezamaasesores.com\/ait\/wp-json\/wp\/v2\/pages\/1127\/revisions\/1131"}],"wp:attachment":[{"href":"https:\/\/lezamaasesores.com\/ait\/wp-json\/wp\/v2\/media?parent=1127"}],"curies":[{"name":"wp","href":"https:\/\/api.w.org\/{rel}","templated":true}]}}