{"id":555,"date":"2025-03-11T15:30:09","date_gmt":"2025-03-11T14:30:09","guid":{"rendered":"http:\/\/lezamaasesores.com\/grafitech\/?page_id=555"},"modified":"2025-05-12T19:46:39","modified_gmt":"2025-05-12T17:46:39","slug":"el-colmo-fanzine","status":"publish","type":"page","link":"http:\/\/lezamaasesores.com\/grafitech\/portfolio\/el-colmo-fanzine\/","title":{"rendered":"El colmo fanzine"},"content":{"rendered":"\t\t<div data-elementor-type=\"wp-page\" data-elementor-id=\"555\" class=\"elementor elementor-555\" data-elementor-post-type=\"page\">\n\t\t\t\t<div class=\"elementor-element elementor-element-566ae6a e-con-full e-flex e-con e-parent\" data-id=\"566ae6a\" data-element_type=\"container\" data-settings=\"{&quot;background_motion_fx_mouseTrack_effect&quot;:&quot;yes&quot;,&quot;background_motion_fx_mouseTrack_speed&quot;:{&quot;unit&quot;:&quot;px&quot;,&quot;size&quot;:0.200000000000000011102230246251565404236316680908203125,&quot;sizes&quot;:[]}}\">\n\t\t<div class=\"elementor-element elementor-element-2dbf21e e-con-full e-flex e-con e-child\" data-id=\"2dbf21e\" data-element_type=\"container\" data-settings=\"{&quot;background_background&quot;:&quot;classic&quot;,&quot;background_motion_fx_motion_fx_scrolling&quot;:&quot;yes&quot;,&quot;background_motion_fx_translateY_effect&quot;:&quot;yes&quot;,&quot;background_motion_fx_translateY_direction&quot;:&quot;negative&quot;,&quot;background_motion_fx_translateY_speed&quot;:{&quot;unit&quot;:&quot;px&quot;,&quot;size&quot;:8.9000000000000003552713678800500929355621337890625,&quot;sizes&quot;:[]},&quot;background_motion_fx_translateY_affectedRange&quot;:{&quot;unit&quot;:&quot;%&quot;,&quot;size&quot;:&quot;&quot;,&quot;sizes&quot;:{&quot;start&quot;:0,&quot;end&quot;:100}},&quot;background_motion_fx_devices&quot;:[&quot;desktop&quot;,&quot;tablet&quot;,&quot;mobile&quot;]}\">\n\t\t\t\t<div class=\"elementor-element elementor-element-fab278c elementor-widget elementor-widget-image\" data-id=\"fab278c\" data-element_type=\"widget\" data-widget_type=\"image.default\">\n\t\t\t\t<div class=\"elementor-widget-container\">\n\t\t\t\t\t\t\t\t\t\t\t\t\t\t\t<img fetchpriority=\"high\" decoding=\"async\" width=\"512\" height=\"512\" src=\"http:\/\/lezamaasesores.com\/grafitech\/wp-content\/uploads\/2025\/03\/Logo-Grafitech-01-04.png\" class=\"attachment-full size-full wp-image-232\" alt=\"\" srcset=\"http:\/\/lezamaasesores.com\/grafitech\/wp-content\/uploads\/2025\/03\/Logo-Grafitech-01-04.png 512w, http:\/\/lezamaasesores.com\/grafitech\/wp-content\/uploads\/2025\/03\/Logo-Grafitech-01-04-300x300.png 300w, http:\/\/lezamaasesores.com\/grafitech\/wp-content\/uploads\/2025\/03\/Logo-Grafitech-01-04-150x150.png 150w\" sizes=\"(max-width: 512px) 100vw, 512px\" \/>\t\t\t\t\t\t\t\t\t\t\t\t\t\t\t<\/div>\n\t\t\t\t<\/div>\n\t\t\t\t<div class=\"elementor-element elementor-element-d391898 elementor-widget__width-initial elementor-widget elementor-widget-text-editor\" data-id=\"d391898\" data-element_type=\"widget\" data-widget_type=\"text-editor.default\">\n\t\t\t\t<div class=\"elementor-widget-container\">\n\t\t\t\t\t\t\t\t\t<p>El Colmo<\/p>\t\t\t\t\t\t\t\t<\/div>\n\t\t\t\t<\/div>\n\t\t\t\t<\/div>\n\t\t\t\t<\/div>\n\t\t<div class=\"elementor-element elementor-element-b47c337 e-flex e-con-boxed e-con e-parent\" data-id=\"b47c337\" data-element_type=\"container\" data-settings=\"{&quot;background_background&quot;:&quot;classic&quot;}\">\n\t\t\t\t\t<div class=\"e-con-inner\">\n\t\t<div class=\"elementor-element elementor-element-d4ea22f e-con-full e-flex e-con e-child\" data-id=\"d4ea22f\" data-element_type=\"container\">\n\t\t\t\t<div class=\"elementor-element elementor-element-db974f6 elementor-widget__width-initial elementor-widget elementor-widget-text-editor\" data-id=\"db974f6\" data-element_type=\"widget\" data-widget_type=\"text-editor.default\">\n\t\t\t\t<div class=\"elementor-widget-container\">\n\t\t\t\t\t\t\t\t\t<p>Disseny integral de la identitat visual de la marca<\/p>\t\t\t\t\t\t\t\t<\/div>\n\t\t\t\t<\/div>\n\t\t\t\t<div class=\"elementor-element elementor-element-8233a88 elementor-widget elementor-widget-text-editor\" data-id=\"8233a88\" data-element_type=\"widget\" data-widget_type=\"text-editor.default\">\n\t\t\t\t<div class=\"elementor-widget-container\">\n\t\t\t\t\t\t\t\t\t<p>Disseny integral de la <strong>identitat visual de la marca, definint l\u2019est\u00e8tica i el llenguatge gr\u00e0fic a transmetre. Maquetaci\u00f3 de nou revistes<\/strong>, des de la creaci\u00f3 del disseny inicial fins a la seua evoluci\u00f3 al llarg del projecte. A m\u00e9s, es va dur a terme la gesti\u00f3 completa del fanzine, coordinant artistes, estructurant els terminis i seleccionant el contingut per garantir un resultat coherent i de qualitat.<\/p>\t\t\t\t\t\t\t\t<\/div>\n\t\t\t\t<\/div>\n\t\t\t\t<\/div>\n\t\t<div class=\"elementor-element elementor-element-dc070ca e-con-full e-flex e-con e-child\" data-id=\"dc070ca\" data-element_type=\"container\">\n\t\t\t\t<div class=\"elementor-element elementor-element-0cf68e4 elementor-widget elementor-widget-text-editor\" data-id=\"0cf68e4\" data-element_type=\"widget\" data-widget_type=\"text-editor.default\">\n\t\t\t\t<div class=\"elementor-widget-container\">\n\t\t\t\t\t\t\t\t\t<p><strong>Client:<\/strong><\/p><p>El Colmo Fanzine<\/p><p><strong>Any:<\/strong><\/p><p>2019 &#8211; 2022<\/p><p><strong>Servei:<\/strong><\/p><p>Disseny gr\u00e0fic de la marca<\/p><p>Maquetaci\u00f3 del fanzine<\/p><p>Gesti\u00f3 del projecte. Coordinaci\u00f3 del fanzine<\/p>\t\t\t\t\t\t\t\t<\/div>\n\t\t\t\t<\/div>\n\t\t\t\t<\/div>\n\t\t\t\t\t<\/div>\n\t\t\t\t<\/div>\n\t\t<div class=\"elementor-element elementor-element-84399e0 elementor-hidden-desktop elementor-hidden-tablet elementor-hidden-mobile e-flex e-con-boxed e-con e-parent\" data-id=\"84399e0\" data-element_type=\"container\" data-settings=\"{&quot;background_background&quot;:&quot;classic&quot;}\">\n\t\t\t\t\t<div class=\"e-con-inner\">\n\t\t<div class=\"elementor-element elementor-element-2cd2016 e-con-full e-flex e-con e-child\" data-id=\"2cd2016\" data-element_type=\"container\">\n\t\t\t\t<div class=\"elementor-element elementor-element-c704574 elementor-widget elementor-widget-image\" data-id=\"c704574\" data-element_type=\"widget\" data-widget_type=\"image.default\">\n\t\t\t\t<div class=\"elementor-widget-container\">\n\t\t\t\t\t\t\t\t\t\t\t\t\t\t\t<img decoding=\"async\" width=\"669\" height=\"1000\" src=\"http:\/\/lezamaasesores.com\/grafitech\/wp-content\/uploads\/2025\/03\/c_2.jpg\" class=\"attachment-full size-full wp-image-566\" alt=\"\" srcset=\"http:\/\/lezamaasesores.com\/grafitech\/wp-content\/uploads\/2025\/03\/c_2.jpg 669w, http:\/\/lezamaasesores.com\/grafitech\/wp-content\/uploads\/2025\/03\/c_2-201x300.jpg 201w\" sizes=\"(max-width: 669px) 100vw, 669px\" \/>\t\t\t\t\t\t\t\t\t\t\t\t\t\t\t<\/div>\n\t\t\t\t<\/div>\n\t\t\t\t<div class=\"elementor-element elementor-element-56323d7 elementor-widget elementor-widget-text-editor\" data-id=\"56323d7\" data-element_type=\"widget\" data-widget_type=\"text-editor.default\">\n\t\t\t\t<div class=\"elementor-widget-container\">\n\t\t\t\t\t\t\t\t\t<p><strong>Client:<\/strong><\/p><p>El Colmo Fanzine<\/p>\t\t\t\t\t\t\t\t<\/div>\n\t\t\t\t<\/div>\n\t\t\t\t<\/div>\n\t\t<div class=\"elementor-element elementor-element-40ae4dd e-con-full e-flex e-con e-child\" data-id=\"40ae4dd\" data-element_type=\"container\">\n\t\t\t\t<div class=\"elementor-element elementor-element-b4c85cc elementor-widget elementor-widget-image\" data-id=\"b4c85cc\" data-element_type=\"widget\" data-widget_type=\"image.default\">\n\t\t\t\t<div class=\"elementor-widget-container\">\n\t\t\t\t\t\t\t\t\t\t\t\t\t\t\t<img decoding=\"async\" width=\"910\" height=\"612\" src=\"http:\/\/lezamaasesores.com\/grafitech\/wp-content\/uploads\/2025\/03\/c_3.jpg\" class=\"attachment-full size-full wp-image-567\" alt=\"\" srcset=\"http:\/\/lezamaasesores.com\/grafitech\/wp-content\/uploads\/2025\/03\/c_3.jpg 910w, http:\/\/lezamaasesores.com\/grafitech\/wp-content\/uploads\/2025\/03\/c_3-300x202.jpg 300w, http:\/\/lezamaasesores.com\/grafitech\/wp-content\/uploads\/2025\/03\/c_3-768x517.jpg 768w\" sizes=\"(max-width: 910px) 100vw, 910px\" \/>\t\t\t\t\t\t\t\t\t\t\t\t\t\t\t<\/div>\n\t\t\t\t<\/div>\n\t\t\t\t<div class=\"elementor-element elementor-element-a45a700 elementor-widget elementor-widget-text-editor\" data-id=\"a45a700\" data-element_type=\"widget\" data-widget_type=\"text-editor.default\">\n\t\t\t\t<div class=\"elementor-widget-container\">\n\t\t\t\t\t\t\t\t\t<p><strong>Client:<\/strong><\/p><p>El Colmo Fanzine<\/p>\t\t\t\t\t\t\t\t<\/div>\n\t\t\t\t<\/div>\n\t\t\t\t<\/div>\n\t\t\t\t\t<\/div>\n\t\t\t\t<\/div>\n\t\t<div class=\"elementor-element elementor-element-8b31705 elementor-hidden-desktop elementor-hidden-tablet elementor-hidden-mobile e-flex e-con-boxed e-con e-parent\" data-id=\"8b31705\" data-element_type=\"container\" data-settings=\"{&quot;background_background&quot;:&quot;classic&quot;}\">\n\t\t\t\t\t<div class=\"e-con-inner\">\n\t\t<div class=\"elementor-element elementor-element-bacd90f e-con-full e-flex e-con e-child\" data-id=\"bacd90f\" data-element_type=\"container\">\n\t\t\t\t<div class=\"elementor-element elementor-element-18821d5 elementor-widget elementor-widget-image\" data-id=\"18821d5\" data-element_type=\"widget\" data-widget_type=\"image.default\">\n\t\t\t\t<div class=\"elementor-widget-container\">\n\t\t\t\t\t\t\t\t\t\t\t\t\t\t\t<img loading=\"lazy\" decoding=\"async\" width=\"910\" height=\"612\" src=\"http:\/\/lezamaasesores.com\/grafitech\/wp-content\/uploads\/2025\/03\/c_4.jpg\" class=\"attachment-full size-full wp-image-572\" alt=\"\" srcset=\"http:\/\/lezamaasesores.com\/grafitech\/wp-content\/uploads\/2025\/03\/c_4.jpg 910w, http:\/\/lezamaasesores.com\/grafitech\/wp-content\/uploads\/2025\/03\/c_4-300x202.jpg 300w, http:\/\/lezamaasesores.com\/grafitech\/wp-content\/uploads\/2025\/03\/c_4-768x517.jpg 768w\" sizes=\"(max-width: 910px) 100vw, 910px\" \/>\t\t\t\t\t\t\t\t\t\t\t\t\t\t\t<\/div>\n\t\t\t\t<\/div>\n\t\t\t\t<div class=\"elementor-element elementor-element-dd834d4 elementor-widget elementor-widget-text-editor\" data-id=\"dd834d4\" data-element_type=\"widget\" data-widget_type=\"text-editor.default\">\n\t\t\t\t<div class=\"elementor-widget-container\">\n\t\t\t\t\t\t\t\t\t<p><strong>Client:<\/strong><\/p><p>El Colmo Fanzine<\/p>\t\t\t\t\t\t\t\t<\/div>\n\t\t\t\t<\/div>\n\t\t\t\t<\/div>\n\t\t<div class=\"elementor-element elementor-element-dd0b718 e-con-full e-flex e-con e-child\" data-id=\"dd0b718\" data-element_type=\"container\">\n\t\t\t\t<div class=\"elementor-element elementor-element-13ef89c elementor-widget elementor-widget-image\" data-id=\"13ef89c\" data-element_type=\"widget\" data-widget_type=\"image.default\">\n\t\t\t\t<div class=\"elementor-widget-container\">\n\t\t\t\t\t\t\t\t\t\t\t\t\t\t\t<img loading=\"lazy\" decoding=\"async\" width=\"669\" height=\"1000\" src=\"http:\/\/lezamaasesores.com\/grafitech\/wp-content\/uploads\/2025\/03\/c_5.jpg\" class=\"attachment-full size-full wp-image-573\" alt=\"\" srcset=\"http:\/\/lezamaasesores.com\/grafitech\/wp-content\/uploads\/2025\/03\/c_5.jpg 669w, http:\/\/lezamaasesores.com\/grafitech\/wp-content\/uploads\/2025\/03\/c_5-201x300.jpg 201w\" sizes=\"(max-width: 669px) 100vw, 669px\" \/>\t\t\t\t\t\t\t\t\t\t\t\t\t\t\t<\/div>\n\t\t\t\t<\/div>\n\t\t\t\t<div class=\"elementor-element elementor-element-f7729a4 elementor-widget elementor-widget-text-editor\" data-id=\"f7729a4\" data-element_type=\"widget\" data-widget_type=\"text-editor.default\">\n\t\t\t\t<div class=\"elementor-widget-container\">\n\t\t\t\t\t\t\t\t\t<p><strong>Client:<\/strong><\/p><p>El Colmo Fanzine<\/p>\t\t\t\t\t\t\t\t<\/div>\n\t\t\t\t<\/div>\n\t\t\t\t<\/div>\n\t\t\t\t\t<\/div>\n\t\t\t\t<\/div>\n\t\t<div class=\"elementor-element elementor-element-fb5ba79 e-flex e-con-boxed e-con e-parent\" data-id=\"fb5ba79\" data-element_type=\"container\" data-settings=\"{&quot;background_background&quot;:&quot;classic&quot;}\">\n\t\t\t\t\t<div class=\"e-con-inner\">\n\t\t\t\t<div class=\"elementor-element elementor-element-9f28c77 elementor-widget elementor-widget-elementskit-gallery\" data-id=\"9f28c77\" data-element_type=\"widget\" data-settings=\"{&quot;ekit_gallery_columns&quot;:&quot;2&quot;,&quot;ekit_gallery_columns_tablet&quot;:&quot;2&quot;,&quot;ekit_gallery_columns_mobile&quot;:&quot;1&quot;}\" data-widget_type=\"elementskit-gallery.default\">\n\t\t\t\t<div class=\"elementor-widget-container\">\n\t\t\t\t\t<div class=\"ekit-wid-con\" >                \t\t<div class=\"ekit_gallery_grid_wraper\"><div id=\"ekit_gallery_9f28c77\" class=\"ekit_gallery_grid\" data-tilt-config=\"{&quot;disableAxis&quot;:null,&quot;easing&quot;:&quot;cubic-bezier(.03, .98, .52, .99)&quot;,&quot;glare&quot;:false,&quot;transition&quot;:true}\" data-masonry-config=\"{&quot;itemSelector&quot;:&quot;.ekit_gallery_grid_item&quot;}\">                \t\t\t\t\t\t\t<div class=\"ekit_gallery_grid_item ekit_gallery__filter- \">\n\t\t\t\t\t\t\t\t<div class=\"elementskit-single-portfolio-item \"\n\t\t\t\t\t\t\t\t\t\t\t\t\t\t\t\t>\n\t\t\t\t\t\t\t\t\t<div class=\"elementskit-portfolio-thumb\"\n\t\t\t\t\t\t\t\t\t\t\t\t\t\t\t\t\t\t>\n\t\t\t\t\t\t\t\t\t<img decoding=\"async\" class=\"elementskit-grid__img\" src=\"http:\/\/lezamaasesores.com\/grafitech\/wp-content\/uploads\/2025\/03\/c_1.jpg\" alt=\"gallery grid image\"\/>\n\t\t\t\t\t\t\t\t\t<\/div>\n\t\t\t\t\t\t\t\t\t<div class=\"elementskit-hover-area\">\n\t\t\t\t\t\t\t\t\t\t<div class=\"elementskit-hover-content ekit_vertical_alignment_center\">\n\t\t\t\t\t\t\t\t\t\t\t\t\t\t\t\t\t\t\t\t\t\t\t\t\t\t\t\t\t\t\t\t\t\t\t\t\t\t\t\t\t\t\t\t\t\t\t\t\t\t\t\t\t\t\t<div class=\"elementskit-gallery-popup-icon-wraper\">\n\t\t\t\t\t\t\t\t\t\t\t\t<a href=\"http:\/\/lezamaasesores.com\/grafitech\/wp-content\/uploads\/2025\/03\/c_1.jpg\" data-effect=\"mfp-zoom-in\"\n\t\t\t\t\t\t\t\t\t\t\t\tclass=\"elementskit-gallery-icon elementor-clickable\" aria-label=\"mfp-zoom-in\"\n\t\t\t\t\t\t\t\t\t\t\t\t\t\t\t\t\t\t\t\t\t\t\t\t\tdata-elementor-lightbox-slideshow=\"9f28c77\"\n\t\t\t\t\t\t\t\t\t\t\t\t\t\t\t\t\t\t\t\t\t\t\t\t\t>\n\n\t\t\t\t\t\t\t\t\t\t\t\t\t<i aria-hidden=\"true\" class=\"icon icon-plus-circle\"><\/i>\n\t\t\t\t\t\t\t\t\t\t\t\t<\/a>\n\t\t\t\t\t\t\t\t\t\t\t<\/div>\n\t\t\t\t\t\t\t\t\t\t\t\t\t\t\t\t\t\t\t\t\t<\/div>\n\t\t\t\t\t\t\t\t\t<\/div><!-- .elementskit-hover-area END -->\n\t\t\t\t\t\t\t\t\t\t\t\t\t\t\t\t\t\t<div class=\"ekit-gallery-image-overlay\"><\/div>\n\t\t\t\t\t\t\t\t\t\t\t\t\t\t\t\t\t<\/div><!-- .elementskit-single-portfolio-item END -->\n\t\t\t\t\t\t\t<\/div>\n\n\t\t\t\t\t\t\t\t\t\t\t\t\t<div class=\"ekit_gallery_grid_item ekit_gallery__filter- \">\n\t\t\t\t\t\t\t\t<div class=\"elementskit-single-portfolio-item \"\n\t\t\t\t\t\t\t\t\t\t\t\t\t\t\t\t>\n\t\t\t\t\t\t\t\t\t<div class=\"elementskit-portfolio-thumb\"\n\t\t\t\t\t\t\t\t\t\t\t\t\t\t\t\t\t\t>\n\t\t\t\t\t\t\t\t\t<img decoding=\"async\" class=\"elementskit-grid__img\" src=\"http:\/\/lezamaasesores.com\/grafitech\/wp-content\/uploads\/2025\/03\/c_2.jpg\" alt=\"gallery grid image\"\/>\n\t\t\t\t\t\t\t\t\t<\/div>\n\t\t\t\t\t\t\t\t\t<div class=\"elementskit-hover-area\">\n\t\t\t\t\t\t\t\t\t\t<div class=\"elementskit-hover-content ekit_vertical_alignment_center\">\n\t\t\t\t\t\t\t\t\t\t\t\t\t\t\t\t\t\t\t\t\t\t\t\t\t\t\t\t\t\t\t\t\t\t\t\t\t\t\t\t\t\t\t\t\t\t\t\t\t\t\t\t\t\t\t<div class=\"elementskit-gallery-popup-icon-wraper\">\n\t\t\t\t\t\t\t\t\t\t\t\t<a href=\"http:\/\/lezamaasesores.com\/grafitech\/wp-content\/uploads\/2025\/03\/c_2.jpg\" data-effect=\"mfp-zoom-in\"\n\t\t\t\t\t\t\t\t\t\t\t\tclass=\"elementskit-gallery-icon elementor-clickable\" aria-label=\"mfp-zoom-in\"\n\t\t\t\t\t\t\t\t\t\t\t\t\t\t\t\t\t\t\t\t\t\t\t\t\tdata-elementor-lightbox-slideshow=\"9f28c77\"\n\t\t\t\t\t\t\t\t\t\t\t\t\t\t\t\t\t\t\t\t\t\t\t\t\t>\n\n\t\t\t\t\t\t\t\t\t\t\t\t\t<i aria-hidden=\"true\" class=\"icon icon-plus-circle\"><\/i>\n\t\t\t\t\t\t\t\t\t\t\t\t<\/a>\n\t\t\t\t\t\t\t\t\t\t\t<\/div>\n\t\t\t\t\t\t\t\t\t\t\t\t\t\t\t\t\t\t\t\t\t<\/div>\n\t\t\t\t\t\t\t\t\t<\/div><!-- .elementskit-hover-area END -->\n\t\t\t\t\t\t\t\t\t\t\t\t\t\t\t\t\t\t<div class=\"ekit-gallery-image-overlay\"><\/div>\n\t\t\t\t\t\t\t\t\t\t\t\t\t\t\t\t\t<\/div><!-- .elementskit-single-portfolio-item END -->\n\t\t\t\t\t\t\t<\/div>\n\n\t\t\t\t\t\t\t\t\t\t\t\t\t<div class=\"ekit_gallery_grid_item ekit_gallery__filter- \">\n\t\t\t\t\t\t\t\t<div class=\"elementskit-single-portfolio-item \"\n\t\t\t\t\t\t\t\t\t\t\t\t\t\t\t\t>\n\t\t\t\t\t\t\t\t\t<div class=\"elementskit-portfolio-thumb\"\n\t\t\t\t\t\t\t\t\t\t\t\t\t\t\t\t\t\t>\n\t\t\t\t\t\t\t\t\t<img decoding=\"async\" class=\"elementskit-grid__img\" src=\"http:\/\/lezamaasesores.com\/grafitech\/wp-content\/uploads\/2025\/03\/c_3.jpg\" alt=\"gallery grid image\"\/>\n\t\t\t\t\t\t\t\t\t<\/div>\n\t\t\t\t\t\t\t\t\t<div class=\"elementskit-hover-area\">\n\t\t\t\t\t\t\t\t\t\t<div class=\"elementskit-hover-content ekit_vertical_alignment_center\">\n\t\t\t\t\t\t\t\t\t\t\t\t\t\t\t\t\t\t\t\t\t\t\t\t\t\t\t\t\t\t\t\t\t\t\t\t\t\t\t\t\t\t\t\t\t\t\t\t\t\t\t\t\t\t\t<div class=\"elementskit-gallery-popup-icon-wraper\">\n\t\t\t\t\t\t\t\t\t\t\t\t<a href=\"http:\/\/lezamaasesores.com\/grafitech\/wp-content\/uploads\/2025\/03\/c_3.jpg\" data-effect=\"mfp-zoom-in\"\n\t\t\t\t\t\t\t\t\t\t\t\tclass=\"elementskit-gallery-icon elementor-clickable\" aria-label=\"mfp-zoom-in\"\n\t\t\t\t\t\t\t\t\t\t\t\t\t\t\t\t\t\t\t\t\t\t\t\t\tdata-elementor-lightbox-slideshow=\"9f28c77\"\n\t\t\t\t\t\t\t\t\t\t\t\t\t\t\t\t\t\t\t\t\t\t\t\t\t>\n\n\t\t\t\t\t\t\t\t\t\t\t\t\t<i aria-hidden=\"true\" class=\"icon icon-plus-circle\"><\/i>\n\t\t\t\t\t\t\t\t\t\t\t\t<\/a>\n\t\t\t\t\t\t\t\t\t\t\t<\/div>\n\t\t\t\t\t\t\t\t\t\t\t\t\t\t\t\t\t\t\t\t\t<\/div>\n\t\t\t\t\t\t\t\t\t<\/div><!-- .elementskit-hover-area END -->\n\t\t\t\t\t\t\t\t\t\t\t\t\t\t\t\t\t\t<div class=\"ekit-gallery-image-overlay\"><\/div>\n\t\t\t\t\t\t\t\t\t\t\t\t\t\t\t\t\t<\/div><!-- .elementskit-single-portfolio-item END -->\n\t\t\t\t\t\t\t<\/div>\n\n\t\t\t\t\t\t\t\t\t\t\t\t\t<div class=\"ekit_gallery_grid_item ekit_gallery__filter- \">\n\t\t\t\t\t\t\t\t<div class=\"elementskit-single-portfolio-item \"\n\t\t\t\t\t\t\t\t\t\t\t\t\t\t\t\t>\n\t\t\t\t\t\t\t\t\t<div class=\"elementskit-portfolio-thumb\"\n\t\t\t\t\t\t\t\t\t\t\t\t\t\t\t\t\t\t>\n\t\t\t\t\t\t\t\t\t<img decoding=\"async\" class=\"elementskit-grid__img\" src=\"http:\/\/lezamaasesores.com\/grafitech\/wp-content\/uploads\/2025\/03\/c_4.jpg\" alt=\"gallery grid image\"\/>\n\t\t\t\t\t\t\t\t\t<\/div>\n\t\t\t\t\t\t\t\t\t<div class=\"elementskit-hover-area\">\n\t\t\t\t\t\t\t\t\t\t<div class=\"elementskit-hover-content ekit_vertical_alignment_center\">\n\t\t\t\t\t\t\t\t\t\t\t\t\t\t\t\t\t\t\t\t\t\t\t\t\t\t\t\t\t\t\t\t\t\t\t\t\t\t\t\t\t\t\t\t\t\t\t\t\t\t\t\t\t\t\t<div class=\"elementskit-gallery-popup-icon-wraper\">\n\t\t\t\t\t\t\t\t\t\t\t\t<a href=\"http:\/\/lezamaasesores.com\/grafitech\/wp-content\/uploads\/2025\/03\/c_4.jpg\" data-effect=\"mfp-zoom-in\"\n\t\t\t\t\t\t\t\t\t\t\t\tclass=\"elementskit-gallery-icon elementor-clickable\" aria-label=\"mfp-zoom-in\"\n\t\t\t\t\t\t\t\t\t\t\t\t\t\t\t\t\t\t\t\t\t\t\t\t\tdata-elementor-lightbox-slideshow=\"9f28c77\"\n\t\t\t\t\t\t\t\t\t\t\t\t\t\t\t\t\t\t\t\t\t\t\t\t\t>\n\n\t\t\t\t\t\t\t\t\t\t\t\t\t<i aria-hidden=\"true\" class=\"icon icon-plus-circle\"><\/i>\n\t\t\t\t\t\t\t\t\t\t\t\t<\/a>\n\t\t\t\t\t\t\t\t\t\t\t<\/div>\n\t\t\t\t\t\t\t\t\t\t\t\t\t\t\t\t\t\t\t\t\t<\/div>\n\t\t\t\t\t\t\t\t\t<\/div><!-- .elementskit-hover-area END -->\n\t\t\t\t\t\t\t\t\t\t\t\t\t\t\t\t\t\t<div class=\"ekit-gallery-image-overlay\"><\/div>\n\t\t\t\t\t\t\t\t\t\t\t\t\t\t\t\t\t<\/div><!-- .elementskit-single-portfolio-item END -->\n\t\t\t\t\t\t\t<\/div>\n\n\t\t\t\t\t\t\t\t\t\t\t\t\t<div class=\"ekit_gallery_grid_item ekit_gallery__filter- \">\n\t\t\t\t\t\t\t\t<div class=\"elementskit-single-portfolio-item \"\n\t\t\t\t\t\t\t\t\t\t\t\t\t\t\t\t>\n\t\t\t\t\t\t\t\t\t<div class=\"elementskit-portfolio-thumb\"\n\t\t\t\t\t\t\t\t\t\t\t\t\t\t\t\t\t\t>\n\t\t\t\t\t\t\t\t\t<img decoding=\"async\" class=\"elementskit-grid__img\" src=\"http:\/\/lezamaasesores.com\/grafitech\/wp-content\/uploads\/2025\/03\/c_5.jpg\" alt=\"gallery grid image\"\/>\n\t\t\t\t\t\t\t\t\t<\/div>\n\t\t\t\t\t\t\t\t\t<div class=\"elementskit-hover-area\">\n\t\t\t\t\t\t\t\t\t\t<div class=\"elementskit-hover-content ekit_vertical_alignment_center\">\n\t\t\t\t\t\t\t\t\t\t\t\t\t\t\t\t\t\t\t\t\t\t\t\t\t\t\t\t\t\t\t\t\t\t\t\t\t\t\t\t\t\t\t\t\t\t\t\t\t\t\t\t\t\t\t<div class=\"elementskit-gallery-popup-icon-wraper\">\n\t\t\t\t\t\t\t\t\t\t\t\t<a href=\"http:\/\/lezamaasesores.com\/grafitech\/wp-content\/uploads\/2025\/03\/c_5.jpg\" data-effect=\"mfp-zoom-in\"\n\t\t\t\t\t\t\t\t\t\t\t\tclass=\"elementskit-gallery-icon elementor-clickable\" aria-label=\"mfp-zoom-in\"\n\t\t\t\t\t\t\t\t\t\t\t\t\t\t\t\t\t\t\t\t\t\t\t\t\tdata-elementor-lightbox-slideshow=\"9f28c77\"\n\t\t\t\t\t\t\t\t\t\t\t\t\t\t\t\t\t\t\t\t\t\t\t\t\t>\n\n\t\t\t\t\t\t\t\t\t\t\t\t\t<i aria-hidden=\"true\" class=\"icon icon-plus-circle\"><\/i>\n\t\t\t\t\t\t\t\t\t\t\t\t<\/a>\n\t\t\t\t\t\t\t\t\t\t\t<\/div>\n\t\t\t\t\t\t\t\t\t\t\t\t\t\t\t\t\t\t\t\t\t<\/div>\n\t\t\t\t\t\t\t\t\t<\/div><!-- .elementskit-hover-area END -->\n\t\t\t\t\t\t\t\t\t\t\t\t\t\t\t\t\t\t<div class=\"ekit-gallery-image-overlay\"><\/div>\n\t\t\t\t\t\t\t\t\t\t\t\t\t\t\t\t\t<\/div><!-- .elementskit-single-portfolio-item END -->\n\t\t\t\t\t\t\t<\/div>\n\n\t\t\t\t\t\t<\/div><\/div><\/div>\t\t\t\t<\/div>\n\t\t\t\t<\/div>\n\t\t\t\t\t<\/div>\n\t\t\t\t<\/div>\n\t\t\t\t<\/div>\n\t\t","protected":false},"excerpt":{"rendered":"<p>El Colmo Disseny integral de la identitat visual de la marca Disseny integral de la identitat visual de la marca, definint l\u2019est\u00e8tica i el llenguatge gr\u00e0fic a transmetre. Maquetaci\u00f3 de nou revistes, des de la creaci\u00f3 del disseny inicial fins a la seua evoluci\u00f3 al llarg del projecte. A m\u00e9s, es va dur a terme [&hellip;]<\/p>\n","protected":false},"author":1,"featured_media":0,"parent":166,"menu_order":0,"comment_status":"closed","ping_status":"closed","template":"","meta":{"footnotes":""},"class_list":["post-555","page","type-page","status-publish","hentry"],"_links":{"self":[{"href":"http:\/\/lezamaasesores.com\/grafitech\/wp-json\/wp\/v2\/pages\/555","targetHints":{"allow":["GET"]}}],"collection":[{"href":"http:\/\/lezamaasesores.com\/grafitech\/wp-json\/wp\/v2\/pages"}],"about":[{"href":"http:\/\/lezamaasesores.com\/grafitech\/wp-json\/wp\/v2\/types\/page"}],"author":[{"embeddable":true,"href":"http:\/\/lezamaasesores.com\/grafitech\/wp-json\/wp\/v2\/users\/1"}],"replies":[{"embeddable":true,"href":"http:\/\/lezamaasesores.com\/grafitech\/wp-json\/wp\/v2\/comments?post=555"}],"version-history":[{"count":28,"href":"http:\/\/lezamaasesores.com\/grafitech\/wp-json\/wp\/v2\/pages\/555\/revisions"}],"predecessor-version":[{"id":1447,"href":"http:\/\/lezamaasesores.com\/grafitech\/wp-json\/wp\/v2\/pages\/555\/revisions\/1447"}],"up":[{"embeddable":true,"href":"http:\/\/lezamaasesores.com\/grafitech\/wp-json\/wp\/v2\/pages\/166"}],"wp:attachment":[{"href":"http:\/\/lezamaasesores.com\/grafitech\/wp-json\/wp\/v2\/media?parent=555"}],"curies":[{"name":"wp","href":"https:\/\/api.w.org\/{rel}","templated":true}]}}