{"id":448,"date":"2025-03-06T18:54:24","date_gmt":"2025-03-06T17:54:24","guid":{"rendered":"http:\/\/lezamaasesores.com\/grafitech\/?page_id=448"},"modified":"2025-03-06T18:55:09","modified_gmt":"2025-03-06T17:55:09","slug":"aviso-legal","status":"publish","type":"page","link":"http:\/\/lezamaasesores.com\/grafitech\/aviso-legal\/","title":{"rendered":"AVISO LEGAL"},"content":{"rendered":"\t\t<div data-elementor-type=\"wp-page\" data-elementor-id=\"448\" class=\"elementor elementor-448\" data-elementor-post-type=\"page\">\n\t\t\t\t<div class=\"elementor-element elementor-element-776f26d e-flex e-con-boxed e-con e-parent\" data-id=\"776f26d\" data-element_type=\"container\">\n\t\t\t\t\t<div class=\"e-con-inner\">\n\t\t\t\t<div class=\"elementor-element elementor-element-cf7d19c elementor-widget elementor-widget-text-editor\" data-id=\"cf7d19c\" data-element_type=\"widget\" data-widget_type=\"text-editor.default\">\n\t\t\t\t<div class=\"elementor-widget-container\">\n\t\t\t\t\t\t\t\t\t<p>AVISO LEGAL<\/p>\t\t\t\t\t\t\t\t<\/div>\n\t\t\t\t<\/div>\n\t\t\t\t<div class=\"elementor-element elementor-element-85fedc9 elementor-widget elementor-widget-text-editor\" data-id=\"85fedc9\" data-element_type=\"widget\" data-widget_type=\"text-editor.default\">\n\t\t\t\t<div class=\"elementor-widget-container\">\n\t\t\t\t\t\t\t\t\t<p data-start=\"137\" data-end=\"175\"><strong data-start=\"137\" data-end=\"163\">Titular del sitio web:<\/strong><br data-start=\"163\" data-end=\"166\" \/>Grafitech<\/p><p data-start=\"177\" data-end=\"349\"><strong data-start=\"177\" data-end=\"193\">Responsable:<\/strong><br data-start=\"193\" data-end=\"196\" \/>Guillem Garcia Cabedo<br data-start=\"217\" data-end=\"220\" \/><strong data-start=\"220\" data-end=\"228\">NIF:<\/strong> 20486198Y<br data-start=\"238\" data-end=\"241\" \/><strong data-start=\"241\" data-end=\"255\">Domicilio:<\/strong> Avenida Castell\u00f3n, 11 4D, 12110 \u2013 L\u2019Alcora (Castell\u00f3n), Espa\u00f1a<br data-start=\"318\" data-end=\"321\" \/><strong data-start=\"321\" data-end=\"331\">Email:<\/strong> <a rel=\"noopener\" data-start=\"332\" data-end=\"349\">info@grafitech.es<\/a><\/p><hr data-start=\"351\" data-end=\"354\" \/><h3 data-start=\"356\" data-end=\"382\">1. OBJETO Y ACEPTACI\u00d3N<\/h3><p data-start=\"384\" data-end=\"755\">El presente Aviso Legal regula el acceso, navegaci\u00f3n y uso del sitio web <a href=\"https:\/\/grafitech.es\" target=\"_new\" rel=\"noopener\" data-start=\"457\" data-end=\"501\">https:\/\/grafitech.es<\/a>, el cual es propiedad de Grafitech. El acceso y\/o uso del sitio implica la aceptaci\u00f3n \u00edntegra y sin reservas de todas las condiciones aqu\u00ed expuestas. Si el usuario no est\u00e1 de acuerdo con alguna de ellas, se le recomienda abstenerse de utilizar el sitio.<\/p><hr data-start=\"757\" data-end=\"760\" \/><h3 data-start=\"762\" data-end=\"803\">2. PROPIEDAD INTELECTUAL E INDUSTRIAL<\/h3><p data-start=\"805\" data-end=\"1309\">Todos los contenidos del sitio web, incluyendo, sin car\u00e1cter limitativo, textos, im\u00e1genes, gr\u00e1ficos, logotipos, iconos, dise\u00f1os, c\u00f3digos fuente, software y cualquier otro elemento susceptible de protecci\u00f3n, son propiedad exclusiva de Grafitech o de terceros que han autorizado su uso. Queda expresamente prohibida la reproducci\u00f3n, distribuci\u00f3n, modificaci\u00f3n, transformaci\u00f3n, publicaci\u00f3n o cualquier otro uso sin el consentimiento previo y por escrito de Grafitech, salvo que la ley disponga lo contrario.<\/p><hr data-start=\"1311\" data-end=\"1314\" \/><h3 data-start=\"1316\" data-end=\"1350\">3. EXENCI\u00d3N DE RESPONSABILIDAD<\/h3><p data-start=\"1352\" data-end=\"1794\">Grafitech se compromete a realizar esfuerzos razonables para mantener la actualizaci\u00f3n y el correcto funcionamiento del sitio web, pero no garantiza la total ausencia de errores, interrupciones o imprecisiones en la informaci\u00f3n proporcionada. Por tanto, Grafitech no se hace responsable de los da\u00f1os o perjuicios que pudieran derivarse del uso o la imposibilidad de uso del sitio, ni de la exactitud, veracidad o integridad de los contenidos.<\/p><hr data-start=\"1796\" data-end=\"1799\" \/><h3 data-start=\"1801\" data-end=\"1838\">4. MODIFICACIONES Y ACTUALIZACI\u00d3N<\/h3><p data-start=\"1840\" data-end=\"2145\">Grafitech se reserva el derecho de modificar, actualizar o eliminar, parcial o totalmente, el contenido de este Aviso Legal en cualquier momento y sin previo aviso. Se recomienda a los usuarios revisar peri\u00f3dicamente este documento para estar al tanto de posibles cambios que afecten al uso del sitio web.<\/p><hr data-start=\"2147\" data-end=\"2150\" \/><h3 data-start=\"2152\" data-end=\"2195\">5. LEGISLACI\u00d3N Y JURISDICCI\u00d3N APLICABLE<\/h3><p data-start=\"2197\" data-end=\"2556\">El presente Aviso Legal se rige e interpreta de conformidad con la legislaci\u00f3n espa\u00f1ola. Para la resoluci\u00f3n de cualquier controversia o conflicto que pudiera derivarse del acceso o uso del sitio web, las partes se someten a los Juzgados y Tribunales de la provincia correspondiente, renunciando expresamente a cualquier otro fuero que pudiera corresponderles.<\/p>\t\t\t\t\t\t\t\t<\/div>\n\t\t\t\t<\/div>\n\t\t\t\t\t<\/div>\n\t\t\t\t<\/div>\n\t\t\t\t<\/div>\n\t\t","protected":false},"excerpt":{"rendered":"<p>AVISO LEGAL Titular del sitio web:Grafitech Responsable:Guillem Garcia CabedoNIF: 20486198YDomicilio: Avenida Castell\u00f3n, 11 4D, 12110 \u2013 L\u2019Alcora (Castell\u00f3n), Espa\u00f1aEmail: info@grafitech.es 1. OBJETO Y ACEPTACI\u00d3N El presente Aviso Legal regula el acceso, navegaci\u00f3n y uso del sitio web https:\/\/grafitech.es, el cual es propiedad de Grafitech. El acceso y\/o uso del sitio implica la aceptaci\u00f3n \u00edntegra y [&hellip;]<\/p>\n","protected":false},"author":1,"featured_media":0,"parent":0,"menu_order":0,"comment_status":"closed","ping_status":"closed","template":"","meta":{"footnotes":""},"class_list":["post-448","page","type-page","status-publish","hentry"],"_links":{"self":[{"href":"http:\/\/lezamaasesores.com\/grafitech\/wp-json\/wp\/v2\/pages\/448","targetHints":{"allow":["GET"]}}],"collection":[{"href":"http:\/\/lezamaasesores.com\/grafitech\/wp-json\/wp\/v2\/pages"}],"about":[{"href":"http:\/\/lezamaasesores.com\/grafitech\/wp-json\/wp\/v2\/types\/page"}],"author":[{"embeddable":true,"href":"http:\/\/lezamaasesores.com\/grafitech\/wp-json\/wp\/v2\/users\/1"}],"replies":[{"embeddable":true,"href":"http:\/\/lezamaasesores.com\/grafitech\/wp-json\/wp\/v2\/comments?post=448"}],"version-history":[{"count":4,"href":"http:\/\/lezamaasesores.com\/grafitech\/wp-json\/wp\/v2\/pages\/448\/revisions"}],"predecessor-version":[{"id":452,"href":"http:\/\/lezamaasesores.com\/grafitech\/wp-json\/wp\/v2\/pages\/448\/revisions\/452"}],"wp:attachment":[{"href":"http:\/\/lezamaasesores.com\/grafitech\/wp-json\/wp\/v2\/media?parent=448"}],"curies":[{"name":"wp","href":"https:\/\/api.w.org\/{rel}","templated":true}]}}