{"id":326,"date":"2025-03-06T16:40:34","date_gmt":"2025-03-06T15:40:34","guid":{"rendered":"http:\/\/lezamaasesores.com\/grafitech\/?page_id=326"},"modified":"2025-05-12T20:33:55","modified_gmt":"2025-05-12T18:33:55","slug":"contacto","status":"publish","type":"page","link":"http:\/\/lezamaasesores.com\/grafitech\/contacto\/","title":{"rendered":"Contacto"},"content":{"rendered":"\t\t<div data-elementor-type=\"wp-page\" data-elementor-id=\"326\" class=\"elementor elementor-326\" data-elementor-post-type=\"page\">\n\t\t\t\t<div class=\"elementor-element elementor-element-5efa068 e-flex e-con-boxed e-con e-parent\" data-id=\"5efa068\" data-element_type=\"container\">\n\t\t\t\t\t<div class=\"e-con-inner\">\n\t\t\t\t<div class=\"elementor-element elementor-element-56d692d elementor-widget elementor-widget-text-editor\" data-id=\"56d692d\" data-element_type=\"widget\" data-widget_type=\"text-editor.default\">\n\t\t\t\t<div class=\"elementor-widget-container\">\n\t\t\t\t\t\t\t\t\t<p>CONTACTE<\/p>\t\t\t\t\t\t\t\t<\/div>\n\t\t\t\t<\/div>\n\t\t\t\t\t<\/div>\n\t\t\t\t<\/div>\n\t\t<div class=\"elementor-element elementor-element-8ee1410 e-flex e-con-boxed e-con e-parent\" data-id=\"8ee1410\" data-element_type=\"container\">\n\t\t\t\t\t<div class=\"e-con-inner\">\n\t\t<div class=\"elementor-element elementor-element-5e5fcb5 e-con-full e-flex e-con e-child\" data-id=\"5e5fcb5\" data-element_type=\"container\">\n\t\t<div class=\"elementor-element elementor-element-461d51f e-con-full e-flex e-con e-child\" data-id=\"461d51f\" data-element_type=\"container\">\n\t\t<div class=\"elementor-element elementor-element-98cadc9 e-con-full e-flex e-con e-child\" data-id=\"98cadc9\" data-element_type=\"container\">\n\t\t<div class=\"elementor-element elementor-element-49e80eb e-con-full e-flex e-con e-child\" data-id=\"49e80eb\" data-element_type=\"container\">\n\t\t\t\t<div class=\"elementor-element elementor-element-7b9c627 elementor-widget elementor-widget-image\" data-id=\"7b9c627\" data-element_type=\"widget\" data-widget_type=\"image.default\">\n\t\t\t\t<div class=\"elementor-widget-container\">\n\t\t\t\t\t\t\t\t\t\t\t\t\t\t\t<img fetchpriority=\"high\" decoding=\"async\" width=\"512\" height=\"512\" src=\"http:\/\/lezamaasesores.com\/grafitech\/wp-content\/uploads\/2025\/03\/ubicacion.png\" class=\"attachment-full size-full wp-image-320\" alt=\"\" srcset=\"http:\/\/lezamaasesores.com\/grafitech\/wp-content\/uploads\/2025\/03\/ubicacion.png 512w, http:\/\/lezamaasesores.com\/grafitech\/wp-content\/uploads\/2025\/03\/ubicacion-300x300.png 300w, http:\/\/lezamaasesores.com\/grafitech\/wp-content\/uploads\/2025\/03\/ubicacion-150x150.png 150w\" sizes=\"(max-width: 512px) 100vw, 512px\" \/>\t\t\t\t\t\t\t\t\t\t\t\t\t\t\t<\/div>\n\t\t\t\t<\/div>\n\t\t\t\t<\/div>\n\t\t<div class=\"elementor-element elementor-element-d23fc0e e-con-full e-flex e-con e-child\" data-id=\"d23fc0e\" data-element_type=\"container\">\n\t\t\t\t<div class=\"elementor-element elementor-element-7d7627f elementor-widget elementor-widget-text-editor\" data-id=\"7d7627f\" data-element_type=\"widget\" data-widget_type=\"text-editor.default\">\n\t\t\t\t<div class=\"elementor-widget-container\">\n\t\t\t\t\t\t\t\t\t<p>Direcci\u00f3<\/p>\t\t\t\t\t\t\t\t<\/div>\n\t\t\t\t<\/div>\n\t\t\t\t<div class=\"elementor-element elementor-element-42615e1 elementor-widget elementor-widget-text-editor\" data-id=\"42615e1\" data-element_type=\"widget\" data-widget_type=\"text-editor.default\">\n\t\t\t\t<div class=\"elementor-widget-container\">\n\t\t\t\t\t\t\t\t\t<div class=\"M2Cv8e hP3ybd\"><div class=\"gqkR3b hP3ybd\"><span style=\"color: #000000;\">Avinguda Castell\u00f3 11, 12110. L&#8217;Alcora (Castell\u00f3n)<\/span><\/div><\/div>\t\t\t\t\t\t\t\t<\/div>\n\t\t\t\t<\/div>\n\t\t\t\t<\/div>\n\t\t\t\t<\/div>\n\t\t<div class=\"elementor-element elementor-element-ccbdb55 e-con-full e-flex e-con e-child\" data-id=\"ccbdb55\" data-element_type=\"container\">\n\t\t<div class=\"elementor-element elementor-element-7502ee8 e-con-full e-flex e-con e-child\" data-id=\"7502ee8\" data-element_type=\"container\">\n\t\t\t\t<div class=\"elementor-element elementor-element-265ae2e elementor-widget elementor-widget-image\" data-id=\"265ae2e\" data-element_type=\"widget\" data-widget_type=\"image.default\">\n\t\t\t\t<div class=\"elementor-widget-container\">\n\t\t\t\t\t\t\t\t\t\t\t\t\t\t\t<img decoding=\"async\" width=\"512\" height=\"512\" src=\"http:\/\/lezamaasesores.com\/grafitech\/wp-content\/uploads\/2025\/03\/telefono-inteligente.png\" class=\"attachment-full size-full wp-image-321\" alt=\"\" srcset=\"http:\/\/lezamaasesores.com\/grafitech\/wp-content\/uploads\/2025\/03\/telefono-inteligente.png 512w, http:\/\/lezamaasesores.com\/grafitech\/wp-content\/uploads\/2025\/03\/telefono-inteligente-300x300.png 300w, http:\/\/lezamaasesores.com\/grafitech\/wp-content\/uploads\/2025\/03\/telefono-inteligente-150x150.png 150w\" sizes=\"(max-width: 512px) 100vw, 512px\" \/>\t\t\t\t\t\t\t\t\t\t\t\t\t\t\t<\/div>\n\t\t\t\t<\/div>\n\t\t\t\t<\/div>\n\t\t<div class=\"elementor-element elementor-element-f39acf2 e-con-full e-flex e-con e-child\" data-id=\"f39acf2\" data-element_type=\"container\">\n\t\t\t\t<div class=\"elementor-element elementor-element-3deb0c8 elementor-widget elementor-widget-text-editor\" data-id=\"3deb0c8\" data-element_type=\"widget\" data-widget_type=\"text-editor.default\">\n\t\t\t\t<div class=\"elementor-widget-container\">\n\t\t\t\t\t\t\t\t\t<p>Tel\u00e8fon<\/p>\t\t\t\t\t\t\t\t<\/div>\n\t\t\t\t<\/div>\n\t\t\t\t<div class=\"elementor-element elementor-element-b6cdc85 elementor-widget elementor-widget-text-editor\" data-id=\"b6cdc85\" data-element_type=\"widget\" data-widget_type=\"text-editor.default\">\n\t\t\t\t<div class=\"elementor-widget-container\">\n\t\t\t\t\t\t\t\t\t<p>642 592 172<\/p>\t\t\t\t\t\t\t\t<\/div>\n\t\t\t\t<\/div>\n\t\t\t\t<\/div>\n\t\t\t\t<\/div>\n\t\t<div class=\"elementor-element elementor-element-c37ae9b e-con-full e-flex e-con e-child\" data-id=\"c37ae9b\" data-element_type=\"container\">\n\t\t<div class=\"elementor-element elementor-element-56447a7 e-con-full e-flex e-con e-child\" data-id=\"56447a7\" data-element_type=\"container\">\n\t\t\t\t<div class=\"elementor-element elementor-element-76921f3 elementor-widget elementor-widget-image\" data-id=\"76921f3\" data-element_type=\"widget\" data-widget_type=\"image.default\">\n\t\t\t\t<div class=\"elementor-widget-container\">\n\t\t\t\t\t\t\t\t\t\t\t\t\t\t\t<img decoding=\"async\" width=\"512\" height=\"512\" src=\"http:\/\/lezamaasesores.com\/grafitech\/wp-content\/uploads\/2025\/03\/correo-electronico.png\" class=\"attachment-full size-full wp-image-322\" alt=\"\" srcset=\"http:\/\/lezamaasesores.com\/grafitech\/wp-content\/uploads\/2025\/03\/correo-electronico.png 512w, http:\/\/lezamaasesores.com\/grafitech\/wp-content\/uploads\/2025\/03\/correo-electronico-300x300.png 300w, http:\/\/lezamaasesores.com\/grafitech\/wp-content\/uploads\/2025\/03\/correo-electronico-150x150.png 150w\" sizes=\"(max-width: 512px) 100vw, 512px\" \/>\t\t\t\t\t\t\t\t\t\t\t\t\t\t\t<\/div>\n\t\t\t\t<\/div>\n\t\t\t\t<\/div>\n\t\t<div class=\"elementor-element elementor-element-e2503ac e-con-full e-flex e-con e-child\" data-id=\"e2503ac\" data-element_type=\"container\">\n\t\t\t\t<div class=\"elementor-element elementor-element-d31919b elementor-widget elementor-widget-text-editor\" data-id=\"d31919b\" data-element_type=\"widget\" data-widget_type=\"text-editor.default\">\n\t\t\t\t<div class=\"elementor-widget-container\">\n\t\t\t\t\t\t\t\t\t<p>Correu electr\u00f2nic<\/p>\t\t\t\t\t\t\t\t<\/div>\n\t\t\t\t<\/div>\n\t\t\t\t<div class=\"elementor-element elementor-element-4f20af9 elementor-widget elementor-widget-text-editor\" data-id=\"4f20af9\" data-element_type=\"widget\" data-widget_type=\"text-editor.default\">\n\t\t\t\t<div class=\"elementor-widget-container\">\n\t\t\t\t\t\t\t\t\t<p><span style=\"color: #000000;\"><a style=\"color: #000000;\" href=\"mailto:info@grafitech.es\">info@grafitech.es<\/a><\/span><\/p>\t\t\t\t\t\t\t\t<\/div>\n\t\t\t\t<\/div>\n\t\t\t\t<\/div>\n\t\t\t\t<\/div>\n\t\t<div class=\"elementor-element elementor-element-61b26ab e-con-full e-flex e-con e-child\" data-id=\"61b26ab\" data-element_type=\"container\">\n\t\t<div class=\"elementor-element elementor-element-3f6ff49 e-con-full e-flex e-con e-child\" data-id=\"3f6ff49\" data-element_type=\"container\">\n\t\t\t\t<div class=\"elementor-element elementor-element-fefa759 elementor-widget elementor-widget-image\" data-id=\"fefa759\" data-element_type=\"widget\" data-widget_type=\"image.default\">\n\t\t\t\t<div class=\"elementor-widget-container\">\n\t\t\t\t\t\t\t\t\t\t\t\t\t\t\t<img loading=\"lazy\" decoding=\"async\" width=\"512\" height=\"512\" src=\"http:\/\/lezamaasesores.com\/grafitech\/wp-content\/uploads\/2025\/03\/horario-de-trabajo.png\" class=\"attachment-full size-full wp-image-323\" alt=\"\" srcset=\"http:\/\/lezamaasesores.com\/grafitech\/wp-content\/uploads\/2025\/03\/horario-de-trabajo.png 512w, http:\/\/lezamaasesores.com\/grafitech\/wp-content\/uploads\/2025\/03\/horario-de-trabajo-300x300.png 300w, http:\/\/lezamaasesores.com\/grafitech\/wp-content\/uploads\/2025\/03\/horario-de-trabajo-150x150.png 150w\" sizes=\"(max-width: 512px) 100vw, 512px\" \/>\t\t\t\t\t\t\t\t\t\t\t\t\t\t\t<\/div>\n\t\t\t\t<\/div>\n\t\t\t\t<\/div>\n\t\t<div class=\"elementor-element elementor-element-71ef6be e-con-full e-flex e-con e-child\" data-id=\"71ef6be\" data-element_type=\"container\">\n\t\t\t\t<div class=\"elementor-element elementor-element-c0a68ad elementor-widget elementor-widget-text-editor\" data-id=\"c0a68ad\" data-element_type=\"widget\" data-widget_type=\"text-editor.default\">\n\t\t\t\t<div class=\"elementor-widget-container\">\n\t\t\t\t\t\t\t\t\t<p>Horari<\/p>\t\t\t\t\t\t\t\t<\/div>\n\t\t\t\t<\/div>\n\t\t\t\t<div class=\"elementor-element elementor-element-5939447 elementor-widget elementor-widget-text-editor\" data-id=\"5939447\" data-element_type=\"widget\" data-widget_type=\"text-editor.default\">\n\t\t\t\t<div class=\"elementor-widget-container\">\n\t\t\t\t\t\t\t\t\t<p>Dilluns a Divendres<br data-start=\"87\" data-end=\"90\" \/>8:00 a 20:00<\/p>\t\t\t\t\t\t\t\t<\/div>\n\t\t\t\t<\/div>\n\t\t\t\t<\/div>\n\t\t\t\t<\/div>\n\t\t\t\t<\/div>\n\t\t<div class=\"elementor-element elementor-element-25fd46c e-con-full e-flex e-con e-child\" data-id=\"25fd46c\" data-element_type=\"container\">\n\t\t\t\t<div class=\"elementor-element elementor-element-76f4b89 elementor-widget elementor-widget-image\" data-id=\"76f4b89\" data-element_type=\"widget\" data-widget_type=\"image.default\">\n\t\t\t\t<div class=\"elementor-widget-container\">\n\t\t\t\t\t\t\t\t\t\t\t\t\t\t\t<img loading=\"lazy\" decoding=\"async\" width=\"400\" height=\"265\" src=\"http:\/\/lezamaasesores.com\/grafitech\/wp-content\/uploads\/2025\/03\/grafitech-guillem-garcia.png\" class=\"attachment-full size-full wp-image-70\" alt=\"\" srcset=\"http:\/\/lezamaasesores.com\/grafitech\/wp-content\/uploads\/2025\/03\/grafitech-guillem-garcia.png 400w, http:\/\/lezamaasesores.com\/grafitech\/wp-content\/uploads\/2025\/03\/grafitech-guillem-garcia-300x199.png 300w\" sizes=\"(max-width: 400px) 100vw, 400px\" \/>\t\t\t\t\t\t\t\t\t\t\t\t\t\t\t<\/div>\n\t\t\t\t<\/div>\n\t\t\t\t<div class=\"elementor-element elementor-element-0112ec9 elementor-widget elementor-widget-text-editor\" data-id=\"0112ec9\" data-element_type=\"widget\" data-widget_type=\"text-editor.default\">\n\t\t\t\t<div class=\"elementor-widget-container\">\n\t\t\t\t\t\t\t\t\t<p>Consulteu-nos sense comprom\u00eds<\/p>\t\t\t\t\t\t\t\t<\/div>\n\t\t\t\t<\/div>\n\t\t\t\t<div class=\"elementor-element elementor-element-8f6473c elementor-widget__width-initial elementor-widget elementor-widget-text-editor\" data-id=\"8f6473c\" data-element_type=\"widget\" data-widget_type=\"text-editor.default\">\n\t\t\t\t<div class=\"elementor-widget-container\">\n\t\t\t\t\t\t\t\t\t<p>Necessites m\u00e9s informaci\u00f3?<\/p>\t\t\t\t\t\t\t\t<\/div>\n\t\t\t\t<\/div>\n\t\t\t\t<div class=\"elementor-element elementor-element-868b090 elementor-button-align-stretch elementor-widget elementor-widget-form\" data-id=\"868b090\" data-element_type=\"widget\" data-settings=\"{&quot;step_next_label&quot;:&quot;Siguiente&quot;,&quot;step_previous_label&quot;:&quot;Anterior&quot;,&quot;button_width&quot;:&quot;100&quot;,&quot;step_type&quot;:&quot;number_text&quot;,&quot;step_icon_shape&quot;:&quot;circle&quot;}\" data-widget_type=\"form.default\">\n\t\t\t\t<div class=\"elementor-widget-container\">\n\t\t\t\t\t\t\t<form class=\"elementor-form\" method=\"post\" id=\"formulario_contacto_generico\" name=\"New Form\">\n\t\t\t<input type=\"hidden\" name=\"post_id\" value=\"326\"\/>\n\t\t\t<input type=\"hidden\" name=\"form_id\" value=\"868b090\"\/>\n\t\t\t<input type=\"hidden\" name=\"referer_title\" value=\"Contacto\" \/>\n\n\t\t\t\t\t\t\t<input type=\"hidden\" name=\"queried_id\" value=\"326\"\/>\n\t\t\t\n\t\t\t<div class=\"elementor-form-fields-wrapper elementor-labels-\">\n\t\t\t\t\t\t\t\t<div class=\"elementor-field-type-text elementor-field-group elementor-column elementor-field-group-name elementor-col-100\">\n\t\t\t\t\t\t\t\t\t\t\t\t<label for=\"form-field-name\" class=\"elementor-field-label elementor-screen-only\">\n\t\t\t\t\t\t\t\tNom i cognoms\t\t\t\t\t\t\t<\/label>\n\t\t\t\t\t\t\t\t\t\t\t\t\t\t<input size=\"1\" type=\"text\" name=\"form_fields[name]\" id=\"form-field-name\" class=\"elementor-field elementor-size-md  elementor-field-textual\" placeholder=\"Nom i cognoms\">\n\t\t\t\t\t\t\t\t\t\t\t<\/div>\n\t\t\t\t\t\t\t\t<div class=\"elementor-field-type-text elementor-field-group elementor-column elementor-field-group-field_8b57737 elementor-col-100\">\n\t\t\t\t\t\t\t\t\t\t\t\t<label for=\"form-field-field_8b57737\" class=\"elementor-field-label elementor-screen-only\">\n\t\t\t\t\t\t\t\tNom de l'empresa\t\t\t\t\t\t\t<\/label>\n\t\t\t\t\t\t\t\t\t\t\t\t\t\t<input size=\"1\" type=\"text\" name=\"form_fields[field_8b57737]\" id=\"form-field-field_8b57737\" class=\"elementor-field elementor-size-md  elementor-field-textual\" placeholder=\"Nom de l&#039;empresa\">\n\t\t\t\t\t\t\t\t\t\t\t<\/div>\n\t\t\t\t\t\t\t\t<div class=\"elementor-field-type-email elementor-field-group elementor-column elementor-field-group-email elementor-col-100 elementor-field-required\">\n\t\t\t\t\t\t\t\t\t\t\t\t<label for=\"form-field-email\" class=\"elementor-field-label elementor-screen-only\">\n\t\t\t\t\t\t\t\tCorreu electr\u00f2nic\t\t\t\t\t\t\t<\/label>\n\t\t\t\t\t\t\t\t\t\t\t\t\t\t<input size=\"1\" type=\"email\" name=\"form_fields[email]\" id=\"form-field-email\" class=\"elementor-field elementor-size-md  elementor-field-textual\" placeholder=\"Correu electr\u00f2nic\" required=\"required\">\n\t\t\t\t\t\t\t\t\t\t\t<\/div>\n\t\t\t\t\t\t\t\t<div class=\"elementor-field-type-text elementor-field-group elementor-column elementor-field-group-field_72e85f8 elementor-col-100 elementor-field-required\">\n\t\t\t\t\t\t\t\t\t\t\t\t<label for=\"form-field-field_72e85f8\" class=\"elementor-field-label elementor-screen-only\">\n\t\t\t\t\t\t\t\tTel\u00e8fon\t\t\t\t\t\t\t<\/label>\n\t\t\t\t\t\t\t\t\t\t\t\t\t\t<input size=\"1\" type=\"text\" name=\"form_fields[field_72e85f8]\" id=\"form-field-field_72e85f8\" class=\"elementor-field elementor-size-md  elementor-field-textual\" placeholder=\"Tel\u00e8fon\" required=\"required\">\n\t\t\t\t\t\t\t\t\t\t\t<\/div>\n\t\t\t\t\t\t\t\t<div class=\"elementor-field-type-textarea elementor-field-group elementor-column elementor-field-group-message elementor-col-100\">\n\t\t\t\t\t\t\t\t\t\t\t\t<label for=\"form-field-message\" class=\"elementor-field-label elementor-screen-only\">\n\t\t\t\t\t\t\t\tMissatge\t\t\t\t\t\t\t<\/label>\n\t\t\t\t\t\t<textarea class=\"elementor-field-textual elementor-field  elementor-size-md\" name=\"form_fields[message]\" id=\"form-field-message\" rows=\"4\" placeholder=\"Missatge\"><\/textarea>\t\t\t\t<\/div>\n\t\t\t\t\t\t\t\t<div class=\"elementor-field-group elementor-column elementor-field-type-submit elementor-col-100 e-form__buttons\">\n\t\t\t\t\t<button class=\"elementor-button elementor-size-sm\" type=\"submit\">\n\t\t\t\t\t\t<span class=\"elementor-button-content-wrapper\">\n\t\t\t\t\t\t\t\t\t\t\t\t\t\t\t\t\t\t\t\t\t\t<span class=\"elementor-button-text\">Enviar<\/span>\n\t\t\t\t\t\t\t\t\t\t\t\t\t<\/span>\n\t\t\t\t\t<\/button>\n\t\t\t\t<\/div>\n\t\t\t<\/div>\n\t\t<\/form>\n\t\t\t\t\t\t<\/div>\n\t\t\t\t<\/div>\n\t\t\t\t<\/div>\n\t\t\t\t<\/div>\n\t\t\t\t\t<\/div>\n\t\t\t\t<\/div>\n\t\t<div class=\"elementor-element elementor-element-68ce5de e-flex e-con-boxed e-con e-parent\" data-id=\"68ce5de\" data-element_type=\"container\">\n\t\t\t\t\t<div class=\"e-con-inner\">\n\t\t\t\t<div class=\"elementor-element elementor-element-9fa28a5 elementor-widget elementor-widget-text-editor\" data-id=\"9fa28a5\" data-element_type=\"widget\" data-widget_type=\"text-editor.default\">\n\t\t\t\t<div class=\"elementor-widget-container\">\n\t\t\t\t\t\t\t\t\t<p>visita&#8217;ns<\/p>\t\t\t\t\t\t\t\t<\/div>\n\t\t\t\t<\/div>\n\t\t\t\t\t<\/div>\n\t\t\t\t<\/div>\n\t\t<div class=\"elementor-element elementor-element-2a6c916 e-flex e-con-boxed e-con e-parent\" data-id=\"2a6c916\" data-element_type=\"container\">\n\t\t\t\t\t<div class=\"e-con-inner\">\n\t\t\t\t<div class=\"elementor-element elementor-element-233a6e0 elementor-widget elementor-widget-text-editor\" data-id=\"233a6e0\" data-element_type=\"widget\" data-widget_type=\"text-editor.default\">\n\t\t\t\t<div class=\"elementor-widget-container\">\n\t\t\t\t\t\t\t\t\t<iframe src=\"https:\/\/www.google.com\/maps\/embed?pb=!1m18!1m12!1m3!1d3053.139376014088!2d-0.21386228762322487!3d40.07230307641024!2m3!1f0!2f0!3f0!3m2!1i1024!2i768!4f13.1!3m3!1m2!1s0xd5fe40e142991bf%3A0x2429199425d9d947!2sAv.%20Castell%C3%B3n%2C%2011%2C%2012110%20Alcora%2C%20Castell%C3%B3n!5e0!3m2!1ses!2ses!4v1742221348842!5m2!1ses!2ses\" width=\"600\" height=\"450\" style=\"border:0;\" allowfullscreen=\"\" loading=\"lazy\" referrerpolicy=\"no-referrer-when-downgrade\"><\/iframe>\t\t\t\t\t\t\t\t<\/div>\n\t\t\t\t<\/div>\n\t\t\t\t\t<\/div>\n\t\t\t\t<\/div>\n\t\t\t\t<\/div>\n\t\t","protected":false},"excerpt":{"rendered":"<p>CONTACTE Direcci\u00f3 Avinguda Castell\u00f3 11, 12110. L&#8217;Alcora (Castell\u00f3n) Tel\u00e8fon 642 592 172 Correu electr\u00f2nic info@grafitech.es Horari Dilluns a Divendres8:00 a 20:00 Consulteu-nos sense comprom\u00eds Necessites m\u00e9s informaci\u00f3? visita&#8217;ns<\/p>\n","protected":false},"author":1,"featured_media":0,"parent":0,"menu_order":0,"comment_status":"closed","ping_status":"closed","template":"","meta":{"footnotes":""},"class_list":["post-326","page","type-page","status-publish","hentry"],"_links":{"self":[{"href":"http:\/\/lezamaasesores.com\/grafitech\/wp-json\/wp\/v2\/pages\/326","targetHints":{"allow":["GET"]}}],"collection":[{"href":"http:\/\/lezamaasesores.com\/grafitech\/wp-json\/wp\/v2\/pages"}],"about":[{"href":"http:\/\/lezamaasesores.com\/grafitech\/wp-json\/wp\/v2\/types\/page"}],"author":[{"embeddable":true,"href":"http:\/\/lezamaasesores.com\/grafitech\/wp-json\/wp\/v2\/users\/1"}],"replies":[{"embeddable":true,"href":"http:\/\/lezamaasesores.com\/grafitech\/wp-json\/wp\/v2\/comments?post=326"}],"version-history":[{"count":52,"href":"http:\/\/lezamaasesores.com\/grafitech\/wp-json\/wp\/v2\/pages\/326\/revisions"}],"predecessor-version":[{"id":1521,"href":"http:\/\/lezamaasesores.com\/grafitech\/wp-json\/wp\/v2\/pages\/326\/revisions\/1521"}],"wp:attachment":[{"href":"http:\/\/lezamaasesores.com\/grafitech\/wp-json\/wp\/v2\/media?parent=326"}],"curies":[{"name":"wp","href":"https:\/\/api.w.org\/{rel}","templated":true}]}}