{"id":3,"date":"2025-02-06T17:31:51","date_gmt":"2025-02-06T16:31:51","guid":{"rendered":"http:\/\/lezamaasesores.com\/grafitech\/?page_id=3"},"modified":"2025-03-06T18:49:21","modified_gmt":"2025-03-06T17:49:21","slug":"politica-privacidad","status":"publish","type":"page","link":"http:\/\/lezamaasesores.com\/grafitech\/politica-privacidad\/","title":{"rendered":"Pol\u00edtica de privacidad"},"content":{"rendered":"\t\t<div data-elementor-type=\"wp-page\" data-elementor-id=\"3\" class=\"elementor elementor-3\" data-elementor-post-type=\"page\">\n\t\t\t\t<div class=\"elementor-element elementor-element-08f5f26 e-flex e-con-boxed e-con e-parent\" data-id=\"08f5f26\" data-element_type=\"container\">\n\t\t\t\t\t<div class=\"e-con-inner\">\n\t\t\t\t<div class=\"elementor-element elementor-element-b24ee30 elementor-widget elementor-widget-text-editor\" data-id=\"b24ee30\" data-element_type=\"widget\" data-widget_type=\"text-editor.default\">\n\t\t\t\t<div class=\"elementor-widget-container\">\n\t\t\t\t\t\t\t\t\t<p>POL\u00cdTICA DE PRIVACIDAD<\/p>\t\t\t\t\t\t\t\t<\/div>\n\t\t\t\t<\/div>\n\t\t\t\t<div class=\"elementor-element elementor-element-42d2ad1 elementor-widget elementor-widget-text-editor\" data-id=\"42d2ad1\" data-element_type=\"widget\" data-widget_type=\"text-editor.default\">\n\t\t\t\t<div class=\"elementor-widget-container\">\n\t\t\t\t\t\t\t\t\t<h3 data-start=\"764\" data-end=\"808\">1. OBJETIVO DE LA POL\u00cdTICA DE PRIVACIDAD<\/h3>\n<p data-start=\"810\" data-end=\"1518\">La presente <strong data-start=\"822\" data-end=\"870\">Pol\u00edtica de Privacidad y Protecci\u00f3n de Datos<\/strong> tiene como finalidad dar a conocer las condiciones que rigen la recogida y tratamiento de los datos personales por parte de <strong data-start=\"995\" data-end=\"1008\">Grafitech<\/strong>, haciendo el m\u00e1ximo esfuerzo por velar por los derechos fundamentales, el honor y las libertades de las personas, en cumplimiento de la normativa vigente de protecci\u00f3n de datos (Reglamento [UE] 2016\/679, Ley Org\u00e1nica 3\/2018, entre otras). En este documento se informa a los usuarios del sitio web <a href=\"https:\/\/grafitech.es\" target=\"_new\" rel=\"noopener\" data-start=\"1306\" data-end=\"1350\">https:\/\/grafitech.es<\/a> sobre c\u00f3mo se realizan los procesos de tratamiento, con qu\u00e9 finalidades, qui\u00e9nes podr\u00edan tener acceso a sus datos y cu\u00e1les son los derechos que asisten a los usuarios.<\/p>\n<hr data-start=\"1520\" data-end=\"1523\" \/>\n<h3 data-start=\"1525\" data-end=\"1544\">2. DEFINICIONES<\/h3>\n<p data-start=\"1546\" data-end=\"1598\">Para los efectos de esta Pol\u00edtica, se entender\u00e1 por:<\/p>\n<ul data-start=\"1600\" data-end=\"3321\">\n<li data-start=\"1600\" data-end=\"1697\"><strong data-start=\"1602\" data-end=\"1623\">Datos personales:<\/strong> Toda informaci\u00f3n sobre una persona f\u00edsica identificada o identificable.<\/li>\n<li data-start=\"1698\" data-end=\"1915\"><strong data-start=\"1700\" data-end=\"1716\">Tratamiento:<\/strong> Cualquier operaci\u00f3n o conjunto de operaciones realizadas sobre datos personales, ya sea por medios automatizados o no (recogida, registro, conservaci\u00f3n, modificaci\u00f3n, consulta, utilizaci\u00f3n, etc.).<\/li>\n<li data-start=\"1916\" data-end=\"2031\"><strong data-start=\"1918\" data-end=\"1949\">Limitaci\u00f3n del tratamiento:<\/strong> El marcado de los datos personales con el fin de limitar su tratamiento futuro.<\/li>\n<li data-start=\"2032\" data-end=\"2147\"><strong data-start=\"2034\" data-end=\"2062\">Elaboraci\u00f3n de perfiles:<\/strong> Tratamiento automatizado destinado a evaluar aspectos personales de un interesado.<\/li>\n<li data-start=\"2148\" data-end=\"2255\"><strong data-start=\"2150\" data-end=\"2170\">Seudonimizaci\u00f3n:<\/strong> Tratamiento que impide atribuir los datos a una persona sin informaci\u00f3n adicional.<\/li>\n<li data-start=\"2256\" data-end=\"2355\"><strong data-start=\"2258\" data-end=\"2270\">Fichero:<\/strong> Conjunto estructurado de datos personales accesibles seg\u00fan criterios determinados.<\/li>\n<li data-start=\"2356\" data-end=\"2480\"><strong data-start=\"2358\" data-end=\"2390\">Responsable del tratamiento:<\/strong> La persona f\u00edsica o jur\u00eddica que determina los fines y medios del tratamiento de datos.<\/li>\n<li data-start=\"2481\" data-end=\"2572\"><strong data-start=\"2483\" data-end=\"2513\">Encargado del tratamiento:<\/strong> Quien trata datos personales por cuenta del responsable.<\/li>\n<li data-start=\"2573\" data-end=\"2644\"><strong data-start=\"2575\" data-end=\"2592\">Destinatario:<\/strong> Tercero al que se comunican los datos personales.<\/li>\n<li data-start=\"2645\" data-end=\"2737\"><strong data-start=\"2647\" data-end=\"2659\">Tercero:<\/strong> Persona f\u00edsica o jur\u00eddica distinta del interesado, responsable o encargado.<\/li>\n<li data-start=\"2738\" data-end=\"2875\"><strong data-start=\"2740\" data-end=\"2774\">Consentimiento del interesado:<\/strong> Manifestaci\u00f3n libre, espec\u00edfica e informada de la voluntad de aceptar el tratamiento de sus datos.<\/li>\n<li data-start=\"2876\" data-end=\"3027\"><strong data-start=\"2878\" data-end=\"2932\">Violaci\u00f3n de la seguridad de los datos personales:<\/strong> Cualquier incidente que provoque la destrucci\u00f3n, p\u00e9rdida o acceso no autorizado a los datos.<\/li>\n<li data-start=\"3028\" data-end=\"3180\"><strong data-start=\"3030\" data-end=\"3086\">Datos gen\u00e9ticos, biom\u00e9tricos y relativos a la salud:<\/strong> Aquellos datos sensibles que requieren un tratamiento especial, seg\u00fan la normativa vigente.<\/li>\n<li data-start=\"3181\" data-end=\"3321\"><strong data-start=\"3183\" data-end=\"3229\">Servicio de la sociedad de la informaci\u00f3n:<\/strong> Todo servicio prestado a cambio de una remuneraci\u00f3n, a distancia y por medios electr\u00f3nicos.<\/li>\n<\/ul>\n<hr data-start=\"3323\" data-end=\"3326\" \/>\n<h3 data-start=\"3328\" data-end=\"3376\">3. IDENTIDAD DEL RESPONSABLE DEL TRATAMIENTO<\/h3>\n<p data-start=\"3378\" data-end=\"3610\">El Responsable del Tratamiento de Datos es aquella persona f\u00edsica o jur\u00eddica que, de manera individual o conjunta, determina los fines y medios del tratamiento de datos personales. En este caso, la identidad y datos de contacto son:<\/p>\n<ul data-start=\"3612\" data-end=\"3782\">\n<li data-start=\"3612\" data-end=\"3654\"><strong data-start=\"3614\" data-end=\"3630\">Responsable:<\/strong> Guillem Garcia Cabedo<\/li>\n<li data-start=\"3655\" data-end=\"3677\"><strong data-start=\"3657\" data-end=\"3665\">NIF:<\/strong> 20486198Y<\/li>\n<li data-start=\"3678\" data-end=\"3751\"><strong data-start=\"3680\" data-end=\"3694\">Domicilio:<\/strong> Avenida Castell\u00f3n, 11 4D, 12110 \u2013 L\u2019Alcora (Castell\u00f3n)<\/li>\n<li data-start=\"3752\" data-end=\"3782\"><strong data-start=\"3754\" data-end=\"3764\">Email:<\/strong> <a rel=\"noopener\" data-start=\"3765\" data-end=\"3782\">info@grafitech.es<\/a><\/li>\n<\/ul>\n<hr data-start=\"3784\" data-end=\"3787\" \/>\n<h3 data-start=\"3789\" data-end=\"3825\">4. LEYES Y NORMATIVAS APLICABLES<\/h3>\n<p data-start=\"3827\" data-end=\"3887\">Esta Pol\u00edtica se rige por las siguientes normativas y leyes:<\/p>\n<ul data-start=\"3889\" data-end=\"4300\">\n<li data-start=\"3889\" data-end=\"4059\"><strong data-start=\"3891\" data-end=\"3926\">Reglamento (UE) 2016\/679 (RGPD)<\/strong> del Parlamento Europeo y del Consejo, relativo a la protecci\u00f3n de las personas f\u00edsicas en lo que respecta al tratamiento de datos.<\/li>\n<li data-start=\"4060\" data-end=\"4179\"><strong data-start=\"4062\" data-end=\"4085\">Ley Org\u00e1nica 3\/2018<\/strong>, de 5 de diciembre, de Protecci\u00f3n de Datos Personales y Garant\u00eda de los Derechos Digitales.<\/li>\n<li data-start=\"4180\" data-end=\"4300\"><strong data-start=\"4182\" data-end=\"4197\">Ley 34\/2002<\/strong>, de 11 de julio, de los Servicios de la Sociedad de la Informaci\u00f3n y el Comercio Electr\u00f3nico (LSSICE).<\/li>\n<\/ul>\n<hr data-start=\"4302\" data-end=\"4305\" \/>\n<h3 data-start=\"4307\" data-end=\"4370\">5. PRINCIPIOS APLICABLES AL TRATAMIENTO DE DATOS PERSONALES<\/h3>\n<p data-start=\"4372\" data-end=\"4490\">Los datos personales recogidos a trav\u00e9s de este sitio web ser\u00e1n tratados de conformidad con los siguientes principios:<\/p>\n<ul data-start=\"4492\" data-end=\"5484\">\n<li data-start=\"4492\" data-end=\"4650\"><strong data-start=\"4494\" data-end=\"4531\">Licitud, lealtad y transparencia:<\/strong> El tratamiento se realizar\u00e1 de manera l\u00edcita, informando claramente al usuario sobre la recogida y uso de sus datos.<\/li>\n<li data-start=\"4651\" data-end=\"4810\"><strong data-start=\"4653\" data-end=\"4684\">Limitaci\u00f3n de la finalidad:<\/strong> Los datos se recoger\u00e1n para fines determinados, expl\u00edcitos y leg\u00edtimos, sin tratarse de manera incompatible posteriormente.<\/li>\n<li data-start=\"4811\" data-end=\"4933\"><strong data-start=\"4813\" data-end=\"4839\">Minimizaci\u00f3n de datos:<\/strong> Solo se tratar\u00e1n los datos adecuados, pertinentes y limitados a lo estrictamente necesario.<\/li>\n<li data-start=\"4934\" data-end=\"5036\"><strong data-start=\"4936\" data-end=\"4950\">Exactitud:<\/strong> Se garantizar\u00e1 que los datos sean correctos y se actualizar\u00e1n cuando sea necesario.<\/li>\n<li data-start=\"5037\" data-end=\"5190\"><strong data-start=\"5039\" data-end=\"5080\">Limitaci\u00f3n del plazo de conservaci\u00f3n:<\/strong> Los datos se conservar\u00e1n solo durante el tiempo necesario para cumplir con las finalidades del tratamiento.<\/li>\n<li data-start=\"5191\" data-end=\"5366\"><strong data-start=\"5193\" data-end=\"5227\">Integridad y confidencialidad:<\/strong> Se implementar\u00e1n medidas t\u00e9cnicas y organizativas adecuadas para proteger los datos contra accesos no autorizados, p\u00e9rdida o alteraci\u00f3n.<\/li>\n<li data-start=\"5367\" data-end=\"5484\"><strong data-start=\"5369\" data-end=\"5399\">Responsabilidad proactiva:<\/strong> Grafitech ser\u00e1 responsable del cumplimiento de estos principios y podr\u00e1 demostrarlo.<\/li>\n<\/ul>\n<hr data-start=\"5486\" data-end=\"5489\" \/>\n<h3 data-start=\"5491\" data-end=\"5544\">6. ACTIVIDADES DE TRATAMIENTO DE DATOS REALIZADAS<\/h3>\n<p data-start=\"5546\" data-end=\"5731\">A continuaci\u00f3n se describen, de forma general, las principales actividades de tratamiento de datos llevadas a cabo mediante el sitio web de Grafitech. Para cada actividad se especifica:<\/p>\n<ul data-start=\"5733\" data-end=\"6299\">\n<li data-start=\"5733\" data-end=\"5790\"><strong data-start=\"5735\" data-end=\"5749\">Actividad:<\/strong> Nombre de la actividad de tratamiento.<\/li>\n<li data-start=\"5791\" data-end=\"5856\"><strong data-start=\"5793\" data-end=\"5809\">Finalidades:<\/strong> Uso o tratamientos realizados con los datos.<\/li>\n<li data-start=\"5857\" data-end=\"5925\"><strong data-start=\"5859\" data-end=\"5874\">Base legal:<\/strong> Fundamento jur\u00eddico que legitima el tratamiento.<\/li>\n<li data-start=\"5926\" data-end=\"5979\"><strong data-start=\"5928\" data-end=\"5947\">Datos tratados:<\/strong> Tipolog\u00eda de datos recogidos.<\/li>\n<li data-start=\"5980\" data-end=\"6057\"><strong data-start=\"5982\" data-end=\"5998\">Procedencia:<\/strong> Origen de los datos (normalmente, el propio interesado).<\/li>\n<li data-start=\"6058\" data-end=\"6129\"><strong data-start=\"6060\" data-end=\"6077\">Conservaci\u00f3n:<\/strong> Periodo durante el cual se conservar\u00e1n los datos.<\/li>\n<li data-start=\"6130\" data-end=\"6202\"><strong data-start=\"6132\" data-end=\"6150\">Destinatarios:<\/strong> Terceros a quienes se puedan facilitar los datos.<\/li>\n<li data-start=\"6203\" data-end=\"6299\"><strong data-start=\"6205\" data-end=\"6240\">Transferencias internacionales:<\/strong> Si procede, los env\u00edos de datos fuera de la Uni\u00f3n Europea.<\/li>\n<\/ul>\n<h4 data-start=\"6301\" data-end=\"6348\">6.1 ACTIVIDADES DE TRATAMIENTO PRINCIPALES<\/h4>\n<ul data-start=\"6350\" data-end=\"7619\">\n<li data-start=\"6350\" data-end=\"7008\">\n<p data-start=\"6352\" data-end=\"6391\"><strong data-start=\"6352\" data-end=\"6389\">Gesti\u00f3n de clientes y solicitudes<\/strong><\/p>\n<ul data-start=\"6394\" data-end=\"7008\">\n<li data-start=\"6394\" data-end=\"6477\"><strong data-start=\"6396\" data-end=\"6416\">Bases jur\u00eddicas:<\/strong> Existencia de una relaci\u00f3n contractual o inter\u00e9s leg\u00edtimo.<\/li>\n<li data-start=\"6480\" data-end=\"6571\"><strong data-start=\"6482\" data-end=\"6498\">Finalidades:<\/strong> Gesti\u00f3n de consultas, soporte, y env\u00edo de informaci\u00f3n sobre servicios.<\/li>\n<li data-start=\"6574\" data-end=\"6661\"><strong data-start=\"6576\" data-end=\"6600\">Categor\u00edas de datos:<\/strong> Datos identificativos y de contacto (nombre, email, etc.).<\/li>\n<li data-start=\"6664\" data-end=\"6751\"><strong data-start=\"6666\" data-end=\"6682\">Procedencia:<\/strong> Directamente del interesado a trav\u00e9s del formulario del sitio web.<\/li>\n<li data-start=\"6754\" data-end=\"6852\"><strong data-start=\"6756\" data-end=\"6774\">Destinatarios:<\/strong> Posibles proveedores de servicios (por ejemplo, hosting o soporte t\u00e9cnico).<\/li>\n<li data-start=\"6855\" data-end=\"6908\"><strong data-start=\"6857\" data-end=\"6892\">Transferencias internacionales:<\/strong> No previstas.<\/li>\n<li data-start=\"6911\" data-end=\"7008\"><strong data-start=\"6913\" data-end=\"6939\">Plazo de conservaci\u00f3n:<\/strong> Hasta 5 a\u00f1os desde la \u00faltima interacci\u00f3n, salvo requerimiento legal.<\/li>\n<\/ul>\n<\/li>\n<li data-start=\"7010\" data-end=\"7619\">\n<p data-start=\"7012\" data-end=\"7050\"><strong data-start=\"7012\" data-end=\"7048\">Consultas a trav\u00e9s del sitio web<\/strong><\/p>\n<ul data-start=\"7053\" data-end=\"7619\">\n<li data-start=\"7053\" data-end=\"7126\"><strong data-start=\"7055\" data-end=\"7075\">Bases jur\u00eddicas:<\/strong> Consentimiento del interesado (Art. 6.1.a RGPD).<\/li>\n<li data-start=\"7129\" data-end=\"7218\"><strong data-start=\"7131\" data-end=\"7147\">Finalidades:<\/strong> Responder a consultas realizadas mediante el formulario de contacto.<\/li>\n<li data-start=\"7221\" data-end=\"7329\"><strong data-start=\"7223\" data-end=\"7247\">Categor\u00edas de datos:<\/strong> Datos identificativos, direcci\u00f3n de correo electr\u00f3nico y contenido del mensaje.<\/li>\n<li data-start=\"7332\" data-end=\"7381\"><strong data-start=\"7334\" data-end=\"7350\">Procedencia:<\/strong> Directamente del interesado.<\/li>\n<li data-start=\"7384\" data-end=\"7484\"><strong data-start=\"7386\" data-end=\"7404\">Destinatarios:<\/strong> No previstos, salvo en los casos de requerimiento para gestionar la consulta.<\/li>\n<li data-start=\"7487\" data-end=\"7540\"><strong data-start=\"7489\" data-end=\"7524\">Transferencias internacionales:<\/strong> No previstas.<\/li>\n<li data-start=\"7543\" data-end=\"7619\"><strong data-start=\"7545\" data-end=\"7571\">Plazo de conservaci\u00f3n:<\/strong> 2 a\u00f1os desde la \u00faltima confirmaci\u00f3n de inter\u00e9s.<\/li>\n<\/ul>\n<\/li>\n<\/ul>\n<h4 data-start=\"7621\" data-end=\"7667\">6.2 ACTIVIDADES DE TRATAMIENTO OPCIONALES<\/h4>\n<ul data-start=\"7669\" data-end=\"8226\">\n<li data-start=\"7669\" data-end=\"8226\"><strong data-start=\"7671\" data-end=\"7704\">Interacci\u00f3n en redes sociales<\/strong>\n<ul data-start=\"7709\" data-end=\"8226\">\n<li data-start=\"7709\" data-end=\"7764\"><strong data-start=\"7711\" data-end=\"7731\">Bases jur\u00eddicas:<\/strong> Consentimiento del interesado.<\/li>\n<li data-start=\"7767\" data-end=\"7869\"><strong data-start=\"7769\" data-end=\"7785\">Finalidades:<\/strong> Compartir informaci\u00f3n y contenidos de Grafitech a trav\u00e9s de plataformas sociales.<\/li>\n<li data-start=\"7872\" data-end=\"7952\"><strong data-start=\"7874\" data-end=\"7898\">Categor\u00edas de datos:<\/strong> Datos identificativos en funci\u00f3n de la interacci\u00f3n.<\/li>\n<li data-start=\"7955\" data-end=\"8004\"><strong data-start=\"7957\" data-end=\"7973\">Procedencia:<\/strong> Directamente del interesado.<\/li>\n<li data-start=\"8007\" data-end=\"8083\"><strong data-start=\"8009\" data-end=\"8027\">Destinatarios:<\/strong> Entidades prestadoras de servicios de redes sociales.<\/li>\n<li data-start=\"8086\" data-end=\"8139\"><strong data-start=\"8088\" data-end=\"8123\">Transferencias internacionales:<\/strong> No previstas.<\/li>\n<li data-start=\"8142\" data-end=\"8226\"><strong data-start=\"8144\" data-end=\"8170\">Plazo de conservaci\u00f3n:<\/strong> Mientras no se solicite su supresi\u00f3n por el interesado.<\/li>\n<\/ul>\n<\/li>\n<\/ul>\n<hr data-start=\"8228\" data-end=\"8231\" \/>\n<h3 data-start=\"8233\" data-end=\"8275\">7. INFORMACI\u00d3N NECESARIA Y ACTUALIZADA<\/h3>\n<p data-start=\"8277\" data-end=\"8674\">Todos los campos se\u00f1alados con un asterisco (*) en los formularios del sitio web son de cumplimentaci\u00f3n obligatoria. La omisi\u00f3n de alguno de ellos podr\u00eda impedir que Grafitech facilite los servicios o la informaci\u00f3n solicitada. El interesado se compromete a proporcionar informaci\u00f3n ver\u00eddica y a mantenerla actualizada, comunicando cualquier modificaci\u00f3n a trav\u00e9s del correo <strong data-start=\"8652\" data-end=\"8673\"><a rel=\"noopener\" data-start=\"8654\" data-end=\"8671\">info@grafitech.es<\/a><\/strong>.<\/p>\n<hr data-start=\"8676\" data-end=\"8679\" \/>\n<h3 data-start=\"8681\" data-end=\"8723\">8. DATOS PERSONALES DE MENORES DE EDAD<\/h3>\n<p data-start=\"8725\" data-end=\"9199\">En cumplimiento de lo establecido en el art\u00edculo 8 del RGPD y la normativa aplicable, \u00fanicamente podr\u00e1n otorgar su consentimiento para el tratamiento de datos personales de forma directa aquellas personas mayores de 14 a\u00f1os.<br data-start=\"8949\" data-end=\"8952\" \/>Los menores de 14 a\u00f1os deber\u00e1n contar con la previa autorizaci\u00f3n de sus padres, tutores o representantes legales para utilizar los servicios disponibles en el sitio web, siendo estos \u00faltimos responsables de los actos realizados a trav\u00e9s del mismo.<\/p>\n<hr data-start=\"9201\" data-end=\"9204\" \/>\n<h3 data-start=\"9206\" data-end=\"9258\">9. MEDIDAS DE SEGURIDAD T\u00c9CNICAS Y ORGANIZATIVAS<\/h3>\n<p data-start=\"9260\" data-end=\"9484\">Grafitech adopta las medidas organizativas y t\u00e9cnicas necesarias para garantizar la seguridad y confidencialidad de los datos personales, evitando su alteraci\u00f3n, p\u00e9rdida o acceso no autorizado. Entre estas medidas destacan:<\/p>\n<ul data-start=\"9486\" data-end=\"9875\">\n<li data-start=\"9486\" data-end=\"9606\">Garantizar la confidencialidad, integridad, disponibilidad y resiliencia de los sistemas y servicios de tratamiento.<\/li>\n<li data-start=\"9607\" data-end=\"9701\">Restaurar de forma r\u00e1pida la disponibilidad y el acceso a los datos en caso de incidentes.<\/li>\n<li data-start=\"9702\" data-end=\"9770\">Revisar peri\u00f3dicamente la eficacia de las medidas implementadas.<\/li>\n<li data-start=\"9771\" data-end=\"9875\">Seudonimizar y, cuando proceda, cifrar los datos personales, especialmente los considerados sensibles.<\/li>\n<\/ul>\n<p data-start=\"9877\" data-end=\"9965\">Asimismo, Grafitech gestiona sus sistemas de informaci\u00f3n bajo los siguientes principios:<\/p>\n<ul data-start=\"9966\" data-end=\"10486\">\n<li data-start=\"9966\" data-end=\"10058\"><strong data-start=\"9968\" data-end=\"9995\">Cumplimiento normativo:<\/strong> Asegurar que los sistemas se ajusten a la normativa vigente.<\/li>\n<li data-start=\"10059\" data-end=\"10138\"><strong data-start=\"10061\" data-end=\"10084\">Gesti\u00f3n de riesgos:<\/strong> Minimizar los riesgos mediante controles adecuados.<\/li>\n<li data-start=\"10139\" data-end=\"10252\"><strong data-start=\"10141\" data-end=\"10172\">Concienciaci\u00f3n y formaci\u00f3n:<\/strong> Implementar programas de sensibilizaci\u00f3n y formaci\u00f3n en materia de seguridad.<\/li>\n<li data-start=\"10253\" data-end=\"10362\"><strong data-start=\"10255\" data-end=\"10276\">Proporcionalidad:<\/strong> Aplicar controles que sean equilibrados respecto a la naturaleza de la informaci\u00f3n.<\/li>\n<li data-start=\"10363\" data-end=\"10486\"><strong data-start=\"10365\" data-end=\"10403\">Responsabilidad y mejora continua:<\/strong> Revisar y actualizar de forma regular los controles y procedimientos de seguridad.<\/li>\n<\/ul>\n<hr data-start=\"10488\" data-end=\"10491\" \/>\n<h3 data-start=\"10493\" data-end=\"10528\">10. DERECHOS DE LOS INTERESADOS<\/h3>\n<p data-start=\"10530\" data-end=\"10641\">La normativa vigente en materia de protecci\u00f3n de datos reconoce al usuario una serie de derechos, que incluyen:<\/p>\n<ul data-start=\"10643\" data-end=\"11589\">\n<li data-start=\"10643\" data-end=\"10768\"><strong data-start=\"10645\" data-end=\"10667\">Derecho de acceso:<\/strong> Obtener confirmaci\u00f3n sobre el tratamiento de sus datos y acceder a la informaci\u00f3n correspondiente.<\/li>\n<li data-start=\"10769\" data-end=\"10860\"><strong data-start=\"10771\" data-end=\"10800\">Derecho de rectificaci\u00f3n:<\/strong> Solicitar la correcci\u00f3n de datos inexactos o incompletos.<\/li>\n<li data-start=\"10861\" data-end=\"10993\"><strong data-start=\"10863\" data-end=\"10888\">Derecho de supresi\u00f3n:<\/strong> Conocido como \u201cderecho al olvido\u201d, solicitar la eliminaci\u00f3n de sus datos cuando ya no sean necesarios.<\/li>\n<li data-start=\"10994\" data-end=\"11113\"><strong data-start=\"10996\" data-end=\"11040\">Derecho a la limitaci\u00f3n del tratamiento:<\/strong> Restringir el tratamiento de sus datos en determinadas circunstancias.<\/li>\n<li data-start=\"11114\" data-end=\"11280\"><strong data-start=\"11116\" data-end=\"11146\">Derecho a la portabilidad:<\/strong> Recibir sus datos en un formato estructurado y de uso com\u00fan para transmitirlos a otro responsable, cuando sea t\u00e9cnicamente posible.<\/li>\n<li data-start=\"11281\" data-end=\"11402\"><strong data-start=\"11283\" data-end=\"11308\">Derecho de oposici\u00f3n:<\/strong> Oponerse al tratamiento de sus datos, en particular cuando se basen en intereses leg\u00edtimos.<\/li>\n<li data-start=\"11403\" data-end=\"11489\"><strong data-start=\"11405\" data-end=\"11487\">Derecho a no ser objeto de decisiones automatizadas y elaboraci\u00f3n de perfiles.<\/strong><\/li>\n<li data-start=\"11490\" data-end=\"11589\"><strong data-start=\"11492\" data-end=\"11532\">Derecho a revocar el consentimiento:<\/strong> Retirar el consentimiento otorgado en cualquier momento.<\/li>\n<\/ul>\n<p data-start=\"11591\" data-end=\"11716\">Para ejercer estos derechos, el interesado deber\u00e1 dirigirse al Responsable del Tratamiento mediante la siguiente informaci\u00f3n:<\/p>\n<ul data-start=\"11718\" data-end=\"11865\">\n<li data-start=\"11718\" data-end=\"11760\"><strong data-start=\"11720\" data-end=\"11736\">Responsable:<\/strong> Guillem Garcia Cabedo<\/li>\n<li data-start=\"11761\" data-end=\"11834\"><strong data-start=\"11763\" data-end=\"11777\">Domicilio:<\/strong> Avenida Castell\u00f3n, 11 4D, 12110 \u2013 L\u2019Alcora (Castell\u00f3n)<\/li>\n<li data-start=\"11835\" data-end=\"11865\"><strong data-start=\"11837\" data-end=\"11847\">Email:<\/strong> <a rel=\"noopener\" data-start=\"11848\" data-end=\"11865\">info@grafitech.es<\/a><\/li>\n<\/ul>\n<hr data-start=\"11867\" data-end=\"11870\" \/>\n<h3 data-start=\"11872\" data-end=\"11922\">11. RECLAMACIONES ANTE LA AUTORIDAD DE CONTROL<\/h3>\n<p data-start=\"11924\" data-end=\"12177\">Si el usuario considera que se ha producido una vulneraci\u00f3n de la normativa de protecci\u00f3n de datos en el tratamiento de sus datos personales, podr\u00e1 presentar una reclamaci\u00f3n ante la <strong data-start=\"12106\" data-end=\"12149\">Agencia Espa\u00f1ola de Protecci\u00f3n de Datos<\/strong>. Los datos de contacto son:<\/p>\n<ul data-start=\"12179\" data-end=\"12355\">\n<li data-start=\"12179\" data-end=\"12206\"><strong data-start=\"12181\" data-end=\"12191\">Email:<\/strong> <a rel=\"noopener\" data-start=\"12192\" data-end=\"12204\">info@aepd.es<\/a><\/li>\n<li data-start=\"12207\" data-end=\"12234\"><strong data-start=\"12209\" data-end=\"12222\">Tel\u00e9fono:<\/strong> 912663517<\/li>\n<li data-start=\"12235\" data-end=\"12296\"><strong data-start=\"12237\" data-end=\"12251\">Sitio web:<\/strong> <a href=\"https:\/\/www.aepd.es\" target=\"_new\" rel=\"noopener\" data-start=\"12252\" data-end=\"12294\">https:\/\/www.aepd.es<\/a><\/li>\n<li data-start=\"12297\" data-end=\"12355\"><strong data-start=\"12299\" data-end=\"12313\">Direcci\u00f3n:<\/strong> Calle Jorge Juan, 6, 28001 Madrid, Espa\u00f1a<\/li>\n<\/ul>\n<hr data-start=\"12357\" data-end=\"12360\" \/>\n<h3 data-start=\"12362\" data-end=\"12419\">12. ACEPTACI\u00d3N Y CAMBIOS EN LA POL\u00cdTICA DE PRIVACIDAD<\/h3>\n<p data-start=\"12421\" data-end=\"13012\">El usuario del sitio web debe haber le\u00eddo y aceptado las condiciones contenidas en esta Pol\u00edtica de Privacidad para que Grafitech proceda al tratamiento de sus datos personales conforme a las finalidades y plazos indicados.<br data-start=\"12644\" data-end=\"12647\" \/>Grafitech se reserva el derecho a modificar, actualizar o complementar esta Pol\u00edtica en funci\u00f3n de cambios legislativos, jurisprudenciales o de criterios internos. Las modificaciones que afecten a finalidades, plazos de conservaci\u00f3n, cesiones o transferencias de datos, as\u00ed como a cualquier derecho del usuario, ser\u00e1n comunicadas de forma expl\u00edcita en el sitio web.<\/p>\t\t\t\t\t\t\t\t<\/div>\n\t\t\t\t<\/div>\n\t\t\t\t\t<\/div>\n\t\t\t\t<\/div>\n\t\t\t\t<\/div>\n\t\t","protected":false},"excerpt":{"rendered":"<p>POL\u00cdTICA DE PRIVACIDAD 1. OBJETIVO DE LA POL\u00cdTICA DE PRIVACIDAD La presente Pol\u00edtica de Privacidad y Protecci\u00f3n de Datos tiene como finalidad dar a conocer las condiciones que rigen la recogida y tratamiento de los datos personales por parte de Grafitech, haciendo el m\u00e1ximo esfuerzo por velar por los derechos fundamentales, el honor y las [&hellip;]<\/p>\n","protected":false},"author":1,"featured_media":0,"parent":0,"menu_order":0,"comment_status":"closed","ping_status":"open","template":"","meta":{"footnotes":""},"class_list":["post-3","page","type-page","status-publish","hentry"],"_links":{"self":[{"href":"http:\/\/lezamaasesores.com\/grafitech\/wp-json\/wp\/v2\/pages\/3","targetHints":{"allow":["GET"]}}],"collection":[{"href":"http:\/\/lezamaasesores.com\/grafitech\/wp-json\/wp\/v2\/pages"}],"about":[{"href":"http:\/\/lezamaasesores.com\/grafitech\/wp-json\/wp\/v2\/types\/page"}],"author":[{"embeddable":true,"href":"http:\/\/lezamaasesores.com\/grafitech\/wp-json\/wp\/v2\/users\/1"}],"replies":[{"embeddable":true,"href":"http:\/\/lezamaasesores.com\/grafitech\/wp-json\/wp\/v2\/comments?post=3"}],"version-history":[{"count":3,"href":"http:\/\/lezamaasesores.com\/grafitech\/wp-json\/wp\/v2\/pages\/3\/revisions"}],"predecessor-version":[{"id":444,"href":"http:\/\/lezamaasesores.com\/grafitech\/wp-json\/wp\/v2\/pages\/3\/revisions\/444"}],"wp:attachment":[{"href":"http:\/\/lezamaasesores.com\/grafitech\/wp-json\/wp\/v2\/media?parent=3"}],"curies":[{"name":"wp","href":"https:\/\/api.w.org\/{rel}","templated":true}]}}