{"id":168,"date":"2025-03-05T19:14:39","date_gmt":"2025-03-05T18:14:39","guid":{"rendered":"http:\/\/lezamaasesores.com\/grafitech\/?page_id=168"},"modified":"2025-05-12T19:42:19","modified_gmt":"2025-05-12T17:42:19","slug":"centre-d_estetica-ana-querol","status":"publish","type":"page","link":"http:\/\/lezamaasesores.com\/grafitech\/portfolio\/centre-d_estetica-ana-querol\/","title":{"rendered":"Centre d_este\u0300tica Ana Querol"},"content":{"rendered":"\t\t<div data-elementor-type=\"wp-page\" data-elementor-id=\"168\" class=\"elementor elementor-168\" data-elementor-post-type=\"page\">\n\t\t\t\t<div class=\"elementor-element elementor-element-c7d49e6 e-con-full e-flex e-con e-parent\" data-id=\"c7d49e6\" data-element_type=\"container\" data-settings=\"{&quot;background_motion_fx_mouseTrack_effect&quot;:&quot;yes&quot;,&quot;background_motion_fx_mouseTrack_speed&quot;:{&quot;unit&quot;:&quot;px&quot;,&quot;size&quot;:0.200000000000000011102230246251565404236316680908203125,&quot;sizes&quot;:[]}}\">\n\t\t<div class=\"elementor-element elementor-element-e8ebe7d e-con-full e-flex e-con e-child\" data-id=\"e8ebe7d\" data-element_type=\"container\" data-settings=\"{&quot;background_background&quot;:&quot;classic&quot;,&quot;background_motion_fx_motion_fx_scrolling&quot;:&quot;yes&quot;,&quot;background_motion_fx_translateY_effect&quot;:&quot;yes&quot;,&quot;background_motion_fx_translateY_direction&quot;:&quot;negative&quot;,&quot;background_motion_fx_translateY_speed&quot;:{&quot;unit&quot;:&quot;px&quot;,&quot;size&quot;:8.9000000000000003552713678800500929355621337890625,&quot;sizes&quot;:[]},&quot;background_motion_fx_translateY_affectedRange&quot;:{&quot;unit&quot;:&quot;%&quot;,&quot;size&quot;:&quot;&quot;,&quot;sizes&quot;:{&quot;start&quot;:0,&quot;end&quot;:100}},&quot;background_motion_fx_devices&quot;:[&quot;desktop&quot;,&quot;tablet&quot;,&quot;mobile&quot;]}\">\n\t\t\t\t<div class=\"elementor-element elementor-element-f75665c elementor-widget elementor-widget-image\" data-id=\"f75665c\" data-element_type=\"widget\" data-widget_type=\"image.default\">\n\t\t\t\t<div class=\"elementor-widget-container\">\n\t\t\t\t\t\t\t\t\t\t\t\t\t\t\t<img fetchpriority=\"high\" decoding=\"async\" width=\"512\" height=\"512\" src=\"http:\/\/lezamaasesores.com\/grafitech\/wp-content\/uploads\/2025\/03\/Logo-Grafitech-01-04.png\" class=\"attachment-full size-full wp-image-232\" alt=\"\" srcset=\"http:\/\/lezamaasesores.com\/grafitech\/wp-content\/uploads\/2025\/03\/Logo-Grafitech-01-04.png 512w, http:\/\/lezamaasesores.com\/grafitech\/wp-content\/uploads\/2025\/03\/Logo-Grafitech-01-04-300x300.png 300w, http:\/\/lezamaasesores.com\/grafitech\/wp-content\/uploads\/2025\/03\/Logo-Grafitech-01-04-150x150.png 150w\" sizes=\"(max-width: 512px) 100vw, 512px\" \/>\t\t\t\t\t\t\t\t\t\t\t\t\t\t\t<\/div>\n\t\t\t\t<\/div>\n\t\t\t\t<div class=\"elementor-element elementor-element-c4aedac elementor-widget__width-initial elementor-widget elementor-widget-text-editor\" data-id=\"c4aedac\" data-element_type=\"widget\" data-widget_type=\"text-editor.default\">\n\t\t\t\t<div class=\"elementor-widget-container\">\n\t\t\t\t\t\t\t\t\t<p>Ana Querol<\/p>\t\t\t\t\t\t\t\t<\/div>\n\t\t\t\t<\/div>\n\t\t\t\t<\/div>\n\t\t\t\t<\/div>\n\t\t<div class=\"elementor-element elementor-element-d000030 e-flex e-con-boxed e-con e-parent\" data-id=\"d000030\" data-element_type=\"container\" data-settings=\"{&quot;background_background&quot;:&quot;classic&quot;}\">\n\t\t\t\t\t<div class=\"e-con-inner\">\n\t\t<div class=\"elementor-element elementor-element-fdee6a3 e-con-full e-flex e-con e-child\" data-id=\"fdee6a3\" data-element_type=\"container\">\n\t\t\t\t<div class=\"elementor-element elementor-element-ab4c306 elementor-widget__width-initial elementor-widget elementor-widget-text-editor\" data-id=\"ab4c306\" data-element_type=\"widget\" data-widget_type=\"text-editor.default\">\n\t\t\t\t<div class=\"elementor-widget-container\">\n\t\t\t\t\t\t\t\t\t<p>Imatge corporativa<\/p>\t\t\t\t\t\t\t\t<\/div>\n\t\t\t\t<\/div>\n\t\t\t\t<div class=\"elementor-element elementor-element-e98cc3d elementor-widget elementor-widget-text-editor\" data-id=\"e98cc3d\" data-element_type=\"widget\" data-widget_type=\"text-editor.default\">\n\t\t\t\t<div class=\"elementor-widget-container\">\n\t\t\t\t\t\t\t\t\t<p>Disseny i desenvolupament de la imatge corporativa per a Ana Querol &#8211; Centre d\u2019est\u00e8tica i massatges, <strong>incloent-hi la creaci\u00f3 de targetes de visita, fullets promocionals i vinils personalitzats<\/strong> per a l&#8217;aparador. Un treball pensat per refor\u00e7ar la identitat visual de la marca i millorar la seua pres\u00e8ncia tant en format impr\u00e9s com en espais f\u00edsics.<\/p>\t\t\t\t\t\t\t\t<\/div>\n\t\t\t\t<\/div>\n\t\t\t\t<\/div>\n\t\t<div class=\"elementor-element elementor-element-8d8fffc e-con-full e-flex e-con e-child\" data-id=\"8d8fffc\" data-element_type=\"container\">\n\t\t\t\t<div class=\"elementor-element elementor-element-918f360 elementor-widget elementor-widget-text-editor\" data-id=\"918f360\" data-element_type=\"widget\" data-widget_type=\"text-editor.default\">\n\t\t\t\t<div class=\"elementor-widget-container\">\n\t\t\t\t\t\t\t\t\t<p><strong>Client:<\/strong><\/p><p>Ana Querol &#8211; Centre d\u2019est\u00e8tica i massatges<\/p><p><strong>Any:<\/strong><\/p><p>2024<\/p><p><strong>Servei:<\/strong><\/p><p>Imatge corporativa<\/p>\t\t\t\t\t\t\t\t<\/div>\n\t\t\t\t<\/div>\n\t\t\t\t<\/div>\n\t\t\t\t\t<\/div>\n\t\t\t\t<\/div>\n\t\t<div class=\"elementor-element elementor-element-541a711 elementor-hidden-desktop elementor-hidden-tablet elementor-hidden-mobile e-flex e-con-boxed e-con e-parent\" data-id=\"541a711\" data-element_type=\"container\" data-settings=\"{&quot;background_background&quot;:&quot;classic&quot;}\">\n\t\t\t\t\t<div class=\"e-con-inner\">\n\t\t<div class=\"elementor-element elementor-element-5b2a8a8 e-con-full e-flex e-con e-child\" data-id=\"5b2a8a8\" data-element_type=\"container\">\n\t\t\t\t<div class=\"elementor-element elementor-element-745837b elementor-widget elementor-widget-image\" data-id=\"745837b\" data-element_type=\"widget\" data-widget_type=\"image.default\">\n\t\t\t\t<div class=\"elementor-widget-container\">\n\t\t\t\t\t\t\t\t\t\t\t\t\t\t\t<img decoding=\"async\" width=\"669\" height=\"1000\" src=\"http:\/\/lezamaasesores.com\/grafitech\/wp-content\/uploads\/2025\/03\/a_1.jpg\" class=\"attachment-full size-full wp-image-543\" alt=\"\" srcset=\"http:\/\/lezamaasesores.com\/grafitech\/wp-content\/uploads\/2025\/03\/a_1.jpg 669w, http:\/\/lezamaasesores.com\/grafitech\/wp-content\/uploads\/2025\/03\/a_1-201x300.jpg 201w\" sizes=\"(max-width: 669px) 100vw, 669px\" \/>\t\t\t\t\t\t\t\t\t\t\t\t\t\t\t<\/div>\n\t\t\t\t<\/div>\n\t\t\t\t<div class=\"elementor-element elementor-element-deec060 elementor-widget elementor-widget-text-editor\" data-id=\"deec060\" data-element_type=\"widget\" data-widget_type=\"text-editor.default\">\n\t\t\t\t<div class=\"elementor-widget-container\">\n\t\t\t\t\t\t\t\t\t<p><strong>Client:<\/strong><\/p><p>Ana Querol &#8211; Centre d\u2019est\u00e8tica i massatges<\/p>\t\t\t\t\t\t\t\t<\/div>\n\t\t\t\t<\/div>\n\t\t\t\t<\/div>\n\t\t<div class=\"elementor-element elementor-element-cae0bc6 e-con-full e-flex e-con e-child\" data-id=\"cae0bc6\" data-element_type=\"container\">\n\t\t\t\t<div class=\"elementor-element elementor-element-f124d06 elementor-widget elementor-widget-image\" data-id=\"f124d06\" data-element_type=\"widget\" data-widget_type=\"image.default\">\n\t\t\t\t<div class=\"elementor-widget-container\">\n\t\t\t\t\t\t\t\t\t\t\t\t\t\t\t<img decoding=\"async\" width=\"910\" height=\"612\" src=\"http:\/\/lezamaasesores.com\/grafitech\/wp-content\/uploads\/2025\/03\/a_2.jpg\" class=\"attachment-full size-full wp-image-545\" alt=\"\" srcset=\"http:\/\/lezamaasesores.com\/grafitech\/wp-content\/uploads\/2025\/03\/a_2.jpg 910w, http:\/\/lezamaasesores.com\/grafitech\/wp-content\/uploads\/2025\/03\/a_2-300x202.jpg 300w, http:\/\/lezamaasesores.com\/grafitech\/wp-content\/uploads\/2025\/03\/a_2-768x517.jpg 768w\" sizes=\"(max-width: 910px) 100vw, 910px\" \/>\t\t\t\t\t\t\t\t\t\t\t\t\t\t\t<\/div>\n\t\t\t\t<\/div>\n\t\t\t\t<div class=\"elementor-element elementor-element-533bdad elementor-widget elementor-widget-text-editor\" data-id=\"533bdad\" data-element_type=\"widget\" data-widget_type=\"text-editor.default\">\n\t\t\t\t<div class=\"elementor-widget-container\">\n\t\t\t\t\t\t\t\t\t<p><strong>Client:<\/strong><\/p><p>Ana Querol &#8211; Centre d\u2019est\u00e8tica i massatges<\/p>\t\t\t\t\t\t\t\t<\/div>\n\t\t\t\t<\/div>\n\t\t\t\t<\/div>\n\t\t\t\t\t<\/div>\n\t\t\t\t<\/div>\n\t\t<div class=\"elementor-element elementor-element-f0df312 elementor-hidden-desktop elementor-hidden-tablet elementor-hidden-mobile e-flex e-con-boxed e-con e-parent\" data-id=\"f0df312\" data-element_type=\"container\" data-settings=\"{&quot;background_background&quot;:&quot;classic&quot;}\">\n\t\t\t\t\t<div class=\"e-con-inner\">\n\t\t<div class=\"elementor-element elementor-element-3179205 e-con-full e-flex e-con e-child\" data-id=\"3179205\" data-element_type=\"container\">\n\t\t\t\t<div class=\"elementor-element elementor-element-e97298e elementor-widget elementor-widget-image\" data-id=\"e97298e\" data-element_type=\"widget\" data-widget_type=\"image.default\">\n\t\t\t\t<div class=\"elementor-widget-container\">\n\t\t\t\t\t\t\t\t\t\t\t\t\t\t\t<img loading=\"lazy\" decoding=\"async\" width=\"910\" height=\"612\" src=\"http:\/\/lezamaasesores.com\/grafitech\/wp-content\/uploads\/2025\/03\/a_3.jpg\" class=\"attachment-full size-full wp-image-550\" alt=\"\" srcset=\"http:\/\/lezamaasesores.com\/grafitech\/wp-content\/uploads\/2025\/03\/a_3.jpg 910w, http:\/\/lezamaasesores.com\/grafitech\/wp-content\/uploads\/2025\/03\/a_3-300x202.jpg 300w, http:\/\/lezamaasesores.com\/grafitech\/wp-content\/uploads\/2025\/03\/a_3-768x517.jpg 768w\" sizes=\"(max-width: 910px) 100vw, 910px\" \/>\t\t\t\t\t\t\t\t\t\t\t\t\t\t\t<\/div>\n\t\t\t\t<\/div>\n\t\t\t\t<div class=\"elementor-element elementor-element-8ac38e2 elementor-widget elementor-widget-text-editor\" data-id=\"8ac38e2\" data-element_type=\"widget\" data-widget_type=\"text-editor.default\">\n\t\t\t\t<div class=\"elementor-widget-container\">\n\t\t\t\t\t\t\t\t\t<p><strong>Client:<\/strong><\/p><p>Ana Querol &#8211; Centre d\u2019est\u00e8tica i massatges<\/p>\t\t\t\t\t\t\t\t<\/div>\n\t\t\t\t<\/div>\n\t\t\t\t<\/div>\n\t\t<div class=\"elementor-element elementor-element-38cb70a e-con-full e-flex e-con e-child\" data-id=\"38cb70a\" data-element_type=\"container\">\n\t\t\t\t<div class=\"elementor-element elementor-element-3d74e50 elementor-widget elementor-widget-image\" data-id=\"3d74e50\" data-element_type=\"widget\" data-widget_type=\"image.default\">\n\t\t\t\t<div class=\"elementor-widget-container\">\n\t\t\t\t\t\t\t\t\t\t\t\t\t\t\t<img loading=\"lazy\" decoding=\"async\" width=\"669\" height=\"1000\" src=\"http:\/\/lezamaasesores.com\/grafitech\/wp-content\/uploads\/2025\/03\/a5.jpg\" class=\"attachment-full size-full wp-image-551\" alt=\"\" srcset=\"http:\/\/lezamaasesores.com\/grafitech\/wp-content\/uploads\/2025\/03\/a5.jpg 669w, http:\/\/lezamaasesores.com\/grafitech\/wp-content\/uploads\/2025\/03\/a5-201x300.jpg 201w\" sizes=\"(max-width: 669px) 100vw, 669px\" \/>\t\t\t\t\t\t\t\t\t\t\t\t\t\t\t<\/div>\n\t\t\t\t<\/div>\n\t\t\t\t<div class=\"elementor-element elementor-element-ac2df29 elementor-widget elementor-widget-text-editor\" data-id=\"ac2df29\" data-element_type=\"widget\" data-widget_type=\"text-editor.default\">\n\t\t\t\t<div class=\"elementor-widget-container\">\n\t\t\t\t\t\t\t\t\t<p><strong>Client:<\/strong><\/p><p>Ana Querol &#8211; Centre d\u2019est\u00e8tica i massatges<\/p>\t\t\t\t\t\t\t\t<\/div>\n\t\t\t\t<\/div>\n\t\t\t\t<\/div>\n\t\t\t\t\t<\/div>\n\t\t\t\t<\/div>\n\t\t<div class=\"elementor-element elementor-element-0f12f61 e-flex e-con-boxed e-con e-parent\" data-id=\"0f12f61\" data-element_type=\"container\" data-settings=\"{&quot;background_background&quot;:&quot;classic&quot;}\">\n\t\t\t\t\t<div class=\"e-con-inner\">\n\t\t\t\t<div class=\"elementor-element elementor-element-90f252f elementor-widget elementor-widget-elementskit-gallery\" data-id=\"90f252f\" data-element_type=\"widget\" data-settings=\"{&quot;ekit_gallery_columns&quot;:&quot;2&quot;,&quot;ekit_gallery_columns_tablet&quot;:&quot;2&quot;,&quot;ekit_gallery_columns_mobile&quot;:&quot;1&quot;}\" data-widget_type=\"elementskit-gallery.default\">\n\t\t\t\t<div class=\"elementor-widget-container\">\n\t\t\t\t\t<div class=\"ekit-wid-con\" >                \t\t<div class=\"ekit_gallery_grid_wraper\"><div id=\"ekit_gallery_90f252f\" class=\"ekit_gallery_grid\" data-tilt-config=\"{&quot;disableAxis&quot;:null,&quot;easing&quot;:&quot;cubic-bezier(.03, .98, .52, .99)&quot;,&quot;glare&quot;:false,&quot;transition&quot;:true}\" data-masonry-config=\"{&quot;itemSelector&quot;:&quot;.ekit_gallery_grid_item&quot;}\">                \t\t\t\t\t\t\t<div class=\"ekit_gallery_grid_item ekit_gallery__filter- \">\n\t\t\t\t\t\t\t\t<div class=\"elementskit-single-portfolio-item \"\n\t\t\t\t\t\t\t\t\t\t\t\t\t\t\t\t>\n\t\t\t\t\t\t\t\t\t<div class=\"elementskit-portfolio-thumb\"\n\t\t\t\t\t\t\t\t\t\t\t\t\t\t\t\t\t\t>\n\t\t\t\t\t\t\t\t\t<img decoding=\"async\" class=\"elementskit-grid__img\" src=\"http:\/\/lezamaasesores.com\/grafitech\/wp-content\/uploads\/2025\/03\/a_1.jpg\" alt=\"gallery grid image\"\/>\n\t\t\t\t\t\t\t\t\t<\/div>\n\t\t\t\t\t\t\t\t\t<div class=\"elementskit-hover-area\">\n\t\t\t\t\t\t\t\t\t\t<div class=\"elementskit-hover-content ekit_vertical_alignment_center\">\n\t\t\t\t\t\t\t\t\t\t\t\t\t\t\t\t\t\t\t\t\t\t\t\t\t\t\t\t\t\t\t\t\t\t\t\t\t\t\t\t\t\t\t\t\t\t\t\t\t\t\t\t\t\t\t<div class=\"elementskit-gallery-popup-icon-wraper\">\n\t\t\t\t\t\t\t\t\t\t\t\t<a href=\"http:\/\/lezamaasesores.com\/grafitech\/wp-content\/uploads\/2025\/03\/a_1.jpg\" data-effect=\"mfp-zoom-in\"\n\t\t\t\t\t\t\t\t\t\t\t\tclass=\"elementskit-gallery-icon elementor-clickable\" aria-label=\"mfp-zoom-in\"\n\t\t\t\t\t\t\t\t\t\t\t\t\t\t\t\t\t\t\t\t\t\t\t\t\tdata-elementor-lightbox-slideshow=\"90f252f\"\n\t\t\t\t\t\t\t\t\t\t\t\t\t\t\t\t\t\t\t\t\t\t\t\t\t>\n\n\t\t\t\t\t\t\t\t\t\t\t\t\t<i aria-hidden=\"true\" class=\"icon icon-plus-circle\"><\/i>\n\t\t\t\t\t\t\t\t\t\t\t\t<\/a>\n\t\t\t\t\t\t\t\t\t\t\t<\/div>\n\t\t\t\t\t\t\t\t\t\t\t\t\t\t\t\t\t\t\t\t\t<\/div>\n\t\t\t\t\t\t\t\t\t<\/div><!-- .elementskit-hover-area END -->\n\t\t\t\t\t\t\t\t\t\t\t\t\t\t\t\t\t\t<div class=\"ekit-gallery-image-overlay\"><\/div>\n\t\t\t\t\t\t\t\t\t\t\t\t\t\t\t\t\t<\/div><!-- .elementskit-single-portfolio-item END -->\n\t\t\t\t\t\t\t<\/div>\n\n\t\t\t\t\t\t\t\t\t\t\t\t\t<div class=\"ekit_gallery_grid_item ekit_gallery__filter- \">\n\t\t\t\t\t\t\t\t<div class=\"elementskit-single-portfolio-item \"\n\t\t\t\t\t\t\t\t\t\t\t\t\t\t\t\t>\n\t\t\t\t\t\t\t\t\t<div class=\"elementskit-portfolio-thumb\"\n\t\t\t\t\t\t\t\t\t\t\t\t\t\t\t\t\t\t>\n\t\t\t\t\t\t\t\t\t<img decoding=\"async\" class=\"elementskit-grid__img\" src=\"http:\/\/lezamaasesores.com\/grafitech\/wp-content\/uploads\/2025\/03\/a_2.jpg\" alt=\"gallery grid image\"\/>\n\t\t\t\t\t\t\t\t\t<\/div>\n\t\t\t\t\t\t\t\t\t<div class=\"elementskit-hover-area\">\n\t\t\t\t\t\t\t\t\t\t<div class=\"elementskit-hover-content ekit_vertical_alignment_center\">\n\t\t\t\t\t\t\t\t\t\t\t\t\t\t\t\t\t\t\t\t\t\t\t\t\t\t\t\t\t\t\t\t\t\t\t\t\t\t\t\t\t\t\t\t\t\t\t\t\t\t\t\t\t\t\t<div class=\"elementskit-gallery-popup-icon-wraper\">\n\t\t\t\t\t\t\t\t\t\t\t\t<a href=\"http:\/\/lezamaasesores.com\/grafitech\/wp-content\/uploads\/2025\/03\/a_2.jpg\" data-effect=\"mfp-zoom-in\"\n\t\t\t\t\t\t\t\t\t\t\t\tclass=\"elementskit-gallery-icon elementor-clickable\" aria-label=\"mfp-zoom-in\"\n\t\t\t\t\t\t\t\t\t\t\t\t\t\t\t\t\t\t\t\t\t\t\t\t\tdata-elementor-lightbox-slideshow=\"90f252f\"\n\t\t\t\t\t\t\t\t\t\t\t\t\t\t\t\t\t\t\t\t\t\t\t\t\t>\n\n\t\t\t\t\t\t\t\t\t\t\t\t\t<i aria-hidden=\"true\" class=\"icon icon-plus-circle\"><\/i>\n\t\t\t\t\t\t\t\t\t\t\t\t<\/a>\n\t\t\t\t\t\t\t\t\t\t\t<\/div>\n\t\t\t\t\t\t\t\t\t\t\t\t\t\t\t\t\t\t\t\t\t<\/div>\n\t\t\t\t\t\t\t\t\t<\/div><!-- .elementskit-hover-area END -->\n\t\t\t\t\t\t\t\t\t\t\t\t\t\t\t\t\t\t<div class=\"ekit-gallery-image-overlay\"><\/div>\n\t\t\t\t\t\t\t\t\t\t\t\t\t\t\t\t\t<\/div><!-- .elementskit-single-portfolio-item END -->\n\t\t\t\t\t\t\t<\/div>\n\n\t\t\t\t\t\t\t\t\t\t\t\t\t<div class=\"ekit_gallery_grid_item ekit_gallery__filter- \">\n\t\t\t\t\t\t\t\t<div class=\"elementskit-single-portfolio-item \"\n\t\t\t\t\t\t\t\t\t\t\t\t\t\t\t\t>\n\t\t\t\t\t\t\t\t\t<div class=\"elementskit-portfolio-thumb\"\n\t\t\t\t\t\t\t\t\t\t\t\t\t\t\t\t\t\t>\n\t\t\t\t\t\t\t\t\t<img decoding=\"async\" class=\"elementskit-grid__img\" src=\"http:\/\/lezamaasesores.com\/grafitech\/wp-content\/uploads\/2025\/03\/a_3.jpg\" alt=\"gallery grid image\"\/>\n\t\t\t\t\t\t\t\t\t<\/div>\n\t\t\t\t\t\t\t\t\t<div class=\"elementskit-hover-area\">\n\t\t\t\t\t\t\t\t\t\t<div class=\"elementskit-hover-content ekit_vertical_alignment_center\">\n\t\t\t\t\t\t\t\t\t\t\t\t\t\t\t\t\t\t\t\t\t\t\t\t\t\t\t\t\t\t\t\t\t\t\t\t\t\t\t\t\t\t\t\t\t\t\t\t\t\t\t\t\t\t\t<div class=\"elementskit-gallery-popup-icon-wraper\">\n\t\t\t\t\t\t\t\t\t\t\t\t<a href=\"http:\/\/lezamaasesores.com\/grafitech\/wp-content\/uploads\/2025\/03\/a_3.jpg\" data-effect=\"mfp-zoom-in\"\n\t\t\t\t\t\t\t\t\t\t\t\tclass=\"elementskit-gallery-icon elementor-clickable\" aria-label=\"mfp-zoom-in\"\n\t\t\t\t\t\t\t\t\t\t\t\t\t\t\t\t\t\t\t\t\t\t\t\t\tdata-elementor-lightbox-slideshow=\"90f252f\"\n\t\t\t\t\t\t\t\t\t\t\t\t\t\t\t\t\t\t\t\t\t\t\t\t\t>\n\n\t\t\t\t\t\t\t\t\t\t\t\t\t<i aria-hidden=\"true\" class=\"icon icon-plus-circle\"><\/i>\n\t\t\t\t\t\t\t\t\t\t\t\t<\/a>\n\t\t\t\t\t\t\t\t\t\t\t<\/div>\n\t\t\t\t\t\t\t\t\t\t\t\t\t\t\t\t\t\t\t\t\t<\/div>\n\t\t\t\t\t\t\t\t\t<\/div><!-- .elementskit-hover-area END -->\n\t\t\t\t\t\t\t\t\t\t\t\t\t\t\t\t\t\t<div class=\"ekit-gallery-image-overlay\"><\/div>\n\t\t\t\t\t\t\t\t\t\t\t\t\t\t\t\t\t<\/div><!-- .elementskit-single-portfolio-item END -->\n\t\t\t\t\t\t\t<\/div>\n\n\t\t\t\t\t\t\t\t\t\t\t\t\t<div class=\"ekit_gallery_grid_item ekit_gallery__filter- \">\n\t\t\t\t\t\t\t\t<div class=\"elementskit-single-portfolio-item \"\n\t\t\t\t\t\t\t\t\t\t\t\t\t\t\t\t>\n\t\t\t\t\t\t\t\t\t<div class=\"elementskit-portfolio-thumb\"\n\t\t\t\t\t\t\t\t\t\t\t\t\t\t\t\t\t\t>\n\t\t\t\t\t\t\t\t\t<img decoding=\"async\" class=\"elementskit-grid__img\" src=\"http:\/\/lezamaasesores.com\/grafitech\/wp-content\/uploads\/2025\/03\/a5.jpg\" alt=\"gallery grid image\"\/>\n\t\t\t\t\t\t\t\t\t<\/div>\n\t\t\t\t\t\t\t\t\t<div class=\"elementskit-hover-area\">\n\t\t\t\t\t\t\t\t\t\t<div class=\"elementskit-hover-content ekit_vertical_alignment_center\">\n\t\t\t\t\t\t\t\t\t\t\t\t\t\t\t\t\t\t\t\t\t\t\t\t\t\t\t\t\t\t\t\t\t\t\t\t\t\t\t\t\t\t\t\t\t\t\t\t\t\t\t\t\t\t\t<div class=\"elementskit-gallery-popup-icon-wraper\">\n\t\t\t\t\t\t\t\t\t\t\t\t<a href=\"http:\/\/lezamaasesores.com\/grafitech\/wp-content\/uploads\/2025\/03\/a5.jpg\" data-effect=\"mfp-zoom-in\"\n\t\t\t\t\t\t\t\t\t\t\t\tclass=\"elementskit-gallery-icon elementor-clickable\" aria-label=\"mfp-zoom-in\"\n\t\t\t\t\t\t\t\t\t\t\t\t\t\t\t\t\t\t\t\t\t\t\t\t\tdata-elementor-lightbox-slideshow=\"90f252f\"\n\t\t\t\t\t\t\t\t\t\t\t\t\t\t\t\t\t\t\t\t\t\t\t\t\t>\n\n\t\t\t\t\t\t\t\t\t\t\t\t\t<i aria-hidden=\"true\" class=\"icon icon-plus-circle\"><\/i>\n\t\t\t\t\t\t\t\t\t\t\t\t<\/a>\n\t\t\t\t\t\t\t\t\t\t\t<\/div>\n\t\t\t\t\t\t\t\t\t\t\t\t\t\t\t\t\t\t\t\t\t<\/div>\n\t\t\t\t\t\t\t\t\t<\/div><!-- .elementskit-hover-area END -->\n\t\t\t\t\t\t\t\t\t\t\t\t\t\t\t\t\t\t<div class=\"ekit-gallery-image-overlay\"><\/div>\n\t\t\t\t\t\t\t\t\t\t\t\t\t\t\t\t\t<\/div><!-- .elementskit-single-portfolio-item END -->\n\t\t\t\t\t\t\t<\/div>\n\n\t\t\t\t\t\t<\/div><\/div><\/div>\t\t\t\t<\/div>\n\t\t\t\t<\/div>\n\t\t\t\t\t<\/div>\n\t\t\t\t<\/div>\n\t\t\t\t<\/div>\n\t\t","protected":false},"excerpt":{"rendered":"<p>Ana Querol Imatge corporativa Disseny i desenvolupament de la imatge corporativa per a Ana Querol &#8211; Centre d\u2019est\u00e8tica i massatges, incloent-hi la creaci\u00f3 de targetes de visita, fullets promocionals i vinils personalitzats per a l&#8217;aparador. Un treball pensat per refor\u00e7ar la identitat visual de la marca i millorar la seua pres\u00e8ncia tant en format impr\u00e9s [&hellip;]<\/p>\n","protected":false},"author":1,"featured_media":0,"parent":166,"menu_order":0,"comment_status":"closed","ping_status":"closed","template":"","meta":{"footnotes":""},"class_list":["post-168","page","type-page","status-publish","hentry"],"_links":{"self":[{"href":"http:\/\/lezamaasesores.com\/grafitech\/wp-json\/wp\/v2\/pages\/168","targetHints":{"allow":["GET"]}}],"collection":[{"href":"http:\/\/lezamaasesores.com\/grafitech\/wp-json\/wp\/v2\/pages"}],"about":[{"href":"http:\/\/lezamaasesores.com\/grafitech\/wp-json\/wp\/v2\/types\/page"}],"author":[{"embeddable":true,"href":"http:\/\/lezamaasesores.com\/grafitech\/wp-json\/wp\/v2\/users\/1"}],"replies":[{"embeddable":true,"href":"http:\/\/lezamaasesores.com\/grafitech\/wp-json\/wp\/v2\/comments?post=168"}],"version-history":[{"count":64,"href":"http:\/\/lezamaasesores.com\/grafitech\/wp-json\/wp\/v2\/pages\/168\/revisions"}],"predecessor-version":[{"id":1444,"href":"http:\/\/lezamaasesores.com\/grafitech\/wp-json\/wp\/v2\/pages\/168\/revisions\/1444"}],"up":[{"embeddable":true,"href":"http:\/\/lezamaasesores.com\/grafitech\/wp-json\/wp\/v2\/pages\/166"}],"wp:attachment":[{"href":"http:\/\/lezamaasesores.com\/grafitech\/wp-json\/wp\/v2\/media?parent=168"}],"curies":[{"name":"wp","href":"https:\/\/api.w.org\/{rel}","templated":true}]}}