{"id":6316,"date":"2025-05-08T12:30:49","date_gmt":"2025-05-08T10:30:49","guid":{"rendered":"http:\/\/lezamaasesores.com\/colorin\/?page_id=6316"},"modified":"2025-05-08T12:31:50","modified_gmt":"2025-05-08T10:31:50","slug":"adaptabilidad","status":"publish","type":"page","link":"http:\/\/lezamaasesores.com\/colorin\/adaptabilidad\/","title":{"rendered":"Adaptabilidad"},"content":{"rendered":"\t\t<div data-elementor-type=\"wp-page\" data-elementor-id=\"6316\" class=\"elementor elementor-6316\" data-elementor-post-type=\"page\">\n\t\t\t\t<div class=\"elementor-element elementor-element-b1c22af e-flex e-con-boxed e-con e-parent\" data-id=\"b1c22af\" data-element_type=\"container\">\n\t\t\t\t\t<div class=\"e-con-inner\">\n\t\t\t\t<div class=\"elementor-element elementor-element-e6b705a elementor-widget elementor-widget-text-editor\" data-id=\"e6b705a\" data-element_type=\"widget\" data-widget_type=\"text-editor.default\">\n\t\t\t\t<div class=\"elementor-widget-container\">\n\t\t\t\t\t\t\t\t\t<p>Accesibilidad<\/p>\t\t\t\t\t\t\t\t<\/div>\n\t\t\t\t<\/div>\n\t\t\t\t<div class=\"elementor-element elementor-element-ad1ccc0 elementor-widget elementor-widget-text-editor\" data-id=\"ad1ccc0\" data-element_type=\"widget\" data-widget_type=\"text-editor.default\">\n\t\t\t\t<div class=\"elementor-widget-container\">\n\t\t\t\t\t\t\t\t\t<p class=\"\" data-start=\"159\" data-end=\"339\">La presente declaraci\u00f3n de accesibilidad se aplica al sitio web <strong data-start=\"223\" data-end=\"251\"><a class=\"\" href=\"https:\/\/dulcecolorin.com\" target=\"_new\" rel=\"noopener\" data-start=\"225\" data-end=\"249\">https:\/\/dulcecolorin.com<\/a><\/strong> (los subdominios de este sitio web tendr\u00e1n sus propias declaraciones de accesibilidad).<\/p><hr class=\"\" data-start=\"341\" data-end=\"344\" \/><h3 class=\"\" data-start=\"346\" data-end=\"375\">Situaci\u00f3n de Cumplimiento<\/h3><p class=\"\" data-start=\"377\" data-end=\"551\">Este sitio web es <strong data-start=\"395\" data-end=\"420\">parcialmente conforme<\/strong> con el Real Decreto 1112\/2018, de 7 de septiembre, debido a la falta de conformidad en los aspectos que se indican a continuaci\u00f3n.<\/p><hr class=\"\" data-start=\"553\" data-end=\"556\" \/><h3 class=\"\" data-start=\"558\" data-end=\"584\">Contenido No Accesible<\/h3><p class=\"\" data-start=\"586\" data-end=\"671\">El contenido que se recoge a continuaci\u00f3n no es accesible por las siguientes razones:<\/p><ul data-start=\"673\" data-end=\"1518\"><li class=\"\" data-start=\"673\" data-end=\"1090\"><p class=\"\" data-start=\"675\" data-end=\"1090\"><strong data-start=\"675\" data-end=\"749\">Falta de conformidad con el Real Decreto 1112\/2018, de 7 de septiembre<\/strong>:<br data-start=\"750\" data-end=\"753\" \/>Podr\u00edan existir fallos puntuales de edici\u00f3n en algunas p\u00e1ginas web, tanto en contenidos HTML como en documentos finales, publicados despu\u00e9s del 20 de septiembre de 2018. Concretamente, pueden darse errores en documentos que contengan gr\u00e1ficos, tablas complejas o est\u00e9n firmados electr\u00f3nicamente sin revisi\u00f3n posterior de accesibilidad.<\/p><\/li><li class=\"\" data-start=\"1092\" data-end=\"1136\"><p class=\"\" data-start=\"1094\" data-end=\"1136\"><strong data-start=\"1094\" data-end=\"1120\">Carga desproporcionada<\/strong>:<br data-start=\"1121\" data-end=\"1124\" \/>No aplica.<\/p><\/li><li class=\"\" data-start=\"1138\" data-end=\"1518\"><p class=\"\" data-start=\"1140\" data-end=\"1518\"><strong data-start=\"1140\" data-end=\"1198\">Contenido fuera del \u00e1mbito de la legislaci\u00f3n aplicable<\/strong>:<br data-start=\"1199\" data-end=\"1202\" \/>Existen archivos ofim\u00e1ticos en PDF u otros formatos publicados antes del 20 de septiembre de 2018 que no cumplen en su totalidad los requisitos de accesibilidad. Tambi\u00e9n puede haber contenidos elaborados por terceros que no est\u00e9n financiados ni desarrollados por DULCE COLOR\u00cdN SOCIEDAD LIMITADA ni bajo su control.<\/p><\/li><\/ul><hr class=\"\" data-start=\"1520\" data-end=\"1523\" \/><h3 class=\"\" data-start=\"1525\" data-end=\"1584\">Preparaci\u00f3n de la Presente Declaraci\u00f3n de Accesibilidad<\/h3><ul data-start=\"1586\" data-end=\"1774\"><li class=\"\" data-start=\"1586\" data-end=\"1637\"><p class=\"\" data-start=\"1588\" data-end=\"1637\"><strong data-start=\"1588\" data-end=\"1612\">Fecha de preparaci\u00f3n<\/strong>: 10 de febrero de 2025<\/p><\/li><li class=\"\" data-start=\"1638\" data-end=\"1711\"><p class=\"\" data-start=\"1640\" data-end=\"1711\"><strong data-start=\"1640\" data-end=\"1659\">M\u00e9todo empleado<\/strong>: Autoevaluaci\u00f3n realizada por el propio organismo<\/p><\/li><li class=\"\" data-start=\"1712\" data-end=\"1774\"><p class=\"\" data-start=\"1714\" data-end=\"1774\"><strong data-start=\"1714\" data-end=\"1751\">\u00daltima revisi\u00f3n de la declaraci\u00f3n<\/strong>: 25 de febrero de 2025<\/p><\/li><\/ul><hr class=\"\" data-start=\"1776\" data-end=\"1779\" \/><h3 class=\"\" data-start=\"1781\" data-end=\"1818\">Observaciones y Datos de Contacto<\/h3><p class=\"\" data-start=\"1820\" data-end=\"1937\">Puede realizar comunicaciones sobre requisitos de accesibilidad (art. 10.2.a del Real Decreto 1112\/2018), tales como:<\/p><ul data-start=\"1939\" data-end=\"2134\"><li class=\"\" data-start=\"1939\" data-end=\"2000\"><p class=\"\" data-start=\"1941\" data-end=\"2000\">Informar sobre posibles incumplimientos de accesibilidad.<\/p><\/li><li class=\"\" data-start=\"2001\" data-end=\"2052\"><p class=\"\" data-start=\"2003\" data-end=\"2052\">Transmitir dificultades de acceso al contenido.<\/p><\/li><li class=\"\" data-start=\"2053\" data-end=\"2134\"><p class=\"\" data-start=\"2055\" data-end=\"2134\">Formular sugerencias de mejora relacionadas con la accesibilidad del sitio web.<\/p><\/li><\/ul><p class=\"\" data-start=\"2136\" data-end=\"2167\">Para ello, puede contactar con:<\/p><p class=\"\" data-start=\"2169\" data-end=\"2428\"><strong data-start=\"2169\" data-end=\"2184\">Responsable<\/strong>: DULCE COLOR\u00cdN SOCIEDAD LIMITADA<br data-start=\"2217\" data-end=\"2220\" \/><strong data-start=\"2220\" data-end=\"2233\">Direcci\u00f3n<\/strong>: Avenida de Meanes, 4, 12132 Atzeneta del Maestrat, Castell\u00f3n, Espa\u00f1a<br data-start=\"2303\" data-end=\"2306\" \/><strong data-start=\"2306\" data-end=\"2318\">Tel\u00e9fono<\/strong>: +34 692 90 80 40<br data-start=\"2336\" data-end=\"2339\" \/><strong data-start=\"2339\" data-end=\"2361\">Correo electr\u00f3nico<\/strong>: <a class=\"cursor-pointer\" rel=\"noopener\" data-start=\"2363\" data-end=\"2384\">info@dulcecolorin.com<\/a><br data-start=\"2384\" data-end=\"2387\" \/><strong data-start=\"2387\" data-end=\"2401\">P\u00e1gina web<\/strong>: <a class=\"\" href=\"https:\/\/dulcecolorin.com\/\" target=\"_new\" rel=\"noopener\" data-start=\"2403\" data-end=\"2428\">https:\/\/dulcecolorin.com\/<\/a><\/p><p class=\"\" data-start=\"2430\" data-end=\"2746\">Asimismo, podr\u00e1 solicitar informaci\u00f3n en formato accesible si alguna versi\u00f3n publicada no cumple con los requisitos de accesibilidad o si desea formular una queja por incumplimiento. Todas las solicitudes deben dirigirse a DULCE COLOR\u00cdN SOCIEDAD LIMITADA, como unidad responsable de los contenidos de este sitio web.<\/p>\t\t\t\t\t\t\t\t<\/div>\n\t\t\t\t<\/div>\n\t\t\t\t\t<\/div>\n\t\t\t\t<\/div>\n\t\t\t\t<\/div>\n\t\t","protected":false},"excerpt":{"rendered":"<p>Accesibilidad La presente declaraci\u00f3n de accesibilidad se aplica al sitio web https:\/\/dulcecolorin.com (los subdominios de este sitio web tendr\u00e1n sus propias declaraciones de accesibilidad). Situaci\u00f3n de Cumplimiento Este sitio web es parcialmente conforme con el Real Decreto 1112\/2018, de 7 de septiembre, debido a la falta de conformidad en los aspectos que se indican a [&hellip;]<\/p>\n","protected":false},"author":1,"featured_media":0,"parent":0,"menu_order":0,"comment_status":"closed","ping_status":"closed","template":"","meta":{"footnotes":""},"class_list":["post-6316","page","type-page","status-publish","hentry"],"_links":{"self":[{"href":"http:\/\/lezamaasesores.com\/colorin\/wp-json\/wp\/v2\/pages\/6316","targetHints":{"allow":["GET"]}}],"collection":[{"href":"http:\/\/lezamaasesores.com\/colorin\/wp-json\/wp\/v2\/pages"}],"about":[{"href":"http:\/\/lezamaasesores.com\/colorin\/wp-json\/wp\/v2\/types\/page"}],"author":[{"embeddable":true,"href":"http:\/\/lezamaasesores.com\/colorin\/wp-json\/wp\/v2\/users\/1"}],"replies":[{"embeddable":true,"href":"http:\/\/lezamaasesores.com\/colorin\/wp-json\/wp\/v2\/comments?post=6316"}],"version-history":[{"count":7,"href":"http:\/\/lezamaasesores.com\/colorin\/wp-json\/wp\/v2\/pages\/6316\/revisions"}],"predecessor-version":[{"id":6323,"href":"http:\/\/lezamaasesores.com\/colorin\/wp-json\/wp\/v2\/pages\/6316\/revisions\/6323"}],"wp:attachment":[{"href":"http:\/\/lezamaasesores.com\/colorin\/wp-json\/wp\/v2\/media?parent=6316"}],"curies":[{"name":"wp","href":"https:\/\/api.w.org\/{rel}","templated":true}]}}