{"id":6310,"date":"2025-05-08T12:26:19","date_gmt":"2025-05-08T10:26:19","guid":{"rendered":"http:\/\/lezamaasesores.com\/colorin\/?page_id=6310"},"modified":"2025-05-08T12:29:48","modified_gmt":"2025-05-08T10:29:48","slug":"cookies","status":"publish","type":"page","link":"http:\/\/lezamaasesores.com\/colorin\/cookies\/","title":{"rendered":"Cookies"},"content":{"rendered":"\t\t<div data-elementor-type=\"wp-page\" data-elementor-id=\"6310\" class=\"elementor elementor-6310\" data-elementor-post-type=\"page\">\n\t\t\t\t<div class=\"elementor-element elementor-element-a5c7554 e-flex e-con-boxed e-con e-parent\" data-id=\"a5c7554\" data-element_type=\"container\">\n\t\t\t\t\t<div class=\"e-con-inner\">\n\t\t\t\t<div class=\"elementor-element elementor-element-637b57b elementor-widget elementor-widget-text-editor\" data-id=\"637b57b\" data-element_type=\"widget\" data-widget_type=\"text-editor.default\">\n\t\t\t\t<div class=\"elementor-widget-container\">\n\t\t\t\t\t\t\t\t\t<p>Cookies<\/p>\t\t\t\t\t\t\t\t<\/div>\n\t\t\t\t<\/div>\n\t\t\t\t<div class=\"elementor-element elementor-element-4ff2cda elementor-widget elementor-widget-text-editor\" data-id=\"4ff2cda\" data-element_type=\"widget\" data-widget_type=\"text-editor.default\">\n\t\t\t\t<div class=\"elementor-widget-container\">\n\t\t\t\t\t\t\t\t\t<p class=\"\" data-start=\"138\" data-end=\"341\"><strong data-start=\"138\" data-end=\"341\">En cumplimiento con lo establecido en la Ley 34\/2002, de 11 de julio, de Servicios de la Sociedad de la Informaci\u00f3n y del Comercio Electr\u00f3nico (LSSICE), se informa de los siguientes aspectos legales:<\/strong><\/p><hr class=\"\" data-start=\"343\" data-end=\"346\" \/><h4 class=\"\" data-start=\"348\" data-end=\"376\">PROPIEDAD DEL SITIO WEB<\/h4><ul data-start=\"378\" data-end=\"661\"><li class=\"\" data-start=\"378\" data-end=\"430\"><p class=\"\" data-start=\"380\" data-end=\"430\"><strong data-start=\"380\" data-end=\"395\">Responsable<\/strong>: DULCE COLOR\u00cdN SOCIEDAD LIMITADA<\/p><\/li><li class=\"\" data-start=\"431\" data-end=\"470\"><p class=\"\" data-start=\"433\" data-end=\"470\"><strong data-start=\"433\" data-end=\"453\">Nombre comercial<\/strong>: Dulce Color\u00edn<\/p><\/li><li class=\"\" data-start=\"471\" data-end=\"497\"><p class=\"\" data-start=\"473\" data-end=\"497\"><strong data-start=\"473\" data-end=\"480\">CIF<\/strong>: <strong data-start=\"482\" data-end=\"495\">B72508559<\/strong><\/p><\/li><li class=\"\" data-start=\"498\" data-end=\"585\"><p class=\"\" data-start=\"500\" data-end=\"585\"><strong data-start=\"500\" data-end=\"513\">Direcci\u00f3n<\/strong>: Avenida de Meanes, 4, 12132 Atzeneta del Maestrat, Castell\u00f3n, Espa\u00f1a<\/p><\/li><li class=\"\" data-start=\"586\" data-end=\"661\"><p class=\"\" data-start=\"588\" data-end=\"661\"><strong data-start=\"588\" data-end=\"600\">Contacto<\/strong>:<br data-start=\"601\" data-end=\"604\" \/>Tel.: +34 692 90 80 40 \u2013 Email: <a class=\"cursor-pointer\" rel=\"noopener\" data-start=\"638\" data-end=\"659\">info@dulcecolorin.com<\/a><\/p><\/li><\/ul><hr class=\"\" data-start=\"663\" data-end=\"666\" \/><h3 class=\"\" data-start=\"668\" data-end=\"699\">INFORMACI\u00d3N Y TERMINOLOG\u00cdAS<\/h3><p class=\"\" data-start=\"701\" data-end=\"917\">Las cookies son peque\u00f1os archivos que los sitios web almacenan en el navegador del usuario. Son esenciales para mejorar la experiencia de navegaci\u00f3n y para el funcionamiento correcto de muchos servicios interactivos.<\/p><h4 class=\"\" data-start=\"919\" data-end=\"958\">TIPOS DE COOKIES SEG\u00daN SU DURACI\u00d3N<\/h4><ul data-start=\"960\" data-end=\"1104\"><li class=\"\" data-start=\"960\" data-end=\"1022\"><p class=\"\" data-start=\"962\" data-end=\"1022\"><strong data-start=\"962\" data-end=\"983\">Cookies de sesi\u00f3n<\/strong>: se eliminan al cerrar el navegador.<\/p><\/li><li class=\"\" data-start=\"1023\" data-end=\"1104\"><p class=\"\" data-start=\"1025\" data-end=\"1104\"><strong data-start=\"1025\" data-end=\"1049\">Cookies persistentes<\/strong>: permanecen almacenadas durante un tiempo determinado.<\/p><\/li><\/ul><h4 class=\"\" data-start=\"1106\" data-end=\"1126\">SEG\u00daN SU GESTOR<\/h4><ul data-start=\"1128\" data-end=\"1280\"><li class=\"\" data-start=\"1128\" data-end=\"1200\"><p class=\"\" data-start=\"1130\" data-end=\"1200\"><strong data-start=\"1130\" data-end=\"1149\">Cookies propias<\/strong>: gestionadas por el dominio de dulcecolorin.com.<\/p><\/li><li class=\"\" data-start=\"1201\" data-end=\"1280\"><p class=\"\" data-start=\"1203\" data-end=\"1280\"><strong data-start=\"1203\" data-end=\"1226\">Cookies de terceros<\/strong>: gestionadas por otros servicios o dominios externos.<\/p><\/li><\/ul><h4 class=\"\" data-start=\"1282\" data-end=\"1305\">SEG\u00daN SU FINALIDAD<\/h4><ul data-start=\"1307\" data-end=\"1685\"><li class=\"\" data-start=\"1307\" data-end=\"1384\"><p class=\"\" data-start=\"1309\" data-end=\"1384\"><strong data-start=\"1309\" data-end=\"1329\">Cookies t\u00e9cnicas<\/strong>: necesarias para el funcionamiento b\u00e1sico del sitio.<\/p><\/li><li class=\"\" data-start=\"1385\" data-end=\"1476\"><p class=\"\" data-start=\"1387\" data-end=\"1476\"><strong data-start=\"1387\" data-end=\"1417\">Cookies de personalizaci\u00f3n<\/strong>: permiten recordar configuraciones como idioma o moneda.<\/p><\/li><li class=\"\" data-start=\"1477\" data-end=\"1571\"><p class=\"\" data-start=\"1479\" data-end=\"1571\"><strong data-start=\"1479\" data-end=\"1502\">Cookies de an\u00e1lisis<\/strong>: recopilan datos an\u00f3nimos sobre el comportamiento de los usuarios.<\/p><\/li><li class=\"\" data-start=\"1572\" data-end=\"1685\"><p class=\"\" data-start=\"1574\" data-end=\"1685\"><strong data-start=\"1574\" data-end=\"1614\">Cookies de publicidad comportamental<\/strong>: almacenan h\u00e1bitos de navegaci\u00f3n para ofrecer anuncios personalizados.<\/p><\/li><\/ul><hr class=\"\" data-start=\"1687\" data-end=\"1690\" \/><h3 class=\"\" data-start=\"1692\" data-end=\"1717\">SERVICIOS DE TERCEROS<\/h3><p class=\"\" data-start=\"1719\" data-end=\"1844\">DULCE COLOR\u00cdN SOCIEDAD LIMITADA puede tener presencia en redes sociales y servicios de terceros que usan sus propias cookies:<\/p><ul data-start=\"1846\" data-end=\"2212\"><li class=\"\" data-start=\"1846\" data-end=\"1899\"><p class=\"\" data-start=\"1848\" data-end=\"1899\">Facebook: <a class=\"\" href=\"https:\/\/es-es.facebook.com\/help\/cookies\" target=\"_new\" rel=\"noopener\" data-start=\"1858\" data-end=\"1897\">https:\/\/es-es.facebook.com\/help\/cookies<\/a><\/p><\/li><li class=\"\" data-start=\"1900\" data-end=\"1944\"><p class=\"\" data-start=\"1902\" data-end=\"1944\">X (Twitter): <a class=\"\" href=\"https:\/\/twitter.com\/privacy\" target=\"_new\" rel=\"noopener\" data-start=\"1915\" data-end=\"1942\">https:\/\/twitter.com\/privacy<\/a><\/p><\/li><li class=\"\" data-start=\"1945\" data-end=\"2018\"><p class=\"\" data-start=\"1947\" data-end=\"2018\">YouTube: <a class=\"\" href=\"https:\/\/www.google.es\/intl\/es\/policies\/technologies\/cookies\/\" target=\"_new\" rel=\"noopener\" data-start=\"1956\" data-end=\"2016\">https:\/\/www.google.es\/intl\/es\/policies\/technologies\/cookies\/<\/a><\/p><\/li><li class=\"\" data-start=\"2019\" data-end=\"2077\"><p class=\"\" data-start=\"2021\" data-end=\"2077\">LinkedIn: <a class=\"\" href=\"http:\/\/www.linkedin.com\/legal\/privacy-policy\" target=\"_new\" rel=\"noopener\" data-start=\"2031\" data-end=\"2075\">http:\/\/www.linkedin.com\/legal\/privacy-policy<\/a><\/p><\/li><li class=\"\" data-start=\"2078\" data-end=\"2156\"><p class=\"\" data-start=\"2080\" data-end=\"2156\">TikTok: <a class=\"\" href=\"https:\/\/www.tiktok.com\/legal\/tiktok-website-cookies-policy?lang=es\" target=\"_new\" rel=\"noopener\" data-start=\"2088\" data-end=\"2154\">https:\/\/www.tiktok.com\/legal\/tiktok-website-cookies-policy?lang=es<\/a><\/p><\/li><li class=\"\" data-start=\"2157\" data-end=\"2212\"><p class=\"\" data-start=\"2159\" data-end=\"2212\">Instagram: <a class=\"\" href=\"https:\/\/www.facebook.com\/policies\/cookies\/\" target=\"_new\" rel=\"noopener\" data-start=\"2170\" data-end=\"2212\">https:\/\/www.facebook.com\/policies\/cookies\/<\/a><\/p><\/li><\/ul><hr class=\"\" data-start=\"2214\" data-end=\"2217\" \/><h3 class=\"\" data-start=\"2219\" data-end=\"2259\">ACEPTACI\u00d3N DE LA POL\u00cdTICA DE COOKIES<\/h3><p class=\"\" data-start=\"2261\" data-end=\"2388\">Este sitio muestra informaci\u00f3n sobre su uso de cookies en la parte inferior de cada p\u00e1gina en la primera visita de cada sesi\u00f3n.<\/p><p class=\"\" data-start=\"2390\" data-end=\"2409\">El usuario puede:<\/p><ul data-start=\"2410\" data-end=\"2546\"><li class=\"\" data-start=\"2410\" data-end=\"2465\"><p class=\"\" data-start=\"2412\" data-end=\"2465\"><strong data-start=\"2412\" data-end=\"2435\">Aceptar las cookies<\/strong>, continuando la navegaci\u00f3n.<\/p><\/li><li class=\"\" data-start=\"2466\" data-end=\"2546\"><p class=\"\" data-start=\"2468\" data-end=\"2546\"><strong data-start=\"2468\" data-end=\"2512\">Modificar la configuraci\u00f3n del navegador<\/strong> para bloquearlas o restringirlas.<\/p><\/li><\/ul><hr class=\"\" data-start=\"2548\" data-end=\"2551\" \/><h3 class=\"\" data-start=\"2553\" data-end=\"2603\">C\u00d3MO MODIFICAR LA CONFIGURACI\u00d3N DE LAS COOKIES<\/h3><p class=\"\" data-start=\"2605\" data-end=\"2726\">El usuario puede cambiar o revocar su consentimiento desde la configuraci\u00f3n de su navegador. Aqu\u00ed algunos enlaces \u00fatiles:<\/p><ul data-start=\"2728\" data-end=\"3288\"><li class=\"\" data-start=\"2728\" data-end=\"2849\"><p class=\"\" data-start=\"2730\" data-end=\"2849\"><strong data-start=\"2730\" data-end=\"2751\">Internet Explorer<\/strong>: <a class=\"\" href=\"https:\/\/support.microsoft.com\/es-es\/help\/17442\/windows-internet-explorer-delete-manage-cookies\" target=\"_new\" rel=\"noopener\" data-start=\"2753\" data-end=\"2847\">https:\/\/support.microsoft.com\/es-es\/help\/17442\/windows-internet-explorer-delete-manage-cookies<\/a><\/p><\/li><li class=\"\" data-start=\"2850\" data-end=\"2963\"><p class=\"\" data-start=\"2852\" data-end=\"2963\"><strong data-start=\"2852\" data-end=\"2870\">Microsoft Edge<\/strong>: <a class=\"\" href=\"https:\/\/support.microsoft.com\/es-es\/help\/10607\/microsoft-edge-view-delete-browser-history\" target=\"_new\" rel=\"noopener\" data-start=\"2872\" data-end=\"2961\">https:\/\/support.microsoft.com\/es-es\/help\/10607\/microsoft-edge-view-delete-browser-history<\/a><\/p><\/li><li class=\"\" data-start=\"2964\" data-end=\"3031\"><p class=\"\" data-start=\"2966\" data-end=\"3031\"><strong data-start=\"2966\" data-end=\"2977\">Firefox<\/strong>: <a class=\"\" href=\"https:\/\/support.mozilla.org\/es\/kb\/Borrar%20cookies\" target=\"_new\" rel=\"noopener\" data-start=\"2979\" data-end=\"3029\">https:\/\/support.mozilla.org\/es\/kb\/Borrar%20cookies<\/a><\/p><\/li><li class=\"\" data-start=\"3032\" data-end=\"3100\"><p class=\"\" data-start=\"3034\" data-end=\"3100\"><strong data-start=\"3034\" data-end=\"3044\">Chrome<\/strong>: <a class=\"\" href=\"https:\/\/support.google.com\/chrome\/answer\/95647?hl=es\" target=\"_new\" rel=\"noopener\" data-start=\"3046\" data-end=\"3098\">https:\/\/support.google.com\/chrome\/answer\/95647?hl=es<\/a><\/p><\/li><li class=\"\" data-start=\"3101\" data-end=\"3165\"><p class=\"\" data-start=\"3103\" data-end=\"3165\"><strong data-start=\"3103\" data-end=\"3113\">Safari<\/strong>: <a class=\"\" href=\"https:\/\/www.apple.com\/es\/privacy\/use-of-cookies\/\" target=\"_new\" rel=\"noopener\" data-start=\"3115\" data-end=\"3163\">https:\/\/www.apple.com\/es\/privacy\/use-of-cookies\/<\/a><\/p><\/li><li class=\"\" data-start=\"3166\" data-end=\"3238\"><p class=\"\" data-start=\"3168\" data-end=\"3238\"><strong data-start=\"3168\" data-end=\"3177\">Opera<\/strong>: <a class=\"\" href=\"https:\/\/help.opera.com\/en\/latest\/web-preferences\/#cookies\" target=\"_new\" rel=\"noopener\" data-start=\"3179\" data-end=\"3236\">https:\/\/help.opera.com\/en\/latest\/web-preferences\/#cookies<\/a><\/p><\/li><li class=\"\" data-start=\"3239\" data-end=\"3288\"><p class=\"\" data-start=\"3241\" data-end=\"3288\"><strong data-start=\"3241\" data-end=\"3252\">Android<\/strong>: Ajustes del navegador \u2192 Privacidad<\/p><\/li><\/ul><p class=\"\" data-start=\"3290\" data-end=\"3398\">Para inhabilitar cookies de terceros (Google Analytics, YouTube, etc.), puede usar complementos espec\u00edficos.<\/p><hr class=\"\" data-start=\"3400\" data-end=\"3403\" \/><h3 class=\"\" data-start=\"3405\" data-end=\"3429\">COOKIES DE reCAPTCHA<\/h3><p class=\"\" data-start=\"3431\" data-end=\"3637\">Este sitio utiliza <strong data-start=\"3450\" data-end=\"3470\">Google reCAPTCHA<\/strong> para evitar env\u00edos automatizados. Esta herramienta emplea cookies y est\u00e1 sujeta a la pol\u00edtica de cookies de Google:<br data-start=\"3586\" data-end=\"3589\" \/><a class=\"\" href=\"https:\/\/policies.google.com\/technologies\/cookies\" target=\"_new\" rel=\"noopener\" data-start=\"3589\" data-end=\"3637\">https:\/\/policies.google.com\/technologies\/cookies<\/a><\/p><hr class=\"\" data-start=\"3639\" data-end=\"3642\" \/><h3 class=\"\" data-start=\"3644\" data-end=\"3667\">GESTORES DE COOKIES<\/h3><p class=\"\" data-start=\"3669\" data-end=\"3739\">Tambi\u00e9n puede gestionar el uso de cookies mediante estas herramientas:<\/p><ul data-start=\"3741\" data-end=\"3991\"><li class=\"\" data-start=\"3741\" data-end=\"3779\"><p class=\"\" data-start=\"3743\" data-end=\"3779\">Ghostery: <a class=\"\" href=\"https:\/\/www.ghostery.com\" target=\"_new\" rel=\"noopener\" data-start=\"3753\" data-end=\"3777\">https:\/\/www.ghostery.com<\/a><\/p><\/li><li class=\"\" data-start=\"3780\" data-end=\"3842\"><p class=\"\" data-start=\"3782\" data-end=\"3842\">Your Online Choices: <a class=\"\" href=\"https:\/\/www.youronlinechoices.com\/es\/\" target=\"_new\" rel=\"noopener\" data-start=\"3803\" data-end=\"3840\">https:\/\/www.youronlinechoices.com\/es\/<\/a><\/p><\/li><li class=\"\" data-start=\"3843\" data-end=\"3897\"><p class=\"\" data-start=\"3845\" data-end=\"3897\">All About Cookies: <a class=\"\" href=\"https:\/\/www.allaboutcookies.org\" target=\"_new\" rel=\"noopener\" data-start=\"3864\" data-end=\"3895\">https:\/\/www.allaboutcookies.org<\/a><\/p><\/li><li class=\"\" data-start=\"3898\" data-end=\"3939\"><p class=\"\" data-start=\"3900\" data-end=\"3939\">Disconnect.me: <a class=\"\" href=\"https:\/\/disconnect.me\/\" target=\"_new\" rel=\"noopener\" data-start=\"3915\" data-end=\"3937\">https:\/\/disconnect.me\/<\/a><\/p><\/li><li class=\"\" data-start=\"3940\" data-end=\"3991\"><p class=\"\" data-start=\"3942\" data-end=\"3991\">Aboutads.info: <a class=\"\" href=\"https:\/\/www.aboutads.info\/choices\/\" target=\"_new\" rel=\"noopener\" data-start=\"3957\" data-end=\"3991\">https:\/\/www.aboutads.info\/choices\/<\/a><\/p><\/li><\/ul><p class=\"\" data-start=\"3993\" data-end=\"4143\">Para configurar la privacidad en dispositivos, redes sociales y navegadores, consulte:<br data-start=\"4079\" data-end=\"4082\" \/><a class=\"\" href=\"https:\/\/www.aepd.es\/areas\/internet\/protege-tu-privacidad.html\" target=\"_new\" rel=\"noopener\" data-start=\"4082\" data-end=\"4143\">https:\/\/www.aepd.es\/areas\/internet\/protege-tu-privacidad.html<\/a><\/p>\t\t\t\t\t\t\t\t<\/div>\n\t\t\t\t<\/div>\n\t\t\t\t\t<\/div>\n\t\t\t\t<\/div>\n\t\t\t\t<\/div>\n\t\t","protected":false},"excerpt":{"rendered":"<p>Cookies En cumplimiento con lo establecido en la Ley 34\/2002, de 11 de julio, de Servicios de la Sociedad de la Informaci\u00f3n y del Comercio Electr\u00f3nico (LSSICE), se informa de los siguientes aspectos legales: PROPIEDAD DEL SITIO WEB Responsable: DULCE COLOR\u00cdN SOCIEDAD LIMITADA Nombre comercial: Dulce Color\u00edn CIF: B72508559 Direcci\u00f3n: Avenida de Meanes, 4, 12132 [&hellip;]<\/p>\n","protected":false},"author":1,"featured_media":0,"parent":0,"menu_order":0,"comment_status":"closed","ping_status":"closed","template":"","meta":{"footnotes":""},"class_list":["post-6310","page","type-page","status-publish","hentry"],"_links":{"self":[{"href":"http:\/\/lezamaasesores.com\/colorin\/wp-json\/wp\/v2\/pages\/6310","targetHints":{"allow":["GET"]}}],"collection":[{"href":"http:\/\/lezamaasesores.com\/colorin\/wp-json\/wp\/v2\/pages"}],"about":[{"href":"http:\/\/lezamaasesores.com\/colorin\/wp-json\/wp\/v2\/types\/page"}],"author":[{"embeddable":true,"href":"http:\/\/lezamaasesores.com\/colorin\/wp-json\/wp\/v2\/users\/1"}],"replies":[{"embeddable":true,"href":"http:\/\/lezamaasesores.com\/colorin\/wp-json\/wp\/v2\/comments?post=6310"}],"version-history":[{"count":4,"href":"http:\/\/lezamaasesores.com\/colorin\/wp-json\/wp\/v2\/pages\/6310\/revisions"}],"predecessor-version":[{"id":6315,"href":"http:\/\/lezamaasesores.com\/colorin\/wp-json\/wp\/v2\/pages\/6310\/revisions\/6315"}],"wp:attachment":[{"href":"http:\/\/lezamaasesores.com\/colorin\/wp-json\/wp\/v2\/media?parent=6310"}],"curies":[{"name":"wp","href":"https:\/\/api.w.org\/{rel}","templated":true}]}}